{"id":871,"date":"2021-08-31T11:22:29","date_gmt":"2021-08-31T11:22:29","guid":{"rendered":"https:\/\/testing.vallonchene.fr\/produit\/picea-pungens-baby-blue-eyes\/"},"modified":"2025-01-13T02:24:55","modified_gmt":"2025-01-13T01:24:55","slug":"picea-pungens-baby-blue-eyes","status":"publish","type":"product","link":"https:\/\/www.vallonchene.fr\/es\/producto\/picea-pungens-baby-blue-eyes\/","title":{"rendered":"PICEA pungens &#8216;Baby Blue Eyes&#8217;"},"content":{"rendered":"","protected":false},"excerpt":{"rendered":"<p>Ce <strong>sapin bleu<\/strong> pousse en forme c\u00f4nique. Le feuillage du <strong>PICEA pungens &#8216;Baby Blue Eyes&#8217;<\/strong> est dense. Il est parfaitement rustique et d\u00e9veloppe de jolis c\u00f4nes roses au printemps. Il est adapt\u00e9 aux petits jardins grace \u00e0 sa croissance lente.<\/p>\n","protected":false},"featured_media":868,"comment_status":"open","ping_status":"closed","template":"","meta":[],"product_brand":[],"product_cat":[254],"product_tag":[862,853,668,850,861,863],"class_list":{"0":"post-871","1":"product","2":"type-product","3":"status-publish","4":"has-post-thumbnail","6":"product_cat-coniferes","7":"product_tag-baby-blue-eyes","8":"product_tag-epicea-bleu","9":"product_tag-picea","10":"product_tag-picea-pungens","11":"product_tag-picea-pungens-baby-blue-eyes","12":"product_tag-sapin-bleu","13":"pa_99-hauteurapproximativeapres1-2a3m","14":"pa_couleurdesfruits-rose","15":"pa_couleurdufeuillage-bleu","16":"pa_exigencesenhumidite-fraisahumide","17":"pa_exigencesenhumidite-moyen","18":"pa_exigencesenhumidite-sec","19":"pa_expositionspossibles-pleinsoleilde12ha17hmin","20":"pa_hauteurlivree-50-a-60-cm","21":"pa_hauteurlivree-60-a-80-cm","22":"pa_interetauprintemps-cones","23":"pa_interetauprintemps-feuillage","24":"pa_interetauprintemps-graphismeforme","25":"pa_interetauprintemps-jeunespousses","26":"pa_interetenautomne-feuillage","27":"pa_interetenautomne-graphismeforme","28":"pa_interetenete-cones","29":"pa_interetenete-feuillage","30":"pa_interetenete-graphismeforme","31":"pa_interetenhiver-feuillage","32":"pa_interetenhiver-graphismeforme","33":"pa_naturedufeuillage-persistant","34":"pa_naturesdesolpossibles-leger","35":"pa_naturesdesolpossibles-lourd","36":"pa_naturesdesolpossibles-normal","37":"pa_particularites-graphismeforme","38":"pa_periodedetaille-mars","39":"pa_phdusolacceptable-acidemoinsde65","40":"pa_phdusolacceptable-calcaireplusde75","41":"pa_phdusolacceptable-neutreentre65et75","42":"pa_portgraphisme-conique","43":"pa_resistanceaufroidrusticite-resistant-en-dessous-de-moins-20-degree-c","44":"pa_tailledepot-pot-de-10-litres","45":"pa_utilisationpossible-bacoupot","46":"pa_utilisationpossible-isole","47":"pa_utilisationpossible-massif","49":"first","50":"outofstock","51":"taxable","52":"shipping-taxable","53":"purchasable","54":"product-type-variable","55":"has-default-attributes"},"supplier_id":null,"supplier_sku":"","barcode":null,"atum_controlled":true,"out_stock_date":null,"out_stock_threshold":null,"inheritable":false,"inbound_stock":0,"stock_on_hold":0,"sold_today":0,"sales_last_days":0,"reserved_stock":0,"customer_returns":0,"warehouse_damage":0,"lost_in_post":0,"other_logs":0,"out_stock_days":null,"lost_sales":0,"has_location":false,"update_date":"2025-01-19T14:56:31","atum_locations":[],"atum_stock_status":"instock","restock_status":false,"low_stock_amount":"","sales_update_date":"2024-09-15T13:47:27","calc_backorders":null,"yoast_head":"<!-- This site is optimized with the Yoast SEO Premium plugin v27.5 (Yoast SEO v27.5) - https:\/\/yoast.com\/product\/yoast-seo-premium-wordpress\/ -->\n<title>PICEA pungens &#039;Baby Blue Eyes&#039; - sapin bleu<\/title>\n<meta name=\"description\" content=\"Ce sapin bleu pousse en forme c\u00f4nique. Le feuillage du PICEA pungens &#039;Baby Blue Eyes&#039; est dense. Il est parfaitement rustique et d\u00e9veloppe de jolis c\u00f4nes roses au printemps. Il est adapt\u00e9 aux petits...\" \/>\n<meta name=\"robots\" content=\"index, follow, max-snippet:-1, max-image-preview:large, max-video-preview:-1\" \/>\n<link rel=\"canonical\" href=\"https:\/\/www.vallonchene.fr\/es\/producto\/picea-pungens-baby-blue-eyes\/\" \/>\n<meta property=\"og:locale\" content=\"es_ES\" \/>\n<meta property=\"og:type\" content=\"article\" \/>\n<meta property=\"og:title\" content=\"PICEA pungens &#039;Baby Blue Eyes&#039;\" \/>\n<meta property=\"og:description\" content=\"Ce sapin bleu pousse en forme c\u00f4nique. Le feuillage du PICEA pungens &#039;Baby Blue Eyes&#039; est dense. Il est parfaitement rustique et d\u00e9veloppe de jolis c\u00f4nes roses au printemps. Il est adapt\u00e9 aux petits...\" \/>\n<meta property=\"og:url\" content=\"https:\/\/www.vallonchene.fr\/es\/producto\/picea-pungens-baby-blue-eyes\/\" \/>\n<meta property=\"og:site_name\" content=\"Vallonch\u00eane\" \/>\n<meta property=\"article:publisher\" content=\"https:\/\/www.facebook.com\/vallonchene.fr\" \/>\n<meta property=\"article:modified_time\" content=\"2025-01-13T01:24:55+00:00\" \/>\n<meta property=\"og:image\" content=\"https:\/\/www.vallonchene.fr\/wp-content\/uploads\/2021\/08\/2719-d34-PICEA-pungens-Baby-Blue-Eyes-en-Novembre.jpg\" \/>\n\t<meta property=\"og:image:width\" content=\"1600\" \/>\n\t<meta property=\"og:image:height\" content=\"1600\" \/>\n\t<meta property=\"og:image:type\" content=\"image\/jpeg\" \/>\n<meta name=\"twitter:card\" content=\"summary_large_image\" \/>\n<meta name=\"twitter:label1\" content=\"Disponibilidad\" \/>\n\t<meta name=\"twitter:data1\" content=\"Agotado\" \/>\n<script type=\"application\/ld+json\" class=\"yoast-schema-graph\">{\"@context\":\"https:\\\/\\\/schema.org\",\"@graph\":[{\"@type\":\"WebPage\",\"@id\":\"https:\\\/\\\/www.vallonchene.fr\\\/es\\\/producto\\\/picea-pungens-baby-blue-eyes\\\/\",\"url\":\"https:\\\/\\\/www.vallonchene.fr\\\/es\\\/producto\\\/picea-pungens-baby-blue-eyes\\\/\",\"name\":\"PICEA pungens 'Baby Blue Eyes' - sapin bleu\",\"isPartOf\":{\"@id\":\"https:\\\/\\\/www.vallonchene.fr\\\/es\\\/#website\"},\"primaryImageOfPage\":{\"@id\":\"https:\\\/\\\/www.vallonchene.fr\\\/es\\\/producto\\\/picea-pungens-baby-blue-eyes\\\/#primaryimage\"},\"image\":{\"@id\":\"https:\\\/\\\/www.vallonchene.fr\\\/es\\\/producto\\\/picea-pungens-baby-blue-eyes\\\/#primaryimage\"},\"thumbnailUrl\":\"https:\\\/\\\/www.vallonchene.fr\\\/wp-content\\\/uploads\\\/2021\\\/08\\\/2719-d34-PICEA-pungens-Baby-Blue-Eyes-en-Novembre.jpg\",\"datePublished\":\"2021-08-31T11:22:29+00:00\",\"dateModified\":\"2025-01-13T01:24:55+00:00\",\"description\":\"Ce sapin bleu pousse en forme c\u00f4nique. Le feuillage du PICEA pungens 'Baby Blue Eyes' est dense. Il est parfaitement rustique et d\u00e9veloppe de jolis c\u00f4nes roses au printemps. Il est adapt\u00e9 aux petits...\",\"breadcrumb\":{\"@id\":\"https:\\\/\\\/www.vallonchene.fr\\\/es\\\/producto\\\/picea-pungens-baby-blue-eyes\\\/#breadcrumb\"},\"inLanguage\":\"es\",\"potentialAction\":[{\"@type\":\"ReadAction\",\"target\":[\"https:\\\/\\\/www.vallonchene.fr\\\/es\\\/producto\\\/picea-pungens-baby-blue-eyes\\\/\"]}]},{\"@type\":\"ImageObject\",\"inLanguage\":\"es\",\"@id\":\"https:\\\/\\\/www.vallonchene.fr\\\/es\\\/producto\\\/picea-pungens-baby-blue-eyes\\\/#primaryimage\",\"url\":\"https:\\\/\\\/www.vallonchene.fr\\\/wp-content\\\/uploads\\\/2021\\\/08\\\/2719-d34-PICEA-pungens-Baby-Blue-Eyes-en-Novembre.jpg\",\"contentUrl\":\"https:\\\/\\\/www.vallonchene.fr\\\/wp-content\\\/uploads\\\/2021\\\/08\\\/2719-d34-PICEA-pungens-Baby-Blue-Eyes-en-Novembre.jpg\",\"width\":1600,\"height\":1600,\"caption\":\"PICEA pungens 'Baby Blue Eyes' en Novembre\"},{\"@type\":\"BreadcrumbList\",\"@id\":\"https:\\\/\\\/www.vallonchene.fr\\\/es\\\/producto\\\/picea-pungens-baby-blue-eyes\\\/#breadcrumb\",\"itemListElement\":[{\"@type\":\"ListItem\",\"position\":1,\"name\":\"Home\",\"item\":\"https:\\\/\\\/www.vallonchene.fr\\\/es\\\/\"},{\"@type\":\"ListItem\",\"position\":2,\"name\":\"Tienda\",\"item\":\"https:\\\/\\\/www.vallonchene.fr\\\/tienda\\\/\"},{\"@type\":\"ListItem\",\"position\":3,\"name\":\"Venta en linea\",\"item\":\"https:\\\/\\\/www.vallonchene.fr\\\/es\\\/categoria-producto\\\/venta-en-linea\\\/\"},{\"@type\":\"ListItem\",\"position\":4,\"name\":\"Vivero\",\"item\":\"https:\\\/\\\/www.vallonchene.fr\\\/es\\\/categoria-producto\\\/venta-en-linea\\\/vivero\\\/\"},{\"@type\":\"ListItem\",\"position\":5,\"name\":\"Coniferas\",\"item\":\"https:\\\/\\\/www.vallonchene.fr\\\/es\\\/categoria-producto\\\/venta-en-linea\\\/vivero\\\/coniferas\\\/\"},{\"@type\":\"ListItem\",\"position\":6,\"name\":\"PICEA pungens &#8216;Baby Blue Eyes&#8217;\"}]},{\"@type\":\"WebSite\",\"@id\":\"https:\\\/\\\/www.vallonchene.fr\\\/es\\\/#website\",\"url\":\"https:\\\/\\\/www.vallonchene.fr\\\/es\\\/\",\"name\":\"Vallonch\u00eane\",\"description\":\"El vivero donde la calidad tiene sus ra\u00edces \u2013 Tel.: +33 (0)2.35.90.02.02\",\"publisher\":{\"@id\":\"https:\\\/\\\/www.vallonchene.fr\\\/es\\\/#organization\"},\"potentialAction\":[{\"@type\":\"SearchAction\",\"target\":{\"@type\":\"EntryPoint\",\"urlTemplate\":\"https:\\\/\\\/www.vallonchene.fr\\\/es\\\/?s={search_term_string}\"},\"query-input\":{\"@type\":\"PropertyValueSpecification\",\"valueRequired\":true,\"valueName\":\"search_term_string\"}}],\"inLanguage\":\"es\"},{\"@type\":\"Organization\",\"@id\":\"https:\\\/\\\/www.vallonchene.fr\\\/es\\\/#organization\",\"name\":\"VALLONCHENE\",\"url\":\"https:\\\/\\\/www.vallonchene.fr\\\/es\\\/\",\"logo\":{\"@type\":\"ImageObject\",\"inLanguage\":\"es\",\"@id\":\"https:\\\/\\\/www.vallonchene.fr\\\/es\\\/#\\\/schema\\\/logo\\\/image\\\/\",\"url\":\"https:\\\/\\\/www.vallonchene.fr\\\/wp-content\\\/uploads\\\/2023\\\/03\\\/Logo-Vallonchene-site-et-R_hauteur_100.png\",\"contentUrl\":\"https:\\\/\\\/www.vallonchene.fr\\\/wp-content\\\/uploads\\\/2023\\\/03\\\/Logo-Vallonchene-site-et-R_hauteur_100.png\",\"width\":221,\"height\":100,\"caption\":\"VALLONCHENE\"},\"image\":{\"@id\":\"https:\\\/\\\/www.vallonchene.fr\\\/es\\\/#\\\/schema\\\/logo\\\/image\\\/\"},\"sameAs\":[\"https:\\\/\\\/www.facebook.com\\\/vallonchene.fr\",\"https:\\\/\\\/www.instagram.com\\\/vallonchene\\\/\",\"https:\\\/\\\/www.pinterest.fr\\\/vallonchene\\\/\"],\"taxID\":\"49454502300017\",\"hasMerchantReturnPolicy\":{\"@type\":\"MerchantReturnPolicy\",\"merchantReturnLink\":\"https:\\\/\\\/www.vallonchene.fr\\\/remboursements_retours\\\/\"}}]}<\/script>\n<meta property=\"og:availability\" content=\"out of stock\" \/>\n<meta property=\"product:availability\" content=\"out of stock\" \/>\n<meta property=\"product:retailer_item_id\" content=\"23178\" \/>\n<meta property=\"product:condition\" content=\"new\" \/>\n<!-- \/ Yoast SEO Premium plugin. -->","yoast_head_json":{"title":"PICEA pungens 'Baby Blue Eyes' - sapin bleu","description":"Ce sapin bleu pousse en forme c\u00f4nique. Le feuillage du PICEA pungens 'Baby Blue Eyes' est dense. Il est parfaitement rustique et d\u00e9veloppe de jolis c\u00f4nes roses au printemps. Il est adapt\u00e9 aux petits...","robots":{"index":"index","follow":"follow","max-snippet":"max-snippet:-1","max-image-preview":"max-image-preview:large","max-video-preview":"max-video-preview:-1"},"canonical":"https:\/\/www.vallonchene.fr\/es\/producto\/picea-pungens-baby-blue-eyes\/","og_locale":"es_ES","og_type":"article","og_title":"PICEA pungens 'Baby Blue Eyes'","og_description":"Ce sapin bleu pousse en forme c\u00f4nique. Le feuillage du PICEA pungens 'Baby Blue Eyes' est dense. Il est parfaitement rustique et d\u00e9veloppe de jolis c\u00f4nes roses au printemps. Il est adapt\u00e9 aux petits...","og_url":"https:\/\/www.vallonchene.fr\/es\/producto\/picea-pungens-baby-blue-eyes\/","og_site_name":"Vallonch\u00eane","article_publisher":"https:\/\/www.facebook.com\/vallonchene.fr","article_modified_time":"2025-01-13T01:24:55+00:00","og_image":[{"width":1600,"height":1600,"url":"https:\/\/www.vallonchene.fr\/wp-content\/uploads\/2021\/08\/2719-d34-PICEA-pungens-Baby-Blue-Eyes-en-Novembre.jpg","type":"image\/jpeg"}],"twitter_card":"summary_large_image","twitter_misc":{"Disponibilidad":"Agotado"},"schema":{"@context":"https:\/\/schema.org","@graph":[{"@type":"WebPage","@id":"https:\/\/www.vallonchene.fr\/es\/producto\/picea-pungens-baby-blue-eyes\/","url":"https:\/\/www.vallonchene.fr\/es\/producto\/picea-pungens-baby-blue-eyes\/","name":"PICEA pungens 'Baby Blue Eyes' - sapin bleu","isPartOf":{"@id":"https:\/\/www.vallonchene.fr\/es\/#website"},"primaryImageOfPage":{"@id":"https:\/\/www.vallonchene.fr\/es\/producto\/picea-pungens-baby-blue-eyes\/#primaryimage"},"image":{"@id":"https:\/\/www.vallonchene.fr\/es\/producto\/picea-pungens-baby-blue-eyes\/#primaryimage"},"thumbnailUrl":"https:\/\/www.vallonchene.fr\/wp-content\/uploads\/2021\/08\/2719-d34-PICEA-pungens-Baby-Blue-Eyes-en-Novembre.jpg","datePublished":"2021-08-31T11:22:29+00:00","dateModified":"2025-01-13T01:24:55+00:00","description":"Ce sapin bleu pousse en forme c\u00f4nique. Le feuillage du PICEA pungens 'Baby Blue Eyes' est dense. Il est parfaitement rustique et d\u00e9veloppe de jolis c\u00f4nes roses au printemps. Il est adapt\u00e9 aux petits...","breadcrumb":{"@id":"https:\/\/www.vallonchene.fr\/es\/producto\/picea-pungens-baby-blue-eyes\/#breadcrumb"},"inLanguage":"es","potentialAction":[{"@type":"ReadAction","target":["https:\/\/www.vallonchene.fr\/es\/producto\/picea-pungens-baby-blue-eyes\/"]}]},{"@type":"ImageObject","inLanguage":"es","@id":"https:\/\/www.vallonchene.fr\/es\/producto\/picea-pungens-baby-blue-eyes\/#primaryimage","url":"https:\/\/www.vallonchene.fr\/wp-content\/uploads\/2021\/08\/2719-d34-PICEA-pungens-Baby-Blue-Eyes-en-Novembre.jpg","contentUrl":"https:\/\/www.vallonchene.fr\/wp-content\/uploads\/2021\/08\/2719-d34-PICEA-pungens-Baby-Blue-Eyes-en-Novembre.jpg","width":1600,"height":1600,"caption":"PICEA pungens 'Baby Blue Eyes' en Novembre"},{"@type":"BreadcrumbList","@id":"https:\/\/www.vallonchene.fr\/es\/producto\/picea-pungens-baby-blue-eyes\/#breadcrumb","itemListElement":[{"@type":"ListItem","position":1,"name":"Home","item":"https:\/\/www.vallonchene.fr\/es\/"},{"@type":"ListItem","position":2,"name":"Tienda","item":"https:\/\/www.vallonchene.fr\/tienda\/"},{"@type":"ListItem","position":3,"name":"Venta en linea","item":"https:\/\/www.vallonchene.fr\/es\/categoria-producto\/venta-en-linea\/"},{"@type":"ListItem","position":4,"name":"Vivero","item":"https:\/\/www.vallonchene.fr\/es\/categoria-producto\/venta-en-linea\/vivero\/"},{"@type":"ListItem","position":5,"name":"Coniferas","item":"https:\/\/www.vallonchene.fr\/es\/categoria-producto\/venta-en-linea\/vivero\/coniferas\/"},{"@type":"ListItem","position":6,"name":"PICEA pungens &#8216;Baby Blue Eyes&#8217;"}]},{"@type":"WebSite","@id":"https:\/\/www.vallonchene.fr\/es\/#website","url":"https:\/\/www.vallonchene.fr\/es\/","name":"Vallonch\u00eane","description":"El vivero donde la calidad tiene sus ra\u00edces \u2013 Tel.: +33 (0)2.35.90.02.02","publisher":{"@id":"https:\/\/www.vallonchene.fr\/es\/#organization"},"potentialAction":[{"@type":"SearchAction","target":{"@type":"EntryPoint","urlTemplate":"https:\/\/www.vallonchene.fr\/es\/?s={search_term_string}"},"query-input":{"@type":"PropertyValueSpecification","valueRequired":true,"valueName":"search_term_string"}}],"inLanguage":"es"},{"@type":"Organization","@id":"https:\/\/www.vallonchene.fr\/es\/#organization","name":"VALLONCHENE","url":"https:\/\/www.vallonchene.fr\/es\/","logo":{"@type":"ImageObject","inLanguage":"es","@id":"https:\/\/www.vallonchene.fr\/es\/#\/schema\/logo\/image\/","url":"https:\/\/www.vallonchene.fr\/wp-content\/uploads\/2023\/03\/Logo-Vallonchene-site-et-R_hauteur_100.png","contentUrl":"https:\/\/www.vallonchene.fr\/wp-content\/uploads\/2023\/03\/Logo-Vallonchene-site-et-R_hauteur_100.png","width":221,"height":100,"caption":"VALLONCHENE"},"image":{"@id":"https:\/\/www.vallonchene.fr\/es\/#\/schema\/logo\/image\/"},"sameAs":["https:\/\/www.facebook.com\/vallonchene.fr","https:\/\/www.instagram.com\/vallonchene\/","https:\/\/www.pinterest.fr\/vallonchene\/"],"taxID":"49454502300017","hasMerchantReturnPolicy":{"@type":"MerchantReturnPolicy","merchantReturnLink":"https:\/\/www.vallonchene.fr\/remboursements_retours\/"}}]},"og_availability":"out of stock","product_availability":"out of stock","product_retailer_item_id":"23178","product_condition":"new"},"_links":{"self":[{"href":"https:\/\/www.vallonchene.fr\/es\/wp-json\/wp\/v2\/product\/871","targetHints":{"allow":["GET"]}}],"collection":[{"href":"https:\/\/www.vallonchene.fr\/es\/wp-json\/wp\/v2\/product"}],"about":[{"href":"https:\/\/www.vallonchene.fr\/es\/wp-json\/wp\/v2\/types\/product"}],"replies":[{"embeddable":true,"href":"https:\/\/www.vallonchene.fr\/es\/wp-json\/wp\/v2\/comments?post=871"}],"wp:featuredmedia":[{"embeddable":true,"href":"https:\/\/www.vallonchene.fr\/es\/wp-json\/wp\/v2\/media\/868"}],"wp:attachment":[{"href":"https:\/\/www.vallonchene.fr\/es\/wp-json\/wp\/v2\/media?parent=871"}],"wp:term":[{"taxonomy":"product_brand","embeddable":true,"href":"https:\/\/www.vallonchene.fr\/es\/wp-json\/wp\/v2\/product_brand?post=871"},{"taxonomy":"product_cat","embeddable":true,"href":"https:\/\/www.vallonchene.fr\/es\/wp-json\/wp\/v2\/product_cat?post=871"},{"taxonomy":"product_tag","embeddable":true,"href":"https:\/\/www.vallonchene.fr\/es\/wp-json\/wp\/v2\/product_tag?post=871"}],"curies":[{"name":"wp","href":"https:\/\/api.w.org\/{rel}","templated":true}]}}