{"id":853,"date":"2021-08-31T11:22:53","date_gmt":"2021-08-31T11:22:53","guid":{"rendered":"https:\/\/testing.vallonchene.fr\/produit\/picea-pungens-maigold\/"},"modified":"2024-09-26T15:08:26","modified_gmt":"2024-09-26T15:08:26","slug":"picea-pungens-maigold","status":"publish","type":"product","link":"https:\/\/www.vallonchene.fr\/es\/producto\/picea-pungens-maigold\/","title":{"rendered":"PICEA pungens &#8216;Maigold&#8217;"},"content":{"rendered":"<p>Le <strong>PICEA pungens \u2018Maigold\u2019<\/strong> est \u00e0 lui seul un conif\u00e8re vraiment pas banal. En effet, durant environ deux mois, les <strong>nouvelles pousses<\/strong> de cet <strong>\u00e9pic\u00e9a du Colorado<\/strong> sont tout <strong>d\u2019abord blanches pour devenir jaunes<\/strong>.<br \/>\nComme son nom l\u2019indique, cette magie op\u00e8re en mai pour nous garantir un spectacle remarquable. Ensuite, ses nouvelles pousses prennent une couleur verte\/bleue jusqu\u2019\u00e0 l\u2019ann\u00e9e suivante.<br \/>\nSa <strong>forme conique<\/strong> et sa <strong>croissance mod\u00e9r\u00e9e<\/strong> (approximativement 2,50 m de hauteur apr\u00e8s 10 ans) font de lui une plante parfaitement adapt\u00e9e pour les petits jardins.<br \/>\nTel beaucoup d\u2019autres conif\u00e8res, celui-ci <strong>r\u00e9siste \u00e9galement \u00e0 la s\u00e9cheresse<\/strong> (apr\u00e8s deux ann\u00e9es de plantation).<\/p>\n<p>Pour voir tous les PICEA pungens actuellement disponibles \u00e0 la vente, <strong><a href=\"https:\/\/www.vallonchene.fr\/?s=picea%20pungens&amp;post_type=product&amp;dgwt_wcas=1&amp;lang=fr&amp;filter_stock_status=instock\" target=\"_blank\" rel=\"noopener\">merci de cliquer ici<\/a><\/strong>.<\/p>\n<h2>Comment faire pousser le PICEA pungens &#8216;Maigold&#8217;<\/h2>\n<p>Trouvez-lui <strong>une place \u00e0 mi-ombre ou en plein soleil<\/strong> (il sera alors plus bleu). Vous pouvez le planter en <strong>bac<\/strong> (<strong>pot<\/strong>), en <strong>massif<\/strong> ou en <strong>isol\u00e9<\/strong>.<br \/>\nIl tol\u00e8re <strong>tout pH<\/strong> et des <strong>sols humides, l\u00e9g\u00e8rement humides et secs<\/strong>. La terre peut \u00eatre <strong>l\u00e9g\u00e8re, normal ou lourde<\/strong>.<br \/>\nCet \u00e9pic\u00e9a du Colorado <strong>r\u00e9siste \u00e0 des temp\u00e9ratures en dessous de \u221220\u00b0 C<\/strong> sans difficult\u00e9s.<\/p>\n<p>Pour plus d\u2019informations sur la bonne pr\u00e9paration du trou de plantation d\u2019un arbre, <a href=\"https:\/\/www.vallonchene.fr\/comment-planter-et-entretenir-des-vegetaux\/comment-planter-et-entretenir-arbres-arbustes-et-coniferes\/\"><strong>suivez nos instructions ici<\/strong><\/a>.<\/p>\n<h2>Histoire et Origine<\/h2>\n<p>Le PICEA pungens porte plusieurs noms vernaculaires tels qu\u2019<em>\u00e9pic\u00e9a du Colorado<\/em>, <em>\u00e9pic\u00e9a bleu<\/em> ou encore <em>\u00e9pinette bleue<\/em>.<\/p>\n<p>Ce conif\u00e8re est end\u00e9mique dans le nord d\u2019Am\u00e9rique et en particulier en Arizona, au Colorado, dans l\u2019Idaho, au Nouveau-Mexique, dans l\u2019Utah et le Wyoming. Il y pousse dans des endroits humides, mais bien drain\u00e9s. Par ailleurs, le Colorado en a fait son arbre d\u2019\u00e9tat.<\/p>\n<p>L\u2019esp\u00e8ce type, PICEA pungens, s\u2019est transform\u00e9e en arbre ornemental tr\u00e8s appr\u00e9ci\u00e9 avec ses aiguilles d\u2019un bleu verd\u00e2tre. On l\u2019utilise aussi comme sapin de No\u00ebl.<\/p>\n<p>Les peuples des Navajos et K\u00e9r\u00e8s employaient cet arbre non seulement pour leur m\u00e9decine traditionnelle, mais \u00e9galement comme objet c\u00e9r\u00e9monial. Des brindilles sont offertes pour porter bonheur. Autrefois, le bois \u00e9tait utilis\u00e9 pour la construction.<\/p>\n","protected":false},"excerpt":{"rendered":"<p>Cet <strong>\u00e9pic\u00e9a bleu du Colorado<\/strong> est une forme \u00e0 croissance r\u00e9duite. Le\u00a0<strong>PICEA pungens &#8216;Maigold&#8217;<\/strong> a un port \u00e9lanc\u00e9. Les pousses printani\u00e8res sont d&#8217;un blanc cr\u00e8me puis jaunes et deviennent ensuite bleu clair.<\/p>\n","protected":false},"featured_media":40838,"comment_status":"open","ping_status":"closed","template":"","meta":[],"product_brand":[],"product_cat":[11502],"product_tag":[853,851,852,855,11880,850,854],"class_list":{"0":"post-853","1":"product","2":"type-product","3":"status-publish","4":"has-post-thumbnail","6":"product_cat-coniferas","7":"product_tag-epicea-bleu","8":"product_tag-epicea-bleu-du-colorado","9":"product_tag-epinette-bleue","10":"product_tag-maigold","11":"product_tag-picea-es","12":"product_tag-picea-pungens","13":"product_tag-picea-pungens-maigold","14":"pa_99-hauteurapproximativeapres1-1-00-a-1-50-m","15":"pa_couleurdufeuillage-azul","16":"pa_exigencesenhumidite-moderadamente-humedo-a-humedo","17":"pa_exigencesenhumidite-promedio","18":"pa_exigencesenhumidite-seco","19":"pa_expositionspossibles-sombra-parcial-evitar-el-sol-de-12-a-17-horas","20":"pa_expositionspossibles-pleno-sol-de-12-a-17-min","21":"pa_hauteurlivree-100-a-125-cm","22":"pa_hauteurlivree-40-a-50-cm-es","23":"pa_hauteurlivree-50-a-60-cm-es","24":"pa_hauteurlivree-60-a-80-cm-es","25":"pa_hauteurlivree-80-a-100-cm-es","26":"pa_interetauprintemps-follaje","27":"pa_interetauprintemps-habitus","28":"pa_interetauprintemps-brotes-jovenes","29":"pa_interetenautomne-follaje","30":"pa_interetenautomne-habitus","31":"pa_interetenete-follaje","32":"pa_interetenete-habitus","33":"pa_interetenhiver-follaje","34":"pa_interetenhiver-habitus","35":"pa_naturedufeuillage-siempreverde","36":"pa_naturesdesolpossibles-ligero","37":"pa_naturesdesolpossibles-pesado","38":"pa_naturesdesolpossibles-normal-es","39":"pa_particularites-habitus","40":"pa_periodedetaille-marzo","41":"pa_phdusolacceptable-acido-menos-de-6_5","42":"pa_phdusolacceptable-calcareo-mas-de-7_5","43":"pa_phdusolacceptable-neutro-entre-6_5-y-7_5","44":"pa_portgraphisme-conico","45":"pa_resistanceaufroidrusticite-resistente-por-debajo-de-menos-20-c","46":"pa_tailledepot-maceta-de-10-litros","47":"pa_tailledepot-maceta-de-15-litros","48":"pa_tailledepot-maceta-de-7_5-litros","49":"pa_utilisationpossible-contenedor-o-olla","50":"pa_utilisationpossible-aislado","51":"pa_utilisationpossible-arriate","53":"first","54":"outofstock","55":"taxable","56":"shipping-taxable","57":"purchasable","58":"product-type-variable","59":"has-default-attributes"},"supplier_id":null,"supplier_sku":"","barcode":null,"atum_controlled":true,"out_stock_date":null,"out_stock_threshold":null,"inheritable":true,"inbound_stock":0,"stock_on_hold":0,"sold_today":0,"sales_last_days":0,"reserved_stock":0,"customer_returns":0,"warehouse_damage":0,"lost_in_post":0,"other_logs":0,"out_stock_days":0,"lost_sales":0,"has_location":false,"update_date":"2024-09-26T13:09:17","atum_locations":[],"atum_stock_status":"outofstock","restock_status":false,"low_stock_amount":"","sales_update_date":"2024-05-11T10:51:24","calc_backorders":null,"yoast_head":"<!-- This site is optimized with the Yoast SEO Premium plugin v27.5 (Yoast SEO v27.5) - https:\/\/yoast.com\/product\/yoast-seo-premium-wordpress\/ -->\n<title>PICEA pungens &#039;Maigold&#039; - \u00e9pic\u00e9a bleu<\/title>\n<meta name=\"description\" content=\"Cet \u00e9pic\u00e9a bleu du Colorado est une forme \u00e0 croissance r\u00e9duite. Le\u00a0PICEA pungens &#039;Maigold&#039; a des pousses blanc cr\u00e8me puis jaunes pour finir vertes\/bleues.\" \/>\n<meta name=\"robots\" content=\"index, follow, max-snippet:-1, max-image-preview:large, max-video-preview:-1\" \/>\n<link rel=\"canonical\" href=\"https:\/\/www.vallonchene.fr\/es\/producto\/picea-pungens-maigold\/\" \/>\n<meta property=\"og:locale\" content=\"es_ES\" \/>\n<meta property=\"og:type\" content=\"article\" \/>\n<meta property=\"og:title\" content=\"PICEA pungens &#039;Maigold&#039;\" \/>\n<meta property=\"og:description\" content=\"Cet \u00e9pic\u00e9a bleu du Colorado est une forme \u00e0 croissance r\u00e9duite. Le\u00a0PICEA pungens &#039;Maigold&#039; a des pousses blanc cr\u00e8me puis jaunes pour finir vertes\/bleues.\" \/>\n<meta property=\"og:url\" content=\"https:\/\/www.vallonchene.fr\/es\/producto\/picea-pungens-maigold\/\" \/>\n<meta property=\"og:site_name\" content=\"Vallonch\u00eane\" \/>\n<meta property=\"article:publisher\" content=\"https:\/\/www.facebook.com\/vallonchene.fr\" \/>\n<meta property=\"article:modified_time\" content=\"2024-09-26T15:08:26+00:00\" \/>\n<meta property=\"og:image\" content=\"https:\/\/www.vallonchene.fr\/wp-content\/uploads\/2023\/05\/PICEA-pungens-Maigold_01.webp\" \/>\n\t<meta property=\"og:image:width\" content=\"1000\" \/>\n\t<meta property=\"og:image:height\" content=\"1000\" \/>\n\t<meta property=\"og:image:type\" content=\"image\/webp\" \/>\n<meta name=\"twitter:card\" content=\"summary_large_image\" \/>\n<meta name=\"twitter:label1\" content=\"Disponibilidad\" \/>\n\t<meta name=\"twitter:data1\" content=\"Agotado\" \/>\n<script type=\"application\/ld+json\" class=\"yoast-schema-graph\">{\"@context\":\"https:\\\/\\\/schema.org\",\"@graph\":[{\"@type\":\"WebPage\",\"@id\":\"https:\\\/\\\/www.vallonchene.fr\\\/es\\\/producto\\\/picea-pungens-maigold\\\/\",\"url\":\"https:\\\/\\\/www.vallonchene.fr\\\/es\\\/producto\\\/picea-pungens-maigold\\\/\",\"name\":\"PICEA pungens 'Maigold' - \u00e9pic\u00e9a bleu\",\"isPartOf\":{\"@id\":\"https:\\\/\\\/www.vallonchene.fr\\\/es\\\/#website\"},\"primaryImageOfPage\":{\"@id\":\"https:\\\/\\\/www.vallonchene.fr\\\/es\\\/producto\\\/picea-pungens-maigold\\\/#primaryimage\"},\"image\":{\"@id\":\"https:\\\/\\\/www.vallonchene.fr\\\/es\\\/producto\\\/picea-pungens-maigold\\\/#primaryimage\"},\"thumbnailUrl\":\"https:\\\/\\\/www.vallonchene.fr\\\/wp-content\\\/uploads\\\/2023\\\/05\\\/PICEA-pungens-Maigold_01.webp\",\"datePublished\":\"2021-08-31T11:22:53+00:00\",\"dateModified\":\"2024-09-26T15:08:26+00:00\",\"description\":\"Cet \u00e9pic\u00e9a bleu du Colorado est une forme \u00e0 croissance r\u00e9duite. Le\u00a0PICEA pungens 'Maigold' a des pousses blanc cr\u00e8me puis jaunes pour finir vertes\\\/bleues.\",\"breadcrumb\":{\"@id\":\"https:\\\/\\\/www.vallonchene.fr\\\/es\\\/producto\\\/picea-pungens-maigold\\\/#breadcrumb\"},\"inLanguage\":\"es\",\"potentialAction\":[{\"@type\":\"ReadAction\",\"target\":[\"https:\\\/\\\/www.vallonchene.fr\\\/es\\\/producto\\\/picea-pungens-maigold\\\/\"]}]},{\"@type\":\"ImageObject\",\"inLanguage\":\"es\",\"@id\":\"https:\\\/\\\/www.vallonchene.fr\\\/es\\\/producto\\\/picea-pungens-maigold\\\/#primaryimage\",\"url\":\"https:\\\/\\\/www.vallonchene.fr\\\/wp-content\\\/uploads\\\/2023\\\/05\\\/PICEA-pungens-Maigold_01.webp\",\"contentUrl\":\"https:\\\/\\\/www.vallonchene.fr\\\/wp-content\\\/uploads\\\/2023\\\/05\\\/PICEA-pungens-Maigold_01.webp\",\"width\":1000,\"height\":1000,\"caption\":\"Un PICEA pungens 'Maigold' en toute sa splendeur avec ses pousses jaunes fin mai\"},{\"@type\":\"BreadcrumbList\",\"@id\":\"https:\\\/\\\/www.vallonchene.fr\\\/es\\\/producto\\\/picea-pungens-maigold\\\/#breadcrumb\",\"itemListElement\":[{\"@type\":\"ListItem\",\"position\":1,\"name\":\"Home\",\"item\":\"https:\\\/\\\/www.vallonchene.fr\\\/es\\\/\"},{\"@type\":\"ListItem\",\"position\":2,\"name\":\"Tienda\",\"item\":\"https:\\\/\\\/www.vallonchene.fr\\\/tienda\\\/\"},{\"@type\":\"ListItem\",\"position\":3,\"name\":\"Venta en linea\",\"item\":\"https:\\\/\\\/www.vallonchene.fr\\\/es\\\/categoria-producto\\\/venta-en-linea\\\/\"},{\"@type\":\"ListItem\",\"position\":4,\"name\":\"Vivero\",\"item\":\"https:\\\/\\\/www.vallonchene.fr\\\/es\\\/categoria-producto\\\/venta-en-linea\\\/vivero\\\/\"},{\"@type\":\"ListItem\",\"position\":5,\"name\":\"Coniferas\",\"item\":\"https:\\\/\\\/www.vallonchene.fr\\\/es\\\/categoria-producto\\\/venta-en-linea\\\/vivero\\\/coniferas\\\/\"},{\"@type\":\"ListItem\",\"position\":6,\"name\":\"PICEA pungens &#8216;Maigold&#8217;\"}]},{\"@type\":\"WebSite\",\"@id\":\"https:\\\/\\\/www.vallonchene.fr\\\/es\\\/#website\",\"url\":\"https:\\\/\\\/www.vallonchene.fr\\\/es\\\/\",\"name\":\"Vallonch\u00eane\",\"description\":\"El vivero donde la calidad tiene sus ra\u00edces \u2013 Tel.: +33 (0)2.35.90.02.02\",\"publisher\":{\"@id\":\"https:\\\/\\\/www.vallonchene.fr\\\/es\\\/#organization\"},\"potentialAction\":[{\"@type\":\"SearchAction\",\"target\":{\"@type\":\"EntryPoint\",\"urlTemplate\":\"https:\\\/\\\/www.vallonchene.fr\\\/es\\\/?s={search_term_string}\"},\"query-input\":{\"@type\":\"PropertyValueSpecification\",\"valueRequired\":true,\"valueName\":\"search_term_string\"}}],\"inLanguage\":\"es\"},{\"@type\":\"Organization\",\"@id\":\"https:\\\/\\\/www.vallonchene.fr\\\/es\\\/#organization\",\"name\":\"VALLONCHENE\",\"url\":\"https:\\\/\\\/www.vallonchene.fr\\\/es\\\/\",\"logo\":{\"@type\":\"ImageObject\",\"inLanguage\":\"es\",\"@id\":\"https:\\\/\\\/www.vallonchene.fr\\\/es\\\/#\\\/schema\\\/logo\\\/image\\\/\",\"url\":\"https:\\\/\\\/www.vallonchene.fr\\\/wp-content\\\/uploads\\\/2023\\\/03\\\/Logo-Vallonchene-site-et-R_hauteur_100.png\",\"contentUrl\":\"https:\\\/\\\/www.vallonchene.fr\\\/wp-content\\\/uploads\\\/2023\\\/03\\\/Logo-Vallonchene-site-et-R_hauteur_100.png\",\"width\":221,\"height\":100,\"caption\":\"VALLONCHENE\"},\"image\":{\"@id\":\"https:\\\/\\\/www.vallonchene.fr\\\/es\\\/#\\\/schema\\\/logo\\\/image\\\/\"},\"sameAs\":[\"https:\\\/\\\/www.facebook.com\\\/vallonchene.fr\",\"https:\\\/\\\/www.instagram.com\\\/vallonchene\\\/\",\"https:\\\/\\\/www.pinterest.fr\\\/vallonchene\\\/\"],\"taxID\":\"49454502300017\",\"hasMerchantReturnPolicy\":{\"@type\":\"MerchantReturnPolicy\",\"merchantReturnLink\":\"https:\\\/\\\/www.vallonchene.fr\\\/remboursements_retours\\\/\"}}]}<\/script>\n<meta property=\"og:availability\" content=\"out of stock\" \/>\n<meta property=\"product:availability\" content=\"out of stock\" \/>\n<meta property=\"product:retailer_item_id\" content=\"83724\" \/>\n<meta property=\"product:condition\" content=\"new\" \/>\n<!-- \/ Yoast SEO Premium plugin. -->","yoast_head_json":{"title":"PICEA pungens 'Maigold' - \u00e9pic\u00e9a bleu","description":"Cet \u00e9pic\u00e9a bleu du Colorado est une forme \u00e0 croissance r\u00e9duite. Le\u00a0PICEA pungens 'Maigold' a des pousses blanc cr\u00e8me puis jaunes pour finir vertes\/bleues.","robots":{"index":"index","follow":"follow","max-snippet":"max-snippet:-1","max-image-preview":"max-image-preview:large","max-video-preview":"max-video-preview:-1"},"canonical":"https:\/\/www.vallonchene.fr\/es\/producto\/picea-pungens-maigold\/","og_locale":"es_ES","og_type":"article","og_title":"PICEA pungens 'Maigold'","og_description":"Cet \u00e9pic\u00e9a bleu du Colorado est une forme \u00e0 croissance r\u00e9duite. Le\u00a0PICEA pungens 'Maigold' a des pousses blanc cr\u00e8me puis jaunes pour finir vertes\/bleues.","og_url":"https:\/\/www.vallonchene.fr\/es\/producto\/picea-pungens-maigold\/","og_site_name":"Vallonch\u00eane","article_publisher":"https:\/\/www.facebook.com\/vallonchene.fr","article_modified_time":"2024-09-26T15:08:26+00:00","og_image":[{"width":1000,"height":1000,"url":"https:\/\/www.vallonchene.fr\/wp-content\/uploads\/2023\/05\/PICEA-pungens-Maigold_01.webp","type":"image\/webp"}],"twitter_card":"summary_large_image","twitter_misc":{"Disponibilidad":"Agotado"},"schema":{"@context":"https:\/\/schema.org","@graph":[{"@type":"WebPage","@id":"https:\/\/www.vallonchene.fr\/es\/producto\/picea-pungens-maigold\/","url":"https:\/\/www.vallonchene.fr\/es\/producto\/picea-pungens-maigold\/","name":"PICEA pungens 'Maigold' - \u00e9pic\u00e9a bleu","isPartOf":{"@id":"https:\/\/www.vallonchene.fr\/es\/#website"},"primaryImageOfPage":{"@id":"https:\/\/www.vallonchene.fr\/es\/producto\/picea-pungens-maigold\/#primaryimage"},"image":{"@id":"https:\/\/www.vallonchene.fr\/es\/producto\/picea-pungens-maigold\/#primaryimage"},"thumbnailUrl":"https:\/\/www.vallonchene.fr\/wp-content\/uploads\/2023\/05\/PICEA-pungens-Maigold_01.webp","datePublished":"2021-08-31T11:22:53+00:00","dateModified":"2024-09-26T15:08:26+00:00","description":"Cet \u00e9pic\u00e9a bleu du Colorado est une forme \u00e0 croissance r\u00e9duite. Le\u00a0PICEA pungens 'Maigold' a des pousses blanc cr\u00e8me puis jaunes pour finir vertes\/bleues.","breadcrumb":{"@id":"https:\/\/www.vallonchene.fr\/es\/producto\/picea-pungens-maigold\/#breadcrumb"},"inLanguage":"es","potentialAction":[{"@type":"ReadAction","target":["https:\/\/www.vallonchene.fr\/es\/producto\/picea-pungens-maigold\/"]}]},{"@type":"ImageObject","inLanguage":"es","@id":"https:\/\/www.vallonchene.fr\/es\/producto\/picea-pungens-maigold\/#primaryimage","url":"https:\/\/www.vallonchene.fr\/wp-content\/uploads\/2023\/05\/PICEA-pungens-Maigold_01.webp","contentUrl":"https:\/\/www.vallonchene.fr\/wp-content\/uploads\/2023\/05\/PICEA-pungens-Maigold_01.webp","width":1000,"height":1000,"caption":"Un PICEA pungens 'Maigold' en toute sa splendeur avec ses pousses jaunes fin mai"},{"@type":"BreadcrumbList","@id":"https:\/\/www.vallonchene.fr\/es\/producto\/picea-pungens-maigold\/#breadcrumb","itemListElement":[{"@type":"ListItem","position":1,"name":"Home","item":"https:\/\/www.vallonchene.fr\/es\/"},{"@type":"ListItem","position":2,"name":"Tienda","item":"https:\/\/www.vallonchene.fr\/tienda\/"},{"@type":"ListItem","position":3,"name":"Venta en linea","item":"https:\/\/www.vallonchene.fr\/es\/categoria-producto\/venta-en-linea\/"},{"@type":"ListItem","position":4,"name":"Vivero","item":"https:\/\/www.vallonchene.fr\/es\/categoria-producto\/venta-en-linea\/vivero\/"},{"@type":"ListItem","position":5,"name":"Coniferas","item":"https:\/\/www.vallonchene.fr\/es\/categoria-producto\/venta-en-linea\/vivero\/coniferas\/"},{"@type":"ListItem","position":6,"name":"PICEA pungens &#8216;Maigold&#8217;"}]},{"@type":"WebSite","@id":"https:\/\/www.vallonchene.fr\/es\/#website","url":"https:\/\/www.vallonchene.fr\/es\/","name":"Vallonch\u00eane","description":"El vivero donde la calidad tiene sus ra\u00edces \u2013 Tel.: +33 (0)2.35.90.02.02","publisher":{"@id":"https:\/\/www.vallonchene.fr\/es\/#organization"},"potentialAction":[{"@type":"SearchAction","target":{"@type":"EntryPoint","urlTemplate":"https:\/\/www.vallonchene.fr\/es\/?s={search_term_string}"},"query-input":{"@type":"PropertyValueSpecification","valueRequired":true,"valueName":"search_term_string"}}],"inLanguage":"es"},{"@type":"Organization","@id":"https:\/\/www.vallonchene.fr\/es\/#organization","name":"VALLONCHENE","url":"https:\/\/www.vallonchene.fr\/es\/","logo":{"@type":"ImageObject","inLanguage":"es","@id":"https:\/\/www.vallonchene.fr\/es\/#\/schema\/logo\/image\/","url":"https:\/\/www.vallonchene.fr\/wp-content\/uploads\/2023\/03\/Logo-Vallonchene-site-et-R_hauteur_100.png","contentUrl":"https:\/\/www.vallonchene.fr\/wp-content\/uploads\/2023\/03\/Logo-Vallonchene-site-et-R_hauteur_100.png","width":221,"height":100,"caption":"VALLONCHENE"},"image":{"@id":"https:\/\/www.vallonchene.fr\/es\/#\/schema\/logo\/image\/"},"sameAs":["https:\/\/www.facebook.com\/vallonchene.fr","https:\/\/www.instagram.com\/vallonchene\/","https:\/\/www.pinterest.fr\/vallonchene\/"],"taxID":"49454502300017","hasMerchantReturnPolicy":{"@type":"MerchantReturnPolicy","merchantReturnLink":"https:\/\/www.vallonchene.fr\/remboursements_retours\/"}}]},"og_availability":"out of stock","product_availability":"out of stock","product_retailer_item_id":"83724","product_condition":"new"},"_links":{"self":[{"href":"https:\/\/www.vallonchene.fr\/es\/wp-json\/wp\/v2\/product\/853","targetHints":{"allow":["GET"]}}],"collection":[{"href":"https:\/\/www.vallonchene.fr\/es\/wp-json\/wp\/v2\/product"}],"about":[{"href":"https:\/\/www.vallonchene.fr\/es\/wp-json\/wp\/v2\/types\/product"}],"replies":[{"embeddable":true,"href":"https:\/\/www.vallonchene.fr\/es\/wp-json\/wp\/v2\/comments?post=853"}],"wp:featuredmedia":[{"embeddable":true,"href":"https:\/\/www.vallonchene.fr\/es\/wp-json\/wp\/v2\/media\/40838"}],"wp:attachment":[{"href":"https:\/\/www.vallonchene.fr\/es\/wp-json\/wp\/v2\/media?parent=853"}],"wp:term":[{"taxonomy":"product_brand","embeddable":true,"href":"https:\/\/www.vallonchene.fr\/es\/wp-json\/wp\/v2\/product_brand?post=853"},{"taxonomy":"product_cat","embeddable":true,"href":"https:\/\/www.vallonchene.fr\/es\/wp-json\/wp\/v2\/product_cat?post=853"},{"taxonomy":"product_tag","embeddable":true,"href":"https:\/\/www.vallonchene.fr\/es\/wp-json\/wp\/v2\/product_tag?post=853"}],"curies":[{"name":"wp","href":"https:\/\/api.w.org\/{rel}","templated":true}]}}