{"id":8485,"date":"2021-08-31T11:18:11","date_gmt":"2021-08-31T11:18:11","guid":{"rendered":"https:\/\/testing.vallonchene.fr\/produit\/miscanthus-sinensis-morning-light\/"},"modified":"2024-09-26T15:15:17","modified_gmt":"2024-09-26T15:15:17","slug":"miscanthus-sinensis-morning-light","status":"publish","type":"product","link":"https:\/\/www.vallonchene.fr\/es\/producto\/miscanthus-sinensis-morning-light\/","title":{"rendered":"MISCANTHUS sinensis &#8216;Morning Light&#8217;"},"content":{"rendered":"","protected":false},"excerpt":{"rendered":"<p>Cette <strong>gramin\u00e9e<\/strong> a un feuillage panach\u00e9 de blanc et de vert. En \u00e9t\u00e9, le <strong>MISCANTHUS sinensis &#8216;Morning Light&#8217;<\/strong> d\u00e9veloppe de grandes tiges florales. Il est parfaitement rustique et tr\u00e8s d\u00e9coratif.<\/p>\n","protected":false},"featured_media":8479,"comment_status":"open","ping_status":"closed","template":"","meta":[],"product_brand":[],"product_cat":[263],"product_tag":[3843,3842,3841,3839,3838,3844,3840],"class_list":{"0":"post-8485","1":"product","2":"type-product","3":"status-publish","4":"has-post-thumbnail","6":"product_cat-vivaces","7":"product_tag-graminee-geante","8":"product_tag-herbe-a-elephants","9":"product_tag-miscanthus","10":"product_tag-miscanthus-sinensis","11":"product_tag-miscanthus-sinensis-morning-ligh","12":"product_tag-miscanthus-sinensis-morning-light","13":"product_tag-morning-light","14":"pa_99-hauteurapproximativeapres1-150a200m","15":"pa_couleurdesfleurs-blanc","16":"pa_couleurdufeuillage-blanc","17":"pa_couleurdufeuillage-panache","18":"pa_couleurdufeuillage-vert","19":"pa_exigencesenhumidite-fraisahumide","20":"pa_exigencesenhumidite-moyen","21":"pa_exigencesenhumidite-sec","22":"pa_expositionspossibles-33-mi_ombreeviterlesoleilde12","23":"pa_expositionspossibles-pleinsoleilde12ha17hmin","24":"pa_interetauprintemps-feuillage","25":"pa_interetauprintemps-graphismeforme","26":"pa_interetenautomne-feuillage","27":"pa_interetenautomne-graphismeforme","28":"pa_interetenete-feuillage","29":"pa_interetenete-fleurs","30":"pa_interetenete-graphismeforme","31":"pa_interetenhiver-graphismeforme","32":"pa_naturedufeuillage-caduc","33":"pa_naturesdesolpossibles-leger","34":"pa_naturesdesolpossibles-lourd","35":"pa_naturesdesolpossibles-normal","36":"pa_particularites-fleursacouper","37":"pa_particularites-graphismeforme","38":"pa_periodedefloraison-ete","39":"pa_periodedetaille-mars","40":"pa_phdusolacceptable-acidemoinsde65","41":"pa_phdusolacceptable-calcaireplusde75","42":"pa_phdusolacceptable-neutreentre65et75","43":"pa_portgraphisme-arrondi","44":"pa_resistanceaufroidrusticite-resistant-en-dessous-de-moins-20-degree-c","45":"pa_utilisationpossible-bacoupot","46":"pa_utilisationpossible-massif","48":"first","49":"outofstock","50":"taxable","51":"shipping-taxable","52":"purchasable","53":"product-type-simple"},"supplier_id":null,"supplier_sku":"","barcode":null,"atum_controlled":true,"out_stock_date":"2024-09-26 15:15:17","out_stock_threshold":null,"inheritable":false,"inbound_stock":0,"stock_on_hold":0,"sold_today":0,"sales_last_days":0,"reserved_stock":0,"customer_returns":0,"warehouse_damage":0,"lost_in_post":0,"other_logs":0,"out_stock_days":0,"lost_sales":0,"has_location":false,"update_date":"2024-09-26T13:17:41","atum_locations":[],"atum_stock_status":"outofstock","restock_status":false,"low_stock_amount":"","sales_update_date":"2023-07-13T12:31:45","calc_backorders":null,"yoast_head":"<!-- This site is optimized with the Yoast SEO Premium plugin v27.3 (Yoast SEO v27.3) - https:\/\/yoast.com\/product\/yoast-seo-premium-wordpress\/ -->\n<title>MISCANTHUS sinensis &#039;Morning Light&#039; - herbe \u00e0 \u00e9l\u00e9phants<\/title>\n<meta name=\"description\" content=\"Cette gramin\u00e9e a un feuillage panach\u00e9 de blanc et de vert. En \u00e9t\u00e9, le MISCANTHUS sinensis &#039;Morning Light&#039; d\u00e9veloppe de grandes tiges florales. Il est parfaitement rustique et tr\u00e8s d\u00e9coratif.\" \/>\n<meta name=\"robots\" content=\"index, follow, max-snippet:-1, max-image-preview:large, max-video-preview:-1\" \/>\n<link rel=\"canonical\" href=\"https:\/\/www.vallonchene.fr\/es\/producto\/miscanthus-sinensis-morning-light\/\" \/>\n<meta property=\"og:locale\" content=\"es_ES\" \/>\n<meta property=\"og:type\" content=\"article\" \/>\n<meta property=\"og:title\" content=\"MISCANTHUS sinensis &#039;Morning Light&#039;\" \/>\n<meta property=\"og:description\" content=\"Cette gramin\u00e9e a un feuillage panach\u00e9 de blanc et de vert. En \u00e9t\u00e9, le MISCANTHUS sinensis &#039;Morning Light&#039; d\u00e9veloppe de grandes tiges florales. Il est parfaitement rustique et tr\u00e8s d\u00e9coratif.\" \/>\n<meta property=\"og:url\" content=\"https:\/\/www.vallonchene.fr\/es\/producto\/miscanthus-sinensis-morning-light\/\" \/>\n<meta property=\"og:site_name\" content=\"Vallonch\u00eane\" \/>\n<meta property=\"article:publisher\" content=\"https:\/\/www.facebook.com\/vallonchene.fr\" \/>\n<meta property=\"article:modified_time\" content=\"2024-09-26T15:15:17+00:00\" \/>\n<meta property=\"og:image\" content=\"https:\/\/www.vallonchene.fr\/wp-content\/uploads\/2021\/08\/2465-289-MISCANTHUS-sinensis-Morning-Light-en-Aout.jpg\" \/>\n\t<meta property=\"og:image:width\" content=\"1600\" \/>\n\t<meta property=\"og:image:height\" content=\"1600\" \/>\n\t<meta property=\"og:image:type\" content=\"image\/jpeg\" \/>\n<meta name=\"twitter:card\" content=\"summary_large_image\" \/>\n<meta name=\"twitter:label1\" content=\"Precio\" \/>\n\t<meta name=\"twitter:data1\" content=\"0,00&nbsp;&euro;\" \/>\n\t<meta name=\"twitter:label2\" content=\"Disponibilidad\" \/>\n\t<meta name=\"twitter:data2\" content=\"Agotado\" \/>\n<script type=\"application\/ld+json\" class=\"yoast-schema-graph\">{\"@context\":\"https:\\\/\\\/schema.org\",\"@graph\":[{\"@type\":\"WebPage\",\"@id\":\"https:\\\/\\\/www.vallonchene.fr\\\/es\\\/producto\\\/miscanthus-sinensis-morning-light\\\/\",\"url\":\"https:\\\/\\\/www.vallonchene.fr\\\/es\\\/producto\\\/miscanthus-sinensis-morning-light\\\/\",\"name\":\"MISCANTHUS sinensis 'Morning Light' - herbe \u00e0 \u00e9l\u00e9phants\",\"isPartOf\":{\"@id\":\"https:\\\/\\\/www.vallonchene.fr\\\/es\\\/#website\"},\"primaryImageOfPage\":{\"@id\":\"https:\\\/\\\/www.vallonchene.fr\\\/es\\\/producto\\\/miscanthus-sinensis-morning-light\\\/#primaryimage\"},\"image\":{\"@id\":\"https:\\\/\\\/www.vallonchene.fr\\\/es\\\/producto\\\/miscanthus-sinensis-morning-light\\\/#primaryimage\"},\"thumbnailUrl\":\"https:\\\/\\\/www.vallonchene.fr\\\/wp-content\\\/uploads\\\/2021\\\/08\\\/2465-289-MISCANTHUS-sinensis-Morning-Light-en-Aout.jpg\",\"datePublished\":\"2021-08-31T11:18:11+00:00\",\"dateModified\":\"2024-09-26T15:15:17+00:00\",\"description\":\"Cette gramin\u00e9e a un feuillage panach\u00e9 de blanc et de vert. En \u00e9t\u00e9, le MISCANTHUS sinensis 'Morning Light' d\u00e9veloppe de grandes tiges florales. Il est parfaitement rustique et tr\u00e8s d\u00e9coratif.\",\"breadcrumb\":{\"@id\":\"https:\\\/\\\/www.vallonchene.fr\\\/es\\\/producto\\\/miscanthus-sinensis-morning-light\\\/#breadcrumb\"},\"inLanguage\":\"es\",\"potentialAction\":[{\"@type\":\"ReadAction\",\"target\":[\"https:\\\/\\\/www.vallonchene.fr\\\/es\\\/producto\\\/miscanthus-sinensis-morning-light\\\/\"]}]},{\"@type\":\"ImageObject\",\"inLanguage\":\"es\",\"@id\":\"https:\\\/\\\/www.vallonchene.fr\\\/es\\\/producto\\\/miscanthus-sinensis-morning-light\\\/#primaryimage\",\"url\":\"https:\\\/\\\/www.vallonchene.fr\\\/wp-content\\\/uploads\\\/2021\\\/08\\\/2465-289-MISCANTHUS-sinensis-Morning-Light-en-Aout.jpg\",\"contentUrl\":\"https:\\\/\\\/www.vallonchene.fr\\\/wp-content\\\/uploads\\\/2021\\\/08\\\/2465-289-MISCANTHUS-sinensis-Morning-Light-en-Aout.jpg\",\"width\":1600,\"height\":1600,\"caption\":\"MISCANTHUS sinensis 'Morning Light' en Ao\u00fbt\"},{\"@type\":\"BreadcrumbList\",\"@id\":\"https:\\\/\\\/www.vallonchene.fr\\\/es\\\/producto\\\/miscanthus-sinensis-morning-light\\\/#breadcrumb\",\"itemListElement\":[{\"@type\":\"ListItem\",\"position\":1,\"name\":\"Home\",\"item\":\"https:\\\/\\\/www.vallonchene.fr\\\/es\\\/\"},{\"@type\":\"ListItem\",\"position\":2,\"name\":\"Tienda\",\"item\":\"https:\\\/\\\/www.vallonchene.fr\\\/tienda\\\/\"},{\"@type\":\"ListItem\",\"position\":3,\"name\":\"Venta en linea\",\"item\":\"https:\\\/\\\/www.vallonchene.fr\\\/es\\\/categoria-producto\\\/venta-en-linea\\\/\"},{\"@type\":\"ListItem\",\"position\":4,\"name\":\"Vivero\",\"item\":\"https:\\\/\\\/www.vallonchene.fr\\\/es\\\/categoria-producto\\\/venta-en-linea\\\/vivero\\\/\"},{\"@type\":\"ListItem\",\"position\":5,\"name\":\"Plantas perennes\",\"item\":\"https:\\\/\\\/www.vallonchene.fr\\\/es\\\/categoria-producto\\\/venta-en-linea\\\/vivero\\\/plantas-perennes\\\/\"},{\"@type\":\"ListItem\",\"position\":6,\"name\":\"MISCANTHUS sinensis &#8216;Morning Light&#8217;\"}]},{\"@type\":\"WebSite\",\"@id\":\"https:\\\/\\\/www.vallonchene.fr\\\/es\\\/#website\",\"url\":\"https:\\\/\\\/www.vallonchene.fr\\\/es\\\/\",\"name\":\"Vallonch\u00eane\",\"description\":\"El vivero donde la calidad tiene sus ra\u00edces \u2013 Tel.: +33 (0)2.35.90.02.02\",\"publisher\":{\"@id\":\"https:\\\/\\\/www.vallonchene.fr\\\/es\\\/#organization\"},\"potentialAction\":[{\"@type\":\"SearchAction\",\"target\":{\"@type\":\"EntryPoint\",\"urlTemplate\":\"https:\\\/\\\/www.vallonchene.fr\\\/es\\\/?s={search_term_string}\"},\"query-input\":{\"@type\":\"PropertyValueSpecification\",\"valueRequired\":true,\"valueName\":\"search_term_string\"}}],\"inLanguage\":\"es\"},{\"@type\":\"Organization\",\"@id\":\"https:\\\/\\\/www.vallonchene.fr\\\/es\\\/#organization\",\"name\":\"VALLONCHENE\",\"url\":\"https:\\\/\\\/www.vallonchene.fr\\\/es\\\/\",\"logo\":{\"@type\":\"ImageObject\",\"inLanguage\":\"es\",\"@id\":\"https:\\\/\\\/www.vallonchene.fr\\\/es\\\/#\\\/schema\\\/logo\\\/image\\\/\",\"url\":\"https:\\\/\\\/www.vallonchene.fr\\\/wp-content\\\/uploads\\\/2023\\\/03\\\/Logo-Vallonchene-site-et-R_hauteur_100.png\",\"contentUrl\":\"https:\\\/\\\/www.vallonchene.fr\\\/wp-content\\\/uploads\\\/2023\\\/03\\\/Logo-Vallonchene-site-et-R_hauteur_100.png\",\"width\":221,\"height\":100,\"caption\":\"VALLONCHENE\"},\"image\":{\"@id\":\"https:\\\/\\\/www.vallonchene.fr\\\/es\\\/#\\\/schema\\\/logo\\\/image\\\/\"},\"sameAs\":[\"https:\\\/\\\/www.facebook.com\\\/vallonchene.fr\",\"https:\\\/\\\/www.instagram.com\\\/vallonchene\\\/\",\"https:\\\/\\\/www.pinterest.fr\\\/vallonchene\\\/\"],\"taxID\":\"49454502300017\",\"hasMerchantReturnPolicy\":{\"@type\":\"MerchantReturnPolicy\",\"merchantReturnLink\":\"https:\\\/\\\/www.vallonchene.fr\\\/remboursements_retours\\\/\"}}]}<\/script>\n<meta property=\"product:price:amount\" content=\"0.00\" \/>\n<meta property=\"product:price:currency\" content=\"EUR\" \/>\n<meta property=\"og:availability\" content=\"out of stock\" \/>\n<meta property=\"product:availability\" content=\"out of stock\" \/>\n<meta property=\"product:retailer_item_id\" content=\"79891\" \/>\n<meta property=\"product:condition\" content=\"new\" \/>\n<!-- \/ Yoast SEO Premium plugin. -->","yoast_head_json":{"title":"MISCANTHUS sinensis 'Morning Light' - herbe \u00e0 \u00e9l\u00e9phants","description":"Cette gramin\u00e9e a un feuillage panach\u00e9 de blanc et de vert. En \u00e9t\u00e9, le MISCANTHUS sinensis 'Morning Light' d\u00e9veloppe de grandes tiges florales. Il est parfaitement rustique et tr\u00e8s d\u00e9coratif.","robots":{"index":"index","follow":"follow","max-snippet":"max-snippet:-1","max-image-preview":"max-image-preview:large","max-video-preview":"max-video-preview:-1"},"canonical":"https:\/\/www.vallonchene.fr\/es\/producto\/miscanthus-sinensis-morning-light\/","og_locale":"es_ES","og_type":"article","og_title":"MISCANTHUS sinensis 'Morning Light'","og_description":"Cette gramin\u00e9e a un feuillage panach\u00e9 de blanc et de vert. En \u00e9t\u00e9, le MISCANTHUS sinensis 'Morning Light' d\u00e9veloppe de grandes tiges florales. Il est parfaitement rustique et tr\u00e8s d\u00e9coratif.","og_url":"https:\/\/www.vallonchene.fr\/es\/producto\/miscanthus-sinensis-morning-light\/","og_site_name":"Vallonch\u00eane","article_publisher":"https:\/\/www.facebook.com\/vallonchene.fr","article_modified_time":"2024-09-26T15:15:17+00:00","og_image":[{"width":1600,"height":1600,"url":"https:\/\/www.vallonchene.fr\/wp-content\/uploads\/2021\/08\/2465-289-MISCANTHUS-sinensis-Morning-Light-en-Aout.jpg","type":"image\/jpeg"}],"twitter_card":"summary_large_image","twitter_misc":{"Precio":"0,00&nbsp;&euro;","Disponibilidad":"Agotado"},"schema":{"@context":"https:\/\/schema.org","@graph":[{"@type":"WebPage","@id":"https:\/\/www.vallonchene.fr\/es\/producto\/miscanthus-sinensis-morning-light\/","url":"https:\/\/www.vallonchene.fr\/es\/producto\/miscanthus-sinensis-morning-light\/","name":"MISCANTHUS sinensis 'Morning Light' - herbe \u00e0 \u00e9l\u00e9phants","isPartOf":{"@id":"https:\/\/www.vallonchene.fr\/es\/#website"},"primaryImageOfPage":{"@id":"https:\/\/www.vallonchene.fr\/es\/producto\/miscanthus-sinensis-morning-light\/#primaryimage"},"image":{"@id":"https:\/\/www.vallonchene.fr\/es\/producto\/miscanthus-sinensis-morning-light\/#primaryimage"},"thumbnailUrl":"https:\/\/www.vallonchene.fr\/wp-content\/uploads\/2021\/08\/2465-289-MISCANTHUS-sinensis-Morning-Light-en-Aout.jpg","datePublished":"2021-08-31T11:18:11+00:00","dateModified":"2024-09-26T15:15:17+00:00","description":"Cette gramin\u00e9e a un feuillage panach\u00e9 de blanc et de vert. En \u00e9t\u00e9, le MISCANTHUS sinensis 'Morning Light' d\u00e9veloppe de grandes tiges florales. Il est parfaitement rustique et tr\u00e8s d\u00e9coratif.","breadcrumb":{"@id":"https:\/\/www.vallonchene.fr\/es\/producto\/miscanthus-sinensis-morning-light\/#breadcrumb"},"inLanguage":"es","potentialAction":[{"@type":"ReadAction","target":["https:\/\/www.vallonchene.fr\/es\/producto\/miscanthus-sinensis-morning-light\/"]}]},{"@type":"ImageObject","inLanguage":"es","@id":"https:\/\/www.vallonchene.fr\/es\/producto\/miscanthus-sinensis-morning-light\/#primaryimage","url":"https:\/\/www.vallonchene.fr\/wp-content\/uploads\/2021\/08\/2465-289-MISCANTHUS-sinensis-Morning-Light-en-Aout.jpg","contentUrl":"https:\/\/www.vallonchene.fr\/wp-content\/uploads\/2021\/08\/2465-289-MISCANTHUS-sinensis-Morning-Light-en-Aout.jpg","width":1600,"height":1600,"caption":"MISCANTHUS sinensis 'Morning Light' en Ao\u00fbt"},{"@type":"BreadcrumbList","@id":"https:\/\/www.vallonchene.fr\/es\/producto\/miscanthus-sinensis-morning-light\/#breadcrumb","itemListElement":[{"@type":"ListItem","position":1,"name":"Home","item":"https:\/\/www.vallonchene.fr\/es\/"},{"@type":"ListItem","position":2,"name":"Tienda","item":"https:\/\/www.vallonchene.fr\/tienda\/"},{"@type":"ListItem","position":3,"name":"Venta en linea","item":"https:\/\/www.vallonchene.fr\/es\/categoria-producto\/venta-en-linea\/"},{"@type":"ListItem","position":4,"name":"Vivero","item":"https:\/\/www.vallonchene.fr\/es\/categoria-producto\/venta-en-linea\/vivero\/"},{"@type":"ListItem","position":5,"name":"Plantas perennes","item":"https:\/\/www.vallonchene.fr\/es\/categoria-producto\/venta-en-linea\/vivero\/plantas-perennes\/"},{"@type":"ListItem","position":6,"name":"MISCANTHUS sinensis &#8216;Morning Light&#8217;"}]},{"@type":"WebSite","@id":"https:\/\/www.vallonchene.fr\/es\/#website","url":"https:\/\/www.vallonchene.fr\/es\/","name":"Vallonch\u00eane","description":"El vivero donde la calidad tiene sus ra\u00edces \u2013 Tel.: +33 (0)2.35.90.02.02","publisher":{"@id":"https:\/\/www.vallonchene.fr\/es\/#organization"},"potentialAction":[{"@type":"SearchAction","target":{"@type":"EntryPoint","urlTemplate":"https:\/\/www.vallonchene.fr\/es\/?s={search_term_string}"},"query-input":{"@type":"PropertyValueSpecification","valueRequired":true,"valueName":"search_term_string"}}],"inLanguage":"es"},{"@type":"Organization","@id":"https:\/\/www.vallonchene.fr\/es\/#organization","name":"VALLONCHENE","url":"https:\/\/www.vallonchene.fr\/es\/","logo":{"@type":"ImageObject","inLanguage":"es","@id":"https:\/\/www.vallonchene.fr\/es\/#\/schema\/logo\/image\/","url":"https:\/\/www.vallonchene.fr\/wp-content\/uploads\/2023\/03\/Logo-Vallonchene-site-et-R_hauteur_100.png","contentUrl":"https:\/\/www.vallonchene.fr\/wp-content\/uploads\/2023\/03\/Logo-Vallonchene-site-et-R_hauteur_100.png","width":221,"height":100,"caption":"VALLONCHENE"},"image":{"@id":"https:\/\/www.vallonchene.fr\/es\/#\/schema\/logo\/image\/"},"sameAs":["https:\/\/www.facebook.com\/vallonchene.fr","https:\/\/www.instagram.com\/vallonchene\/","https:\/\/www.pinterest.fr\/vallonchene\/"],"taxID":"49454502300017","hasMerchantReturnPolicy":{"@type":"MerchantReturnPolicy","merchantReturnLink":"https:\/\/www.vallonchene.fr\/remboursements_retours\/"}}]},"product_price_amount":"0.00","product_price_currency":"EUR","og_availability":"out of stock","product_availability":"out of stock","product_retailer_item_id":"79891","product_condition":"new"},"_links":{"self":[{"href":"https:\/\/www.vallonchene.fr\/es\/wp-json\/wp\/v2\/product\/8485","targetHints":{"allow":["GET"]}}],"collection":[{"href":"https:\/\/www.vallonchene.fr\/es\/wp-json\/wp\/v2\/product"}],"about":[{"href":"https:\/\/www.vallonchene.fr\/es\/wp-json\/wp\/v2\/types\/product"}],"replies":[{"embeddable":true,"href":"https:\/\/www.vallonchene.fr\/es\/wp-json\/wp\/v2\/comments?post=8485"}],"wp:featuredmedia":[{"embeddable":true,"href":"https:\/\/www.vallonchene.fr\/es\/wp-json\/wp\/v2\/media\/8479"}],"wp:attachment":[{"href":"https:\/\/www.vallonchene.fr\/es\/wp-json\/wp\/v2\/media?parent=8485"}],"wp:term":[{"taxonomy":"product_brand","embeddable":true,"href":"https:\/\/www.vallonchene.fr\/es\/wp-json\/wp\/v2\/product_brand?post=8485"},{"taxonomy":"product_cat","embeddable":true,"href":"https:\/\/www.vallonchene.fr\/es\/wp-json\/wp\/v2\/product_cat?post=8485"},{"taxonomy":"product_tag","embeddable":true,"href":"https:\/\/www.vallonchene.fr\/es\/wp-json\/wp\/v2\/product_tag?post=8485"}],"curies":[{"name":"wp","href":"https:\/\/api.w.org\/{rel}","templated":true}]}}