{"id":6277,"date":"2021-08-31T11:43:17","date_gmt":"2021-08-31T11:43:17","guid":{"rendered":"https:\/\/testing.vallonchene.fr\/produit\/viburnum-plicatum-watanabe\/"},"modified":"2024-09-26T14:37:22","modified_gmt":"2024-09-26T14:37:22","slug":"viburnum-plicatum-watanabe","status":"publish","type":"product","link":"https:\/\/www.vallonchene.fr\/es\/producto\/viburnum-plicatum-watanabe\/","title":{"rendered":"VIBURNUM plicatum &#8216;Watanabe&#8217;"},"content":{"rendered":"","protected":false},"excerpt":{"rendered":"<p>La <strong>viorne de Chine<\/strong> est tr\u00e8s recherch\u00e9e pour sa longue p\u00e9riode de floraison (mai \u00e0 septembre). Les fleurs du <strong>VIBURNUM plicatum &#8216;Watanabe&#8217;<\/strong> sont blanches et plates. C&#8217;est un arbuste tr\u00e8s facile qui se taille sans probl\u00e8me. Il est parfaitement rustique.<\/p>\n","protected":false},"featured_media":6268,"comment_status":"open","ping_status":"closed","template":"","meta":[],"product_brand":[],"product_cat":[11499],"product_tag":[12934,12935,3000,12936,3001],"class_list":{"0":"post-6277","1":"product","2":"type-product","3":"status-publish","4":"has-post-thumbnail","6":"product_cat-arbustos-y-arboles","7":"product_tag-viburnum","8":"product_tag-viburnum-plicatum","9":"product_tag-viburnum-plicatum-watanabe","10":"product_tag-viburno-de-hoja-plegada","11":"product_tag-watanabe","12":"pa_99-hauteurapproximativeapres1-1_00-a-1_50-m","13":"pa_couleurdesfleurs-blanca","14":"pa_couleurdufeuillage-verde","15":"pa_exigencesenhumidite-moderadamente-humedo-a-humedo","16":"pa_exigencesenhumidite-promedio","17":"pa_exigencesenhumidite-seco","18":"pa_expositionspossibles-sombra-parcial-evitar-el-sol-de-12-a-17-horas","19":"pa_expositionspossibles-pleno-sol-de-12-a-17-min","20":"pa_interetauprintemps-follaje","21":"pa_interetauprintemps-flores","22":"pa_interetenautomne-follaje","23":"pa_interetenautomne-flores","24":"pa_interetenete-follaje","25":"pa_interetenete-flores","26":"pa_interetenhiver-habitus","27":"pa_naturedufeuillage-caduco","28":"pa_naturesdesolpossibles-ligero","29":"pa_naturesdesolpossibles-pesado","30":"pa_naturesdesolpossibles-normal-es","31":"pa_particularites-habitus","32":"pa_periodedefloraison-otono","33":"pa_periodedefloraison-verano","34":"pa_periodedefloraison-primavera","35":"pa_periodedetaille-marzo","36":"pa_phdusolacceptable-acido-menos-de-6_5","37":"pa_phdusolacceptable-calcareo-mas-de-7_5","38":"pa_phdusolacceptable-neutro-entre-6_5-y-7_5","39":"pa_portgraphisme-globoso","40":"pa_portgraphisme-arbustivo-es","41":"pa_resistanceaufroidrusticite-resistente-por-debajo-de-menos-20-c","42":"pa_utilisationpossible-contenedor-o-olla","43":"pa_utilisationpossible-cerca-viva","44":"pa_utilisationpossible-arriate","46":"first","47":"outofstock","48":"taxable","49":"shipping-taxable","50":"purchasable","51":"product-type-simple"},"supplier_id":null,"supplier_sku":"","barcode":null,"atum_controlled":true,"out_stock_date":"2024-09-26 14:37:22","out_stock_threshold":null,"inheritable":false,"inbound_stock":0,"stock_on_hold":0,"sold_today":0,"sales_last_days":0,"reserved_stock":0,"customer_returns":0,"warehouse_damage":0,"lost_in_post":0,"other_logs":0,"out_stock_days":440,"lost_sales":0,"has_location":false,"update_date":"2025-12-11T09:06:01","atum_locations":[],"atum_stock_status":"outofstock","restock_status":false,"low_stock_amount":"","sales_update_date":"2025-12-11T09:06:01","calc_backorders":null,"yoast_head":"<!-- This site is optimized with the Yoast SEO Premium plugin v27.3 (Yoast SEO v27.3) - https:\/\/yoast.com\/product\/yoast-seo-premium-wordpress\/ -->\n<title>VIBURNUM plicatum &#039;Watanabe&#039; - viorne de Chine<\/title>\n<meta name=\"description\" content=\"La viorne de Chine est tr\u00e8s recherch\u00e9e pour sa longue p\u00e9riode de floraison (mai \u00e0 septembre). Les fleurs du VIBURNUM plicatum &#039;Watanabe&#039; sont blanches et plates. C&#039;est un arbuste tr\u00e8s facile qui se...\" \/>\n<meta name=\"robots\" content=\"index, follow, max-snippet:-1, max-image-preview:large, max-video-preview:-1\" \/>\n<link rel=\"canonical\" href=\"https:\/\/www.vallonchene.fr\/es\/producto\/viburnum-plicatum-watanabe\/\" \/>\n<meta property=\"og:locale\" content=\"es_ES\" \/>\n<meta property=\"og:type\" content=\"article\" \/>\n<meta property=\"og:title\" content=\"VIBURNUM plicatum &#039;Watanabe&#039;\" \/>\n<meta property=\"og:description\" content=\"La viorne de Chine est tr\u00e8s recherch\u00e9e pour sa longue p\u00e9riode de floraison (mai \u00e0 septembre). Les fleurs du VIBURNUM plicatum &#039;Watanabe&#039; sont blanches et plates. C&#039;est un arbuste tr\u00e8s facile qui se...\" \/>\n<meta property=\"og:url\" content=\"https:\/\/www.vallonchene.fr\/es\/producto\/viburnum-plicatum-watanabe\/\" \/>\n<meta property=\"og:site_name\" content=\"Vallonch\u00eane\" \/>\n<meta property=\"article:publisher\" content=\"https:\/\/www.facebook.com\/vallonchene.fr\" \/>\n<meta property=\"article:modified_time\" content=\"2024-09-26T14:37:22+00:00\" \/>\n<meta property=\"og:image\" content=\"https:\/\/www.vallonchene.fr\/wp-content\/uploads\/2021\/08\/3883-f66-VIBURNUM-plicatum-Watanabe-en-Juillet.jpg\" \/>\n\t<meta property=\"og:image:width\" content=\"778\" \/>\n\t<meta property=\"og:image:height\" content=\"778\" \/>\n\t<meta property=\"og:image:type\" content=\"image\/jpeg\" \/>\n<meta name=\"twitter:card\" content=\"summary_large_image\" \/>\n<meta name=\"twitter:label1\" content=\"Precio\" \/>\n\t<meta name=\"twitter:data1\" content=\"0,00&nbsp;&euro;\" \/>\n\t<meta name=\"twitter:label2\" content=\"Disponibilidad\" \/>\n\t<meta name=\"twitter:data2\" content=\"Agotado\" \/>\n<script type=\"application\/ld+json\" class=\"yoast-schema-graph\">{\"@context\":\"https:\\\/\\\/schema.org\",\"@graph\":[{\"@type\":\"WebPage\",\"@id\":\"https:\\\/\\\/www.vallonchene.fr\\\/es\\\/producto\\\/viburnum-plicatum-watanabe\\\/\",\"url\":\"https:\\\/\\\/www.vallonchene.fr\\\/es\\\/producto\\\/viburnum-plicatum-watanabe\\\/\",\"name\":\"VIBURNUM plicatum 'Watanabe' - viorne de Chine\",\"isPartOf\":{\"@id\":\"https:\\\/\\\/www.vallonchene.fr\\\/es\\\/#website\"},\"primaryImageOfPage\":{\"@id\":\"https:\\\/\\\/www.vallonchene.fr\\\/es\\\/producto\\\/viburnum-plicatum-watanabe\\\/#primaryimage\"},\"image\":{\"@id\":\"https:\\\/\\\/www.vallonchene.fr\\\/es\\\/producto\\\/viburnum-plicatum-watanabe\\\/#primaryimage\"},\"thumbnailUrl\":\"https:\\\/\\\/www.vallonchene.fr\\\/wp-content\\\/uploads\\\/2021\\\/08\\\/3883-f66-VIBURNUM-plicatum-Watanabe-en-Juillet.jpg\",\"datePublished\":\"2021-08-31T11:43:17+00:00\",\"dateModified\":\"2024-09-26T14:37:22+00:00\",\"description\":\"La viorne de Chine est tr\u00e8s recherch\u00e9e pour sa longue p\u00e9riode de floraison (mai \u00e0 septembre). Les fleurs du VIBURNUM plicatum 'Watanabe' sont blanches et plates. C'est un arbuste tr\u00e8s facile qui se...\",\"breadcrumb\":{\"@id\":\"https:\\\/\\\/www.vallonchene.fr\\\/es\\\/producto\\\/viburnum-plicatum-watanabe\\\/#breadcrumb\"},\"inLanguage\":\"es\",\"potentialAction\":[{\"@type\":\"ReadAction\",\"target\":[\"https:\\\/\\\/www.vallonchene.fr\\\/es\\\/producto\\\/viburnum-plicatum-watanabe\\\/\"]}]},{\"@type\":\"ImageObject\",\"inLanguage\":\"es\",\"@id\":\"https:\\\/\\\/www.vallonchene.fr\\\/es\\\/producto\\\/viburnum-plicatum-watanabe\\\/#primaryimage\",\"url\":\"https:\\\/\\\/www.vallonchene.fr\\\/wp-content\\\/uploads\\\/2021\\\/08\\\/3883-f66-VIBURNUM-plicatum-Watanabe-en-Juillet.jpg\",\"contentUrl\":\"https:\\\/\\\/www.vallonchene.fr\\\/wp-content\\\/uploads\\\/2021\\\/08\\\/3883-f66-VIBURNUM-plicatum-Watanabe-en-Juillet.jpg\",\"width\":778,\"height\":778,\"caption\":\"VIBURNUM plicatum 'Watanabe' en Juillet\"},{\"@type\":\"BreadcrumbList\",\"@id\":\"https:\\\/\\\/www.vallonchene.fr\\\/es\\\/producto\\\/viburnum-plicatum-watanabe\\\/#breadcrumb\",\"itemListElement\":[{\"@type\":\"ListItem\",\"position\":1,\"name\":\"Home\",\"item\":\"https:\\\/\\\/www.vallonchene.fr\\\/es\\\/\"},{\"@type\":\"ListItem\",\"position\":2,\"name\":\"Tienda\",\"item\":\"https:\\\/\\\/www.vallonchene.fr\\\/tienda\\\/\"},{\"@type\":\"ListItem\",\"position\":3,\"name\":\"Venta en linea\",\"item\":\"https:\\\/\\\/www.vallonchene.fr\\\/es\\\/categoria-producto\\\/venta-en-linea\\\/\"},{\"@type\":\"ListItem\",\"position\":4,\"name\":\"Vivero\",\"item\":\"https:\\\/\\\/www.vallonchene.fr\\\/es\\\/categoria-producto\\\/venta-en-linea\\\/vivero\\\/\"},{\"@type\":\"ListItem\",\"position\":5,\"name\":\"Arbustos y \u00e1rboles\",\"item\":\"https:\\\/\\\/www.vallonchene.fr\\\/es\\\/categoria-producto\\\/venta-en-linea\\\/vivero\\\/arbustos-y-arboles\\\/\"},{\"@type\":\"ListItem\",\"position\":6,\"name\":\"VIBURNUM plicatum &#8216;Watanabe&#8217;\"}]},{\"@type\":\"WebSite\",\"@id\":\"https:\\\/\\\/www.vallonchene.fr\\\/es\\\/#website\",\"url\":\"https:\\\/\\\/www.vallonchene.fr\\\/es\\\/\",\"name\":\"Vallonch\u00eane\",\"description\":\"El vivero donde la calidad tiene sus ra\u00edces \u2013 Tel.: +33 (0)2.35.90.02.02\",\"publisher\":{\"@id\":\"https:\\\/\\\/www.vallonchene.fr\\\/es\\\/#organization\"},\"potentialAction\":[{\"@type\":\"SearchAction\",\"target\":{\"@type\":\"EntryPoint\",\"urlTemplate\":\"https:\\\/\\\/www.vallonchene.fr\\\/es\\\/?s={search_term_string}\"},\"query-input\":{\"@type\":\"PropertyValueSpecification\",\"valueRequired\":true,\"valueName\":\"search_term_string\"}}],\"inLanguage\":\"es\"},{\"@type\":\"Organization\",\"@id\":\"https:\\\/\\\/www.vallonchene.fr\\\/es\\\/#organization\",\"name\":\"VALLONCHENE\",\"url\":\"https:\\\/\\\/www.vallonchene.fr\\\/es\\\/\",\"logo\":{\"@type\":\"ImageObject\",\"inLanguage\":\"es\",\"@id\":\"https:\\\/\\\/www.vallonchene.fr\\\/es\\\/#\\\/schema\\\/logo\\\/image\\\/\",\"url\":\"https:\\\/\\\/www.vallonchene.fr\\\/wp-content\\\/uploads\\\/2023\\\/03\\\/Logo-Vallonchene-site-et-R_hauteur_100.png\",\"contentUrl\":\"https:\\\/\\\/www.vallonchene.fr\\\/wp-content\\\/uploads\\\/2023\\\/03\\\/Logo-Vallonchene-site-et-R_hauteur_100.png\",\"width\":221,\"height\":100,\"caption\":\"VALLONCHENE\"},\"image\":{\"@id\":\"https:\\\/\\\/www.vallonchene.fr\\\/es\\\/#\\\/schema\\\/logo\\\/image\\\/\"},\"sameAs\":[\"https:\\\/\\\/www.facebook.com\\\/vallonchene.fr\",\"https:\\\/\\\/www.instagram.com\\\/vallonchene\\\/\",\"https:\\\/\\\/www.pinterest.fr\\\/vallonchene\\\/\"],\"taxID\":\"49454502300017\",\"hasMerchantReturnPolicy\":{\"@type\":\"MerchantReturnPolicy\",\"merchantReturnLink\":\"https:\\\/\\\/www.vallonchene.fr\\\/remboursements_retours\\\/\"}}]}<\/script>\n<meta property=\"product:price:amount\" content=\"0.00\" \/>\n<meta property=\"product:price:currency\" content=\"EUR\" \/>\n<meta property=\"og:availability\" content=\"out of stock\" \/>\n<meta property=\"product:availability\" content=\"out of stock\" \/>\n<meta property=\"product:retailer_item_id\" content=\"88685\" \/>\n<meta property=\"product:condition\" content=\"new\" \/>\n<!-- \/ Yoast SEO Premium plugin. -->","yoast_head_json":{"title":"VIBURNUM plicatum 'Watanabe' - viorne de Chine","description":"La viorne de Chine est tr\u00e8s recherch\u00e9e pour sa longue p\u00e9riode de floraison (mai \u00e0 septembre). Les fleurs du VIBURNUM plicatum 'Watanabe' sont blanches et plates. C'est un arbuste tr\u00e8s facile qui se...","robots":{"index":"index","follow":"follow","max-snippet":"max-snippet:-1","max-image-preview":"max-image-preview:large","max-video-preview":"max-video-preview:-1"},"canonical":"https:\/\/www.vallonchene.fr\/es\/producto\/viburnum-plicatum-watanabe\/","og_locale":"es_ES","og_type":"article","og_title":"VIBURNUM plicatum 'Watanabe'","og_description":"La viorne de Chine est tr\u00e8s recherch\u00e9e pour sa longue p\u00e9riode de floraison (mai \u00e0 septembre). Les fleurs du VIBURNUM plicatum 'Watanabe' sont blanches et plates. C'est un arbuste tr\u00e8s facile qui se...","og_url":"https:\/\/www.vallonchene.fr\/es\/producto\/viburnum-plicatum-watanabe\/","og_site_name":"Vallonch\u00eane","article_publisher":"https:\/\/www.facebook.com\/vallonchene.fr","article_modified_time":"2024-09-26T14:37:22+00:00","og_image":[{"width":778,"height":778,"url":"https:\/\/www.vallonchene.fr\/wp-content\/uploads\/2021\/08\/3883-f66-VIBURNUM-plicatum-Watanabe-en-Juillet.jpg","type":"image\/jpeg"}],"twitter_card":"summary_large_image","twitter_misc":{"Precio":"0,00&nbsp;&euro;","Disponibilidad":"Agotado"},"schema":{"@context":"https:\/\/schema.org","@graph":[{"@type":"WebPage","@id":"https:\/\/www.vallonchene.fr\/es\/producto\/viburnum-plicatum-watanabe\/","url":"https:\/\/www.vallonchene.fr\/es\/producto\/viburnum-plicatum-watanabe\/","name":"VIBURNUM plicatum 'Watanabe' - viorne de Chine","isPartOf":{"@id":"https:\/\/www.vallonchene.fr\/es\/#website"},"primaryImageOfPage":{"@id":"https:\/\/www.vallonchene.fr\/es\/producto\/viburnum-plicatum-watanabe\/#primaryimage"},"image":{"@id":"https:\/\/www.vallonchene.fr\/es\/producto\/viburnum-plicatum-watanabe\/#primaryimage"},"thumbnailUrl":"https:\/\/www.vallonchene.fr\/wp-content\/uploads\/2021\/08\/3883-f66-VIBURNUM-plicatum-Watanabe-en-Juillet.jpg","datePublished":"2021-08-31T11:43:17+00:00","dateModified":"2024-09-26T14:37:22+00:00","description":"La viorne de Chine est tr\u00e8s recherch\u00e9e pour sa longue p\u00e9riode de floraison (mai \u00e0 septembre). Les fleurs du VIBURNUM plicatum 'Watanabe' sont blanches et plates. C'est un arbuste tr\u00e8s facile qui se...","breadcrumb":{"@id":"https:\/\/www.vallonchene.fr\/es\/producto\/viburnum-plicatum-watanabe\/#breadcrumb"},"inLanguage":"es","potentialAction":[{"@type":"ReadAction","target":["https:\/\/www.vallonchene.fr\/es\/producto\/viburnum-plicatum-watanabe\/"]}]},{"@type":"ImageObject","inLanguage":"es","@id":"https:\/\/www.vallonchene.fr\/es\/producto\/viburnum-plicatum-watanabe\/#primaryimage","url":"https:\/\/www.vallonchene.fr\/wp-content\/uploads\/2021\/08\/3883-f66-VIBURNUM-plicatum-Watanabe-en-Juillet.jpg","contentUrl":"https:\/\/www.vallonchene.fr\/wp-content\/uploads\/2021\/08\/3883-f66-VIBURNUM-plicatum-Watanabe-en-Juillet.jpg","width":778,"height":778,"caption":"VIBURNUM plicatum 'Watanabe' en Juillet"},{"@type":"BreadcrumbList","@id":"https:\/\/www.vallonchene.fr\/es\/producto\/viburnum-plicatum-watanabe\/#breadcrumb","itemListElement":[{"@type":"ListItem","position":1,"name":"Home","item":"https:\/\/www.vallonchene.fr\/es\/"},{"@type":"ListItem","position":2,"name":"Tienda","item":"https:\/\/www.vallonchene.fr\/tienda\/"},{"@type":"ListItem","position":3,"name":"Venta en linea","item":"https:\/\/www.vallonchene.fr\/es\/categoria-producto\/venta-en-linea\/"},{"@type":"ListItem","position":4,"name":"Vivero","item":"https:\/\/www.vallonchene.fr\/es\/categoria-producto\/venta-en-linea\/vivero\/"},{"@type":"ListItem","position":5,"name":"Arbustos y \u00e1rboles","item":"https:\/\/www.vallonchene.fr\/es\/categoria-producto\/venta-en-linea\/vivero\/arbustos-y-arboles\/"},{"@type":"ListItem","position":6,"name":"VIBURNUM plicatum &#8216;Watanabe&#8217;"}]},{"@type":"WebSite","@id":"https:\/\/www.vallonchene.fr\/es\/#website","url":"https:\/\/www.vallonchene.fr\/es\/","name":"Vallonch\u00eane","description":"El vivero donde la calidad tiene sus ra\u00edces \u2013 Tel.: +33 (0)2.35.90.02.02","publisher":{"@id":"https:\/\/www.vallonchene.fr\/es\/#organization"},"potentialAction":[{"@type":"SearchAction","target":{"@type":"EntryPoint","urlTemplate":"https:\/\/www.vallonchene.fr\/es\/?s={search_term_string}"},"query-input":{"@type":"PropertyValueSpecification","valueRequired":true,"valueName":"search_term_string"}}],"inLanguage":"es"},{"@type":"Organization","@id":"https:\/\/www.vallonchene.fr\/es\/#organization","name":"VALLONCHENE","url":"https:\/\/www.vallonchene.fr\/es\/","logo":{"@type":"ImageObject","inLanguage":"es","@id":"https:\/\/www.vallonchene.fr\/es\/#\/schema\/logo\/image\/","url":"https:\/\/www.vallonchene.fr\/wp-content\/uploads\/2023\/03\/Logo-Vallonchene-site-et-R_hauteur_100.png","contentUrl":"https:\/\/www.vallonchene.fr\/wp-content\/uploads\/2023\/03\/Logo-Vallonchene-site-et-R_hauteur_100.png","width":221,"height":100,"caption":"VALLONCHENE"},"image":{"@id":"https:\/\/www.vallonchene.fr\/es\/#\/schema\/logo\/image\/"},"sameAs":["https:\/\/www.facebook.com\/vallonchene.fr","https:\/\/www.instagram.com\/vallonchene\/","https:\/\/www.pinterest.fr\/vallonchene\/"],"taxID":"49454502300017","hasMerchantReturnPolicy":{"@type":"MerchantReturnPolicy","merchantReturnLink":"https:\/\/www.vallonchene.fr\/remboursements_retours\/"}}]},"product_price_amount":"0.00","product_price_currency":"EUR","og_availability":"out of stock","product_availability":"out of stock","product_retailer_item_id":"88685","product_condition":"new"},"_links":{"self":[{"href":"https:\/\/www.vallonchene.fr\/es\/wp-json\/wp\/v2\/product\/6277","targetHints":{"allow":["GET"]}}],"collection":[{"href":"https:\/\/www.vallonchene.fr\/es\/wp-json\/wp\/v2\/product"}],"about":[{"href":"https:\/\/www.vallonchene.fr\/es\/wp-json\/wp\/v2\/types\/product"}],"replies":[{"embeddable":true,"href":"https:\/\/www.vallonchene.fr\/es\/wp-json\/wp\/v2\/comments?post=6277"}],"wp:featuredmedia":[{"embeddable":true,"href":"https:\/\/www.vallonchene.fr\/es\/wp-json\/wp\/v2\/media\/6268"}],"wp:attachment":[{"href":"https:\/\/www.vallonchene.fr\/es\/wp-json\/wp\/v2\/media?parent=6277"}],"wp:term":[{"taxonomy":"product_brand","embeddable":true,"href":"https:\/\/www.vallonchene.fr\/es\/wp-json\/wp\/v2\/product_brand?post=6277"},{"taxonomy":"product_cat","embeddable":true,"href":"https:\/\/www.vallonchene.fr\/es\/wp-json\/wp\/v2\/product_cat?post=6277"},{"taxonomy":"product_tag","embeddable":true,"href":"https:\/\/www.vallonchene.fr\/es\/wp-json\/wp\/v2\/product_tag?post=6277"}],"curies":[{"name":"wp","href":"https:\/\/api.w.org\/{rel}","templated":true}]}}