{"id":6064,"date":"2021-08-31T11:05:02","date_gmt":"2021-08-31T11:05:02","guid":{"rendered":"https:\/\/testing.vallonchene.fr\/produit\/gunnera-manicata\/"},"modified":"2024-09-27T08:15:19","modified_gmt":"2024-09-27T08:15:19","slug":"gunnera-manicata","status":"publish","type":"product","link":"https:\/\/www.vallonchene.fr\/es\/producto\/gunnera-manicata\/","title":{"rendered":"GUNNERA manicata"},"content":{"rendered":"<p>Le <strong>GUNNERA manicata<\/strong>, aussi appel\u00e9 gunn\u00e8re du Br\u00e9sil ou encore rhubarbe g\u00e9ante du Br\u00e9sil, est une plante fabuleuse.<br \/>\nEn effet, elle produit des feuilles \u00e9normes pouvant atteindre 2 m de diam\u00e8tre (voir photos). Elle n&#8217;est pas \u00e0 confondre avec le GUNNERA tinctoria que l&#8217;on trouve souvent faussement \u00e9tiquet\u00e9 GUNNERA manicata.<br \/>\nDe plus, des fleurs importantes en forme colonnaire apparaissent au pied de la plante. Le v\u00e9ritable int\u00e9r\u00eat reste tout de m\u00eame le feuillage.<br \/>\nNous produisons les n\u00f4tres exclusivement par division. De ce fait, la plante est beaucoup plus forte que celles habituellement vendues dans le commerce. Par ailleurs, notre souche provient directement de celle introduite en France au d\u00e9but du 20\u1d49 si\u00e8cle par Jean de la Tour.<\/p>\n<p>ATTENTION : Nous ne vous y m\u00e9prenez pas, car cette plante n&#8217;est pas comestible.<\/p>\n","protected":false},"excerpt":{"rendered":"<p>Cette <strong>gunn\u00e8re du Br\u00e9sil<\/strong> conf\u00e8re \u00e0 votre jardin un look tout \u00e0 fait exotique. Les feuilles du\u00a0<strong>GUNNERA manicata<\/strong> peuvent atteindre un diam\u00e8tre de 2 m\u00e8tres.<br \/>\nATTENTION ! Nous produisons exclusivement le v\u00e9ritable GUNNERA manicata et non le GUNNERA tinctoria.<\/p>\n","protected":false},"featured_media":40377,"comment_status":"open","ping_status":"closed","template":"","meta":[],"product_brand":[],"product_cat":[263],"product_tag":[2918,2919,2920],"class_list":{"0":"post-6064","1":"product","2":"type-product","3":"status-publish","4":"has-post-thumbnail","6":"product_cat-vivaces","7":"product_tag-gunnera-manicata","8":"product_tag-gunnere-du-bresil","9":"product_tag-rhubarbe-geante","10":"pa_99-hauteurapproximativeapres1-2a3m","11":"pa_couleurdufeuillage-vert","12":"pa_exigencesenhumidite-fraisahumide","13":"pa_exigencesenhumidite-marecageux","14":"pa_exigencesenhumidite-trempe","15":"pa_expositionspossibles-33-mi_ombreeviterlesoleilde12","16":"pa_expositionspossibles-ombrepasdesoleildirect","17":"pa_interetauprintemps-feuillage","18":"pa_interetauprintemps-fleurs","19":"pa_interetauprintemps-graphismeforme","20":"pa_interetauprintemps-jeunespousses","21":"pa_interetenautomne-feuillage","22":"pa_interetenautomne-graphismeforme","23":"pa_interetenete-feuillage","24":"pa_interetenete-graphismeforme","25":"pa_naturedufeuillage-caduc","26":"pa_naturesdesolpossibles-leger","27":"pa_naturesdesolpossibles-lourd","28":"pa_naturesdesolpossibles-normal","29":"pa_particularites-graphismeforme","30":"pa_periodedetaille-oct","31":"pa_phdusolacceptable-acidemoinsde65","32":"pa_phdusolacceptable-calcaireplusde75","33":"pa_phdusolacceptable-neutreentre65et75","34":"pa_portgraphisme-arrondi","35":"pa_resistanceaufroidrusticite-resistant-en-dessous-de-moins-20-degree-c","36":"pa_tailledepot-pot-de-15-litres","37":"pa_tailledepot-pot-de-20-litres","38":"pa_utilisationpossible-isole","39":"pa_utilisationpossible-massif","41":"first","42":"outofstock","43":"taxable","44":"shipping-taxable","45":"purchasable","46":"product-type-variable","47":"has-default-attributes"},"supplier_id":null,"supplier_sku":"","barcode":null,"atum_controlled":true,"out_stock_date":null,"out_stock_threshold":null,"inheritable":true,"inbound_stock":0,"stock_on_hold":0,"sold_today":0,"sales_last_days":0,"reserved_stock":0,"customer_returns":0,"warehouse_damage":0,"lost_in_post":0,"other_logs":0,"out_stock_days":null,"lost_sales":0,"has_location":false,"update_date":"2024-09-27T06:16:57","atum_locations":[],"atum_stock_status":"outofstock","restock_status":false,"low_stock_amount":"","sales_update_date":"2023-07-08T12:42:33","calc_backorders":null,"yoast_head":"<!-- This site is optimized with the Yoast SEO Premium plugin v27.3 (Yoast SEO v27.3) - https:\/\/yoast.com\/product\/yoast-seo-premium-wordpress\/ -->\n<title>GUNNERA manicata - gunn\u00e8re du Br\u00e9sil, rhubarbe g\u00e9ante<\/title>\n<meta name=\"description\" content=\"Cette gunn\u00e8re du Br\u00e9sil conf\u00e8re \u00e0 votre jardin un look tout \u00e0 fait exotique. Les feuilles du\u00a0GUNNERA manicata peuvent atteindre un diam\u00e8tre de 2,50 m\u00e8tres.\" \/>\n<meta name=\"robots\" content=\"index, follow, max-snippet:-1, max-image-preview:large, max-video-preview:-1\" \/>\n<link rel=\"canonical\" href=\"https:\/\/www.vallonchene.fr\/es\/producto\/gunnera-manicata\/\" \/>\n<meta property=\"og:locale\" content=\"es_ES\" \/>\n<meta property=\"og:type\" content=\"article\" \/>\n<meta property=\"og:title\" content=\"GUNNERA manicata\" \/>\n<meta property=\"og:description\" content=\"Cette gunn\u00e8re du Br\u00e9sil conf\u00e8re \u00e0 votre jardin un look tout \u00e0 fait exotique. Les feuilles du\u00a0GUNNERA manicata peuvent atteindre un diam\u00e8tre de 2,50 m\u00e8tres.\" \/>\n<meta property=\"og:url\" content=\"https:\/\/www.vallonchene.fr\/es\/producto\/gunnera-manicata\/\" \/>\n<meta property=\"og:site_name\" content=\"Vallonch\u00eane\" \/>\n<meta property=\"article:publisher\" content=\"https:\/\/www.facebook.com\/vallonchene.fr\" \/>\n<meta property=\"article:modified_time\" content=\"2024-09-27T08:15:19+00:00\" \/>\n<meta property=\"og:image\" content=\"https:\/\/www.vallonchene.fr\/wp-content\/uploads\/2021\/08\/GUNNERA-manicata.webp\" \/>\n\t<meta property=\"og:image:width\" content=\"1000\" \/>\n\t<meta property=\"og:image:height\" content=\"1000\" \/>\n\t<meta property=\"og:image:type\" content=\"image\/webp\" \/>\n<meta name=\"twitter:card\" content=\"summary_large_image\" \/>\n<meta name=\"twitter:label1\" content=\"Disponibilidad\" \/>\n\t<meta name=\"twitter:data1\" content=\"Agotado\" \/>\n<script type=\"application\/ld+json\" class=\"yoast-schema-graph\">{\"@context\":\"https:\\\/\\\/schema.org\",\"@graph\":[{\"@type\":\"WebPage\",\"@id\":\"https:\\\/\\\/www.vallonchene.fr\\\/es\\\/producto\\\/gunnera-manicata\\\/\",\"url\":\"https:\\\/\\\/www.vallonchene.fr\\\/es\\\/producto\\\/gunnera-manicata\\\/\",\"name\":\"GUNNERA manicata - gunn\u00e8re du Br\u00e9sil, rhubarbe g\u00e9ante\",\"isPartOf\":{\"@id\":\"https:\\\/\\\/www.vallonchene.fr\\\/es\\\/#website\"},\"primaryImageOfPage\":{\"@id\":\"https:\\\/\\\/www.vallonchene.fr\\\/es\\\/producto\\\/gunnera-manicata\\\/#primaryimage\"},\"image\":{\"@id\":\"https:\\\/\\\/www.vallonchene.fr\\\/es\\\/producto\\\/gunnera-manicata\\\/#primaryimage\"},\"thumbnailUrl\":\"https:\\\/\\\/www.vallonchene.fr\\\/wp-content\\\/uploads\\\/2021\\\/08\\\/GUNNERA-manicata.webp\",\"datePublished\":\"2021-08-31T11:05:02+00:00\",\"dateModified\":\"2024-09-27T08:15:19+00:00\",\"description\":\"Cette gunn\u00e8re du Br\u00e9sil conf\u00e8re \u00e0 votre jardin un look tout \u00e0 fait exotique. Les feuilles du\u00a0GUNNERA manicata peuvent atteindre un diam\u00e8tre de 2,50 m\u00e8tres.\",\"breadcrumb\":{\"@id\":\"https:\\\/\\\/www.vallonchene.fr\\\/es\\\/producto\\\/gunnera-manicata\\\/#breadcrumb\"},\"inLanguage\":\"es\",\"potentialAction\":[{\"@type\":\"ReadAction\",\"target\":[\"https:\\\/\\\/www.vallonchene.fr\\\/es\\\/producto\\\/gunnera-manicata\\\/\"]}]},{\"@type\":\"ImageObject\",\"inLanguage\":\"es\",\"@id\":\"https:\\\/\\\/www.vallonchene.fr\\\/es\\\/producto\\\/gunnera-manicata\\\/#primaryimage\",\"url\":\"https:\\\/\\\/www.vallonchene.fr\\\/wp-content\\\/uploads\\\/2021\\\/08\\\/GUNNERA-manicata.webp\",\"contentUrl\":\"https:\\\/\\\/www.vallonchene.fr\\\/wp-content\\\/uploads\\\/2021\\\/08\\\/GUNNERA-manicata.webp\",\"width\":1000,\"height\":1000,\"caption\":\"Grandes feuilles vertes du v\u00e9ritable GUNNERA manicata\"},{\"@type\":\"BreadcrumbList\",\"@id\":\"https:\\\/\\\/www.vallonchene.fr\\\/es\\\/producto\\\/gunnera-manicata\\\/#breadcrumb\",\"itemListElement\":[{\"@type\":\"ListItem\",\"position\":1,\"name\":\"Home\",\"item\":\"https:\\\/\\\/www.vallonchene.fr\\\/es\\\/\"},{\"@type\":\"ListItem\",\"position\":2,\"name\":\"Tienda\",\"item\":\"https:\\\/\\\/www.vallonchene.fr\\\/tienda\\\/\"},{\"@type\":\"ListItem\",\"position\":3,\"name\":\"Venta en linea\",\"item\":\"https:\\\/\\\/www.vallonchene.fr\\\/es\\\/categoria-producto\\\/venta-en-linea\\\/\"},{\"@type\":\"ListItem\",\"position\":4,\"name\":\"Vivero\",\"item\":\"https:\\\/\\\/www.vallonchene.fr\\\/es\\\/categoria-producto\\\/venta-en-linea\\\/vivero\\\/\"},{\"@type\":\"ListItem\",\"position\":5,\"name\":\"Plantas perennes\",\"item\":\"https:\\\/\\\/www.vallonchene.fr\\\/es\\\/categoria-producto\\\/venta-en-linea\\\/vivero\\\/plantas-perennes\\\/\"},{\"@type\":\"ListItem\",\"position\":6,\"name\":\"GUNNERA manicata\"}]},{\"@type\":\"WebSite\",\"@id\":\"https:\\\/\\\/www.vallonchene.fr\\\/es\\\/#website\",\"url\":\"https:\\\/\\\/www.vallonchene.fr\\\/es\\\/\",\"name\":\"Vallonch\u00eane\",\"description\":\"El vivero donde la calidad tiene sus ra\u00edces \u2013 Tel.: +33 (0)2.35.90.02.02\",\"publisher\":{\"@id\":\"https:\\\/\\\/www.vallonchene.fr\\\/es\\\/#organization\"},\"potentialAction\":[{\"@type\":\"SearchAction\",\"target\":{\"@type\":\"EntryPoint\",\"urlTemplate\":\"https:\\\/\\\/www.vallonchene.fr\\\/es\\\/?s={search_term_string}\"},\"query-input\":{\"@type\":\"PropertyValueSpecification\",\"valueRequired\":true,\"valueName\":\"search_term_string\"}}],\"inLanguage\":\"es\"},{\"@type\":\"Organization\",\"@id\":\"https:\\\/\\\/www.vallonchene.fr\\\/es\\\/#organization\",\"name\":\"VALLONCHENE\",\"url\":\"https:\\\/\\\/www.vallonchene.fr\\\/es\\\/\",\"logo\":{\"@type\":\"ImageObject\",\"inLanguage\":\"es\",\"@id\":\"https:\\\/\\\/www.vallonchene.fr\\\/es\\\/#\\\/schema\\\/logo\\\/image\\\/\",\"url\":\"https:\\\/\\\/www.vallonchene.fr\\\/wp-content\\\/uploads\\\/2023\\\/03\\\/Logo-Vallonchene-site-et-R_hauteur_100.png\",\"contentUrl\":\"https:\\\/\\\/www.vallonchene.fr\\\/wp-content\\\/uploads\\\/2023\\\/03\\\/Logo-Vallonchene-site-et-R_hauteur_100.png\",\"width\":221,\"height\":100,\"caption\":\"VALLONCHENE\"},\"image\":{\"@id\":\"https:\\\/\\\/www.vallonchene.fr\\\/es\\\/#\\\/schema\\\/logo\\\/image\\\/\"},\"sameAs\":[\"https:\\\/\\\/www.facebook.com\\\/vallonchene.fr\",\"https:\\\/\\\/www.instagram.com\\\/vallonchene\\\/\",\"https:\\\/\\\/www.pinterest.fr\\\/vallonchene\\\/\"],\"taxID\":\"49454502300017\",\"hasMerchantReturnPolicy\":{\"@type\":\"MerchantReturnPolicy\",\"merchantReturnLink\":\"https:\\\/\\\/www.vallonchene.fr\\\/remboursements_retours\\\/\"}}]}<\/script>\n<meta property=\"og:availability\" content=\"out of stock\" \/>\n<meta property=\"product:availability\" content=\"out of stock\" \/>\n<meta property=\"product:retailer_item_id\" content=\"72683\" \/>\n<meta property=\"product:condition\" content=\"new\" \/>\n<!-- \/ Yoast SEO Premium plugin. -->","yoast_head_json":{"title":"GUNNERA manicata - gunn\u00e8re du Br\u00e9sil, rhubarbe g\u00e9ante","description":"Cette gunn\u00e8re du Br\u00e9sil conf\u00e8re \u00e0 votre jardin un look tout \u00e0 fait exotique. Les feuilles du\u00a0GUNNERA manicata peuvent atteindre un diam\u00e8tre de 2,50 m\u00e8tres.","robots":{"index":"index","follow":"follow","max-snippet":"max-snippet:-1","max-image-preview":"max-image-preview:large","max-video-preview":"max-video-preview:-1"},"canonical":"https:\/\/www.vallonchene.fr\/es\/producto\/gunnera-manicata\/","og_locale":"es_ES","og_type":"article","og_title":"GUNNERA manicata","og_description":"Cette gunn\u00e8re du Br\u00e9sil conf\u00e8re \u00e0 votre jardin un look tout \u00e0 fait exotique. Les feuilles du\u00a0GUNNERA manicata peuvent atteindre un diam\u00e8tre de 2,50 m\u00e8tres.","og_url":"https:\/\/www.vallonchene.fr\/es\/producto\/gunnera-manicata\/","og_site_name":"Vallonch\u00eane","article_publisher":"https:\/\/www.facebook.com\/vallonchene.fr","article_modified_time":"2024-09-27T08:15:19+00:00","og_image":[{"width":1000,"height":1000,"url":"https:\/\/www.vallonchene.fr\/wp-content\/uploads\/2021\/08\/GUNNERA-manicata.webp","type":"image\/webp"}],"twitter_card":"summary_large_image","twitter_misc":{"Disponibilidad":"Agotado"},"schema":{"@context":"https:\/\/schema.org","@graph":[{"@type":"WebPage","@id":"https:\/\/www.vallonchene.fr\/es\/producto\/gunnera-manicata\/","url":"https:\/\/www.vallonchene.fr\/es\/producto\/gunnera-manicata\/","name":"GUNNERA manicata - gunn\u00e8re du Br\u00e9sil, rhubarbe g\u00e9ante","isPartOf":{"@id":"https:\/\/www.vallonchene.fr\/es\/#website"},"primaryImageOfPage":{"@id":"https:\/\/www.vallonchene.fr\/es\/producto\/gunnera-manicata\/#primaryimage"},"image":{"@id":"https:\/\/www.vallonchene.fr\/es\/producto\/gunnera-manicata\/#primaryimage"},"thumbnailUrl":"https:\/\/www.vallonchene.fr\/wp-content\/uploads\/2021\/08\/GUNNERA-manicata.webp","datePublished":"2021-08-31T11:05:02+00:00","dateModified":"2024-09-27T08:15:19+00:00","description":"Cette gunn\u00e8re du Br\u00e9sil conf\u00e8re \u00e0 votre jardin un look tout \u00e0 fait exotique. Les feuilles du\u00a0GUNNERA manicata peuvent atteindre un diam\u00e8tre de 2,50 m\u00e8tres.","breadcrumb":{"@id":"https:\/\/www.vallonchene.fr\/es\/producto\/gunnera-manicata\/#breadcrumb"},"inLanguage":"es","potentialAction":[{"@type":"ReadAction","target":["https:\/\/www.vallonchene.fr\/es\/producto\/gunnera-manicata\/"]}]},{"@type":"ImageObject","inLanguage":"es","@id":"https:\/\/www.vallonchene.fr\/es\/producto\/gunnera-manicata\/#primaryimage","url":"https:\/\/www.vallonchene.fr\/wp-content\/uploads\/2021\/08\/GUNNERA-manicata.webp","contentUrl":"https:\/\/www.vallonchene.fr\/wp-content\/uploads\/2021\/08\/GUNNERA-manicata.webp","width":1000,"height":1000,"caption":"Grandes feuilles vertes du v\u00e9ritable GUNNERA manicata"},{"@type":"BreadcrumbList","@id":"https:\/\/www.vallonchene.fr\/es\/producto\/gunnera-manicata\/#breadcrumb","itemListElement":[{"@type":"ListItem","position":1,"name":"Home","item":"https:\/\/www.vallonchene.fr\/es\/"},{"@type":"ListItem","position":2,"name":"Tienda","item":"https:\/\/www.vallonchene.fr\/tienda\/"},{"@type":"ListItem","position":3,"name":"Venta en linea","item":"https:\/\/www.vallonchene.fr\/es\/categoria-producto\/venta-en-linea\/"},{"@type":"ListItem","position":4,"name":"Vivero","item":"https:\/\/www.vallonchene.fr\/es\/categoria-producto\/venta-en-linea\/vivero\/"},{"@type":"ListItem","position":5,"name":"Plantas perennes","item":"https:\/\/www.vallonchene.fr\/es\/categoria-producto\/venta-en-linea\/vivero\/plantas-perennes\/"},{"@type":"ListItem","position":6,"name":"GUNNERA manicata"}]},{"@type":"WebSite","@id":"https:\/\/www.vallonchene.fr\/es\/#website","url":"https:\/\/www.vallonchene.fr\/es\/","name":"Vallonch\u00eane","description":"El vivero donde la calidad tiene sus ra\u00edces \u2013 Tel.: +33 (0)2.35.90.02.02","publisher":{"@id":"https:\/\/www.vallonchene.fr\/es\/#organization"},"potentialAction":[{"@type":"SearchAction","target":{"@type":"EntryPoint","urlTemplate":"https:\/\/www.vallonchene.fr\/es\/?s={search_term_string}"},"query-input":{"@type":"PropertyValueSpecification","valueRequired":true,"valueName":"search_term_string"}}],"inLanguage":"es"},{"@type":"Organization","@id":"https:\/\/www.vallonchene.fr\/es\/#organization","name":"VALLONCHENE","url":"https:\/\/www.vallonchene.fr\/es\/","logo":{"@type":"ImageObject","inLanguage":"es","@id":"https:\/\/www.vallonchene.fr\/es\/#\/schema\/logo\/image\/","url":"https:\/\/www.vallonchene.fr\/wp-content\/uploads\/2023\/03\/Logo-Vallonchene-site-et-R_hauteur_100.png","contentUrl":"https:\/\/www.vallonchene.fr\/wp-content\/uploads\/2023\/03\/Logo-Vallonchene-site-et-R_hauteur_100.png","width":221,"height":100,"caption":"VALLONCHENE"},"image":{"@id":"https:\/\/www.vallonchene.fr\/es\/#\/schema\/logo\/image\/"},"sameAs":["https:\/\/www.facebook.com\/vallonchene.fr","https:\/\/www.instagram.com\/vallonchene\/","https:\/\/www.pinterest.fr\/vallonchene\/"],"taxID":"49454502300017","hasMerchantReturnPolicy":{"@type":"MerchantReturnPolicy","merchantReturnLink":"https:\/\/www.vallonchene.fr\/remboursements_retours\/"}}]},"og_availability":"out of stock","product_availability":"out of stock","product_retailer_item_id":"72683","product_condition":"new"},"_links":{"self":[{"href":"https:\/\/www.vallonchene.fr\/es\/wp-json\/wp\/v2\/product\/6064","targetHints":{"allow":["GET"]}}],"collection":[{"href":"https:\/\/www.vallonchene.fr\/es\/wp-json\/wp\/v2\/product"}],"about":[{"href":"https:\/\/www.vallonchene.fr\/es\/wp-json\/wp\/v2\/types\/product"}],"replies":[{"embeddable":true,"href":"https:\/\/www.vallonchene.fr\/es\/wp-json\/wp\/v2\/comments?post=6064"}],"wp:featuredmedia":[{"embeddable":true,"href":"https:\/\/www.vallonchene.fr\/es\/wp-json\/wp\/v2\/media\/40377"}],"wp:attachment":[{"href":"https:\/\/www.vallonchene.fr\/es\/wp-json\/wp\/v2\/media?parent=6064"}],"wp:term":[{"taxonomy":"product_brand","embeddable":true,"href":"https:\/\/www.vallonchene.fr\/es\/wp-json\/wp\/v2\/product_brand?post=6064"},{"taxonomy":"product_cat","embeddable":true,"href":"https:\/\/www.vallonchene.fr\/es\/wp-json\/wp\/v2\/product_cat?post=6064"},{"taxonomy":"product_tag","embeddable":true,"href":"https:\/\/www.vallonchene.fr\/es\/wp-json\/wp\/v2\/product_tag?post=6064"}],"curies":[{"name":"wp","href":"https:\/\/api.w.org\/{rel}","templated":true}]}}