{"id":5905,"date":"2021-08-31T11:34:50","date_gmt":"2021-08-31T11:34:50","guid":{"rendered":"https:\/\/testing.vallonchene.fr\/produit\/rosa-the-ingenious-mr-fairchild\/"},"modified":"2024-09-26T14:48:57","modified_gmt":"2024-09-26T14:48:57","slug":"rosa-the-ingenious-mr-fairchild","status":"publish","type":"product","link":"https:\/\/www.vallonchene.fr\/es\/producto\/rosa-the-ingenious-mr-fairchild\/","title":{"rendered":"ROSA &#8216;The Ingenious Mr. Fairchild&#8217;"},"content":{"rendered":"","protected":false},"excerpt":{"rendered":"<p>Ce <b>rosier David Austin<\/b> produit des fleurs de type pivoine. La <b>ROSA &#8216;The Ingenious Mr. Fairchild&#8217;<\/b> est un arbuste tr\u00e8s sain \u00e0 croissance bien arrondie. Son parfum est\u00a0 puissant et fruit\u00e9. <span>Remontant (fleurit jusqu&#8217;\u00e0 fin novembre d\u00e9but  d\u00e9cembre).<\/span><\/p>\n","protected":false},"featured_media":5890,"comment_status":"open","ping_status":"closed","template":"","meta":[],"product_brand":[],"product_cat":[290],"product_tag":[1626,2858,1628,1627,2859],"class_list":{"0":"post-5905","1":"product","2":"type-product","3":"status-publish","4":"has-post-thumbnail","6":"product_cat-roses-david-austin","7":"product_tag-rosa","8":"product_tag-rosa-the-ingenious-mr-fairchild","9":"product_tag-rose-anglaise","10":"product_tag-rosier-david-austin","11":"product_tag-the-ingenious-mr-fairchild","12":"pa_99-hauteurapproximativeapres1-100a150m","13":"pa_couleurdesfleurs-rose","14":"pa_couleurdufeuillage-vert","15":"pa_exigencesenhumidite-fraisahumide","16":"pa_exigencesenhumidite-moyen","17":"pa_exigencesenhumidite-sec","18":"pa_expositionspossibles-33-mi_ombreeviterlesoleilde12","19":"pa_expositionspossibles-pleinsoleilde12ha17hmin","20":"pa_interetauprintemps-fleurs","21":"pa_interetenautomne-fleurs","22":"pa_interetenete-fleurs","23":"pa_naturedufeuillage-caduc","24":"pa_naturesdesolpossibles-leger","25":"pa_naturesdesolpossibles-lourd","26":"pa_naturesdesolpossibles-normal","27":"pa_particularites-fleursacouper","28":"pa_particularites-parfume","29":"pa_periodedefloraison-automne","30":"pa_periodedefloraison-ete","31":"pa_periodedefloraison-printemps","32":"pa_phdusolacceptable-acidemoinsde65","33":"pa_phdusolacceptable-calcaireplusde75","34":"pa_phdusolacceptable-neutreentre65et75","35":"pa_portgraphisme-arrondi","36":"pa_portgraphisme-buissonnant","37":"pa_resistanceaufroidrusticite-resistant-en-dessous-de-moins-20-degree-c","38":"pa_utilisationpossible-haie","39":"pa_utilisationpossible-massif","41":"first","42":"outofstock","43":"taxable","44":"shipping-taxable","45":"purchasable","46":"product-type-simple"},"supplier_id":null,"supplier_sku":"","barcode":null,"atum_controlled":true,"out_stock_date":"2024-09-26 14:48:57","out_stock_threshold":null,"inheritable":false,"inbound_stock":0,"stock_on_hold":0,"sold_today":0,"sales_last_days":0,"reserved_stock":0,"customer_returns":0,"warehouse_damage":0,"lost_in_post":0,"other_logs":0,"out_stock_days":0,"lost_sales":0,"has_location":false,"update_date":"2024-09-26T12:51:48","atum_locations":[],"atum_stock_status":"outofstock","restock_status":false,"low_stock_amount":"","sales_update_date":"2023-07-23T11:14:26","calc_backorders":null,"yoast_head":"<!-- This site is optimized with the Yoast SEO Premium plugin v27.3 (Yoast SEO v27.3) - https:\/\/yoast.com\/product\/yoast-seo-premium-wordpress\/ -->\n<title>ROSA &#039;The Ingenious Mr. Fairchild&#039; - rosier David Austin<\/title>\n<meta name=\"description\" content=\"Ce rosier David Austin produit des fleurs de type pivoine. La ROSA &#039;The Ingenious Mr. Fairchild&#039; est un arbuste tr\u00e8s sain \u00e0 croissance bien arrondie. Son parfum est\u00a0 puissant et fruit\u00e9. Remontant...\" \/>\n<meta name=\"robots\" content=\"index, follow, max-snippet:-1, max-image-preview:large, max-video-preview:-1\" \/>\n<link rel=\"canonical\" href=\"https:\/\/www.vallonchene.fr\/es\/producto\/rosa-the-ingenious-mr-fairchild\/\" \/>\n<meta property=\"og:locale\" content=\"es_ES\" \/>\n<meta property=\"og:type\" content=\"article\" \/>\n<meta property=\"og:title\" content=\"ROSA &#039;The Ingenious Mr. Fairchild&#039;\" \/>\n<meta property=\"og:description\" content=\"Ce rosier David Austin produit des fleurs de type pivoine. La ROSA &#039;The Ingenious Mr. Fairchild&#039; est un arbuste tr\u00e8s sain \u00e0 croissance bien arrondie. Son parfum est\u00a0 puissant et fruit\u00e9. Remontant...\" \/>\n<meta property=\"og:url\" content=\"https:\/\/www.vallonchene.fr\/es\/producto\/rosa-the-ingenious-mr-fairchild\/\" \/>\n<meta property=\"og:site_name\" content=\"Vallonch\u00eane\" \/>\n<meta property=\"article:publisher\" content=\"https:\/\/www.facebook.com\/vallonchene.fr\" \/>\n<meta property=\"article:modified_time\" content=\"2024-09-26T14:48:57+00:00\" \/>\n<meta property=\"og:image\" content=\"https:\/\/www.vallonchene.fr\/wp-content\/uploads\/2021\/08\/3433-006-ROSA-The-Ingenious-Mr.-Fairchild-en-Janvier.jpg\" \/>\n\t<meta property=\"og:image:width\" content=\"360\" \/>\n\t<meta property=\"og:image:height\" content=\"360\" \/>\n\t<meta property=\"og:image:type\" content=\"image\/jpeg\" \/>\n<meta name=\"twitter:card\" content=\"summary_large_image\" \/>\n<meta name=\"twitter:label1\" content=\"Precio\" \/>\n\t<meta name=\"twitter:data1\" content=\"0,00&nbsp;&euro;\" \/>\n\t<meta name=\"twitter:label2\" content=\"Disponibilidad\" \/>\n\t<meta name=\"twitter:data2\" content=\"Agotado\" \/>\n<script type=\"application\/ld+json\" class=\"yoast-schema-graph\">{\"@context\":\"https:\\\/\\\/schema.org\",\"@graph\":[{\"@type\":\"WebPage\",\"@id\":\"https:\\\/\\\/www.vallonchene.fr\\\/es\\\/producto\\\/rosa-the-ingenious-mr-fairchild\\\/\",\"url\":\"https:\\\/\\\/www.vallonchene.fr\\\/es\\\/producto\\\/rosa-the-ingenious-mr-fairchild\\\/\",\"name\":\"ROSA 'The Ingenious Mr. Fairchild' - rosier David Austin\",\"isPartOf\":{\"@id\":\"https:\\\/\\\/www.vallonchene.fr\\\/es\\\/#website\"},\"primaryImageOfPage\":{\"@id\":\"https:\\\/\\\/www.vallonchene.fr\\\/es\\\/producto\\\/rosa-the-ingenious-mr-fairchild\\\/#primaryimage\"},\"image\":{\"@id\":\"https:\\\/\\\/www.vallonchene.fr\\\/es\\\/producto\\\/rosa-the-ingenious-mr-fairchild\\\/#primaryimage\"},\"thumbnailUrl\":\"https:\\\/\\\/www.vallonchene.fr\\\/wp-content\\\/uploads\\\/2021\\\/08\\\/3433-006-ROSA-The-Ingenious-Mr.-Fairchild-en-Janvier.jpg\",\"datePublished\":\"2021-08-31T11:34:50+00:00\",\"dateModified\":\"2024-09-26T14:48:57+00:00\",\"description\":\"Ce rosier David Austin produit des fleurs de type pivoine. La ROSA 'The Ingenious Mr. Fairchild' est un arbuste tr\u00e8s sain \u00e0 croissance bien arrondie. Son parfum est\u00a0 puissant et fruit\u00e9. Remontant...\",\"breadcrumb\":{\"@id\":\"https:\\\/\\\/www.vallonchene.fr\\\/es\\\/producto\\\/rosa-the-ingenious-mr-fairchild\\\/#breadcrumb\"},\"inLanguage\":\"es\",\"potentialAction\":[{\"@type\":\"ReadAction\",\"target\":[\"https:\\\/\\\/www.vallonchene.fr\\\/es\\\/producto\\\/rosa-the-ingenious-mr-fairchild\\\/\"]}]},{\"@type\":\"ImageObject\",\"inLanguage\":\"es\",\"@id\":\"https:\\\/\\\/www.vallonchene.fr\\\/es\\\/producto\\\/rosa-the-ingenious-mr-fairchild\\\/#primaryimage\",\"url\":\"https:\\\/\\\/www.vallonchene.fr\\\/wp-content\\\/uploads\\\/2021\\\/08\\\/3433-006-ROSA-The-Ingenious-Mr.-Fairchild-en-Janvier.jpg\",\"contentUrl\":\"https:\\\/\\\/www.vallonchene.fr\\\/wp-content\\\/uploads\\\/2021\\\/08\\\/3433-006-ROSA-The-Ingenious-Mr.-Fairchild-en-Janvier.jpg\",\"width\":360,\"height\":360,\"caption\":\"ROSA 'The Ingenious Mr. Fairchild' en Janvier\"},{\"@type\":\"BreadcrumbList\",\"@id\":\"https:\\\/\\\/www.vallonchene.fr\\\/es\\\/producto\\\/rosa-the-ingenious-mr-fairchild\\\/#breadcrumb\",\"itemListElement\":[{\"@type\":\"ListItem\",\"position\":1,\"name\":\"Home\",\"item\":\"https:\\\/\\\/www.vallonchene.fr\\\/es\\\/\"},{\"@type\":\"ListItem\",\"position\":2,\"name\":\"Tienda\",\"item\":\"https:\\\/\\\/www.vallonchene.fr\\\/tienda\\\/\"},{\"@type\":\"ListItem\",\"position\":3,\"name\":\"Venta en linea\",\"item\":\"https:\\\/\\\/www.vallonchene.fr\\\/es\\\/categoria-producto\\\/venta-en-linea\\\/\"},{\"@type\":\"ListItem\",\"position\":4,\"name\":\"Vivero\",\"item\":\"https:\\\/\\\/www.vallonchene.fr\\\/es\\\/categoria-producto\\\/venta-en-linea\\\/vivero\\\/\"},{\"@type\":\"ListItem\",\"position\":5,\"name\":\"Rosas DAVID AUSTIN\",\"item\":\"https:\\\/\\\/www.vallonchene.fr\\\/es\\\/categoria-producto\\\/venta-en-linea\\\/vivero\\\/rosas-david-austin\\\/\"},{\"@type\":\"ListItem\",\"position\":6,\"name\":\"ROSA &#8216;The Ingenious Mr. Fairchild&#8217;\"}]},{\"@type\":\"WebSite\",\"@id\":\"https:\\\/\\\/www.vallonchene.fr\\\/es\\\/#website\",\"url\":\"https:\\\/\\\/www.vallonchene.fr\\\/es\\\/\",\"name\":\"Vallonch\u00eane\",\"description\":\"El vivero donde la calidad tiene sus ra\u00edces \u2013 Tel.: +33 (0)2.35.90.02.02\",\"publisher\":{\"@id\":\"https:\\\/\\\/www.vallonchene.fr\\\/es\\\/#organization\"},\"potentialAction\":[{\"@type\":\"SearchAction\",\"target\":{\"@type\":\"EntryPoint\",\"urlTemplate\":\"https:\\\/\\\/www.vallonchene.fr\\\/es\\\/?s={search_term_string}\"},\"query-input\":{\"@type\":\"PropertyValueSpecification\",\"valueRequired\":true,\"valueName\":\"search_term_string\"}}],\"inLanguage\":\"es\"},{\"@type\":\"Organization\",\"@id\":\"https:\\\/\\\/www.vallonchene.fr\\\/es\\\/#organization\",\"name\":\"VALLONCHENE\",\"url\":\"https:\\\/\\\/www.vallonchene.fr\\\/es\\\/\",\"logo\":{\"@type\":\"ImageObject\",\"inLanguage\":\"es\",\"@id\":\"https:\\\/\\\/www.vallonchene.fr\\\/es\\\/#\\\/schema\\\/logo\\\/image\\\/\",\"url\":\"https:\\\/\\\/www.vallonchene.fr\\\/wp-content\\\/uploads\\\/2023\\\/03\\\/Logo-Vallonchene-site-et-R_hauteur_100.png\",\"contentUrl\":\"https:\\\/\\\/www.vallonchene.fr\\\/wp-content\\\/uploads\\\/2023\\\/03\\\/Logo-Vallonchene-site-et-R_hauteur_100.png\",\"width\":221,\"height\":100,\"caption\":\"VALLONCHENE\"},\"image\":{\"@id\":\"https:\\\/\\\/www.vallonchene.fr\\\/es\\\/#\\\/schema\\\/logo\\\/image\\\/\"},\"sameAs\":[\"https:\\\/\\\/www.facebook.com\\\/vallonchene.fr\",\"https:\\\/\\\/www.instagram.com\\\/vallonchene\\\/\",\"https:\\\/\\\/www.pinterest.fr\\\/vallonchene\\\/\"],\"taxID\":\"49454502300017\",\"hasMerchantReturnPolicy\":{\"@type\":\"MerchantReturnPolicy\",\"merchantReturnLink\":\"https:\\\/\\\/www.vallonchene.fr\\\/remboursements_retours\\\/\"}}]}<\/script>\n<meta property=\"product:price:amount\" content=\"0.00\" \/>\n<meta property=\"product:price:currency\" content=\"EUR\" \/>\n<meta property=\"og:availability\" content=\"out of stock\" \/>\n<meta property=\"product:availability\" content=\"out of stock\" \/>\n<meta property=\"product:retailer_item_id\" content=\"16142\" \/>\n<meta property=\"product:condition\" content=\"new\" \/>\n<!-- \/ Yoast SEO Premium plugin. -->","yoast_head_json":{"title":"ROSA 'The Ingenious Mr. Fairchild' - rosier David Austin","description":"Ce rosier David Austin produit des fleurs de type pivoine. La ROSA 'The Ingenious Mr. Fairchild' est un arbuste tr\u00e8s sain \u00e0 croissance bien arrondie. Son parfum est\u00a0 puissant et fruit\u00e9. Remontant...","robots":{"index":"index","follow":"follow","max-snippet":"max-snippet:-1","max-image-preview":"max-image-preview:large","max-video-preview":"max-video-preview:-1"},"canonical":"https:\/\/www.vallonchene.fr\/es\/producto\/rosa-the-ingenious-mr-fairchild\/","og_locale":"es_ES","og_type":"article","og_title":"ROSA 'The Ingenious Mr. Fairchild'","og_description":"Ce rosier David Austin produit des fleurs de type pivoine. La ROSA 'The Ingenious Mr. Fairchild' est un arbuste tr\u00e8s sain \u00e0 croissance bien arrondie. Son parfum est\u00a0 puissant et fruit\u00e9. Remontant...","og_url":"https:\/\/www.vallonchene.fr\/es\/producto\/rosa-the-ingenious-mr-fairchild\/","og_site_name":"Vallonch\u00eane","article_publisher":"https:\/\/www.facebook.com\/vallonchene.fr","article_modified_time":"2024-09-26T14:48:57+00:00","og_image":[{"width":360,"height":360,"url":"https:\/\/www.vallonchene.fr\/wp-content\/uploads\/2021\/08\/3433-006-ROSA-The-Ingenious-Mr.-Fairchild-en-Janvier.jpg","type":"image\/jpeg"}],"twitter_card":"summary_large_image","twitter_misc":{"Precio":"0,00&nbsp;&euro;","Disponibilidad":"Agotado"},"schema":{"@context":"https:\/\/schema.org","@graph":[{"@type":"WebPage","@id":"https:\/\/www.vallonchene.fr\/es\/producto\/rosa-the-ingenious-mr-fairchild\/","url":"https:\/\/www.vallonchene.fr\/es\/producto\/rosa-the-ingenious-mr-fairchild\/","name":"ROSA 'The Ingenious Mr. Fairchild' - rosier David Austin","isPartOf":{"@id":"https:\/\/www.vallonchene.fr\/es\/#website"},"primaryImageOfPage":{"@id":"https:\/\/www.vallonchene.fr\/es\/producto\/rosa-the-ingenious-mr-fairchild\/#primaryimage"},"image":{"@id":"https:\/\/www.vallonchene.fr\/es\/producto\/rosa-the-ingenious-mr-fairchild\/#primaryimage"},"thumbnailUrl":"https:\/\/www.vallonchene.fr\/wp-content\/uploads\/2021\/08\/3433-006-ROSA-The-Ingenious-Mr.-Fairchild-en-Janvier.jpg","datePublished":"2021-08-31T11:34:50+00:00","dateModified":"2024-09-26T14:48:57+00:00","description":"Ce rosier David Austin produit des fleurs de type pivoine. La ROSA 'The Ingenious Mr. Fairchild' est un arbuste tr\u00e8s sain \u00e0 croissance bien arrondie. Son parfum est\u00a0 puissant et fruit\u00e9. Remontant...","breadcrumb":{"@id":"https:\/\/www.vallonchene.fr\/es\/producto\/rosa-the-ingenious-mr-fairchild\/#breadcrumb"},"inLanguage":"es","potentialAction":[{"@type":"ReadAction","target":["https:\/\/www.vallonchene.fr\/es\/producto\/rosa-the-ingenious-mr-fairchild\/"]}]},{"@type":"ImageObject","inLanguage":"es","@id":"https:\/\/www.vallonchene.fr\/es\/producto\/rosa-the-ingenious-mr-fairchild\/#primaryimage","url":"https:\/\/www.vallonchene.fr\/wp-content\/uploads\/2021\/08\/3433-006-ROSA-The-Ingenious-Mr.-Fairchild-en-Janvier.jpg","contentUrl":"https:\/\/www.vallonchene.fr\/wp-content\/uploads\/2021\/08\/3433-006-ROSA-The-Ingenious-Mr.-Fairchild-en-Janvier.jpg","width":360,"height":360,"caption":"ROSA 'The Ingenious Mr. Fairchild' en Janvier"},{"@type":"BreadcrumbList","@id":"https:\/\/www.vallonchene.fr\/es\/producto\/rosa-the-ingenious-mr-fairchild\/#breadcrumb","itemListElement":[{"@type":"ListItem","position":1,"name":"Home","item":"https:\/\/www.vallonchene.fr\/es\/"},{"@type":"ListItem","position":2,"name":"Tienda","item":"https:\/\/www.vallonchene.fr\/tienda\/"},{"@type":"ListItem","position":3,"name":"Venta en linea","item":"https:\/\/www.vallonchene.fr\/es\/categoria-producto\/venta-en-linea\/"},{"@type":"ListItem","position":4,"name":"Vivero","item":"https:\/\/www.vallonchene.fr\/es\/categoria-producto\/venta-en-linea\/vivero\/"},{"@type":"ListItem","position":5,"name":"Rosas DAVID AUSTIN","item":"https:\/\/www.vallonchene.fr\/es\/categoria-producto\/venta-en-linea\/vivero\/rosas-david-austin\/"},{"@type":"ListItem","position":6,"name":"ROSA &#8216;The Ingenious Mr. Fairchild&#8217;"}]},{"@type":"WebSite","@id":"https:\/\/www.vallonchene.fr\/es\/#website","url":"https:\/\/www.vallonchene.fr\/es\/","name":"Vallonch\u00eane","description":"El vivero donde la calidad tiene sus ra\u00edces \u2013 Tel.: +33 (0)2.35.90.02.02","publisher":{"@id":"https:\/\/www.vallonchene.fr\/es\/#organization"},"potentialAction":[{"@type":"SearchAction","target":{"@type":"EntryPoint","urlTemplate":"https:\/\/www.vallonchene.fr\/es\/?s={search_term_string}"},"query-input":{"@type":"PropertyValueSpecification","valueRequired":true,"valueName":"search_term_string"}}],"inLanguage":"es"},{"@type":"Organization","@id":"https:\/\/www.vallonchene.fr\/es\/#organization","name":"VALLONCHENE","url":"https:\/\/www.vallonchene.fr\/es\/","logo":{"@type":"ImageObject","inLanguage":"es","@id":"https:\/\/www.vallonchene.fr\/es\/#\/schema\/logo\/image\/","url":"https:\/\/www.vallonchene.fr\/wp-content\/uploads\/2023\/03\/Logo-Vallonchene-site-et-R_hauteur_100.png","contentUrl":"https:\/\/www.vallonchene.fr\/wp-content\/uploads\/2023\/03\/Logo-Vallonchene-site-et-R_hauteur_100.png","width":221,"height":100,"caption":"VALLONCHENE"},"image":{"@id":"https:\/\/www.vallonchene.fr\/es\/#\/schema\/logo\/image\/"},"sameAs":["https:\/\/www.facebook.com\/vallonchene.fr","https:\/\/www.instagram.com\/vallonchene\/","https:\/\/www.pinterest.fr\/vallonchene\/"],"taxID":"49454502300017","hasMerchantReturnPolicy":{"@type":"MerchantReturnPolicy","merchantReturnLink":"https:\/\/www.vallonchene.fr\/remboursements_retours\/"}}]},"product_price_amount":"0.00","product_price_currency":"EUR","og_availability":"out of stock","product_availability":"out of stock","product_retailer_item_id":"16142","product_condition":"new"},"_links":{"self":[{"href":"https:\/\/www.vallonchene.fr\/es\/wp-json\/wp\/v2\/product\/5905","targetHints":{"allow":["GET"]}}],"collection":[{"href":"https:\/\/www.vallonchene.fr\/es\/wp-json\/wp\/v2\/product"}],"about":[{"href":"https:\/\/www.vallonchene.fr\/es\/wp-json\/wp\/v2\/types\/product"}],"replies":[{"embeddable":true,"href":"https:\/\/www.vallonchene.fr\/es\/wp-json\/wp\/v2\/comments?post=5905"}],"wp:featuredmedia":[{"embeddable":true,"href":"https:\/\/www.vallonchene.fr\/es\/wp-json\/wp\/v2\/media\/5890"}],"wp:attachment":[{"href":"https:\/\/www.vallonchene.fr\/es\/wp-json\/wp\/v2\/media?parent=5905"}],"wp:term":[{"taxonomy":"product_brand","embeddable":true,"href":"https:\/\/www.vallonchene.fr\/es\/wp-json\/wp\/v2\/product_brand?post=5905"},{"taxonomy":"product_cat","embeddable":true,"href":"https:\/\/www.vallonchene.fr\/es\/wp-json\/wp\/v2\/product_cat?post=5905"},{"taxonomy":"product_tag","embeddable":true,"href":"https:\/\/www.vallonchene.fr\/es\/wp-json\/wp\/v2\/product_tag?post=5905"}],"curies":[{"name":"wp","href":"https:\/\/api.w.org\/{rel}","templated":true}]}}