{"id":5887,"date":"2021-08-31T11:34:33","date_gmt":"2021-08-31T11:34:33","guid":{"rendered":"https:\/\/testing.vallonchene.fr\/produit\/rosa-summer-song\/"},"modified":"2024-09-26T14:49:10","modified_gmt":"2024-09-26T14:49:10","slug":"rosa-summer-song","status":"publish","type":"product","link":"https:\/\/www.vallonchene.fr\/es\/producto\/rosa-summer-song\/","title":{"rendered":"ROSA &#8216;Summer Song&#8217;"},"content":{"rendered":"","protected":false},"excerpt":{"rendered":"<p><span>Ce <strong>rosier<\/strong> a des fleurs d&#8217;une couleur tr\u00e8s originale, d\u00e9butant orange et finissant rose saumon. Le <strong>ROSA &#8216;Summer Song&#8217;<\/strong>\u00a0enchante avec son d\u00e9licieux parfum et fleurit du printemps jusqu&#8217;au premi\u00e8res gel\u00e9es.<\/span><\/p>\n","protected":false},"featured_media":5875,"comment_status":"open","ping_status":"closed","template":"","meta":[],"product_brand":[],"product_cat":[290],"product_tag":[1673,1626,2856,1672,2857],"class_list":{"0":"post-5887","1":"product","2":"type-product","3":"status-publish","4":"has-post-thumbnail","6":"product_cat-roses-david-austin","7":"product_tag-david-austin","8":"product_tag-rosa","9":"product_tag-rosa-summer-song","10":"product_tag-rosier-anglais","11":"product_tag-summer-song","12":"pa_99-hauteurapproximativeapres1-100a150m","13":"pa_couleurdelecorce-vert","14":"pa_couleurdesfleurs-orange","15":"pa_couleurdesfleurs-rose","16":"pa_couleurdufeuillage-vert","17":"pa_exigencesenhumidite-fraisahumide","18":"pa_exigencesenhumidite-moyen","19":"pa_expositionspossibles-pleinsoleilde12ha17hmin","20":"pa_interetauprintemps-fleurs","21":"pa_interetauprintemps-parfum","22":"pa_interetenautomne-fleurs","23":"pa_interetenautomne-parfum","24":"pa_interetenete-fleurs","25":"pa_interetenete-parfum","26":"pa_naturedufeuillage-caduc","27":"pa_naturesdesolpossibles-leger","28":"pa_naturesdesolpossibles-lourd","29":"pa_naturesdesolpossibles-normal","30":"pa_particularites-fleursacouper","31":"pa_particularites-mellifere","32":"pa_particularites-parfume","33":"pa_periodedefloraison-automne","34":"pa_periodedefloraison-ete","35":"pa_periodedefloraison-printemps","36":"pa_periodedetaille-mars","37":"pa_phdusolacceptable-calcaireplusde75","38":"pa_phdusolacceptable-neutreentre65et75","39":"pa_portgraphisme-arrondi","40":"pa_portgraphisme-buissonnant","41":"pa_portgraphisme-grimpant","42":"pa_resistanceaufroidrusticite-resistant-en-dessous-de-moins-20-degree-c","43":"pa_utilisationpossible-grimpant","44":"pa_utilisationpossible-haie","45":"pa_utilisationpossible-isole","46":"pa_utilisationpossible-massif","48":"first","49":"outofstock","50":"taxable","51":"shipping-taxable","52":"purchasable","53":"product-type-simple"},"supplier_id":null,"supplier_sku":"","barcode":null,"atum_controlled":true,"out_stock_date":"2024-09-26 14:49:10","out_stock_threshold":null,"inheritable":false,"inbound_stock":0,"stock_on_hold":0,"sold_today":0,"sales_last_days":0,"reserved_stock":0,"customer_returns":0,"warehouse_damage":0,"lost_in_post":0,"other_logs":0,"out_stock_days":337,"lost_sales":0,"has_location":false,"update_date":"2025-08-30T13:26:35","atum_locations":[],"atum_stock_status":"outofstock","restock_status":false,"low_stock_amount":"","sales_update_date":"2025-08-30T13:26:35","calc_backorders":null,"yoast_head":"<!-- This site is optimized with the Yoast SEO Premium plugin v27.5 (Yoast SEO v27.5) - https:\/\/yoast.com\/product\/yoast-seo-premium-wordpress\/ -->\n<title>ROSA &#039;Summer Song&#039; - Rosier anglais<\/title>\n<meta name=\"description\" content=\"Ce rosier a des fleurs d&#039;une couleur tr\u00e8s originale, d\u00e9butant orange et finissant rose saumon. Le ROSA &#039;Summer Song&#039;\u00a0enchante avec son d\u00e9licieux parfum et fleurit du printemps jusqu&#039;au...\" \/>\n<meta name=\"robots\" content=\"index, follow, max-snippet:-1, max-image-preview:large, max-video-preview:-1\" \/>\n<link rel=\"canonical\" href=\"https:\/\/www.vallonchene.fr\/es\/producto\/rosa-summer-song\/\" \/>\n<meta property=\"og:locale\" content=\"es_ES\" \/>\n<meta property=\"og:type\" content=\"article\" \/>\n<meta property=\"og:title\" content=\"ROSA &#039;Summer Song&#039;\" \/>\n<meta property=\"og:description\" content=\"Ce rosier a des fleurs d&#039;une couleur tr\u00e8s originale, d\u00e9butant orange et finissant rose saumon. Le ROSA &#039;Summer Song&#039;\u00a0enchante avec son d\u00e9licieux parfum et fleurit du printemps jusqu&#039;au...\" \/>\n<meta property=\"og:url\" content=\"https:\/\/www.vallonchene.fr\/es\/producto\/rosa-summer-song\/\" \/>\n<meta property=\"og:site_name\" content=\"Vallonch\u00eane\" \/>\n<meta property=\"article:publisher\" content=\"https:\/\/www.facebook.com\/vallonchene.fr\" \/>\n<meta property=\"article:modified_time\" content=\"2024-09-26T14:49:10+00:00\" \/>\n<meta property=\"og:image\" content=\"https:\/\/www.vallonchene.fr\/wp-content\/uploads\/2021\/08\/3418-2ea-ROSA-Summer-Song-en-Juin.jpg\" \/>\n\t<meta property=\"og:image:width\" content=\"1600\" \/>\n\t<meta property=\"og:image:height\" content=\"1600\" \/>\n\t<meta property=\"og:image:type\" content=\"image\/jpeg\" \/>\n<meta name=\"twitter:card\" content=\"summary_large_image\" \/>\n<meta name=\"twitter:label1\" content=\"Precio\" \/>\n\t<meta name=\"twitter:data1\" content=\"0,00&nbsp;&euro;\" \/>\n\t<meta name=\"twitter:label2\" content=\"Disponibilidad\" \/>\n\t<meta name=\"twitter:data2\" content=\"Agotado\" \/>\n<script type=\"application\/ld+json\" class=\"yoast-schema-graph\">{\"@context\":\"https:\\\/\\\/schema.org\",\"@graph\":[{\"@type\":\"WebPage\",\"@id\":\"https:\\\/\\\/www.vallonchene.fr\\\/es\\\/producto\\\/rosa-summer-song\\\/\",\"url\":\"https:\\\/\\\/www.vallonchene.fr\\\/es\\\/producto\\\/rosa-summer-song\\\/\",\"name\":\"ROSA 'Summer Song' - Rosier anglais\",\"isPartOf\":{\"@id\":\"https:\\\/\\\/www.vallonchene.fr\\\/es\\\/#website\"},\"primaryImageOfPage\":{\"@id\":\"https:\\\/\\\/www.vallonchene.fr\\\/es\\\/producto\\\/rosa-summer-song\\\/#primaryimage\"},\"image\":{\"@id\":\"https:\\\/\\\/www.vallonchene.fr\\\/es\\\/producto\\\/rosa-summer-song\\\/#primaryimage\"},\"thumbnailUrl\":\"https:\\\/\\\/www.vallonchene.fr\\\/wp-content\\\/uploads\\\/2021\\\/08\\\/3418-2ea-ROSA-Summer-Song-en-Juin.jpg\",\"datePublished\":\"2021-08-31T11:34:33+00:00\",\"dateModified\":\"2024-09-26T14:49:10+00:00\",\"description\":\"Ce rosier a des fleurs d'une couleur tr\u00e8s originale, d\u00e9butant orange et finissant rose saumon. Le ROSA 'Summer Song'\u00a0enchante avec son d\u00e9licieux parfum et fleurit du printemps jusqu'au...\",\"breadcrumb\":{\"@id\":\"https:\\\/\\\/www.vallonchene.fr\\\/es\\\/producto\\\/rosa-summer-song\\\/#breadcrumb\"},\"inLanguage\":\"es\",\"potentialAction\":[{\"@type\":\"ReadAction\",\"target\":[\"https:\\\/\\\/www.vallonchene.fr\\\/es\\\/producto\\\/rosa-summer-song\\\/\"]}]},{\"@type\":\"ImageObject\",\"inLanguage\":\"es\",\"@id\":\"https:\\\/\\\/www.vallonchene.fr\\\/es\\\/producto\\\/rosa-summer-song\\\/#primaryimage\",\"url\":\"https:\\\/\\\/www.vallonchene.fr\\\/wp-content\\\/uploads\\\/2021\\\/08\\\/3418-2ea-ROSA-Summer-Song-en-Juin.jpg\",\"contentUrl\":\"https:\\\/\\\/www.vallonchene.fr\\\/wp-content\\\/uploads\\\/2021\\\/08\\\/3418-2ea-ROSA-Summer-Song-en-Juin.jpg\",\"width\":1600,\"height\":1600,\"caption\":\"ROSA 'Summer Song' en Juin\"},{\"@type\":\"BreadcrumbList\",\"@id\":\"https:\\\/\\\/www.vallonchene.fr\\\/es\\\/producto\\\/rosa-summer-song\\\/#breadcrumb\",\"itemListElement\":[{\"@type\":\"ListItem\",\"position\":1,\"name\":\"Home\",\"item\":\"https:\\\/\\\/www.vallonchene.fr\\\/es\\\/\"},{\"@type\":\"ListItem\",\"position\":2,\"name\":\"Tienda\",\"item\":\"https:\\\/\\\/www.vallonchene.fr\\\/tienda\\\/\"},{\"@type\":\"ListItem\",\"position\":3,\"name\":\"Venta en linea\",\"item\":\"https:\\\/\\\/www.vallonchene.fr\\\/es\\\/categoria-producto\\\/venta-en-linea\\\/\"},{\"@type\":\"ListItem\",\"position\":4,\"name\":\"Vivero\",\"item\":\"https:\\\/\\\/www.vallonchene.fr\\\/es\\\/categoria-producto\\\/venta-en-linea\\\/vivero\\\/\"},{\"@type\":\"ListItem\",\"position\":5,\"name\":\"Rosas DAVID AUSTIN\",\"item\":\"https:\\\/\\\/www.vallonchene.fr\\\/es\\\/categoria-producto\\\/venta-en-linea\\\/vivero\\\/rosas-david-austin\\\/\"},{\"@type\":\"ListItem\",\"position\":6,\"name\":\"ROSA &#8216;Summer Song&#8217;\"}]},{\"@type\":\"WebSite\",\"@id\":\"https:\\\/\\\/www.vallonchene.fr\\\/es\\\/#website\",\"url\":\"https:\\\/\\\/www.vallonchene.fr\\\/es\\\/\",\"name\":\"Vallonch\u00eane\",\"description\":\"El vivero donde la calidad tiene sus ra\u00edces \u2013 Tel.: +33 (0)2.35.90.02.02\",\"publisher\":{\"@id\":\"https:\\\/\\\/www.vallonchene.fr\\\/es\\\/#organization\"},\"potentialAction\":[{\"@type\":\"SearchAction\",\"target\":{\"@type\":\"EntryPoint\",\"urlTemplate\":\"https:\\\/\\\/www.vallonchene.fr\\\/es\\\/?s={search_term_string}\"},\"query-input\":{\"@type\":\"PropertyValueSpecification\",\"valueRequired\":true,\"valueName\":\"search_term_string\"}}],\"inLanguage\":\"es\"},{\"@type\":\"Organization\",\"@id\":\"https:\\\/\\\/www.vallonchene.fr\\\/es\\\/#organization\",\"name\":\"VALLONCHENE\",\"url\":\"https:\\\/\\\/www.vallonchene.fr\\\/es\\\/\",\"logo\":{\"@type\":\"ImageObject\",\"inLanguage\":\"es\",\"@id\":\"https:\\\/\\\/www.vallonchene.fr\\\/es\\\/#\\\/schema\\\/logo\\\/image\\\/\",\"url\":\"https:\\\/\\\/www.vallonchene.fr\\\/wp-content\\\/uploads\\\/2023\\\/03\\\/Logo-Vallonchene-site-et-R_hauteur_100.png\",\"contentUrl\":\"https:\\\/\\\/www.vallonchene.fr\\\/wp-content\\\/uploads\\\/2023\\\/03\\\/Logo-Vallonchene-site-et-R_hauteur_100.png\",\"width\":221,\"height\":100,\"caption\":\"VALLONCHENE\"},\"image\":{\"@id\":\"https:\\\/\\\/www.vallonchene.fr\\\/es\\\/#\\\/schema\\\/logo\\\/image\\\/\"},\"sameAs\":[\"https:\\\/\\\/www.facebook.com\\\/vallonchene.fr\",\"https:\\\/\\\/www.instagram.com\\\/vallonchene\\\/\",\"https:\\\/\\\/www.pinterest.fr\\\/vallonchene\\\/\"],\"taxID\":\"49454502300017\",\"hasMerchantReturnPolicy\":{\"@type\":\"MerchantReturnPolicy\",\"merchantReturnLink\":\"https:\\\/\\\/www.vallonchene.fr\\\/remboursements_retours\\\/\"}}]}<\/script>\n<meta property=\"product:price:amount\" content=\"0.00\" \/>\n<meta property=\"product:price:currency\" content=\"EUR\" \/>\n<meta property=\"og:availability\" content=\"out of stock\" \/>\n<meta property=\"product:availability\" content=\"out of stock\" \/>\n<meta property=\"product:retailer_item_id\" content=\"18362\" \/>\n<meta property=\"product:condition\" content=\"new\" \/>\n<!-- \/ Yoast SEO Premium plugin. -->","yoast_head_json":{"title":"ROSA 'Summer Song' - Rosier anglais","description":"Ce rosier a des fleurs d'une couleur tr\u00e8s originale, d\u00e9butant orange et finissant rose saumon. Le ROSA 'Summer Song'\u00a0enchante avec son d\u00e9licieux parfum et fleurit du printemps jusqu'au...","robots":{"index":"index","follow":"follow","max-snippet":"max-snippet:-1","max-image-preview":"max-image-preview:large","max-video-preview":"max-video-preview:-1"},"canonical":"https:\/\/www.vallonchene.fr\/es\/producto\/rosa-summer-song\/","og_locale":"es_ES","og_type":"article","og_title":"ROSA 'Summer Song'","og_description":"Ce rosier a des fleurs d'une couleur tr\u00e8s originale, d\u00e9butant orange et finissant rose saumon. Le ROSA 'Summer Song'\u00a0enchante avec son d\u00e9licieux parfum et fleurit du printemps jusqu'au...","og_url":"https:\/\/www.vallonchene.fr\/es\/producto\/rosa-summer-song\/","og_site_name":"Vallonch\u00eane","article_publisher":"https:\/\/www.facebook.com\/vallonchene.fr","article_modified_time":"2024-09-26T14:49:10+00:00","og_image":[{"width":1600,"height":1600,"url":"https:\/\/www.vallonchene.fr\/wp-content\/uploads\/2021\/08\/3418-2ea-ROSA-Summer-Song-en-Juin.jpg","type":"image\/jpeg"}],"twitter_card":"summary_large_image","twitter_misc":{"Precio":"0,00&nbsp;&euro;","Disponibilidad":"Agotado"},"schema":{"@context":"https:\/\/schema.org","@graph":[{"@type":"WebPage","@id":"https:\/\/www.vallonchene.fr\/es\/producto\/rosa-summer-song\/","url":"https:\/\/www.vallonchene.fr\/es\/producto\/rosa-summer-song\/","name":"ROSA 'Summer Song' - Rosier anglais","isPartOf":{"@id":"https:\/\/www.vallonchene.fr\/es\/#website"},"primaryImageOfPage":{"@id":"https:\/\/www.vallonchene.fr\/es\/producto\/rosa-summer-song\/#primaryimage"},"image":{"@id":"https:\/\/www.vallonchene.fr\/es\/producto\/rosa-summer-song\/#primaryimage"},"thumbnailUrl":"https:\/\/www.vallonchene.fr\/wp-content\/uploads\/2021\/08\/3418-2ea-ROSA-Summer-Song-en-Juin.jpg","datePublished":"2021-08-31T11:34:33+00:00","dateModified":"2024-09-26T14:49:10+00:00","description":"Ce rosier a des fleurs d'une couleur tr\u00e8s originale, d\u00e9butant orange et finissant rose saumon. Le ROSA 'Summer Song'\u00a0enchante avec son d\u00e9licieux parfum et fleurit du printemps jusqu'au...","breadcrumb":{"@id":"https:\/\/www.vallonchene.fr\/es\/producto\/rosa-summer-song\/#breadcrumb"},"inLanguage":"es","potentialAction":[{"@type":"ReadAction","target":["https:\/\/www.vallonchene.fr\/es\/producto\/rosa-summer-song\/"]}]},{"@type":"ImageObject","inLanguage":"es","@id":"https:\/\/www.vallonchene.fr\/es\/producto\/rosa-summer-song\/#primaryimage","url":"https:\/\/www.vallonchene.fr\/wp-content\/uploads\/2021\/08\/3418-2ea-ROSA-Summer-Song-en-Juin.jpg","contentUrl":"https:\/\/www.vallonchene.fr\/wp-content\/uploads\/2021\/08\/3418-2ea-ROSA-Summer-Song-en-Juin.jpg","width":1600,"height":1600,"caption":"ROSA 'Summer Song' en Juin"},{"@type":"BreadcrumbList","@id":"https:\/\/www.vallonchene.fr\/es\/producto\/rosa-summer-song\/#breadcrumb","itemListElement":[{"@type":"ListItem","position":1,"name":"Home","item":"https:\/\/www.vallonchene.fr\/es\/"},{"@type":"ListItem","position":2,"name":"Tienda","item":"https:\/\/www.vallonchene.fr\/tienda\/"},{"@type":"ListItem","position":3,"name":"Venta en linea","item":"https:\/\/www.vallonchene.fr\/es\/categoria-producto\/venta-en-linea\/"},{"@type":"ListItem","position":4,"name":"Vivero","item":"https:\/\/www.vallonchene.fr\/es\/categoria-producto\/venta-en-linea\/vivero\/"},{"@type":"ListItem","position":5,"name":"Rosas DAVID AUSTIN","item":"https:\/\/www.vallonchene.fr\/es\/categoria-producto\/venta-en-linea\/vivero\/rosas-david-austin\/"},{"@type":"ListItem","position":6,"name":"ROSA &#8216;Summer Song&#8217;"}]},{"@type":"WebSite","@id":"https:\/\/www.vallonchene.fr\/es\/#website","url":"https:\/\/www.vallonchene.fr\/es\/","name":"Vallonch\u00eane","description":"El vivero donde la calidad tiene sus ra\u00edces \u2013 Tel.: +33 (0)2.35.90.02.02","publisher":{"@id":"https:\/\/www.vallonchene.fr\/es\/#organization"},"potentialAction":[{"@type":"SearchAction","target":{"@type":"EntryPoint","urlTemplate":"https:\/\/www.vallonchene.fr\/es\/?s={search_term_string}"},"query-input":{"@type":"PropertyValueSpecification","valueRequired":true,"valueName":"search_term_string"}}],"inLanguage":"es"},{"@type":"Organization","@id":"https:\/\/www.vallonchene.fr\/es\/#organization","name":"VALLONCHENE","url":"https:\/\/www.vallonchene.fr\/es\/","logo":{"@type":"ImageObject","inLanguage":"es","@id":"https:\/\/www.vallonchene.fr\/es\/#\/schema\/logo\/image\/","url":"https:\/\/www.vallonchene.fr\/wp-content\/uploads\/2023\/03\/Logo-Vallonchene-site-et-R_hauteur_100.png","contentUrl":"https:\/\/www.vallonchene.fr\/wp-content\/uploads\/2023\/03\/Logo-Vallonchene-site-et-R_hauteur_100.png","width":221,"height":100,"caption":"VALLONCHENE"},"image":{"@id":"https:\/\/www.vallonchene.fr\/es\/#\/schema\/logo\/image\/"},"sameAs":["https:\/\/www.facebook.com\/vallonchene.fr","https:\/\/www.instagram.com\/vallonchene\/","https:\/\/www.pinterest.fr\/vallonchene\/"],"taxID":"49454502300017","hasMerchantReturnPolicy":{"@type":"MerchantReturnPolicy","merchantReturnLink":"https:\/\/www.vallonchene.fr\/remboursements_retours\/"}}]},"product_price_amount":"0.00","product_price_currency":"EUR","og_availability":"out of stock","product_availability":"out of stock","product_retailer_item_id":"18362","product_condition":"new"},"_links":{"self":[{"href":"https:\/\/www.vallonchene.fr\/es\/wp-json\/wp\/v2\/product\/5887","targetHints":{"allow":["GET"]}}],"collection":[{"href":"https:\/\/www.vallonchene.fr\/es\/wp-json\/wp\/v2\/product"}],"about":[{"href":"https:\/\/www.vallonchene.fr\/es\/wp-json\/wp\/v2\/types\/product"}],"replies":[{"embeddable":true,"href":"https:\/\/www.vallonchene.fr\/es\/wp-json\/wp\/v2\/comments?post=5887"}],"wp:featuredmedia":[{"embeddable":true,"href":"https:\/\/www.vallonchene.fr\/es\/wp-json\/wp\/v2\/media\/5875"}],"wp:attachment":[{"href":"https:\/\/www.vallonchene.fr\/es\/wp-json\/wp\/v2\/media?parent=5887"}],"wp:term":[{"taxonomy":"product_brand","embeddable":true,"href":"https:\/\/www.vallonchene.fr\/es\/wp-json\/wp\/v2\/product_brand?post=5887"},{"taxonomy":"product_cat","embeddable":true,"href":"https:\/\/www.vallonchene.fr\/es\/wp-json\/wp\/v2\/product_cat?post=5887"},{"taxonomy":"product_tag","embeddable":true,"href":"https:\/\/www.vallonchene.fr\/es\/wp-json\/wp\/v2\/product_tag?post=5887"}],"curies":[{"name":"wp","href":"https:\/\/api.w.org\/{rel}","templated":true}]}}