{"id":58526,"date":"2021-08-31T11:16:10","date_gmt":"2021-08-31T11:16:10","guid":{"rendered":"https:\/\/www.vallonchene.fr\/produit\/magnolia-judy-zuk\/"},"modified":"2021-08-31T11:16:10","modified_gmt":"2021-08-31T09:16:10","slug":"magnolia-judy-zuk","status":"publish","type":"product","link":"https:\/\/www.vallonchene.fr\/es\/producto\/magnolia-judy-zuk\/","title":{"rendered":"MAGNOLIA &#8216;Judy Zuk&#8217;"},"content":{"rendered":"<h2>La Planta<\/h2>\n<p>La <em>MAGNOLIA &#8216;Judy Zuk&#8217;<\/em> puede considerarse una de las <em>magnolias<\/em> de flores amarillas m\u00e1s espectaculares. Destaca no solo por sus colores, sino tambi\u00e9n por su experiencia multisensorial.<\/p>\n<p>De hecho, muchas magnolias de flores amarillas muestran tonos muy suaves, a veces incluso crema. En cambio, las flores de esta magnolia tienen un amarillo dorado intenso. Lo que las hace a\u00fan m\u00e1s particulares son los matices de malva, albaricoque y rosa profundo en la base de los p\u00e9talos.<\/p>\n<p>Adem\u00e1s, las flores difunden un perfume diferente al de otras magnolias (que a menudo recuerda al lim\u00f3n y la vainilla). Se distinguen por una fragancia afrutada y especiada. Se trata de una de las magnolias m\u00e1s perfumadas.<\/p>\n<p>Luego, su dise\u00f1o gr\u00e1fico es igualmente particular. Como puede ver en la foto de nuestro sitio web, esta magnolia crece con una forma particularmente erguida. Por lo tanto, requiere un espacio en el suelo muy limitado y lo hace singularmente interesante para jardines peque\u00f1os o espacios reducidos.<\/p>\n<p>Para coronar todo, el <em>M. &#8216;Judy Zuk&#8217;<\/em> florece mucho m\u00e1s tarde que otras magnolias. Esto protege su floraci\u00f3n de las heladas tard\u00edas.<\/p>\n<h2>Historia y Origen<\/h2>\n<p>La <em>MAGNOLIA &#8216;Judy Zuk&#8217;<\/em> fue hibridado en el Jard\u00edn Bot\u00e1nico de Brooklyn (BBG) y nombrado en honor a Judy Zuk, la antigua presidenta del jard\u00edn y directora del Scott Arboretum. Sus pares la reconoc\u00edan como un tit\u00e1n del mundo de la horticultura. Adem\u00e1s, ten\u00eda una debilidad particular por las magnolias.<\/p>\n<p>De hecho, el Jard\u00edn Bot\u00e1nico de Brooklyn dispon\u00eda de un programa de hibridaci\u00f3n de magnolias que comenz\u00f3 en 1953 y termin\u00f3 en 1991. Los cruces se realizaban en una de sus sucursales, el Kitchawan Research Center.<\/p>\n<p>As\u00ed, el BBG contribuy\u00f3 al desarrollo de ocho h\u00edbridos que a\u00fan se comercializan hoy en d\u00eda. Entre estos h\u00edbridos se encuentran <em>MAGNOLIA &#8216;Elizabeth&#8217;<\/em>, <em><strong><a href=\"https:\/\/www.vallonchene.fr\/producto\/magnolia-x-yellow-bird\/\">MAGNOLIA &#8216;Yellow Bird&#8217;<\/a><\/strong><\/em>, <em><strong><a href=\"https:\/\/www.vallonchene.fr\/es\/producto\/magnolia-lois\/\">MAGNOLIA &#8216;Lois&#8217;<\/a><\/strong><\/em> y el <strong><a href=\"https:\/\/www.vallonchene.fr\/es\/producto\/magnolia-black-beauty\/\"><em>MAGNOLIA &#8216;Black Beauty&#8217;<\/em><\/a> <\/strong>por nombrar solo algunos.<\/p>\n<p>Finalmente, el <em>M. &#8216;Judy Zuk&#8217;<\/em> es un cruce de <em>M. acuminata<\/em>, <em>M. liliiflora<\/em> y <em>M. stellata<\/em>.<\/p>\n<h2>\u00bfC\u00f3mo plantar y cuidar el MAGNOLIA &#8216;Judy Zuk&#8217;?<\/h2>\n<h3>La Plantaci\u00f3n<\/h3>\n<p>Esta magnolia es una planta resistente. Para darle las mejores posibilidades de \u00e9xito, considere lo siguiente:<\/p>\n<ol>\n<li>Encu\u00e9ntrele un lugar a pleno sol o a media sombra. Sin embargo, para favorecer su floraci\u00f3n, prefiera el pleno sol.<\/li>\n<li>El lugar puede ser fresco a h\u00famedo, moderadamente h\u00famedo o seco.<\/li>\n<li>Tolera un suelo ligero o normal con un pH \u00e1cido o neutro.<\/li>\n<li>Para una buena preparaci\u00f3n del hoyo de plantaci\u00f3n, hemos dise\u00f1ado <a href=\"https:\/\/www.vallonchene.fr\/comment-planter-et-entretenir-des-vegetaux\/comment-planter-et-entretenir-arbres-arbustes-et-coniferes\/\" target=\"_blank\" rel=\"noreferrer noopener\"><strong>instrucciones espec\u00edficas disponibles aqu\u00ed<\/strong><\/a>.<\/li>\n<\/ol>\n<h3>El Cuidado<\/h3>\n<p>Como con cualquier planta reci\u00e9n plantada, siga un riego regular durante los dos primeros a\u00f1os y especialmente durante los per\u00edodos secos. Lea tambi\u00e9n <a href=\"https:\/\/www.vallonchene.fr\/comment-bien-arroser-le-jardin-et-economiser-leau\/\"><strong>nuestros consejos sobre c\u00f3mo regar bien y ahorrar agua aqu\u00ed<\/strong><\/a>.<\/p>\n<p>Si desea podar esta magnolia, h\u00e1galo en marzo antes del nuevo crecimiento. <strong>Recuerde aplicar un cicatrizante de tipo <em>Lac Balsam<\/em> sobre las heridas de poda una vez que est\u00e9n secas.<\/strong><\/p>\n","protected":false},"excerpt":{"rendered":"<p>Esta <strong>magnolia<\/strong> tiene un porte muy erguido. Las flores de un amarillo intenso de la <strong>MAGNOLIA &#8216;Judy Zuk&#8217;<\/strong> se desarrollan en primavera al mismo tiempo que su follaje. Es perfectamente r\u00fastica.<\/p>\n","protected":false},"featured_media":58505,"comment_status":"open","ping_status":"closed","template":"","meta":[],"product_brand":[],"product_cat":[11499],"product_tag":[12267],"class_list":{"0":"post-58526","1":"product","2":"type-product","3":"status-publish","4":"has-post-thumbnail","6":"product_cat-arbustos-y-arboles","7":"product_tag-magnolia-es","8":"pa_99-hauteurapproximativeapres1-2-a-3-m","9":"pa_couleurdesfleurs-amarilla","10":"pa_couleurdufeuillage-verde","11":"pa_exigencesenhumidite-moderadamente-humedo-a-humedo","12":"pa_exigencesenhumidite-promedio","13":"pa_exigencesenhumidite-seco","14":"pa_expositionspossibles-pleno-sol-de-12-a-17-min","15":"pa_expositionspossibles-sombra-parcial-evitar-el-sol-de-12-a-17-horas","16":"pa_hauteurlivree-100-a-125-cm","17":"pa_hauteurlivree-125-a-150-cm-es","18":"pa_interetauprintemps-flores","19":"pa_interetauprintemps-follaje","20":"pa_interetauprintemps-habitus","21":"pa_interetenautomne-follaje","22":"pa_interetenautomne-habitus","23":"pa_interetenete-follaje","24":"pa_interetenete-habitus","25":"pa_interetenhiver-habitus","26":"pa_naturedufeuillage-caduco","27":"pa_naturesdesolpossibles-ligero","28":"pa_naturesdesolpossibles-normal-es","29":"pa_particularites-habitus","30":"pa_periodedefloraison-primavera","31":"pa_periodedetaille-marzo","32":"pa_phdusolacceptable-acido-menos-de-6_5","33":"pa_phdusolacceptable-neutro-entre-6_5-y-7_5","34":"pa_portgraphisme-fastigiado","35":"pa_resistanceaufroidrusticite-resistente-por-debajo-de-menos-20-c","36":"pa_tailledepot-maceta-de-3-litros","37":"pa_utilisationpossible-aislado","38":"pa_utilisationpossible-arriate","40":"first","41":"outofstock","42":"taxable","43":"shipping-taxable","44":"purchasable","45":"product-type-variable"},"supplier_id":null,"supplier_sku":"","barcode":null,"atum_controlled":true,"out_stock_date":"2024-09-26 15:17:25","out_stock_threshold":null,"inheritable":true,"inbound_stock":0,"stock_on_hold":0,"sold_today":1,"sales_last_days":0,"reserved_stock":null,"customer_returns":null,"warehouse_damage":null,"lost_in_post":null,"other_logs":null,"out_stock_days":566,"lost_sales":0,"has_location":false,"update_date":"2026-04-22T12:14:41","atum_locations":[],"atum_stock_status":"instock","restock_status":false,"low_stock_amount":"","sales_update_date":null,"calc_backorders":null,"yoast_head":"<!-- This site is optimized with the Yoast SEO Premium plugin v27.4 (Yoast SEO v27.4) - https:\/\/yoast.com\/product\/yoast-seo-premium-wordpress\/ -->\n<title>MAGNOLIA &#039;Judy Zuk&#039; - magnolia<\/title>\n<meta name=\"description\" content=\"Esta magnolia tiene un porte muy erguido. Las flores de un amarillo intenso de la MAGNOLIA &#039;Judy Zuk&#039; se desarrollan en primavera al mismo tiempo que su follaje.\" \/>\n<meta name=\"robots\" content=\"index, follow, max-snippet:-1, max-image-preview:large, max-video-preview:-1\" \/>\n<link rel=\"canonical\" href=\"https:\/\/www.vallonchene.fr\/es\/producto\/magnolia-judy-zuk\/\" \/>\n<meta property=\"og:locale\" content=\"es_ES\" \/>\n<meta property=\"og:type\" content=\"article\" \/>\n<meta property=\"og:title\" content=\"MAGNOLIA &#039;Judy Zuk&#039;\" \/>\n<meta property=\"og:description\" content=\"Esta magnolia tiene un porte muy erguido. Las flores de un amarillo intenso de la MAGNOLIA &#039;Judy Zuk&#039; se desarrollan en primavera al mismo tiempo que su follaje.\" \/>\n<meta property=\"og:url\" content=\"https:\/\/www.vallonchene.fr\/es\/producto\/magnolia-judy-zuk\/\" \/>\n<meta property=\"og:site_name\" content=\"Vallonch\u00eane\" \/>\n<meta property=\"article:publisher\" content=\"https:\/\/www.facebook.com\/vallonchene.fr\" \/>\n<meta property=\"og:image\" content=\"https:\/\/www.vallonchene.fr\/wp-content\/uploads\/2026\/04\/MAGNOLIA-Judy-Zuk_03.webp\" \/>\n\t<meta property=\"og:image:width\" content=\"1000\" \/>\n\t<meta property=\"og:image:height\" content=\"1000\" \/>\n\t<meta property=\"og:image:type\" content=\"image\/webp\" \/>\n<meta name=\"twitter:card\" content=\"summary_large_image\" \/>\n<meta name=\"twitter:label1\" content=\"Disponibilidad\" \/>\n\t<meta name=\"twitter:data1\" content=\"Agotado\" \/>\n<script type=\"application\/ld+json\" class=\"yoast-schema-graph\">{\"@context\":\"https:\\\/\\\/schema.org\",\"@graph\":[{\"@type\":\"WebPage\",\"@id\":\"https:\\\/\\\/www.vallonchene.fr\\\/es\\\/producto\\\/magnolia-judy-zuk\\\/\",\"url\":\"https:\\\/\\\/www.vallonchene.fr\\\/es\\\/producto\\\/magnolia-judy-zuk\\\/\",\"name\":\"MAGNOLIA 'Judy Zuk' - magnolia\",\"isPartOf\":{\"@id\":\"https:\\\/\\\/www.vallonchene.fr\\\/es\\\/#website\"},\"primaryImageOfPage\":{\"@id\":\"https:\\\/\\\/www.vallonchene.fr\\\/es\\\/producto\\\/magnolia-judy-zuk\\\/#primaryimage\"},\"image\":{\"@id\":\"https:\\\/\\\/www.vallonchene.fr\\\/es\\\/producto\\\/magnolia-judy-zuk\\\/#primaryimage\"},\"thumbnailUrl\":\"https:\\\/\\\/www.vallonchene.fr\\\/wp-content\\\/uploads\\\/2026\\\/04\\\/MAGNOLIA-Judy-Zuk_03.webp\",\"datePublished\":\"2021-08-31T11:16:10+00:00\",\"description\":\"Esta magnolia tiene un porte muy erguido. Las flores de un amarillo intenso de la MAGNOLIA 'Judy Zuk' se desarrollan en primavera al mismo tiempo que su follaje.\",\"breadcrumb\":{\"@id\":\"https:\\\/\\\/www.vallonchene.fr\\\/es\\\/producto\\\/magnolia-judy-zuk\\\/#breadcrumb\"},\"inLanguage\":\"es\",\"potentialAction\":[{\"@type\":\"ReadAction\",\"target\":[\"https:\\\/\\\/www.vallonchene.fr\\\/es\\\/producto\\\/magnolia-judy-zuk\\\/\"]}]},{\"@type\":\"ImageObject\",\"inLanguage\":\"es\",\"@id\":\"https:\\\/\\\/www.vallonchene.fr\\\/es\\\/producto\\\/magnolia-judy-zuk\\\/#primaryimage\",\"url\":\"https:\\\/\\\/www.vallonchene.fr\\\/wp-content\\\/uploads\\\/2026\\\/04\\\/MAGNOLIA-Judy-Zuk_03.webp\",\"contentUrl\":\"https:\\\/\\\/www.vallonchene.fr\\\/wp-content\\\/uploads\\\/2026\\\/04\\\/MAGNOLIA-Judy-Zuk_03.webp\",\"width\":1000,\"height\":1000,\"caption\":\"Flor amarilla casi abierta de MAGNOLIA 'Judy Zuk'\"},{\"@type\":\"BreadcrumbList\",\"@id\":\"https:\\\/\\\/www.vallonchene.fr\\\/es\\\/producto\\\/magnolia-judy-zuk\\\/#breadcrumb\",\"itemListElement\":[{\"@type\":\"ListItem\",\"position\":1,\"name\":\"Home\",\"item\":\"https:\\\/\\\/www.vallonchene.fr\\\/es\\\/\"},{\"@type\":\"ListItem\",\"position\":2,\"name\":\"Tienda\",\"item\":\"https:\\\/\\\/www.vallonchene.fr\\\/tienda\\\/\"},{\"@type\":\"ListItem\",\"position\":3,\"name\":\"MAGNOLIA &#8216;Judy Zuk&#8217;\"}]},{\"@type\":\"WebSite\",\"@id\":\"https:\\\/\\\/www.vallonchene.fr\\\/es\\\/#website\",\"url\":\"https:\\\/\\\/www.vallonchene.fr\\\/es\\\/\",\"name\":\"Vallonch\u00eane\",\"description\":\"El vivero donde la calidad tiene sus ra\u00edces \u2013 Tel.: +33 (0)2.35.90.02.02\",\"publisher\":{\"@id\":\"https:\\\/\\\/www.vallonchene.fr\\\/es\\\/#organization\"},\"potentialAction\":[{\"@type\":\"SearchAction\",\"target\":{\"@type\":\"EntryPoint\",\"urlTemplate\":\"https:\\\/\\\/www.vallonchene.fr\\\/es\\\/?s={search_term_string}\"},\"query-input\":{\"@type\":\"PropertyValueSpecification\",\"valueRequired\":true,\"valueName\":\"search_term_string\"}}],\"inLanguage\":\"es\"},{\"@type\":\"Organization\",\"@id\":\"https:\\\/\\\/www.vallonchene.fr\\\/es\\\/#organization\",\"name\":\"VALLONCHENE\",\"url\":\"https:\\\/\\\/www.vallonchene.fr\\\/es\\\/\",\"logo\":{\"@type\":\"ImageObject\",\"inLanguage\":\"es\",\"@id\":\"https:\\\/\\\/www.vallonchene.fr\\\/es\\\/#\\\/schema\\\/logo\\\/image\\\/\",\"url\":\"https:\\\/\\\/www.vallonchene.fr\\\/wp-content\\\/uploads\\\/2023\\\/03\\\/Logo-Vallonchene-site-et-R_hauteur_100.png\",\"contentUrl\":\"https:\\\/\\\/www.vallonchene.fr\\\/wp-content\\\/uploads\\\/2023\\\/03\\\/Logo-Vallonchene-site-et-R_hauteur_100.png\",\"width\":221,\"height\":100,\"caption\":\"VALLONCHENE\"},\"image\":{\"@id\":\"https:\\\/\\\/www.vallonchene.fr\\\/es\\\/#\\\/schema\\\/logo\\\/image\\\/\"},\"sameAs\":[\"https:\\\/\\\/www.facebook.com\\\/vallonchene.fr\",\"https:\\\/\\\/www.instagram.com\\\/vallonchene\\\/\",\"https:\\\/\\\/www.pinterest.fr\\\/vallonchene\\\/\"],\"taxID\":\"49454502300017\",\"hasMerchantReturnPolicy\":{\"@type\":\"MerchantReturnPolicy\",\"merchantReturnLink\":\"https:\\\/\\\/www.vallonchene.fr\\\/remboursements_retours\\\/\"}}]}<\/script>\n<meta property=\"og:availability\" content=\"out of stock\" \/>\n<meta property=\"product:availability\" content=\"out of stock\" \/>\n<meta property=\"product:retailer_item_id\" content=\"84161\" \/>\n<meta property=\"product:condition\" content=\"new\" \/>\n<!-- \/ Yoast SEO Premium plugin. -->","yoast_head_json":{"title":"MAGNOLIA 'Judy Zuk' - magnolia","description":"Esta magnolia tiene un porte muy erguido. Las flores de un amarillo intenso de la MAGNOLIA 'Judy Zuk' se desarrollan en primavera al mismo tiempo que su follaje.","robots":{"index":"index","follow":"follow","max-snippet":"max-snippet:-1","max-image-preview":"max-image-preview:large","max-video-preview":"max-video-preview:-1"},"canonical":"https:\/\/www.vallonchene.fr\/es\/producto\/magnolia-judy-zuk\/","og_locale":"es_ES","og_type":"article","og_title":"MAGNOLIA 'Judy Zuk'","og_description":"Esta magnolia tiene un porte muy erguido. Las flores de un amarillo intenso de la MAGNOLIA 'Judy Zuk' se desarrollan en primavera al mismo tiempo que su follaje.","og_url":"https:\/\/www.vallonchene.fr\/es\/producto\/magnolia-judy-zuk\/","og_site_name":"Vallonch\u00eane","article_publisher":"https:\/\/www.facebook.com\/vallonchene.fr","og_image":[{"width":1000,"height":1000,"url":"https:\/\/www.vallonchene.fr\/wp-content\/uploads\/2026\/04\/MAGNOLIA-Judy-Zuk_03.webp","type":"image\/webp"}],"twitter_card":"summary_large_image","twitter_misc":{"Disponibilidad":"Agotado"},"schema":{"@context":"https:\/\/schema.org","@graph":[{"@type":"WebPage","@id":"https:\/\/www.vallonchene.fr\/es\/producto\/magnolia-judy-zuk\/","url":"https:\/\/www.vallonchene.fr\/es\/producto\/magnolia-judy-zuk\/","name":"MAGNOLIA 'Judy Zuk' - magnolia","isPartOf":{"@id":"https:\/\/www.vallonchene.fr\/es\/#website"},"primaryImageOfPage":{"@id":"https:\/\/www.vallonchene.fr\/es\/producto\/magnolia-judy-zuk\/#primaryimage"},"image":{"@id":"https:\/\/www.vallonchene.fr\/es\/producto\/magnolia-judy-zuk\/#primaryimage"},"thumbnailUrl":"https:\/\/www.vallonchene.fr\/wp-content\/uploads\/2026\/04\/MAGNOLIA-Judy-Zuk_03.webp","datePublished":"2021-08-31T11:16:10+00:00","description":"Esta magnolia tiene un porte muy erguido. Las flores de un amarillo intenso de la MAGNOLIA 'Judy Zuk' se desarrollan en primavera al mismo tiempo que su follaje.","breadcrumb":{"@id":"https:\/\/www.vallonchene.fr\/es\/producto\/magnolia-judy-zuk\/#breadcrumb"},"inLanguage":"es","potentialAction":[{"@type":"ReadAction","target":["https:\/\/www.vallonchene.fr\/es\/producto\/magnolia-judy-zuk\/"]}]},{"@type":"ImageObject","inLanguage":"es","@id":"https:\/\/www.vallonchene.fr\/es\/producto\/magnolia-judy-zuk\/#primaryimage","url":"https:\/\/www.vallonchene.fr\/wp-content\/uploads\/2026\/04\/MAGNOLIA-Judy-Zuk_03.webp","contentUrl":"https:\/\/www.vallonchene.fr\/wp-content\/uploads\/2026\/04\/MAGNOLIA-Judy-Zuk_03.webp","width":1000,"height":1000,"caption":"Flor amarilla casi abierta de MAGNOLIA 'Judy Zuk'"},{"@type":"BreadcrumbList","@id":"https:\/\/www.vallonchene.fr\/es\/producto\/magnolia-judy-zuk\/#breadcrumb","itemListElement":[{"@type":"ListItem","position":1,"name":"Home","item":"https:\/\/www.vallonchene.fr\/es\/"},{"@type":"ListItem","position":2,"name":"Tienda","item":"https:\/\/www.vallonchene.fr\/tienda\/"},{"@type":"ListItem","position":3,"name":"MAGNOLIA &#8216;Judy Zuk&#8217;"}]},{"@type":"WebSite","@id":"https:\/\/www.vallonchene.fr\/es\/#website","url":"https:\/\/www.vallonchene.fr\/es\/","name":"Vallonch\u00eane","description":"El vivero donde la calidad tiene sus ra\u00edces \u2013 Tel.: +33 (0)2.35.90.02.02","publisher":{"@id":"https:\/\/www.vallonchene.fr\/es\/#organization"},"potentialAction":[{"@type":"SearchAction","target":{"@type":"EntryPoint","urlTemplate":"https:\/\/www.vallonchene.fr\/es\/?s={search_term_string}"},"query-input":{"@type":"PropertyValueSpecification","valueRequired":true,"valueName":"search_term_string"}}],"inLanguage":"es"},{"@type":"Organization","@id":"https:\/\/www.vallonchene.fr\/es\/#organization","name":"VALLONCHENE","url":"https:\/\/www.vallonchene.fr\/es\/","logo":{"@type":"ImageObject","inLanguage":"es","@id":"https:\/\/www.vallonchene.fr\/es\/#\/schema\/logo\/image\/","url":"https:\/\/www.vallonchene.fr\/wp-content\/uploads\/2023\/03\/Logo-Vallonchene-site-et-R_hauteur_100.png","contentUrl":"https:\/\/www.vallonchene.fr\/wp-content\/uploads\/2023\/03\/Logo-Vallonchene-site-et-R_hauteur_100.png","width":221,"height":100,"caption":"VALLONCHENE"},"image":{"@id":"https:\/\/www.vallonchene.fr\/es\/#\/schema\/logo\/image\/"},"sameAs":["https:\/\/www.facebook.com\/vallonchene.fr","https:\/\/www.instagram.com\/vallonchene\/","https:\/\/www.pinterest.fr\/vallonchene\/"],"taxID":"49454502300017","hasMerchantReturnPolicy":{"@type":"MerchantReturnPolicy","merchantReturnLink":"https:\/\/www.vallonchene.fr\/remboursements_retours\/"}}]},"og_availability":"out of stock","product_availability":"out of stock","product_retailer_item_id":"84161","product_condition":"new"},"_links":{"self":[{"href":"https:\/\/www.vallonchene.fr\/es\/wp-json\/wp\/v2\/product\/58526","targetHints":{"allow":["GET"]}}],"collection":[{"href":"https:\/\/www.vallonchene.fr\/es\/wp-json\/wp\/v2\/product"}],"about":[{"href":"https:\/\/www.vallonchene.fr\/es\/wp-json\/wp\/v2\/types\/product"}],"replies":[{"embeddable":true,"href":"https:\/\/www.vallonchene.fr\/es\/wp-json\/wp\/v2\/comments?post=58526"}],"wp:featuredmedia":[{"embeddable":true,"href":"https:\/\/www.vallonchene.fr\/es\/wp-json\/wp\/v2\/media\/58505"}],"wp:attachment":[{"href":"https:\/\/www.vallonchene.fr\/es\/wp-json\/wp\/v2\/media?parent=58526"}],"wp:term":[{"taxonomy":"product_brand","embeddable":true,"href":"https:\/\/www.vallonchene.fr\/es\/wp-json\/wp\/v2\/product_brand?post=58526"},{"taxonomy":"product_cat","embeddable":true,"href":"https:\/\/www.vallonchene.fr\/es\/wp-json\/wp\/v2\/product_cat?post=58526"},{"taxonomy":"product_tag","embeddable":true,"href":"https:\/\/www.vallonchene.fr\/es\/wp-json\/wp\/v2\/product_tag?post=58526"}],"curies":[{"name":"wp","href":"https:\/\/api.w.org\/{rel}","templated":true}]}}