{"id":58209,"date":"2021-08-31T11:30:50","date_gmt":"2021-08-31T11:30:50","guid":{"rendered":"https:\/\/www.vallonchene.fr\/produit\/prunus-the-bride\/"},"modified":"2021-08-31T11:30:50","modified_gmt":"2021-08-31T09:30:50","slug":"prunus-the-bride","status":"publish","type":"product","link":"https:\/\/www.vallonchene.fr\/es\/producto\/prunus-the-bride\/","title":{"rendered":"PRUNUS &#8216;The Bride&#8217;"},"content":{"rendered":"<h2>La Planta<\/h2>\n<p>El <strong>PRUNUS &#8216;The Bride&#8217;<\/strong> se presenta como un <strong>cerezo ornamental<\/strong> que se puede considerar una joya. De hecho, es mucho menos conocido que los grandes cl\u00e1sicos de cerezos ornamentales japoneses. Esto no impide que sorprenda con su floraci\u00f3n incre\u00edblemente abundante.<\/p>\n<p>Adem\u00e1s, sus flores son de un blanco puro con un toque rosado en la base de cada p\u00e9talo (cuando la flor envejece). Esto le confiere una apariencia particularmente delicada.<\/p>\n<p>Por otra parte, su tama\u00f1o reducido en comparaci\u00f3n con un <em>PRUNUS x yedoensis<\/em> y su silueta compacta lo convierten en una planta por excelencia para los peque\u00f1os jardines o parterres. No superar\u00e1 los 2 a 3 metros despu\u00e9s de una d\u00e9cada.<\/p>\n<p>Luego, nuestras amigas las abejas y otros polinizadores le agradecer\u00e1n, ya que las flores son ricas en n\u00e9ctar. A principios de la primavera, o incluso a finales del invierno, cuando las fuentes de alimento a\u00fan son escasas, este arbusto se convierte en una parada bienvenida.<\/p>\n<p>Habr\u00e1 notado que hemos publicado una foto de la hoja que parece a primera vista cualquiera. No obstante, constatar\u00e1 este verde fresco y bastante luminoso. Adem\u00e1s, el follaje permanece limpio y sano todo el verano.<\/p>\n<p>El espect\u00e1culo final se produce entonces en oto\u00f1o, cuando el follaje tomar\u00e1 un color c\u00e1lido de amarillo a un tierno naranja.<\/p>\n<p>Finalmente, el <em>P. &#8216;The Bride&#8217;<\/em> es una planta fiable, resistente al fr\u00edo, que no requiere mantenimiento y es resistente a las enfermedades. \u00bfQu\u00e9 m\u00e1s puede pedir un jardinero?<\/p>\n<h2>Historia y Origen<\/h2>\n<p>El <em>PRUNUS &#8216;The Bride&#8217;<\/em> es una pl\u00e1ntula de <em>PRUNUS &#8216;Pandora&#8217;<\/em>, tambi\u00e9n cultivado por su gran valor ornamental. Sin embargo, no fue hibridado en Jap\u00f3n. Se le atribuye al arboreto de Kalmthout (B\u00e9lgica), donde supuestamente fue descubierto en 1989.<\/p>\n<p>Su nombre po\u00e9tico &#8216;The Bride&#8217; (que significa &#8216;La Novia&#8217;) recuerda su elegante aspecto completamente blanco (al principio de la floraci\u00f3n). Cuando est\u00e1 completamente cubierto de flores, recuerda al vestido nupcial.<\/p>\n<p>Esta magn\u00edfica planta se introdujo a finales del siglo XX. Los hibridadores buscaban activamente variedades de cerezos ornamentales adaptadas a los jardines urbanos. Esta variedad representa un movimiento que se aleja de los grandes \u00e1rboles de los parques hacia los cultivares m\u00e1s compactos y elegantes.<\/p>\n<h2>\u00bfC\u00f3mo plantar y cuidar el PRUNUS &#8216;The Bride&#8217;?<\/h2>\n<h3>La Plantaci\u00f3n<\/h3>\n<p>Como ya hemos mencionado anteriormente, este cerezo en flor es una planta muy s\u00f3lida y f\u00e1cil de cultivar. Sin embargo, considere los siguientes puntos para ofrecerle sus mejores posibilidades:<\/p>\n<ol>\n<li>Encu\u00e9ntrale un lugar a pleno sol. Esto garantizar\u00e1 una floraci\u00f3n \u00f3ptima.<\/li>\n<li>El lugar puede ser medianamente h\u00famedo a seco.<\/li>\n<li>En t\u00e9rminos de suelo, este peque\u00f1o \u00e1rbol realmente no es exigente. Se conforma con una tierra ligera, normal o pesada con un pH \u00e1cido, neutro o calc\u00e1reo.<\/li>\n<li>Para una buena preparaci\u00f3n del hoyo de plantaci\u00f3n, hemos dise\u00f1ado <a href=\"https:\/\/www.vallonchene.fr\/comment-planter-et-entretenir-des-vegetaux\/comment-planter-et-entretenir-arbres-arbustes-et-coniferes\/\" target=\"_blank\" rel=\"noreferrer noopener\"><strong>instrucciones espec\u00edficas disponibles aqu\u00ed.<\/strong><\/a><\/li>\n<\/ol>\n<h3>El Cuidado<\/h3>\n<p>Como con cualquier planta reci\u00e9n puesta en tierra, asegure un riego regular durante los dos primeros a\u00f1os y, especialmente, durante los per\u00edodos secos. Lea tambi\u00e9n <a href=\"https:\/\/www.vallonchene.fr\/comment-bien-arroser-le-jardin-et-economiser-leau\/\"><strong>nuestros consejos sobre c\u00f3mo regar bien y ahorrar agua aqu\u00ed<\/strong><\/a>.<\/p>\n<p><strong>IMPORTANTE<\/strong>: Evite cualquier poda en los cerezos. No lo soportan. La poda generalmente condena a la planta a largo plazo.<\/p>\n<p>&nbsp;<\/p>\n","protected":false},"excerpt":{"rendered":"<p>Este <strong>cerezo ornamental<\/strong> tiene flores blancas. El follaje del <strong>PRUNUS &#8216;The Bride&#8217;<\/strong> adquiere colores llamativos en oto\u00f1o.<\/p>\n","protected":false},"featured_media":58197,"comment_status":"open","ping_status":"closed","template":"","meta":[],"product_brand":[],"product_cat":[11499],"product_tag":[13265,12131],"class_list":{"0":"post-58209","1":"product","2":"type-product","3":"status-publish","4":"has-post-thumbnail","6":"product_cat-arbustos-y-arboles","7":"product_tag-cerezo-japones","8":"product_tag-prunus-es","9":"pa_99-hauteurapproximativeapres1-2-a-3-m","10":"pa_couleurdesfleurs-blanca","11":"pa_couleurdufeuillage-verde","12":"pa_exigencesenhumidite-promedio","13":"pa_exigencesenhumidite-seco","14":"pa_expositionspossibles-pleno-sol-de-12-a-17-min","15":"pa_hauteurlivree-125-a-150-cm-es","16":"pa_interetauprintemps-flores","17":"pa_interetauprintemps-follaje","18":"pa_interetauprintemps-habitus","19":"pa_interetenautomne-follaje","20":"pa_interetenautomne-habitus","21":"pa_interetenete-follaje","22":"pa_interetenete-habitus","23":"pa_interetenhiver-habitus","24":"pa_naturedufeuillage-caduco","25":"pa_naturesdesolpossibles-ligero","26":"pa_naturesdesolpossibles-normal-es","27":"pa_naturesdesolpossibles-pesado","28":"pa_periodedefloraison-primavera","29":"pa_phdusolacceptable-acido-menos-de-6_5","30":"pa_phdusolacceptable-calcareo-mas-de-7_5","31":"pa_phdusolacceptable-neutro-entre-6_5-y-7_5","32":"pa_portgraphisme-infundibuliforme","33":"pa_resistanceaufroidrusticite-resistente-por-debajo-de-menos-20-c","34":"pa_tailledepot-maceta-de-7_5-litros","35":"pa_utilisationpossible-aislado","36":"pa_utilisationpossible-arriate","38":"first","39":"instock","40":"taxable","41":"shipping-taxable","42":"purchasable","43":"product-type-variable"},"supplier_id":null,"supplier_sku":"","barcode":null,"atum_controlled":true,"out_stock_date":null,"out_stock_threshold":null,"inheritable":true,"inbound_stock":0,"stock_on_hold":0,"sold_today":0,"sales_last_days":0,"reserved_stock":0,"customer_returns":0,"warehouse_damage":0,"lost_in_post":0,"other_logs":0,"out_stock_days":0,"lost_sales":0,"has_location":false,"update_date":"2026-04-26T13:07:43","atum_locations":[],"atum_stock_status":"instock","restock_status":false,"low_stock_amount":"","sales_update_date":"2026-04-16T08:15:53","calc_backorders":null,"yoast_head":"<!-- This site is optimized with the Yoast SEO Premium plugin v27.5 (Yoast SEO v27.5) - https:\/\/yoast.com\/product\/yoast-seo-premium-wordpress\/ -->\n<title>PRUNUS &#039;The Bride&#039; - cerezo ornamental blanco<\/title>\n<meta name=\"description\" content=\"Este cerezo ornamental desarrolla una gran cantidad de flores blancas. El follaje del PRUNUS &#039;The Bride&#039; adquiere colores llamativos en oto\u00f1o.\" \/>\n<meta name=\"robots\" content=\"index, follow, max-snippet:-1, max-image-preview:large, max-video-preview:-1\" \/>\n<link rel=\"canonical\" href=\"https:\/\/www.vallonchene.fr\/es\/producto\/prunus-the-bride\/\" \/>\n<meta property=\"og:locale\" content=\"es_ES\" \/>\n<meta property=\"og:type\" content=\"article\" \/>\n<meta property=\"og:title\" content=\"PRUNUS &#039;The Bride&#039;\" \/>\n<meta property=\"og:description\" content=\"Este cerezo ornamental desarrolla una gran cantidad de flores blancas. El follaje del PRUNUS &#039;The Bride&#039; adquiere colores llamativos en oto\u00f1o.\" \/>\n<meta property=\"og:url\" content=\"https:\/\/www.vallonchene.fr\/es\/producto\/prunus-the-bride\/\" \/>\n<meta property=\"og:site_name\" content=\"Vallonch\u00eane\" \/>\n<meta property=\"article:publisher\" content=\"https:\/\/www.facebook.com\/vallonchene.fr\" \/>\n<meta property=\"og:image\" content=\"https:\/\/www.vallonchene.fr\/wp-content\/uploads\/2026\/03\/P1000300.webp\" \/>\n\t<meta property=\"og:image:width\" content=\"1000\" \/>\n\t<meta property=\"og:image:height\" content=\"1000\" \/>\n\t<meta property=\"og:image:type\" content=\"image\/webp\" \/>\n<meta name=\"twitter:card\" content=\"summary_large_image\" \/>\n<meta name=\"twitter:label1\" content=\"Disponibilidad\" \/>\n\t<meta name=\"twitter:data1\" content=\"En stock\" \/>\n<script type=\"application\/ld+json\" class=\"yoast-schema-graph\">{\"@context\":\"https:\\\/\\\/schema.org\",\"@graph\":[{\"@type\":\"WebPage\",\"@id\":\"https:\\\/\\\/www.vallonchene.fr\\\/es\\\/producto\\\/prunus-the-bride\\\/\",\"url\":\"https:\\\/\\\/www.vallonchene.fr\\\/es\\\/producto\\\/prunus-the-bride\\\/\",\"name\":\"PRUNUS 'The Bride' - cerezo ornamental blanco\",\"isPartOf\":{\"@id\":\"https:\\\/\\\/www.vallonchene.fr\\\/es\\\/#website\"},\"primaryImageOfPage\":{\"@id\":\"https:\\\/\\\/www.vallonchene.fr\\\/es\\\/producto\\\/prunus-the-bride\\\/#primaryimage\"},\"image\":{\"@id\":\"https:\\\/\\\/www.vallonchene.fr\\\/es\\\/producto\\\/prunus-the-bride\\\/#primaryimage\"},\"thumbnailUrl\":\"https:\\\/\\\/www.vallonchene.fr\\\/wp-content\\\/uploads\\\/2026\\\/03\\\/P1000300.webp\",\"datePublished\":\"2021-08-31T11:30:50+00:00\",\"description\":\"Este cerezo ornamental desarrolla una gran cantidad de flores blancas. El follaje del PRUNUS 'The Bride' adquiere colores llamativos en oto\u00f1o.\",\"breadcrumb\":{\"@id\":\"https:\\\/\\\/www.vallonchene.fr\\\/es\\\/producto\\\/prunus-the-bride\\\/#breadcrumb\"},\"inLanguage\":\"es\",\"potentialAction\":[{\"@type\":\"ReadAction\",\"target\":[\"https:\\\/\\\/www.vallonchene.fr\\\/es\\\/producto\\\/prunus-the-bride\\\/\"]}]},{\"@type\":\"ImageObject\",\"inLanguage\":\"es\",\"@id\":\"https:\\\/\\\/www.vallonchene.fr\\\/es\\\/producto\\\/prunus-the-bride\\\/#primaryimage\",\"url\":\"https:\\\/\\\/www.vallonchene.fr\\\/wp-content\\\/uploads\\\/2026\\\/03\\\/P1000300.webp\",\"contentUrl\":\"https:\\\/\\\/www.vallonchene.fr\\\/wp-content\\\/uploads\\\/2026\\\/03\\\/P1000300.webp\",\"width\":1000,\"height\":1000,\"caption\":\"Primer plano de las flores de PRUNUS 'The Bride'\"},{\"@type\":\"BreadcrumbList\",\"@id\":\"https:\\\/\\\/www.vallonchene.fr\\\/es\\\/producto\\\/prunus-the-bride\\\/#breadcrumb\",\"itemListElement\":[{\"@type\":\"ListItem\",\"position\":1,\"name\":\"Home\",\"item\":\"https:\\\/\\\/www.vallonchene.fr\\\/es\\\/\"},{\"@type\":\"ListItem\",\"position\":2,\"name\":\"Tienda\",\"item\":\"https:\\\/\\\/www.vallonchene.fr\\\/tienda\\\/\"},{\"@type\":\"ListItem\",\"position\":3,\"name\":\"PRUNUS &#8216;The Bride&#8217;\"}]},{\"@type\":\"WebSite\",\"@id\":\"https:\\\/\\\/www.vallonchene.fr\\\/es\\\/#website\",\"url\":\"https:\\\/\\\/www.vallonchene.fr\\\/es\\\/\",\"name\":\"Vallonch\u00eane\",\"description\":\"El vivero donde la calidad tiene sus ra\u00edces \u2013 Tel.: +33 (0)2.35.90.02.02\",\"publisher\":{\"@id\":\"https:\\\/\\\/www.vallonchene.fr\\\/es\\\/#organization\"},\"potentialAction\":[{\"@type\":\"SearchAction\",\"target\":{\"@type\":\"EntryPoint\",\"urlTemplate\":\"https:\\\/\\\/www.vallonchene.fr\\\/es\\\/?s={search_term_string}\"},\"query-input\":{\"@type\":\"PropertyValueSpecification\",\"valueRequired\":true,\"valueName\":\"search_term_string\"}}],\"inLanguage\":\"es\"},{\"@type\":\"Organization\",\"@id\":\"https:\\\/\\\/www.vallonchene.fr\\\/es\\\/#organization\",\"name\":\"VALLONCHENE\",\"url\":\"https:\\\/\\\/www.vallonchene.fr\\\/es\\\/\",\"logo\":{\"@type\":\"ImageObject\",\"inLanguage\":\"es\",\"@id\":\"https:\\\/\\\/www.vallonchene.fr\\\/es\\\/#\\\/schema\\\/logo\\\/image\\\/\",\"url\":\"https:\\\/\\\/www.vallonchene.fr\\\/wp-content\\\/uploads\\\/2023\\\/03\\\/Logo-Vallonchene-site-et-R_hauteur_100.png\",\"contentUrl\":\"https:\\\/\\\/www.vallonchene.fr\\\/wp-content\\\/uploads\\\/2023\\\/03\\\/Logo-Vallonchene-site-et-R_hauteur_100.png\",\"width\":221,\"height\":100,\"caption\":\"VALLONCHENE\"},\"image\":{\"@id\":\"https:\\\/\\\/www.vallonchene.fr\\\/es\\\/#\\\/schema\\\/logo\\\/image\\\/\"},\"sameAs\":[\"https:\\\/\\\/www.facebook.com\\\/vallonchene.fr\",\"https:\\\/\\\/www.instagram.com\\\/vallonchene\\\/\",\"https:\\\/\\\/www.pinterest.fr\\\/vallonchene\\\/\"],\"taxID\":\"49454502300017\",\"hasMerchantReturnPolicy\":{\"@type\":\"MerchantReturnPolicy\",\"merchantReturnLink\":\"https:\\\/\\\/www.vallonchene.fr\\\/remboursements_retours\\\/\"}}]}<\/script>\n<meta property=\"og:availability\" content=\"instock\" \/>\n<meta property=\"product:availability\" content=\"instock\" \/>\n<meta property=\"product:retailer_item_id\" content=\"17351\" \/>\n<meta property=\"product:condition\" content=\"new\" \/>\n<!-- \/ Yoast SEO Premium plugin. -->","yoast_head_json":{"title":"PRUNUS 'The Bride' - cerezo ornamental blanco","description":"Este cerezo ornamental desarrolla una gran cantidad de flores blancas. El follaje del PRUNUS 'The Bride' adquiere colores llamativos en oto\u00f1o.","robots":{"index":"index","follow":"follow","max-snippet":"max-snippet:-1","max-image-preview":"max-image-preview:large","max-video-preview":"max-video-preview:-1"},"canonical":"https:\/\/www.vallonchene.fr\/es\/producto\/prunus-the-bride\/","og_locale":"es_ES","og_type":"article","og_title":"PRUNUS 'The Bride'","og_description":"Este cerezo ornamental desarrolla una gran cantidad de flores blancas. El follaje del PRUNUS 'The Bride' adquiere colores llamativos en oto\u00f1o.","og_url":"https:\/\/www.vallonchene.fr\/es\/producto\/prunus-the-bride\/","og_site_name":"Vallonch\u00eane","article_publisher":"https:\/\/www.facebook.com\/vallonchene.fr","og_image":[{"width":1000,"height":1000,"url":"https:\/\/www.vallonchene.fr\/wp-content\/uploads\/2026\/03\/P1000300.webp","type":"image\/webp"}],"twitter_card":"summary_large_image","twitter_misc":{"Disponibilidad":"En stock"},"schema":{"@context":"https:\/\/schema.org","@graph":[{"@type":"WebPage","@id":"https:\/\/www.vallonchene.fr\/es\/producto\/prunus-the-bride\/","url":"https:\/\/www.vallonchene.fr\/es\/producto\/prunus-the-bride\/","name":"PRUNUS 'The Bride' - cerezo ornamental blanco","isPartOf":{"@id":"https:\/\/www.vallonchene.fr\/es\/#website"},"primaryImageOfPage":{"@id":"https:\/\/www.vallonchene.fr\/es\/producto\/prunus-the-bride\/#primaryimage"},"image":{"@id":"https:\/\/www.vallonchene.fr\/es\/producto\/prunus-the-bride\/#primaryimage"},"thumbnailUrl":"https:\/\/www.vallonchene.fr\/wp-content\/uploads\/2026\/03\/P1000300.webp","datePublished":"2021-08-31T11:30:50+00:00","description":"Este cerezo ornamental desarrolla una gran cantidad de flores blancas. El follaje del PRUNUS 'The Bride' adquiere colores llamativos en oto\u00f1o.","breadcrumb":{"@id":"https:\/\/www.vallonchene.fr\/es\/producto\/prunus-the-bride\/#breadcrumb"},"inLanguage":"es","potentialAction":[{"@type":"ReadAction","target":["https:\/\/www.vallonchene.fr\/es\/producto\/prunus-the-bride\/"]}]},{"@type":"ImageObject","inLanguage":"es","@id":"https:\/\/www.vallonchene.fr\/es\/producto\/prunus-the-bride\/#primaryimage","url":"https:\/\/www.vallonchene.fr\/wp-content\/uploads\/2026\/03\/P1000300.webp","contentUrl":"https:\/\/www.vallonchene.fr\/wp-content\/uploads\/2026\/03\/P1000300.webp","width":1000,"height":1000,"caption":"Primer plano de las flores de PRUNUS 'The Bride'"},{"@type":"BreadcrumbList","@id":"https:\/\/www.vallonchene.fr\/es\/producto\/prunus-the-bride\/#breadcrumb","itemListElement":[{"@type":"ListItem","position":1,"name":"Home","item":"https:\/\/www.vallonchene.fr\/es\/"},{"@type":"ListItem","position":2,"name":"Tienda","item":"https:\/\/www.vallonchene.fr\/tienda\/"},{"@type":"ListItem","position":3,"name":"PRUNUS &#8216;The Bride&#8217;"}]},{"@type":"WebSite","@id":"https:\/\/www.vallonchene.fr\/es\/#website","url":"https:\/\/www.vallonchene.fr\/es\/","name":"Vallonch\u00eane","description":"El vivero donde la calidad tiene sus ra\u00edces \u2013 Tel.: +33 (0)2.35.90.02.02","publisher":{"@id":"https:\/\/www.vallonchene.fr\/es\/#organization"},"potentialAction":[{"@type":"SearchAction","target":{"@type":"EntryPoint","urlTemplate":"https:\/\/www.vallonchene.fr\/es\/?s={search_term_string}"},"query-input":{"@type":"PropertyValueSpecification","valueRequired":true,"valueName":"search_term_string"}}],"inLanguage":"es"},{"@type":"Organization","@id":"https:\/\/www.vallonchene.fr\/es\/#organization","name":"VALLONCHENE","url":"https:\/\/www.vallonchene.fr\/es\/","logo":{"@type":"ImageObject","inLanguage":"es","@id":"https:\/\/www.vallonchene.fr\/es\/#\/schema\/logo\/image\/","url":"https:\/\/www.vallonchene.fr\/wp-content\/uploads\/2023\/03\/Logo-Vallonchene-site-et-R_hauteur_100.png","contentUrl":"https:\/\/www.vallonchene.fr\/wp-content\/uploads\/2023\/03\/Logo-Vallonchene-site-et-R_hauteur_100.png","width":221,"height":100,"caption":"VALLONCHENE"},"image":{"@id":"https:\/\/www.vallonchene.fr\/es\/#\/schema\/logo\/image\/"},"sameAs":["https:\/\/www.facebook.com\/vallonchene.fr","https:\/\/www.instagram.com\/vallonchene\/","https:\/\/www.pinterest.fr\/vallonchene\/"],"taxID":"49454502300017","hasMerchantReturnPolicy":{"@type":"MerchantReturnPolicy","merchantReturnLink":"https:\/\/www.vallonchene.fr\/remboursements_retours\/"}}]},"og_availability":"instock","product_availability":"instock","product_retailer_item_id":"17351","product_condition":"new"},"_links":{"self":[{"href":"https:\/\/www.vallonchene.fr\/es\/wp-json\/wp\/v2\/product\/58209","targetHints":{"allow":["GET"]}}],"collection":[{"href":"https:\/\/www.vallonchene.fr\/es\/wp-json\/wp\/v2\/product"}],"about":[{"href":"https:\/\/www.vallonchene.fr\/es\/wp-json\/wp\/v2\/types\/product"}],"replies":[{"embeddable":true,"href":"https:\/\/www.vallonchene.fr\/es\/wp-json\/wp\/v2\/comments?post=58209"}],"wp:featuredmedia":[{"embeddable":true,"href":"https:\/\/www.vallonchene.fr\/es\/wp-json\/wp\/v2\/media\/58197"}],"wp:attachment":[{"href":"https:\/\/www.vallonchene.fr\/es\/wp-json\/wp\/v2\/media?parent=58209"}],"wp:term":[{"taxonomy":"product_brand","embeddable":true,"href":"https:\/\/www.vallonchene.fr\/es\/wp-json\/wp\/v2\/product_brand?post=58209"},{"taxonomy":"product_cat","embeddable":true,"href":"https:\/\/www.vallonchene.fr\/es\/wp-json\/wp\/v2\/product_cat?post=58209"},{"taxonomy":"product_tag","embeddable":true,"href":"https:\/\/www.vallonchene.fr\/es\/wp-json\/wp\/v2\/product_tag?post=58209"}],"curies":[{"name":"wp","href":"https:\/\/api.w.org\/{rel}","templated":true}]}}