{"id":58010,"date":"2021-08-31T11:04:50","date_gmt":"2021-08-31T11:04:50","guid":{"rendered":"https:\/\/www.vallonchene.fr\/produit\/gleditsia-triacanthos-ruby-lace\/"},"modified":"2021-08-31T11:04:50","modified_gmt":"2021-08-31T09:04:50","slug":"gleditsia-triacanthos-ruby-lace","status":"publish","type":"product","link":"https:\/\/www.vallonchene.fr\/es\/producto\/gleditsia-triacanthos-ruby-lace\/","title":{"rendered":"GLEDITSIA triacanthos &#8216;Ruby Lace&#8217;"},"content":{"rendered":"","protected":false},"excerpt":{"rendered":"<p>Esta <strong>acacia de tres espinas<\/strong> tiene un dise\u00f1o muy elegante, al estilo japon\u00e9s. El follaje del <strong>GLEDITSIA triacanthos &#8216;Ruby Lace&#8217;<\/strong> es p\u00farpura. Es perfectamente resistente.<\/p>\n","protected":false},"featured_media":58011,"comment_status":"open","ping_status":"closed","template":"","meta":[],"product_brand":[],"product_cat":[11499],"product_tag":[13489,13490,13488,13487],"class_list":{"0":"post-58010","1":"product","2":"type-product","3":"status-publish","4":"has-post-thumbnail","6":"product_cat-arbustos-y-arboles","7":"product_tag-acacia-de-tres-espinas","8":"product_tag-espina-de-cristo","9":"product_tag-gleditsia","10":"product_tag-gleditsia-triacanthos","11":"pa_99-hauteurapproximativeapres1-3-a-5-m","12":"pa_couleurdufeuillage-purpura","13":"pa_exigencesenhumidite-moderadamente-humedo-a-humedo","14":"pa_exigencesenhumidite-promedio","15":"pa_exigencesenhumidite-seco","16":"pa_expositionspossibles-pleno-sol-de-12-a-17-min","17":"pa_hauteurlivree-100-a-125-cm","18":"pa_hauteurlivree-30-a-40-cm-es","19":"pa_hauteurlivree-40-a-50-cm-es","20":"pa_hauteurlivree-40-a-60-cm-es","21":"pa_hauteurlivree-50-a-60-cm-es","22":"pa_hauteurlivree-60-a-80-cm-es","23":"pa_hauteurlivree-70-a-80-cm-es","24":"pa_hauteurlivree-80-a-100-cm-es","25":"pa_interetauprintemps-brotes-jovenes","26":"pa_interetauprintemps-follaje","27":"pa_interetauprintemps-habitus","28":"pa_interetenautomne-follaje","29":"pa_interetenautomne-habitus","30":"pa_interetenete-follaje","31":"pa_interetenete-habitus","32":"pa_interetenhiver-habitus","33":"pa_naturedufeuillage-caduco","34":"pa_naturesdesolpossibles-ligero","35":"pa_naturesdesolpossibles-normal-es","36":"pa_naturesdesolpossibles-pesado","37":"pa_particularites-habitus","38":"pa_periodedetaille-marzo","39":"pa_phdusolacceptable-acido-menos-de-6_5","40":"pa_phdusolacceptable-calcareo-mas-de-7_5","41":"pa_phdusolacceptable-neutro-entre-6_5-y-7_5","42":"pa_portgraphisme-infundibuliforme","43":"pa_resistanceaufroidrusticite-resistente-por-debajo-de-menos-20-c","44":"pa_tailledepot-maceta-de-2-litros","45":"pa_tailledepot-maceta-de-5-litros","46":"pa_utilisationpossible-aislado","47":"pa_utilisationpossible-arriate","49":"first","50":"instock","51":"taxable","52":"shipping-taxable","53":"purchasable","54":"product-type-variable"},"supplier_id":null,"supplier_sku":"","barcode":null,"atum_controlled":true,"out_stock_date":null,"out_stock_threshold":null,"inheritable":true,"inbound_stock":0,"stock_on_hold":0,"sold_today":0,"sales_last_days":0,"reserved_stock":0,"customer_returns":0,"warehouse_damage":0,"lost_in_post":0,"other_logs":0,"out_stock_days":null,"lost_sales":0,"has_location":false,"update_date":"2026-04-20T07:35:06","atum_locations":[],"atum_stock_status":"instock","restock_status":false,"low_stock_amount":"","sales_update_date":"2024-01-07T09:43:49","calc_backorders":null,"yoast_head":"<!-- This site is optimized with the Yoast SEO Premium plugin v27.5 (Yoast SEO v27.5) - https:\/\/yoast.com\/product\/yoast-seo-premium-wordpress\/ -->\n<title>GLEDITSIA triacanthos &#039;Ruby Lace&#039; - Acacia de tres espinas<\/title>\n<meta name=\"description\" content=\"Esta acacia de tres espinas tiene un dise\u00f1o muy elegante, al estilo japon\u00e9s. El follaje del GLEDITSIA triacanthos &#039;Ruby Lace&#039; es p\u00farpura. Es muy r\u00fastico.\" \/>\n<meta name=\"robots\" content=\"index, follow, max-snippet:-1, max-image-preview:large, max-video-preview:-1\" \/>\n<link rel=\"canonical\" href=\"https:\/\/www.vallonchene.fr\/es\/producto\/gleditsia-triacanthos-ruby-lace\/\" \/>\n<meta property=\"og:locale\" content=\"es_ES\" \/>\n<meta property=\"og:type\" content=\"article\" \/>\n<meta property=\"og:title\" content=\"GLEDITSIA triacanthos &#039;Ruby Lace&#039;\" \/>\n<meta property=\"og:description\" content=\"Esta acacia de tres espinas tiene un dise\u00f1o muy elegante, al estilo japon\u00e9s. El follaje del GLEDITSIA triacanthos &#039;Ruby Lace&#039; es p\u00farpura. Es muy r\u00fastico.\" \/>\n<meta property=\"og:url\" content=\"https:\/\/www.vallonchene.fr\/es\/producto\/gleditsia-triacanthos-ruby-lace\/\" \/>\n<meta property=\"og:site_name\" content=\"Vallonch\u00eane\" \/>\n<meta property=\"article:publisher\" content=\"https:\/\/www.facebook.com\/vallonchene.fr\" \/>\n<meta property=\"og:image\" content=\"https:\/\/www.vallonchene.fr\/wp-content\/uploads\/2021\/08\/1450-501-GLEDITSIA-triacanthos-Ruby-Lace-en-Aout.jpg\" \/>\n\t<meta property=\"og:image:width\" content=\"1600\" \/>\n\t<meta property=\"og:image:height\" content=\"1600\" \/>\n\t<meta property=\"og:image:type\" content=\"image\/jpeg\" \/>\n<meta name=\"twitter:card\" content=\"summary_large_image\" \/>\n<meta name=\"twitter:label1\" content=\"Disponibilidad\" \/>\n\t<meta name=\"twitter:data1\" content=\"En stock\" \/>\n<script type=\"application\/ld+json\" class=\"yoast-schema-graph\">{\"@context\":\"https:\\\/\\\/schema.org\",\"@graph\":[{\"@type\":\"WebPage\",\"@id\":\"https:\\\/\\\/www.vallonchene.fr\\\/es\\\/producto\\\/gleditsia-triacanthos-ruby-lace\\\/\",\"url\":\"https:\\\/\\\/www.vallonchene.fr\\\/es\\\/producto\\\/gleditsia-triacanthos-ruby-lace\\\/\",\"name\":\"GLEDITSIA triacanthos 'Ruby Lace' - Acacia de tres espinas\",\"isPartOf\":{\"@id\":\"https:\\\/\\\/www.vallonchene.fr\\\/es\\\/#website\"},\"primaryImageOfPage\":{\"@id\":\"https:\\\/\\\/www.vallonchene.fr\\\/es\\\/producto\\\/gleditsia-triacanthos-ruby-lace\\\/#primaryimage\"},\"image\":{\"@id\":\"https:\\\/\\\/www.vallonchene.fr\\\/es\\\/producto\\\/gleditsia-triacanthos-ruby-lace\\\/#primaryimage\"},\"thumbnailUrl\":\"https:\\\/\\\/www.vallonchene.fr\\\/wp-content\\\/uploads\\\/2021\\\/08\\\/1450-501-GLEDITSIA-triacanthos-Ruby-Lace-en-Aout.jpg\",\"datePublished\":\"2021-08-31T11:04:50+00:00\",\"description\":\"Esta acacia de tres espinas tiene un dise\u00f1o muy elegante, al estilo japon\u00e9s. El follaje del GLEDITSIA triacanthos 'Ruby Lace' es p\u00farpura. Es muy r\u00fastico.\",\"breadcrumb\":{\"@id\":\"https:\\\/\\\/www.vallonchene.fr\\\/es\\\/producto\\\/gleditsia-triacanthos-ruby-lace\\\/#breadcrumb\"},\"inLanguage\":\"es\",\"potentialAction\":[{\"@type\":\"ReadAction\",\"target\":[\"https:\\\/\\\/www.vallonchene.fr\\\/es\\\/producto\\\/gleditsia-triacanthos-ruby-lace\\\/\"]}]},{\"@type\":\"ImageObject\",\"inLanguage\":\"es\",\"@id\":\"https:\\\/\\\/www.vallonchene.fr\\\/es\\\/producto\\\/gleditsia-triacanthos-ruby-lace\\\/#primaryimage\",\"url\":\"https:\\\/\\\/www.vallonchene.fr\\\/wp-content\\\/uploads\\\/2021\\\/08\\\/1450-501-GLEDITSIA-triacanthos-Ruby-Lace-en-Aout.jpg\",\"contentUrl\":\"https:\\\/\\\/www.vallonchene.fr\\\/wp-content\\\/uploads\\\/2021\\\/08\\\/1450-501-GLEDITSIA-triacanthos-Ruby-Lace-en-Aout.jpg\",\"width\":1600,\"height\":1600,\"caption\":\"GLEDITSIA triacanthos 'Ruby Lace' en agosto\"},{\"@type\":\"BreadcrumbList\",\"@id\":\"https:\\\/\\\/www.vallonchene.fr\\\/es\\\/producto\\\/gleditsia-triacanthos-ruby-lace\\\/#breadcrumb\",\"itemListElement\":[{\"@type\":\"ListItem\",\"position\":1,\"name\":\"Home\",\"item\":\"https:\\\/\\\/www.vallonchene.fr\\\/es\\\/\"},{\"@type\":\"ListItem\",\"position\":2,\"name\":\"Tienda\",\"item\":\"https:\\\/\\\/www.vallonchene.fr\\\/tienda\\\/\"},{\"@type\":\"ListItem\",\"position\":3,\"name\":\"GLEDITSIA triacanthos &lsquo;Ruby Lace&rsquo;\"}]},{\"@type\":\"WebSite\",\"@id\":\"https:\\\/\\\/www.vallonchene.fr\\\/es\\\/#website\",\"url\":\"https:\\\/\\\/www.vallonchene.fr\\\/es\\\/\",\"name\":\"Vallonch\u00eane\",\"description\":\"El vivero donde la calidad tiene sus ra\u00edces \u2013 Tel.: +33 (0)2.35.90.02.02\",\"publisher\":{\"@id\":\"https:\\\/\\\/www.vallonchene.fr\\\/es\\\/#organization\"},\"potentialAction\":[{\"@type\":\"SearchAction\",\"target\":{\"@type\":\"EntryPoint\",\"urlTemplate\":\"https:\\\/\\\/www.vallonchene.fr\\\/es\\\/?s={search_term_string}\"},\"query-input\":{\"@type\":\"PropertyValueSpecification\",\"valueRequired\":true,\"valueName\":\"search_term_string\"}}],\"inLanguage\":\"es\"},{\"@type\":\"Organization\",\"@id\":\"https:\\\/\\\/www.vallonchene.fr\\\/es\\\/#organization\",\"name\":\"VALLONCHENE\",\"url\":\"https:\\\/\\\/www.vallonchene.fr\\\/es\\\/\",\"logo\":{\"@type\":\"ImageObject\",\"inLanguage\":\"es\",\"@id\":\"https:\\\/\\\/www.vallonchene.fr\\\/es\\\/#\\\/schema\\\/logo\\\/image\\\/\",\"url\":\"https:\\\/\\\/www.vallonchene.fr\\\/wp-content\\\/uploads\\\/2023\\\/03\\\/Logo-Vallonchene-site-et-R_hauteur_100.png\",\"contentUrl\":\"https:\\\/\\\/www.vallonchene.fr\\\/wp-content\\\/uploads\\\/2023\\\/03\\\/Logo-Vallonchene-site-et-R_hauteur_100.png\",\"width\":221,\"height\":100,\"caption\":\"VALLONCHENE\"},\"image\":{\"@id\":\"https:\\\/\\\/www.vallonchene.fr\\\/es\\\/#\\\/schema\\\/logo\\\/image\\\/\"},\"sameAs\":[\"https:\\\/\\\/www.facebook.com\\\/vallonchene.fr\",\"https:\\\/\\\/www.instagram.com\\\/vallonchene\\\/\",\"https:\\\/\\\/www.pinterest.fr\\\/vallonchene\\\/\"],\"taxID\":\"49454502300017\",\"hasMerchantReturnPolicy\":{\"@type\":\"MerchantReturnPolicy\",\"merchantReturnLink\":\"https:\\\/\\\/www.vallonchene.fr\\\/remboursements_retours\\\/\"}}]}<\/script>\n<meta property=\"og:availability\" content=\"instock\" \/>\n<meta property=\"product:availability\" content=\"instock\" \/>\n<meta property=\"product:retailer_item_id\" content=\"15264\" \/>\n<meta property=\"product:condition\" content=\"new\" \/>\n<!-- \/ Yoast SEO Premium plugin. -->","yoast_head_json":{"title":"GLEDITSIA triacanthos 'Ruby Lace' - Acacia de tres espinas","description":"Esta acacia de tres espinas tiene un dise\u00f1o muy elegante, al estilo japon\u00e9s. El follaje del GLEDITSIA triacanthos 'Ruby Lace' es p\u00farpura. Es muy r\u00fastico.","robots":{"index":"index","follow":"follow","max-snippet":"max-snippet:-1","max-image-preview":"max-image-preview:large","max-video-preview":"max-video-preview:-1"},"canonical":"https:\/\/www.vallonchene.fr\/es\/producto\/gleditsia-triacanthos-ruby-lace\/","og_locale":"es_ES","og_type":"article","og_title":"GLEDITSIA triacanthos 'Ruby Lace'","og_description":"Esta acacia de tres espinas tiene un dise\u00f1o muy elegante, al estilo japon\u00e9s. El follaje del GLEDITSIA triacanthos 'Ruby Lace' es p\u00farpura. Es muy r\u00fastico.","og_url":"https:\/\/www.vallonchene.fr\/es\/producto\/gleditsia-triacanthos-ruby-lace\/","og_site_name":"Vallonch\u00eane","article_publisher":"https:\/\/www.facebook.com\/vallonchene.fr","og_image":[{"width":1600,"height":1600,"url":"https:\/\/www.vallonchene.fr\/wp-content\/uploads\/2021\/08\/1450-501-GLEDITSIA-triacanthos-Ruby-Lace-en-Aout.jpg","type":"image\/jpeg"}],"twitter_card":"summary_large_image","twitter_misc":{"Disponibilidad":"En stock"},"schema":{"@context":"https:\/\/schema.org","@graph":[{"@type":"WebPage","@id":"https:\/\/www.vallonchene.fr\/es\/producto\/gleditsia-triacanthos-ruby-lace\/","url":"https:\/\/www.vallonchene.fr\/es\/producto\/gleditsia-triacanthos-ruby-lace\/","name":"GLEDITSIA triacanthos 'Ruby Lace' - Acacia de tres espinas","isPartOf":{"@id":"https:\/\/www.vallonchene.fr\/es\/#website"},"primaryImageOfPage":{"@id":"https:\/\/www.vallonchene.fr\/es\/producto\/gleditsia-triacanthos-ruby-lace\/#primaryimage"},"image":{"@id":"https:\/\/www.vallonchene.fr\/es\/producto\/gleditsia-triacanthos-ruby-lace\/#primaryimage"},"thumbnailUrl":"https:\/\/www.vallonchene.fr\/wp-content\/uploads\/2021\/08\/1450-501-GLEDITSIA-triacanthos-Ruby-Lace-en-Aout.jpg","datePublished":"2021-08-31T11:04:50+00:00","description":"Esta acacia de tres espinas tiene un dise\u00f1o muy elegante, al estilo japon\u00e9s. El follaje del GLEDITSIA triacanthos 'Ruby Lace' es p\u00farpura. Es muy r\u00fastico.","breadcrumb":{"@id":"https:\/\/www.vallonchene.fr\/es\/producto\/gleditsia-triacanthos-ruby-lace\/#breadcrumb"},"inLanguage":"es","potentialAction":[{"@type":"ReadAction","target":["https:\/\/www.vallonchene.fr\/es\/producto\/gleditsia-triacanthos-ruby-lace\/"]}]},{"@type":"ImageObject","inLanguage":"es","@id":"https:\/\/www.vallonchene.fr\/es\/producto\/gleditsia-triacanthos-ruby-lace\/#primaryimage","url":"https:\/\/www.vallonchene.fr\/wp-content\/uploads\/2021\/08\/1450-501-GLEDITSIA-triacanthos-Ruby-Lace-en-Aout.jpg","contentUrl":"https:\/\/www.vallonchene.fr\/wp-content\/uploads\/2021\/08\/1450-501-GLEDITSIA-triacanthos-Ruby-Lace-en-Aout.jpg","width":1600,"height":1600,"caption":"GLEDITSIA triacanthos 'Ruby Lace' en agosto"},{"@type":"BreadcrumbList","@id":"https:\/\/www.vallonchene.fr\/es\/producto\/gleditsia-triacanthos-ruby-lace\/#breadcrumb","itemListElement":[{"@type":"ListItem","position":1,"name":"Home","item":"https:\/\/www.vallonchene.fr\/es\/"},{"@type":"ListItem","position":2,"name":"Tienda","item":"https:\/\/www.vallonchene.fr\/tienda\/"},{"@type":"ListItem","position":3,"name":"GLEDITSIA triacanthos &lsquo;Ruby Lace&rsquo;"}]},{"@type":"WebSite","@id":"https:\/\/www.vallonchene.fr\/es\/#website","url":"https:\/\/www.vallonchene.fr\/es\/","name":"Vallonch\u00eane","description":"El vivero donde la calidad tiene sus ra\u00edces \u2013 Tel.: +33 (0)2.35.90.02.02","publisher":{"@id":"https:\/\/www.vallonchene.fr\/es\/#organization"},"potentialAction":[{"@type":"SearchAction","target":{"@type":"EntryPoint","urlTemplate":"https:\/\/www.vallonchene.fr\/es\/?s={search_term_string}"},"query-input":{"@type":"PropertyValueSpecification","valueRequired":true,"valueName":"search_term_string"}}],"inLanguage":"es"},{"@type":"Organization","@id":"https:\/\/www.vallonchene.fr\/es\/#organization","name":"VALLONCHENE","url":"https:\/\/www.vallonchene.fr\/es\/","logo":{"@type":"ImageObject","inLanguage":"es","@id":"https:\/\/www.vallonchene.fr\/es\/#\/schema\/logo\/image\/","url":"https:\/\/www.vallonchene.fr\/wp-content\/uploads\/2023\/03\/Logo-Vallonchene-site-et-R_hauteur_100.png","contentUrl":"https:\/\/www.vallonchene.fr\/wp-content\/uploads\/2023\/03\/Logo-Vallonchene-site-et-R_hauteur_100.png","width":221,"height":100,"caption":"VALLONCHENE"},"image":{"@id":"https:\/\/www.vallonchene.fr\/es\/#\/schema\/logo\/image\/"},"sameAs":["https:\/\/www.facebook.com\/vallonchene.fr","https:\/\/www.instagram.com\/vallonchene\/","https:\/\/www.pinterest.fr\/vallonchene\/"],"taxID":"49454502300017","hasMerchantReturnPolicy":{"@type":"MerchantReturnPolicy","merchantReturnLink":"https:\/\/www.vallonchene.fr\/remboursements_retours\/"}}]},"og_availability":"instock","product_availability":"instock","product_retailer_item_id":"15264","product_condition":"new"},"_links":{"self":[{"href":"https:\/\/www.vallonchene.fr\/es\/wp-json\/wp\/v2\/product\/58010","targetHints":{"allow":["GET"]}}],"collection":[{"href":"https:\/\/www.vallonchene.fr\/es\/wp-json\/wp\/v2\/product"}],"about":[{"href":"https:\/\/www.vallonchene.fr\/es\/wp-json\/wp\/v2\/types\/product"}],"replies":[{"embeddable":true,"href":"https:\/\/www.vallonchene.fr\/es\/wp-json\/wp\/v2\/comments?post=58010"}],"wp:featuredmedia":[{"embeddable":true,"href":"https:\/\/www.vallonchene.fr\/es\/wp-json\/wp\/v2\/media\/58011"}],"wp:attachment":[{"href":"https:\/\/www.vallonchene.fr\/es\/wp-json\/wp\/v2\/media?parent=58010"}],"wp:term":[{"taxonomy":"product_brand","embeddable":true,"href":"https:\/\/www.vallonchene.fr\/es\/wp-json\/wp\/v2\/product_brand?post=58010"},{"taxonomy":"product_cat","embeddable":true,"href":"https:\/\/www.vallonchene.fr\/es\/wp-json\/wp\/v2\/product_cat?post=58010"},{"taxonomy":"product_tag","embeddable":true,"href":"https:\/\/www.vallonchene.fr\/es\/wp-json\/wp\/v2\/product_tag?post=58010"}],"curies":[{"name":"wp","href":"https:\/\/api.w.org\/{rel}","templated":true}]}}