{"id":57991,"date":"2021-08-31T11:13:03","date_gmt":"2021-08-31T11:13:03","guid":{"rendered":"https:\/\/www.vallonchene.fr\/produit\/koelreuteria-paniculata-coral-sun-savonnier\/"},"modified":"2026-04-20T11:35:25","modified_gmt":"2026-04-20T09:35:25","slug":"koelreuteria-paniculata-coral-sun-savonnier","status":"publish","type":"product","link":"https:\/\/www.vallonchene.fr\/es\/producto\/koelreuteria-paniculata-coral-sun-savonnier\/","title":{"rendered":"KOELREUTERIA paniculata &#8216;Coral Sun&#8217;"},"content":{"rendered":"<h2>La Planta<\/h2>\n<p>La <em>KOELREUTERIA paniculata &#8216;Coral Sun&#8217;<\/em> es un <em>jabonero de China<\/em> que desarrolla brotes de un color coral impresionante en primavera. Este fen\u00f3meno afecta tanto a las hojas como a los tallos. M\u00e1s tarde, el follaje adquiere un tono verde tierno, pasando por un ligero amarillo dorado visible en nuestra foto.<\/p>\n<p>Adem\u00e1s, en oto\u00f1o, las hojas de esta planta extraordinaria se visten de tonos naranja brillante y amarillo dorado.<\/p>\n<p>Este jabonero de China representa una variante de crecimiento muy lento. De hecho, forma un peque\u00f1o arbusto, como mucho un peque\u00f1o \u00e1rbol, a diferencia de la especie t\u00edpica que pertenece a la categor\u00eda de los \u00e1rboles. Su peque\u00f1o tama\u00f1o lo convierte en una excelente planta para los peque\u00f1os jardines y macizos de flores.<\/p>\n<p>Finalmente, los jaboneros de China demuestran una gran resistencia frente a la contaminaci\u00f3n, la sequ\u00eda y el pH del suelo.<\/p>\n<h2>Historia y Origen<\/h2>\n<p>Si bien la especie t\u00edpica <em>KOELREUTERIA paniculata<\/em> se ha plantado durante siglos, proviene de China y Corea. En 1747, Pierre d&#8217;Incarville envi\u00f3 semillas de esta planta a Europa. La planta lleva el nombre de KOELREUTERIA en honor a Joseph Gottlieb K\u00f6lreuter (1733-1806), un profesor alem\u00e1n de historia natural y pionero en el estudio y la hibridaci\u00f3n vegetal.<\/p>\n<p>Adem\u00e1s, en la antigua China (Dinast\u00eda Zhou), formaba parte de los cinco \u00e1rboles conmemorativos oficiales. Era el \u00e1rbol de los eruditos que se plantaba cerca de las tumbas de los sabios. Adem\u00e1s, sus semillas se utilizaban para la fabricaci\u00f3n de jab\u00f3n en las zonas rurales.<\/p>\n<p>Sin embargo, el <em>KOELREUTERIA paniculata &#8216;Coral Sun&#8217;<\/em> es un descubrimiento relativamente reciente. De hecho, Henny Kolster lo descubri\u00f3 en 1993 en los Pa\u00edses Bajos. Se trata de un deporte (una mutaci\u00f3n gen\u00e9tica natural) entre los sembrados.<\/p>\n<p>Posteriormente, la planta fue etiquetada e introducida en el mercado internacional a principios de la d\u00e9cada de 2000. Entonces gan\u00f3 el prestigioso Award of Garden Merit de la RHS (Royal Horticultural Society).<\/p>\n<h2>\u00bfC\u00f3mo plantar y cuidar el KOELREUTERIA paniculata &#8216;Coral Sun&#8217;?<\/h2>\n<h3>La Plantaci\u00f3n<\/h3>\n<p>Como se ha precisado anteriormente, este jabonero de China tiene una resistencia impresionante. No obstante, le recomendamos que tenga en cuenta los siguientes puntos para garantizar una buena recuperaci\u00f3n:<\/p>\n<ol>\n<li>Encu\u00e9ntrele un lugar a media sombra o a pleno sol. Si el sol lo ilumina por la parte trasera por la ma\u00f1ana o por la noche, crear\u00e1 un efecto espectacular.<\/li>\n<li>Acepta tierras frescas a h\u00famedas, moderadamente h\u00famedas o incluso secas.<\/li>\n<li>El suelo puede ser ligero, normal o pesado con un pH \u00e1cido, neutro o calc\u00e1reo.<\/li>\n<li>Para una buena preparaci\u00f3n del hoyo de plantaci\u00f3n, hemos dise\u00f1ado <a href=\"https:\/\/www.vallonchene.fr\/comment-planter-et-entretenir-des-vegetaux\/comment-planter-et-entretenir-arbres-arbustes-et-coniferes\/\" target=\"_blank\" rel=\"noreferrer noopener\"><strong>instrucciones espec\u00edficas disponibles aqu\u00ed<\/strong><\/a>.<\/li>\n<\/ol>\n<h3>El Cuidado<\/h3>\n<p>Como con cualquier planta reci\u00e9n plantada, le recomendamos que mantenga un riego regular durante los dos primeros a\u00f1os y, especialmente, durante los per\u00edodos secos. Lea tambi\u00e9n <a href=\"https:\/\/www.vallonchene.fr\/comment-bien-arroser-le-jardin-et-economiser-leau\/\"><strong>nuestros consejos sobre c\u00f3mo regar bien y ahorrar agua aqu\u00ed<\/strong><\/a>.<\/p>\n<p>De lo contrario, es una planta que requiere muy poco mantenimiento. Si tiene que podarla, h\u00e1galo antes de la aparici\u00f3n de nuevos brotes, en febrero o marzo.<\/p>\n<p>&nbsp;<\/p>\n","protected":false},"excerpt":{"rendered":"<p>Este <strong>jabonero de China<\/strong> es excepcional por sus brotes primaverales de color coral. El follaje de la <strong>KOELREUTERIA paniculata &#8216;Coral Sun&#8217;<\/strong> se vuelve luego verde. Es un \u00e1rbol para peque\u00f1os jardines que florece amarillo.<\/p>\n<p>&nbsp;<\/p>\n","protected":false},"featured_media":57992,"comment_status":"open","ping_status":"closed","template":"","meta":[],"product_brand":[],"product_cat":[11499],"product_tag":[13474,13473,13472],"class_list":{"0":"post-57991","1":"product","2":"type-product","3":"status-publish","4":"has-post-thumbnail","6":"product_cat-arbustos-y-arboles","7":"product_tag-jabonero-de-la-china","8":"product_tag-koelreuteria","9":"product_tag-koelreuteria-paniculata","10":"pa_99-hauteurapproximativeapres1-2-a-3-m","11":"pa_couleurdesfleurs-amarilla","12":"pa_couleurdufeuillage-naranja","13":"pa_couleurdufeuillage-verde","14":"pa_exigencesenhumidite-moderadamente-humedo-a-humedo","15":"pa_exigencesenhumidite-promedio","16":"pa_exigencesenhumidite-seco","17":"pa_expositionspossibles-pleno-sol-de-12-a-17-min","18":"pa_expositionspossibles-sombra-parcial-evitar-el-sol-de-12-a-17-horas","19":"pa_hauteurlivree-80-a-100-cm-es","20":"pa_interetauprintemps-brotes-jovenes","21":"pa_interetauprintemps-flores","22":"pa_interetauprintemps-follaje","23":"pa_interetenautomne-follaje","24":"pa_interetenete-flores","25":"pa_interetenete-follaje","26":"pa_naturedufeuillage-caduco","27":"pa_naturesdesolpossibles-ligero","28":"pa_naturesdesolpossibles-normal-es","29":"pa_naturesdesolpossibles-pesado","30":"pa_periodedefloraison-primavera","31":"pa_periodedefloraison-verano","32":"pa_periodedetaille-marzo","33":"pa_phdusolacceptable-acido-menos-de-6_5","34":"pa_phdusolacceptable-calcareo-mas-de-7_5","35":"pa_phdusolacceptable-neutro-entre-6_5-y-7_5","36":"pa_portgraphisme-infundibuliforme","37":"pa_resistanceaufroidrusticite-resistente-por-debajo-de-menos-20-c","38":"pa_tailledepot-maceta-de-3-litros","39":"pa_utilisationpossible-aislado","40":"pa_utilisationpossible-arriate","41":"pa_utilisationpossible-contenedor-o-olla","43":"first","44":"instock","45":"taxable","46":"shipping-taxable","47":"purchasable","48":"product-type-variable"},"supplier_id":null,"supplier_sku":"","barcode":null,"atum_controlled":true,"out_stock_date":null,"out_stock_threshold":null,"inheritable":true,"inbound_stock":0,"stock_on_hold":0,"sold_today":0,"sales_last_days":0,"reserved_stock":0,"customer_returns":0,"warehouse_damage":0,"lost_in_post":0,"other_logs":0,"out_stock_days":null,"lost_sales":0,"has_location":false,"update_date":"2026-04-20T09:35:26","atum_locations":[],"atum_stock_status":"instock","restock_status":false,"low_stock_amount":"","sales_update_date":"2024-03-30T12:35:36","calc_backorders":null,"yoast_head":"<!-- This site is optimized with the Yoast SEO Premium plugin v27.4 (Yoast SEO v27.4) - https:\/\/yoast.com\/product\/yoast-seo-premium-wordpress\/ -->\n<title>KOELREUTERIA paniculata &#039;Coral Sun&#039; - jabonero de China<\/title>\n<meta name=\"description\" content=\"Este jabonero de China es excepcional por sus brotes primaverales de color naranja. El follaje de la KOELREUTERIA paniculata &#039;Coral Sun&#039; se vuelve luego verde.\" \/>\n<meta name=\"robots\" content=\"index, follow, max-snippet:-1, max-image-preview:large, max-video-preview:-1\" \/>\n<link rel=\"canonical\" href=\"https:\/\/www.vallonchene.fr\/es\/producto\/koelreuteria-paniculata-coral-sun-savonnier\/\" \/>\n<meta property=\"og:locale\" content=\"es_ES\" \/>\n<meta property=\"og:type\" content=\"article\" \/>\n<meta property=\"og:title\" content=\"KOELREUTERIA paniculata &#039;Coral Sun&#039;\" \/>\n<meta property=\"og:description\" content=\"Este jabonero de China es excepcional por sus brotes primaverales de color naranja. El follaje de la KOELREUTERIA paniculata &#039;Coral Sun&#039; se vuelve luego verde.\" \/>\n<meta property=\"og:url\" content=\"https:\/\/www.vallonchene.fr\/es\/producto\/koelreuteria-paniculata-coral-sun-savonnier\/\" \/>\n<meta property=\"og:site_name\" content=\"Vallonch\u00eane\" \/>\n<meta property=\"article:publisher\" content=\"https:\/\/www.facebook.com\/vallonchene.fr\" \/>\n<meta property=\"article:modified_time\" content=\"2026-04-20T09:35:25+00:00\" \/>\n<meta property=\"og:image\" content=\"https:\/\/www.vallonchene.fr\/wp-content\/uploads\/2024\/03\/KOELREUTERIA-paniculata-Coral-Sun_02-1.webp\" \/>\n\t<meta property=\"og:image:width\" content=\"1200\" \/>\n\t<meta property=\"og:image:height\" content=\"1200\" \/>\n\t<meta property=\"og:image:type\" content=\"image\/webp\" \/>\n<meta name=\"twitter:card\" content=\"summary_large_image\" \/>\n<meta name=\"twitter:label1\" content=\"Disponibilidad\" \/>\n\t<meta name=\"twitter:data1\" content=\"En stock\" \/>\n<script type=\"application\/ld+json\" class=\"yoast-schema-graph\">{\"@context\":\"https:\\\/\\\/schema.org\",\"@graph\":[{\"@type\":\"WebPage\",\"@id\":\"https:\\\/\\\/www.vallonchene.fr\\\/es\\\/producto\\\/koelreuteria-paniculata-coral-sun-savonnier\\\/\",\"url\":\"https:\\\/\\\/www.vallonchene.fr\\\/es\\\/producto\\\/koelreuteria-paniculata-coral-sun-savonnier\\\/\",\"name\":\"KOELREUTERIA paniculata 'Coral Sun' - jabonero de China\",\"isPartOf\":{\"@id\":\"https:\\\/\\\/www.vallonchene.fr\\\/es\\\/#website\"},\"primaryImageOfPage\":{\"@id\":\"https:\\\/\\\/www.vallonchene.fr\\\/es\\\/producto\\\/koelreuteria-paniculata-coral-sun-savonnier\\\/#primaryimage\"},\"image\":{\"@id\":\"https:\\\/\\\/www.vallonchene.fr\\\/es\\\/producto\\\/koelreuteria-paniculata-coral-sun-savonnier\\\/#primaryimage\"},\"thumbnailUrl\":\"https:\\\/\\\/www.vallonchene.fr\\\/wp-content\\\/uploads\\\/2024\\\/03\\\/KOELREUTERIA-paniculata-Coral-Sun_02-1.webp\",\"datePublished\":\"2021-08-31T11:13:03+00:00\",\"dateModified\":\"2026-04-20T09:35:25+00:00\",\"description\":\"Este jabonero de China es excepcional por sus brotes primaverales de color naranja. El follaje de la KOELREUTERIA paniculata 'Coral Sun' se vuelve luego verde.\",\"breadcrumb\":{\"@id\":\"https:\\\/\\\/www.vallonchene.fr\\\/es\\\/producto\\\/koelreuteria-paniculata-coral-sun-savonnier\\\/#breadcrumb\"},\"inLanguage\":\"es\",\"potentialAction\":[{\"@type\":\"ReadAction\",\"target\":[\"https:\\\/\\\/www.vallonchene.fr\\\/es\\\/producto\\\/koelreuteria-paniculata-coral-sun-savonnier\\\/\"]}]},{\"@type\":\"ImageObject\",\"inLanguage\":\"es\",\"@id\":\"https:\\\/\\\/www.vallonchene.fr\\\/es\\\/producto\\\/koelreuteria-paniculata-coral-sun-savonnier\\\/#primaryimage\",\"url\":\"https:\\\/\\\/www.vallonchene.fr\\\/wp-content\\\/uploads\\\/2024\\\/03\\\/KOELREUTERIA-paniculata-Coral-Sun_02-1.webp\",\"contentUrl\":\"https:\\\/\\\/www.vallonchene.fr\\\/wp-content\\\/uploads\\\/2024\\\/03\\\/KOELREUTERIA-paniculata-Coral-Sun_02-1.webp\",\"width\":1200,\"height\":1200,\"caption\":\"Follaje rosado de la KOELREUTERIA paniculata 'Coral Sun' a principios de primavera\"},{\"@type\":\"BreadcrumbList\",\"@id\":\"https:\\\/\\\/www.vallonchene.fr\\\/es\\\/producto\\\/koelreuteria-paniculata-coral-sun-savonnier\\\/#breadcrumb\",\"itemListElement\":[{\"@type\":\"ListItem\",\"position\":1,\"name\":\"Home\",\"item\":\"https:\\\/\\\/www.vallonchene.fr\\\/es\\\/\"},{\"@type\":\"ListItem\",\"position\":2,\"name\":\"Tienda\",\"item\":\"https:\\\/\\\/www.vallonchene.fr\\\/tienda\\\/\"},{\"@type\":\"ListItem\",\"position\":3,\"name\":\"Venta en linea\",\"item\":\"https:\\\/\\\/www.vallonchene.fr\\\/es\\\/categoria-producto\\\/venta-en-linea\\\/\"},{\"@type\":\"ListItem\",\"position\":4,\"name\":\"Vivero\",\"item\":\"https:\\\/\\\/www.vallonchene.fr\\\/es\\\/categoria-producto\\\/venta-en-linea\\\/vivero\\\/\"},{\"@type\":\"ListItem\",\"position\":5,\"name\":\"Arbustos y \u00e1rboles\",\"item\":\"https:\\\/\\\/www.vallonchene.fr\\\/es\\\/categoria-producto\\\/venta-en-linea\\\/vivero\\\/arbustos-y-arboles\\\/\"},{\"@type\":\"ListItem\",\"position\":6,\"name\":\"KOELREUTERIA paniculata &#8216;Coral Sun&#8217;\"}]},{\"@type\":\"WebSite\",\"@id\":\"https:\\\/\\\/www.vallonchene.fr\\\/es\\\/#website\",\"url\":\"https:\\\/\\\/www.vallonchene.fr\\\/es\\\/\",\"name\":\"Vallonch\u00eane\",\"description\":\"El vivero donde la calidad tiene sus ra\u00edces \u2013 Tel.: +33 (0)2.35.90.02.02\",\"publisher\":{\"@id\":\"https:\\\/\\\/www.vallonchene.fr\\\/es\\\/#organization\"},\"potentialAction\":[{\"@type\":\"SearchAction\",\"target\":{\"@type\":\"EntryPoint\",\"urlTemplate\":\"https:\\\/\\\/www.vallonchene.fr\\\/es\\\/?s={search_term_string}\"},\"query-input\":{\"@type\":\"PropertyValueSpecification\",\"valueRequired\":true,\"valueName\":\"search_term_string\"}}],\"inLanguage\":\"es\"},{\"@type\":\"Organization\",\"@id\":\"https:\\\/\\\/www.vallonchene.fr\\\/es\\\/#organization\",\"name\":\"VALLONCHENE\",\"url\":\"https:\\\/\\\/www.vallonchene.fr\\\/es\\\/\",\"logo\":{\"@type\":\"ImageObject\",\"inLanguage\":\"es\",\"@id\":\"https:\\\/\\\/www.vallonchene.fr\\\/es\\\/#\\\/schema\\\/logo\\\/image\\\/\",\"url\":\"https:\\\/\\\/www.vallonchene.fr\\\/wp-content\\\/uploads\\\/2023\\\/03\\\/Logo-Vallonchene-site-et-R_hauteur_100.png\",\"contentUrl\":\"https:\\\/\\\/www.vallonchene.fr\\\/wp-content\\\/uploads\\\/2023\\\/03\\\/Logo-Vallonchene-site-et-R_hauteur_100.png\",\"width\":221,\"height\":100,\"caption\":\"VALLONCHENE\"},\"image\":{\"@id\":\"https:\\\/\\\/www.vallonchene.fr\\\/es\\\/#\\\/schema\\\/logo\\\/image\\\/\"},\"sameAs\":[\"https:\\\/\\\/www.facebook.com\\\/vallonchene.fr\",\"https:\\\/\\\/www.instagram.com\\\/vallonchene\\\/\",\"https:\\\/\\\/www.pinterest.fr\\\/vallonchene\\\/\"],\"taxID\":\"49454502300017\",\"hasMerchantReturnPolicy\":{\"@type\":\"MerchantReturnPolicy\",\"merchantReturnLink\":\"https:\\\/\\\/www.vallonchene.fr\\\/remboursements_retours\\\/\"}}]}<\/script>\n<meta property=\"og:availability\" content=\"instock\" \/>\n<meta property=\"product:availability\" content=\"instock\" \/>\n<meta property=\"product:retailer_item_id\" content=\"42938\" \/>\n<meta property=\"product:condition\" content=\"new\" \/>\n<!-- \/ Yoast SEO Premium plugin. -->","yoast_head_json":{"title":"KOELREUTERIA paniculata 'Coral Sun' - jabonero de China","description":"Este jabonero de China es excepcional por sus brotes primaverales de color naranja. El follaje de la KOELREUTERIA paniculata 'Coral Sun' se vuelve luego verde.","robots":{"index":"index","follow":"follow","max-snippet":"max-snippet:-1","max-image-preview":"max-image-preview:large","max-video-preview":"max-video-preview:-1"},"canonical":"https:\/\/www.vallonchene.fr\/es\/producto\/koelreuteria-paniculata-coral-sun-savonnier\/","og_locale":"es_ES","og_type":"article","og_title":"KOELREUTERIA paniculata 'Coral Sun'","og_description":"Este jabonero de China es excepcional por sus brotes primaverales de color naranja. El follaje de la KOELREUTERIA paniculata 'Coral Sun' se vuelve luego verde.","og_url":"https:\/\/www.vallonchene.fr\/es\/producto\/koelreuteria-paniculata-coral-sun-savonnier\/","og_site_name":"Vallonch\u00eane","article_publisher":"https:\/\/www.facebook.com\/vallonchene.fr","article_modified_time":"2026-04-20T09:35:25+00:00","og_image":[{"width":1200,"height":1200,"url":"https:\/\/www.vallonchene.fr\/wp-content\/uploads\/2024\/03\/KOELREUTERIA-paniculata-Coral-Sun_02-1.webp","type":"image\/webp"}],"twitter_card":"summary_large_image","twitter_misc":{"Disponibilidad":"En stock"},"schema":{"@context":"https:\/\/schema.org","@graph":[{"@type":"WebPage","@id":"https:\/\/www.vallonchene.fr\/es\/producto\/koelreuteria-paniculata-coral-sun-savonnier\/","url":"https:\/\/www.vallonchene.fr\/es\/producto\/koelreuteria-paniculata-coral-sun-savonnier\/","name":"KOELREUTERIA paniculata 'Coral Sun' - jabonero de China","isPartOf":{"@id":"https:\/\/www.vallonchene.fr\/es\/#website"},"primaryImageOfPage":{"@id":"https:\/\/www.vallonchene.fr\/es\/producto\/koelreuteria-paniculata-coral-sun-savonnier\/#primaryimage"},"image":{"@id":"https:\/\/www.vallonchene.fr\/es\/producto\/koelreuteria-paniculata-coral-sun-savonnier\/#primaryimage"},"thumbnailUrl":"https:\/\/www.vallonchene.fr\/wp-content\/uploads\/2024\/03\/KOELREUTERIA-paniculata-Coral-Sun_02-1.webp","datePublished":"2021-08-31T11:13:03+00:00","dateModified":"2026-04-20T09:35:25+00:00","description":"Este jabonero de China es excepcional por sus brotes primaverales de color naranja. El follaje de la KOELREUTERIA paniculata 'Coral Sun' se vuelve luego verde.","breadcrumb":{"@id":"https:\/\/www.vallonchene.fr\/es\/producto\/koelreuteria-paniculata-coral-sun-savonnier\/#breadcrumb"},"inLanguage":"es","potentialAction":[{"@type":"ReadAction","target":["https:\/\/www.vallonchene.fr\/es\/producto\/koelreuteria-paniculata-coral-sun-savonnier\/"]}]},{"@type":"ImageObject","inLanguage":"es","@id":"https:\/\/www.vallonchene.fr\/es\/producto\/koelreuteria-paniculata-coral-sun-savonnier\/#primaryimage","url":"https:\/\/www.vallonchene.fr\/wp-content\/uploads\/2024\/03\/KOELREUTERIA-paniculata-Coral-Sun_02-1.webp","contentUrl":"https:\/\/www.vallonchene.fr\/wp-content\/uploads\/2024\/03\/KOELREUTERIA-paniculata-Coral-Sun_02-1.webp","width":1200,"height":1200,"caption":"Follaje rosado de la KOELREUTERIA paniculata 'Coral Sun' a principios de primavera"},{"@type":"BreadcrumbList","@id":"https:\/\/www.vallonchene.fr\/es\/producto\/koelreuteria-paniculata-coral-sun-savonnier\/#breadcrumb","itemListElement":[{"@type":"ListItem","position":1,"name":"Home","item":"https:\/\/www.vallonchene.fr\/es\/"},{"@type":"ListItem","position":2,"name":"Tienda","item":"https:\/\/www.vallonchene.fr\/tienda\/"},{"@type":"ListItem","position":3,"name":"Venta en linea","item":"https:\/\/www.vallonchene.fr\/es\/categoria-producto\/venta-en-linea\/"},{"@type":"ListItem","position":4,"name":"Vivero","item":"https:\/\/www.vallonchene.fr\/es\/categoria-producto\/venta-en-linea\/vivero\/"},{"@type":"ListItem","position":5,"name":"Arbustos y \u00e1rboles","item":"https:\/\/www.vallonchene.fr\/es\/categoria-producto\/venta-en-linea\/vivero\/arbustos-y-arboles\/"},{"@type":"ListItem","position":6,"name":"KOELREUTERIA paniculata &#8216;Coral Sun&#8217;"}]},{"@type":"WebSite","@id":"https:\/\/www.vallonchene.fr\/es\/#website","url":"https:\/\/www.vallonchene.fr\/es\/","name":"Vallonch\u00eane","description":"El vivero donde la calidad tiene sus ra\u00edces \u2013 Tel.: +33 (0)2.35.90.02.02","publisher":{"@id":"https:\/\/www.vallonchene.fr\/es\/#organization"},"potentialAction":[{"@type":"SearchAction","target":{"@type":"EntryPoint","urlTemplate":"https:\/\/www.vallonchene.fr\/es\/?s={search_term_string}"},"query-input":{"@type":"PropertyValueSpecification","valueRequired":true,"valueName":"search_term_string"}}],"inLanguage":"es"},{"@type":"Organization","@id":"https:\/\/www.vallonchene.fr\/es\/#organization","name":"VALLONCHENE","url":"https:\/\/www.vallonchene.fr\/es\/","logo":{"@type":"ImageObject","inLanguage":"es","@id":"https:\/\/www.vallonchene.fr\/es\/#\/schema\/logo\/image\/","url":"https:\/\/www.vallonchene.fr\/wp-content\/uploads\/2023\/03\/Logo-Vallonchene-site-et-R_hauteur_100.png","contentUrl":"https:\/\/www.vallonchene.fr\/wp-content\/uploads\/2023\/03\/Logo-Vallonchene-site-et-R_hauteur_100.png","width":221,"height":100,"caption":"VALLONCHENE"},"image":{"@id":"https:\/\/www.vallonchene.fr\/es\/#\/schema\/logo\/image\/"},"sameAs":["https:\/\/www.facebook.com\/vallonchene.fr","https:\/\/www.instagram.com\/vallonchene\/","https:\/\/www.pinterest.fr\/vallonchene\/"],"taxID":"49454502300017","hasMerchantReturnPolicy":{"@type":"MerchantReturnPolicy","merchantReturnLink":"https:\/\/www.vallonchene.fr\/remboursements_retours\/"}}]},"og_availability":"instock","product_availability":"instock","product_retailer_item_id":"42938","product_condition":"new"},"_links":{"self":[{"href":"https:\/\/www.vallonchene.fr\/es\/wp-json\/wp\/v2\/product\/57991","targetHints":{"allow":["GET"]}}],"collection":[{"href":"https:\/\/www.vallonchene.fr\/es\/wp-json\/wp\/v2\/product"}],"about":[{"href":"https:\/\/www.vallonchene.fr\/es\/wp-json\/wp\/v2\/types\/product"}],"replies":[{"embeddable":true,"href":"https:\/\/www.vallonchene.fr\/es\/wp-json\/wp\/v2\/comments?post=57991"}],"wp:featuredmedia":[{"embeddable":true,"href":"https:\/\/www.vallonchene.fr\/es\/wp-json\/wp\/v2\/media\/57992"}],"wp:attachment":[{"href":"https:\/\/www.vallonchene.fr\/es\/wp-json\/wp\/v2\/media?parent=57991"}],"wp:term":[{"taxonomy":"product_brand","embeddable":true,"href":"https:\/\/www.vallonchene.fr\/es\/wp-json\/wp\/v2\/product_brand?post=57991"},{"taxonomy":"product_cat","embeddable":true,"href":"https:\/\/www.vallonchene.fr\/es\/wp-json\/wp\/v2\/product_cat?post=57991"},{"taxonomy":"product_tag","embeddable":true,"href":"https:\/\/www.vallonchene.fr\/es\/wp-json\/wp\/v2\/product_tag?post=57991"}],"curies":[{"name":"wp","href":"https:\/\/api.w.org\/{rel}","templated":true}]}}