{"id":57881,"date":"2021-08-31T11:14:16","date_gmt":"2021-08-31T09:14:16","guid":{"rendered":"https:\/\/www.vallonchene.fr\/produit\/ligustrum-japonicum-texanum\/"},"modified":"2026-03-03T11:06:42","modified_gmt":"2026-03-03T10:06:42","slug":"ligustrum-japonicum-texanum","status":"publish","type":"product","link":"https:\/\/www.vallonchene.fr\/es\/producto\/ligustrum-japonicum-texanum\/","title":{"rendered":"LIGUSTRUM japonicum &#8216;Texanum&#8217;"},"content":{"rendered":"<p>El <strong>LIGUSTRUM japonicum &#8216;Texanum&#8217;<\/strong> tambi\u00e9n conocido como <strong>aligustre del Jap\u00f3n<\/strong>, desarrolla hermosas <strong>hojas brillantes y ligeramente onduladas<\/strong>. Son m\u00e1s gruesas que las de otros trozos. A veces se lee que este <strong>aligustre del Jap\u00f3n<\/strong> es semi-perenne. Sin embargo, <strong>se ha mostrado perenne<\/strong> en nuestro vivero. Del mismo modo, esta variedad es tan resistente al fr\u00edo y a la sequ\u00eda como los dem\u00e1s aligustres. <br \/>En verano, sus grandes flores blancas aparecen en gran n\u00famero para perfumar el jard\u00edn. Son muy apreciadas por las mariposas y las abejas. Adem\u00e1s, los p\u00e1jaros disfrutan de las bayas que le siguen. Este arbusto no superar\u00e1 los 2,5 a 3 metros y crece de forma bastante compacta.<\/p>\n&#13;\n<h2 id=\"h-comment-planter-le-ligustrum-japonicum-texanum\" class=\"wp-block-heading has-x-large-font-size\">C\u00f3mo plantar el LIGUSTRUM japonicum &#8216;Texanum&#8217;<\/h2>&#13;\n\r\n<p>Busque para este aligustre del Jap\u00f3n un lugar de semisombra o pleno sol. Puede plantarlo en maceta, en parterre o incluso en seto.<\/p>\r\n<p>Peu exigeant, ce tro\u00e8ne du Japon accepte un sol l\u00e9ger, normal ou lourd et se satisfait de tout pH. Le terrain peut \u00eatre sec, l\u00e9g\u00e8rement humide ou humide. <br \/>N\u00e9anmoins, suivez bien son arrosage les deux premi\u00e8res ann\u00e9es.<\/p>\r\n<p>Para una correcta preparaci\u00f3n del tiesto o agujero de plantaci\u00f3n, hemos dise\u00f1ado <a href=\"https:\/\/www.vallonchene.fr\/es\/como-plantar-y-mantener-plantas\/\" target=\"_blank\" rel=\"noreferrer noopener\"><strong>instrucciones espec\u00edficas disponibles aqu\u00ed<\/strong><\/a>. Lea tambi\u00e9n <a href=\"https:\/\/www.vallonchene.fr\/es\/como-regar-bien-el-jardin-y-ahorrar-agua\/\"><strong>nuestros consejos sobre c\u00f3mo regar correctamente y ahorrar agua aqu\u00ed<\/strong><\/a>.<\/p>\r\n&#13;\n<h2 id=\"h-histoire-et-origine\" class=\"wp-block-heading has-x-large-font-size\">Historia y Origen<\/h2>&#13;\n\r\n\r\n&#13;\n<p>El LIGUSTRUM japonicum &#8216;Texanum&#8217; fue obtenido en 1954 en Texas a partir de un LIGUSTRUM japonicum.<\/p>&#13;\n<p>La especie tipo, LIGUSTRUM japonicum, es end\u00e9mica del centro y sur de Jap\u00f3n. Tambi\u00e9n se cultiva en otras regiones. Adem\u00e1s, est\u00e1 naturalizada en California y el sureste de los Estados Unidos, desde Texas hasta Virginia.<\/p>&#13;\n<p>El aligustre del Jap\u00f3n lleg\u00f3 a Norteam\u00e9rica en 1845, procedente de Jap\u00f3n y Corea.<\/p>&#13;\n<p>En Europa, se utiliza como planta ornamental. El c\u00e9lebre <a href=\"https:\/\/fr.wikipedia.org\/wiki\/Carl_Peter_Thunberg\"><strong>Carl Peter Thunberg<\/strong><\/a> lo describe por primera vez en 1780.<\/p>&#13;\n<p>Finalmente, los japoneses utilizan esta especie tambi\u00e9n para el arte del Bons\u00e1i.<\/p>&#13;\n","protected":false},"excerpt":{"rendered":"<p>Este <strong>aligustre del Jap\u00f3n<\/strong> presenta un follaje muy lustroso. En verano, el <strong>LIGUSTRUM japonicum &#8216;Texanum&#8217;<\/strong> se cubre de flores blancas perfumadas. Es r\u00fastico y apto para la plantaci\u00f3n en seto.<\/p>\n","protected":false},"featured_media":57883,"comment_status":"open","ping_status":"closed","template":"","meta":[],"product_brand":[],"product_cat":[11499],"product_tag":[13432,13438],"class_list":{"0":"post-57881","1":"product","2":"type-product","3":"status-publish","4":"has-post-thumbnail","6":"product_cat-arbustos-y-arboles","7":"product_tag-ligustrum","8":"product_tag-ligustrum-japonicum","9":"pa_99-hauteurapproximativeapres1-1_00-a-1_50-m","10":"pa_couleurdesfleurs-blanca","11":"pa_couleurdufeuillage-verde","12":"pa_exigencesenhumidite-moderadamente-humedo-a-humedo","13":"pa_exigencesenhumidite-promedio","14":"pa_exigencesenhumidite-seco","15":"pa_expositionspossibles-pleno-sol-de-12-a-17-min","16":"pa_expositionspossibles-sombra-parcial-evitar-el-sol-de-12-a-17-horas","17":"pa_hauteurlivree-30-a-40-cm-es","18":"pa_hauteurlivree-40-a-50-cm-es","19":"pa_hauteurlivree-80-a-100-cm-es","20":"pa_interetauprintemps-follaje","21":"pa_interetenautomne-follaje","22":"pa_interetenete-aroma","23":"pa_interetenete-flores","24":"pa_interetenete-follaje","25":"pa_interetenhiver-follaje","26":"pa_naturedufeuillage-glabro","27":"pa_naturedufeuillage-siempreverde","28":"pa_naturesdesolpossibles-ligero","29":"pa_naturesdesolpossibles-normal-es","30":"pa_naturesdesolpossibles-pesado","31":"pa_particularites-fragrante","32":"pa_periodedefloraison-primavera","33":"pa_periodedefloraison-verano","34":"pa_periodedetaille-marzo","35":"pa_phdusolacceptable-acido-menos-de-6_5","36":"pa_phdusolacceptable-calcareo-mas-de-7_5","37":"pa_phdusolacceptable-neutro-entre-6_5-y-7_5","38":"pa_portgraphisme-arbustivo-es","39":"pa_portgraphisme-oval","40":"pa_resistanceaufroidrusticite-resistente-por-debajo-de-menos-20-c","41":"pa_tailledepot-maceta-de-5-litros","42":"pa_tailledepot-maceta-de-7_5-litros","43":"pa_utilisationpossible-arriate","44":"pa_utilisationpossible-cerca-viva","45":"pa_utilisationpossible-contenedor-o-olla","47":"first","48":"instock","49":"taxable","50":"shipping-taxable","51":"purchasable","52":"product-type-variable"},"supplier_id":null,"supplier_sku":"","barcode":null,"atum_controlled":true,"out_stock_date":null,"out_stock_threshold":null,"inheritable":true,"inbound_stock":0,"stock_on_hold":0,"sold_today":0,"sales_last_days":0,"reserved_stock":0,"customer_returns":0,"warehouse_damage":0,"lost_in_post":0,"other_logs":0,"out_stock_days":0,"lost_sales":0,"has_location":false,"update_date":"2026-03-15T13:26:26","atum_locations":[],"atum_stock_status":"instock","restock_status":false,"low_stock_amount":"","sales_update_date":"2026-01-23T13:06:10","calc_backorders":null,"yoast_head":"<!-- This site is optimized with the Yoast SEO Premium plugin v27.4 (Yoast SEO v27.4) - https:\/\/yoast.com\/product\/yoast-seo-premium-wordpress\/ -->\n<title>LIGUSTRUM japonicum &#039;Texanum&#039; - aligustre del Jap\u00f3n<\/title>\n<meta name=\"description\" content=\"Este aligustre del Jap\u00f3n presenta un follaje muy lustroso. En verano, el LIGUSTRUM japonicum &#039;Texanum&#039; se cubre de flores blancas y fragantes. Adecuado para setos.\" \/>\n<meta name=\"robots\" content=\"index, follow, max-snippet:-1, max-image-preview:large, max-video-preview:-1\" \/>\n<link rel=\"canonical\" href=\"https:\/\/www.vallonchene.fr\/es\/producto\/ligustrum-japonicum-texanum\/\" \/>\n<meta property=\"og:locale\" content=\"es_ES\" \/>\n<meta property=\"og:type\" content=\"article\" \/>\n<meta property=\"og:title\" content=\"LIGUSTRUM japonicum &#039;Texanum&#039;\" \/>\n<meta property=\"og:description\" content=\"Este aligustre del Jap\u00f3n presenta un follaje muy lustroso. En verano, el LIGUSTRUM japonicum &#039;Texanum&#039; se cubre de flores blancas y fragantes. Adecuado para setos.\" \/>\n<meta property=\"og:url\" content=\"https:\/\/www.vallonchene.fr\/es\/producto\/ligustrum-japonicum-texanum\/\" \/>\n<meta property=\"og:site_name\" content=\"Vallonch\u00eane\" \/>\n<meta property=\"article:publisher\" content=\"https:\/\/www.facebook.com\/vallonchene.fr\" \/>\n<meta property=\"article:modified_time\" content=\"2026-03-03T10:06:42+00:00\" \/>\n<meta property=\"og:image\" content=\"https:\/\/www.vallonchene.fr\/wp-content\/uploads\/2023\/07\/LIGUSTRUM-japonicum-Texanum_04.webp\" \/>\n\t<meta property=\"og:image:width\" content=\"1200\" \/>\n\t<meta property=\"og:image:height\" content=\"1200\" \/>\n\t<meta property=\"og:image:type\" content=\"image\/webp\" \/>\n<meta name=\"twitter:card\" content=\"summary_large_image\" \/>\n<meta name=\"twitter:label1\" content=\"Disponibilidad\" \/>\n\t<meta name=\"twitter:data1\" content=\"En stock\" \/>\n<script type=\"application\/ld+json\" class=\"yoast-schema-graph\">{\"@context\":\"https:\\\/\\\/schema.org\",\"@graph\":[{\"@type\":\"WebPage\",\"@id\":\"https:\\\/\\\/www.vallonchene.fr\\\/es\\\/producto\\\/ligustrum-japonicum-texanum\\\/\",\"url\":\"https:\\\/\\\/www.vallonchene.fr\\\/es\\\/producto\\\/ligustrum-japonicum-texanum\\\/\",\"name\":\"LIGUSTRUM japonicum 'Texanum' - aligustre del Jap\u00f3n\",\"isPartOf\":{\"@id\":\"https:\\\/\\\/www.vallonchene.fr\\\/es\\\/#website\"},\"primaryImageOfPage\":{\"@id\":\"https:\\\/\\\/www.vallonchene.fr\\\/es\\\/producto\\\/ligustrum-japonicum-texanum\\\/#primaryimage\"},\"image\":{\"@id\":\"https:\\\/\\\/www.vallonchene.fr\\\/es\\\/producto\\\/ligustrum-japonicum-texanum\\\/#primaryimage\"},\"thumbnailUrl\":\"https:\\\/\\\/www.vallonchene.fr\\\/wp-content\\\/uploads\\\/2023\\\/07\\\/LIGUSTRUM-japonicum-Texanum_04.webp\",\"datePublished\":\"2021-08-31T09:14:16+00:00\",\"dateModified\":\"2026-03-03T10:06:42+00:00\",\"description\":\"Este aligustre del Jap\u00f3n presenta un follaje muy lustroso. En verano, el LIGUSTRUM japonicum 'Texanum' se cubre de flores blancas y fragantes. Adecuado para setos.\",\"breadcrumb\":{\"@id\":\"https:\\\/\\\/www.vallonchene.fr\\\/es\\\/producto\\\/ligustrum-japonicum-texanum\\\/#breadcrumb\"},\"inLanguage\":\"es\",\"potentialAction\":[{\"@type\":\"ReadAction\",\"target\":[\"https:\\\/\\\/www.vallonchene.fr\\\/es\\\/producto\\\/ligustrum-japonicum-texanum\\\/\"]}]},{\"@type\":\"ImageObject\",\"inLanguage\":\"es\",\"@id\":\"https:\\\/\\\/www.vallonchene.fr\\\/es\\\/producto\\\/ligustrum-japonicum-texanum\\\/#primaryimage\",\"url\":\"https:\\\/\\\/www.vallonchene.fr\\\/wp-content\\\/uploads\\\/2023\\\/07\\\/LIGUSTRUM-japonicum-Texanum_04.webp\",\"contentUrl\":\"https:\\\/\\\/www.vallonchene.fr\\\/wp-content\\\/uploads\\\/2023\\\/07\\\/LIGUSTRUM-japonicum-Texanum_04.webp\",\"width\":1200,\"height\":1200,\"caption\":\"Flores blancas con abeja del LIGUSTRUM japonicum 'Texanum'\"},{\"@type\":\"BreadcrumbList\",\"@id\":\"https:\\\/\\\/www.vallonchene.fr\\\/es\\\/producto\\\/ligustrum-japonicum-texanum\\\/#breadcrumb\",\"itemListElement\":[{\"@type\":\"ListItem\",\"position\":1,\"name\":\"Home\",\"item\":\"https:\\\/\\\/www.vallonchene.fr\\\/es\\\/\"},{\"@type\":\"ListItem\",\"position\":2,\"name\":\"Tienda\",\"item\":\"https:\\\/\\\/www.vallonchene.fr\\\/tienda\\\/\"},{\"@type\":\"ListItem\",\"position\":3,\"name\":\"LIGUSTRUM japonicum &lsquo;Texanum&rsquo;\"}]},{\"@type\":\"WebSite\",\"@id\":\"https:\\\/\\\/www.vallonchene.fr\\\/es\\\/#website\",\"url\":\"https:\\\/\\\/www.vallonchene.fr\\\/es\\\/\",\"name\":\"Vallonch\u00eane\",\"description\":\"El vivero donde la calidad tiene sus ra\u00edces \u2013 Tel.: +33 (0)2.35.90.02.02\",\"publisher\":{\"@id\":\"https:\\\/\\\/www.vallonchene.fr\\\/es\\\/#organization\"},\"potentialAction\":[{\"@type\":\"SearchAction\",\"target\":{\"@type\":\"EntryPoint\",\"urlTemplate\":\"https:\\\/\\\/www.vallonchene.fr\\\/es\\\/?s={search_term_string}\"},\"query-input\":{\"@type\":\"PropertyValueSpecification\",\"valueRequired\":true,\"valueName\":\"search_term_string\"}}],\"inLanguage\":\"es\"},{\"@type\":\"Organization\",\"@id\":\"https:\\\/\\\/www.vallonchene.fr\\\/es\\\/#organization\",\"name\":\"VALLONCHENE\",\"url\":\"https:\\\/\\\/www.vallonchene.fr\\\/es\\\/\",\"logo\":{\"@type\":\"ImageObject\",\"inLanguage\":\"es\",\"@id\":\"https:\\\/\\\/www.vallonchene.fr\\\/es\\\/#\\\/schema\\\/logo\\\/image\\\/\",\"url\":\"https:\\\/\\\/www.vallonchene.fr\\\/wp-content\\\/uploads\\\/2023\\\/03\\\/Logo-Vallonchene-site-et-R_hauteur_100.png\",\"contentUrl\":\"https:\\\/\\\/www.vallonchene.fr\\\/wp-content\\\/uploads\\\/2023\\\/03\\\/Logo-Vallonchene-site-et-R_hauteur_100.png\",\"width\":221,\"height\":100,\"caption\":\"VALLONCHENE\"},\"image\":{\"@id\":\"https:\\\/\\\/www.vallonchene.fr\\\/es\\\/#\\\/schema\\\/logo\\\/image\\\/\"},\"sameAs\":[\"https:\\\/\\\/www.facebook.com\\\/vallonchene.fr\",\"https:\\\/\\\/www.instagram.com\\\/vallonchene\\\/\",\"https:\\\/\\\/www.pinterest.fr\\\/vallonchene\\\/\"],\"taxID\":\"49454502300017\",\"hasMerchantReturnPolicy\":{\"@type\":\"MerchantReturnPolicy\",\"merchantReturnLink\":\"https:\\\/\\\/www.vallonchene.fr\\\/remboursements_retours\\\/\"}}]}<\/script>\n<meta property=\"og:availability\" content=\"instock\" \/>\n<meta property=\"product:availability\" content=\"instock\" \/>\n<meta property=\"product:retailer_item_id\" content=\"61248\" \/>\n<meta property=\"product:condition\" content=\"new\" \/>\n<!-- \/ Yoast SEO Premium plugin. -->","yoast_head_json":{"title":"LIGUSTRUM japonicum 'Texanum' - aligustre del Jap\u00f3n","description":"Este aligustre del Jap\u00f3n presenta un follaje muy lustroso. En verano, el LIGUSTRUM japonicum 'Texanum' se cubre de flores blancas y fragantes. Adecuado para setos.","robots":{"index":"index","follow":"follow","max-snippet":"max-snippet:-1","max-image-preview":"max-image-preview:large","max-video-preview":"max-video-preview:-1"},"canonical":"https:\/\/www.vallonchene.fr\/es\/producto\/ligustrum-japonicum-texanum\/","og_locale":"es_ES","og_type":"article","og_title":"LIGUSTRUM japonicum 'Texanum'","og_description":"Este aligustre del Jap\u00f3n presenta un follaje muy lustroso. En verano, el LIGUSTRUM japonicum 'Texanum' se cubre de flores blancas y fragantes. Adecuado para setos.","og_url":"https:\/\/www.vallonchene.fr\/es\/producto\/ligustrum-japonicum-texanum\/","og_site_name":"Vallonch\u00eane","article_publisher":"https:\/\/www.facebook.com\/vallonchene.fr","article_modified_time":"2026-03-03T10:06:42+00:00","og_image":[{"width":1200,"height":1200,"url":"https:\/\/www.vallonchene.fr\/wp-content\/uploads\/2023\/07\/LIGUSTRUM-japonicum-Texanum_04.webp","type":"image\/webp"}],"twitter_card":"summary_large_image","twitter_misc":{"Disponibilidad":"En stock"},"schema":{"@context":"https:\/\/schema.org","@graph":[{"@type":"WebPage","@id":"https:\/\/www.vallonchene.fr\/es\/producto\/ligustrum-japonicum-texanum\/","url":"https:\/\/www.vallonchene.fr\/es\/producto\/ligustrum-japonicum-texanum\/","name":"LIGUSTRUM japonicum 'Texanum' - aligustre del Jap\u00f3n","isPartOf":{"@id":"https:\/\/www.vallonchene.fr\/es\/#website"},"primaryImageOfPage":{"@id":"https:\/\/www.vallonchene.fr\/es\/producto\/ligustrum-japonicum-texanum\/#primaryimage"},"image":{"@id":"https:\/\/www.vallonchene.fr\/es\/producto\/ligustrum-japonicum-texanum\/#primaryimage"},"thumbnailUrl":"https:\/\/www.vallonchene.fr\/wp-content\/uploads\/2023\/07\/LIGUSTRUM-japonicum-Texanum_04.webp","datePublished":"2021-08-31T09:14:16+00:00","dateModified":"2026-03-03T10:06:42+00:00","description":"Este aligustre del Jap\u00f3n presenta un follaje muy lustroso. En verano, el LIGUSTRUM japonicum 'Texanum' se cubre de flores blancas y fragantes. Adecuado para setos.","breadcrumb":{"@id":"https:\/\/www.vallonchene.fr\/es\/producto\/ligustrum-japonicum-texanum\/#breadcrumb"},"inLanguage":"es","potentialAction":[{"@type":"ReadAction","target":["https:\/\/www.vallonchene.fr\/es\/producto\/ligustrum-japonicum-texanum\/"]}]},{"@type":"ImageObject","inLanguage":"es","@id":"https:\/\/www.vallonchene.fr\/es\/producto\/ligustrum-japonicum-texanum\/#primaryimage","url":"https:\/\/www.vallonchene.fr\/wp-content\/uploads\/2023\/07\/LIGUSTRUM-japonicum-Texanum_04.webp","contentUrl":"https:\/\/www.vallonchene.fr\/wp-content\/uploads\/2023\/07\/LIGUSTRUM-japonicum-Texanum_04.webp","width":1200,"height":1200,"caption":"Flores blancas con abeja del LIGUSTRUM japonicum 'Texanum'"},{"@type":"BreadcrumbList","@id":"https:\/\/www.vallonchene.fr\/es\/producto\/ligustrum-japonicum-texanum\/#breadcrumb","itemListElement":[{"@type":"ListItem","position":1,"name":"Home","item":"https:\/\/www.vallonchene.fr\/es\/"},{"@type":"ListItem","position":2,"name":"Tienda","item":"https:\/\/www.vallonchene.fr\/tienda\/"},{"@type":"ListItem","position":3,"name":"LIGUSTRUM japonicum &lsquo;Texanum&rsquo;"}]},{"@type":"WebSite","@id":"https:\/\/www.vallonchene.fr\/es\/#website","url":"https:\/\/www.vallonchene.fr\/es\/","name":"Vallonch\u00eane","description":"El vivero donde la calidad tiene sus ra\u00edces \u2013 Tel.: +33 (0)2.35.90.02.02","publisher":{"@id":"https:\/\/www.vallonchene.fr\/es\/#organization"},"potentialAction":[{"@type":"SearchAction","target":{"@type":"EntryPoint","urlTemplate":"https:\/\/www.vallonchene.fr\/es\/?s={search_term_string}"},"query-input":{"@type":"PropertyValueSpecification","valueRequired":true,"valueName":"search_term_string"}}],"inLanguage":"es"},{"@type":"Organization","@id":"https:\/\/www.vallonchene.fr\/es\/#organization","name":"VALLONCHENE","url":"https:\/\/www.vallonchene.fr\/es\/","logo":{"@type":"ImageObject","inLanguage":"es","@id":"https:\/\/www.vallonchene.fr\/es\/#\/schema\/logo\/image\/","url":"https:\/\/www.vallonchene.fr\/wp-content\/uploads\/2023\/03\/Logo-Vallonchene-site-et-R_hauteur_100.png","contentUrl":"https:\/\/www.vallonchene.fr\/wp-content\/uploads\/2023\/03\/Logo-Vallonchene-site-et-R_hauteur_100.png","width":221,"height":100,"caption":"VALLONCHENE"},"image":{"@id":"https:\/\/www.vallonchene.fr\/es\/#\/schema\/logo\/image\/"},"sameAs":["https:\/\/www.facebook.com\/vallonchene.fr","https:\/\/www.instagram.com\/vallonchene\/","https:\/\/www.pinterest.fr\/vallonchene\/"],"taxID":"49454502300017","hasMerchantReturnPolicy":{"@type":"MerchantReturnPolicy","merchantReturnLink":"https:\/\/www.vallonchene.fr\/remboursements_retours\/"}}]},"og_availability":"instock","product_availability":"instock","product_retailer_item_id":"61248","product_condition":"new"},"_links":{"self":[{"href":"https:\/\/www.vallonchene.fr\/es\/wp-json\/wp\/v2\/product\/57881","targetHints":{"allow":["GET"]}}],"collection":[{"href":"https:\/\/www.vallonchene.fr\/es\/wp-json\/wp\/v2\/product"}],"about":[{"href":"https:\/\/www.vallonchene.fr\/es\/wp-json\/wp\/v2\/types\/product"}],"replies":[{"embeddable":true,"href":"https:\/\/www.vallonchene.fr\/es\/wp-json\/wp\/v2\/comments?post=57881"}],"wp:featuredmedia":[{"embeddable":true,"href":"https:\/\/www.vallonchene.fr\/es\/wp-json\/wp\/v2\/media\/57883"}],"wp:attachment":[{"href":"https:\/\/www.vallonchene.fr\/es\/wp-json\/wp\/v2\/media?parent=57881"}],"wp:term":[{"taxonomy":"product_brand","embeddable":true,"href":"https:\/\/www.vallonchene.fr\/es\/wp-json\/wp\/v2\/product_brand?post=57881"},{"taxonomy":"product_cat","embeddable":true,"href":"https:\/\/www.vallonchene.fr\/es\/wp-json\/wp\/v2\/product_cat?post=57881"},{"taxonomy":"product_tag","embeddable":true,"href":"https:\/\/www.vallonchene.fr\/es\/wp-json\/wp\/v2\/product_tag?post=57881"}],"curies":[{"name":"wp","href":"https:\/\/api.w.org\/{rel}","templated":true}]}}