{"id":57845,"date":"2021-08-31T11:14:30","date_gmt":"2021-08-31T11:14:30","guid":{"rendered":"https:\/\/www.vallonchene.fr\/produit\/liquidambar-styraciflua-aurea\/"},"modified":"2026-03-03T10:36:45","modified_gmt":"2026-03-03T09:36:45","slug":"liquidambar-styraciflua-aurea","status":"publish","type":"product","link":"https:\/\/www.vallonchene.fr\/es\/producto\/liquidambar-styraciflua-aurea\/","title":{"rendered":"LIQUIDAMBAR styraciflua &#8216;Aurea&#8217;"},"content":{"rendered":"<p>El <strong>LIQUIDAMBAR styraciflua &#8216;Aurea&#8217;<\/strong> presenta un <strong>hermoso follaje estrellado moteado de amarillo y verde<\/strong>. El color amarillo <strong>se mantiene perfectamente bajo el sol de verano<\/strong> y no se quema.<br \/>\nLuego, en oto\u00f1o, adquiere magn\u00edficos tonos (crema, naranja, p\u00farpura y amarillo).<br \/>\nFinalmente, en invierno, cuando las hojas hayan ca\u00eddo, este liquid\u00e1mbar americano paniculado decorar\u00e1 su jard\u00edn con su <strong>hermoso trazado y su magn\u00edfica corteza<\/strong>.<br \/>\nEste peque\u00f1o \u00e1rbol <strong>crece m\u00e1s lentamente que la especie tipo<\/strong> que ya misma crece t\u00edmidamente. Por lo tanto, puede utilizarse incluso en jardines peque\u00f1os.<\/p>\n<p>Para ver otras variedades de <strong>LIQUIDAMBAR<\/strong> actualmente disponibles, <a href=\"https:\/\/www.vallonchene.fr\/es\/?s=liquidambar&amp;post_type=product&amp;dgwt_wcas=1&amp;lang=es&amp;filter_stock_status=instock\"><strong>haga clic aqu\u00ed<\/strong><\/a>.<\/p>\n<h2>C\u00f3mo plantar el LIQUIDAMBAR styraciflua &#8216;Aurea&#8217;<\/h2>\n<p>Plante este liquid\u00e1mbar americano paniculado <strong>a pleno sol o a media sombra<\/strong>. Cuanto m\u00e1s sol capture al d\u00eda, m\u00e1s amarillo ser\u00e1. Recuerde, su color amarillo no se quema bajo el sol de verano.<br \/>\nPuede utilizarlo para una plantaci\u00f3n <strong>en solitario o en macizo<\/strong>.<\/p>\n<p>Prefiere <strong>suelo fresco a h\u00famedo o medianamente h\u00famedo<\/strong>. Puede ser <strong>ligero o normal con un pH \u00e1cido, calc\u00e1reo o neutro<\/strong>.<\/p>\n<p>Para una buena preparaci\u00f3n del macetero o del hoyo de plantaci\u00f3n, hemos dise\u00f1ado <a href=\"https:\/\/www.vallonchene.fr\/comment-planter-et-entretenir-des-vegetaux\/\" target=\"_blank\" rel=\"noreferrer noopener\"><strong>instrucciones espec\u00edficas disponibles aqu\u00ed<\/strong><\/a>. Lea tambi\u00e9n <a href=\"https:\/\/www.vallonchene.fr\/comment-bien-arroser-le-jardin-et-economiser-leau\/\"><strong>nuestros consejos sobre c\u00f3mo regar bien y ahorrar agua aqu\u00ed<\/strong><\/a>.<\/p>\n<h2>Historia y Origen<\/h2>\n<p>Fue <strong><a href=\"https:\/\/fr.wikipedia.org\/wiki\/Carl_von_Linn%C3%A9\" target=\"_blank\" rel=\"noopener\">Linn\u00e9<\/a><\/strong> quien nombr\u00f3 este peque\u00f1o \u00e1rbol \u00ab <strong>LIQUIDAMBAR<\/strong> \u00bb en 1753. El naturalista espa\u00f1ol <strong><a href=\"https:\/\/fr.wikipedia.org\/wiki\/Francisco_Hern%C3%A1ndez\" target=\"_blank\" rel=\"noopener\">Francisco Hernandez<\/a><\/strong> lo describe por primera vez en un escrito publicado p\u00f3stumamente en 1615. Juan de Grijalva, sobrino del gobernador de Cuba, lo menciona en 1517, procedente de un intercambio de regalos por parte de los Mayas.<\/p>\n<p>Por otra parte, esta especie se distingue singularmente por su corteza compuesta de placas perpendiculares que se sujetan al tronco y las ramas. Las hojas tienen generalmente cinco palmas puntiagudas.<br \/>\nLas flores aparecen en primavera, seguidas de frutos globulares.<\/p>\n<p>Adem\u00e1s, el h\u00e1bitat natural del liquid\u00e1mbar americano se encuentra en el <strong><a href=\"https:\/\/fr.wikipedia.org\/wiki\/Sud-Est_des_%C3%89tats-Unis\" target=\"_blank\" rel=\"noopener\">sureste de los Estados Unidos<\/a><\/strong>.<\/p>\n<p>De lo contrario, esta especie y sus diferentes cultivares como el <strong>LIQUIDAMBAR styraciflua &#8216;Aurea&#8217;<\/strong> son particularmente apreciados como \u00e1rboles ornamentales. Sin embargo, el <strong>LIQUIDAMBAR styraciflua<\/strong> es una de las maderas comerciales duras m\u00e1s importantes en el sureste de los Estados Unidos.<br \/>\nSe utiliza para carpinter\u00eda, muebles, cajas de cigarros, suelos de madera y barricas.<br \/>\nFinalmente, la resina se ha utilizado para la medicina y chicles.<\/p>\n","protected":false},"excerpt":{"rendered":"<p>Este <strong>liquid\u00e1mbar americano<\/strong> presenta un follaje jaspeado de verde y amarillo. El follaje del <strong>LIQUIDAMBAR styraciflua &#8216;Aurea&#8217;<\/strong> se ti\u00f1e de naranja y rojo en oto\u00f1o.<\/p>\n","protected":false},"featured_media":57846,"comment_status":"open","ping_status":"closed","template":"","meta":[],"product_brand":[],"product_cat":[11499],"product_tag":[13435,12649,12648],"class_list":{"0":"post-57845","1":"product","2":"type-product","3":"status-publish","4":"has-post-thumbnail","6":"product_cat-arbustos-y-arboles","7":"product_tag-copalme-damerique","8":"product_tag-liquidambar-es","9":"product_tag-liquidambar-styraciflua-es","10":"pa_99-hauteurapproximativeapres1-3-a-5-m","11":"pa_couleurdufeuillage-amarilla","12":"pa_couleurdufeuillage-variado","13":"pa_couleurdufeuillage-verde","14":"pa_exigencesenhumidite-moderadamente-humedo-a-humedo","15":"pa_exigencesenhumidite-promedio","16":"pa_expositionspossibles-pleno-sol-de-12-a-17-min","17":"pa_expositionspossibles-sombra-parcial-evitar-el-sol-de-12-a-17-horas","18":"pa_hauteurlivree-100-a-125-cm","19":"pa_hauteurlivree-40-a-60-cm-es","20":"pa_interetauprintemps-corteza","21":"pa_interetauprintemps-follaje","22":"pa_interetauprintemps-habitus","23":"pa_interetenautomne-corteza","24":"pa_interetenautomne-follaje","25":"pa_interetenautomne-habitus","26":"pa_interetenete-corteza","27":"pa_interetenete-follaje","28":"pa_interetenete-habitus","29":"pa_interetenhiver-corteza","30":"pa_interetenhiver-habitus","31":"pa_naturedufeuillage-caduco","32":"pa_naturesdesolpossibles-ligero","33":"pa_naturesdesolpossibles-normal-es","34":"pa_periodedetaille-febrero","35":"pa_phdusolacceptable-acido-menos-de-6_5","36":"pa_phdusolacceptable-calcareo-mas-de-7_5","37":"pa_phdusolacceptable-neutro-entre-6_5-y-7_5","38":"pa_portgraphisme-conico","39":"pa_resistanceaufroidrusticite-resistente-por-debajo-de-menos-20-c","40":"pa_tailledepot-maceta-de-15-litros","41":"pa_tailledepot-maceta-de-7_5-litros","42":"pa_utilisationpossible-aislado","43":"pa_utilisationpossible-arriate","45":"first","46":"instock","47":"taxable","48":"shipping-taxable","49":"purchasable","50":"product-type-variable","51":"has-default-attributes"},"supplier_id":null,"supplier_sku":"","barcode":null,"atum_controlled":true,"out_stock_date":null,"out_stock_threshold":null,"inheritable":true,"inbound_stock":0,"stock_on_hold":0,"sold_today":0,"sales_last_days":0,"reserved_stock":0,"customer_returns":0,"warehouse_damage":0,"lost_in_post":0,"other_logs":0,"out_stock_days":null,"lost_sales":0,"has_location":false,"update_date":"2026-04-13T06:59:50","atum_locations":[],"atum_stock_status":"instock","restock_status":false,"low_stock_amount":"","sales_update_date":"2026-04-11T14:55:41","calc_backorders":null,"yoast_head":"<!-- This site is optimized with the Yoast SEO Premium plugin v27.4 (Yoast SEO v27.4) - https:\/\/yoast.com\/product\/yoast-seo-premium-wordpress\/ -->\n<title>LIQUIDAMBAR styraciflua &#039;Aurea&#039; (liquid\u00e1mbar americano variegado)<\/title>\n<meta name=\"description\" content=\"Este liquid\u00e1mbar americano presenta un follaje variegado de verde y amarillo. El follaje del LIQUIDAMBAR styraciflua &#039;Aurea&#039; se ti\u00f1e de naranja y p\u00farpura en oto\u00f1o.\" \/>\n<meta name=\"robots\" content=\"index, follow, max-snippet:-1, max-image-preview:large, max-video-preview:-1\" \/>\n<link rel=\"canonical\" href=\"https:\/\/www.vallonchene.fr\/es\/producto\/liquidambar-styraciflua-aurea\/\" \/>\n<meta property=\"og:locale\" content=\"es_ES\" \/>\n<meta property=\"og:type\" content=\"article\" \/>\n<meta property=\"og:title\" content=\"LIQUIDAMBAR styraciflua &#039;Aurea&#039;\" \/>\n<meta property=\"og:description\" content=\"Este liquid\u00e1mbar americano presenta un follaje variegado de verde y amarillo. El follaje del LIQUIDAMBAR styraciflua &#039;Aurea&#039; se ti\u00f1e de naranja y p\u00farpura en oto\u00f1o.\" \/>\n<meta property=\"og:url\" content=\"https:\/\/www.vallonchene.fr\/es\/producto\/liquidambar-styraciflua-aurea\/\" \/>\n<meta property=\"og:site_name\" content=\"Vallonch\u00eane\" \/>\n<meta property=\"article:publisher\" content=\"https:\/\/www.facebook.com\/vallonchene.fr\" \/>\n<meta property=\"article:modified_time\" content=\"2026-03-03T09:36:45+00:00\" \/>\n<meta property=\"og:image\" content=\"https:\/\/www.vallonchene.fr\/wp-content\/uploads\/2023\/10\/LIQUIDAMBAR-styraciflua-Aurea_02.webp\" \/>\n\t<meta property=\"og:image:width\" content=\"1200\" \/>\n\t<meta property=\"og:image:height\" content=\"1200\" \/>\n\t<meta property=\"og:image:type\" content=\"image\/webp\" \/>\n<meta name=\"twitter:card\" content=\"summary_large_image\" \/>\n<meta name=\"twitter:label1\" content=\"Disponibilidad\" \/>\n\t<meta name=\"twitter:data1\" content=\"En stock\" \/>\n<script type=\"application\/ld+json\" class=\"yoast-schema-graph\">{\"@context\":\"https:\\\/\\\/schema.org\",\"@graph\":[{\"@type\":\"WebPage\",\"@id\":\"https:\\\/\\\/www.vallonchene.fr\\\/es\\\/producto\\\/liquidambar-styraciflua-aurea\\\/\",\"url\":\"https:\\\/\\\/www.vallonchene.fr\\\/es\\\/producto\\\/liquidambar-styraciflua-aurea\\\/\",\"name\":\"LIQUIDAMBAR styraciflua 'Aurea' (liquid\u00e1mbar americano variegado)\",\"isPartOf\":{\"@id\":\"https:\\\/\\\/www.vallonchene.fr\\\/es\\\/#website\"},\"primaryImageOfPage\":{\"@id\":\"https:\\\/\\\/www.vallonchene.fr\\\/es\\\/producto\\\/liquidambar-styraciflua-aurea\\\/#primaryimage\"},\"image\":{\"@id\":\"https:\\\/\\\/www.vallonchene.fr\\\/es\\\/producto\\\/liquidambar-styraciflua-aurea\\\/#primaryimage\"},\"thumbnailUrl\":\"https:\\\/\\\/www.vallonchene.fr\\\/wp-content\\\/uploads\\\/2023\\\/10\\\/LIQUIDAMBAR-styraciflua-Aurea_02.webp\",\"datePublished\":\"2021-08-31T11:14:30+00:00\",\"dateModified\":\"2026-03-03T09:36:45+00:00\",\"description\":\"Este liquid\u00e1mbar americano presenta un follaje variegado de verde y amarillo. El follaje del LIQUIDAMBAR styraciflua 'Aurea' se ti\u00f1e de naranja y p\u00farpura en oto\u00f1o.\",\"breadcrumb\":{\"@id\":\"https:\\\/\\\/www.vallonchene.fr\\\/es\\\/producto\\\/liquidambar-styraciflua-aurea\\\/#breadcrumb\"},\"inLanguage\":\"es\",\"potentialAction\":[{\"@type\":\"ReadAction\",\"target\":[\"https:\\\/\\\/www.vallonchene.fr\\\/es\\\/producto\\\/liquidambar-styraciflua-aurea\\\/\"]}]},{\"@type\":\"ImageObject\",\"inLanguage\":\"es\",\"@id\":\"https:\\\/\\\/www.vallonchene.fr\\\/es\\\/producto\\\/liquidambar-styraciflua-aurea\\\/#primaryimage\",\"url\":\"https:\\\/\\\/www.vallonchene.fr\\\/wp-content\\\/uploads\\\/2023\\\/10\\\/LIQUIDAMBAR-styraciflua-Aurea_02.webp\",\"contentUrl\":\"https:\\\/\\\/www.vallonchene.fr\\\/wp-content\\\/uploads\\\/2023\\\/10\\\/LIQUIDAMBAR-styraciflua-Aurea_02.webp\",\"width\":1200,\"height\":1200,\"caption\":\"Primer plano del follaje verde moteado de amarillo del LIQUIDAMBAR styraciflua 'Aurea'\"},{\"@type\":\"BreadcrumbList\",\"@id\":\"https:\\\/\\\/www.vallonchene.fr\\\/es\\\/producto\\\/liquidambar-styraciflua-aurea\\\/#breadcrumb\",\"itemListElement\":[{\"@type\":\"ListItem\",\"position\":1,\"name\":\"Home\",\"item\":\"https:\\\/\\\/www.vallonchene.fr\\\/es\\\/\"},{\"@type\":\"ListItem\",\"position\":2,\"name\":\"Tienda\",\"item\":\"https:\\\/\\\/www.vallonchene.fr\\\/tienda\\\/\"},{\"@type\":\"ListItem\",\"position\":3,\"name\":\"Venta en linea\",\"item\":\"https:\\\/\\\/www.vallonchene.fr\\\/es\\\/categoria-producto\\\/venta-en-linea\\\/\"},{\"@type\":\"ListItem\",\"position\":4,\"name\":\"Vivero\",\"item\":\"https:\\\/\\\/www.vallonchene.fr\\\/es\\\/categoria-producto\\\/venta-en-linea\\\/vivero\\\/\"},{\"@type\":\"ListItem\",\"position\":5,\"name\":\"Arbustos y \u00e1rboles\",\"item\":\"https:\\\/\\\/www.vallonchene.fr\\\/es\\\/categoria-producto\\\/venta-en-linea\\\/vivero\\\/arbustos-y-arboles\\\/\"},{\"@type\":\"ListItem\",\"position\":6,\"name\":\"LIQUIDAMBAR styraciflua &lsquo;Aurea&rsquo;\"}]},{\"@type\":\"WebSite\",\"@id\":\"https:\\\/\\\/www.vallonchene.fr\\\/es\\\/#website\",\"url\":\"https:\\\/\\\/www.vallonchene.fr\\\/es\\\/\",\"name\":\"Vallonch\u00eane\",\"description\":\"El vivero donde la calidad tiene sus ra\u00edces \u2013 Tel.: +33 (0)2.35.90.02.02\",\"publisher\":{\"@id\":\"https:\\\/\\\/www.vallonchene.fr\\\/es\\\/#organization\"},\"potentialAction\":[{\"@type\":\"SearchAction\",\"target\":{\"@type\":\"EntryPoint\",\"urlTemplate\":\"https:\\\/\\\/www.vallonchene.fr\\\/es\\\/?s={search_term_string}\"},\"query-input\":{\"@type\":\"PropertyValueSpecification\",\"valueRequired\":true,\"valueName\":\"search_term_string\"}}],\"inLanguage\":\"es\"},{\"@type\":\"Organization\",\"@id\":\"https:\\\/\\\/www.vallonchene.fr\\\/es\\\/#organization\",\"name\":\"VALLONCHENE\",\"url\":\"https:\\\/\\\/www.vallonchene.fr\\\/es\\\/\",\"logo\":{\"@type\":\"ImageObject\",\"inLanguage\":\"es\",\"@id\":\"https:\\\/\\\/www.vallonchene.fr\\\/es\\\/#\\\/schema\\\/logo\\\/image\\\/\",\"url\":\"https:\\\/\\\/www.vallonchene.fr\\\/wp-content\\\/uploads\\\/2023\\\/03\\\/Logo-Vallonchene-site-et-R_hauteur_100.png\",\"contentUrl\":\"https:\\\/\\\/www.vallonchene.fr\\\/wp-content\\\/uploads\\\/2023\\\/03\\\/Logo-Vallonchene-site-et-R_hauteur_100.png\",\"width\":221,\"height\":100,\"caption\":\"VALLONCHENE\"},\"image\":{\"@id\":\"https:\\\/\\\/www.vallonchene.fr\\\/es\\\/#\\\/schema\\\/logo\\\/image\\\/\"},\"sameAs\":[\"https:\\\/\\\/www.facebook.com\\\/vallonchene.fr\",\"https:\\\/\\\/www.instagram.com\\\/vallonchene\\\/\",\"https:\\\/\\\/www.pinterest.fr\\\/vallonchene\\\/\"],\"taxID\":\"49454502300017\",\"hasMerchantReturnPolicy\":{\"@type\":\"MerchantReturnPolicy\",\"merchantReturnLink\":\"https:\\\/\\\/www.vallonchene.fr\\\/remboursements_retours\\\/\"}}]}<\/script>\n<meta property=\"og:availability\" content=\"instock\" \/>\n<meta property=\"product:availability\" content=\"instock\" \/>\n<meta property=\"product:retailer_item_id\" content=\"43184\" \/>\n<meta property=\"product:condition\" content=\"new\" \/>\n<!-- \/ Yoast SEO Premium plugin. -->","yoast_head_json":{"title":"LIQUIDAMBAR styraciflua 'Aurea' (liquid\u00e1mbar americano variegado)","description":"Este liquid\u00e1mbar americano presenta un follaje variegado de verde y amarillo. El follaje del LIQUIDAMBAR styraciflua 'Aurea' se ti\u00f1e de naranja y p\u00farpura en oto\u00f1o.","robots":{"index":"index","follow":"follow","max-snippet":"max-snippet:-1","max-image-preview":"max-image-preview:large","max-video-preview":"max-video-preview:-1"},"canonical":"https:\/\/www.vallonchene.fr\/es\/producto\/liquidambar-styraciflua-aurea\/","og_locale":"es_ES","og_type":"article","og_title":"LIQUIDAMBAR styraciflua 'Aurea'","og_description":"Este liquid\u00e1mbar americano presenta un follaje variegado de verde y amarillo. El follaje del LIQUIDAMBAR styraciflua 'Aurea' se ti\u00f1e de naranja y p\u00farpura en oto\u00f1o.","og_url":"https:\/\/www.vallonchene.fr\/es\/producto\/liquidambar-styraciflua-aurea\/","og_site_name":"Vallonch\u00eane","article_publisher":"https:\/\/www.facebook.com\/vallonchene.fr","article_modified_time":"2026-03-03T09:36:45+00:00","og_image":[{"width":1200,"height":1200,"url":"https:\/\/www.vallonchene.fr\/wp-content\/uploads\/2023\/10\/LIQUIDAMBAR-styraciflua-Aurea_02.webp","type":"image\/webp"}],"twitter_card":"summary_large_image","twitter_misc":{"Disponibilidad":"En stock"},"schema":{"@context":"https:\/\/schema.org","@graph":[{"@type":"WebPage","@id":"https:\/\/www.vallonchene.fr\/es\/producto\/liquidambar-styraciflua-aurea\/","url":"https:\/\/www.vallonchene.fr\/es\/producto\/liquidambar-styraciflua-aurea\/","name":"LIQUIDAMBAR styraciflua 'Aurea' (liquid\u00e1mbar americano variegado)","isPartOf":{"@id":"https:\/\/www.vallonchene.fr\/es\/#website"},"primaryImageOfPage":{"@id":"https:\/\/www.vallonchene.fr\/es\/producto\/liquidambar-styraciflua-aurea\/#primaryimage"},"image":{"@id":"https:\/\/www.vallonchene.fr\/es\/producto\/liquidambar-styraciflua-aurea\/#primaryimage"},"thumbnailUrl":"https:\/\/www.vallonchene.fr\/wp-content\/uploads\/2023\/10\/LIQUIDAMBAR-styraciflua-Aurea_02.webp","datePublished":"2021-08-31T11:14:30+00:00","dateModified":"2026-03-03T09:36:45+00:00","description":"Este liquid\u00e1mbar americano presenta un follaje variegado de verde y amarillo. El follaje del LIQUIDAMBAR styraciflua 'Aurea' se ti\u00f1e de naranja y p\u00farpura en oto\u00f1o.","breadcrumb":{"@id":"https:\/\/www.vallonchene.fr\/es\/producto\/liquidambar-styraciflua-aurea\/#breadcrumb"},"inLanguage":"es","potentialAction":[{"@type":"ReadAction","target":["https:\/\/www.vallonchene.fr\/es\/producto\/liquidambar-styraciflua-aurea\/"]}]},{"@type":"ImageObject","inLanguage":"es","@id":"https:\/\/www.vallonchene.fr\/es\/producto\/liquidambar-styraciflua-aurea\/#primaryimage","url":"https:\/\/www.vallonchene.fr\/wp-content\/uploads\/2023\/10\/LIQUIDAMBAR-styraciflua-Aurea_02.webp","contentUrl":"https:\/\/www.vallonchene.fr\/wp-content\/uploads\/2023\/10\/LIQUIDAMBAR-styraciflua-Aurea_02.webp","width":1200,"height":1200,"caption":"Primer plano del follaje verde moteado de amarillo del LIQUIDAMBAR styraciflua 'Aurea'"},{"@type":"BreadcrumbList","@id":"https:\/\/www.vallonchene.fr\/es\/producto\/liquidambar-styraciflua-aurea\/#breadcrumb","itemListElement":[{"@type":"ListItem","position":1,"name":"Home","item":"https:\/\/www.vallonchene.fr\/es\/"},{"@type":"ListItem","position":2,"name":"Tienda","item":"https:\/\/www.vallonchene.fr\/tienda\/"},{"@type":"ListItem","position":3,"name":"Venta en linea","item":"https:\/\/www.vallonchene.fr\/es\/categoria-producto\/venta-en-linea\/"},{"@type":"ListItem","position":4,"name":"Vivero","item":"https:\/\/www.vallonchene.fr\/es\/categoria-producto\/venta-en-linea\/vivero\/"},{"@type":"ListItem","position":5,"name":"Arbustos y \u00e1rboles","item":"https:\/\/www.vallonchene.fr\/es\/categoria-producto\/venta-en-linea\/vivero\/arbustos-y-arboles\/"},{"@type":"ListItem","position":6,"name":"LIQUIDAMBAR styraciflua &lsquo;Aurea&rsquo;"}]},{"@type":"WebSite","@id":"https:\/\/www.vallonchene.fr\/es\/#website","url":"https:\/\/www.vallonchene.fr\/es\/","name":"Vallonch\u00eane","description":"El vivero donde la calidad tiene sus ra\u00edces \u2013 Tel.: +33 (0)2.35.90.02.02","publisher":{"@id":"https:\/\/www.vallonchene.fr\/es\/#organization"},"potentialAction":[{"@type":"SearchAction","target":{"@type":"EntryPoint","urlTemplate":"https:\/\/www.vallonchene.fr\/es\/?s={search_term_string}"},"query-input":{"@type":"PropertyValueSpecification","valueRequired":true,"valueName":"search_term_string"}}],"inLanguage":"es"},{"@type":"Organization","@id":"https:\/\/www.vallonchene.fr\/es\/#organization","name":"VALLONCHENE","url":"https:\/\/www.vallonchene.fr\/es\/","logo":{"@type":"ImageObject","inLanguage":"es","@id":"https:\/\/www.vallonchene.fr\/es\/#\/schema\/logo\/image\/","url":"https:\/\/www.vallonchene.fr\/wp-content\/uploads\/2023\/03\/Logo-Vallonchene-site-et-R_hauteur_100.png","contentUrl":"https:\/\/www.vallonchene.fr\/wp-content\/uploads\/2023\/03\/Logo-Vallonchene-site-et-R_hauteur_100.png","width":221,"height":100,"caption":"VALLONCHENE"},"image":{"@id":"https:\/\/www.vallonchene.fr\/es\/#\/schema\/logo\/image\/"},"sameAs":["https:\/\/www.facebook.com\/vallonchene.fr","https:\/\/www.instagram.com\/vallonchene\/","https:\/\/www.pinterest.fr\/vallonchene\/"],"taxID":"49454502300017","hasMerchantReturnPolicy":{"@type":"MerchantReturnPolicy","merchantReturnLink":"https:\/\/www.vallonchene.fr\/remboursements_retours\/"}}]},"og_availability":"instock","product_availability":"instock","product_retailer_item_id":"43184","product_condition":"new"},"_links":{"self":[{"href":"https:\/\/www.vallonchene.fr\/es\/wp-json\/wp\/v2\/product\/57845","targetHints":{"allow":["GET"]}}],"collection":[{"href":"https:\/\/www.vallonchene.fr\/es\/wp-json\/wp\/v2\/product"}],"about":[{"href":"https:\/\/www.vallonchene.fr\/es\/wp-json\/wp\/v2\/types\/product"}],"replies":[{"embeddable":true,"href":"https:\/\/www.vallonchene.fr\/es\/wp-json\/wp\/v2\/comments?post=57845"}],"wp:featuredmedia":[{"embeddable":true,"href":"https:\/\/www.vallonchene.fr\/es\/wp-json\/wp\/v2\/media\/57846"}],"wp:attachment":[{"href":"https:\/\/www.vallonchene.fr\/es\/wp-json\/wp\/v2\/media?parent=57845"}],"wp:term":[{"taxonomy":"product_brand","embeddable":true,"href":"https:\/\/www.vallonchene.fr\/es\/wp-json\/wp\/v2\/product_brand?post=57845"},{"taxonomy":"product_cat","embeddable":true,"href":"https:\/\/www.vallonchene.fr\/es\/wp-json\/wp\/v2\/product_cat?post=57845"},{"taxonomy":"product_tag","embeddable":true,"href":"https:\/\/www.vallonchene.fr\/es\/wp-json\/wp\/v2\/product_tag?post=57845"}],"curies":[{"name":"wp","href":"https:\/\/api.w.org\/{rel}","templated":true}]}}