{"id":57713,"date":"2021-08-31T11:18:16","date_gmt":"2021-08-31T11:18:16","guid":{"rendered":"https:\/\/www.vallonchene.fr\/produit\/musella-lasiocarpa-loto-dorado\/"},"modified":"2021-08-31T11:18:16","modified_gmt":"2021-08-31T09:18:16","slug":"musella-lasiocarpa-loto-dorado","status":"publish","type":"product","link":"https:\/\/www.vallonchene.fr\/es\/producto\/musella-lasiocarpa-loto-dorado\/","title":{"rendered":"MUSELLA lasiocarpa \u2013 Loto dorado"},"content":{"rendered":"<p>El <strong>MUSELLA lasiocarpa<\/strong> forma parte de las plantas que crean una <strong>atm\u00f3sfera ex\u00f3tica<\/strong> en el jard\u00edn. Se trata de un <strong>loto dorado<\/strong> que no exceder\u00e1 los <strong>1 m a 1,50 m<\/strong>. Su follaje es <strong>azulado<\/strong>.<br \/>\nSin embargo, el verdadero espect\u00e1culo comienza cuando empieza a desarrollar su <strong>magn\u00edfica y corpulenta flor amarilla<\/strong> (ver foto). Mide una veintena de cent\u00edmetros de di\u00e1metro y se asemeja mucho a la de un loto. \u00a1Tan incre\u00edble como parece, es una de las pocas flores en el mundo vegetal <strong>durante varios a\u00f1os<\/strong>! S\u00ed, ha le\u00eddo bien, la misma flor dura varios a\u00f1os. Esta afirmaci\u00f3n se basa en nuestra propia experiencia en vivero donde la flor ha incluso sobrevivido a temperaturas hasta \u22124 \u00b0C (bajo abrigo).<br \/>\nComo la mayor\u00eda de las plantas perennes que producimos, esta tambi\u00e9n se multiplica por divisi\u00f3n para garantizarle un pie sano desde el principio.<\/p>\n<p>Para ver nuestras otras plantas perennes disponibles a la venta actualmente, <a href=\"https:\/\/www.vallonchene.fr\/es\/categoria-producto\/venta-en-linea\/vivero\/plantas-perennes\/?filter_stock_status=instock\" target=\"_blank\" rel=\"noreferrer noopener\"><strong>haga click aqui<\/strong><\/a>.<\/p>\n<h2 id=\"h-comment-planter-le-musella-lasiocarpa\" class=\"wp-block-heading has-x-large-font-size\">C\u00f3mo plantar el MUSELLA lasiocarpa<\/h2>\n<p>Puede plantar este bananero enano <strong>en tierra o en maceta<\/strong>. Si lo planta en tierra, debe protegerlo en invierno. Entonces, volver\u00e1 a empezar desde cero cada a\u00f1o. Mientras que si lo conserva en maceta, debe ponerlo a refugio del fr\u00edo en invierno (antes de las primeras heladas). As\u00ed continuar\u00e1 creciendo a\u00f1o tras a\u00f1o.<br \/>\nPl\u00e1ntelo o col\u00f3quelo <strong>a pleno sol<\/strong>. Para su informaci\u00f3n, las macetas se utilizan en la terraza o el balc\u00f3n. Sin embargo, piense tambi\u00e9n en colocarlas en un parterre con otras plantas.<\/p>\n<p>Para una buena preparaci\u00f3n de la maceta, hemos dise\u00f1ado <a href=\"https:\/\/www.vallonchene.fr\/comment-planter-et-entretenir-des-vegetaux\/comment-planter-en-pot-pour-la-terrasse\/\" target=\"_blank\" rel=\"noreferrer noopener\"><strong>instrucciones espec\u00edficas disponibles aqu\u00ed<\/strong><\/a>.<\/p>\n<h2 id=\"h-histoire-et-origine\" class=\"wp-block-heading has-x-large-font-size\">Historia y Origen<\/h2>\n<p>Esta especie se denomina tambi\u00e9n <strong>loto dorado<\/strong> o tambi\u00e9n <strong>loto de oro<\/strong>. Los ingleses tambi\u00e9n lo llaman <strong>bananero loto dorado<\/strong>.<\/p>\n<p>El MUSELLA lasiocarpa es end\u00e9mico de las provincias chinas de <strong>Sichuan, Guizhou y Yunnan<\/strong>. All\u00ed crece en <strong>altitudes hasta 2\u00a0500 metros<\/strong>. Tambi\u00e9n lleva el sin\u00f3nimo de MUSA lasiocarpa.<br \/>\nSi su ecorregi\u00f3n se indica como \u201csubtropical\u201d, crece de forma natural en entornos monta\u00f1osos bastante secos y fr\u00edos.<\/p>\n<p>Esta maravillosa planta ha obtenido la distinci\u00f3n del Garden Merit de la <strong><a href=\"https:\/\/www.rhs.org.uk\/\" target=\"_blank\" rel=\"noopener\">RHS<\/a><\/strong> (Royal Horticultural Society).<\/p>\n<p>Sin embargo, se cre\u00eda extinto en su h\u00e1bitat natural. Es entonces en 2004 y 2019 cuando se encontraron poblaciones en Yunnan.<\/p>\n<p>Aunque esta especie est\u00e1 hoy en d\u00eda <strong>clasificada como amenazada<\/strong>, todav\u00eda se utiliza como forraje o para trenzar cuerdas.<\/p>\n<p>&nbsp;<\/p>\n","protected":false},"excerpt":{"rendered":"<p>El loto dorado presenta un atractivo follaje azulado. La flor de MUSELLA lasiocarpa puede permanecer ornamental durante varios a\u00f1os si se protege en invierno.<\/p>\n","protected":false},"featured_media":57715,"comment_status":"open","ping_status":"closed","template":"","meta":[],"product_brand":[],"product_cat":[11832],"product_tag":[13384,13383,13382],"class_list":{"0":"post-57713","1":"product","2":"type-product","3":"status-publish","4":"has-post-thumbnail","6":"product_cat-plantas-perennes","7":"product_tag-loto-de-oro","8":"product_tag-loto-dorado","9":"product_tag-musella-lasiocarpa","10":"pa_99-hauteurapproximativeapres1-1_00-a-1_50-m","11":"pa_couleurdesfleurs-amarilla","12":"pa_couleurdufeuillage-azul","13":"pa_exigencesenhumidite-moderadamente-humedo-a-humedo","14":"pa_exigencesenhumidite-promedio","15":"pa_exigencesenhumidite-seco","16":"pa_expositionspossibles-pleno-sol-de-12-a-17-min","17":"pa_hauteurlivree-n-a-es","18":"pa_interetauprintemps-flores","19":"pa_interetauprintemps-follaje","20":"pa_interetenautomne-flores","21":"pa_interetenautomne-follaje","22":"pa_interetenete-flores","23":"pa_interetenete-follaje","24":"pa_interetenhiver-flores","25":"pa_interetenhiver-follaje","26":"pa_naturedufeuillage-siempreverde","27":"pa_naturesdesolpossibles-ligero","28":"pa_naturesdesolpossibles-normal-es","29":"pa_naturesdesolpossibles-pesado","30":"pa_periodedefloraison-invierno","31":"pa_periodedefloraison-otono","32":"pa_periodedefloraison-primavera","33":"pa_periodedefloraison-verano","34":"pa_phdusolacceptable-acido-menos-de-6_5","35":"pa_phdusolacceptable-calcareo-mas-de-7_5","36":"pa_phdusolacceptable-neutro-entre-6_5-y-7_5","37":"pa_portgraphisme-arbustivo-es","38":"pa_resistanceaufroidrusticite-resistente-hasta-menos-10-c","39":"pa_tailledepot-maceta-de-10-litros","40":"pa_tailledepot-maceta-de-5-litros","41":"pa_utilisationpossible-arriate","42":"pa_utilisationpossible-contenedor-o-olla","44":"first","45":"instock","46":"taxable","47":"shipping-taxable","48":"purchasable","49":"product-type-variable","50":"has-default-attributes"},"supplier_id":null,"supplier_sku":"","barcode":null,"atum_controlled":true,"out_stock_date":null,"out_stock_threshold":null,"inheritable":true,"inbound_stock":0,"stock_on_hold":0,"sold_today":0,"sales_last_days":0,"reserved_stock":0,"customer_returns":0,"warehouse_damage":0,"lost_in_post":0,"other_logs":0,"out_stock_days":null,"lost_sales":0,"has_location":false,"update_date":"2026-02-27T10:42:09","atum_locations":[],"atum_stock_status":"instock","restock_status":false,"low_stock_amount":"","sales_update_date":"2025-03-12T10:01:28","calc_backorders":null,"yoast_head":"<!-- This site is optimized with the Yoast SEO Premium plugin v27.4 (Yoast SEO v27.4) - https:\/\/yoast.com\/product\/yoast-seo-premium-wordpress\/ -->\n<title>MUSELLA lasiocarpa - Loto dorado<\/title>\n<meta name=\"description\" content=\"El loto dorado presenta un atractivo follaje azulado. La flor de MUSELLA lasiocarpa puede permanecer ornamental durante varios a\u00f1os si se protege en invierno.\" \/>\n<meta name=\"robots\" content=\"index, follow, max-snippet:-1, max-image-preview:large, max-video-preview:-1\" \/>\n<link rel=\"canonical\" href=\"https:\/\/www.vallonchene.fr\/es\/producto\/musella-lasiocarpa-loto-dorado\/\" \/>\n<meta property=\"og:locale\" content=\"es_ES\" \/>\n<meta property=\"og:type\" content=\"article\" \/>\n<meta property=\"og:title\" content=\"MUSELLA lasiocarpa \u2013 Loto dorado\" \/>\n<meta property=\"og:description\" content=\"El loto dorado presenta un atractivo follaje azulado. La flor de MUSELLA lasiocarpa puede permanecer ornamental durante varios a\u00f1os si se protege en invierno.\" \/>\n<meta property=\"og:url\" content=\"https:\/\/www.vallonchene.fr\/es\/producto\/musella-lasiocarpa-loto-dorado\/\" \/>\n<meta property=\"og:site_name\" content=\"Vallonch\u00eane\" \/>\n<meta property=\"article:publisher\" content=\"https:\/\/www.facebook.com\/vallonchene.fr\" \/>\n<meta property=\"og:image\" content=\"https:\/\/www.vallonchene.fr\/wp-content\/uploads\/2023\/06\/MUSELLA-lasiocarpa_01.webp\" \/>\n\t<meta property=\"og:image:width\" content=\"1000\" \/>\n\t<meta property=\"og:image:height\" content=\"1000\" \/>\n\t<meta property=\"og:image:type\" content=\"image\/webp\" \/>\n<meta name=\"twitter:card\" content=\"summary_large_image\" \/>\n<meta name=\"twitter:label1\" content=\"Disponibilidad\" \/>\n\t<meta name=\"twitter:data1\" content=\"En stock\" \/>\n<script type=\"application\/ld+json\" class=\"yoast-schema-graph\">{\"@context\":\"https:\\\/\\\/schema.org\",\"@graph\":[{\"@type\":\"WebPage\",\"@id\":\"https:\\\/\\\/www.vallonchene.fr\\\/es\\\/producto\\\/musella-lasiocarpa-loto-dorado\\\/\",\"url\":\"https:\\\/\\\/www.vallonchene.fr\\\/es\\\/producto\\\/musella-lasiocarpa-loto-dorado\\\/\",\"name\":\"MUSELLA lasiocarpa - Loto dorado\",\"isPartOf\":{\"@id\":\"https:\\\/\\\/www.vallonchene.fr\\\/es\\\/#website\"},\"primaryImageOfPage\":{\"@id\":\"https:\\\/\\\/www.vallonchene.fr\\\/es\\\/producto\\\/musella-lasiocarpa-loto-dorado\\\/#primaryimage\"},\"image\":{\"@id\":\"https:\\\/\\\/www.vallonchene.fr\\\/es\\\/producto\\\/musella-lasiocarpa-loto-dorado\\\/#primaryimage\"},\"thumbnailUrl\":\"https:\\\/\\\/www.vallonchene.fr\\\/wp-content\\\/uploads\\\/2023\\\/06\\\/MUSELLA-lasiocarpa_01.webp\",\"datePublished\":\"2021-08-31T11:18:16+00:00\",\"description\":\"El loto dorado presenta un atractivo follaje azulado. La flor de MUSELLA lasiocarpa puede permanecer ornamental durante varios a\u00f1os si se protege en invierno.\",\"breadcrumb\":{\"@id\":\"https:\\\/\\\/www.vallonchene.fr\\\/es\\\/producto\\\/musella-lasiocarpa-loto-dorado\\\/#breadcrumb\"},\"inLanguage\":\"es\",\"potentialAction\":[{\"@type\":\"ReadAction\",\"target\":[\"https:\\\/\\\/www.vallonchene.fr\\\/es\\\/producto\\\/musella-lasiocarpa-loto-dorado\\\/\"]}]},{\"@type\":\"ImageObject\",\"inLanguage\":\"es\",\"@id\":\"https:\\\/\\\/www.vallonchene.fr\\\/es\\\/producto\\\/musella-lasiocarpa-loto-dorado\\\/#primaryimage\",\"url\":\"https:\\\/\\\/www.vallonchene.fr\\\/wp-content\\\/uploads\\\/2023\\\/06\\\/MUSELLA-lasiocarpa_01.webp\",\"contentUrl\":\"https:\\\/\\\/www.vallonchene.fr\\\/wp-content\\\/uploads\\\/2023\\\/06\\\/MUSELLA-lasiocarpa_01.webp\",\"width\":1000,\"height\":1000,\"caption\":\"Flores amarillas de MUSELLA lasiocarpa que pueden perdurar varios a\u00f1os\"},{\"@type\":\"BreadcrumbList\",\"@id\":\"https:\\\/\\\/www.vallonchene.fr\\\/es\\\/producto\\\/musella-lasiocarpa-loto-dorado\\\/#breadcrumb\",\"itemListElement\":[{\"@type\":\"ListItem\",\"position\":1,\"name\":\"Home\",\"item\":\"https:\\\/\\\/www.vallonchene.fr\\\/es\\\/\"},{\"@type\":\"ListItem\",\"position\":2,\"name\":\"Tienda\",\"item\":\"https:\\\/\\\/www.vallonchene.fr\\\/tienda\\\/\"},{\"@type\":\"ListItem\",\"position\":3,\"name\":\"MUSELLA lasiocarpa \u2013 Loto dorado\"}]},{\"@type\":\"WebSite\",\"@id\":\"https:\\\/\\\/www.vallonchene.fr\\\/es\\\/#website\",\"url\":\"https:\\\/\\\/www.vallonchene.fr\\\/es\\\/\",\"name\":\"Vallonch\u00eane\",\"description\":\"El vivero donde la calidad tiene sus ra\u00edces \u2013 Tel.: +33 (0)2.35.90.02.02\",\"publisher\":{\"@id\":\"https:\\\/\\\/www.vallonchene.fr\\\/es\\\/#organization\"},\"potentialAction\":[{\"@type\":\"SearchAction\",\"target\":{\"@type\":\"EntryPoint\",\"urlTemplate\":\"https:\\\/\\\/www.vallonchene.fr\\\/es\\\/?s={search_term_string}\"},\"query-input\":{\"@type\":\"PropertyValueSpecification\",\"valueRequired\":true,\"valueName\":\"search_term_string\"}}],\"inLanguage\":\"es\"},{\"@type\":\"Organization\",\"@id\":\"https:\\\/\\\/www.vallonchene.fr\\\/es\\\/#organization\",\"name\":\"VALLONCHENE\",\"url\":\"https:\\\/\\\/www.vallonchene.fr\\\/es\\\/\",\"logo\":{\"@type\":\"ImageObject\",\"inLanguage\":\"es\",\"@id\":\"https:\\\/\\\/www.vallonchene.fr\\\/es\\\/#\\\/schema\\\/logo\\\/image\\\/\",\"url\":\"https:\\\/\\\/www.vallonchene.fr\\\/wp-content\\\/uploads\\\/2023\\\/03\\\/Logo-Vallonchene-site-et-R_hauteur_100.png\",\"contentUrl\":\"https:\\\/\\\/www.vallonchene.fr\\\/wp-content\\\/uploads\\\/2023\\\/03\\\/Logo-Vallonchene-site-et-R_hauteur_100.png\",\"width\":221,\"height\":100,\"caption\":\"VALLONCHENE\"},\"image\":{\"@id\":\"https:\\\/\\\/www.vallonchene.fr\\\/es\\\/#\\\/schema\\\/logo\\\/image\\\/\"},\"sameAs\":[\"https:\\\/\\\/www.facebook.com\\\/vallonchene.fr\",\"https:\\\/\\\/www.instagram.com\\\/vallonchene\\\/\",\"https:\\\/\\\/www.pinterest.fr\\\/vallonchene\\\/\"],\"taxID\":\"49454502300017\",\"hasMerchantReturnPolicy\":{\"@type\":\"MerchantReturnPolicy\",\"merchantReturnLink\":\"https:\\\/\\\/www.vallonchene.fr\\\/remboursements_retours\\\/\"}}]}<\/script>\n<meta property=\"og:availability\" content=\"instock\" \/>\n<meta property=\"product:availability\" content=\"instock\" \/>\n<meta property=\"product:retailer_item_id\" content=\"85891\" \/>\n<meta property=\"product:condition\" content=\"new\" \/>\n<!-- \/ Yoast SEO Premium plugin. -->","yoast_head_json":{"title":"MUSELLA lasiocarpa - Loto dorado","description":"El loto dorado presenta un atractivo follaje azulado. La flor de MUSELLA lasiocarpa puede permanecer ornamental durante varios a\u00f1os si se protege en invierno.","robots":{"index":"index","follow":"follow","max-snippet":"max-snippet:-1","max-image-preview":"max-image-preview:large","max-video-preview":"max-video-preview:-1"},"canonical":"https:\/\/www.vallonchene.fr\/es\/producto\/musella-lasiocarpa-loto-dorado\/","og_locale":"es_ES","og_type":"article","og_title":"MUSELLA lasiocarpa \u2013 Loto dorado","og_description":"El loto dorado presenta un atractivo follaje azulado. La flor de MUSELLA lasiocarpa puede permanecer ornamental durante varios a\u00f1os si se protege en invierno.","og_url":"https:\/\/www.vallonchene.fr\/es\/producto\/musella-lasiocarpa-loto-dorado\/","og_site_name":"Vallonch\u00eane","article_publisher":"https:\/\/www.facebook.com\/vallonchene.fr","og_image":[{"width":1000,"height":1000,"url":"https:\/\/www.vallonchene.fr\/wp-content\/uploads\/2023\/06\/MUSELLA-lasiocarpa_01.webp","type":"image\/webp"}],"twitter_card":"summary_large_image","twitter_misc":{"Disponibilidad":"En stock"},"schema":{"@context":"https:\/\/schema.org","@graph":[{"@type":"WebPage","@id":"https:\/\/www.vallonchene.fr\/es\/producto\/musella-lasiocarpa-loto-dorado\/","url":"https:\/\/www.vallonchene.fr\/es\/producto\/musella-lasiocarpa-loto-dorado\/","name":"MUSELLA lasiocarpa - Loto dorado","isPartOf":{"@id":"https:\/\/www.vallonchene.fr\/es\/#website"},"primaryImageOfPage":{"@id":"https:\/\/www.vallonchene.fr\/es\/producto\/musella-lasiocarpa-loto-dorado\/#primaryimage"},"image":{"@id":"https:\/\/www.vallonchene.fr\/es\/producto\/musella-lasiocarpa-loto-dorado\/#primaryimage"},"thumbnailUrl":"https:\/\/www.vallonchene.fr\/wp-content\/uploads\/2023\/06\/MUSELLA-lasiocarpa_01.webp","datePublished":"2021-08-31T11:18:16+00:00","description":"El loto dorado presenta un atractivo follaje azulado. La flor de MUSELLA lasiocarpa puede permanecer ornamental durante varios a\u00f1os si se protege en invierno.","breadcrumb":{"@id":"https:\/\/www.vallonchene.fr\/es\/producto\/musella-lasiocarpa-loto-dorado\/#breadcrumb"},"inLanguage":"es","potentialAction":[{"@type":"ReadAction","target":["https:\/\/www.vallonchene.fr\/es\/producto\/musella-lasiocarpa-loto-dorado\/"]}]},{"@type":"ImageObject","inLanguage":"es","@id":"https:\/\/www.vallonchene.fr\/es\/producto\/musella-lasiocarpa-loto-dorado\/#primaryimage","url":"https:\/\/www.vallonchene.fr\/wp-content\/uploads\/2023\/06\/MUSELLA-lasiocarpa_01.webp","contentUrl":"https:\/\/www.vallonchene.fr\/wp-content\/uploads\/2023\/06\/MUSELLA-lasiocarpa_01.webp","width":1000,"height":1000,"caption":"Flores amarillas de MUSELLA lasiocarpa que pueden perdurar varios a\u00f1os"},{"@type":"BreadcrumbList","@id":"https:\/\/www.vallonchene.fr\/es\/producto\/musella-lasiocarpa-loto-dorado\/#breadcrumb","itemListElement":[{"@type":"ListItem","position":1,"name":"Home","item":"https:\/\/www.vallonchene.fr\/es\/"},{"@type":"ListItem","position":2,"name":"Tienda","item":"https:\/\/www.vallonchene.fr\/tienda\/"},{"@type":"ListItem","position":3,"name":"MUSELLA lasiocarpa \u2013 Loto dorado"}]},{"@type":"WebSite","@id":"https:\/\/www.vallonchene.fr\/es\/#website","url":"https:\/\/www.vallonchene.fr\/es\/","name":"Vallonch\u00eane","description":"El vivero donde la calidad tiene sus ra\u00edces \u2013 Tel.: +33 (0)2.35.90.02.02","publisher":{"@id":"https:\/\/www.vallonchene.fr\/es\/#organization"},"potentialAction":[{"@type":"SearchAction","target":{"@type":"EntryPoint","urlTemplate":"https:\/\/www.vallonchene.fr\/es\/?s={search_term_string}"},"query-input":{"@type":"PropertyValueSpecification","valueRequired":true,"valueName":"search_term_string"}}],"inLanguage":"es"},{"@type":"Organization","@id":"https:\/\/www.vallonchene.fr\/es\/#organization","name":"VALLONCHENE","url":"https:\/\/www.vallonchene.fr\/es\/","logo":{"@type":"ImageObject","inLanguage":"es","@id":"https:\/\/www.vallonchene.fr\/es\/#\/schema\/logo\/image\/","url":"https:\/\/www.vallonchene.fr\/wp-content\/uploads\/2023\/03\/Logo-Vallonchene-site-et-R_hauteur_100.png","contentUrl":"https:\/\/www.vallonchene.fr\/wp-content\/uploads\/2023\/03\/Logo-Vallonchene-site-et-R_hauteur_100.png","width":221,"height":100,"caption":"VALLONCHENE"},"image":{"@id":"https:\/\/www.vallonchene.fr\/es\/#\/schema\/logo\/image\/"},"sameAs":["https:\/\/www.facebook.com\/vallonchene.fr","https:\/\/www.instagram.com\/vallonchene\/","https:\/\/www.pinterest.fr\/vallonchene\/"],"taxID":"49454502300017","hasMerchantReturnPolicy":{"@type":"MerchantReturnPolicy","merchantReturnLink":"https:\/\/www.vallonchene.fr\/remboursements_retours\/"}}]},"og_availability":"instock","product_availability":"instock","product_retailer_item_id":"85891","product_condition":"new"},"_links":{"self":[{"href":"https:\/\/www.vallonchene.fr\/es\/wp-json\/wp\/v2\/product\/57713","targetHints":{"allow":["GET"]}}],"collection":[{"href":"https:\/\/www.vallonchene.fr\/es\/wp-json\/wp\/v2\/product"}],"about":[{"href":"https:\/\/www.vallonchene.fr\/es\/wp-json\/wp\/v2\/types\/product"}],"replies":[{"embeddable":true,"href":"https:\/\/www.vallonchene.fr\/es\/wp-json\/wp\/v2\/comments?post=57713"}],"wp:featuredmedia":[{"embeddable":true,"href":"https:\/\/www.vallonchene.fr\/es\/wp-json\/wp\/v2\/media\/57715"}],"wp:attachment":[{"href":"https:\/\/www.vallonchene.fr\/es\/wp-json\/wp\/v2\/media?parent=57713"}],"wp:term":[{"taxonomy":"product_brand","embeddable":true,"href":"https:\/\/www.vallonchene.fr\/es\/wp-json\/wp\/v2\/product_brand?post=57713"},{"taxonomy":"product_cat","embeddable":true,"href":"https:\/\/www.vallonchene.fr\/es\/wp-json\/wp\/v2\/product_cat?post=57713"},{"taxonomy":"product_tag","embeddable":true,"href":"https:\/\/www.vallonchene.fr\/es\/wp-json\/wp\/v2\/product_tag?post=57713"}],"curies":[{"name":"wp","href":"https:\/\/api.w.org\/{rel}","templated":true}]}}