{"id":57580,"date":"2021-08-31T11:27:09","date_gmt":"2021-08-31T11:27:09","guid":{"rendered":"https:\/\/www.vallonchene.fr\/produit\/pinus-parviflora-schoons-bonsai\/"},"modified":"2021-08-31T11:27:09","modified_gmt":"2021-08-31T09:27:09","slug":"pinus-parviflora-schoons-bonsai","status":"publish","type":"product","link":"https:\/\/www.vallonchene.fr\/es\/producto\/pinus-parviflora-schoons-bonsai\/","title":{"rendered":"PINUS parviflora &#8216;Schoon&#8217;s Bonsai&#8217;"},"content":{"rendered":"","protected":false},"excerpt":{"rendered":"<p>Este <strong>pino blanco japon\u00e9s<\/strong> es muy resistente. El <strong>PINUS parviflora &#8216;Schoon&#8217;s Bons\u00e1i&#8217;<\/strong> se distingue por su bonito gr\u00e1fico en capas. Puede ser utilizado para bons\u00e1i.<\/p>\n","protected":false},"featured_media":57581,"comment_status":"open","ping_status":"closed","template":"","meta":[],"product_brand":[],"product_cat":[11502],"product_tag":[12034,12048,13328,13329],"class_list":{"0":"post-57580","1":"product","2":"type-product","3":"status-publish","4":"has-post-thumbnail","6":"product_cat-coniferas","7":"product_tag-pinus-es","8":"product_tag-pinus-parviflora-es","9":"product_tag-pinus-parviflora-schoons-bonsai","10":"product_tag-schoons-bonsai","11":"pa_99-hauteurapproximativeapres1-1_00-a-1_50-m","12":"pa_couleurdufeuillage-azul","13":"pa_couleurdufeuillage-verde","14":"pa_exigencesenhumidite-moderadamente-humedo-a-humedo","15":"pa_exigencesenhumidite-promedio","16":"pa_exigencesenhumidite-seco","17":"pa_expositionspossibles-pleno-sol-de-12-a-17-min","18":"pa_expositionspossibles-sombra-parcial-evitar-el-sol-de-12-a-17-horas","19":"pa_hauteurlivree-100-a-125-cm","20":"pa_hauteurlivree-125-a-150-cm-es","21":"pa_hauteurlivree-30-a-40-cm-es","22":"pa_hauteurlivree-50-a-60-cm-es","23":"pa_hauteurlivree-60-a-80-cm-es","24":"pa_hauteurlivree-80-a-100-cm-es","25":"pa_interetauprintemps-conos","26":"pa_interetauprintemps-follaje","27":"pa_interetauprintemps-habitus","28":"pa_interetenautomne-conos","29":"pa_interetenautomne-follaje","30":"pa_interetenautomne-habitus","31":"pa_interetenete-conos","32":"pa_interetenete-follaje","33":"pa_interetenete-habitus","34":"pa_interetenhiver-conos","35":"pa_interetenhiver-follaje","36":"pa_interetenhiver-habitus","37":"pa_naturedufeuillage-siempreverde","38":"pa_naturesdesolpossibles-ligero","39":"pa_naturesdesolpossibles-normal-es","40":"pa_naturesdesolpossibles-pesado","41":"pa_particularites-adecuado-para-bonsai","42":"pa_particularites-habitus","43":"pa_periodedetaille-febrero","44":"pa_periodedetaille-marzo","45":"pa_phdusolacceptable-acido-menos-de-6_5","46":"pa_phdusolacceptable-calcareo-mas-de-7_5","47":"pa_phdusolacceptable-neutro-entre-6_5-y-7_5","48":"pa_portgraphisme-infundibuliforme","49":"pa_resistanceaufroidrusticite-resistente-por-debajo-de-menos-20-c","50":"pa_tailledepot-maceta-de-20-litros","51":"pa_tailledepot-maceta-de-3-litros","52":"pa_tailledepot-maceta-de-5-litros","53":"pa_tailledepot-maceta-de-7_5-litros","54":"pa_utilisationpossible-arriate","55":"pa_utilisationpossible-contenedor-o-olla","57":"first","58":"instock","59":"taxable","60":"shipping-taxable","61":"purchasable","62":"product-type-variable"},"supplier_id":null,"supplier_sku":"","barcode":null,"atum_controlled":true,"out_stock_date":null,"out_stock_threshold":null,"inheritable":true,"inbound_stock":0,"stock_on_hold":1,"sold_today":0,"sales_last_days":0,"reserved_stock":0,"customer_returns":0,"warehouse_damage":0,"lost_in_post":0,"other_logs":0,"out_stock_days":null,"lost_sales":0,"has_location":false,"update_date":"2026-02-23T09:16:27","atum_locations":[],"atum_stock_status":"instock","restock_status":false,"low_stock_amount":"","sales_update_date":"2025-07-19T13:05:12","calc_backorders":null,"yoast_head":"<!-- This site is optimized with the Yoast SEO Premium plugin v27.4 (Yoast SEO v27.4) - https:\/\/yoast.com\/product\/yoast-seo-premium-wordpress\/ -->\n<title>PINUS parviflora &#039;Schoon&#039;s Bonsai&#039; - pin blanco japon\u00e9s<\/title>\n<meta name=\"description\" content=\"Este pin blanco japon\u00e9s es muy rustico. El PINUS parviflora &#039;Schoon&#039;s Bonsai&#039; se distingue con su bonito gr\u00e1fico en estaciones. Se puede utilizar para el bonsai.\" \/>\n<meta name=\"robots\" content=\"index, follow, max-snippet:-1, max-image-preview:large, max-video-preview:-1\" \/>\n<link rel=\"canonical\" href=\"https:\/\/www.vallonchene.fr\/es\/producto\/pinus-parviflora-schoons-bonsai\/\" \/>\n<meta property=\"og:locale\" content=\"es_ES\" \/>\n<meta property=\"og:type\" content=\"article\" \/>\n<meta property=\"og:title\" content=\"PINUS parviflora &#039;Schoon&#039;s Bonsai&#039;\" \/>\n<meta property=\"og:description\" content=\"Este pin blanco japon\u00e9s es muy rustico. El PINUS parviflora &#039;Schoon&#039;s Bonsai&#039; se distingue con su bonito gr\u00e1fico en estaciones. Se puede utilizar para el bonsai.\" \/>\n<meta property=\"og:url\" content=\"https:\/\/www.vallonchene.fr\/es\/producto\/pinus-parviflora-schoons-bonsai\/\" \/>\n<meta property=\"og:site_name\" content=\"Vallonch\u00eane\" \/>\n<meta property=\"article:publisher\" content=\"https:\/\/www.facebook.com\/vallonchene.fr\" \/>\n<meta property=\"og:image\" content=\"https:\/\/www.vallonchene.fr\/wp-content\/uploads\/2021\/08\/3950-43b-PINUS-parviflora-Schoons-Bonsai-en-Aout.jpg\" \/>\n\t<meta property=\"og:image:width\" content=\"1600\" \/>\n\t<meta property=\"og:image:height\" content=\"1600\" \/>\n\t<meta property=\"og:image:type\" content=\"image\/jpeg\" \/>\n<meta name=\"twitter:card\" content=\"summary_large_image\" \/>\n<meta name=\"twitter:label1\" content=\"Disponibilidad\" \/>\n\t<meta name=\"twitter:data1\" content=\"En stock\" \/>\n<script type=\"application\/ld+json\" class=\"yoast-schema-graph\">{\"@context\":\"https:\\\/\\\/schema.org\",\"@graph\":[{\"@type\":\"WebPage\",\"@id\":\"https:\\\/\\\/www.vallonchene.fr\\\/es\\\/producto\\\/pinus-parviflora-schoons-bonsai\\\/\",\"url\":\"https:\\\/\\\/www.vallonchene.fr\\\/es\\\/producto\\\/pinus-parviflora-schoons-bonsai\\\/\",\"name\":\"PINUS parviflora 'Schoon's Bonsai' - pin blanco japon\u00e9s\",\"isPartOf\":{\"@id\":\"https:\\\/\\\/www.vallonchene.fr\\\/es\\\/#website\"},\"primaryImageOfPage\":{\"@id\":\"https:\\\/\\\/www.vallonchene.fr\\\/es\\\/producto\\\/pinus-parviflora-schoons-bonsai\\\/#primaryimage\"},\"image\":{\"@id\":\"https:\\\/\\\/www.vallonchene.fr\\\/es\\\/producto\\\/pinus-parviflora-schoons-bonsai\\\/#primaryimage\"},\"thumbnailUrl\":\"https:\\\/\\\/www.vallonchene.fr\\\/wp-content\\\/uploads\\\/2021\\\/08\\\/3950-43b-PINUS-parviflora-Schoons-Bonsai-en-Aout.jpg\",\"datePublished\":\"2021-08-31T11:27:09+00:00\",\"description\":\"Este pin blanco japon\u00e9s es muy rustico. El PINUS parviflora 'Schoon's Bonsai' se distingue con su bonito gr\u00e1fico en estaciones. Se puede utilizar para el bonsai.\",\"breadcrumb\":{\"@id\":\"https:\\\/\\\/www.vallonchene.fr\\\/es\\\/producto\\\/pinus-parviflora-schoons-bonsai\\\/#breadcrumb\"},\"inLanguage\":\"es\",\"potentialAction\":[{\"@type\":\"ReadAction\",\"target\":[\"https:\\\/\\\/www.vallonchene.fr\\\/es\\\/producto\\\/pinus-parviflora-schoons-bonsai\\\/\"]}]},{\"@type\":\"ImageObject\",\"inLanguage\":\"es\",\"@id\":\"https:\\\/\\\/www.vallonchene.fr\\\/es\\\/producto\\\/pinus-parviflora-schoons-bonsai\\\/#primaryimage\",\"url\":\"https:\\\/\\\/www.vallonchene.fr\\\/wp-content\\\/uploads\\\/2021\\\/08\\\/3950-43b-PINUS-parviflora-Schoons-Bonsai-en-Aout.jpg\",\"contentUrl\":\"https:\\\/\\\/www.vallonchene.fr\\\/wp-content\\\/uploads\\\/2021\\\/08\\\/3950-43b-PINUS-parviflora-Schoons-Bonsai-en-Aout.jpg\",\"width\":1600,\"height\":1600,\"caption\":\"PINUS parviflora 'Schoon's Bonsai' en agosto\"},{\"@type\":\"BreadcrumbList\",\"@id\":\"https:\\\/\\\/www.vallonchene.fr\\\/es\\\/producto\\\/pinus-parviflora-schoons-bonsai\\\/#breadcrumb\",\"itemListElement\":[{\"@type\":\"ListItem\",\"position\":1,\"name\":\"Home\",\"item\":\"https:\\\/\\\/www.vallonchene.fr\\\/es\\\/\"},{\"@type\":\"ListItem\",\"position\":2,\"name\":\"Tienda\",\"item\":\"https:\\\/\\\/www.vallonchene.fr\\\/tienda\\\/\"},{\"@type\":\"ListItem\",\"position\":3,\"name\":\"PINUS parviflora &lsquo;Schoon&rsquo;s Bonsai&rsquo;\"}]},{\"@type\":\"WebSite\",\"@id\":\"https:\\\/\\\/www.vallonchene.fr\\\/es\\\/#website\",\"url\":\"https:\\\/\\\/www.vallonchene.fr\\\/es\\\/\",\"name\":\"Vallonch\u00eane\",\"description\":\"El vivero donde la calidad tiene sus ra\u00edces \u2013 Tel.: +33 (0)2.35.90.02.02\",\"publisher\":{\"@id\":\"https:\\\/\\\/www.vallonchene.fr\\\/es\\\/#organization\"},\"potentialAction\":[{\"@type\":\"SearchAction\",\"target\":{\"@type\":\"EntryPoint\",\"urlTemplate\":\"https:\\\/\\\/www.vallonchene.fr\\\/es\\\/?s={search_term_string}\"},\"query-input\":{\"@type\":\"PropertyValueSpecification\",\"valueRequired\":true,\"valueName\":\"search_term_string\"}}],\"inLanguage\":\"es\"},{\"@type\":\"Organization\",\"@id\":\"https:\\\/\\\/www.vallonchene.fr\\\/es\\\/#organization\",\"name\":\"VALLONCHENE\",\"url\":\"https:\\\/\\\/www.vallonchene.fr\\\/es\\\/\",\"logo\":{\"@type\":\"ImageObject\",\"inLanguage\":\"es\",\"@id\":\"https:\\\/\\\/www.vallonchene.fr\\\/es\\\/#\\\/schema\\\/logo\\\/image\\\/\",\"url\":\"https:\\\/\\\/www.vallonchene.fr\\\/wp-content\\\/uploads\\\/2023\\\/03\\\/Logo-Vallonchene-site-et-R_hauteur_100.png\",\"contentUrl\":\"https:\\\/\\\/www.vallonchene.fr\\\/wp-content\\\/uploads\\\/2023\\\/03\\\/Logo-Vallonchene-site-et-R_hauteur_100.png\",\"width\":221,\"height\":100,\"caption\":\"VALLONCHENE\"},\"image\":{\"@id\":\"https:\\\/\\\/www.vallonchene.fr\\\/es\\\/#\\\/schema\\\/logo\\\/image\\\/\"},\"sameAs\":[\"https:\\\/\\\/www.facebook.com\\\/vallonchene.fr\",\"https:\\\/\\\/www.instagram.com\\\/vallonchene\\\/\",\"https:\\\/\\\/www.pinterest.fr\\\/vallonchene\\\/\"],\"taxID\":\"49454502300017\",\"hasMerchantReturnPolicy\":{\"@type\":\"MerchantReturnPolicy\",\"merchantReturnLink\":\"https:\\\/\\\/www.vallonchene.fr\\\/remboursements_retours\\\/\"}}]}<\/script>\n<meta property=\"og:availability\" content=\"instock\" \/>\n<meta property=\"product:availability\" content=\"instock\" \/>\n<meta property=\"product:retailer_item_id\" content=\"66578\" \/>\n<meta property=\"product:condition\" content=\"new\" \/>\n<!-- \/ Yoast SEO Premium plugin. -->","yoast_head_json":{"title":"PINUS parviflora 'Schoon's Bonsai' - pin blanco japon\u00e9s","description":"Este pin blanco japon\u00e9s es muy rustico. El PINUS parviflora 'Schoon's Bonsai' se distingue con su bonito gr\u00e1fico en estaciones. Se puede utilizar para el bonsai.","robots":{"index":"index","follow":"follow","max-snippet":"max-snippet:-1","max-image-preview":"max-image-preview:large","max-video-preview":"max-video-preview:-1"},"canonical":"https:\/\/www.vallonchene.fr\/es\/producto\/pinus-parviflora-schoons-bonsai\/","og_locale":"es_ES","og_type":"article","og_title":"PINUS parviflora 'Schoon's Bonsai'","og_description":"Este pin blanco japon\u00e9s es muy rustico. El PINUS parviflora 'Schoon's Bonsai' se distingue con su bonito gr\u00e1fico en estaciones. Se puede utilizar para el bonsai.","og_url":"https:\/\/www.vallonchene.fr\/es\/producto\/pinus-parviflora-schoons-bonsai\/","og_site_name":"Vallonch\u00eane","article_publisher":"https:\/\/www.facebook.com\/vallonchene.fr","og_image":[{"width":1600,"height":1600,"url":"https:\/\/www.vallonchene.fr\/wp-content\/uploads\/2021\/08\/3950-43b-PINUS-parviflora-Schoons-Bonsai-en-Aout.jpg","type":"image\/jpeg"}],"twitter_card":"summary_large_image","twitter_misc":{"Disponibilidad":"En stock"},"schema":{"@context":"https:\/\/schema.org","@graph":[{"@type":"WebPage","@id":"https:\/\/www.vallonchene.fr\/es\/producto\/pinus-parviflora-schoons-bonsai\/","url":"https:\/\/www.vallonchene.fr\/es\/producto\/pinus-parviflora-schoons-bonsai\/","name":"PINUS parviflora 'Schoon's Bonsai' - pin blanco japon\u00e9s","isPartOf":{"@id":"https:\/\/www.vallonchene.fr\/es\/#website"},"primaryImageOfPage":{"@id":"https:\/\/www.vallonchene.fr\/es\/producto\/pinus-parviflora-schoons-bonsai\/#primaryimage"},"image":{"@id":"https:\/\/www.vallonchene.fr\/es\/producto\/pinus-parviflora-schoons-bonsai\/#primaryimage"},"thumbnailUrl":"https:\/\/www.vallonchene.fr\/wp-content\/uploads\/2021\/08\/3950-43b-PINUS-parviflora-Schoons-Bonsai-en-Aout.jpg","datePublished":"2021-08-31T11:27:09+00:00","description":"Este pin blanco japon\u00e9s es muy rustico. El PINUS parviflora 'Schoon's Bonsai' se distingue con su bonito gr\u00e1fico en estaciones. Se puede utilizar para el bonsai.","breadcrumb":{"@id":"https:\/\/www.vallonchene.fr\/es\/producto\/pinus-parviflora-schoons-bonsai\/#breadcrumb"},"inLanguage":"es","potentialAction":[{"@type":"ReadAction","target":["https:\/\/www.vallonchene.fr\/es\/producto\/pinus-parviflora-schoons-bonsai\/"]}]},{"@type":"ImageObject","inLanguage":"es","@id":"https:\/\/www.vallonchene.fr\/es\/producto\/pinus-parviflora-schoons-bonsai\/#primaryimage","url":"https:\/\/www.vallonchene.fr\/wp-content\/uploads\/2021\/08\/3950-43b-PINUS-parviflora-Schoons-Bonsai-en-Aout.jpg","contentUrl":"https:\/\/www.vallonchene.fr\/wp-content\/uploads\/2021\/08\/3950-43b-PINUS-parviflora-Schoons-Bonsai-en-Aout.jpg","width":1600,"height":1600,"caption":"PINUS parviflora 'Schoon's Bonsai' en agosto"},{"@type":"BreadcrumbList","@id":"https:\/\/www.vallonchene.fr\/es\/producto\/pinus-parviflora-schoons-bonsai\/#breadcrumb","itemListElement":[{"@type":"ListItem","position":1,"name":"Home","item":"https:\/\/www.vallonchene.fr\/es\/"},{"@type":"ListItem","position":2,"name":"Tienda","item":"https:\/\/www.vallonchene.fr\/tienda\/"},{"@type":"ListItem","position":3,"name":"PINUS parviflora &lsquo;Schoon&rsquo;s Bonsai&rsquo;"}]},{"@type":"WebSite","@id":"https:\/\/www.vallonchene.fr\/es\/#website","url":"https:\/\/www.vallonchene.fr\/es\/","name":"Vallonch\u00eane","description":"El vivero donde la calidad tiene sus ra\u00edces \u2013 Tel.: +33 (0)2.35.90.02.02","publisher":{"@id":"https:\/\/www.vallonchene.fr\/es\/#organization"},"potentialAction":[{"@type":"SearchAction","target":{"@type":"EntryPoint","urlTemplate":"https:\/\/www.vallonchene.fr\/es\/?s={search_term_string}"},"query-input":{"@type":"PropertyValueSpecification","valueRequired":true,"valueName":"search_term_string"}}],"inLanguage":"es"},{"@type":"Organization","@id":"https:\/\/www.vallonchene.fr\/es\/#organization","name":"VALLONCHENE","url":"https:\/\/www.vallonchene.fr\/es\/","logo":{"@type":"ImageObject","inLanguage":"es","@id":"https:\/\/www.vallonchene.fr\/es\/#\/schema\/logo\/image\/","url":"https:\/\/www.vallonchene.fr\/wp-content\/uploads\/2023\/03\/Logo-Vallonchene-site-et-R_hauteur_100.png","contentUrl":"https:\/\/www.vallonchene.fr\/wp-content\/uploads\/2023\/03\/Logo-Vallonchene-site-et-R_hauteur_100.png","width":221,"height":100,"caption":"VALLONCHENE"},"image":{"@id":"https:\/\/www.vallonchene.fr\/es\/#\/schema\/logo\/image\/"},"sameAs":["https:\/\/www.facebook.com\/vallonchene.fr","https:\/\/www.instagram.com\/vallonchene\/","https:\/\/www.pinterest.fr\/vallonchene\/"],"taxID":"49454502300017","hasMerchantReturnPolicy":{"@type":"MerchantReturnPolicy","merchantReturnLink":"https:\/\/www.vallonchene.fr\/remboursements_retours\/"}}]},"og_availability":"instock","product_availability":"instock","product_retailer_item_id":"66578","product_condition":"new"},"_links":{"self":[{"href":"https:\/\/www.vallonchene.fr\/es\/wp-json\/wp\/v2\/product\/57580","targetHints":{"allow":["GET"]}}],"collection":[{"href":"https:\/\/www.vallonchene.fr\/es\/wp-json\/wp\/v2\/product"}],"about":[{"href":"https:\/\/www.vallonchene.fr\/es\/wp-json\/wp\/v2\/types\/product"}],"replies":[{"embeddable":true,"href":"https:\/\/www.vallonchene.fr\/es\/wp-json\/wp\/v2\/comments?post=57580"}],"wp:featuredmedia":[{"embeddable":true,"href":"https:\/\/www.vallonchene.fr\/es\/wp-json\/wp\/v2\/media\/57581"}],"wp:attachment":[{"href":"https:\/\/www.vallonchene.fr\/es\/wp-json\/wp\/v2\/media?parent=57580"}],"wp:term":[{"taxonomy":"product_brand","embeddable":true,"href":"https:\/\/www.vallonchene.fr\/es\/wp-json\/wp\/v2\/product_brand?post=57580"},{"taxonomy":"product_cat","embeddable":true,"href":"https:\/\/www.vallonchene.fr\/es\/wp-json\/wp\/v2\/product_cat?post=57580"},{"taxonomy":"product_tag","embeddable":true,"href":"https:\/\/www.vallonchene.fr\/es\/wp-json\/wp\/v2\/product_tag?post=57580"}],"curies":[{"name":"wp","href":"https:\/\/api.w.org\/{rel}","templated":true}]}}