{"id":57470,"date":"2021-08-31T11:30:41","date_gmt":"2021-08-31T11:30:41","guid":{"rendered":"https:\/\/www.vallonchene.fr\/produit\/prunus-serrulata-royal-burgundy\/"},"modified":"2021-08-31T11:30:41","modified_gmt":"2021-08-31T09:30:41","slug":"prunus-serrulata-royal-burgundy","status":"publish","type":"product","link":"https:\/\/www.vallonchene.fr\/es\/producto\/prunus-serrulata-royal-burgundy\/","title":{"rendered":"PRUNUS serrulata &#8216;Royal Burgundy&#8217;"},"content":{"rendered":"<p>El <strong>PRUNUS serrulata &#8216;Royal Burgundy&#8217;<\/strong> es una verdadera maravilla en primavera, verano y oto\u00f1o.<br \/>\nDe hecho, en primavera, produce una verdadera avalancha de <strong>grandes flores dobles rosas en racimos<\/strong> (ver fotos). Cada flor mide aproximadamente <strong>5 cm de di\u00e1metro<\/strong> y permanece en el \u00e1rbol durante varias semanas.<br \/>\nLuego, en verano, su <strong>follaje de color burdeos<strong> lo distingue claramente de otros cerezos en flor.<br \/>\nFinalmente, en oto\u00f1o, el follaje de este cerezo japon\u00e9s adquiere <strong>colores llamativos<strong> (amarillo y naranja).<br \/>\nEs un \u00e1rbol peque\u00f1o muy f\u00e1cil de cultivar.<\/p>\n<p>Para ver todas nuestras variedades de PRUNUS actualmente a la venta, <strong><a href=\"https:\/\/www.vallonchene.fr\/es\/?s=prunus&amp;post_type=product&amp;dgwt_wcas=1&amp;lang=es&amp;filter_stock_status=instock\">haga clic aqu\u00ed<\/a><\/strong>.<\/p>\n<h2>Plantaci\u00f3n y cuidado del PRUNUS serrulata &#8216;Royal Burgundy&#8217;<\/h2>\n<h3>Plantaci\u00f3n<\/h3>\n<ol>\n<li>Plante este peque\u00f1o \u00e1rbol a <strong>pleno sol<\/strong>. As\u00ed, obtendr\u00e1 a la vez el mayor n\u00famero de flores y un follaje con un burdeos m\u00e1s intenso.<\/li>\n<li>El lugar puede estar en un <strong>macizo<\/strong> o <strong>aislado<\/strong>.<\/li>\n<li>El suelo debe ser <strong>h\u00famedo, moderadamente h\u00famedo o seco<\/strong> y de naturaleza <strong>ligero, normal o pesado<\/strong>. Este cerezo japon\u00e9s acepta una <strong>tierra \u00e1cida, neutra o calc\u00e1rea<\/strong>. Como comprender\u00e1, se complacer\u00e1 en cualquier tipo de suelo en su jard\u00edn.<\/li>\n<\/ol>\n<p>Para una buena preparaci\u00f3n de la maceta o del hoyo de plantaci\u00f3n, hemos dise\u00f1ado <a href=\"https:\/\/www.vallonchene.fr\/comment-planter-et-entretenir-des-vegetaux\/\" target=\"_blank\" rel=\"noreferrer noopener\"><strong>instrucciones espec\u00edficas disponibles aqu\u00ed<\/strong><\/a>. Lea tambi\u00e9n <a href=\"https:\/\/www.vallonchene.fr\/comment-bien-arroser-le-jardin-et-economiser-leau\/\"><strong>nuestros consejos sobre c\u00f3mo regar bien y ahorrar agua aqu\u00ed<\/strong><\/a>.<\/p>\n<h3>Cuidado<\/h3>\n<p>El PRUNUS serrulata &#8216;Royal Burgundy&#8217; no requiere un cuidado particular. Es una planta <strong>realmente f\u00e1cil de cultivar<\/strong>.<br \/>\n<strong>SOBRE TODO:<\/strong> Evite la poda, ya que los cerezos tienen muchas dificultades para cerrar las heridas. <strong>EN NING\u00daN CASO<\/strong>, pode ramas con un di\u00e1metro superior a 2 cm. De lo contrario, la planta se marchitar\u00e1 a largo plazo.<\/p>\n<h2>Historia y Origen<\/h2>\n<p>La especie tipo, PRUNUS serrulata es un cerezo en flor end\u00e9mico de Jap\u00f3n, China, Corea y Vietnam.<\/p>\n<p>Los japoneses se han dedicado al desarrollo de cruces de especies silvestres. Estos se utilizan en jardines ornamentales por sus aspectos extremadamente decorativos.<\/p>\n<p>El PRUNUS serrulata &#8216;Royal Burgundy&#8217; es una obtenci\u00f3n occidental.<\/p>\n<p>Los pa\u00edses asi\u00e1ticos, como Jap\u00f3n y China, practican un verdadero culto a la floraci\u00f3n de los cerezos. De hecho, las flores de cerezo simbolizan la vida, lo ef\u00edmero, la nobleza, la pureza y la sencillez.<\/p>\n","protected":false},"excerpt":{"rendered":"<p>Este <strong>cerezo japon\u00e9s<\/strong> tiene flores rosas dobles. El follaje del <strong>PRUNUS serrulata &#8216;Royal Burgundy&#8217;<\/strong> es p\u00farpura todo el a\u00f1o y caduco. Es r\u00fastico.<\/p>\n","protected":false},"featured_media":57472,"comment_status":"open","ping_status":"closed","template":"","meta":[],"product_brand":[],"product_cat":[11499],"product_tag":[13265,12131,13267,13266,13268],"class_list":{"0":"post-57470","1":"product","2":"type-product","3":"status-publish","4":"has-post-thumbnail","6":"product_cat-arbustos-y-arboles","7":"product_tag-cerezo-japones","8":"product_tag-prunus-es","9":"product_tag-prunus-serrulata","10":"product_tag-prunus-serrulata-royal-burgundy","11":"product_tag-royal-burgundy","12":"pa_99-hauteurapproximativeapres1-3-a-5-m","13":"pa_couleurdesfleurs-rosa","14":"pa_couleurdufeuillage-purpura","15":"pa_exigencesenhumidite-moderadamente-humedo-a-humedo","16":"pa_exigencesenhumidite-promedio","17":"pa_exigencesenhumidite-seco","18":"pa_expositionspossibles-pleno-sol-de-12-a-17-min","19":"pa_hauteurlivree-100-a-125-cm","20":"pa_hauteurlivree-150-a-175-cm-es","21":"pa_hauteurlivree-60-a-80-cm-es","22":"pa_interetauprintemps-flores","23":"pa_interetauprintemps-follaje","24":"pa_interetenautomne-follaje","25":"pa_interetenete-follaje","26":"pa_naturedufeuillage-caduco","27":"pa_naturesdesolpossibles-ligero","28":"pa_naturesdesolpossibles-normal-es","29":"pa_naturesdesolpossibles-pesado","30":"pa_periodedefloraison-primavera","31":"pa_periodedetaille-febrero","32":"pa_periodedetaille-marzo","33":"pa_phdusolacceptable-acido-menos-de-6_5","34":"pa_phdusolacceptable-calcareo-mas-de-7_5","35":"pa_phdusolacceptable-neutro-entre-6_5-y-7_5","36":"pa_portgraphisme-infundibuliforme","37":"pa_resistanceaufroidrusticite-resistente-por-debajo-de-menos-20-c","38":"pa_tailledepot-maceta-de-1-litro","39":"pa_tailledepot-maceta-de-10-litros","40":"pa_tailledepot-maceta-de-3-litros","41":"pa_tailledepot-maceta-de-5-litros","42":"pa_tailledepot-maceta-de-7_5-litros","43":"pa_utilisationpossible-aislado","44":"pa_utilisationpossible-arriate","46":"first","47":"instock","48":"taxable","49":"shipping-taxable","50":"purchasable","51":"product-type-variable","52":"has-default-attributes"},"supplier_id":null,"supplier_sku":"","barcode":null,"atum_controlled":true,"out_stock_date":null,"out_stock_threshold":null,"inheritable":true,"inbound_stock":0,"stock_on_hold":0,"sold_today":0,"sales_last_days":0,"reserved_stock":0,"customer_returns":0,"warehouse_damage":0,"lost_in_post":0,"other_logs":0,"out_stock_days":null,"lost_sales":0,"has_location":false,"update_date":"2026-04-26T13:07:44","atum_locations":[],"atum_stock_status":"instock","restock_status":false,"low_stock_amount":"","sales_update_date":"2026-04-16T08:15:54","calc_backorders":null,"yoast_head":"<!-- This site is optimized with the Yoast SEO Premium plugin v27.5 (Yoast SEO v27.5) - https:\/\/yoast.com\/product\/yoast-seo-premium-wordpress\/ -->\n<title>PRUNUS serrulata &#039;Royal Burgundy&#039; - cerezo japon\u00e9s<\/title>\n<meta name=\"description\" content=\"Este cerezo japon\u00e9s tiene flores rosas dobles. El follaje del PRUNUS serrulata &#039;Royal Burgundy&#039; es p\u00farpura todo el a\u00f1o y caduco. Es r\u00fastico.\" \/>\n<meta name=\"robots\" content=\"index, follow, max-snippet:-1, max-image-preview:large, max-video-preview:-1\" \/>\n<link rel=\"canonical\" href=\"https:\/\/www.vallonchene.fr\/es\/producto\/prunus-serrulata-royal-burgundy\/\" \/>\n<meta property=\"og:locale\" content=\"es_ES\" \/>\n<meta property=\"og:type\" content=\"article\" \/>\n<meta property=\"og:title\" content=\"PRUNUS serrulata &#039;Royal Burgundy&#039;\" \/>\n<meta property=\"og:description\" content=\"Este cerezo japon\u00e9s tiene flores rosas dobles. El follaje del PRUNUS serrulata &#039;Royal Burgundy&#039; es p\u00farpura todo el a\u00f1o y caduco. Es r\u00fastico.\" \/>\n<meta property=\"og:url\" content=\"https:\/\/www.vallonchene.fr\/es\/producto\/prunus-serrulata-royal-burgundy\/\" \/>\n<meta property=\"og:site_name\" content=\"Vallonch\u00eane\" \/>\n<meta property=\"article:publisher\" content=\"https:\/\/www.facebook.com\/vallonchene.fr\" \/>\n<meta property=\"og:image\" content=\"https:\/\/www.vallonchene.fr\/wp-content\/uploads\/2024\/04\/PRUNUS-serrulata-Royal-Burgundy.webp\" \/>\n\t<meta property=\"og:image:width\" content=\"1024\" \/>\n\t<meta property=\"og:image:height\" content=\"1024\" \/>\n\t<meta property=\"og:image:type\" content=\"image\/webp\" \/>\n<meta name=\"twitter:card\" content=\"summary_large_image\" \/>\n<meta name=\"twitter:label1\" content=\"Disponibilidad\" \/>\n\t<meta name=\"twitter:data1\" content=\"En stock\" \/>\n<script type=\"application\/ld+json\" class=\"yoast-schema-graph\">{\"@context\":\"https:\\\/\\\/schema.org\",\"@graph\":[{\"@type\":\"WebPage\",\"@id\":\"https:\\\/\\\/www.vallonchene.fr\\\/es\\\/producto\\\/prunus-serrulata-royal-burgundy\\\/\",\"url\":\"https:\\\/\\\/www.vallonchene.fr\\\/es\\\/producto\\\/prunus-serrulata-royal-burgundy\\\/\",\"name\":\"PRUNUS serrulata 'Royal Burgundy' - cerezo japon\u00e9s\",\"isPartOf\":{\"@id\":\"https:\\\/\\\/www.vallonchene.fr\\\/es\\\/#website\"},\"primaryImageOfPage\":{\"@id\":\"https:\\\/\\\/www.vallonchene.fr\\\/es\\\/producto\\\/prunus-serrulata-royal-burgundy\\\/#primaryimage\"},\"image\":{\"@id\":\"https:\\\/\\\/www.vallonchene.fr\\\/es\\\/producto\\\/prunus-serrulata-royal-burgundy\\\/#primaryimage\"},\"thumbnailUrl\":\"https:\\\/\\\/www.vallonchene.fr\\\/wp-content\\\/uploads\\\/2024\\\/04\\\/PRUNUS-serrulata-Royal-Burgundy.webp\",\"datePublished\":\"2021-08-31T11:30:41+00:00\",\"description\":\"Este cerezo japon\u00e9s tiene flores rosas dobles. El follaje del PRUNUS serrulata 'Royal Burgundy' es p\u00farpura todo el a\u00f1o y caduco. Es r\u00fastico.\",\"breadcrumb\":{\"@id\":\"https:\\\/\\\/www.vallonchene.fr\\\/es\\\/producto\\\/prunus-serrulata-royal-burgundy\\\/#breadcrumb\"},\"inLanguage\":\"es\",\"potentialAction\":[{\"@type\":\"ReadAction\",\"target\":[\"https:\\\/\\\/www.vallonchene.fr\\\/es\\\/producto\\\/prunus-serrulata-royal-burgundy\\\/\"]}]},{\"@type\":\"ImageObject\",\"inLanguage\":\"es\",\"@id\":\"https:\\\/\\\/www.vallonchene.fr\\\/es\\\/producto\\\/prunus-serrulata-royal-burgundy\\\/#primaryimage\",\"url\":\"https:\\\/\\\/www.vallonchene.fr\\\/wp-content\\\/uploads\\\/2024\\\/04\\\/PRUNUS-serrulata-Royal-Burgundy.webp\",\"contentUrl\":\"https:\\\/\\\/www.vallonchene.fr\\\/wp-content\\\/uploads\\\/2024\\\/04\\\/PRUNUS-serrulata-Royal-Burgundy.webp\",\"width\":1024,\"height\":1024,\"caption\":\"Primer plano de las flores de PRUNUS serrulata 'Royal Burgundy'\"},{\"@type\":\"BreadcrumbList\",\"@id\":\"https:\\\/\\\/www.vallonchene.fr\\\/es\\\/producto\\\/prunus-serrulata-royal-burgundy\\\/#breadcrumb\",\"itemListElement\":[{\"@type\":\"ListItem\",\"position\":1,\"name\":\"Home\",\"item\":\"https:\\\/\\\/www.vallonchene.fr\\\/es\\\/\"},{\"@type\":\"ListItem\",\"position\":2,\"name\":\"Tienda\",\"item\":\"https:\\\/\\\/www.vallonchene.fr\\\/tienda\\\/\"},{\"@type\":\"ListItem\",\"position\":3,\"name\":\"PRUNUS serrulata &lsquo;Royal Burgundy&rsquo;\"}]},{\"@type\":\"WebSite\",\"@id\":\"https:\\\/\\\/www.vallonchene.fr\\\/es\\\/#website\",\"url\":\"https:\\\/\\\/www.vallonchene.fr\\\/es\\\/\",\"name\":\"Vallonch\u00eane\",\"description\":\"El vivero donde la calidad tiene sus ra\u00edces \u2013 Tel.: +33 (0)2.35.90.02.02\",\"publisher\":{\"@id\":\"https:\\\/\\\/www.vallonchene.fr\\\/es\\\/#organization\"},\"potentialAction\":[{\"@type\":\"SearchAction\",\"target\":{\"@type\":\"EntryPoint\",\"urlTemplate\":\"https:\\\/\\\/www.vallonchene.fr\\\/es\\\/?s={search_term_string}\"},\"query-input\":{\"@type\":\"PropertyValueSpecification\",\"valueRequired\":true,\"valueName\":\"search_term_string\"}}],\"inLanguage\":\"es\"},{\"@type\":\"Organization\",\"@id\":\"https:\\\/\\\/www.vallonchene.fr\\\/es\\\/#organization\",\"name\":\"VALLONCHENE\",\"url\":\"https:\\\/\\\/www.vallonchene.fr\\\/es\\\/\",\"logo\":{\"@type\":\"ImageObject\",\"inLanguage\":\"es\",\"@id\":\"https:\\\/\\\/www.vallonchene.fr\\\/es\\\/#\\\/schema\\\/logo\\\/image\\\/\",\"url\":\"https:\\\/\\\/www.vallonchene.fr\\\/wp-content\\\/uploads\\\/2023\\\/03\\\/Logo-Vallonchene-site-et-R_hauteur_100.png\",\"contentUrl\":\"https:\\\/\\\/www.vallonchene.fr\\\/wp-content\\\/uploads\\\/2023\\\/03\\\/Logo-Vallonchene-site-et-R_hauteur_100.png\",\"width\":221,\"height\":100,\"caption\":\"VALLONCHENE\"},\"image\":{\"@id\":\"https:\\\/\\\/www.vallonchene.fr\\\/es\\\/#\\\/schema\\\/logo\\\/image\\\/\"},\"sameAs\":[\"https:\\\/\\\/www.facebook.com\\\/vallonchene.fr\",\"https:\\\/\\\/www.instagram.com\\\/vallonchene\\\/\",\"https:\\\/\\\/www.pinterest.fr\\\/vallonchene\\\/\"],\"taxID\":\"49454502300017\",\"hasMerchantReturnPolicy\":{\"@type\":\"MerchantReturnPolicy\",\"merchantReturnLink\":\"https:\\\/\\\/www.vallonchene.fr\\\/remboursements_retours\\\/\"}}]}<\/script>\n<meta property=\"og:availability\" content=\"instock\" \/>\n<meta property=\"product:availability\" content=\"instock\" \/>\n<meta property=\"product:retailer_item_id\" content=\"61319\" \/>\n<meta property=\"product:condition\" content=\"new\" \/>\n<!-- \/ Yoast SEO Premium plugin. -->","yoast_head_json":{"title":"PRUNUS serrulata 'Royal Burgundy' - cerezo japon\u00e9s","description":"Este cerezo japon\u00e9s tiene flores rosas dobles. El follaje del PRUNUS serrulata 'Royal Burgundy' es p\u00farpura todo el a\u00f1o y caduco. Es r\u00fastico.","robots":{"index":"index","follow":"follow","max-snippet":"max-snippet:-1","max-image-preview":"max-image-preview:large","max-video-preview":"max-video-preview:-1"},"canonical":"https:\/\/www.vallonchene.fr\/es\/producto\/prunus-serrulata-royal-burgundy\/","og_locale":"es_ES","og_type":"article","og_title":"PRUNUS serrulata 'Royal Burgundy'","og_description":"Este cerezo japon\u00e9s tiene flores rosas dobles. El follaje del PRUNUS serrulata 'Royal Burgundy' es p\u00farpura todo el a\u00f1o y caduco. Es r\u00fastico.","og_url":"https:\/\/www.vallonchene.fr\/es\/producto\/prunus-serrulata-royal-burgundy\/","og_site_name":"Vallonch\u00eane","article_publisher":"https:\/\/www.facebook.com\/vallonchene.fr","og_image":[{"width":1024,"height":1024,"url":"https:\/\/www.vallonchene.fr\/wp-content\/uploads\/2024\/04\/PRUNUS-serrulata-Royal-Burgundy.webp","type":"image\/webp"}],"twitter_card":"summary_large_image","twitter_misc":{"Disponibilidad":"En stock"},"schema":{"@context":"https:\/\/schema.org","@graph":[{"@type":"WebPage","@id":"https:\/\/www.vallonchene.fr\/es\/producto\/prunus-serrulata-royal-burgundy\/","url":"https:\/\/www.vallonchene.fr\/es\/producto\/prunus-serrulata-royal-burgundy\/","name":"PRUNUS serrulata 'Royal Burgundy' - cerezo japon\u00e9s","isPartOf":{"@id":"https:\/\/www.vallonchene.fr\/es\/#website"},"primaryImageOfPage":{"@id":"https:\/\/www.vallonchene.fr\/es\/producto\/prunus-serrulata-royal-burgundy\/#primaryimage"},"image":{"@id":"https:\/\/www.vallonchene.fr\/es\/producto\/prunus-serrulata-royal-burgundy\/#primaryimage"},"thumbnailUrl":"https:\/\/www.vallonchene.fr\/wp-content\/uploads\/2024\/04\/PRUNUS-serrulata-Royal-Burgundy.webp","datePublished":"2021-08-31T11:30:41+00:00","description":"Este cerezo japon\u00e9s tiene flores rosas dobles. El follaje del PRUNUS serrulata 'Royal Burgundy' es p\u00farpura todo el a\u00f1o y caduco. Es r\u00fastico.","breadcrumb":{"@id":"https:\/\/www.vallonchene.fr\/es\/producto\/prunus-serrulata-royal-burgundy\/#breadcrumb"},"inLanguage":"es","potentialAction":[{"@type":"ReadAction","target":["https:\/\/www.vallonchene.fr\/es\/producto\/prunus-serrulata-royal-burgundy\/"]}]},{"@type":"ImageObject","inLanguage":"es","@id":"https:\/\/www.vallonchene.fr\/es\/producto\/prunus-serrulata-royal-burgundy\/#primaryimage","url":"https:\/\/www.vallonchene.fr\/wp-content\/uploads\/2024\/04\/PRUNUS-serrulata-Royal-Burgundy.webp","contentUrl":"https:\/\/www.vallonchene.fr\/wp-content\/uploads\/2024\/04\/PRUNUS-serrulata-Royal-Burgundy.webp","width":1024,"height":1024,"caption":"Primer plano de las flores de PRUNUS serrulata 'Royal Burgundy'"},{"@type":"BreadcrumbList","@id":"https:\/\/www.vallonchene.fr\/es\/producto\/prunus-serrulata-royal-burgundy\/#breadcrumb","itemListElement":[{"@type":"ListItem","position":1,"name":"Home","item":"https:\/\/www.vallonchene.fr\/es\/"},{"@type":"ListItem","position":2,"name":"Tienda","item":"https:\/\/www.vallonchene.fr\/tienda\/"},{"@type":"ListItem","position":3,"name":"PRUNUS serrulata &lsquo;Royal Burgundy&rsquo;"}]},{"@type":"WebSite","@id":"https:\/\/www.vallonchene.fr\/es\/#website","url":"https:\/\/www.vallonchene.fr\/es\/","name":"Vallonch\u00eane","description":"El vivero donde la calidad tiene sus ra\u00edces \u2013 Tel.: +33 (0)2.35.90.02.02","publisher":{"@id":"https:\/\/www.vallonchene.fr\/es\/#organization"},"potentialAction":[{"@type":"SearchAction","target":{"@type":"EntryPoint","urlTemplate":"https:\/\/www.vallonchene.fr\/es\/?s={search_term_string}"},"query-input":{"@type":"PropertyValueSpecification","valueRequired":true,"valueName":"search_term_string"}}],"inLanguage":"es"},{"@type":"Organization","@id":"https:\/\/www.vallonchene.fr\/es\/#organization","name":"VALLONCHENE","url":"https:\/\/www.vallonchene.fr\/es\/","logo":{"@type":"ImageObject","inLanguage":"es","@id":"https:\/\/www.vallonchene.fr\/es\/#\/schema\/logo\/image\/","url":"https:\/\/www.vallonchene.fr\/wp-content\/uploads\/2023\/03\/Logo-Vallonchene-site-et-R_hauteur_100.png","contentUrl":"https:\/\/www.vallonchene.fr\/wp-content\/uploads\/2023\/03\/Logo-Vallonchene-site-et-R_hauteur_100.png","width":221,"height":100,"caption":"VALLONCHENE"},"image":{"@id":"https:\/\/www.vallonchene.fr\/es\/#\/schema\/logo\/image\/"},"sameAs":["https:\/\/www.facebook.com\/vallonchene.fr","https:\/\/www.instagram.com\/vallonchene\/","https:\/\/www.pinterest.fr\/vallonchene\/"],"taxID":"49454502300017","hasMerchantReturnPolicy":{"@type":"MerchantReturnPolicy","merchantReturnLink":"https:\/\/www.vallonchene.fr\/remboursements_retours\/"}}]},"og_availability":"instock","product_availability":"instock","product_retailer_item_id":"61319","product_condition":"new"},"_links":{"self":[{"href":"https:\/\/www.vallonchene.fr\/es\/wp-json\/wp\/v2\/product\/57470","targetHints":{"allow":["GET"]}}],"collection":[{"href":"https:\/\/www.vallonchene.fr\/es\/wp-json\/wp\/v2\/product"}],"about":[{"href":"https:\/\/www.vallonchene.fr\/es\/wp-json\/wp\/v2\/types\/product"}],"replies":[{"embeddable":true,"href":"https:\/\/www.vallonchene.fr\/es\/wp-json\/wp\/v2\/comments?post=57470"}],"wp:featuredmedia":[{"embeddable":true,"href":"https:\/\/www.vallonchene.fr\/es\/wp-json\/wp\/v2\/media\/57472"}],"wp:attachment":[{"href":"https:\/\/www.vallonchene.fr\/es\/wp-json\/wp\/v2\/media?parent=57470"}],"wp:term":[{"taxonomy":"product_brand","embeddable":true,"href":"https:\/\/www.vallonchene.fr\/es\/wp-json\/wp\/v2\/product_brand?post=57470"},{"taxonomy":"product_cat","embeddable":true,"href":"https:\/\/www.vallonchene.fr\/es\/wp-json\/wp\/v2\/product_cat?post=57470"},{"taxonomy":"product_tag","embeddable":true,"href":"https:\/\/www.vallonchene.fr\/es\/wp-json\/wp\/v2\/product_tag?post=57470"}],"curies":[{"name":"wp","href":"https:\/\/api.w.org\/{rel}","templated":true}]}}