{"id":57433,"date":"2021-08-31T11:30:50","date_gmt":"2021-08-31T11:30:50","guid":{"rendered":"https:\/\/www.vallonchene.fr\/produit\/prunus-tai-haku\/"},"modified":"2026-03-28T20:18:07","modified_gmt":"2026-03-28T19:18:07","slug":"prunus-tai-haku","status":"publish","type":"product","link":"https:\/\/www.vallonchene.fr\/es\/producto\/prunus-tai-haku\/","title":{"rendered":"PRUNUS &#8216;Tai-haku&#8217;"},"content":{"rendered":"<h2>La Planta<\/h2>\n<p>El <em>PRUNUS &#8216;Tai-Haku&#8217;<\/em> es el <em>Cerezo Blanco Grande<\/em> con una historia extraordinaria (ver \u00abHistoria y Origen\u00bb m\u00e1s abajo). En su pa\u00eds de origen, Jap\u00f3n, se consideraba desde hac\u00eda tiempo extinguido. Solo los dibujos ancestrales recordaban su existencia de anta\u00f1o.<\/p>\n<p>Este cerezo desarrolla flores de un blanco inmaculado excepcionalmente grandes que pueden alcanzar hasta 60 mm de di\u00e1metro. Probablemente sean las flores m\u00e1s grandes de todos los cerezos.<\/p>\n<p>Adem\u00e1s, este peque\u00f1o \u00e1rbol no se desarrolla tanto en altura como en anchura. Tiene una silueta bastante extendida. Esto lo convierte en un elemento estructural importante para un jard\u00edn, incluso en invierno.<\/p>\n<p>Luego, en oto\u00f1o, vuelve a destacar con su follaje que adquiere entonces colores llamativos que van desde un amarillo intenso hasta un rojo carmes\u00ed (ver fotos). Se convierte entonces en una verdadera fuente de luz.<\/p>\n<p>Para ver todos nuestros PRUNUS actualmente disponibles para la venta, <strong><a href=\"https:\/\/www.vallonchene.fr\/es\/?s=prunus&amp;post_type=product&amp;lang=es&amp;filter_stock_status=instock\">haga clic aqu\u00ed<\/a><\/strong>.<\/p>\n<h2>Historia y Origen<\/h2>\n<p>En Jap\u00f3n, se pensaba que el <em>PRUNUS &#8216;Tai-Haku&#8217;<\/em> estaba extinguido. Las estampas de hace varios siglos guardaban el rastro de esta planta fuera de lo com\u00fan.<\/p>\n<p>Luego, en 1923, Collingwood Ingram, apodado \u00abCherry Ingram\u00bb, un gran conocedor de los cerezos, lo (re)descubre en un jard\u00edn de aficionado en el Sussex, en el Reino Unido. Se sinti\u00f3 atra\u00eddo por sus flores inusualmente grandes.<\/p>\n<p>Sin embargo, no fue hasta 1926, durante una visita a Jap\u00f3n, que mostr\u00f3 una imagen de las flores de este misterioso \u00e1rbol a expertos japoneses. Estos le revelaron entonces un libro de bit\u00e1cora ilustrado del siglo XVIII que representaba exactamente la misma flor: el \u00abTai-haku\u00bb (que significa \u00abGran Blanco\u00bb).<\/p>\n<p>D\u00e1ndose cuenta de que se trata muy probablemente del \u00faltimo esp\u00e9cimen vivo del mundo, Ingram extrae injertos para reenviarlos a Jap\u00f3n. Los primeros intentos fracasan (de 1926 a 1930) porque los injertos se hab\u00edan secado. Los largos viajes en barco a trav\u00e9s de zonas muy c\u00e1lidas los pon\u00edan a prueba.<\/p>\n<p>En 1932, durante su quinto intento, finalmente consigue enviar injertos vivos pinch\u00e1ndolos en patatas. C. Ingram los transmite entonces con el Transiberiano para evitar las altas temperaturas. Una placa conmemorativa recuerda esta historia en el templo de Kyoto-Gyoen donde los descendientes de estos injertos \u00abviajeros\u00bb florecen cada primavera.<\/p>\n<p>Todos los PRUNUS &#8216;Tai-Haku&#8217; que encontrar\u00e1 hoy en d\u00eda provienen de este fabuloso hallazgo.<\/p>\n<h2>\u00bfC\u00f3mo plantar y cuidar el PRUNUS &#8216;Tai-Haku&#8217;?<\/h2>\n<h3>La Plantaci\u00f3n<\/h3>\n<p>Podemos decir en general que este cerezo  es una planta resistente y f\u00e1cil de cuidar. Para darle sus mejores posibilidades, respete los siguientes puntos:<\/p>\n<ol>\n<li>Encuentre un lugar a pleno sol o a media sombra. Sin embargo, prefiera el pleno sol para favorecer la floraci\u00f3n.<\/li>\n<li>Elija un lugar bastante despejado ya que crece m\u00e1s ancho que alto.<\/li>\n<li>El lugar puede ser fresco a h\u00famedo, moderadamente h\u00famedo o seco.<\/li>\n<li>Crece en tierra ligera, normal o pesada con un pH \u00e1cido, neutro o calc\u00e1reo.<\/li>\n<li>Para una buena preparaci\u00f3n del hoyo de plantaci\u00f3n, hemos dise\u00f1ado <a href=\"https:\/\/www.vallonchene.fr\/comment-planter-et-entretenir-des-vegetaux\/comment-planter-et-entretenir-arbres-arbustes-et-coniferes\/\" target=\"_blank\" rel=\"noreferrer noopener\"><strong>instrucciones espec\u00edficas disponibles aqu\u00ed.<\/strong><\/a<\/li>\n<\/ol>\n<h3>El Cuidado<\/h3>\n<p>Como con cualquier planta reci\u00e9n puesta en tierra, asegure un riego regular durante los dos primeros a\u00f1os y m\u00e1s particularmente durante los periodos secos. Lea tambi\u00e9n <a href=\"https:\/\/www.vallonchene.fr\/comment-bien-arroser-le-jardin-et-economiser-leau\/\"><strong>nuestros consejos sobre c\u00f3mo regar bien y ahorrar agua aqu\u00ed<\/strong><\/a>.<\/p>\n<p><strong>IMPORTANTE<\/strong>: Evite cualquier poda en los cerezos en flor. No lo soportan. La poda generalmente condena a la planta a la larga.<\/p>\n","protected":false},"excerpt":{"rendered":"<p>El <strong>Cerezo Blanco Grande<\/strong> tiene las flores m\u00e1s grandes entre las flores de cerezo. El <strong>PRUNUS &#8216;Tai-haku&#8217;<\/strong> tiene un porte muy extendido. Las flores son blancas y el follaje oto\u00f1al adquiere hermosos colores rojo anaranjado, incluso amarillo.<\/p>\n","protected":false},"featured_media":57434,"comment_status":"open","ping_status":"closed","template":"","meta":[],"product_brand":[],"product_cat":[11499],"product_tag":[13265,13251,12131],"class_list":{"0":"post-57433","1":"product","2":"type-product","3":"status-publish","4":"has-post-thumbnail","6":"product_cat-arbustos-y-arboles","7":"product_tag-cerezo-japones","8":"product_tag-cerezo-japones-tai-haku","9":"product_tag-prunus-es","10":"pa_99-hauteurapproximativeapres1-2-a-3-m","11":"pa_couleurdesfleurs-blanca","12":"pa_couleurdufeuillage-verde","13":"pa_exigencesenhumidite-moderadamente-humedo-a-humedo","14":"pa_exigencesenhumidite-promedio","15":"pa_exigencesenhumidite-seco","16":"pa_expositionspossibles-pleno-sol-de-12-a-17-min","17":"pa_expositionspossibles-sombra-parcial-evitar-el-sol-de-12-a-17-horas","18":"pa_hauteurlivree-125-a-150-cm-es","19":"pa_hauteurlivree-50-a-60-cm-es","20":"pa_interetauprintemps-flores","21":"pa_interetauprintemps-follaje","22":"pa_interetauprintemps-habitus","23":"pa_interetenautomne-follaje","24":"pa_interetenautomne-habitus","25":"pa_interetenete-follaje","26":"pa_interetenete-habitus","27":"pa_interetenhiver-habitus","28":"pa_naturedufeuillage-caduco","29":"pa_naturesdesolpossibles-ligero","30":"pa_naturesdesolpossibles-normal-es","31":"pa_naturesdesolpossibles-pesado","32":"pa_particularites-habitus","33":"pa_periodedefloraison-primavera","34":"pa_phdusolacceptable-acido-menos-de-6_5","35":"pa_phdusolacceptable-calcareo-mas-de-7_5","36":"pa_phdusolacceptable-neutro-entre-6_5-y-7_5","37":"pa_portgraphisme-infundibuliforme","38":"pa_resistanceaufroidrusticite-resistente-por-debajo-de-menos-20-c","39":"pa_tailledepot-maceta-de-3-litros","40":"pa_tailledepot-maceta-de-7_5-litros","41":"pa_utilisationpossible-aislado","42":"pa_utilisationpossible-arriate","44":"first","45":"instock","46":"taxable","47":"shipping-taxable","48":"purchasable","49":"product-type-variable"},"supplier_id":null,"supplier_sku":"","barcode":null,"atum_controlled":true,"out_stock_date":null,"out_stock_threshold":null,"inheritable":true,"inbound_stock":0,"stock_on_hold":0,"sold_today":0,"sales_last_days":0,"reserved_stock":0,"customer_returns":0,"warehouse_damage":0,"lost_in_post":0,"other_logs":0,"out_stock_days":null,"lost_sales":0,"has_location":false,"update_date":"2026-04-26T13:07:43","atum_locations":[],"atum_stock_status":"instock","restock_status":false,"low_stock_amount":"","sales_update_date":"2026-04-16T08:15:53","calc_backorders":null,"yoast_head":"<!-- This site is optimized with the Yoast SEO Premium plugin v27.4 (Yoast SEO v27.4) - https:\/\/yoast.com\/product\/yoast-seo-premium-wordpress\/ -->\n<title>PRUNUS &#039;Tai-haku&#039; - Cerezo Blanco Grande<\/title>\n<meta name=\"description\" content=\"El Cerezo Blanco Grande tiene las flores m\u00e1s grandes entre las flores de cerezo. El PRUNUS &#039;Tai-haku&#039; tiene un porte muy extendido. Las flores son blancas.\" \/>\n<meta name=\"robots\" content=\"index, follow, max-snippet:-1, max-image-preview:large, max-video-preview:-1\" \/>\n<link rel=\"canonical\" href=\"https:\/\/www.vallonchene.fr\/es\/producto\/prunus-tai-haku\/\" \/>\n<meta property=\"og:locale\" content=\"es_ES\" \/>\n<meta property=\"og:type\" content=\"article\" \/>\n<meta property=\"og:title\" content=\"PRUNUS &#039;Tai-haku&#039;\" \/>\n<meta property=\"og:description\" content=\"El Cerezo Blanco Grande tiene las flores m\u00e1s grandes entre las flores de cerezo. El PRUNUS &#039;Tai-haku&#039; tiene un porte muy extendido. Las flores son blancas.\" \/>\n<meta property=\"og:url\" content=\"https:\/\/www.vallonchene.fr\/es\/producto\/prunus-tai-haku\/\" \/>\n<meta property=\"og:site_name\" content=\"Vallonch\u00eane\" \/>\n<meta property=\"article:publisher\" content=\"https:\/\/www.facebook.com\/vallonchene.fr\" \/>\n<meta property=\"article:modified_time\" content=\"2026-03-28T19:18:07+00:00\" \/>\n<meta property=\"og:image\" content=\"https:\/\/www.vallonchene.fr\/wp-content\/uploads\/2023\/11\/FILE_NAME_09.webp\" \/>\n\t<meta property=\"og:image:width\" content=\"1200\" \/>\n\t<meta property=\"og:image:height\" content=\"1200\" \/>\n\t<meta property=\"og:image:type\" content=\"image\/webp\" \/>\n<meta name=\"twitter:card\" content=\"summary_large_image\" \/>\n<meta name=\"twitter:label1\" content=\"Disponibilidad\" \/>\n\t<meta name=\"twitter:data1\" content=\"En stock\" \/>\n<script type=\"application\/ld+json\" class=\"yoast-schema-graph\">{\"@context\":\"https:\\\/\\\/schema.org\",\"@graph\":[{\"@type\":\"WebPage\",\"@id\":\"https:\\\/\\\/www.vallonchene.fr\\\/es\\\/producto\\\/prunus-tai-haku\\\/\",\"url\":\"https:\\\/\\\/www.vallonchene.fr\\\/es\\\/producto\\\/prunus-tai-haku\\\/\",\"name\":\"PRUNUS 'Tai-haku' - Cerezo Blanco Grande\",\"isPartOf\":{\"@id\":\"https:\\\/\\\/www.vallonchene.fr\\\/es\\\/#website\"},\"primaryImageOfPage\":{\"@id\":\"https:\\\/\\\/www.vallonchene.fr\\\/es\\\/producto\\\/prunus-tai-haku\\\/#primaryimage\"},\"image\":{\"@id\":\"https:\\\/\\\/www.vallonchene.fr\\\/es\\\/producto\\\/prunus-tai-haku\\\/#primaryimage\"},\"thumbnailUrl\":\"https:\\\/\\\/www.vallonchene.fr\\\/wp-content\\\/uploads\\\/2023\\\/11\\\/FILE_NAME_09.webp\",\"datePublished\":\"2021-08-31T11:30:50+00:00\",\"dateModified\":\"2026-03-28T19:18:07+00:00\",\"description\":\"El Cerezo Blanco Grande tiene las flores m\u00e1s grandes entre las flores de cerezo. El PRUNUS 'Tai-haku' tiene un porte muy extendido. Las flores son blancas.\",\"breadcrumb\":{\"@id\":\"https:\\\/\\\/www.vallonchene.fr\\\/es\\\/producto\\\/prunus-tai-haku\\\/#breadcrumb\"},\"inLanguage\":\"es\",\"potentialAction\":[{\"@type\":\"ReadAction\",\"target\":[\"https:\\\/\\\/www.vallonchene.fr\\\/es\\\/producto\\\/prunus-tai-haku\\\/\"]}]},{\"@type\":\"ImageObject\",\"inLanguage\":\"es\",\"@id\":\"https:\\\/\\\/www.vallonchene.fr\\\/es\\\/producto\\\/prunus-tai-haku\\\/#primaryimage\",\"url\":\"https:\\\/\\\/www.vallonchene.fr\\\/wp-content\\\/uploads\\\/2023\\\/11\\\/FILE_NAME_09.webp\",\"contentUrl\":\"https:\\\/\\\/www.vallonchene.fr\\\/wp-content\\\/uploads\\\/2023\\\/11\\\/FILE_NAME_09.webp\",\"width\":1200,\"height\":1200,\"caption\":\"Flores de PRUNUS 'Tai-Haku'\"},{\"@type\":\"BreadcrumbList\",\"@id\":\"https:\\\/\\\/www.vallonchene.fr\\\/es\\\/producto\\\/prunus-tai-haku\\\/#breadcrumb\",\"itemListElement\":[{\"@type\":\"ListItem\",\"position\":1,\"name\":\"Home\",\"item\":\"https:\\\/\\\/www.vallonchene.fr\\\/es\\\/\"},{\"@type\":\"ListItem\",\"position\":2,\"name\":\"Tienda\",\"item\":\"https:\\\/\\\/www.vallonchene.fr\\\/tienda\\\/\"},{\"@type\":\"ListItem\",\"position\":3,\"name\":\"Venta en linea\",\"item\":\"https:\\\/\\\/www.vallonchene.fr\\\/es\\\/categoria-producto\\\/venta-en-linea\\\/\"},{\"@type\":\"ListItem\",\"position\":4,\"name\":\"Vivero\",\"item\":\"https:\\\/\\\/www.vallonchene.fr\\\/es\\\/categoria-producto\\\/venta-en-linea\\\/vivero\\\/\"},{\"@type\":\"ListItem\",\"position\":5,\"name\":\"Arbustos y \u00e1rboles\",\"item\":\"https:\\\/\\\/www.vallonchene.fr\\\/es\\\/categoria-producto\\\/venta-en-linea\\\/vivero\\\/arbustos-y-arboles\\\/\"},{\"@type\":\"ListItem\",\"position\":6,\"name\":\"PRUNUS &#8216;Tai-haku&#8217;\"}]},{\"@type\":\"WebSite\",\"@id\":\"https:\\\/\\\/www.vallonchene.fr\\\/es\\\/#website\",\"url\":\"https:\\\/\\\/www.vallonchene.fr\\\/es\\\/\",\"name\":\"Vallonch\u00eane\",\"description\":\"El vivero donde la calidad tiene sus ra\u00edces \u2013 Tel.: +33 (0)2.35.90.02.02\",\"publisher\":{\"@id\":\"https:\\\/\\\/www.vallonchene.fr\\\/es\\\/#organization\"},\"potentialAction\":[{\"@type\":\"SearchAction\",\"target\":{\"@type\":\"EntryPoint\",\"urlTemplate\":\"https:\\\/\\\/www.vallonchene.fr\\\/es\\\/?s={search_term_string}\"},\"query-input\":{\"@type\":\"PropertyValueSpecification\",\"valueRequired\":true,\"valueName\":\"search_term_string\"}}],\"inLanguage\":\"es\"},{\"@type\":\"Organization\",\"@id\":\"https:\\\/\\\/www.vallonchene.fr\\\/es\\\/#organization\",\"name\":\"VALLONCHENE\",\"url\":\"https:\\\/\\\/www.vallonchene.fr\\\/es\\\/\",\"logo\":{\"@type\":\"ImageObject\",\"inLanguage\":\"es\",\"@id\":\"https:\\\/\\\/www.vallonchene.fr\\\/es\\\/#\\\/schema\\\/logo\\\/image\\\/\",\"url\":\"https:\\\/\\\/www.vallonchene.fr\\\/wp-content\\\/uploads\\\/2023\\\/03\\\/Logo-Vallonchene-site-et-R_hauteur_100.png\",\"contentUrl\":\"https:\\\/\\\/www.vallonchene.fr\\\/wp-content\\\/uploads\\\/2023\\\/03\\\/Logo-Vallonchene-site-et-R_hauteur_100.png\",\"width\":221,\"height\":100,\"caption\":\"VALLONCHENE\"},\"image\":{\"@id\":\"https:\\\/\\\/www.vallonchene.fr\\\/es\\\/#\\\/schema\\\/logo\\\/image\\\/\"},\"sameAs\":[\"https:\\\/\\\/www.facebook.com\\\/vallonchene.fr\",\"https:\\\/\\\/www.instagram.com\\\/vallonchene\\\/\",\"https:\\\/\\\/www.pinterest.fr\\\/vallonchene\\\/\"],\"taxID\":\"49454502300017\",\"hasMerchantReturnPolicy\":{\"@type\":\"MerchantReturnPolicy\",\"merchantReturnLink\":\"https:\\\/\\\/www.vallonchene.fr\\\/remboursements_retours\\\/\"}}]}<\/script>\n<meta property=\"og:availability\" content=\"instock\" \/>\n<meta property=\"product:availability\" content=\"instock\" \/>\n<meta property=\"product:retailer_item_id\" content=\"71353\" \/>\n<meta property=\"product:condition\" content=\"new\" \/>\n<!-- \/ Yoast SEO Premium plugin. -->","yoast_head_json":{"title":"PRUNUS 'Tai-haku' - Cerezo Blanco Grande","description":"El Cerezo Blanco Grande tiene las flores m\u00e1s grandes entre las flores de cerezo. El PRUNUS 'Tai-haku' tiene un porte muy extendido. Las flores son blancas.","robots":{"index":"index","follow":"follow","max-snippet":"max-snippet:-1","max-image-preview":"max-image-preview:large","max-video-preview":"max-video-preview:-1"},"canonical":"https:\/\/www.vallonchene.fr\/es\/producto\/prunus-tai-haku\/","og_locale":"es_ES","og_type":"article","og_title":"PRUNUS 'Tai-haku'","og_description":"El Cerezo Blanco Grande tiene las flores m\u00e1s grandes entre las flores de cerezo. El PRUNUS 'Tai-haku' tiene un porte muy extendido. Las flores son blancas.","og_url":"https:\/\/www.vallonchene.fr\/es\/producto\/prunus-tai-haku\/","og_site_name":"Vallonch\u00eane","article_publisher":"https:\/\/www.facebook.com\/vallonchene.fr","article_modified_time":"2026-03-28T19:18:07+00:00","og_image":[{"width":1200,"height":1200,"url":"https:\/\/www.vallonchene.fr\/wp-content\/uploads\/2023\/11\/FILE_NAME_09.webp","type":"image\/webp"}],"twitter_card":"summary_large_image","twitter_misc":{"Disponibilidad":"En stock"},"schema":{"@context":"https:\/\/schema.org","@graph":[{"@type":"WebPage","@id":"https:\/\/www.vallonchene.fr\/es\/producto\/prunus-tai-haku\/","url":"https:\/\/www.vallonchene.fr\/es\/producto\/prunus-tai-haku\/","name":"PRUNUS 'Tai-haku' - Cerezo Blanco Grande","isPartOf":{"@id":"https:\/\/www.vallonchene.fr\/es\/#website"},"primaryImageOfPage":{"@id":"https:\/\/www.vallonchene.fr\/es\/producto\/prunus-tai-haku\/#primaryimage"},"image":{"@id":"https:\/\/www.vallonchene.fr\/es\/producto\/prunus-tai-haku\/#primaryimage"},"thumbnailUrl":"https:\/\/www.vallonchene.fr\/wp-content\/uploads\/2023\/11\/FILE_NAME_09.webp","datePublished":"2021-08-31T11:30:50+00:00","dateModified":"2026-03-28T19:18:07+00:00","description":"El Cerezo Blanco Grande tiene las flores m\u00e1s grandes entre las flores de cerezo. El PRUNUS 'Tai-haku' tiene un porte muy extendido. Las flores son blancas.","breadcrumb":{"@id":"https:\/\/www.vallonchene.fr\/es\/producto\/prunus-tai-haku\/#breadcrumb"},"inLanguage":"es","potentialAction":[{"@type":"ReadAction","target":["https:\/\/www.vallonchene.fr\/es\/producto\/prunus-tai-haku\/"]}]},{"@type":"ImageObject","inLanguage":"es","@id":"https:\/\/www.vallonchene.fr\/es\/producto\/prunus-tai-haku\/#primaryimage","url":"https:\/\/www.vallonchene.fr\/wp-content\/uploads\/2023\/11\/FILE_NAME_09.webp","contentUrl":"https:\/\/www.vallonchene.fr\/wp-content\/uploads\/2023\/11\/FILE_NAME_09.webp","width":1200,"height":1200,"caption":"Flores de PRUNUS 'Tai-Haku'"},{"@type":"BreadcrumbList","@id":"https:\/\/www.vallonchene.fr\/es\/producto\/prunus-tai-haku\/#breadcrumb","itemListElement":[{"@type":"ListItem","position":1,"name":"Home","item":"https:\/\/www.vallonchene.fr\/es\/"},{"@type":"ListItem","position":2,"name":"Tienda","item":"https:\/\/www.vallonchene.fr\/tienda\/"},{"@type":"ListItem","position":3,"name":"Venta en linea","item":"https:\/\/www.vallonchene.fr\/es\/categoria-producto\/venta-en-linea\/"},{"@type":"ListItem","position":4,"name":"Vivero","item":"https:\/\/www.vallonchene.fr\/es\/categoria-producto\/venta-en-linea\/vivero\/"},{"@type":"ListItem","position":5,"name":"Arbustos y \u00e1rboles","item":"https:\/\/www.vallonchene.fr\/es\/categoria-producto\/venta-en-linea\/vivero\/arbustos-y-arboles\/"},{"@type":"ListItem","position":6,"name":"PRUNUS &#8216;Tai-haku&#8217;"}]},{"@type":"WebSite","@id":"https:\/\/www.vallonchene.fr\/es\/#website","url":"https:\/\/www.vallonchene.fr\/es\/","name":"Vallonch\u00eane","description":"El vivero donde la calidad tiene sus ra\u00edces \u2013 Tel.: +33 (0)2.35.90.02.02","publisher":{"@id":"https:\/\/www.vallonchene.fr\/es\/#organization"},"potentialAction":[{"@type":"SearchAction","target":{"@type":"EntryPoint","urlTemplate":"https:\/\/www.vallonchene.fr\/es\/?s={search_term_string}"},"query-input":{"@type":"PropertyValueSpecification","valueRequired":true,"valueName":"search_term_string"}}],"inLanguage":"es"},{"@type":"Organization","@id":"https:\/\/www.vallonchene.fr\/es\/#organization","name":"VALLONCHENE","url":"https:\/\/www.vallonchene.fr\/es\/","logo":{"@type":"ImageObject","inLanguage":"es","@id":"https:\/\/www.vallonchene.fr\/es\/#\/schema\/logo\/image\/","url":"https:\/\/www.vallonchene.fr\/wp-content\/uploads\/2023\/03\/Logo-Vallonchene-site-et-R_hauteur_100.png","contentUrl":"https:\/\/www.vallonchene.fr\/wp-content\/uploads\/2023\/03\/Logo-Vallonchene-site-et-R_hauteur_100.png","width":221,"height":100,"caption":"VALLONCHENE"},"image":{"@id":"https:\/\/www.vallonchene.fr\/es\/#\/schema\/logo\/image\/"},"sameAs":["https:\/\/www.facebook.com\/vallonchene.fr","https:\/\/www.instagram.com\/vallonchene\/","https:\/\/www.pinterest.fr\/vallonchene\/"],"taxID":"49454502300017","hasMerchantReturnPolicy":{"@type":"MerchantReturnPolicy","merchantReturnLink":"https:\/\/www.vallonchene.fr\/remboursements_retours\/"}}]},"og_availability":"instock","product_availability":"instock","product_retailer_item_id":"71353","product_condition":"new"},"_links":{"self":[{"href":"https:\/\/www.vallonchene.fr\/es\/wp-json\/wp\/v2\/product\/57433","targetHints":{"allow":["GET"]}}],"collection":[{"href":"https:\/\/www.vallonchene.fr\/es\/wp-json\/wp\/v2\/product"}],"about":[{"href":"https:\/\/www.vallonchene.fr\/es\/wp-json\/wp\/v2\/types\/product"}],"replies":[{"embeddable":true,"href":"https:\/\/www.vallonchene.fr\/es\/wp-json\/wp\/v2\/comments?post=57433"}],"wp:featuredmedia":[{"embeddable":true,"href":"https:\/\/www.vallonchene.fr\/es\/wp-json\/wp\/v2\/media\/57434"}],"wp:attachment":[{"href":"https:\/\/www.vallonchene.fr\/es\/wp-json\/wp\/v2\/media?parent=57433"}],"wp:term":[{"taxonomy":"product_brand","embeddable":true,"href":"https:\/\/www.vallonchene.fr\/es\/wp-json\/wp\/v2\/product_brand?post=57433"},{"taxonomy":"product_cat","embeddable":true,"href":"https:\/\/www.vallonchene.fr\/es\/wp-json\/wp\/v2\/product_cat?post=57433"},{"taxonomy":"product_tag","embeddable":true,"href":"https:\/\/www.vallonchene.fr\/es\/wp-json\/wp\/v2\/product_tag?post=57433"}],"curies":[{"name":"wp","href":"https:\/\/api.w.org\/{rel}","templated":true}]}}