{"id":57056,"date":"2021-08-31T11:16:30","date_gmt":"2021-08-31T11:16:30","guid":{"rendered":"https:\/\/www.vallonchene.fr\/produit\/magnolia-stellata\/"},"modified":"2021-08-31T11:16:30","modified_gmt":"2021-08-31T09:16:30","slug":"magnolia-stellata","status":"publish","type":"product","link":"https:\/\/www.vallonchene.fr\/es\/producto\/magnolia-stellata\/","title":{"rendered":"MAGNOLIA stellata"},"content":{"rendered":"<p>Le <strong>MAGNOLIA stellata<\/strong>, aussi appel\u00e9 <strong>magnolia \u00e9toil\u00e9<\/strong>, produit au tout d\u00e9but du printemps une quantit\u00e9 innombrable de <strong>fleurs blanches l\u00e9g\u00e8rement parfum\u00e9es<\/strong> avec des p\u00e9tales assez \u00e9troits. Elles mesurent de <strong>10 \u00e0 15 cm de diam\u00e8tre<\/strong> et apparaissent avant le feuillage. Elles en font une vraie merveille, car \u00e0 cette \u00e9poque de l&#8217;ann\u00e9e, il y a peu de fleurs au jardin.<br \/>\nVous pouvez utiliser les <strong>branches pour des bouquets de fleurs<\/strong> (juste avant l&#8217;\u00e9closion de celles-ci).<br \/>\nLe nom magnolia nous fait penser \u00e0 un arbre alors que le magnolia \u00e9toil\u00e9 peut \u00eatre qualifi\u00e9 de <strong>buissonnant<\/strong>. De ce fait, il trouve aussi facilement une place dans les petits jardins ou en pot sur une terrasse.<br \/>\nPuis, \u00e0 l&#8217;automne, ses petites feuilles prennent une <strong>belle couleur jaune<\/strong> et illuminent ainsi cette p\u00e9riode de l&#8217;ann\u00e9e.<br \/>\nEnfin, en hiver, les bourgeons \u00e0 fleurs couvert d&#8217;un <strong>velours gris clair<\/strong> rehaussent l&#8217;allure de ce petit champion.<\/p>\n<h2>Comment planter et entretenir le MAGNOLIA stellata ?<\/h2>\n<ol>\n<li>Plantez-le \u00e0 un endroit en <strong>plein soleil<\/strong> ou \u00e0 <strong>mi-ombre<\/strong>. Il peut s&#8217;agir d&#8217;un <strong>pot en terrasse<\/strong> ou d&#8217;un <strong>massif au jardin<\/strong>.<\/li>\n<li>Le sol doit \u00eatre <strong>l\u00e9ger ou normal<\/strong> <strong>moyennement humide<\/strong> ou <strong>humide<\/strong> et un <strong>pH acide<\/strong> ou <strong>neutre<\/strong>.<\/li>\n<li><strong>Taillez le M. stellata au mois d&#8217;ao\u00fbt<\/strong>, si n\u00e9cessaire. Toutefois, cela est peu probable puisqu&#8217;il ne pousse que tr\u00e8s lentement et reste assez petit compar\u00e9 aux autres esp\u00e8ces de magnolias.<\/li>\n<\/ol>\n<p>Ce magnolia buissonnant <strong>r\u00e9siste aux temp\u00e9ratures en dessous de -20\u00b0 C<\/strong>.<\/p>\n<p>Pour une bonne pr\u00e9paration du pot ou du trou de plantation, nous avons con\u00e7u des <a href=\"https:\/\/www.vallonchene.fr\/comment-planter-et-entretenir-des-vegetaux\/\" target=\"_blank\" rel=\"noreferrer noopener\"><strong>instructions sp\u00e9cifiques disponibles ici<\/strong><\/a>. Lisez aussi <a href=\"https:\/\/www.vallonchene.fr\/comment-bien-arroser-le-jardin-et-economiser-leau\/\"><strong>nos astuces comment bien arroser et \u00e9conomiser l\u2019eau ici<\/strong><\/a>.<\/p>\n<h2>Histoire et Origine<\/h2>\n<p>Le MAGNOLIA stellata nous provient du Japon et plus pr\u00e9cis\u00e9ment de la zone de <strong><a href=\"https:\/\/fr.wikipedia.org\/wiki\/Baie_d%27Ise\" target=\"_blank\" rel=\"noopener\">Baie d&#8217;Ise<\/a><\/strong> au centre de <strong><a href=\"https:\/\/fr.wikipedia.org\/wiki\/Honsh%C5%AB\" target=\"_blank\" rel=\"noopener\">Honshu<\/a><\/strong> (\u00eele la plus grande du Japon). Dans son habitat naturel, on le trouve le long des rivi\u00e8res et m\u00eame dans des zones tr\u00e8s humides.<\/p>\n<p>Cette esp\u00e8ce type est tr\u00e8s proche du MAGNOLIA kobus. Elle a \u00e9t\u00e9 introduite aux \u00c9tats-Unis en 1862 et au Royaume-Uni en 1877.<\/p>\n","protected":false},"excerpt":{"rendered":"<p>Ce <strong>magnolia \u00e9toil\u00e9<\/strong> se couvre au printemps d&#8217;innombrables fleurs blanches. Les fleurs du <strong>MAGNOLIA stellata<\/strong> ressemblent \u00e0 des \u00e9toiles avec leurs p\u00e9tales longs et fins. Il est, bien s\u00fbr, parfaitement rustique. Juste avant l&#8217;\u00e9closion des fleurs, les branches peuvent servir pour les bouquets.<\/p>\n","protected":false},"featured_media":57057,"comment_status":"open","ping_status":"closed","template":"","meta":[],"product_brand":[],"product_cat":[11499],"product_tag":[12937],"class_list":{"0":"post-57056","1":"product","2":"type-product","3":"status-publish","4":"has-post-thumbnail","6":"product_cat-arbustos-y-arboles","7":"product_tag-magnolia-stellata","8":"pa_couleurautomnaledufeuillage-amarillo","9":"pa_couleurdesfleurs-blanca","10":"pa_couleurdufeuillage-verde","11":"pa_exigencesenhumidite-moderadamente-humedo-a-humedo","12":"pa_exigencesenhumidite-promedio","13":"pa_expositionspossibles-pleno-sol-de-12-a-17-min","14":"pa_expositionspossibles-sombra-parcial-evitar-el-sol-de-12-a-17-horas","15":"pa_hauteurlivree-30-a-40-cm-es","16":"pa_hauteurlivree-70-a-80-cm-es","17":"pa_interetauprintemps-flores","18":"pa_interetauprintemps-follaje","19":"pa_interetenautomne-follaje","20":"pa_interetenete-follaje","21":"pa_naturedufeuillage-caduco","22":"pa_naturesdesolpossibles-ligero","23":"pa_naturesdesolpossibles-normal-es","24":"pa_periodedefloraison-primavera","25":"pa_phdusolacceptable-acido-menos-de-6_5","26":"pa_phdusolacceptable-neutro-entre-6_5-y-7_5","27":"pa_portgraphisme-arbustivo-es","28":"pa_resistanceaufroidrusticite-resistente-por-debajo-de-menos-20-c","29":"pa_tailledepot-maceta-de-4-litros","30":"pa_tailledepot-maceta-de-7_5-litros","32":"first","33":"instock","34":"taxable","35":"shipping-taxable","36":"purchasable","37":"product-type-variable","38":"has-default-attributes"},"supplier_id":null,"supplier_sku":"","barcode":null,"atum_controlled":true,"out_stock_date":null,"out_stock_threshold":null,"inheritable":true,"inbound_stock":0,"stock_on_hold":0,"sold_today":0,"sales_last_days":0,"reserved_stock":0,"customer_returns":0,"warehouse_damage":0,"lost_in_post":0,"other_logs":0,"out_stock_days":null,"lost_sales":0,"has_location":false,"update_date":"2026-04-02T13:34:46","atum_locations":[],"atum_stock_status":"instock","restock_status":false,"low_stock_amount":"","sales_update_date":"2024-03-01T15:04:32","calc_backorders":null,"yoast_head":"<!-- This site is optimized with the Yoast SEO Premium plugin v27.3 (Yoast SEO v27.3) - https:\/\/yoast.com\/product\/yoast-seo-premium-wordpress\/ -->\n<title>MAGNOLIA stellata - magnolia \u00e9toil\u00e9<\/title>\n<meta name=\"description\" content=\"Ce magnolia \u00e9toil\u00e9 se couvre au printemps d&#039;innombrables fleurs blanches. Les fleurs du MAGNOLIA stellata ressemblent \u00e0 des \u00e9toiles.\" \/>\n<meta name=\"robots\" content=\"index, follow, max-snippet:-1, max-image-preview:large, max-video-preview:-1\" \/>\n<link rel=\"canonical\" href=\"https:\/\/www.vallonchene.fr\/es\/producto\/magnolia-stellata\/\" \/>\n<meta property=\"og:locale\" content=\"es_ES\" \/>\n<meta property=\"og:type\" content=\"article\" \/>\n<meta property=\"og:title\" content=\"MAGNOLIA stellata\" \/>\n<meta property=\"og:description\" content=\"Ce magnolia \u00e9toil\u00e9 se couvre au printemps d&#039;innombrables fleurs blanches. Les fleurs du MAGNOLIA stellata ressemblent \u00e0 des \u00e9toiles.\" \/>\n<meta property=\"og:url\" content=\"https:\/\/www.vallonchene.fr\/es\/producto\/magnolia-stellata\/\" \/>\n<meta property=\"og:site_name\" content=\"Vallonch\u00eane\" \/>\n<meta property=\"article:publisher\" content=\"https:\/\/www.facebook.com\/vallonchene.fr\" \/>\n<meta property=\"og:image\" content=\"https:\/\/www.vallonchene.fr\/wp-content\/uploads\/2024\/03\/MAGNOLIA-stellata_01.webp\" \/>\n\t<meta property=\"og:image:width\" content=\"1023\" \/>\n\t<meta property=\"og:image:height\" content=\"1023\" \/>\n\t<meta property=\"og:image:type\" content=\"image\/webp\" \/>\n<meta name=\"twitter:card\" content=\"summary_large_image\" \/>\n<meta name=\"twitter:label1\" content=\"Disponibilidad\" \/>\n\t<meta name=\"twitter:data1\" content=\"En stock\" \/>\n<script type=\"application\/ld+json\" class=\"yoast-schema-graph\">{\"@context\":\"https:\\\/\\\/schema.org\",\"@graph\":[{\"@type\":\"WebPage\",\"@id\":\"https:\\\/\\\/www.vallonchene.fr\\\/es\\\/producto\\\/magnolia-stellata\\\/\",\"url\":\"https:\\\/\\\/www.vallonchene.fr\\\/es\\\/producto\\\/magnolia-stellata\\\/\",\"name\":\"MAGNOLIA stellata - magnolia \u00e9toil\u00e9\",\"isPartOf\":{\"@id\":\"https:\\\/\\\/www.vallonchene.fr\\\/es\\\/#website\"},\"primaryImageOfPage\":{\"@id\":\"https:\\\/\\\/www.vallonchene.fr\\\/es\\\/producto\\\/magnolia-stellata\\\/#primaryimage\"},\"image\":{\"@id\":\"https:\\\/\\\/www.vallonchene.fr\\\/es\\\/producto\\\/magnolia-stellata\\\/#primaryimage\"},\"thumbnailUrl\":\"https:\\\/\\\/www.vallonchene.fr\\\/wp-content\\\/uploads\\\/2024\\\/03\\\/MAGNOLIA-stellata_01.webp\",\"datePublished\":\"2021-08-31T11:16:30+00:00\",\"description\":\"Ce magnolia \u00e9toil\u00e9 se couvre au printemps d'innombrables fleurs blanches. Les fleurs du MAGNOLIA stellata ressemblent \u00e0 des \u00e9toiles.\",\"breadcrumb\":{\"@id\":\"https:\\\/\\\/www.vallonchene.fr\\\/es\\\/producto\\\/magnolia-stellata\\\/#breadcrumb\"},\"inLanguage\":\"es\",\"potentialAction\":[{\"@type\":\"ReadAction\",\"target\":[\"https:\\\/\\\/www.vallonchene.fr\\\/es\\\/producto\\\/magnolia-stellata\\\/\"]}]},{\"@type\":\"ImageObject\",\"inLanguage\":\"es\",\"@id\":\"https:\\\/\\\/www.vallonchene.fr\\\/es\\\/producto\\\/magnolia-stellata\\\/#primaryimage\",\"url\":\"https:\\\/\\\/www.vallonchene.fr\\\/wp-content\\\/uploads\\\/2024\\\/03\\\/MAGNOLIA-stellata_01.webp\",\"contentUrl\":\"https:\\\/\\\/www.vallonchene.fr\\\/wp-content\\\/uploads\\\/2024\\\/03\\\/MAGNOLIA-stellata_01.webp\",\"width\":1023,\"height\":1023,\"caption\":\"Gros plan sur une fleur blanche de MAGNOLIA stellata\"},{\"@type\":\"BreadcrumbList\",\"@id\":\"https:\\\/\\\/www.vallonchene.fr\\\/es\\\/producto\\\/magnolia-stellata\\\/#breadcrumb\",\"itemListElement\":[{\"@type\":\"ListItem\",\"position\":1,\"name\":\"Home\",\"item\":\"https:\\\/\\\/www.vallonchene.fr\\\/es\\\/\"},{\"@type\":\"ListItem\",\"position\":2,\"name\":\"Tienda\",\"item\":\"https:\\\/\\\/www.vallonchene.fr\\\/tienda\\\/\"},{\"@type\":\"ListItem\",\"position\":3,\"name\":\"Venta en linea\",\"item\":\"https:\\\/\\\/www.vallonchene.fr\\\/es\\\/categoria-producto\\\/venta-en-linea\\\/\"},{\"@type\":\"ListItem\",\"position\":4,\"name\":\"Vivero\",\"item\":\"https:\\\/\\\/www.vallonchene.fr\\\/es\\\/categoria-producto\\\/venta-en-linea\\\/vivero\\\/\"},{\"@type\":\"ListItem\",\"position\":5,\"name\":\"Arbustos y \u00e1rboles\",\"item\":\"https:\\\/\\\/www.vallonchene.fr\\\/es\\\/categoria-producto\\\/venta-en-linea\\\/vivero\\\/arbustos-y-arboles\\\/\"},{\"@type\":\"ListItem\",\"position\":6,\"name\":\"MAGNOLIA stellata\"}]},{\"@type\":\"WebSite\",\"@id\":\"https:\\\/\\\/www.vallonchene.fr\\\/es\\\/#website\",\"url\":\"https:\\\/\\\/www.vallonchene.fr\\\/es\\\/\",\"name\":\"Vallonch\u00eane\",\"description\":\"El vivero donde la calidad tiene sus ra\u00edces \u2013 Tel.: +33 (0)2.35.90.02.02\",\"publisher\":{\"@id\":\"https:\\\/\\\/www.vallonchene.fr\\\/es\\\/#organization\"},\"potentialAction\":[{\"@type\":\"SearchAction\",\"target\":{\"@type\":\"EntryPoint\",\"urlTemplate\":\"https:\\\/\\\/www.vallonchene.fr\\\/es\\\/?s={search_term_string}\"},\"query-input\":{\"@type\":\"PropertyValueSpecification\",\"valueRequired\":true,\"valueName\":\"search_term_string\"}}],\"inLanguage\":\"es\"},{\"@type\":\"Organization\",\"@id\":\"https:\\\/\\\/www.vallonchene.fr\\\/es\\\/#organization\",\"name\":\"VALLONCHENE\",\"url\":\"https:\\\/\\\/www.vallonchene.fr\\\/es\\\/\",\"logo\":{\"@type\":\"ImageObject\",\"inLanguage\":\"es\",\"@id\":\"https:\\\/\\\/www.vallonchene.fr\\\/es\\\/#\\\/schema\\\/logo\\\/image\\\/\",\"url\":\"https:\\\/\\\/www.vallonchene.fr\\\/wp-content\\\/uploads\\\/2023\\\/03\\\/Logo-Vallonchene-site-et-R_hauteur_100.png\",\"contentUrl\":\"https:\\\/\\\/www.vallonchene.fr\\\/wp-content\\\/uploads\\\/2023\\\/03\\\/Logo-Vallonchene-site-et-R_hauteur_100.png\",\"width\":221,\"height\":100,\"caption\":\"VALLONCHENE\"},\"image\":{\"@id\":\"https:\\\/\\\/www.vallonchene.fr\\\/es\\\/#\\\/schema\\\/logo\\\/image\\\/\"},\"sameAs\":[\"https:\\\/\\\/www.facebook.com\\\/vallonchene.fr\",\"https:\\\/\\\/www.instagram.com\\\/vallonchene\\\/\",\"https:\\\/\\\/www.pinterest.fr\\\/vallonchene\\\/\"],\"taxID\":\"49454502300017\",\"hasMerchantReturnPolicy\":{\"@type\":\"MerchantReturnPolicy\",\"merchantReturnLink\":\"https:\\\/\\\/www.vallonchene.fr\\\/remboursements_retours\\\/\"}}]}<\/script>\n<meta property=\"og:availability\" content=\"instock\" \/>\n<meta property=\"product:availability\" content=\"instock\" \/>\n<meta property=\"product:retailer_item_id\" content=\"82567\" \/>\n<meta property=\"product:condition\" content=\"new\" \/>\n<!-- \/ Yoast SEO Premium plugin. -->","yoast_head_json":{"title":"MAGNOLIA stellata - magnolia \u00e9toil\u00e9","description":"Ce magnolia \u00e9toil\u00e9 se couvre au printemps d'innombrables fleurs blanches. Les fleurs du MAGNOLIA stellata ressemblent \u00e0 des \u00e9toiles.","robots":{"index":"index","follow":"follow","max-snippet":"max-snippet:-1","max-image-preview":"max-image-preview:large","max-video-preview":"max-video-preview:-1"},"canonical":"https:\/\/www.vallonchene.fr\/es\/producto\/magnolia-stellata\/","og_locale":"es_ES","og_type":"article","og_title":"MAGNOLIA stellata","og_description":"Ce magnolia \u00e9toil\u00e9 se couvre au printemps d'innombrables fleurs blanches. Les fleurs du MAGNOLIA stellata ressemblent \u00e0 des \u00e9toiles.","og_url":"https:\/\/www.vallonchene.fr\/es\/producto\/magnolia-stellata\/","og_site_name":"Vallonch\u00eane","article_publisher":"https:\/\/www.facebook.com\/vallonchene.fr","og_image":[{"width":1023,"height":1023,"url":"https:\/\/www.vallonchene.fr\/wp-content\/uploads\/2024\/03\/MAGNOLIA-stellata_01.webp","type":"image\/webp"}],"twitter_card":"summary_large_image","twitter_misc":{"Disponibilidad":"En stock"},"schema":{"@context":"https:\/\/schema.org","@graph":[{"@type":"WebPage","@id":"https:\/\/www.vallonchene.fr\/es\/producto\/magnolia-stellata\/","url":"https:\/\/www.vallonchene.fr\/es\/producto\/magnolia-stellata\/","name":"MAGNOLIA stellata - magnolia \u00e9toil\u00e9","isPartOf":{"@id":"https:\/\/www.vallonchene.fr\/es\/#website"},"primaryImageOfPage":{"@id":"https:\/\/www.vallonchene.fr\/es\/producto\/magnolia-stellata\/#primaryimage"},"image":{"@id":"https:\/\/www.vallonchene.fr\/es\/producto\/magnolia-stellata\/#primaryimage"},"thumbnailUrl":"https:\/\/www.vallonchene.fr\/wp-content\/uploads\/2024\/03\/MAGNOLIA-stellata_01.webp","datePublished":"2021-08-31T11:16:30+00:00","description":"Ce magnolia \u00e9toil\u00e9 se couvre au printemps d'innombrables fleurs blanches. Les fleurs du MAGNOLIA stellata ressemblent \u00e0 des \u00e9toiles.","breadcrumb":{"@id":"https:\/\/www.vallonchene.fr\/es\/producto\/magnolia-stellata\/#breadcrumb"},"inLanguage":"es","potentialAction":[{"@type":"ReadAction","target":["https:\/\/www.vallonchene.fr\/es\/producto\/magnolia-stellata\/"]}]},{"@type":"ImageObject","inLanguage":"es","@id":"https:\/\/www.vallonchene.fr\/es\/producto\/magnolia-stellata\/#primaryimage","url":"https:\/\/www.vallonchene.fr\/wp-content\/uploads\/2024\/03\/MAGNOLIA-stellata_01.webp","contentUrl":"https:\/\/www.vallonchene.fr\/wp-content\/uploads\/2024\/03\/MAGNOLIA-stellata_01.webp","width":1023,"height":1023,"caption":"Gros plan sur une fleur blanche de MAGNOLIA stellata"},{"@type":"BreadcrumbList","@id":"https:\/\/www.vallonchene.fr\/es\/producto\/magnolia-stellata\/#breadcrumb","itemListElement":[{"@type":"ListItem","position":1,"name":"Home","item":"https:\/\/www.vallonchene.fr\/es\/"},{"@type":"ListItem","position":2,"name":"Tienda","item":"https:\/\/www.vallonchene.fr\/tienda\/"},{"@type":"ListItem","position":3,"name":"Venta en linea","item":"https:\/\/www.vallonchene.fr\/es\/categoria-producto\/venta-en-linea\/"},{"@type":"ListItem","position":4,"name":"Vivero","item":"https:\/\/www.vallonchene.fr\/es\/categoria-producto\/venta-en-linea\/vivero\/"},{"@type":"ListItem","position":5,"name":"Arbustos y \u00e1rboles","item":"https:\/\/www.vallonchene.fr\/es\/categoria-producto\/venta-en-linea\/vivero\/arbustos-y-arboles\/"},{"@type":"ListItem","position":6,"name":"MAGNOLIA stellata"}]},{"@type":"WebSite","@id":"https:\/\/www.vallonchene.fr\/es\/#website","url":"https:\/\/www.vallonchene.fr\/es\/","name":"Vallonch\u00eane","description":"El vivero donde la calidad tiene sus ra\u00edces \u2013 Tel.: +33 (0)2.35.90.02.02","publisher":{"@id":"https:\/\/www.vallonchene.fr\/es\/#organization"},"potentialAction":[{"@type":"SearchAction","target":{"@type":"EntryPoint","urlTemplate":"https:\/\/www.vallonchene.fr\/es\/?s={search_term_string}"},"query-input":{"@type":"PropertyValueSpecification","valueRequired":true,"valueName":"search_term_string"}}],"inLanguage":"es"},{"@type":"Organization","@id":"https:\/\/www.vallonchene.fr\/es\/#organization","name":"VALLONCHENE","url":"https:\/\/www.vallonchene.fr\/es\/","logo":{"@type":"ImageObject","inLanguage":"es","@id":"https:\/\/www.vallonchene.fr\/es\/#\/schema\/logo\/image\/","url":"https:\/\/www.vallonchene.fr\/wp-content\/uploads\/2023\/03\/Logo-Vallonchene-site-et-R_hauteur_100.png","contentUrl":"https:\/\/www.vallonchene.fr\/wp-content\/uploads\/2023\/03\/Logo-Vallonchene-site-et-R_hauteur_100.png","width":221,"height":100,"caption":"VALLONCHENE"},"image":{"@id":"https:\/\/www.vallonchene.fr\/es\/#\/schema\/logo\/image\/"},"sameAs":["https:\/\/www.facebook.com\/vallonchene.fr","https:\/\/www.instagram.com\/vallonchene\/","https:\/\/www.pinterest.fr\/vallonchene\/"],"taxID":"49454502300017","hasMerchantReturnPolicy":{"@type":"MerchantReturnPolicy","merchantReturnLink":"https:\/\/www.vallonchene.fr\/remboursements_retours\/"}}]},"og_availability":"instock","product_availability":"instock","product_retailer_item_id":"82567","product_condition":"new"},"_links":{"self":[{"href":"https:\/\/www.vallonchene.fr\/es\/wp-json\/wp\/v2\/product\/57056","targetHints":{"allow":["GET"]}}],"collection":[{"href":"https:\/\/www.vallonchene.fr\/es\/wp-json\/wp\/v2\/product"}],"about":[{"href":"https:\/\/www.vallonchene.fr\/es\/wp-json\/wp\/v2\/types\/product"}],"replies":[{"embeddable":true,"href":"https:\/\/www.vallonchene.fr\/es\/wp-json\/wp\/v2\/comments?post=57056"}],"wp:featuredmedia":[{"embeddable":true,"href":"https:\/\/www.vallonchene.fr\/es\/wp-json\/wp\/v2\/media\/57057"}],"wp:attachment":[{"href":"https:\/\/www.vallonchene.fr\/es\/wp-json\/wp\/v2\/media?parent=57056"}],"wp:term":[{"taxonomy":"product_brand","embeddable":true,"href":"https:\/\/www.vallonchene.fr\/es\/wp-json\/wp\/v2\/product_brand?post=57056"},{"taxonomy":"product_cat","embeddable":true,"href":"https:\/\/www.vallonchene.fr\/es\/wp-json\/wp\/v2\/product_cat?post=57056"},{"taxonomy":"product_tag","embeddable":true,"href":"https:\/\/www.vallonchene.fr\/es\/wp-json\/wp\/v2\/product_tag?post=57056"}],"curies":[{"name":"wp","href":"https:\/\/api.w.org\/{rel}","templated":true}]}}