{"id":56957,"date":"2021-08-31T10:44:00","date_gmt":"2021-08-31T10:44:00","guid":{"rendered":"https:\/\/www.vallonchene.fr\/produit\/acer-pseudoplatanus-leopoldii-arce-sicomoro\/"},"modified":"2026-02-12T16:58:58","modified_gmt":"2026-02-12T15:58:58","slug":"acer-pseudoplatanus-leopoldii-arce-sicomoro","status":"publish","type":"product","link":"https:\/\/www.vallonchene.fr\/es\/producto\/acer-pseudoplatanus-leopoldii-arce-sicomoro\/","title":{"rendered":"ACER pseudoplatanus &#8216;Leopoldii&#8217; (arce sic\u00f3moro)"},"content":{"rendered":"","protected":false},"excerpt":{"rendered":"<p>Este <strong>arce sic\u00f3moro<\/strong> produce brotes rosados en primavera. Despu\u00e9s, el follaje de <strong>ACER pseudoplatanus \u2018Leopoldii\u2019<\/strong> se vuelve verde y moteado. Este \u00e1rbol es muy decorativo por su follaje.  <\/p>\n","protected":false},"featured_media":56960,"comment_status":"open","ping_status":"closed","template":"","meta":[],"product_brand":[],"product_cat":[11499],"product_tag":[11855,12577,12915,12916],"class_list":{"0":"post-56957","1":"product","2":"type-product","3":"status-publish","4":"has-post-thumbnail","6":"product_cat-arbustos-y-arboles","7":"product_tag-acer-es","8":"product_tag-acer-pseudoplatanus-es","9":"product_tag-acer-pseudoplatanus-leopoldii","10":"product_tag-leopoldii","11":"pa_99-hauteurapproximativeapres1-3-a-5-m","12":"pa_couleurdesfleurs-amarilla","13":"pa_couleurdufeuillage-blanca","14":"pa_couleurdufeuillage-variado","15":"pa_couleurdufeuillage-verde","16":"pa_exigencesenhumidite-promedio","17":"pa_exigencesenhumidite-seco","18":"pa_expositionspossibles-pleno-sol-de-12-a-17-min","19":"pa_hauteurlivree-125-a-150-cm-es","20":"pa_hauteurlivree-300-a-350-cm-es","21":"pa_hauteurlivree-60-a-80-cm-es","22":"pa_interetauprintemps-brotes-jovenes","23":"pa_interetauprintemps-follaje","24":"pa_interetenautomne-follaje","25":"pa_interetenete-follaje","26":"pa_interetenhiver-habitus","27":"pa_naturedufeuillage-caduco","28":"pa_naturesdesolpossibles-ligero","29":"pa_naturesdesolpossibles-normal-es","30":"pa_naturesdesolpossibles-pesado","31":"pa_periodedefloraison-primavera","32":"pa_periodedetaille-enero","33":"pa_periodedetaille-febrero","34":"pa_phdusolacceptable-acido-menos-de-6_5","35":"pa_phdusolacceptable-calcareo-mas-de-7_5","36":"pa_phdusolacceptable-neutro-entre-6_5-y-7_5","37":"pa_portgraphisme-globoso","38":"pa_resistanceaufroidrusticite-resistente-por-debajo-de-menos-20-c","39":"pa_tailledepot-maceta-de-10-litros","40":"pa_tailledepot-maceta-de-25-litros","41":"pa_tailledepot-maceta-de-3-litros","42":"pa_utilisationpossible-aislado","43":"pa_utilisationpossible-arriate","45":"first","46":"instock","47":"taxable","48":"shipping-taxable","49":"purchasable","50":"product-type-variable","51":"has-default-attributes"},"supplier_id":null,"supplier_sku":"","barcode":null,"atum_controlled":true,"out_stock_date":null,"out_stock_threshold":null,"inheritable":false,"inbound_stock":0,"stock_on_hold":0,"sold_today":0,"sales_last_days":0,"reserved_stock":0,"customer_returns":0,"warehouse_damage":0,"lost_in_post":0,"other_logs":0,"out_stock_days":null,"lost_sales":0,"has_location":false,"update_date":"2026-02-12T15:47:15","atum_locations":[],"atum_stock_status":"instock","restock_status":false,"low_stock_amount":"","sales_update_date":"2025-05-03T13:04:57","calc_backorders":null,"yoast_head":"<!-- This site is optimized with the Yoast SEO Premium plugin v27.4 (Yoast SEO v27.4) - https:\/\/yoast.com\/product\/yoast-seo-premium-wordpress\/ -->\n<title>ACER pseudoplatanus &#039;Leopoldii&#039; (arce sic\u00f3moro)<\/title>\n<meta name=\"description\" content=\"Este arce sic\u00f3moro produce brotes rosados en primavera. Despu\u00e9s, el follaje de ACER pseudoplatanus \u2018Leopoldii\u2019 se vuelve verde y moteado. Este \u00e1rbol es muy decorativo por su follaje.\" \/>\n<meta name=\"robots\" content=\"index, follow, max-snippet:-1, max-image-preview:large, max-video-preview:-1\" \/>\n<link rel=\"canonical\" href=\"https:\/\/www.vallonchene.fr\/es\/producto\/acer-pseudoplatanus-leopoldii-arce-sicomoro\/\" \/>\n<meta property=\"og:locale\" content=\"es_ES\" \/>\n<meta property=\"og:type\" content=\"article\" \/>\n<meta property=\"og:title\" content=\"ACER pseudoplatanus &#039;Leopoldii&#039; (arce sic\u00f3moro)\" \/>\n<meta property=\"og:description\" content=\"Este arce sic\u00f3moro produce brotes rosados en primavera. Despu\u00e9s, el follaje de ACER pseudoplatanus \u2018Leopoldii\u2019 se vuelve verde y moteado. Este \u00e1rbol es muy decorativo por su follaje.\" \/>\n<meta property=\"og:url\" content=\"https:\/\/www.vallonchene.fr\/es\/producto\/acer-pseudoplatanus-leopoldii-arce-sicomoro\/\" \/>\n<meta property=\"og:site_name\" content=\"Vallonch\u00eane\" \/>\n<meta property=\"article:publisher\" content=\"https:\/\/www.facebook.com\/vallonchene.fr\" \/>\n<meta property=\"article:modified_time\" content=\"2026-02-12T15:58:58+00:00\" \/>\n<meta property=\"og:image\" content=\"https:\/\/www.vallonchene.fr\/wp-content\/uploads\/2021\/08\/4114-d0c-Feuille-panachee-dACER-pseudoplatanus-Leopoldii.jpg\" \/>\n\t<meta property=\"og:image:width\" content=\"800\" \/>\n\t<meta property=\"og:image:height\" content=\"800\" \/>\n\t<meta property=\"og:image:type\" content=\"image\/jpeg\" \/>\n<meta name=\"twitter:card\" content=\"summary_large_image\" \/>\n<meta name=\"twitter:label1\" content=\"Disponibilidad\" \/>\n\t<meta name=\"twitter:data1\" content=\"En stock\" \/>\n<script type=\"application\/ld+json\" class=\"yoast-schema-graph\">{\"@context\":\"https:\\\/\\\/schema.org\",\"@graph\":[{\"@type\":\"WebPage\",\"@id\":\"https:\\\/\\\/www.vallonchene.fr\\\/es\\\/producto\\\/acer-pseudoplatanus-leopoldii-arce-sicomoro\\\/\",\"url\":\"https:\\\/\\\/www.vallonchene.fr\\\/es\\\/producto\\\/acer-pseudoplatanus-leopoldii-arce-sicomoro\\\/\",\"name\":\"ACER pseudoplatanus 'Leopoldii' (arce sic\u00f3moro)\",\"isPartOf\":{\"@id\":\"https:\\\/\\\/www.vallonchene.fr\\\/es\\\/#website\"},\"primaryImageOfPage\":{\"@id\":\"https:\\\/\\\/www.vallonchene.fr\\\/es\\\/producto\\\/acer-pseudoplatanus-leopoldii-arce-sicomoro\\\/#primaryimage\"},\"image\":{\"@id\":\"https:\\\/\\\/www.vallonchene.fr\\\/es\\\/producto\\\/acer-pseudoplatanus-leopoldii-arce-sicomoro\\\/#primaryimage\"},\"thumbnailUrl\":\"https:\\\/\\\/www.vallonchene.fr\\\/wp-content\\\/uploads\\\/2021\\\/08\\\/4114-d0c-Feuille-panachee-dACER-pseudoplatanus-Leopoldii.jpg\",\"datePublished\":\"2021-08-31T10:44:00+00:00\",\"dateModified\":\"2026-02-12T15:58:58+00:00\",\"description\":\"Este arce sic\u00f3moro produce brotes rosados en primavera. Despu\u00e9s, el follaje de ACER pseudoplatanus \u2018Leopoldii\u2019 se vuelve verde y moteado. Este \u00e1rbol es muy decorativo por su follaje.\",\"breadcrumb\":{\"@id\":\"https:\\\/\\\/www.vallonchene.fr\\\/es\\\/producto\\\/acer-pseudoplatanus-leopoldii-arce-sicomoro\\\/#breadcrumb\"},\"inLanguage\":\"es\",\"potentialAction\":[{\"@type\":\"ReadAction\",\"target\":[\"https:\\\/\\\/www.vallonchene.fr\\\/es\\\/producto\\\/acer-pseudoplatanus-leopoldii-arce-sicomoro\\\/\"]}]},{\"@type\":\"ImageObject\",\"inLanguage\":\"es\",\"@id\":\"https:\\\/\\\/www.vallonchene.fr\\\/es\\\/producto\\\/acer-pseudoplatanus-leopoldii-arce-sicomoro\\\/#primaryimage\",\"url\":\"https:\\\/\\\/www.vallonchene.fr\\\/wp-content\\\/uploads\\\/2021\\\/08\\\/4114-d0c-Feuille-panachee-dACER-pseudoplatanus-Leopoldii.jpg\",\"contentUrl\":\"https:\\\/\\\/www.vallonchene.fr\\\/wp-content\\\/uploads\\\/2021\\\/08\\\/4114-d0c-Feuille-panachee-dACER-pseudoplatanus-Leopoldii.jpg\",\"width\":800,\"height\":800,\"caption\":\"Hoja variegada de ACER pseudoplatanus 'Leopoldii'\"},{\"@type\":\"BreadcrumbList\",\"@id\":\"https:\\\/\\\/www.vallonchene.fr\\\/es\\\/producto\\\/acer-pseudoplatanus-leopoldii-arce-sicomoro\\\/#breadcrumb\",\"itemListElement\":[{\"@type\":\"ListItem\",\"position\":1,\"name\":\"Home\",\"item\":\"https:\\\/\\\/www.vallonchene.fr\\\/es\\\/\"},{\"@type\":\"ListItem\",\"position\":2,\"name\":\"Tienda\",\"item\":\"https:\\\/\\\/www.vallonchene.fr\\\/tienda\\\/\"},{\"@type\":\"ListItem\",\"position\":3,\"name\":\"Venta en linea\",\"item\":\"https:\\\/\\\/www.vallonchene.fr\\\/es\\\/categoria-producto\\\/venta-en-linea\\\/\"},{\"@type\":\"ListItem\",\"position\":4,\"name\":\"Vivero\",\"item\":\"https:\\\/\\\/www.vallonchene.fr\\\/es\\\/categoria-producto\\\/venta-en-linea\\\/vivero\\\/\"},{\"@type\":\"ListItem\",\"position\":5,\"name\":\"Arbustos y \u00e1rboles\",\"item\":\"https:\\\/\\\/www.vallonchene.fr\\\/es\\\/categoria-producto\\\/venta-en-linea\\\/vivero\\\/arbustos-y-arboles\\\/\"},{\"@type\":\"ListItem\",\"position\":6,\"name\":\"ACER pseudoplatanus &#8216;Leopoldii&#8217; (arce sic\u00f3moro)\"}]},{\"@type\":\"WebSite\",\"@id\":\"https:\\\/\\\/www.vallonchene.fr\\\/es\\\/#website\",\"url\":\"https:\\\/\\\/www.vallonchene.fr\\\/es\\\/\",\"name\":\"Vallonch\u00eane\",\"description\":\"El vivero donde la calidad tiene sus ra\u00edces \u2013 Tel.: +33 (0)2.35.90.02.02\",\"publisher\":{\"@id\":\"https:\\\/\\\/www.vallonchene.fr\\\/es\\\/#organization\"},\"potentialAction\":[{\"@type\":\"SearchAction\",\"target\":{\"@type\":\"EntryPoint\",\"urlTemplate\":\"https:\\\/\\\/www.vallonchene.fr\\\/es\\\/?s={search_term_string}\"},\"query-input\":{\"@type\":\"PropertyValueSpecification\",\"valueRequired\":true,\"valueName\":\"search_term_string\"}}],\"inLanguage\":\"es\"},{\"@type\":\"Organization\",\"@id\":\"https:\\\/\\\/www.vallonchene.fr\\\/es\\\/#organization\",\"name\":\"VALLONCHENE\",\"url\":\"https:\\\/\\\/www.vallonchene.fr\\\/es\\\/\",\"logo\":{\"@type\":\"ImageObject\",\"inLanguage\":\"es\",\"@id\":\"https:\\\/\\\/www.vallonchene.fr\\\/es\\\/#\\\/schema\\\/logo\\\/image\\\/\",\"url\":\"https:\\\/\\\/www.vallonchene.fr\\\/wp-content\\\/uploads\\\/2023\\\/03\\\/Logo-Vallonchene-site-et-R_hauteur_100.png\",\"contentUrl\":\"https:\\\/\\\/www.vallonchene.fr\\\/wp-content\\\/uploads\\\/2023\\\/03\\\/Logo-Vallonchene-site-et-R_hauteur_100.png\",\"width\":221,\"height\":100,\"caption\":\"VALLONCHENE\"},\"image\":{\"@id\":\"https:\\\/\\\/www.vallonchene.fr\\\/es\\\/#\\\/schema\\\/logo\\\/image\\\/\"},\"sameAs\":[\"https:\\\/\\\/www.facebook.com\\\/vallonchene.fr\",\"https:\\\/\\\/www.instagram.com\\\/vallonchene\\\/\",\"https:\\\/\\\/www.pinterest.fr\\\/vallonchene\\\/\"],\"taxID\":\"49454502300017\",\"hasMerchantReturnPolicy\":{\"@type\":\"MerchantReturnPolicy\",\"merchantReturnLink\":\"https:\\\/\\\/www.vallonchene.fr\\\/remboursements_retours\\\/\"}}]}<\/script>\n<meta property=\"og:availability\" content=\"instock\" \/>\n<meta property=\"product:availability\" content=\"instock\" \/>\n<meta property=\"product:retailer_item_id\" content=\"87492\" \/>\n<meta property=\"product:condition\" content=\"new\" \/>\n<!-- \/ Yoast SEO Premium plugin. -->","yoast_head_json":{"title":"ACER pseudoplatanus 'Leopoldii' (arce sic\u00f3moro)","description":"Este arce sic\u00f3moro produce brotes rosados en primavera. Despu\u00e9s, el follaje de ACER pseudoplatanus \u2018Leopoldii\u2019 se vuelve verde y moteado. Este \u00e1rbol es muy decorativo por su follaje.","robots":{"index":"index","follow":"follow","max-snippet":"max-snippet:-1","max-image-preview":"max-image-preview:large","max-video-preview":"max-video-preview:-1"},"canonical":"https:\/\/www.vallonchene.fr\/es\/producto\/acer-pseudoplatanus-leopoldii-arce-sicomoro\/","og_locale":"es_ES","og_type":"article","og_title":"ACER pseudoplatanus 'Leopoldii' (arce sic\u00f3moro)","og_description":"Este arce sic\u00f3moro produce brotes rosados en primavera. Despu\u00e9s, el follaje de ACER pseudoplatanus \u2018Leopoldii\u2019 se vuelve verde y moteado. Este \u00e1rbol es muy decorativo por su follaje.","og_url":"https:\/\/www.vallonchene.fr\/es\/producto\/acer-pseudoplatanus-leopoldii-arce-sicomoro\/","og_site_name":"Vallonch\u00eane","article_publisher":"https:\/\/www.facebook.com\/vallonchene.fr","article_modified_time":"2026-02-12T15:58:58+00:00","og_image":[{"width":800,"height":800,"url":"https:\/\/www.vallonchene.fr\/wp-content\/uploads\/2021\/08\/4114-d0c-Feuille-panachee-dACER-pseudoplatanus-Leopoldii.jpg","type":"image\/jpeg"}],"twitter_card":"summary_large_image","twitter_misc":{"Disponibilidad":"En stock"},"schema":{"@context":"https:\/\/schema.org","@graph":[{"@type":"WebPage","@id":"https:\/\/www.vallonchene.fr\/es\/producto\/acer-pseudoplatanus-leopoldii-arce-sicomoro\/","url":"https:\/\/www.vallonchene.fr\/es\/producto\/acer-pseudoplatanus-leopoldii-arce-sicomoro\/","name":"ACER pseudoplatanus 'Leopoldii' (arce sic\u00f3moro)","isPartOf":{"@id":"https:\/\/www.vallonchene.fr\/es\/#website"},"primaryImageOfPage":{"@id":"https:\/\/www.vallonchene.fr\/es\/producto\/acer-pseudoplatanus-leopoldii-arce-sicomoro\/#primaryimage"},"image":{"@id":"https:\/\/www.vallonchene.fr\/es\/producto\/acer-pseudoplatanus-leopoldii-arce-sicomoro\/#primaryimage"},"thumbnailUrl":"https:\/\/www.vallonchene.fr\/wp-content\/uploads\/2021\/08\/4114-d0c-Feuille-panachee-dACER-pseudoplatanus-Leopoldii.jpg","datePublished":"2021-08-31T10:44:00+00:00","dateModified":"2026-02-12T15:58:58+00:00","description":"Este arce sic\u00f3moro produce brotes rosados en primavera. Despu\u00e9s, el follaje de ACER pseudoplatanus \u2018Leopoldii\u2019 se vuelve verde y moteado. Este \u00e1rbol es muy decorativo por su follaje.","breadcrumb":{"@id":"https:\/\/www.vallonchene.fr\/es\/producto\/acer-pseudoplatanus-leopoldii-arce-sicomoro\/#breadcrumb"},"inLanguage":"es","potentialAction":[{"@type":"ReadAction","target":["https:\/\/www.vallonchene.fr\/es\/producto\/acer-pseudoplatanus-leopoldii-arce-sicomoro\/"]}]},{"@type":"ImageObject","inLanguage":"es","@id":"https:\/\/www.vallonchene.fr\/es\/producto\/acer-pseudoplatanus-leopoldii-arce-sicomoro\/#primaryimage","url":"https:\/\/www.vallonchene.fr\/wp-content\/uploads\/2021\/08\/4114-d0c-Feuille-panachee-dACER-pseudoplatanus-Leopoldii.jpg","contentUrl":"https:\/\/www.vallonchene.fr\/wp-content\/uploads\/2021\/08\/4114-d0c-Feuille-panachee-dACER-pseudoplatanus-Leopoldii.jpg","width":800,"height":800,"caption":"Hoja variegada de ACER pseudoplatanus 'Leopoldii'"},{"@type":"BreadcrumbList","@id":"https:\/\/www.vallonchene.fr\/es\/producto\/acer-pseudoplatanus-leopoldii-arce-sicomoro\/#breadcrumb","itemListElement":[{"@type":"ListItem","position":1,"name":"Home","item":"https:\/\/www.vallonchene.fr\/es\/"},{"@type":"ListItem","position":2,"name":"Tienda","item":"https:\/\/www.vallonchene.fr\/tienda\/"},{"@type":"ListItem","position":3,"name":"Venta en linea","item":"https:\/\/www.vallonchene.fr\/es\/categoria-producto\/venta-en-linea\/"},{"@type":"ListItem","position":4,"name":"Vivero","item":"https:\/\/www.vallonchene.fr\/es\/categoria-producto\/venta-en-linea\/vivero\/"},{"@type":"ListItem","position":5,"name":"Arbustos y \u00e1rboles","item":"https:\/\/www.vallonchene.fr\/es\/categoria-producto\/venta-en-linea\/vivero\/arbustos-y-arboles\/"},{"@type":"ListItem","position":6,"name":"ACER pseudoplatanus &#8216;Leopoldii&#8217; (arce sic\u00f3moro)"}]},{"@type":"WebSite","@id":"https:\/\/www.vallonchene.fr\/es\/#website","url":"https:\/\/www.vallonchene.fr\/es\/","name":"Vallonch\u00eane","description":"El vivero donde la calidad tiene sus ra\u00edces \u2013 Tel.: +33 (0)2.35.90.02.02","publisher":{"@id":"https:\/\/www.vallonchene.fr\/es\/#organization"},"potentialAction":[{"@type":"SearchAction","target":{"@type":"EntryPoint","urlTemplate":"https:\/\/www.vallonchene.fr\/es\/?s={search_term_string}"},"query-input":{"@type":"PropertyValueSpecification","valueRequired":true,"valueName":"search_term_string"}}],"inLanguage":"es"},{"@type":"Organization","@id":"https:\/\/www.vallonchene.fr\/es\/#organization","name":"VALLONCHENE","url":"https:\/\/www.vallonchene.fr\/es\/","logo":{"@type":"ImageObject","inLanguage":"es","@id":"https:\/\/www.vallonchene.fr\/es\/#\/schema\/logo\/image\/","url":"https:\/\/www.vallonchene.fr\/wp-content\/uploads\/2023\/03\/Logo-Vallonchene-site-et-R_hauteur_100.png","contentUrl":"https:\/\/www.vallonchene.fr\/wp-content\/uploads\/2023\/03\/Logo-Vallonchene-site-et-R_hauteur_100.png","width":221,"height":100,"caption":"VALLONCHENE"},"image":{"@id":"https:\/\/www.vallonchene.fr\/es\/#\/schema\/logo\/image\/"},"sameAs":["https:\/\/www.facebook.com\/vallonchene.fr","https:\/\/www.instagram.com\/vallonchene\/","https:\/\/www.pinterest.fr\/vallonchene\/"],"taxID":"49454502300017","hasMerchantReturnPolicy":{"@type":"MerchantReturnPolicy","merchantReturnLink":"https:\/\/www.vallonchene.fr\/remboursements_retours\/"}}]},"og_availability":"instock","product_availability":"instock","product_retailer_item_id":"87492","product_condition":"new"},"_links":{"self":[{"href":"https:\/\/www.vallonchene.fr\/es\/wp-json\/wp\/v2\/product\/56957","targetHints":{"allow":["GET"]}}],"collection":[{"href":"https:\/\/www.vallonchene.fr\/es\/wp-json\/wp\/v2\/product"}],"about":[{"href":"https:\/\/www.vallonchene.fr\/es\/wp-json\/wp\/v2\/types\/product"}],"replies":[{"embeddable":true,"href":"https:\/\/www.vallonchene.fr\/es\/wp-json\/wp\/v2\/comments?post=56957"}],"wp:featuredmedia":[{"embeddable":true,"href":"https:\/\/www.vallonchene.fr\/es\/wp-json\/wp\/v2\/media\/56960"}],"wp:attachment":[{"href":"https:\/\/www.vallonchene.fr\/es\/wp-json\/wp\/v2\/media?parent=56957"}],"wp:term":[{"taxonomy":"product_brand","embeddable":true,"href":"https:\/\/www.vallonchene.fr\/es\/wp-json\/wp\/v2\/product_brand?post=56957"},{"taxonomy":"product_cat","embeddable":true,"href":"https:\/\/www.vallonchene.fr\/es\/wp-json\/wp\/v2\/product_cat?post=56957"},{"taxonomy":"product_tag","embeddable":true,"href":"https:\/\/www.vallonchene.fr\/es\/wp-json\/wp\/v2\/product_tag?post=56957"}],"curies":[{"name":"wp","href":"https:\/\/api.w.org\/{rel}","templated":true}]}}