{"id":56598,"date":"2025-12-21T15:51:29","date_gmt":"2025-12-21T14:51:29","guid":{"rendered":"https:\/\/www.vallonchene.fr\/produit\/juniperus-recurva-var-coxii\/"},"modified":"2026-01-28T11:11:18","modified_gmt":"2026-01-28T10:11:18","slug":"juniperus-recurva-var-coxii","status":"publish","type":"product","link":"https:\/\/www.vallonchene.fr\/es\/producto\/juniperus-recurva-var-coxii\/","title":{"rendered":"JUNIPERUS recurva var. coxii"},"content":{"rendered":"<h2>La Planta<\/h2>\n<p>El <br \/> <em>JUNIPERUS recurva var. coxii <\/em>, tambi\u00e9n llamado enebro de Cox o <em>JUNIPERUS coxii<\/em>, es un juniperus raro y elegante que procede del Himalaya.<\/p>\n<p>Sus ramas colgantes le confieren un porte absolutamente armonioso y flexible. Es una forma mucho m\u00e1s elegante que los juniperus habituales. Adem\u00e1s, el follaje es suave al tacto y ligeramente azulado.  <\/p>\n<p>Como puede ver en nuestras fotos, la corteza de este con\u00edfero muestra aspectos muy interesantes. De hecho, se desprende y revela entonces una superficie lisa y un color cobrizo. <\/p>\n<p>Finalmente, se trata de una planta de crecimiento relativamente lento. Por ello, puede clasificarse entre los \u00e1rboles de tama\u00f1o medio o incluso peque\u00f1o. <\/p>\n<h2>Historia y Origen<\/h2>\n<p>El <br \/> <em>JUNIPERUS recurva var. coxii <\/em>, encuentra su h\u00e1bitat natural en el este del Himalaya y en el sureste del T\u00edbet, extendi\u00e9ndose hasta:<\/p>\n<ul>\n<li>But\u00e1n<\/li>\n<li>Norte de Myanmar<\/li>\n<li>Yunnan<\/li>\n<li>T\u00edbet<\/li>\n<li>Sikkim<\/li>\n<\/ul>\n<p>Crece all\u00ed a gran altitud, en laderas rocosas y escarpadas, a menudo mezclado con otros con\u00edferos.<\/p>\n<p>No obstante, debido a una sobreexplotaci\u00f3n con la tala de ejemplares grandes y antiguos, ahora se lo considera <strong>casi amenazado<\/strong>.<\/p>\n<p>Se le denomina <em>coxii<\/em> en honor a H. F. Cox, un coleccionista activo en el Himalaya durante los siglos XIX y XX.<\/p>\n<p>Por otra parte, con el tiempo, varios dendr\u00f3logos y especialistas en con\u00edferas han observado que <em>coxii<\/em> difiere de <em>JUNIPERUS recurva<\/em> especialmente en los siguientes puntos:<\/p>\n<ul>\n<li>Un follaje m\u00e1s fino y llor\u00f3n<\/li>\n<li>Morfolog\u00eda ligeramente diferente de los conos<\/li>\n<\/ul>\n<p>Por este motivo, cada vez se lo referencia con mayor frecuencia como una especie plenamente reconocida bajo el nombre <em>JUNIPERUS coxii<\/em>.<\/p>\n<p>En las regiones donde es end\u00e9mico, su madera se utiliza para la fabricaci\u00f3n de ata\u00fades, objetos rituales y art\u00edculos de madera arom\u00e1tica.<\/p>\n<h2>Plantaci\u00f3n y Cuidado<br \/><\/h2>\n<h3>La Plantaci\u00f3n<\/h3>\n<p>Para un desarrollo \u00f3ptimo del <em>JUNIPERUS recurva var. coxii <\/em> tengan en cuenta los puntos siguientes:<\/p>\n<ol>\n<li>Busquenle un emplazamiento a pleno sol para obtener un follaje m\u00e1s azulado.<\/li>\n<li>Pueden plantarlo en maceta, tiesto, arriate o como ejemplar aislado. Cuando se encuentre en maceta o tiesto a pleno sol, recuerden asegurar un riego regular durante los periodos secos. <\/li>\n<li>Preferir\u00e1 un lugar de humedad moderada a seco.<\/li>\n<li>La tierra debe ser ligera, con un pH \u00e1cido, neutro o calc\u00e1reo.<\/li>\n<li><a href=\"https:\/\/www.vallonchene.fr\/comment-planter-et-entretenir-des-vegetaux\/comment-planter-et-entretenir-arbres-arbustes-et-coniferes\/\" target=\"_blank\" rel=\"noreferrer noopener\"><strong>Para una buena preparaci\u00f3n del hoyo de plantaci\u00f3n, hemos dise\u00f1ado instrucciones espec\u00edficas disponibles aqu\u00ed<\/strong><\/a>.<\/li>\n<\/ol>\n<h3>El cuidado<br \/><\/h3>\n<p>Este maravilloso con\u00edfero requiere muy pocos cuidados. No obstante, aseguren un riego regular durante los dos primeros a\u00f1os de plantaci\u00f3n en los periodos secos para garantizar un buen establecimiento. <a href=\"https:\/\/www.vallonchene.fr\/comment-bien-arroser-le-jardin-et-economiser-leau\/\"><strong>Lea tambi\u00e9n nuestros consejos sobre c\u00f3mo regar correctamente y ahorrar agua aqu\u00ed. <\/strong><\/a>  <\/p>\n<p>Al envejecer, puede resultar interesante limpiarlo por dentro eliminando las ramas secas. Esto realzar\u00e1 su corteza decorativa y revelar\u00e1 su arquitectura tan particular. <\/p>\n<p>&nbsp;<\/p>\n<p>&nbsp;<\/p>\n<p>&nbsp;<\/p>\n","protected":false},"excerpt":{"rendered":"<p>El <br \/> <strong>JUNIPERUS recurva var. coxii <\/strong>, tambi\u00e9n llamado <strong>enebro de Cox<\/strong>, es una con\u00edfera del Himalaya rara apreciada por su porte elegante y su valor ornamental en los jardines de colecci\u00f3n.<\/p>\n","protected":false},"featured_media":56596,"comment_status":"open","ping_status":"closed","template":"","meta":[],"product_brand":[],"product_cat":[11502,11821],"product_tag":[12893],"class_list":{"0":"post-56598","1":"product","2":"type-product","3":"status-publish","4":"has-post-thumbnail","6":"product_cat-coniferas","7":"product_cat-plantas-raras-plantas-de-coleccion","8":"product_tag-juniperus","9":"pa_99-hauteurapproximativeapres1-2-a-3-m","10":"pa_couleurdelecorce-cobriza","11":"pa_couleurdufeuillage-verde","12":"pa_exigencesenhumidite-promedio","13":"pa_exigencesenhumidite-seco","14":"pa_expositionspossibles-pleno-sol-de-12-a-17-min","15":"pa_hauteurlivree-50-a-60-cm-es","16":"pa_interetauprintemps-corteza","17":"pa_interetauprintemps-follaje","18":"pa_interetauprintemps-habitus","19":"pa_interetenautomne-corteza","20":"pa_interetenautomne-follaje","21":"pa_interetenautomne-habitus","22":"pa_interetenete-corteza","23":"pa_interetenete-follaje","24":"pa_interetenete-habitus","25":"pa_interetenhiver-corteza","26":"pa_interetenhiver-follaje","27":"pa_interetenhiver-habitus","28":"pa_naturedufeuillage-siempreverde","29":"pa_naturesdesolpossibles-ligero","30":"pa_naturesdesolpossibles-normal-es","31":"pa_particularites-adecuado-para-bonsai","32":"pa_periodedetaille-enero","33":"pa_periodedetaille-febrero","34":"pa_phdusolacceptable-acido-menos-de-6_5","35":"pa_phdusolacceptable-calcareo-mas-de-7_5","36":"pa_phdusolacceptable-neutro-entre-6_5-y-7_5","37":"pa_portgraphisme-oval","38":"pa_resistanceaufroidrusticite-resistente-hasta-menos-20-c","39":"pa_tailledepot-maceta-de-2-litros","40":"pa_utilisationpossible-aislado","41":"pa_utilisationpossible-arriate","42":"pa_utilisationpossible-contenedor-o-olla","44":"first","45":"outofstock","46":"taxable","47":"shipping-taxable","48":"purchasable","49":"product-type-variable"},"supplier_id":null,"supplier_sku":"","barcode":null,"atum_controlled":true,"out_stock_date":null,"out_stock_threshold":null,"inheritable":true,"inbound_stock":0,"stock_on_hold":0,"sold_today":0,"sales_last_days":0,"reserved_stock":0,"customer_returns":0,"warehouse_damage":0,"lost_in_post":0,"other_logs":0,"out_stock_days":null,"lost_sales":0,"has_location":false,"update_date":"2026-04-15T12:43:41","atum_locations":[],"atum_stock_status":"instock","restock_status":false,"low_stock_amount":"","sales_update_date":"2026-04-15T12:43:41","calc_backorders":null,"yoast_head":"<!-- This site is optimized with the Yoast SEO Premium plugin v27.4 (Yoast SEO v27.4) - https:\/\/yoast.com\/product\/yoast-seo-premium-wordpress\/ -->\n<title>JUNIPERUS recurva var. coxii (JUNIPERUS coxii) - enebro<\/title>\n<meta name=\"description\" content=\"El JUNIPERUS recurva var. coxii, tambi\u00e9n llamado enebro de Cox, es una con\u00edfera del Himalaya rara apreciada por su porte elegante y su valor ornamental.\" \/>\n<meta name=\"robots\" content=\"index, follow, max-snippet:-1, max-image-preview:large, max-video-preview:-1\" \/>\n<link rel=\"canonical\" href=\"https:\/\/www.vallonchene.fr\/es\/producto\/juniperus-recurva-var-coxii\/\" \/>\n<meta property=\"og:locale\" content=\"es_ES\" \/>\n<meta property=\"og:type\" content=\"article\" \/>\n<meta property=\"og:title\" content=\"JUNIPERUS recurva var. coxii\" \/>\n<meta property=\"og:description\" content=\"El JUNIPERUS recurva var. coxii, tambi\u00e9n llamado enebro de Cox, es una con\u00edfera del Himalaya rara apreciada por su porte elegante y su valor ornamental.\" \/>\n<meta property=\"og:url\" content=\"https:\/\/www.vallonchene.fr\/es\/producto\/juniperus-recurva-var-coxii\/\" \/>\n<meta property=\"og:site_name\" content=\"Vallonch\u00eane\" \/>\n<meta property=\"article:publisher\" content=\"https:\/\/www.facebook.com\/vallonchene.fr\" \/>\n<meta property=\"article:modified_time\" content=\"2026-01-28T10:11:18+00:00\" \/>\n<meta property=\"og:image\" content=\"https:\/\/www.vallonchene.fr\/wp-content\/uploads\/2025\/12\/IMG_20251007_114816.webp\" \/>\n\t<meta property=\"og:image:width\" content=\"1024\" \/>\n\t<meta property=\"og:image:height\" content=\"1024\" \/>\n\t<meta property=\"og:image:type\" content=\"image\/webp\" \/>\n<meta name=\"twitter:card\" content=\"summary_large_image\" \/>\n<meta name=\"twitter:label1\" content=\"Disponibilidad\" \/>\n\t<meta name=\"twitter:data1\" content=\"Agotado\" \/>\n<script type=\"application\/ld+json\" class=\"yoast-schema-graph\">{\"@context\":\"https:\\\/\\\/schema.org\",\"@graph\":[{\"@type\":\"WebPage\",\"@id\":\"https:\\\/\\\/www.vallonchene.fr\\\/es\\\/producto\\\/juniperus-recurva-var-coxii\\\/\",\"url\":\"https:\\\/\\\/www.vallonchene.fr\\\/es\\\/producto\\\/juniperus-recurva-var-coxii\\\/\",\"name\":\"JUNIPERUS recurva var. coxii (JUNIPERUS coxii) - enebro\",\"isPartOf\":{\"@id\":\"https:\\\/\\\/www.vallonchene.fr\\\/es\\\/#website\"},\"primaryImageOfPage\":{\"@id\":\"https:\\\/\\\/www.vallonchene.fr\\\/es\\\/producto\\\/juniperus-recurva-var-coxii\\\/#primaryimage\"},\"image\":{\"@id\":\"https:\\\/\\\/www.vallonchene.fr\\\/es\\\/producto\\\/juniperus-recurva-var-coxii\\\/#primaryimage\"},\"thumbnailUrl\":\"https:\\\/\\\/www.vallonchene.fr\\\/wp-content\\\/uploads\\\/2025\\\/12\\\/IMG_20251007_114816.webp\",\"datePublished\":\"2025-12-21T14:51:29+00:00\",\"dateModified\":\"2026-01-28T10:11:18+00:00\",\"description\":\"El JUNIPERUS recurva var. coxii, tambi\u00e9n llamado enebro de Cox, es una con\u00edfera del Himalaya rara apreciada por su porte elegante y su valor ornamental.\",\"breadcrumb\":{\"@id\":\"https:\\\/\\\/www.vallonchene.fr\\\/es\\\/producto\\\/juniperus-recurva-var-coxii\\\/#breadcrumb\"},\"inLanguage\":\"es\",\"potentialAction\":[{\"@type\":\"ReadAction\",\"target\":[\"https:\\\/\\\/www.vallonchene.fr\\\/es\\\/producto\\\/juniperus-recurva-var-coxii\\\/\"]}]},{\"@type\":\"ImageObject\",\"inLanguage\":\"es\",\"@id\":\"https:\\\/\\\/www.vallonchene.fr\\\/es\\\/producto\\\/juniperus-recurva-var-coxii\\\/#primaryimage\",\"url\":\"https:\\\/\\\/www.vallonchene.fr\\\/wp-content\\\/uploads\\\/2025\\\/12\\\/IMG_20251007_114816.webp\",\"contentUrl\":\"https:\\\/\\\/www.vallonchene.fr\\\/wp-content\\\/uploads\\\/2025\\\/12\\\/IMG_20251007_114816.webp\",\"width\":1024,\"height\":1024,\"caption\":\"Un JUNIPERUS recurva coxii muy viejo en Sheffield Park, Reino Unido\"},{\"@type\":\"BreadcrumbList\",\"@id\":\"https:\\\/\\\/www.vallonchene.fr\\\/es\\\/producto\\\/juniperus-recurva-var-coxii\\\/#breadcrumb\",\"itemListElement\":[{\"@type\":\"ListItem\",\"position\":1,\"name\":\"Home\",\"item\":\"https:\\\/\\\/www.vallonchene.fr\\\/es\\\/\"},{\"@type\":\"ListItem\",\"position\":2,\"name\":\"Tienda\",\"item\":\"https:\\\/\\\/www.vallonchene.fr\\\/tienda\\\/\"},{\"@type\":\"ListItem\",\"position\":3,\"name\":\"Venta en linea\",\"item\":\"https:\\\/\\\/www.vallonchene.fr\\\/es\\\/categoria-producto\\\/venta-en-linea\\\/\"},{\"@type\":\"ListItem\",\"position\":4,\"name\":\"Vivero\",\"item\":\"https:\\\/\\\/www.vallonchene.fr\\\/es\\\/categoria-producto\\\/venta-en-linea\\\/vivero\\\/\"},{\"@type\":\"ListItem\",\"position\":5,\"name\":\"Coniferas\",\"item\":\"https:\\\/\\\/www.vallonchene.fr\\\/es\\\/categoria-producto\\\/venta-en-linea\\\/vivero\\\/coniferas\\\/\"},{\"@type\":\"ListItem\",\"position\":6,\"name\":\"JUNIPERUS recurva var. coxii\"}]},{\"@type\":\"WebSite\",\"@id\":\"https:\\\/\\\/www.vallonchene.fr\\\/es\\\/#website\",\"url\":\"https:\\\/\\\/www.vallonchene.fr\\\/es\\\/\",\"name\":\"Vallonch\u00eane\",\"description\":\"El vivero donde la calidad tiene sus ra\u00edces \u2013 Tel.: +33 (0)2.35.90.02.02\",\"publisher\":{\"@id\":\"https:\\\/\\\/www.vallonchene.fr\\\/es\\\/#organization\"},\"potentialAction\":[{\"@type\":\"SearchAction\",\"target\":{\"@type\":\"EntryPoint\",\"urlTemplate\":\"https:\\\/\\\/www.vallonchene.fr\\\/es\\\/?s={search_term_string}\"},\"query-input\":{\"@type\":\"PropertyValueSpecification\",\"valueRequired\":true,\"valueName\":\"search_term_string\"}}],\"inLanguage\":\"es\"},{\"@type\":\"Organization\",\"@id\":\"https:\\\/\\\/www.vallonchene.fr\\\/es\\\/#organization\",\"name\":\"VALLONCHENE\",\"url\":\"https:\\\/\\\/www.vallonchene.fr\\\/es\\\/\",\"logo\":{\"@type\":\"ImageObject\",\"inLanguage\":\"es\",\"@id\":\"https:\\\/\\\/www.vallonchene.fr\\\/es\\\/#\\\/schema\\\/logo\\\/image\\\/\",\"url\":\"https:\\\/\\\/www.vallonchene.fr\\\/wp-content\\\/uploads\\\/2023\\\/03\\\/Logo-Vallonchene-site-et-R_hauteur_100.png\",\"contentUrl\":\"https:\\\/\\\/www.vallonchene.fr\\\/wp-content\\\/uploads\\\/2023\\\/03\\\/Logo-Vallonchene-site-et-R_hauteur_100.png\",\"width\":221,\"height\":100,\"caption\":\"VALLONCHENE\"},\"image\":{\"@id\":\"https:\\\/\\\/www.vallonchene.fr\\\/es\\\/#\\\/schema\\\/logo\\\/image\\\/\"},\"sameAs\":[\"https:\\\/\\\/www.facebook.com\\\/vallonchene.fr\",\"https:\\\/\\\/www.instagram.com\\\/vallonchene\\\/\",\"https:\\\/\\\/www.pinterest.fr\\\/vallonchene\\\/\"],\"taxID\":\"49454502300017\",\"hasMerchantReturnPolicy\":{\"@type\":\"MerchantReturnPolicy\",\"merchantReturnLink\":\"https:\\\/\\\/www.vallonchene.fr\\\/remboursements_retours\\\/\"}}]}<\/script>\n<meta property=\"og:availability\" content=\"out of stock\" \/>\n<meta property=\"product:availability\" content=\"out of stock\" \/>\n<meta property=\"product:condition\" content=\"new\" \/>\n<!-- \/ Yoast SEO Premium plugin. -->","yoast_head_json":{"title":"JUNIPERUS recurva var. coxii (JUNIPERUS coxii) - enebro","description":"El JUNIPERUS recurva var. coxii, tambi\u00e9n llamado enebro de Cox, es una con\u00edfera del Himalaya rara apreciada por su porte elegante y su valor ornamental.","robots":{"index":"index","follow":"follow","max-snippet":"max-snippet:-1","max-image-preview":"max-image-preview:large","max-video-preview":"max-video-preview:-1"},"canonical":"https:\/\/www.vallonchene.fr\/es\/producto\/juniperus-recurva-var-coxii\/","og_locale":"es_ES","og_type":"article","og_title":"JUNIPERUS recurva var. coxii","og_description":"El JUNIPERUS recurva var. coxii, tambi\u00e9n llamado enebro de Cox, es una con\u00edfera del Himalaya rara apreciada por su porte elegante y su valor ornamental.","og_url":"https:\/\/www.vallonchene.fr\/es\/producto\/juniperus-recurva-var-coxii\/","og_site_name":"Vallonch\u00eane","article_publisher":"https:\/\/www.facebook.com\/vallonchene.fr","article_modified_time":"2026-01-28T10:11:18+00:00","og_image":[{"width":1024,"height":1024,"url":"https:\/\/www.vallonchene.fr\/wp-content\/uploads\/2025\/12\/IMG_20251007_114816.webp","type":"image\/webp"}],"twitter_card":"summary_large_image","twitter_misc":{"Disponibilidad":"Agotado"},"schema":{"@context":"https:\/\/schema.org","@graph":[{"@type":"WebPage","@id":"https:\/\/www.vallonchene.fr\/es\/producto\/juniperus-recurva-var-coxii\/","url":"https:\/\/www.vallonchene.fr\/es\/producto\/juniperus-recurva-var-coxii\/","name":"JUNIPERUS recurva var. coxii (JUNIPERUS coxii) - enebro","isPartOf":{"@id":"https:\/\/www.vallonchene.fr\/es\/#website"},"primaryImageOfPage":{"@id":"https:\/\/www.vallonchene.fr\/es\/producto\/juniperus-recurva-var-coxii\/#primaryimage"},"image":{"@id":"https:\/\/www.vallonchene.fr\/es\/producto\/juniperus-recurva-var-coxii\/#primaryimage"},"thumbnailUrl":"https:\/\/www.vallonchene.fr\/wp-content\/uploads\/2025\/12\/IMG_20251007_114816.webp","datePublished":"2025-12-21T14:51:29+00:00","dateModified":"2026-01-28T10:11:18+00:00","description":"El JUNIPERUS recurva var. coxii, tambi\u00e9n llamado enebro de Cox, es una con\u00edfera del Himalaya rara apreciada por su porte elegante y su valor ornamental.","breadcrumb":{"@id":"https:\/\/www.vallonchene.fr\/es\/producto\/juniperus-recurva-var-coxii\/#breadcrumb"},"inLanguage":"es","potentialAction":[{"@type":"ReadAction","target":["https:\/\/www.vallonchene.fr\/es\/producto\/juniperus-recurva-var-coxii\/"]}]},{"@type":"ImageObject","inLanguage":"es","@id":"https:\/\/www.vallonchene.fr\/es\/producto\/juniperus-recurva-var-coxii\/#primaryimage","url":"https:\/\/www.vallonchene.fr\/wp-content\/uploads\/2025\/12\/IMG_20251007_114816.webp","contentUrl":"https:\/\/www.vallonchene.fr\/wp-content\/uploads\/2025\/12\/IMG_20251007_114816.webp","width":1024,"height":1024,"caption":"Un JUNIPERUS recurva coxii muy viejo en Sheffield Park, Reino Unido"},{"@type":"BreadcrumbList","@id":"https:\/\/www.vallonchene.fr\/es\/producto\/juniperus-recurva-var-coxii\/#breadcrumb","itemListElement":[{"@type":"ListItem","position":1,"name":"Home","item":"https:\/\/www.vallonchene.fr\/es\/"},{"@type":"ListItem","position":2,"name":"Tienda","item":"https:\/\/www.vallonchene.fr\/tienda\/"},{"@type":"ListItem","position":3,"name":"Venta en linea","item":"https:\/\/www.vallonchene.fr\/es\/categoria-producto\/venta-en-linea\/"},{"@type":"ListItem","position":4,"name":"Vivero","item":"https:\/\/www.vallonchene.fr\/es\/categoria-producto\/venta-en-linea\/vivero\/"},{"@type":"ListItem","position":5,"name":"Coniferas","item":"https:\/\/www.vallonchene.fr\/es\/categoria-producto\/venta-en-linea\/vivero\/coniferas\/"},{"@type":"ListItem","position":6,"name":"JUNIPERUS recurva var. coxii"}]},{"@type":"WebSite","@id":"https:\/\/www.vallonchene.fr\/es\/#website","url":"https:\/\/www.vallonchene.fr\/es\/","name":"Vallonch\u00eane","description":"El vivero donde la calidad tiene sus ra\u00edces \u2013 Tel.: +33 (0)2.35.90.02.02","publisher":{"@id":"https:\/\/www.vallonchene.fr\/es\/#organization"},"potentialAction":[{"@type":"SearchAction","target":{"@type":"EntryPoint","urlTemplate":"https:\/\/www.vallonchene.fr\/es\/?s={search_term_string}"},"query-input":{"@type":"PropertyValueSpecification","valueRequired":true,"valueName":"search_term_string"}}],"inLanguage":"es"},{"@type":"Organization","@id":"https:\/\/www.vallonchene.fr\/es\/#organization","name":"VALLONCHENE","url":"https:\/\/www.vallonchene.fr\/es\/","logo":{"@type":"ImageObject","inLanguage":"es","@id":"https:\/\/www.vallonchene.fr\/es\/#\/schema\/logo\/image\/","url":"https:\/\/www.vallonchene.fr\/wp-content\/uploads\/2023\/03\/Logo-Vallonchene-site-et-R_hauteur_100.png","contentUrl":"https:\/\/www.vallonchene.fr\/wp-content\/uploads\/2023\/03\/Logo-Vallonchene-site-et-R_hauteur_100.png","width":221,"height":100,"caption":"VALLONCHENE"},"image":{"@id":"https:\/\/www.vallonchene.fr\/es\/#\/schema\/logo\/image\/"},"sameAs":["https:\/\/www.facebook.com\/vallonchene.fr","https:\/\/www.instagram.com\/vallonchene\/","https:\/\/www.pinterest.fr\/vallonchene\/"],"taxID":"49454502300017","hasMerchantReturnPolicy":{"@type":"MerchantReturnPolicy","merchantReturnLink":"https:\/\/www.vallonchene.fr\/remboursements_retours\/"}}]},"og_availability":"out of stock","product_availability":"out of stock","product_condition":"new"},"_links":{"self":[{"href":"https:\/\/www.vallonchene.fr\/es\/wp-json\/wp\/v2\/product\/56598","targetHints":{"allow":["GET"]}}],"collection":[{"href":"https:\/\/www.vallonchene.fr\/es\/wp-json\/wp\/v2\/product"}],"about":[{"href":"https:\/\/www.vallonchene.fr\/es\/wp-json\/wp\/v2\/types\/product"}],"replies":[{"embeddable":true,"href":"https:\/\/www.vallonchene.fr\/es\/wp-json\/wp\/v2\/comments?post=56598"}],"wp:featuredmedia":[{"embeddable":true,"href":"https:\/\/www.vallonchene.fr\/es\/wp-json\/wp\/v2\/media\/56596"}],"wp:attachment":[{"href":"https:\/\/www.vallonchene.fr\/es\/wp-json\/wp\/v2\/media?parent=56598"}],"wp:term":[{"taxonomy":"product_brand","embeddable":true,"href":"https:\/\/www.vallonchene.fr\/es\/wp-json\/wp\/v2\/product_brand?post=56598"},{"taxonomy":"product_cat","embeddable":true,"href":"https:\/\/www.vallonchene.fr\/es\/wp-json\/wp\/v2\/product_cat?post=56598"},{"taxonomy":"product_tag","embeddable":true,"href":"https:\/\/www.vallonchene.fr\/es\/wp-json\/wp\/v2\/product_tag?post=56598"}],"curies":[{"name":"wp","href":"https:\/\/api.w.org\/{rel}","templated":true}]}}