{"id":56563,"date":"2025-12-19T15:27:40","date_gmt":"2025-12-19T14:27:40","guid":{"rendered":"https:\/\/www.vallonchene.fr\/produit\/magnolia-officinalis\/"},"modified":"2026-02-18T14:47:08","modified_gmt":"2026-02-18T13:47:08","slug":"magnolia-officinalis","status":"publish","type":"product","link":"https:\/\/www.vallonchene.fr\/es\/producto\/magnolia-officinalis\/","title":{"rendered":"MAGNOLIA officinalis"},"content":{"rendered":"<h2>La Planta<\/h2>\n<p>La MAGNOLIA officinalis, com\u00fanmente llamada magnolia medicinal, es un \u00e1rbol caducifolio. Desarrolla hojas enormes que pueden alcanzar los 50 cm de largo.<\/p>\n<p>Adem\u00e1s, su follaje espectacular no resta inter\u00e9s a sus flores. Como todas las magnolias, se cubre de grandes flores blancas y perfumadas. La floraci\u00f3n tiene lugar a finales de primavera, principios de verano. Esto lo hace menos expuesto a las heladas tard\u00edas que otras magnolias caducifolios.<\/p>\n<p>Para coronar el conjunto, la corteza de esta planta fuera de lo com\u00fan es notable. De hecho, se descama (ver foto) y le confiere un inter\u00e9s singular en invierno.<\/p>\n<p>Sin embargo, esta magnolia extraordinaria se clasifica entre las especies en peligro de extinci\u00f3n. Esto est\u00e1 relacionado con la disminuci\u00f3n de su h\u00e1bitat y la explotaci\u00f3n para uso medicinal.<\/p>\n<p>Para ver todas nuestras magnolias actualmente disponibles para la venta, <strong><a href=\"https:\/\/www.vallonchene.fr\/?s=magnolia&amp;post_type=product&amp;lang=fr&amp;filter_stock_status=instock\">haga clic aqu\u00ed<\/a><\/strong>.<\/p>\n<h2>Historia y Origen<\/h2>\n<p>La MAGNOLIA officinalis es end\u00e9mica de las monta\u00f1as chinas. All\u00ed crece a altitudes de 300 a 1500 m.<\/p>\n<p>Adem\u00e1s, esta especie representa uno de los pilares de la medicina tradicional china, donde su corteza se llama Houpu. Es qu\u00edmicamente rico en:<\/p>\n<ul>\n<li>Magnolol (hasta 16 %)<\/li>\n<li>Honokiol (hasta 9 %)<\/li>\n<li>Magnocurarina<\/li>\n<li>diversos aceites esenciales<\/li>\n<\/ul>\n<p>Estas sustancias son ampliamente estudiadas por sus propiedades ansiol\u00edticas, antiinflamatorias, antimicrobianas y neuroprotectoras.<\/p>\n<p>Finalmente, podemos decir que se trata de una especie que une bot\u00e1nica, cultura e investigaciones medicinales.<\/p>\n<h2>\u00bfC\u00f3mo plantar y cuidar la MAGNOLIA officinalis?<\/h2>\n<h3>La Plantaci\u00f3n<\/h3>\n<p>Para permitir que este magn\u00edfico \u00e1rbol se asiente bien en su jard\u00edn, considere los siguientes puntos:<\/p>\n<ol>\n<li>Encuentre un lugar a pleno sol. Esto es particularmente importante para favorecer su floraci\u00f3n.<\/li>\n<li>Este \u00e1rbol, dada su tama\u00f1o, se planta mejor de forma aislada o en la orilla de un bosque.<\/li>\n<li>Prefiera un lugar drenado que sea medianamente h\u00famedo a seco.<\/li>\n<li>La tierra debe ser ligera o normal con un pH \u00e1cido o neutro.<\/li>\n<li>Para una buena preparaci\u00f3n del hoyo de plantaci\u00f3n, hemos dise\u00f1ado <a href=\"https:\/\/www.vallonchene.fr\/comment-planter-et-entretenir-des-vegetaux\/comment-planter-et-entretenir-arbres-arbustes-et-coniferes\/\" target=\"_blank\" rel=\"noreferrer noopener\"><strong>instrucciones espec\u00edficas disponibles aqu\u00ed<\/strong><\/a>.<\/li>\n<\/ol>\n<h3>El Cuidado<\/h3>\n<p>Como con todos los vegetales reci\u00e9n plantados, asegure un riego regular durante los dos primeros a\u00f1os y particularmente durante los per\u00edodos secos. Lea tambi\u00e9n <a href=\"https:\/\/www.vallonchene.fr\/comment-bien-arroser-le-jardin-et-economiser-leau\/\"><strong>nuestros consejos sobre c\u00f3mo regar bien y ahorrar agua aqu\u00ed<\/strong><\/a>.<\/p>\n<p>Pode esta magnolia despu\u00e9s de su floraci\u00f3n, aplicando un b\u00e1lsamo cicatrizante para acelerar la cicatrizaci\u00f3n. Proceda solo a la aplicaci\u00f3n cuando las heridas de poda est\u00e9n bien secas.<\/p>\n","protected":false},"excerpt":{"rendered":"<p><strong>MAGNOLIA officinalis<\/strong>, o <strong>magnolia medicinal<\/strong>, es una especie asi\u00e1tica reconocida por su corteza y sus hojas que pueden alcanzar los 50 cm de largo. Desarrolla grandes flores blancas en junio.<\/p>\n","protected":false},"featured_media":56561,"comment_status":"open","ping_status":"closed","template":"","meta":[],"product_brand":[],"product_cat":[11499,11821],"product_tag":[12267],"class_list":{"0":"post-56563","1":"product","2":"type-product","3":"status-publish","4":"has-post-thumbnail","6":"product_cat-arbustos-y-arboles","7":"product_cat-plantas-raras-plantas-de-coleccion","8":"product_tag-magnolia-es","9":"pa_99-hauteurapproximativeapres1-3-a-5-m","10":"pa_couleurautomnaledufeuillage-amarillo","11":"pa_couleurdesfleurs-blanca","12":"pa_exigencesenhumidite-promedio","13":"pa_exigencesenhumidite-seco","14":"pa_expositionspossibles-pleno-sol-de-12-a-17-min","15":"pa_hauteurlivree-80-a-100-cm-es","16":"pa_interetauprintemps-flores","17":"pa_interetauprintemps-follaje","18":"pa_interetenautomne-follaje","19":"pa_interetenete-flores","20":"pa_interetenete-follaje","21":"pa_interetenhiver-corteza","22":"pa_naturedufeuillage-caduco","23":"pa_naturesdesolpossibles-ligero","24":"pa_naturesdesolpossibles-normal-es","25":"pa_particularites-corteza-notable","26":"pa_periodedefloraison-primavera","27":"pa_periodedefloraison-verano","28":"pa_phdusolacceptable-acido-menos-de-6_5","29":"pa_phdusolacceptable-neutro-entre-6_5-y-7_5","30":"pa_portgraphisme-globoso","31":"pa_resistanceaufroidrusticite-resistente-hasta-menos-20-c","32":"pa_tailledepot-maceta-de-2-litros","33":"pa_utilisationpossible-aislado","34":"pa_utilisationpossible-arriate","36":"first","37":"instock","38":"taxable","39":"shipping-taxable","40":"purchasable","41":"product-type-variable"},"supplier_id":null,"supplier_sku":"","barcode":null,"atum_controlled":true,"out_stock_date":null,"out_stock_threshold":null,"inheritable":true,"inbound_stock":0,"stock_on_hold":0,"sold_today":0,"sales_last_days":0,"reserved_stock":0,"customer_returns":0,"warehouse_damage":0,"lost_in_post":0,"other_logs":0,"out_stock_days":null,"lost_sales":0,"has_location":false,"update_date":"2026-04-24T14:39:02","atum_locations":[],"atum_stock_status":"instock","restock_status":false,"low_stock_amount":"","sales_update_date":"2026-04-24T14:39:02","calc_backorders":null,"yoast_head":"<!-- This site is optimized with the Yoast SEO Premium plugin v27.4 (Yoast SEO v27.4) - https:\/\/yoast.com\/product\/yoast-seo-premium-wordpress\/ -->\n<title>MAGNOLIA officinalis - magnolia medicinal<\/title>\n<meta name=\"description\" content=\"MAGNOLIA officinalis, o magnolia medicinal, es una especie asi\u00e1tica reconocida por su corteza y sus hojas que pueden alcanzar los 50 cm de largo.\" \/>\n<meta name=\"robots\" content=\"index, follow, max-snippet:-1, max-image-preview:large, max-video-preview:-1\" \/>\n<link rel=\"canonical\" href=\"https:\/\/www.vallonchene.fr\/es\/producto\/magnolia-officinalis\/\" \/>\n<meta property=\"og:locale\" content=\"es_ES\" \/>\n<meta property=\"og:type\" content=\"article\" \/>\n<meta property=\"og:title\" content=\"MAGNOLIA officinalis\" \/>\n<meta property=\"og:description\" content=\"MAGNOLIA officinalis, o magnolia medicinal, es una especie asi\u00e1tica reconocida por su corteza y sus hojas que pueden alcanzar los 50 cm de largo.\" \/>\n<meta property=\"og:url\" content=\"https:\/\/www.vallonchene.fr\/es\/producto\/magnolia-officinalis\/\" \/>\n<meta property=\"og:site_name\" content=\"Vallonch\u00eane\" \/>\n<meta property=\"article:publisher\" content=\"https:\/\/www.facebook.com\/vallonchene.fr\" \/>\n<meta property=\"article:modified_time\" content=\"2026-02-18T13:47:08+00:00\" \/>\n<meta property=\"og:image\" content=\"https:\/\/www.vallonchene.fr\/wp-content\/uploads\/2025\/12\/IMG_20251006_114134.webp\" \/>\n\t<meta property=\"og:image:width\" content=\"1024\" \/>\n\t<meta property=\"og:image:height\" content=\"1024\" \/>\n\t<meta property=\"og:image:type\" content=\"image\/webp\" \/>\n<meta name=\"twitter:card\" content=\"summary_large_image\" \/>\n<meta name=\"twitter:label1\" content=\"Disponibilidad\" \/>\n\t<meta name=\"twitter:data1\" content=\"En stock\" \/>\n<script type=\"application\/ld+json\" class=\"yoast-schema-graph\">{\"@context\":\"https:\\\/\\\/schema.org\",\"@graph\":[{\"@type\":\"WebPage\",\"@id\":\"https:\\\/\\\/www.vallonchene.fr\\\/es\\\/producto\\\/magnolia-officinalis\\\/\",\"url\":\"https:\\\/\\\/www.vallonchene.fr\\\/es\\\/producto\\\/magnolia-officinalis\\\/\",\"name\":\"MAGNOLIA officinalis - magnolia medicinal\",\"isPartOf\":{\"@id\":\"https:\\\/\\\/www.vallonchene.fr\\\/es\\\/#website\"},\"primaryImageOfPage\":{\"@id\":\"https:\\\/\\\/www.vallonchene.fr\\\/es\\\/producto\\\/magnolia-officinalis\\\/#primaryimage\"},\"image\":{\"@id\":\"https:\\\/\\\/www.vallonchene.fr\\\/es\\\/producto\\\/magnolia-officinalis\\\/#primaryimage\"},\"thumbnailUrl\":\"https:\\\/\\\/www.vallonchene.fr\\\/wp-content\\\/uploads\\\/2025\\\/12\\\/IMG_20251006_114134.webp\",\"datePublished\":\"2025-12-19T14:27:40+00:00\",\"dateModified\":\"2026-02-18T13:47:08+00:00\",\"description\":\"MAGNOLIA officinalis, o magnolia medicinal, es una especie asi\u00e1tica reconocida por su corteza y sus hojas que pueden alcanzar los 50 cm de largo.\",\"breadcrumb\":{\"@id\":\"https:\\\/\\\/www.vallonchene.fr\\\/es\\\/producto\\\/magnolia-officinalis\\\/#breadcrumb\"},\"inLanguage\":\"es\",\"potentialAction\":[{\"@type\":\"ReadAction\",\"target\":[\"https:\\\/\\\/www.vallonchene.fr\\\/es\\\/producto\\\/magnolia-officinalis\\\/\"]}]},{\"@type\":\"ImageObject\",\"inLanguage\":\"es\",\"@id\":\"https:\\\/\\\/www.vallonchene.fr\\\/es\\\/producto\\\/magnolia-officinalis\\\/#primaryimage\",\"url\":\"https:\\\/\\\/www.vallonchene.fr\\\/wp-content\\\/uploads\\\/2025\\\/12\\\/IMG_20251006_114134.webp\",\"contentUrl\":\"https:\\\/\\\/www.vallonchene.fr\\\/wp-content\\\/uploads\\\/2025\\\/12\\\/IMG_20251006_114134.webp\",\"width\":1024,\"height\":1024,\"caption\":\"Follaje del MAGNOLIA officinalis comenzando su coloraci\u00f3n oto\u00f1al en el Begdebury National Pinetum.\"},{\"@type\":\"BreadcrumbList\",\"@id\":\"https:\\\/\\\/www.vallonchene.fr\\\/es\\\/producto\\\/magnolia-officinalis\\\/#breadcrumb\",\"itemListElement\":[{\"@type\":\"ListItem\",\"position\":1,\"name\":\"Home\",\"item\":\"https:\\\/\\\/www.vallonchene.fr\\\/es\\\/\"},{\"@type\":\"ListItem\",\"position\":2,\"name\":\"Tienda\",\"item\":\"https:\\\/\\\/www.vallonchene.fr\\\/tienda\\\/\"},{\"@type\":\"ListItem\",\"position\":3,\"name\":\"Venta en linea\",\"item\":\"https:\\\/\\\/www.vallonchene.fr\\\/es\\\/categoria-producto\\\/venta-en-linea\\\/\"},{\"@type\":\"ListItem\",\"position\":4,\"name\":\"Vivero\",\"item\":\"https:\\\/\\\/www.vallonchene.fr\\\/es\\\/categoria-producto\\\/venta-en-linea\\\/vivero\\\/\"},{\"@type\":\"ListItem\",\"position\":5,\"name\":\"Arbustos y \u00e1rboles\",\"item\":\"https:\\\/\\\/www.vallonchene.fr\\\/es\\\/categoria-producto\\\/venta-en-linea\\\/vivero\\\/arbustos-y-arboles\\\/\"},{\"@type\":\"ListItem\",\"position\":6,\"name\":\"MAGNOLIA officinalis\"}]},{\"@type\":\"WebSite\",\"@id\":\"https:\\\/\\\/www.vallonchene.fr\\\/es\\\/#website\",\"url\":\"https:\\\/\\\/www.vallonchene.fr\\\/es\\\/\",\"name\":\"Vallonch\u00eane\",\"description\":\"El vivero donde la calidad tiene sus ra\u00edces \u2013 Tel.: +33 (0)2.35.90.02.02\",\"publisher\":{\"@id\":\"https:\\\/\\\/www.vallonchene.fr\\\/es\\\/#organization\"},\"potentialAction\":[{\"@type\":\"SearchAction\",\"target\":{\"@type\":\"EntryPoint\",\"urlTemplate\":\"https:\\\/\\\/www.vallonchene.fr\\\/es\\\/?s={search_term_string}\"},\"query-input\":{\"@type\":\"PropertyValueSpecification\",\"valueRequired\":true,\"valueName\":\"search_term_string\"}}],\"inLanguage\":\"es\"},{\"@type\":\"Organization\",\"@id\":\"https:\\\/\\\/www.vallonchene.fr\\\/es\\\/#organization\",\"name\":\"VALLONCHENE\",\"url\":\"https:\\\/\\\/www.vallonchene.fr\\\/es\\\/\",\"logo\":{\"@type\":\"ImageObject\",\"inLanguage\":\"es\",\"@id\":\"https:\\\/\\\/www.vallonchene.fr\\\/es\\\/#\\\/schema\\\/logo\\\/image\\\/\",\"url\":\"https:\\\/\\\/www.vallonchene.fr\\\/wp-content\\\/uploads\\\/2023\\\/03\\\/Logo-Vallonchene-site-et-R_hauteur_100.png\",\"contentUrl\":\"https:\\\/\\\/www.vallonchene.fr\\\/wp-content\\\/uploads\\\/2023\\\/03\\\/Logo-Vallonchene-site-et-R_hauteur_100.png\",\"width\":221,\"height\":100,\"caption\":\"VALLONCHENE\"},\"image\":{\"@id\":\"https:\\\/\\\/www.vallonchene.fr\\\/es\\\/#\\\/schema\\\/logo\\\/image\\\/\"},\"sameAs\":[\"https:\\\/\\\/www.facebook.com\\\/vallonchene.fr\",\"https:\\\/\\\/www.instagram.com\\\/vallonchene\\\/\",\"https:\\\/\\\/www.pinterest.fr\\\/vallonchene\\\/\"],\"taxID\":\"49454502300017\",\"hasMerchantReturnPolicy\":{\"@type\":\"MerchantReturnPolicy\",\"merchantReturnLink\":\"https:\\\/\\\/www.vallonchene.fr\\\/remboursements_retours\\\/\"}}]}<\/script>\n<meta property=\"og:availability\" content=\"instock\" \/>\n<meta property=\"product:availability\" content=\"instock\" \/>\n<meta property=\"product:condition\" content=\"new\" \/>\n<!-- \/ Yoast SEO Premium plugin. -->","yoast_head_json":{"title":"MAGNOLIA officinalis - magnolia medicinal","description":"MAGNOLIA officinalis, o magnolia medicinal, es una especie asi\u00e1tica reconocida por su corteza y sus hojas que pueden alcanzar los 50 cm de largo.","robots":{"index":"index","follow":"follow","max-snippet":"max-snippet:-1","max-image-preview":"max-image-preview:large","max-video-preview":"max-video-preview:-1"},"canonical":"https:\/\/www.vallonchene.fr\/es\/producto\/magnolia-officinalis\/","og_locale":"es_ES","og_type":"article","og_title":"MAGNOLIA officinalis","og_description":"MAGNOLIA officinalis, o magnolia medicinal, es una especie asi\u00e1tica reconocida por su corteza y sus hojas que pueden alcanzar los 50 cm de largo.","og_url":"https:\/\/www.vallonchene.fr\/es\/producto\/magnolia-officinalis\/","og_site_name":"Vallonch\u00eane","article_publisher":"https:\/\/www.facebook.com\/vallonchene.fr","article_modified_time":"2026-02-18T13:47:08+00:00","og_image":[{"width":1024,"height":1024,"url":"https:\/\/www.vallonchene.fr\/wp-content\/uploads\/2025\/12\/IMG_20251006_114134.webp","type":"image\/webp"}],"twitter_card":"summary_large_image","twitter_misc":{"Disponibilidad":"En stock"},"schema":{"@context":"https:\/\/schema.org","@graph":[{"@type":"WebPage","@id":"https:\/\/www.vallonchene.fr\/es\/producto\/magnolia-officinalis\/","url":"https:\/\/www.vallonchene.fr\/es\/producto\/magnolia-officinalis\/","name":"MAGNOLIA officinalis - magnolia medicinal","isPartOf":{"@id":"https:\/\/www.vallonchene.fr\/es\/#website"},"primaryImageOfPage":{"@id":"https:\/\/www.vallonchene.fr\/es\/producto\/magnolia-officinalis\/#primaryimage"},"image":{"@id":"https:\/\/www.vallonchene.fr\/es\/producto\/magnolia-officinalis\/#primaryimage"},"thumbnailUrl":"https:\/\/www.vallonchene.fr\/wp-content\/uploads\/2025\/12\/IMG_20251006_114134.webp","datePublished":"2025-12-19T14:27:40+00:00","dateModified":"2026-02-18T13:47:08+00:00","description":"MAGNOLIA officinalis, o magnolia medicinal, es una especie asi\u00e1tica reconocida por su corteza y sus hojas que pueden alcanzar los 50 cm de largo.","breadcrumb":{"@id":"https:\/\/www.vallonchene.fr\/es\/producto\/magnolia-officinalis\/#breadcrumb"},"inLanguage":"es","potentialAction":[{"@type":"ReadAction","target":["https:\/\/www.vallonchene.fr\/es\/producto\/magnolia-officinalis\/"]}]},{"@type":"ImageObject","inLanguage":"es","@id":"https:\/\/www.vallonchene.fr\/es\/producto\/magnolia-officinalis\/#primaryimage","url":"https:\/\/www.vallonchene.fr\/wp-content\/uploads\/2025\/12\/IMG_20251006_114134.webp","contentUrl":"https:\/\/www.vallonchene.fr\/wp-content\/uploads\/2025\/12\/IMG_20251006_114134.webp","width":1024,"height":1024,"caption":"Follaje del MAGNOLIA officinalis comenzando su coloraci\u00f3n oto\u00f1al en el Begdebury National Pinetum."},{"@type":"BreadcrumbList","@id":"https:\/\/www.vallonchene.fr\/es\/producto\/magnolia-officinalis\/#breadcrumb","itemListElement":[{"@type":"ListItem","position":1,"name":"Home","item":"https:\/\/www.vallonchene.fr\/es\/"},{"@type":"ListItem","position":2,"name":"Tienda","item":"https:\/\/www.vallonchene.fr\/tienda\/"},{"@type":"ListItem","position":3,"name":"Venta en linea","item":"https:\/\/www.vallonchene.fr\/es\/categoria-producto\/venta-en-linea\/"},{"@type":"ListItem","position":4,"name":"Vivero","item":"https:\/\/www.vallonchene.fr\/es\/categoria-producto\/venta-en-linea\/vivero\/"},{"@type":"ListItem","position":5,"name":"Arbustos y \u00e1rboles","item":"https:\/\/www.vallonchene.fr\/es\/categoria-producto\/venta-en-linea\/vivero\/arbustos-y-arboles\/"},{"@type":"ListItem","position":6,"name":"MAGNOLIA officinalis"}]},{"@type":"WebSite","@id":"https:\/\/www.vallonchene.fr\/es\/#website","url":"https:\/\/www.vallonchene.fr\/es\/","name":"Vallonch\u00eane","description":"El vivero donde la calidad tiene sus ra\u00edces \u2013 Tel.: +33 (0)2.35.90.02.02","publisher":{"@id":"https:\/\/www.vallonchene.fr\/es\/#organization"},"potentialAction":[{"@type":"SearchAction","target":{"@type":"EntryPoint","urlTemplate":"https:\/\/www.vallonchene.fr\/es\/?s={search_term_string}"},"query-input":{"@type":"PropertyValueSpecification","valueRequired":true,"valueName":"search_term_string"}}],"inLanguage":"es"},{"@type":"Organization","@id":"https:\/\/www.vallonchene.fr\/es\/#organization","name":"VALLONCHENE","url":"https:\/\/www.vallonchene.fr\/es\/","logo":{"@type":"ImageObject","inLanguage":"es","@id":"https:\/\/www.vallonchene.fr\/es\/#\/schema\/logo\/image\/","url":"https:\/\/www.vallonchene.fr\/wp-content\/uploads\/2023\/03\/Logo-Vallonchene-site-et-R_hauteur_100.png","contentUrl":"https:\/\/www.vallonchene.fr\/wp-content\/uploads\/2023\/03\/Logo-Vallonchene-site-et-R_hauteur_100.png","width":221,"height":100,"caption":"VALLONCHENE"},"image":{"@id":"https:\/\/www.vallonchene.fr\/es\/#\/schema\/logo\/image\/"},"sameAs":["https:\/\/www.facebook.com\/vallonchene.fr","https:\/\/www.instagram.com\/vallonchene\/","https:\/\/www.pinterest.fr\/vallonchene\/"],"taxID":"49454502300017","hasMerchantReturnPolicy":{"@type":"MerchantReturnPolicy","merchantReturnLink":"https:\/\/www.vallonchene.fr\/remboursements_retours\/"}}]},"og_availability":"instock","product_availability":"instock","product_condition":"new"},"_links":{"self":[{"href":"https:\/\/www.vallonchene.fr\/es\/wp-json\/wp\/v2\/product\/56563","targetHints":{"allow":["GET"]}}],"collection":[{"href":"https:\/\/www.vallonchene.fr\/es\/wp-json\/wp\/v2\/product"}],"about":[{"href":"https:\/\/www.vallonchene.fr\/es\/wp-json\/wp\/v2\/types\/product"}],"replies":[{"embeddable":true,"href":"https:\/\/www.vallonchene.fr\/es\/wp-json\/wp\/v2\/comments?post=56563"}],"wp:featuredmedia":[{"embeddable":true,"href":"https:\/\/www.vallonchene.fr\/es\/wp-json\/wp\/v2\/media\/56561"}],"wp:attachment":[{"href":"https:\/\/www.vallonchene.fr\/es\/wp-json\/wp\/v2\/media?parent=56563"}],"wp:term":[{"taxonomy":"product_brand","embeddable":true,"href":"https:\/\/www.vallonchene.fr\/es\/wp-json\/wp\/v2\/product_brand?post=56563"},{"taxonomy":"product_cat","embeddable":true,"href":"https:\/\/www.vallonchene.fr\/es\/wp-json\/wp\/v2\/product_cat?post=56563"},{"taxonomy":"product_tag","embeddable":true,"href":"https:\/\/www.vallonchene.fr\/es\/wp-json\/wp\/v2\/product_tag?post=56563"}],"curies":[{"name":"wp","href":"https:\/\/api.w.org\/{rel}","templated":true}]}}