{"id":56492,"date":"2025-12-17T15:22:26","date_gmt":"2025-12-17T14:22:26","guid":{"rendered":"https:\/\/www.vallonchene.fr\/produit\/cryptomeria-japonica-serama-gold\/"},"modified":"2025-12-17T15:22:26","modified_gmt":"2025-12-17T14:22:26","slug":"cryptomeria-japonica-serama-gold","status":"publish","type":"product","link":"https:\/\/www.vallonchene.fr\/es\/producto\/cryptomeria-japonica-serama-gold\/","title":{"rendered":"CRYPTOMERIA japonica &#8216;Serama Gold&#8217;"},"content":{"rendered":"","protected":false},"excerpt":{"rendered":"<p><strong>CRYPTOMERIA japonica &#8216;Serama Gold&#8217;<\/strong> es un <strong>cedro japon\u00e9s<\/strong> compacto y raro con follaje dorado brillante. Perfecto para jardines peque\u00f1os o rocallas, aporta un toque ex\u00f3tico y persistente, resistente y decorativo durante todo el a\u00f1o. <\/p>\n","protected":false},"featured_media":56491,"comment_status":"open","ping_status":"closed","template":"","meta":[],"product_brand":[],"product_cat":[11502,11821],"product_tag":[11864,11863],"class_list":{"0":"post-56492","1":"product","2":"type-product","3":"status-publish","4":"has-post-thumbnail","6":"product_cat-coniferas","7":"product_cat-plantas-raras-plantas-de-coleccion","8":"product_tag-cryptomeria-es","9":"product_tag-cryptomeria-japonica-es","10":"pa_99-hauteurapproximativeapres1-2-a-3-m","11":"pa_couleurdufeuillage-amarilla","12":"pa_exigencesenhumidite-moderadamente-humedo-a-humedo","13":"pa_exigencesenhumidite-promedio","14":"pa_expositionspossibles-pleno-sol-de-12-a-17-min","15":"pa_hauteurlivree-30-a-40-cm-es","16":"pa_hauteurlivree-40-a-50-cm-es","17":"pa_hauteurlivree-50-a-60-cm-es","18":"pa_interetauprintemps-brotes-jovenes","19":"pa_interetauprintemps-follaje","20":"pa_interetauprintemps-habitus","21":"pa_interetenautomne-follaje","22":"pa_interetenautomne-habitus","23":"pa_interetenete-follaje","24":"pa_interetenete-habitus","25":"pa_interetenhiver-follaje","26":"pa_interetenhiver-habitus","27":"pa_naturedufeuillage-siempreverde","28":"pa_naturesdesolpossibles-ligero","29":"pa_naturesdesolpossibles-normal-es","30":"pa_particularites-adecuado-para-bonsai","31":"pa_periodedetaille-enero","32":"pa_periodedetaille-febrero","33":"pa_phdusolacceptable-acido-menos-de-6_5","34":"pa_phdusolacceptable-calcareo-mas-de-7_5","35":"pa_phdusolacceptable-neutro-entre-6_5-y-7_5","36":"pa_portgraphisme-oval","37":"pa_resistanceaufroidrusticite-resistente-hasta-menos-20-c","38":"pa_tailledepot-maceta-de-5-litros","39":"pa_utilisationpossible-aislado","40":"pa_utilisationpossible-arriate","41":"pa_utilisationpossible-contenedor-o-olla","43":"first","44":"instock","45":"taxable","46":"shipping-taxable","47":"purchasable","48":"product-type-variable"},"supplier_id":null,"supplier_sku":"","barcode":null,"atum_controlled":true,"out_stock_date":null,"out_stock_threshold":null,"inheritable":true,"inbound_stock":0,"stock_on_hold":0,"sold_today":null,"sales_last_days":null,"reserved_stock":0,"customer_returns":0,"warehouse_damage":0,"lost_in_post":0,"other_logs":0,"out_stock_days":null,"lost_sales":null,"has_location":false,"update_date":"2026-04-24T14:39:02","atum_locations":[],"atum_stock_status":"instock","restock_status":false,"low_stock_amount":"","sales_update_date":"2026-04-24T14:39:02","calc_backorders":null,"yoast_head":"<!-- This site is optimized with the Yoast SEO Premium plugin v27.4 (Yoast SEO v27.4) - https:\/\/yoast.com\/product\/yoast-seo-premium-wordpress\/ -->\n<title>CRYPTOMERIA japonica &#039;Serama Gold&#039; - cedro japon\u00e9s<\/title>\n<meta name=\"description\" content=\"CRYPTOMERIA japonica &#039;Serama Gold&#039; es un cedro japon\u00e9s compacto y raro con follaje dorado brillante. Perfecto para jardines peque\u00f1os o rocallas.\" \/>\n<meta name=\"robots\" content=\"index, follow, max-snippet:-1, max-image-preview:large, max-video-preview:-1\" \/>\n<link rel=\"canonical\" href=\"https:\/\/www.vallonchene.fr\/es\/producto\/cryptomeria-japonica-serama-gold\/\" \/>\n<meta property=\"og:locale\" content=\"es_ES\" \/>\n<meta property=\"og:type\" content=\"article\" \/>\n<meta property=\"og:title\" content=\"CRYPTOMERIA japonica &#039;Serama Gold&#039;\" \/>\n<meta property=\"og:description\" content=\"CRYPTOMERIA japonica &#039;Serama Gold&#039; es un cedro japon\u00e9s compacto y raro con follaje dorado brillante. Perfecto para jardines peque\u00f1os o rocallas.\" \/>\n<meta property=\"og:url\" content=\"https:\/\/www.vallonchene.fr\/es\/producto\/cryptomeria-japonica-serama-gold\/\" \/>\n<meta property=\"og:site_name\" content=\"Vallonch\u00eane\" \/>\n<meta property=\"article:publisher\" content=\"https:\/\/www.facebook.com\/vallonchene.fr\" \/>\n<meta property=\"og:image\" content=\"https:\/\/www.vallonchene.fr\/wp-content\/uploads\/2025\/12\/IMG_20251214_140632.webp\" \/>\n\t<meta property=\"og:image:width\" content=\"1024\" \/>\n\t<meta property=\"og:image:height\" content=\"1024\" \/>\n\t<meta property=\"og:image:type\" content=\"image\/webp\" \/>\n<meta name=\"twitter:card\" content=\"summary_large_image\" \/>\n<meta name=\"twitter:label1\" content=\"Disponibilidad\" \/>\n\t<meta name=\"twitter:data1\" content=\"En stock\" \/>\n<script type=\"application\/ld+json\" class=\"yoast-schema-graph\">{\"@context\":\"https:\\\/\\\/schema.org\",\"@graph\":[{\"@type\":\"WebPage\",\"@id\":\"https:\\\/\\\/www.vallonchene.fr\\\/es\\\/producto\\\/cryptomeria-japonica-serama-gold\\\/\",\"url\":\"https:\\\/\\\/www.vallonchene.fr\\\/es\\\/producto\\\/cryptomeria-japonica-serama-gold\\\/\",\"name\":\"CRYPTOMERIA japonica 'Serama Gold' - cedro japon\u00e9s\",\"isPartOf\":{\"@id\":\"https:\\\/\\\/www.vallonchene.fr\\\/es\\\/#website\"},\"primaryImageOfPage\":{\"@id\":\"https:\\\/\\\/www.vallonchene.fr\\\/es\\\/producto\\\/cryptomeria-japonica-serama-gold\\\/#primaryimage\"},\"image\":{\"@id\":\"https:\\\/\\\/www.vallonchene.fr\\\/es\\\/producto\\\/cryptomeria-japonica-serama-gold\\\/#primaryimage\"},\"thumbnailUrl\":\"https:\\\/\\\/www.vallonchene.fr\\\/wp-content\\\/uploads\\\/2025\\\/12\\\/IMG_20251214_140632.webp\",\"datePublished\":\"2025-12-17T14:22:26+00:00\",\"description\":\"CRYPTOMERIA japonica 'Serama Gold' es un cedro japon\u00e9s compacto y raro con follaje dorado brillante. Perfecto para jardines peque\u00f1os o rocallas.\",\"breadcrumb\":{\"@id\":\"https:\\\/\\\/www.vallonchene.fr\\\/es\\\/producto\\\/cryptomeria-japonica-serama-gold\\\/#breadcrumb\"},\"inLanguage\":\"es\",\"potentialAction\":[{\"@type\":\"ReadAction\",\"target\":[\"https:\\\/\\\/www.vallonchene.fr\\\/es\\\/producto\\\/cryptomeria-japonica-serama-gold\\\/\"]}]},{\"@type\":\"ImageObject\",\"inLanguage\":\"es\",\"@id\":\"https:\\\/\\\/www.vallonchene.fr\\\/es\\\/producto\\\/cryptomeria-japonica-serama-gold\\\/#primaryimage\",\"url\":\"https:\\\/\\\/www.vallonchene.fr\\\/wp-content\\\/uploads\\\/2025\\\/12\\\/IMG_20251214_140632.webp\",\"contentUrl\":\"https:\\\/\\\/www.vallonchene.fr\\\/wp-content\\\/uploads\\\/2025\\\/12\\\/IMG_20251214_140632.webp\",\"width\":1024,\"height\":1024,\"caption\":\"Fasciaciones con puntas amarillas del CRYPTOMERIA japonica 'Serama Gold'\"},{\"@type\":\"BreadcrumbList\",\"@id\":\"https:\\\/\\\/www.vallonchene.fr\\\/es\\\/producto\\\/cryptomeria-japonica-serama-gold\\\/#breadcrumb\",\"itemListElement\":[{\"@type\":\"ListItem\",\"position\":1,\"name\":\"Home\",\"item\":\"https:\\\/\\\/www.vallonchene.fr\\\/es\\\/\"},{\"@type\":\"ListItem\",\"position\":2,\"name\":\"Tienda\",\"item\":\"https:\\\/\\\/www.vallonchene.fr\\\/tienda\\\/\"},{\"@type\":\"ListItem\",\"position\":3,\"name\":\"Venta en linea\",\"item\":\"https:\\\/\\\/www.vallonchene.fr\\\/es\\\/categoria-producto\\\/venta-en-linea\\\/\"},{\"@type\":\"ListItem\",\"position\":4,\"name\":\"Vivero\",\"item\":\"https:\\\/\\\/www.vallonchene.fr\\\/es\\\/categoria-producto\\\/venta-en-linea\\\/vivero\\\/\"},{\"@type\":\"ListItem\",\"position\":5,\"name\":\"Plantas raras (plantas de colecci\u00f3n)\",\"item\":\"https:\\\/\\\/www.vallonchene.fr\\\/es\\\/categoria-producto\\\/venta-en-linea\\\/vivero\\\/plantas-raras-plantas-de-coleccion\\\/\"},{\"@type\":\"ListItem\",\"position\":6,\"name\":\"CRYPTOMERIA japonica &lsquo;Serama Gold&rsquo;\"}]},{\"@type\":\"WebSite\",\"@id\":\"https:\\\/\\\/www.vallonchene.fr\\\/es\\\/#website\",\"url\":\"https:\\\/\\\/www.vallonchene.fr\\\/es\\\/\",\"name\":\"Vallonch\u00eane\",\"description\":\"El vivero donde la calidad tiene sus ra\u00edces \u2013 Tel.: +33 (0)2.35.90.02.02\",\"publisher\":{\"@id\":\"https:\\\/\\\/www.vallonchene.fr\\\/es\\\/#organization\"},\"potentialAction\":[{\"@type\":\"SearchAction\",\"target\":{\"@type\":\"EntryPoint\",\"urlTemplate\":\"https:\\\/\\\/www.vallonchene.fr\\\/es\\\/?s={search_term_string}\"},\"query-input\":{\"@type\":\"PropertyValueSpecification\",\"valueRequired\":true,\"valueName\":\"search_term_string\"}}],\"inLanguage\":\"es\"},{\"@type\":\"Organization\",\"@id\":\"https:\\\/\\\/www.vallonchene.fr\\\/es\\\/#organization\",\"name\":\"VALLONCHENE\",\"url\":\"https:\\\/\\\/www.vallonchene.fr\\\/es\\\/\",\"logo\":{\"@type\":\"ImageObject\",\"inLanguage\":\"es\",\"@id\":\"https:\\\/\\\/www.vallonchene.fr\\\/es\\\/#\\\/schema\\\/logo\\\/image\\\/\",\"url\":\"https:\\\/\\\/www.vallonchene.fr\\\/wp-content\\\/uploads\\\/2023\\\/03\\\/Logo-Vallonchene-site-et-R_hauteur_100.png\",\"contentUrl\":\"https:\\\/\\\/www.vallonchene.fr\\\/wp-content\\\/uploads\\\/2023\\\/03\\\/Logo-Vallonchene-site-et-R_hauteur_100.png\",\"width\":221,\"height\":100,\"caption\":\"VALLONCHENE\"},\"image\":{\"@id\":\"https:\\\/\\\/www.vallonchene.fr\\\/es\\\/#\\\/schema\\\/logo\\\/image\\\/\"},\"sameAs\":[\"https:\\\/\\\/www.facebook.com\\\/vallonchene.fr\",\"https:\\\/\\\/www.instagram.com\\\/vallonchene\\\/\",\"https:\\\/\\\/www.pinterest.fr\\\/vallonchene\\\/\"],\"taxID\":\"49454502300017\",\"hasMerchantReturnPolicy\":{\"@type\":\"MerchantReturnPolicy\",\"merchantReturnLink\":\"https:\\\/\\\/www.vallonchene.fr\\\/remboursements_retours\\\/\"}}]}<\/script>\n<meta property=\"og:availability\" content=\"instock\" \/>\n<meta property=\"product:availability\" content=\"instock\" \/>\n<meta property=\"product:condition\" content=\"new\" \/>\n<!-- \/ Yoast SEO Premium plugin. -->","yoast_head_json":{"title":"CRYPTOMERIA japonica 'Serama Gold' - cedro japon\u00e9s","description":"CRYPTOMERIA japonica 'Serama Gold' es un cedro japon\u00e9s compacto y raro con follaje dorado brillante. Perfecto para jardines peque\u00f1os o rocallas.","robots":{"index":"index","follow":"follow","max-snippet":"max-snippet:-1","max-image-preview":"max-image-preview:large","max-video-preview":"max-video-preview:-1"},"canonical":"https:\/\/www.vallonchene.fr\/es\/producto\/cryptomeria-japonica-serama-gold\/","og_locale":"es_ES","og_type":"article","og_title":"CRYPTOMERIA japonica 'Serama Gold'","og_description":"CRYPTOMERIA japonica 'Serama Gold' es un cedro japon\u00e9s compacto y raro con follaje dorado brillante. Perfecto para jardines peque\u00f1os o rocallas.","og_url":"https:\/\/www.vallonchene.fr\/es\/producto\/cryptomeria-japonica-serama-gold\/","og_site_name":"Vallonch\u00eane","article_publisher":"https:\/\/www.facebook.com\/vallonchene.fr","og_image":[{"width":1024,"height":1024,"url":"https:\/\/www.vallonchene.fr\/wp-content\/uploads\/2025\/12\/IMG_20251214_140632.webp","type":"image\/webp"}],"twitter_card":"summary_large_image","twitter_misc":{"Disponibilidad":"En stock"},"schema":{"@context":"https:\/\/schema.org","@graph":[{"@type":"WebPage","@id":"https:\/\/www.vallonchene.fr\/es\/producto\/cryptomeria-japonica-serama-gold\/","url":"https:\/\/www.vallonchene.fr\/es\/producto\/cryptomeria-japonica-serama-gold\/","name":"CRYPTOMERIA japonica 'Serama Gold' - cedro japon\u00e9s","isPartOf":{"@id":"https:\/\/www.vallonchene.fr\/es\/#website"},"primaryImageOfPage":{"@id":"https:\/\/www.vallonchene.fr\/es\/producto\/cryptomeria-japonica-serama-gold\/#primaryimage"},"image":{"@id":"https:\/\/www.vallonchene.fr\/es\/producto\/cryptomeria-japonica-serama-gold\/#primaryimage"},"thumbnailUrl":"https:\/\/www.vallonchene.fr\/wp-content\/uploads\/2025\/12\/IMG_20251214_140632.webp","datePublished":"2025-12-17T14:22:26+00:00","description":"CRYPTOMERIA japonica 'Serama Gold' es un cedro japon\u00e9s compacto y raro con follaje dorado brillante. Perfecto para jardines peque\u00f1os o rocallas.","breadcrumb":{"@id":"https:\/\/www.vallonchene.fr\/es\/producto\/cryptomeria-japonica-serama-gold\/#breadcrumb"},"inLanguage":"es","potentialAction":[{"@type":"ReadAction","target":["https:\/\/www.vallonchene.fr\/es\/producto\/cryptomeria-japonica-serama-gold\/"]}]},{"@type":"ImageObject","inLanguage":"es","@id":"https:\/\/www.vallonchene.fr\/es\/producto\/cryptomeria-japonica-serama-gold\/#primaryimage","url":"https:\/\/www.vallonchene.fr\/wp-content\/uploads\/2025\/12\/IMG_20251214_140632.webp","contentUrl":"https:\/\/www.vallonchene.fr\/wp-content\/uploads\/2025\/12\/IMG_20251214_140632.webp","width":1024,"height":1024,"caption":"Fasciaciones con puntas amarillas del CRYPTOMERIA japonica 'Serama Gold'"},{"@type":"BreadcrumbList","@id":"https:\/\/www.vallonchene.fr\/es\/producto\/cryptomeria-japonica-serama-gold\/#breadcrumb","itemListElement":[{"@type":"ListItem","position":1,"name":"Home","item":"https:\/\/www.vallonchene.fr\/es\/"},{"@type":"ListItem","position":2,"name":"Tienda","item":"https:\/\/www.vallonchene.fr\/tienda\/"},{"@type":"ListItem","position":3,"name":"Venta en linea","item":"https:\/\/www.vallonchene.fr\/es\/categoria-producto\/venta-en-linea\/"},{"@type":"ListItem","position":4,"name":"Vivero","item":"https:\/\/www.vallonchene.fr\/es\/categoria-producto\/venta-en-linea\/vivero\/"},{"@type":"ListItem","position":5,"name":"Plantas raras (plantas de colecci\u00f3n)","item":"https:\/\/www.vallonchene.fr\/es\/categoria-producto\/venta-en-linea\/vivero\/plantas-raras-plantas-de-coleccion\/"},{"@type":"ListItem","position":6,"name":"CRYPTOMERIA japonica &lsquo;Serama Gold&rsquo;"}]},{"@type":"WebSite","@id":"https:\/\/www.vallonchene.fr\/es\/#website","url":"https:\/\/www.vallonchene.fr\/es\/","name":"Vallonch\u00eane","description":"El vivero donde la calidad tiene sus ra\u00edces \u2013 Tel.: +33 (0)2.35.90.02.02","publisher":{"@id":"https:\/\/www.vallonchene.fr\/es\/#organization"},"potentialAction":[{"@type":"SearchAction","target":{"@type":"EntryPoint","urlTemplate":"https:\/\/www.vallonchene.fr\/es\/?s={search_term_string}"},"query-input":{"@type":"PropertyValueSpecification","valueRequired":true,"valueName":"search_term_string"}}],"inLanguage":"es"},{"@type":"Organization","@id":"https:\/\/www.vallonchene.fr\/es\/#organization","name":"VALLONCHENE","url":"https:\/\/www.vallonchene.fr\/es\/","logo":{"@type":"ImageObject","inLanguage":"es","@id":"https:\/\/www.vallonchene.fr\/es\/#\/schema\/logo\/image\/","url":"https:\/\/www.vallonchene.fr\/wp-content\/uploads\/2023\/03\/Logo-Vallonchene-site-et-R_hauteur_100.png","contentUrl":"https:\/\/www.vallonchene.fr\/wp-content\/uploads\/2023\/03\/Logo-Vallonchene-site-et-R_hauteur_100.png","width":221,"height":100,"caption":"VALLONCHENE"},"image":{"@id":"https:\/\/www.vallonchene.fr\/es\/#\/schema\/logo\/image\/"},"sameAs":["https:\/\/www.facebook.com\/vallonchene.fr","https:\/\/www.instagram.com\/vallonchene\/","https:\/\/www.pinterest.fr\/vallonchene\/"],"taxID":"49454502300017","hasMerchantReturnPolicy":{"@type":"MerchantReturnPolicy","merchantReturnLink":"https:\/\/www.vallonchene.fr\/remboursements_retours\/"}}]},"og_availability":"instock","product_availability":"instock","product_condition":"new"},"_links":{"self":[{"href":"https:\/\/www.vallonchene.fr\/es\/wp-json\/wp\/v2\/product\/56492","targetHints":{"allow":["GET"]}}],"collection":[{"href":"https:\/\/www.vallonchene.fr\/es\/wp-json\/wp\/v2\/product"}],"about":[{"href":"https:\/\/www.vallonchene.fr\/es\/wp-json\/wp\/v2\/types\/product"}],"replies":[{"embeddable":true,"href":"https:\/\/www.vallonchene.fr\/es\/wp-json\/wp\/v2\/comments?post=56492"}],"wp:featuredmedia":[{"embeddable":true,"href":"https:\/\/www.vallonchene.fr\/es\/wp-json\/wp\/v2\/media\/56491"}],"wp:attachment":[{"href":"https:\/\/www.vallonchene.fr\/es\/wp-json\/wp\/v2\/media?parent=56492"}],"wp:term":[{"taxonomy":"product_brand","embeddable":true,"href":"https:\/\/www.vallonchene.fr\/es\/wp-json\/wp\/v2\/product_brand?post=56492"},{"taxonomy":"product_cat","embeddable":true,"href":"https:\/\/www.vallonchene.fr\/es\/wp-json\/wp\/v2\/product_cat?post=56492"},{"taxonomy":"product_tag","embeddable":true,"href":"https:\/\/www.vallonchene.fr\/es\/wp-json\/wp\/v2\/product_tag?post=56492"}],"curies":[{"name":"wp","href":"https:\/\/api.w.org\/{rel}","templated":true}]}}