{"id":5647,"date":"2021-08-31T10:48:44","date_gmt":"2021-08-31T10:48:44","guid":{"rendered":"https:\/\/testing.vallonchene.fr\/produit\/castanea-sativa-variegata\/"},"modified":"2025-12-01T11:22:40","modified_gmt":"2025-12-01T10:22:40","slug":"castanea-sativa-variegata-chataigner-commun","status":"publish","type":"product","link":"https:\/\/www.vallonchene.fr\/es\/producto\/castanea-sativa-variegata-chataigner-commun\/","title":{"rendered":"CASTANEA sativa &#8216;Variegata&#8217;"},"content":{"rendered":"","protected":false},"excerpt":{"rendered":"<p>Ce <strong>ch\u00e2taignier commun<\/strong> a un feuillage panach\u00e9 de vert et de blanc. Le <strong>CASTANEA sativa &#8216;Variegata&#8217;<\/strong> pousse tr\u00e8s lentement. Il est tr\u00e8s d\u00e9coratif pour son feuillage.<\/p>\n","protected":false},"featured_media":47662,"comment_status":"open","ping_status":"closed","template":"","meta":[],"product_brand":[],"product_cat":[11499],"product_tag":[2769,2768,2770,12925],"class_list":{"0":"post-5647","1":"product","2":"type-product","3":"status-publish","4":"has-post-thumbnail","6":"product_cat-arbustos-y-arboles","7":"product_tag-castanea","8":"product_tag-castanea-sativa","9":"product_tag-castanea-sativa-variegata","10":"product_tag-variegata","11":"pa_couleurautomnaledufeuillage-cobrizo","12":"pa_couleurdesfleurs-blanca","13":"pa_couleurdufeuillage-blanca","14":"pa_couleurdufeuillage-variado","15":"pa_couleurdufeuillage-verde","16":"pa_exigencesenhumidite-promedio","17":"pa_exigencesenhumidite-seco","18":"pa_expositionspossibles-sombra-parcial-evitar-el-sol-de-12-a-17-horas","19":"pa_expositionspossibles-pleno-sol-de-12-a-17-min","20":"pa_hauteurlivree-100-a-125-cm","21":"pa_hauteurlivree-125-a-150-cm-es","22":"pa_hauteurlivree-175-a-200-cm-es","23":"pa_hauteurlivree-20-a-30-cm-es","24":"pa_hauteurlivree-200-a-250-cm-es","25":"pa_hauteurlivree-30-a-40-cm-es","26":"pa_hauteurlivree-40-a-50-cm-es","27":"pa_hauteurlivree-40-a-60-cm-es","28":"pa_hauteurlivree-50-a-60-cm-es","29":"pa_hauteurlivree-60-a-80-cm-es","30":"pa_hauteurlivree-70-a-80-cm-es","31":"pa_hauteurlivree-80-a-100-cm-es","32":"pa_interetauprintemps-follaje","33":"pa_interetauprintemps-flores","34":"pa_interetenautomne-follaje","35":"pa_interetenete-follaje","36":"pa_naturedufeuillage-caduco","37":"pa_naturesdesolpossibles-ligero","38":"pa_naturesdesolpossibles-normal-es","39":"pa_periodedefloraison-primavera","40":"pa_periodedetaille-febrero","41":"pa_periodedetaille-enero","42":"pa_phdusolacceptable-acido-menos-de-6_5","43":"pa_phdusolacceptable-calcareo-mas-de-7_5","44":"pa_phdusolacceptable-neutro-entre-6_5-y-7_5","45":"pa_portgraphisme-infundibuliforme","46":"pa_resistanceaufroidrusticite-resistente-hasta-menos-20-c","47":"pa_tailledepot-planta-joven-en-maceta-de-1-litro","48":"pa_tailledepot-planta-joven-en-maceta-de-8-cm","49":"pa_tailledepot-maceta-de-10-litros","50":"pa_tailledepot-maceta-de-2-litros","51":"pa_tailledepot-maceta-de-20-litros","52":"pa_tailledepot-maceta-de-3-litros","53":"pa_tailledepot-maceta-de-4-litros","54":"pa_tailledepot-maceta-de-5-litros","55":"pa_tailledepot-maceta-de-7_5-litros","56":"pa_utilisationpossible-aislado","57":"pa_utilisationpossible-arriate","59":"first","60":"instock","61":"taxable","62":"shipping-taxable","63":"purchasable","64":"product-type-variable"},"supplier_id":null,"supplier_sku":"","barcode":null,"atum_controlled":true,"out_stock_date":null,"out_stock_threshold":null,"inheritable":true,"inbound_stock":0,"stock_on_hold":0,"sold_today":0,"sales_last_days":0,"reserved_stock":0,"customer_returns":0,"warehouse_damage":0,"lost_in_post":0,"other_logs":0,"out_stock_days":null,"lost_sales":0,"has_location":false,"update_date":"2025-12-01T10:22:42","atum_locations":[],"atum_stock_status":"instock","restock_status":false,"low_stock_amount":"","sales_update_date":"2025-08-31T13:01:53","calc_backorders":null,"yoast_head":"<!-- This site is optimized with the Yoast SEO Premium plugin v27.3 (Yoast SEO v27.3) - https:\/\/yoast.com\/product\/yoast-seo-premium-wordpress\/ -->\n<title>CASTANEA sativa &#039;Variegata&#039;<\/title>\n<meta name=\"description\" content=\"Ce ch\u00e2taignier commun a un feuillage panach\u00e9 de vert et de blanc. Le CASTANEA sativa &#039;Variegata&#039; pousse tr\u00e8s lentement. Son feuillage est tr\u00e8s d\u00e9coratif.\" \/>\n<meta name=\"robots\" content=\"index, follow, max-snippet:-1, max-image-preview:large, max-video-preview:-1\" \/>\n<link rel=\"canonical\" href=\"https:\/\/www.vallonchene.fr\/es\/producto\/castanea-sativa-variegata-chataigner-commun\/\" \/>\n<meta property=\"og:locale\" content=\"es_ES\" \/>\n<meta property=\"og:type\" content=\"article\" \/>\n<meta property=\"og:title\" content=\"CASTANEA sativa &#039;Variegata&#039;\" \/>\n<meta property=\"og:description\" content=\"Ce ch\u00e2taignier commun a un feuillage panach\u00e9 de vert et de blanc. Le CASTANEA sativa &#039;Variegata&#039; pousse tr\u00e8s lentement. Son feuillage est tr\u00e8s d\u00e9coratif.\" \/>\n<meta property=\"og:url\" content=\"https:\/\/www.vallonchene.fr\/es\/producto\/castanea-sativa-variegata-chataigner-commun\/\" \/>\n<meta property=\"og:site_name\" content=\"Vallonch\u00eane\" \/>\n<meta property=\"article:publisher\" content=\"https:\/\/www.facebook.com\/vallonchene.fr\" \/>\n<meta property=\"article:modified_time\" content=\"2025-12-01T10:22:40+00:00\" \/>\n<meta property=\"og:image\" content=\"https:\/\/www.vallonchene.fr\/wp-content\/uploads\/2024\/06\/CASTANEA-sativa-Variegata_01.webp\" \/>\n\t<meta property=\"og:image:width\" content=\"1024\" \/>\n\t<meta property=\"og:image:height\" content=\"1024\" \/>\n\t<meta property=\"og:image:type\" content=\"image\/webp\" \/>\n<meta name=\"twitter:card\" content=\"summary_large_image\" \/>\n<meta name=\"twitter:label1\" content=\"Disponibilidad\" \/>\n\t<meta name=\"twitter:data1\" content=\"En stock\" \/>\n<script type=\"application\/ld+json\" class=\"yoast-schema-graph\">{\"@context\":\"https:\\\/\\\/schema.org\",\"@graph\":[{\"@type\":\"WebPage\",\"@id\":\"https:\\\/\\\/www.vallonchene.fr\\\/es\\\/producto\\\/castanea-sativa-variegata-chataigner-commun\\\/\",\"url\":\"https:\\\/\\\/www.vallonchene.fr\\\/es\\\/producto\\\/castanea-sativa-variegata-chataigner-commun\\\/\",\"name\":\"CASTANEA sativa 'Variegata'\",\"isPartOf\":{\"@id\":\"https:\\\/\\\/www.vallonchene.fr\\\/es\\\/#website\"},\"primaryImageOfPage\":{\"@id\":\"https:\\\/\\\/www.vallonchene.fr\\\/es\\\/producto\\\/castanea-sativa-variegata-chataigner-commun\\\/#primaryimage\"},\"image\":{\"@id\":\"https:\\\/\\\/www.vallonchene.fr\\\/es\\\/producto\\\/castanea-sativa-variegata-chataigner-commun\\\/#primaryimage\"},\"thumbnailUrl\":\"https:\\\/\\\/www.vallonchene.fr\\\/wp-content\\\/uploads\\\/2024\\\/06\\\/CASTANEA-sativa-Variegata_01.webp\",\"datePublished\":\"2021-08-31T10:48:44+00:00\",\"dateModified\":\"2025-12-01T10:22:40+00:00\",\"description\":\"Ce ch\u00e2taignier commun a un feuillage panach\u00e9 de vert et de blanc. Le CASTANEA sativa 'Variegata' pousse tr\u00e8s lentement. Son feuillage est tr\u00e8s d\u00e9coratif.\",\"breadcrumb\":{\"@id\":\"https:\\\/\\\/www.vallonchene.fr\\\/es\\\/producto\\\/castanea-sativa-variegata-chataigner-commun\\\/#breadcrumb\"},\"inLanguage\":\"es\",\"potentialAction\":[{\"@type\":\"ReadAction\",\"target\":[\"https:\\\/\\\/www.vallonchene.fr\\\/es\\\/producto\\\/castanea-sativa-variegata-chataigner-commun\\\/\"]}]},{\"@type\":\"ImageObject\",\"inLanguage\":\"es\",\"@id\":\"https:\\\/\\\/www.vallonchene.fr\\\/es\\\/producto\\\/castanea-sativa-variegata-chataigner-commun\\\/#primaryimage\",\"url\":\"https:\\\/\\\/www.vallonchene.fr\\\/wp-content\\\/uploads\\\/2024\\\/06\\\/CASTANEA-sativa-Variegata_01.webp\",\"contentUrl\":\"https:\\\/\\\/www.vallonchene.fr\\\/wp-content\\\/uploads\\\/2024\\\/06\\\/CASTANEA-sativa-Variegata_01.webp\",\"width\":1024,\"height\":1024,\"caption\":\"Feuille panach\u00e9e de vert et bord\u00e9e de blanc du CASTANEA sativa 'Variegata'\"},{\"@type\":\"BreadcrumbList\",\"@id\":\"https:\\\/\\\/www.vallonchene.fr\\\/es\\\/producto\\\/castanea-sativa-variegata-chataigner-commun\\\/#breadcrumb\",\"itemListElement\":[{\"@type\":\"ListItem\",\"position\":1,\"name\":\"Home\",\"item\":\"https:\\\/\\\/www.vallonchene.fr\\\/es\\\/\"},{\"@type\":\"ListItem\",\"position\":2,\"name\":\"Tienda\",\"item\":\"https:\\\/\\\/www.vallonchene.fr\\\/tienda\\\/\"},{\"@type\":\"ListItem\",\"position\":3,\"name\":\"Venta en linea\",\"item\":\"https:\\\/\\\/www.vallonchene.fr\\\/es\\\/categoria-producto\\\/venta-en-linea\\\/\"},{\"@type\":\"ListItem\",\"position\":4,\"name\":\"Vivero\",\"item\":\"https:\\\/\\\/www.vallonchene.fr\\\/es\\\/categoria-producto\\\/venta-en-linea\\\/vivero\\\/\"},{\"@type\":\"ListItem\",\"position\":5,\"name\":\"Arbustos y \u00e1rboles\",\"item\":\"https:\\\/\\\/www.vallonchene.fr\\\/es\\\/categoria-producto\\\/venta-en-linea\\\/vivero\\\/arbustos-y-arboles\\\/\"},{\"@type\":\"ListItem\",\"position\":6,\"name\":\"CASTANEA sativa &lsquo;Variegata&rsquo;\"}]},{\"@type\":\"WebSite\",\"@id\":\"https:\\\/\\\/www.vallonchene.fr\\\/es\\\/#website\",\"url\":\"https:\\\/\\\/www.vallonchene.fr\\\/es\\\/\",\"name\":\"Vallonch\u00eane\",\"description\":\"El vivero donde la calidad tiene sus ra\u00edces \u2013 Tel.: +33 (0)2.35.90.02.02\",\"publisher\":{\"@id\":\"https:\\\/\\\/www.vallonchene.fr\\\/es\\\/#organization\"},\"potentialAction\":[{\"@type\":\"SearchAction\",\"target\":{\"@type\":\"EntryPoint\",\"urlTemplate\":\"https:\\\/\\\/www.vallonchene.fr\\\/es\\\/?s={search_term_string}\"},\"query-input\":{\"@type\":\"PropertyValueSpecification\",\"valueRequired\":true,\"valueName\":\"search_term_string\"}}],\"inLanguage\":\"es\"},{\"@type\":\"Organization\",\"@id\":\"https:\\\/\\\/www.vallonchene.fr\\\/es\\\/#organization\",\"name\":\"VALLONCHENE\",\"url\":\"https:\\\/\\\/www.vallonchene.fr\\\/es\\\/\",\"logo\":{\"@type\":\"ImageObject\",\"inLanguage\":\"es\",\"@id\":\"https:\\\/\\\/www.vallonchene.fr\\\/es\\\/#\\\/schema\\\/logo\\\/image\\\/\",\"url\":\"https:\\\/\\\/www.vallonchene.fr\\\/wp-content\\\/uploads\\\/2023\\\/03\\\/Logo-Vallonchene-site-et-R_hauteur_100.png\",\"contentUrl\":\"https:\\\/\\\/www.vallonchene.fr\\\/wp-content\\\/uploads\\\/2023\\\/03\\\/Logo-Vallonchene-site-et-R_hauteur_100.png\",\"width\":221,\"height\":100,\"caption\":\"VALLONCHENE\"},\"image\":{\"@id\":\"https:\\\/\\\/www.vallonchene.fr\\\/es\\\/#\\\/schema\\\/logo\\\/image\\\/\"},\"sameAs\":[\"https:\\\/\\\/www.facebook.com\\\/vallonchene.fr\",\"https:\\\/\\\/www.instagram.com\\\/vallonchene\\\/\",\"https:\\\/\\\/www.pinterest.fr\\\/vallonchene\\\/\"],\"taxID\":\"49454502300017\",\"hasMerchantReturnPolicy\":{\"@type\":\"MerchantReturnPolicy\",\"merchantReturnLink\":\"https:\\\/\\\/www.vallonchene.fr\\\/remboursements_retours\\\/\"}}]}<\/script>\n<meta property=\"og:availability\" content=\"instock\" \/>\n<meta property=\"product:availability\" content=\"instock\" \/>\n<meta property=\"product:retailer_item_id\" content=\"86754\" \/>\n<meta property=\"product:condition\" content=\"new\" \/>\n<!-- \/ Yoast SEO Premium plugin. -->","yoast_head_json":{"title":"CASTANEA sativa 'Variegata'","description":"Ce ch\u00e2taignier commun a un feuillage panach\u00e9 de vert et de blanc. Le CASTANEA sativa 'Variegata' pousse tr\u00e8s lentement. Son feuillage est tr\u00e8s d\u00e9coratif.","robots":{"index":"index","follow":"follow","max-snippet":"max-snippet:-1","max-image-preview":"max-image-preview:large","max-video-preview":"max-video-preview:-1"},"canonical":"https:\/\/www.vallonchene.fr\/es\/producto\/castanea-sativa-variegata-chataigner-commun\/","og_locale":"es_ES","og_type":"article","og_title":"CASTANEA sativa 'Variegata'","og_description":"Ce ch\u00e2taignier commun a un feuillage panach\u00e9 de vert et de blanc. Le CASTANEA sativa 'Variegata' pousse tr\u00e8s lentement. Son feuillage est tr\u00e8s d\u00e9coratif.","og_url":"https:\/\/www.vallonchene.fr\/es\/producto\/castanea-sativa-variegata-chataigner-commun\/","og_site_name":"Vallonch\u00eane","article_publisher":"https:\/\/www.facebook.com\/vallonchene.fr","article_modified_time":"2025-12-01T10:22:40+00:00","og_image":[{"width":1024,"height":1024,"url":"https:\/\/www.vallonchene.fr\/wp-content\/uploads\/2024\/06\/CASTANEA-sativa-Variegata_01.webp","type":"image\/webp"}],"twitter_card":"summary_large_image","twitter_misc":{"Disponibilidad":"En stock"},"schema":{"@context":"https:\/\/schema.org","@graph":[{"@type":"WebPage","@id":"https:\/\/www.vallonchene.fr\/es\/producto\/castanea-sativa-variegata-chataigner-commun\/","url":"https:\/\/www.vallonchene.fr\/es\/producto\/castanea-sativa-variegata-chataigner-commun\/","name":"CASTANEA sativa 'Variegata'","isPartOf":{"@id":"https:\/\/www.vallonchene.fr\/es\/#website"},"primaryImageOfPage":{"@id":"https:\/\/www.vallonchene.fr\/es\/producto\/castanea-sativa-variegata-chataigner-commun\/#primaryimage"},"image":{"@id":"https:\/\/www.vallonchene.fr\/es\/producto\/castanea-sativa-variegata-chataigner-commun\/#primaryimage"},"thumbnailUrl":"https:\/\/www.vallonchene.fr\/wp-content\/uploads\/2024\/06\/CASTANEA-sativa-Variegata_01.webp","datePublished":"2021-08-31T10:48:44+00:00","dateModified":"2025-12-01T10:22:40+00:00","description":"Ce ch\u00e2taignier commun a un feuillage panach\u00e9 de vert et de blanc. Le CASTANEA sativa 'Variegata' pousse tr\u00e8s lentement. Son feuillage est tr\u00e8s d\u00e9coratif.","breadcrumb":{"@id":"https:\/\/www.vallonchene.fr\/es\/producto\/castanea-sativa-variegata-chataigner-commun\/#breadcrumb"},"inLanguage":"es","potentialAction":[{"@type":"ReadAction","target":["https:\/\/www.vallonchene.fr\/es\/producto\/castanea-sativa-variegata-chataigner-commun\/"]}]},{"@type":"ImageObject","inLanguage":"es","@id":"https:\/\/www.vallonchene.fr\/es\/producto\/castanea-sativa-variegata-chataigner-commun\/#primaryimage","url":"https:\/\/www.vallonchene.fr\/wp-content\/uploads\/2024\/06\/CASTANEA-sativa-Variegata_01.webp","contentUrl":"https:\/\/www.vallonchene.fr\/wp-content\/uploads\/2024\/06\/CASTANEA-sativa-Variegata_01.webp","width":1024,"height":1024,"caption":"Feuille panach\u00e9e de vert et bord\u00e9e de blanc du CASTANEA sativa 'Variegata'"},{"@type":"BreadcrumbList","@id":"https:\/\/www.vallonchene.fr\/es\/producto\/castanea-sativa-variegata-chataigner-commun\/#breadcrumb","itemListElement":[{"@type":"ListItem","position":1,"name":"Home","item":"https:\/\/www.vallonchene.fr\/es\/"},{"@type":"ListItem","position":2,"name":"Tienda","item":"https:\/\/www.vallonchene.fr\/tienda\/"},{"@type":"ListItem","position":3,"name":"Venta en linea","item":"https:\/\/www.vallonchene.fr\/es\/categoria-producto\/venta-en-linea\/"},{"@type":"ListItem","position":4,"name":"Vivero","item":"https:\/\/www.vallonchene.fr\/es\/categoria-producto\/venta-en-linea\/vivero\/"},{"@type":"ListItem","position":5,"name":"Arbustos y \u00e1rboles","item":"https:\/\/www.vallonchene.fr\/es\/categoria-producto\/venta-en-linea\/vivero\/arbustos-y-arboles\/"},{"@type":"ListItem","position":6,"name":"CASTANEA sativa &lsquo;Variegata&rsquo;"}]},{"@type":"WebSite","@id":"https:\/\/www.vallonchene.fr\/es\/#website","url":"https:\/\/www.vallonchene.fr\/es\/","name":"Vallonch\u00eane","description":"El vivero donde la calidad tiene sus ra\u00edces \u2013 Tel.: +33 (0)2.35.90.02.02","publisher":{"@id":"https:\/\/www.vallonchene.fr\/es\/#organization"},"potentialAction":[{"@type":"SearchAction","target":{"@type":"EntryPoint","urlTemplate":"https:\/\/www.vallonchene.fr\/es\/?s={search_term_string}"},"query-input":{"@type":"PropertyValueSpecification","valueRequired":true,"valueName":"search_term_string"}}],"inLanguage":"es"},{"@type":"Organization","@id":"https:\/\/www.vallonchene.fr\/es\/#organization","name":"VALLONCHENE","url":"https:\/\/www.vallonchene.fr\/es\/","logo":{"@type":"ImageObject","inLanguage":"es","@id":"https:\/\/www.vallonchene.fr\/es\/#\/schema\/logo\/image\/","url":"https:\/\/www.vallonchene.fr\/wp-content\/uploads\/2023\/03\/Logo-Vallonchene-site-et-R_hauteur_100.png","contentUrl":"https:\/\/www.vallonchene.fr\/wp-content\/uploads\/2023\/03\/Logo-Vallonchene-site-et-R_hauteur_100.png","width":221,"height":100,"caption":"VALLONCHENE"},"image":{"@id":"https:\/\/www.vallonchene.fr\/es\/#\/schema\/logo\/image\/"},"sameAs":["https:\/\/www.facebook.com\/vallonchene.fr","https:\/\/www.instagram.com\/vallonchene\/","https:\/\/www.pinterest.fr\/vallonchene\/"],"taxID":"49454502300017","hasMerchantReturnPolicy":{"@type":"MerchantReturnPolicy","merchantReturnLink":"https:\/\/www.vallonchene.fr\/remboursements_retours\/"}}]},"og_availability":"instock","product_availability":"instock","product_retailer_item_id":"86754","product_condition":"new"},"_links":{"self":[{"href":"https:\/\/www.vallonchene.fr\/es\/wp-json\/wp\/v2\/product\/5647","targetHints":{"allow":["GET"]}}],"collection":[{"href":"https:\/\/www.vallonchene.fr\/es\/wp-json\/wp\/v2\/product"}],"about":[{"href":"https:\/\/www.vallonchene.fr\/es\/wp-json\/wp\/v2\/types\/product"}],"replies":[{"embeddable":true,"href":"https:\/\/www.vallonchene.fr\/es\/wp-json\/wp\/v2\/comments?post=5647"}],"wp:featuredmedia":[{"embeddable":true,"href":"https:\/\/www.vallonchene.fr\/es\/wp-json\/wp\/v2\/media\/47662"}],"wp:attachment":[{"href":"https:\/\/www.vallonchene.fr\/es\/wp-json\/wp\/v2\/media?parent=5647"}],"wp:term":[{"taxonomy":"product_brand","embeddable":true,"href":"https:\/\/www.vallonchene.fr\/es\/wp-json\/wp\/v2\/product_brand?post=5647"},{"taxonomy":"product_cat","embeddable":true,"href":"https:\/\/www.vallonchene.fr\/es\/wp-json\/wp\/v2\/product_cat?post=5647"},{"taxonomy":"product_tag","embeddable":true,"href":"https:\/\/www.vallonchene.fr\/es\/wp-json\/wp\/v2\/product_tag?post=5647"}],"curies":[{"name":"wp","href":"https:\/\/api.w.org\/{rel}","templated":true}]}}