{"id":56149,"date":"2025-11-30T10:39:16","date_gmt":"2025-11-30T09:39:16","guid":{"rendered":"https:\/\/www.vallonchene.fr\/produit\/chamaecyparis-lawsoniana-pembury-blue\/"},"modified":"2025-11-30T10:39:16","modified_gmt":"2025-11-30T09:39:16","slug":"chamaecyparis-lawsoniana-pembury-blue","status":"publish","type":"product","link":"https:\/\/www.vallonchene.fr\/es\/producto\/chamaecyparis-lawsoniana-pembury-blue\/","title":{"rendered":"CHAMAECYPARIS lawsoniana &#8216;Pembury Blue&#8217;"},"content":{"rendered":"<h2>La Planta<\/h2>\n<p>El <strong>CHAMAECYPARIS lawsoniana &#8216;Pembury Blue&#8217;<\/strong>, com\u00fanmente llamado <strong>falso cipr\u00e9s de Lawson azul<\/strong>, es reconocido por el follaje <strong>de un color excepcional<\/strong> (ver fotos). Es uno de los con\u00edferos m\u00e1s azules. Su tonalidad, <g id=\"gid_3\">m\u00e1s intensa en verano<\/g>, cautiva las miradas. Aporta un toque muy elegante al jard\u00edn.   <\/p>\n<p>Luego, a diferencia de la especie tipo, <strong>crece mucho m\u00e1s lentamente<\/strong>. El ejemplar de nuestra foto tiene unos quince a\u00f1os y apenas alcanza un metro cincuenta de altura con un porte c\u00f3nico. <\/p>\n<p><strong>escaso desarrollo<\/strong><\/p>\n<p>Esta planta resiste mucho mejor que otras tanto a los ataques de la fauna silvestre, en caso de que ocurran, como a las bajas temperaturas. De hecho, el ejemplar del <a href=\"https:\/\/jardin.vallonchene.fr\/es\/\"><strong>Jard\u00edn de Vallonch\u00eane<\/strong><\/a> de la foto sobrevivi\u00f3 sin dificultades a <strong>temperaturas de -22 \u00b0C<\/strong> hace algunos a\u00f1os. <\/p>\n<p>Finalmente, el agradable aspecto est\u00e9tico hace que esta planta sea imprescindible, con su belleza presente durante todo el a\u00f1o.<\/p>\n<h2>\u00bfC\u00f3mo plantar y cuidar el CHAMAECYPARIS lawsoniana &#8216;Pembury Blue&#8217;? <br \/><\/h2>\n<ol>\n<li>\u00bfD\u00f3nde plantarlo? Elija un lugar con un <strong>suelo ligero o normal<\/strong>, bastante drenado y con un <strong>pH \u00e1cido a neutro<\/strong>. El sitio debe estar <strong>bien soleado<\/strong>. <strong>Consejo<\/strong>: para obtener el azul m\u00e1s intenso, debe recibir la luz del sol directamente desde la ma\u00f1ana hasta la tarde.  <\/li>\n<li>\u00bfC\u00f3mo preparar el hoyo de plantaci\u00f3n? Para una preparaci\u00f3n \u00f3ptima del contenedor o del hoyo de plantaci\u00f3n, hemos elaborado unas <a href=\"https:\/\/www.vallonchene.fr\/comment-planter-et-entretenir-des-vegetaux\/\" target=\"_blank\" rel=\"noreferrer noopener\"><strong>instrucciones detalladas que puede consultar aqu\u00ed<\/strong><\/a>.<\/li>\n<li>\n<\/li>\n<\/ol>\n<h3>\u00bfC\u00f3mo se cuida?<\/h3>\n<p><strong>Durante los primeros a\u00f1os asegure un riego regular<\/strong>, especialmente durante los per\u00edodos secos, hasta que el con\u00edfero se haya establecido bien. Riegue al pie de la planta y no el follaje.  Le invitamos a consultar tambi\u00e9n <a href=\"https:\/\/www.vallonchene.fr\/comment-bien-arroser-le-jardin-et-economiser-leau\/\"><strong>nuestros consejos sobre c\u00f3mo regar correctamente y ahorrar agua aqu\u00ed<\/strong><\/a>.<\/p>\n<p><strong>La poda no es realmente necesaria<\/strong>, dado su lento crecimiento y su escaso desarrollo. Si se ve obligado a podar, h\u00e1galo <g id=\"gid_1\">a finales del invierno antes del brote<\/g>. Sin embargo, <strong>evite la poda severa<\/strong>, ya que esta planta no necesariamente regenera nuevas ramas en la madera gruesa.  <\/p>\n<h2>Historia y Origen<\/h2>\n<p>La selecci\u00f3n hort\u00edcola **CHAMAECYPARIS lawsoniana &#8216;Pembury Blue&#8217;** fue desarrollada para acentuar las cualidades est\u00e9ticas de su follaje extraordinariamente azul. Aunque goza de un gran \u00e9xito entre los jardineros coleccionistas, sigue siendo poco conocido por el gran p\u00fablico. Puede calificarse como una planta de colecci\u00f3n.  <\/p>\n<p>La especie tipo, CHAMAECYPARIS lawsoniana, tiene sus or\u00edgenes en Am\u00e9rica del Norte, principalmente en las regiones del <strong><a href=\"https:\/\/fr.wikipedia.org\/wiki\/Californie_du_Nord\" target=\"_blank\" rel=\"noopener\">norte de California<\/a><\/strong> y <a href=\"https:\/\/fr.wikipedia.org\/wiki\/Oregon\" target=\"_blank\" rel=\"noopener\"><strong>Oreg\u00f3n<\/strong><\/a>.<\/p>\n<p>Adem\u00e1s, la corteza gruesa proporciona una excelente resistencia al calor y a los incendios forestales.<\/p>\n<p>En la naturaleza, esta especie se ve amenazada. Los euroamericanos la descubrieron en la d\u00e9cada de 1850. <\/p>\n<p>La madera es ligera y presenta una buena resistencia mec\u00e1nica, incluso despu\u00e9s de largos per\u00edodos de exposici\u00f3n al agua salada. Se utilizaba en la construcci\u00f3n de barcos. <\/p>\n","protected":false},"excerpt":{"rendered":"<p>Este <strong>falso cipr\u00e9s de Lawson<\/strong> tiene un follaje azul brillante. <g id=\"gid_1\">CHAMAECYPARIS lawsoniana &#8216;Pembury Blue&#8217;<\/g> es probablemente la m\u00e1s azul de las CHAMAECYPARIS. Tiene un puerto c\u00f3nico.  <\/p>\n<p>&nbsp;<\/p>\n","protected":false},"featured_media":51655,"comment_status":"open","ping_status":"closed","template":"","meta":[],"product_brand":[],"product_cat":[11502],"product_tag":[11963,11964],"class_list":{"0":"post-56149","1":"product","2":"type-product","3":"status-publish","4":"has-post-thumbnail","6":"product_cat-coniferas","7":"product_tag-chamaecyparis-es","8":"product_tag-chamaecyparis-lawsoniana-es","9":"pa_99-hauteurapproximativeapres1-1_00-a-1_50-m","10":"pa_couleurdufeuillage-azul","11":"pa_exigencesenhumidite-promedio","12":"pa_exigencesenhumidite-seco","13":"pa_expositionspossibles-pleno-sol-de-12-a-17-min","14":"pa_hauteurlivree-100-a-125-cm","15":"pa_hauteurlivree-80-a-100-cm-es","16":"pa_interetauprintemps-follaje","17":"pa_interetauprintemps-habitus","18":"pa_interetenautomne-follaje","19":"pa_interetenautomne-habitus","20":"pa_interetenete-follaje","21":"pa_interetenete-habitus","22":"pa_interetenhiver-follaje","23":"pa_interetenhiver-habitus","24":"pa_naturedufeuillage-siempreverde","25":"pa_naturesdesolpossibles-ligero","26":"pa_naturesdesolpossibles-normal-es","27":"pa_periodedetaille-enero","28":"pa_periodedetaille-febrero","29":"pa_phdusolacceptable-acido-menos-de-6_5","30":"pa_phdusolacceptable-neutro-entre-6_5-y-7_5","31":"pa_portgraphisme-conico","32":"pa_resistanceaufroidrusticite-resistente-por-debajo-de-menos-20-c","33":"pa_tailledepot-maceta-de-7_5-litros","34":"pa_utilisationpossible-aislado","35":"pa_utilisationpossible-arriate","36":"pa_utilisationpossible-contenedor-o-olla","38":"first","39":"instock","40":"taxable","41":"shipping-taxable","42":"purchasable","43":"product-type-variable"},"supplier_id":null,"supplier_sku":"","barcode":null,"atum_controlled":true,"out_stock_date":null,"out_stock_threshold":null,"inheritable":true,"inbound_stock":0,"stock_on_hold":1,"sold_today":0,"sales_last_days":0,"reserved_stock":0,"customer_returns":0,"warehouse_damage":0,"lost_in_post":0,"other_logs":0,"out_stock_days":null,"lost_sales":0,"has_location":false,"update_date":"2026-04-29T08:11:34","atum_locations":[],"atum_stock_status":"instock","restock_status":false,"low_stock_amount":"","sales_update_date":"2026-04-29T08:11:34","calc_backorders":null,"yoast_head":"<!-- This site is optimized with the Yoast SEO Premium plugin v27.5 (Yoast SEO v27.5) - https:\/\/yoast.com\/product\/yoast-seo-premium-wordpress\/ -->\n<title>CHAMAECYPARIS lawsoniana &#039;Pembury Blue&#039; - falso cipr\u00e9s de Lawson<\/title>\n<meta name=\"description\" content=\"Este falso cipr\u00e9s de Lawson tiene un follaje azul brillante. CHAMAECYPARIS lawsoniana &#039;Pembury Blue&#039; es probablemente la m\u00e1s azul de las chamaecyparis.\" \/>\n<meta name=\"robots\" content=\"index, follow, max-snippet:-1, max-image-preview:large, max-video-preview:-1\" \/>\n<link rel=\"canonical\" href=\"https:\/\/www.vallonchene.fr\/es\/producto\/chamaecyparis-lawsoniana-pembury-blue\/\" \/>\n<meta property=\"og:locale\" content=\"es_ES\" \/>\n<meta property=\"og:type\" content=\"article\" \/>\n<meta property=\"og:title\" content=\"CHAMAECYPARIS lawsoniana &#039;Pembury Blue&#039;\" \/>\n<meta property=\"og:description\" content=\"Este falso cipr\u00e9s de Lawson tiene un follaje azul brillante. CHAMAECYPARIS lawsoniana &#039;Pembury Blue&#039; es probablemente la m\u00e1s azul de las chamaecyparis.\" \/>\n<meta property=\"og:url\" content=\"https:\/\/www.vallonchene.fr\/es\/producto\/chamaecyparis-lawsoniana-pembury-blue\/\" \/>\n<meta property=\"og:site_name\" content=\"Vallonch\u00eane\" \/>\n<meta property=\"article:publisher\" content=\"https:\/\/www.facebook.com\/vallonchene.fr\" \/>\n<meta property=\"og:image\" content=\"https:\/\/www.vallonchene.fr\/wp-content\/uploads\/2023\/09\/CHAMAECYPARIS-lawsoniana-Pembury-Blue.webp\" \/>\n\t<meta property=\"og:image:width\" content=\"1200\" \/>\n\t<meta property=\"og:image:height\" content=\"1200\" \/>\n\t<meta property=\"og:image:type\" content=\"image\/webp\" \/>\n<meta name=\"twitter:card\" content=\"summary_large_image\" \/>\n<meta name=\"twitter:label1\" content=\"Disponibilidad\" \/>\n\t<meta name=\"twitter:data1\" content=\"En stock\" \/>\n<script type=\"application\/ld+json\" class=\"yoast-schema-graph\">{\"@context\":\"https:\\\/\\\/schema.org\",\"@graph\":[{\"@type\":\"WebPage\",\"@id\":\"https:\\\/\\\/www.vallonchene.fr\\\/es\\\/producto\\\/chamaecyparis-lawsoniana-pembury-blue\\\/\",\"url\":\"https:\\\/\\\/www.vallonchene.fr\\\/es\\\/producto\\\/chamaecyparis-lawsoniana-pembury-blue\\\/\",\"name\":\"CHAMAECYPARIS lawsoniana 'Pembury Blue' - falso cipr\u00e9s de Lawson\",\"isPartOf\":{\"@id\":\"https:\\\/\\\/www.vallonchene.fr\\\/es\\\/#website\"},\"primaryImageOfPage\":{\"@id\":\"https:\\\/\\\/www.vallonchene.fr\\\/es\\\/producto\\\/chamaecyparis-lawsoniana-pembury-blue\\\/#primaryimage\"},\"image\":{\"@id\":\"https:\\\/\\\/www.vallonchene.fr\\\/es\\\/producto\\\/chamaecyparis-lawsoniana-pembury-blue\\\/#primaryimage\"},\"thumbnailUrl\":\"https:\\\/\\\/www.vallonchene.fr\\\/wp-content\\\/uploads\\\/2023\\\/09\\\/CHAMAECYPARIS-lawsoniana-Pembury-Blue.webp\",\"datePublished\":\"2025-11-30T09:39:16+00:00\",\"description\":\"Este falso cipr\u00e9s de Lawson tiene un follaje azul brillante. CHAMAECYPARIS lawsoniana 'Pembury Blue' es probablemente la m\u00e1s azul de las chamaecyparis.\",\"breadcrumb\":{\"@id\":\"https:\\\/\\\/www.vallonchene.fr\\\/es\\\/producto\\\/chamaecyparis-lawsoniana-pembury-blue\\\/#breadcrumb\"},\"inLanguage\":\"es\",\"potentialAction\":[{\"@type\":\"ReadAction\",\"target\":[\"https:\\\/\\\/www.vallonchene.fr\\\/es\\\/producto\\\/chamaecyparis-lawsoniana-pembury-blue\\\/\"]}]},{\"@type\":\"ImageObject\",\"inLanguage\":\"es\",\"@id\":\"https:\\\/\\\/www.vallonchene.fr\\\/es\\\/producto\\\/chamaecyparis-lawsoniana-pembury-blue\\\/#primaryimage\",\"url\":\"https:\\\/\\\/www.vallonchene.fr\\\/wp-content\\\/uploads\\\/2023\\\/09\\\/CHAMAECYPARIS-lawsoniana-Pembury-Blue.webp\",\"contentUrl\":\"https:\\\/\\\/www.vallonchene.fr\\\/wp-content\\\/uploads\\\/2023\\\/09\\\/CHAMAECYPARIS-lawsoniana-Pembury-Blue.webp\",\"width\":1200,\"height\":1200,\"caption\":\"Primer plano del follaje azul del CHAMAECYPARIS lawsoniana 'Pembury Blue'\"},{\"@type\":\"BreadcrumbList\",\"@id\":\"https:\\\/\\\/www.vallonchene.fr\\\/es\\\/producto\\\/chamaecyparis-lawsoniana-pembury-blue\\\/#breadcrumb\",\"itemListElement\":[{\"@type\":\"ListItem\",\"position\":1,\"name\":\"Home\",\"item\":\"https:\\\/\\\/www.vallonchene.fr\\\/es\\\/\"},{\"@type\":\"ListItem\",\"position\":2,\"name\":\"Tienda\",\"item\":\"https:\\\/\\\/www.vallonchene.fr\\\/tienda\\\/\"},{\"@type\":\"ListItem\",\"position\":3,\"name\":\"CHAMAECYPARIS lawsoniana &#8216;Pembury Blue&#8217;\"}]},{\"@type\":\"WebSite\",\"@id\":\"https:\\\/\\\/www.vallonchene.fr\\\/es\\\/#website\",\"url\":\"https:\\\/\\\/www.vallonchene.fr\\\/es\\\/\",\"name\":\"Vallonch\u00eane\",\"description\":\"El vivero donde la calidad tiene sus ra\u00edces \u2013 Tel.: +33 (0)2.35.90.02.02\",\"publisher\":{\"@id\":\"https:\\\/\\\/www.vallonchene.fr\\\/es\\\/#organization\"},\"potentialAction\":[{\"@type\":\"SearchAction\",\"target\":{\"@type\":\"EntryPoint\",\"urlTemplate\":\"https:\\\/\\\/www.vallonchene.fr\\\/es\\\/?s={search_term_string}\"},\"query-input\":{\"@type\":\"PropertyValueSpecification\",\"valueRequired\":true,\"valueName\":\"search_term_string\"}}],\"inLanguage\":\"es\"},{\"@type\":\"Organization\",\"@id\":\"https:\\\/\\\/www.vallonchene.fr\\\/es\\\/#organization\",\"name\":\"VALLONCHENE\",\"url\":\"https:\\\/\\\/www.vallonchene.fr\\\/es\\\/\",\"logo\":{\"@type\":\"ImageObject\",\"inLanguage\":\"es\",\"@id\":\"https:\\\/\\\/www.vallonchene.fr\\\/es\\\/#\\\/schema\\\/logo\\\/image\\\/\",\"url\":\"https:\\\/\\\/www.vallonchene.fr\\\/wp-content\\\/uploads\\\/2023\\\/03\\\/Logo-Vallonchene-site-et-R_hauteur_100.png\",\"contentUrl\":\"https:\\\/\\\/www.vallonchene.fr\\\/wp-content\\\/uploads\\\/2023\\\/03\\\/Logo-Vallonchene-site-et-R_hauteur_100.png\",\"width\":221,\"height\":100,\"caption\":\"VALLONCHENE\"},\"image\":{\"@id\":\"https:\\\/\\\/www.vallonchene.fr\\\/es\\\/#\\\/schema\\\/logo\\\/image\\\/\"},\"sameAs\":[\"https:\\\/\\\/www.facebook.com\\\/vallonchene.fr\",\"https:\\\/\\\/www.instagram.com\\\/vallonchene\\\/\",\"https:\\\/\\\/www.pinterest.fr\\\/vallonchene\\\/\"],\"taxID\":\"49454502300017\",\"hasMerchantReturnPolicy\":{\"@type\":\"MerchantReturnPolicy\",\"merchantReturnLink\":\"https:\\\/\\\/www.vallonchene.fr\\\/remboursements_retours\\\/\"}}]}<\/script>\n<meta property=\"og:availability\" content=\"instock\" \/>\n<meta property=\"product:availability\" content=\"instock\" \/>\n<meta property=\"product:condition\" content=\"new\" \/>\n<!-- \/ Yoast SEO Premium plugin. -->","yoast_head_json":{"title":"CHAMAECYPARIS lawsoniana 'Pembury Blue' - falso cipr\u00e9s de Lawson","description":"Este falso cipr\u00e9s de Lawson tiene un follaje azul brillante. CHAMAECYPARIS lawsoniana 'Pembury Blue' es probablemente la m\u00e1s azul de las chamaecyparis.","robots":{"index":"index","follow":"follow","max-snippet":"max-snippet:-1","max-image-preview":"max-image-preview:large","max-video-preview":"max-video-preview:-1"},"canonical":"https:\/\/www.vallonchene.fr\/es\/producto\/chamaecyparis-lawsoniana-pembury-blue\/","og_locale":"es_ES","og_type":"article","og_title":"CHAMAECYPARIS lawsoniana 'Pembury Blue'","og_description":"Este falso cipr\u00e9s de Lawson tiene un follaje azul brillante. CHAMAECYPARIS lawsoniana 'Pembury Blue' es probablemente la m\u00e1s azul de las chamaecyparis.","og_url":"https:\/\/www.vallonchene.fr\/es\/producto\/chamaecyparis-lawsoniana-pembury-blue\/","og_site_name":"Vallonch\u00eane","article_publisher":"https:\/\/www.facebook.com\/vallonchene.fr","og_image":[{"width":1200,"height":1200,"url":"https:\/\/www.vallonchene.fr\/wp-content\/uploads\/2023\/09\/CHAMAECYPARIS-lawsoniana-Pembury-Blue.webp","type":"image\/webp"}],"twitter_card":"summary_large_image","twitter_misc":{"Disponibilidad":"En stock"},"schema":{"@context":"https:\/\/schema.org","@graph":[{"@type":"WebPage","@id":"https:\/\/www.vallonchene.fr\/es\/producto\/chamaecyparis-lawsoniana-pembury-blue\/","url":"https:\/\/www.vallonchene.fr\/es\/producto\/chamaecyparis-lawsoniana-pembury-blue\/","name":"CHAMAECYPARIS lawsoniana 'Pembury Blue' - falso cipr\u00e9s de Lawson","isPartOf":{"@id":"https:\/\/www.vallonchene.fr\/es\/#website"},"primaryImageOfPage":{"@id":"https:\/\/www.vallonchene.fr\/es\/producto\/chamaecyparis-lawsoniana-pembury-blue\/#primaryimage"},"image":{"@id":"https:\/\/www.vallonchene.fr\/es\/producto\/chamaecyparis-lawsoniana-pembury-blue\/#primaryimage"},"thumbnailUrl":"https:\/\/www.vallonchene.fr\/wp-content\/uploads\/2023\/09\/CHAMAECYPARIS-lawsoniana-Pembury-Blue.webp","datePublished":"2025-11-30T09:39:16+00:00","description":"Este falso cipr\u00e9s de Lawson tiene un follaje azul brillante. CHAMAECYPARIS lawsoniana 'Pembury Blue' es probablemente la m\u00e1s azul de las chamaecyparis.","breadcrumb":{"@id":"https:\/\/www.vallonchene.fr\/es\/producto\/chamaecyparis-lawsoniana-pembury-blue\/#breadcrumb"},"inLanguage":"es","potentialAction":[{"@type":"ReadAction","target":["https:\/\/www.vallonchene.fr\/es\/producto\/chamaecyparis-lawsoniana-pembury-blue\/"]}]},{"@type":"ImageObject","inLanguage":"es","@id":"https:\/\/www.vallonchene.fr\/es\/producto\/chamaecyparis-lawsoniana-pembury-blue\/#primaryimage","url":"https:\/\/www.vallonchene.fr\/wp-content\/uploads\/2023\/09\/CHAMAECYPARIS-lawsoniana-Pembury-Blue.webp","contentUrl":"https:\/\/www.vallonchene.fr\/wp-content\/uploads\/2023\/09\/CHAMAECYPARIS-lawsoniana-Pembury-Blue.webp","width":1200,"height":1200,"caption":"Primer plano del follaje azul del CHAMAECYPARIS lawsoniana 'Pembury Blue'"},{"@type":"BreadcrumbList","@id":"https:\/\/www.vallonchene.fr\/es\/producto\/chamaecyparis-lawsoniana-pembury-blue\/#breadcrumb","itemListElement":[{"@type":"ListItem","position":1,"name":"Home","item":"https:\/\/www.vallonchene.fr\/es\/"},{"@type":"ListItem","position":2,"name":"Tienda","item":"https:\/\/www.vallonchene.fr\/tienda\/"},{"@type":"ListItem","position":3,"name":"CHAMAECYPARIS lawsoniana &#8216;Pembury Blue&#8217;"}]},{"@type":"WebSite","@id":"https:\/\/www.vallonchene.fr\/es\/#website","url":"https:\/\/www.vallonchene.fr\/es\/","name":"Vallonch\u00eane","description":"El vivero donde la calidad tiene sus ra\u00edces \u2013 Tel.: +33 (0)2.35.90.02.02","publisher":{"@id":"https:\/\/www.vallonchene.fr\/es\/#organization"},"potentialAction":[{"@type":"SearchAction","target":{"@type":"EntryPoint","urlTemplate":"https:\/\/www.vallonchene.fr\/es\/?s={search_term_string}"},"query-input":{"@type":"PropertyValueSpecification","valueRequired":true,"valueName":"search_term_string"}}],"inLanguage":"es"},{"@type":"Organization","@id":"https:\/\/www.vallonchene.fr\/es\/#organization","name":"VALLONCHENE","url":"https:\/\/www.vallonchene.fr\/es\/","logo":{"@type":"ImageObject","inLanguage":"es","@id":"https:\/\/www.vallonchene.fr\/es\/#\/schema\/logo\/image\/","url":"https:\/\/www.vallonchene.fr\/wp-content\/uploads\/2023\/03\/Logo-Vallonchene-site-et-R_hauteur_100.png","contentUrl":"https:\/\/www.vallonchene.fr\/wp-content\/uploads\/2023\/03\/Logo-Vallonchene-site-et-R_hauteur_100.png","width":221,"height":100,"caption":"VALLONCHENE"},"image":{"@id":"https:\/\/www.vallonchene.fr\/es\/#\/schema\/logo\/image\/"},"sameAs":["https:\/\/www.facebook.com\/vallonchene.fr","https:\/\/www.instagram.com\/vallonchene\/","https:\/\/www.pinterest.fr\/vallonchene\/"],"taxID":"49454502300017","hasMerchantReturnPolicy":{"@type":"MerchantReturnPolicy","merchantReturnLink":"https:\/\/www.vallonchene.fr\/remboursements_retours\/"}}]},"og_availability":"instock","product_availability":"instock","product_condition":"new"},"_links":{"self":[{"href":"https:\/\/www.vallonchene.fr\/es\/wp-json\/wp\/v2\/product\/56149","targetHints":{"allow":["GET"]}}],"collection":[{"href":"https:\/\/www.vallonchene.fr\/es\/wp-json\/wp\/v2\/product"}],"about":[{"href":"https:\/\/www.vallonchene.fr\/es\/wp-json\/wp\/v2\/types\/product"}],"replies":[{"embeddable":true,"href":"https:\/\/www.vallonchene.fr\/es\/wp-json\/wp\/v2\/comments?post=56149"}],"wp:featuredmedia":[{"embeddable":true,"href":"https:\/\/www.vallonchene.fr\/es\/wp-json\/wp\/v2\/media\/51655"}],"wp:attachment":[{"href":"https:\/\/www.vallonchene.fr\/es\/wp-json\/wp\/v2\/media?parent=56149"}],"wp:term":[{"taxonomy":"product_brand","embeddable":true,"href":"https:\/\/www.vallonchene.fr\/es\/wp-json\/wp\/v2\/product_brand?post=56149"},{"taxonomy":"product_cat","embeddable":true,"href":"https:\/\/www.vallonchene.fr\/es\/wp-json\/wp\/v2\/product_cat?post=56149"},{"taxonomy":"product_tag","embeddable":true,"href":"https:\/\/www.vallonchene.fr\/es\/wp-json\/wp\/v2\/product_tag?post=56149"}],"curies":[{"name":"wp","href":"https:\/\/api.w.org\/{rel}","templated":true}]}}