{"id":56086,"date":"2025-11-28T16:21:01","date_gmt":"2025-11-28T15:21:01","guid":{"rendered":"https:\/\/www.vallonchene.fr\/produit\/davidia-involucrata-lady-sunshine\/"},"modified":"2026-02-05T11:01:03","modified_gmt":"2026-02-05T10:01:03","slug":"davidia-involucrata-lady-sunshine","status":"publish","type":"product","link":"https:\/\/www.vallonchene.fr\/es\/producto\/davidia-involucrata-lady-sunshine\/","title":{"rendered":"DAVIDIA involucrata &#8216;Lady Sunshine&#8217;"},"content":{"rendered":"<h2>La Planta<\/h2>\n<p>El <em>DAVIDIA involucrata &#8216;Lady Sunshine&#8217;<\/em> es un \u00e1rbol de los pa\u00f1uelos con follaje variegado extremadamente raro y muy buscado por los coleccionistas. Cabe destacar que esta variegaci\u00f3n es especialmente estable, a diferencia de otras apariciones de este tipo en la historia, como \u2018Aya Nishiki\u2019. <\/p>\n<p>Sus hojas son verdes con un margen amplio que empieza de un amarillo claro en primavera y se vuelve blanco crema al madurar. Es un follaje muy luminoso (ver fotos). <\/p>\n<p>Adem\u00e1s, las flores aparecen despu\u00e9s de solo 2 a 3 a\u00f1os y se parecen a las de la especie tipo <em>DAVIDIA involucrata<\/em>.<\/p>\n<p>Sin embargo, este cultivar crece mucho m\u00e1s despacio y alcanza una altura bastante menor. Por ello, D. \u2018Lady Sunshine\u2019 tambi\u00e9n se adapta muy bien a jardines de menor tama\u00f1o, donde puede brillar como un peque\u00f1o sol. <\/p>\n<p>Finalmente, este \u00e1rbol de los pa\u00f1uelos resiste temperaturas por debajo de \u201320 \u00b0C.<\/p>\n<p>Para ver todas las variantes de DAVIDIA actualmente disponibles para la venta, <strong><a href=\"https:\/\/www.vallonchene.fr\/?s=davidia&amp;post_type=product&amp;lang=fr&amp;filter_stock_status=instock\">haga clic aqu\u00ed<\/a><\/strong>.<\/p>\n<h2>Historia y Origen<\/h2>\n<p>La especie tipo <em>DAVIDIA involucrata<\/em> proviene de China y, m\u00e1s concretamente, de las provincias monta\u00f1osas de Sichuan, Hubei, Guizhou, Yunnan y Gansu. All\u00ed crece a altitudes de 1000 a 2500 metros, en bosques h\u00famedos y frescos. Este \u00e1rbol excepcional permaneci\u00f3 desconocido durante mucho tiempo para el mundo occidental.  <\/p>\n<p>El <em>padre Armand David<\/em> (misionero lazarista franc\u00e9s) descubri\u00f3 el \u00e1rbol en China en 1869. El g\u00e9nero <em>DAVIDIA<\/em> lleva su nombre en su honor. Fue introducido en Europa a comienzos de los a\u00f1os 1900. Los primeros \u00e1rboles plantados en Europa florecieron entre 1910 y 1915. La especie se convirti\u00f3 r\u00e1pidamente en un \u00e1rbol ornamental prestigioso.    <\/p>\n<p>A comienzos de los a\u00f1os 2000, el <em>DAVIDIA involucrata &#8216;Lady Sunshine&#8217;<\/em> apareci\u00f3 en el Reino Unido como una mutaci\u00f3n natural (sport). Esto lo convierte en uno de los cultivares m\u00e1s recientes. Muy r\u00e1pidamente, se volvi\u00f3 uno de los m\u00e1s buscados en Europa.  <\/p>\n<p>Adem\u00e1s, la especie se clasifica hoy como vulnerable en su h\u00e1bitat natural. Estas son las causas principales: <\/p>\n<ul>\n<li>Distribuci\u00f3n geogr\u00e1fica fragmentada<\/li>\n<li>Presi\u00f3n humana sobre los bosques chinos<\/li>\n<li>Regeneraci\u00f3n lenta<\/li>\n<li>Producci\u00f3n baja de semillas en ciertos a\u00f1os<\/li>\n<\/ul>\n<h2>\u00bfC\u00f3mo plantar y cuidar el DAVIDIA involucrata &#8216;Lady Sunshine&#8217;?<\/h2>\n<h3>La Plantaci\u00f3n<\/h3>\n<p>Este <em>\u00e1rbol de los pa\u00f1uelos<\/em> pertenece al grupo de plantas relativamente f\u00e1ciles de mantener. No obstante, tenga en cuenta los siguientes puntos para ofrecerle las mejores condiciones de crecimiento: <\/p>\n<ol>\n<li>Encu\u00e9ntrele un lugar a media sombra o a pleno sol. En Vallonch\u00eane, todos nuestros <em>DAVIDIA<\/em> se encuentran a pleno sol y se desarrollan bien. <\/li>\n<li>Puede plantarlo como ejemplar aislado o dentro de un macizo.<\/li>\n<li>El suelo debe ser ligero o normal con un pH \u00e1cido, neutro o calc\u00e1reo.<\/li>\n<li>Prefiere un lugar moderadamente h\u00famedo.<\/li>\n<li><a href=\"https:\/\/www.vallonchene.fr\/comment-planter-et-entretenir-des-vegetaux\/comment-planter-et-entretenir-arbres-arbustes-et-coniferes\/\" target=\"_blank\" rel=\"noreferrer noopener\"><strong>Para una buena preparaci\u00f3n del hoyo de plantaci\u00f3n, hemos dise\u00f1ado instrucciones espec\u00edficas disponibles aqu\u00ed<\/strong><\/a>.<\/li>\n<\/ol>\n<h3>El cuidado<br \/><\/h3>\n<p>A pesar de las exigencias modestas del DAVIDIA involucrata &#8216;Lady Sunshine&#8217;, siga el riego durante los dos primeros a\u00f1os despu\u00e9s de la plantaci\u00f3n, especialmente en los periodos secos. Esto le garantizar\u00e1 un buen establecimiento. <a href=\"https:\/\/www.vallonchene.fr\/comment-bien-arroser-le-jardin-et-economiser-leau\/\"><strong>Lea tambi\u00e9n nuestros consejos sobre c\u00f3mo regar correctamente y ahorrar agua aqu\u00ed<\/strong><\/a>.  <\/p>\n<p>Puede podarlo en enero o febrero si lo considera necesario. Sin embargo, no lo pode de manera demasiado severa. Le recomendamos limitarse a lo estrictamente imprescindible, ya que, seg\u00fan nuestra experiencia, esta planta puede reaccionar con cierta sensibilidad a la poda.  <\/p>\n","protected":false},"excerpt":{"rendered":"<p>El <strong>DAVIDIA involucrata &#8216;Lady Sunshine&#8217;<\/strong> (<strong>\u00e1rbol de los pa\u00f1uelos<\/strong>) es una planta extremadamente rara que desarrolla hojas verdes bordeadas de blanco. Las flores siguen pareciendo pa\u00f1uelos blancos. Crece m\u00e1s peque\u00f1o que la especie t\u00edpica.  <\/p>\n","protected":false},"featured_media":56794,"comment_status":"open","ping_status":"closed","template":"","meta":[],"product_brand":[],"product_cat":[11499,11821],"product_tag":[12736,12735],"class_list":{"0":"post-56086","1":"product","2":"type-product","3":"status-publish","4":"has-post-thumbnail","6":"product_cat-arbustos-y-arboles","7":"product_cat-plantas-raras-plantas-de-coleccion","8":"product_tag-davidia","9":"product_tag-davidia-involucrata","10":"pa_99-hauteurapproximativeapres1-2-a-3-m","11":"pa_couleurdesfleurs-blanca","12":"pa_couleurdufeuillage-amarilla","13":"pa_couleurdufeuillage-blanca","14":"pa_couleurdufeuillage-variado","15":"pa_couleurdufeuillage-verde","16":"pa_exigencesenhumidite-promedio","17":"pa_expositionspossibles-pleno-sol-de-12-a-17-min","18":"pa_expositionspossibles-sombra-parcial-evitar-el-sol-de-12-a-17-horas","19":"pa_hauteurlivree-80-a-100-cm-es","20":"pa_interetauprintemps-flores","21":"pa_interetauprintemps-follaje","22":"pa_interetenautomne-follaje","23":"pa_interetenete-follaje","24":"pa_naturedufeuillage-caduco","25":"pa_naturesdesolpossibles-ligero","26":"pa_naturesdesolpossibles-normal-es","27":"pa_periodedefloraison-primavera","28":"pa_phdusolacceptable-acido-menos-de-6_5","29":"pa_phdusolacceptable-calcareo-mas-de-7_5","30":"pa_phdusolacceptable-neutro-entre-6_5-y-7_5","31":"pa_portgraphisme-globoso","32":"pa_resistanceaufroidrusticite-resistente-por-debajo-de-menos-20-c","33":"pa_tailledepot-maceta-de-5-litros","34":"pa_utilisationpossible-aislado","35":"pa_utilisationpossible-arriate","37":"first","38":"outofstock","39":"taxable","40":"shipping-taxable","41":"purchasable","42":"product-type-variable"},"supplier_id":null,"supplier_sku":"","barcode":null,"atum_controlled":true,"out_stock_date":null,"out_stock_threshold":null,"inheritable":true,"inbound_stock":0,"stock_on_hold":0,"sold_today":0,"sales_last_days":0,"reserved_stock":0,"customer_returns":0,"warehouse_damage":0,"lost_in_post":0,"other_logs":0,"out_stock_days":null,"lost_sales":0,"has_location":false,"update_date":"2026-04-24T14:39:02","atum_locations":[],"atum_stock_status":"instock","restock_status":false,"low_stock_amount":"","sales_update_date":"2026-04-24T14:39:02","calc_backorders":null,"yoast_head":"<!-- This site is optimized with the Yoast SEO Premium plugin v27.4 (Yoast SEO v27.4) - https:\/\/yoast.com\/product\/yoast-seo-premium-wordpress\/ -->\n<title>DAVIDIA involucrata &#039;Lady Sunshine&#039; - \u00c1rbol de los pa\u00f1uelos<\/title>\n<meta name=\"description\" content=\"El DAVIDIA involucrata &#039;Lady Sunshine&#039; (\u00e1rbol de los pa\u00f1uelos) es una planta extremadamente rara que desarrolla hojas verdes bordeadas de blanco.\" \/>\n<meta name=\"robots\" content=\"index, follow, max-snippet:-1, max-image-preview:large, max-video-preview:-1\" \/>\n<link rel=\"canonical\" href=\"https:\/\/www.vallonchene.fr\/es\/producto\/davidia-involucrata-lady-sunshine\/\" \/>\n<meta property=\"og:locale\" content=\"es_ES\" \/>\n<meta property=\"og:type\" content=\"article\" \/>\n<meta property=\"og:title\" content=\"DAVIDIA involucrata &#039;Lady Sunshine&#039;\" \/>\n<meta property=\"og:description\" content=\"El DAVIDIA involucrata &#039;Lady Sunshine&#039; (\u00e1rbol de los pa\u00f1uelos) es una planta extremadamente rara que desarrolla hojas verdes bordeadas de blanco.\" \/>\n<meta property=\"og:url\" content=\"https:\/\/www.vallonchene.fr\/es\/producto\/davidia-involucrata-lady-sunshine\/\" \/>\n<meta property=\"og:site_name\" content=\"Vallonch\u00eane\" \/>\n<meta property=\"article:publisher\" content=\"https:\/\/www.facebook.com\/vallonchene.fr\" \/>\n<meta property=\"article:modified_time\" content=\"2026-02-05T10:01:03+00:00\" \/>\n<meta property=\"og:image\" content=\"https:\/\/www.vallonchene.fr\/wp-content\/uploads\/2026\/02\/DAVIDIA-involucrata-Lady-Sunshine.webp\" \/>\n\t<meta property=\"og:image:width\" content=\"1024\" \/>\n\t<meta property=\"og:image:height\" content=\"1024\" \/>\n\t<meta property=\"og:image:type\" content=\"image\/webp\" \/>\n<meta name=\"twitter:card\" content=\"summary_large_image\" \/>\n<meta name=\"twitter:label1\" content=\"Disponibilidad\" \/>\n\t<meta name=\"twitter:data1\" content=\"Agotado\" \/>\n<script type=\"application\/ld+json\" class=\"yoast-schema-graph\">{\"@context\":\"https:\\\/\\\/schema.org\",\"@graph\":[{\"@type\":\"WebPage\",\"@id\":\"https:\\\/\\\/www.vallonchene.fr\\\/es\\\/producto\\\/davidia-involucrata-lady-sunshine\\\/\",\"url\":\"https:\\\/\\\/www.vallonchene.fr\\\/es\\\/producto\\\/davidia-involucrata-lady-sunshine\\\/\",\"name\":\"DAVIDIA involucrata 'Lady Sunshine' - \u00c1rbol de los pa\u00f1uelos\",\"isPartOf\":{\"@id\":\"https:\\\/\\\/www.vallonchene.fr\\\/es\\\/#website\"},\"primaryImageOfPage\":{\"@id\":\"https:\\\/\\\/www.vallonchene.fr\\\/es\\\/producto\\\/davidia-involucrata-lady-sunshine\\\/#primaryimage\"},\"image\":{\"@id\":\"https:\\\/\\\/www.vallonchene.fr\\\/es\\\/producto\\\/davidia-involucrata-lady-sunshine\\\/#primaryimage\"},\"thumbnailUrl\":\"https:\\\/\\\/www.vallonchene.fr\\\/wp-content\\\/uploads\\\/2026\\\/02\\\/DAVIDIA-involucrata-Lady-Sunshine.webp\",\"datePublished\":\"2025-11-28T15:21:01+00:00\",\"dateModified\":\"2026-02-05T10:01:03+00:00\",\"description\":\"El DAVIDIA involucrata 'Lady Sunshine' (\u00e1rbol de los pa\u00f1uelos) es una planta extremadamente rara que desarrolla hojas verdes bordeadas de blanco.\",\"breadcrumb\":{\"@id\":\"https:\\\/\\\/www.vallonchene.fr\\\/es\\\/producto\\\/davidia-involucrata-lady-sunshine\\\/#breadcrumb\"},\"inLanguage\":\"es\",\"potentialAction\":[{\"@type\":\"ReadAction\",\"target\":[\"https:\\\/\\\/www.vallonchene.fr\\\/es\\\/producto\\\/davidia-involucrata-lady-sunshine\\\/\"]}]},{\"@type\":\"ImageObject\",\"inLanguage\":\"es\",\"@id\":\"https:\\\/\\\/www.vallonchene.fr\\\/es\\\/producto\\\/davidia-involucrata-lady-sunshine\\\/#primaryimage\",\"url\":\"https:\\\/\\\/www.vallonchene.fr\\\/wp-content\\\/uploads\\\/2026\\\/02\\\/DAVIDIA-involucrata-Lady-Sunshine.webp\",\"contentUrl\":\"https:\\\/\\\/www.vallonchene.fr\\\/wp-content\\\/uploads\\\/2026\\\/02\\\/DAVIDIA-involucrata-Lady-Sunshine.webp\",\"width\":1024,\"height\":1024,\"caption\":\"La flor del DAVIDIA involucrata 'Lady Sunshine' y su follaje variegado\"},{\"@type\":\"BreadcrumbList\",\"@id\":\"https:\\\/\\\/www.vallonchene.fr\\\/es\\\/producto\\\/davidia-involucrata-lady-sunshine\\\/#breadcrumb\",\"itemListElement\":[{\"@type\":\"ListItem\",\"position\":1,\"name\":\"Home\",\"item\":\"https:\\\/\\\/www.vallonchene.fr\\\/es\\\/\"},{\"@type\":\"ListItem\",\"position\":2,\"name\":\"Tienda\",\"item\":\"https:\\\/\\\/www.vallonchene.fr\\\/tienda\\\/\"},{\"@type\":\"ListItem\",\"position\":3,\"name\":\"Venta en linea\",\"item\":\"https:\\\/\\\/www.vallonchene.fr\\\/es\\\/categoria-producto\\\/venta-en-linea\\\/\"},{\"@type\":\"ListItem\",\"position\":4,\"name\":\"Vivero\",\"item\":\"https:\\\/\\\/www.vallonchene.fr\\\/es\\\/categoria-producto\\\/venta-en-linea\\\/vivero\\\/\"},{\"@type\":\"ListItem\",\"position\":5,\"name\":\"Arbustos y \u00e1rboles\",\"item\":\"https:\\\/\\\/www.vallonchene.fr\\\/es\\\/categoria-producto\\\/venta-en-linea\\\/vivero\\\/arbustos-y-arboles\\\/\"},{\"@type\":\"ListItem\",\"position\":6,\"name\":\"DAVIDIA involucrata &#8216;Lady Sunshine&#8217;\"}]},{\"@type\":\"WebSite\",\"@id\":\"https:\\\/\\\/www.vallonchene.fr\\\/es\\\/#website\",\"url\":\"https:\\\/\\\/www.vallonchene.fr\\\/es\\\/\",\"name\":\"Vallonch\u00eane\",\"description\":\"El vivero donde la calidad tiene sus ra\u00edces \u2013 Tel.: +33 (0)2.35.90.02.02\",\"publisher\":{\"@id\":\"https:\\\/\\\/www.vallonchene.fr\\\/es\\\/#organization\"},\"potentialAction\":[{\"@type\":\"SearchAction\",\"target\":{\"@type\":\"EntryPoint\",\"urlTemplate\":\"https:\\\/\\\/www.vallonchene.fr\\\/es\\\/?s={search_term_string}\"},\"query-input\":{\"@type\":\"PropertyValueSpecification\",\"valueRequired\":true,\"valueName\":\"search_term_string\"}}],\"inLanguage\":\"es\"},{\"@type\":\"Organization\",\"@id\":\"https:\\\/\\\/www.vallonchene.fr\\\/es\\\/#organization\",\"name\":\"VALLONCHENE\",\"url\":\"https:\\\/\\\/www.vallonchene.fr\\\/es\\\/\",\"logo\":{\"@type\":\"ImageObject\",\"inLanguage\":\"es\",\"@id\":\"https:\\\/\\\/www.vallonchene.fr\\\/es\\\/#\\\/schema\\\/logo\\\/image\\\/\",\"url\":\"https:\\\/\\\/www.vallonchene.fr\\\/wp-content\\\/uploads\\\/2023\\\/03\\\/Logo-Vallonchene-site-et-R_hauteur_100.png\",\"contentUrl\":\"https:\\\/\\\/www.vallonchene.fr\\\/wp-content\\\/uploads\\\/2023\\\/03\\\/Logo-Vallonchene-site-et-R_hauteur_100.png\",\"width\":221,\"height\":100,\"caption\":\"VALLONCHENE\"},\"image\":{\"@id\":\"https:\\\/\\\/www.vallonchene.fr\\\/es\\\/#\\\/schema\\\/logo\\\/image\\\/\"},\"sameAs\":[\"https:\\\/\\\/www.facebook.com\\\/vallonchene.fr\",\"https:\\\/\\\/www.instagram.com\\\/vallonchene\\\/\",\"https:\\\/\\\/www.pinterest.fr\\\/vallonchene\\\/\"],\"taxID\":\"49454502300017\",\"hasMerchantReturnPolicy\":{\"@type\":\"MerchantReturnPolicy\",\"merchantReturnLink\":\"https:\\\/\\\/www.vallonchene.fr\\\/remboursements_retours\\\/\"}}]}<\/script>\n<meta property=\"og:availability\" content=\"out of stock\" \/>\n<meta property=\"product:availability\" content=\"out of stock\" \/>\n<meta property=\"product:condition\" content=\"new\" \/>\n<!-- \/ Yoast SEO Premium plugin. -->","yoast_head_json":{"title":"DAVIDIA involucrata 'Lady Sunshine' - \u00c1rbol de los pa\u00f1uelos","description":"El DAVIDIA involucrata 'Lady Sunshine' (\u00e1rbol de los pa\u00f1uelos) es una planta extremadamente rara que desarrolla hojas verdes bordeadas de blanco.","robots":{"index":"index","follow":"follow","max-snippet":"max-snippet:-1","max-image-preview":"max-image-preview:large","max-video-preview":"max-video-preview:-1"},"canonical":"https:\/\/www.vallonchene.fr\/es\/producto\/davidia-involucrata-lady-sunshine\/","og_locale":"es_ES","og_type":"article","og_title":"DAVIDIA involucrata 'Lady Sunshine'","og_description":"El DAVIDIA involucrata 'Lady Sunshine' (\u00e1rbol de los pa\u00f1uelos) es una planta extremadamente rara que desarrolla hojas verdes bordeadas de blanco.","og_url":"https:\/\/www.vallonchene.fr\/es\/producto\/davidia-involucrata-lady-sunshine\/","og_site_name":"Vallonch\u00eane","article_publisher":"https:\/\/www.facebook.com\/vallonchene.fr","article_modified_time":"2026-02-05T10:01:03+00:00","og_image":[{"width":1024,"height":1024,"url":"https:\/\/www.vallonchene.fr\/wp-content\/uploads\/2026\/02\/DAVIDIA-involucrata-Lady-Sunshine.webp","type":"image\/webp"}],"twitter_card":"summary_large_image","twitter_misc":{"Disponibilidad":"Agotado"},"schema":{"@context":"https:\/\/schema.org","@graph":[{"@type":"WebPage","@id":"https:\/\/www.vallonchene.fr\/es\/producto\/davidia-involucrata-lady-sunshine\/","url":"https:\/\/www.vallonchene.fr\/es\/producto\/davidia-involucrata-lady-sunshine\/","name":"DAVIDIA involucrata 'Lady Sunshine' - \u00c1rbol de los pa\u00f1uelos","isPartOf":{"@id":"https:\/\/www.vallonchene.fr\/es\/#website"},"primaryImageOfPage":{"@id":"https:\/\/www.vallonchene.fr\/es\/producto\/davidia-involucrata-lady-sunshine\/#primaryimage"},"image":{"@id":"https:\/\/www.vallonchene.fr\/es\/producto\/davidia-involucrata-lady-sunshine\/#primaryimage"},"thumbnailUrl":"https:\/\/www.vallonchene.fr\/wp-content\/uploads\/2026\/02\/DAVIDIA-involucrata-Lady-Sunshine.webp","datePublished":"2025-11-28T15:21:01+00:00","dateModified":"2026-02-05T10:01:03+00:00","description":"El DAVIDIA involucrata 'Lady Sunshine' (\u00e1rbol de los pa\u00f1uelos) es una planta extremadamente rara que desarrolla hojas verdes bordeadas de blanco.","breadcrumb":{"@id":"https:\/\/www.vallonchene.fr\/es\/producto\/davidia-involucrata-lady-sunshine\/#breadcrumb"},"inLanguage":"es","potentialAction":[{"@type":"ReadAction","target":["https:\/\/www.vallonchene.fr\/es\/producto\/davidia-involucrata-lady-sunshine\/"]}]},{"@type":"ImageObject","inLanguage":"es","@id":"https:\/\/www.vallonchene.fr\/es\/producto\/davidia-involucrata-lady-sunshine\/#primaryimage","url":"https:\/\/www.vallonchene.fr\/wp-content\/uploads\/2026\/02\/DAVIDIA-involucrata-Lady-Sunshine.webp","contentUrl":"https:\/\/www.vallonchene.fr\/wp-content\/uploads\/2026\/02\/DAVIDIA-involucrata-Lady-Sunshine.webp","width":1024,"height":1024,"caption":"La flor del DAVIDIA involucrata 'Lady Sunshine' y su follaje variegado"},{"@type":"BreadcrumbList","@id":"https:\/\/www.vallonchene.fr\/es\/producto\/davidia-involucrata-lady-sunshine\/#breadcrumb","itemListElement":[{"@type":"ListItem","position":1,"name":"Home","item":"https:\/\/www.vallonchene.fr\/es\/"},{"@type":"ListItem","position":2,"name":"Tienda","item":"https:\/\/www.vallonchene.fr\/tienda\/"},{"@type":"ListItem","position":3,"name":"Venta en linea","item":"https:\/\/www.vallonchene.fr\/es\/categoria-producto\/venta-en-linea\/"},{"@type":"ListItem","position":4,"name":"Vivero","item":"https:\/\/www.vallonchene.fr\/es\/categoria-producto\/venta-en-linea\/vivero\/"},{"@type":"ListItem","position":5,"name":"Arbustos y \u00e1rboles","item":"https:\/\/www.vallonchene.fr\/es\/categoria-producto\/venta-en-linea\/vivero\/arbustos-y-arboles\/"},{"@type":"ListItem","position":6,"name":"DAVIDIA involucrata &#8216;Lady Sunshine&#8217;"}]},{"@type":"WebSite","@id":"https:\/\/www.vallonchene.fr\/es\/#website","url":"https:\/\/www.vallonchene.fr\/es\/","name":"Vallonch\u00eane","description":"El vivero donde la calidad tiene sus ra\u00edces \u2013 Tel.: +33 (0)2.35.90.02.02","publisher":{"@id":"https:\/\/www.vallonchene.fr\/es\/#organization"},"potentialAction":[{"@type":"SearchAction","target":{"@type":"EntryPoint","urlTemplate":"https:\/\/www.vallonchene.fr\/es\/?s={search_term_string}"},"query-input":{"@type":"PropertyValueSpecification","valueRequired":true,"valueName":"search_term_string"}}],"inLanguage":"es"},{"@type":"Organization","@id":"https:\/\/www.vallonchene.fr\/es\/#organization","name":"VALLONCHENE","url":"https:\/\/www.vallonchene.fr\/es\/","logo":{"@type":"ImageObject","inLanguage":"es","@id":"https:\/\/www.vallonchene.fr\/es\/#\/schema\/logo\/image\/","url":"https:\/\/www.vallonchene.fr\/wp-content\/uploads\/2023\/03\/Logo-Vallonchene-site-et-R_hauteur_100.png","contentUrl":"https:\/\/www.vallonchene.fr\/wp-content\/uploads\/2023\/03\/Logo-Vallonchene-site-et-R_hauteur_100.png","width":221,"height":100,"caption":"VALLONCHENE"},"image":{"@id":"https:\/\/www.vallonchene.fr\/es\/#\/schema\/logo\/image\/"},"sameAs":["https:\/\/www.facebook.com\/vallonchene.fr","https:\/\/www.instagram.com\/vallonchene\/","https:\/\/www.pinterest.fr\/vallonchene\/"],"taxID":"49454502300017","hasMerchantReturnPolicy":{"@type":"MerchantReturnPolicy","merchantReturnLink":"https:\/\/www.vallonchene.fr\/remboursements_retours\/"}}]},"og_availability":"out of stock","product_availability":"out of stock","product_condition":"new"},"_links":{"self":[{"href":"https:\/\/www.vallonchene.fr\/es\/wp-json\/wp\/v2\/product\/56086","targetHints":{"allow":["GET"]}}],"collection":[{"href":"https:\/\/www.vallonchene.fr\/es\/wp-json\/wp\/v2\/product"}],"about":[{"href":"https:\/\/www.vallonchene.fr\/es\/wp-json\/wp\/v2\/types\/product"}],"replies":[{"embeddable":true,"href":"https:\/\/www.vallonchene.fr\/es\/wp-json\/wp\/v2\/comments?post=56086"}],"wp:featuredmedia":[{"embeddable":true,"href":"https:\/\/www.vallonchene.fr\/es\/wp-json\/wp\/v2\/media\/56794"}],"wp:attachment":[{"href":"https:\/\/www.vallonchene.fr\/es\/wp-json\/wp\/v2\/media?parent=56086"}],"wp:term":[{"taxonomy":"product_brand","embeddable":true,"href":"https:\/\/www.vallonchene.fr\/es\/wp-json\/wp\/v2\/product_brand?post=56086"},{"taxonomy":"product_cat","embeddable":true,"href":"https:\/\/www.vallonchene.fr\/es\/wp-json\/wp\/v2\/product_cat?post=56086"},{"taxonomy":"product_tag","embeddable":true,"href":"https:\/\/www.vallonchene.fr\/es\/wp-json\/wp\/v2\/product_tag?post=56086"}],"curies":[{"name":"wp","href":"https:\/\/api.w.org\/{rel}","templated":true}]}}