{"id":55993,"date":"2025-11-26T11:29:30","date_gmt":"2025-11-26T10:29:30","guid":{"rendered":"https:\/\/www.vallonchene.fr\/produit\/callicarpa-kwangtungensis\/"},"modified":"2025-11-27T10:31:18","modified_gmt":"2025-11-27T09:31:18","slug":"callicarpa-kwangtungensis","status":"publish","type":"product","link":"https:\/\/www.vallonchene.fr\/es\/producto\/callicarpa-kwangtungensis\/","title":{"rendered":"CALLICARPA kwangtungensis"},"content":{"rendered":"<h2>La Planta<\/h2>\n<p>El <strong>CALLICARPA kwangtungensis<\/strong>, tambi\u00e9n llamado <strong>baya hermosa de China<\/strong>, no es comparable con otras formas de CALLICARPA comunes. Este arbusto es <g id=\"gid_2\">particularmente espectacular en oto\u00f1o<\/g>. En efecto, presenta entonces <g id=\"gid_3\">frutos rosados e incluso violetas<\/g> en racimos a lo largo de las ramas. Adem\u00e1s, su <strong>follaje caducifolio bastante alargado y habitualmente verde<\/strong> <strong>se colorea en ese momento de amarillo y rosa brillante<\/strong>.   <\/p>\n<p>Esta planta extraordinaria es bastante compacta con un <strong>tama\u00f1o que no supera los 2 metros<\/strong>. Esto la hace <strong>perfecta para los jardines peque\u00f1os, los macizos y los setos<\/strong>. <\/p>\n<p>Luego, su car\u00e1cter raro la convierte en una planta de elecci\u00f3n para los coleccionistas y jardineros en busca de originalidad.<\/p>\n<p>A pesar de todas sus cualidades, este arbusto es <strong>muy f\u00e1cil de cultivar y resistente a los grandes fr\u00edos<\/strong>.<\/p>\n<h2>Origen e Historia<\/h2>\n<p>El bot\u00e1nico <em>Woon Young Chun<\/em> describi\u00f3 el CALLICARPA kwangtungensis por primera vez en 1934. Esta planta est\u00e1 hist\u00f3ricamente vinculada a la regi\u00f3n de Guangdong, lo que se refleja en su nombre vern\u00e1culo chino de <em>Perla violeta de Guangdong<\/em>. En efecto, crece all\u00ed en los bosques subtropicales, a menudo a la sombra de plantas m\u00e1s grandes.  <\/p>\n<p>Finalmente, a diferencia de <em>CALLICARPA bodinieri<\/em> y <em>CALLICARPA americana<\/em>, el C. kwangtungensis se encuentra rara vez a la venta en los viveros.<\/p>\n<h2>\u00bfC\u00f3mo plantar y cuidar el CALLICARPA kwangtungensis?<\/h2>\n<h3>La Plantaci\u00f3n<\/h3>\n<p>Aunque se trata de una planta f\u00e1cil de cultivar, considere los puntos siguientes:<\/p>\n<ol>\n<li>Encu\u00e9ntrele un lugar a media sombra ya que se trata de una planta de sotobosque.<\/li>\n<li>El suelo debe estar medianamente h\u00famedo.<\/li>\n<li>La tierra puede ser ligera o normal con un pH \u00e1cido, neutro o calc\u00e1reo.<\/li>\n<li><a href=\"https:\/\/www.vallonchene.fr\/comment-planter-et-entretenir-des-vegetaux\/comment-planter-et-entretenir-arbres-arbustes-et-coniferes\/\" target=\"_blank\" rel=\"noreferrer noopener\"><strong>Para una buena preparaci\u00f3n del hoyo de plantaci\u00f3n, hemos dise\u00f1ado instrucciones espec\u00edficas disponibles aqu\u00ed<\/strong><\/a>.<\/li>\n<\/ol>\n<h3>El cuidado <br \/><\/h3>\n<p>Como con cualquier planta reci\u00e9n plantada, asegure un riego regular durante los dos primeros a\u00f1os en los per\u00edodos secos. <a href=\"https:\/\/www.vallonchene.fr\/comment-bien-arroser-le-jardin-et-economiser-leau\/\"><strong>Lea tambi\u00e9n nuestros consejos sobre c\u00f3mo regar bien y ahorrar agua aqu\u00ed<\/strong><\/a>. <\/p>\n<p>Si lo considera necesario, puede podar este callicarpo en enero o febrero, pero en cualquier caso antes del desarrollo de los nuevos brotes.<\/p>\n<p>&nbsp;<\/p>\n","protected":false},"excerpt":{"rendered":"<p>El <strong>CALLICARPA kwangtungensis<\/strong> es un arbusto ornamental con bayas violetas resplandecientes. La <strong>baya hermosa de China<\/strong> se presta idealmente para aportar color y elegancia al jard\u00edn en oto\u00f1o. <\/p>\n","protected":false},"featured_media":55989,"comment_status":"open","ping_status":"closed","template":"","meta":[],"product_brand":[],"product_cat":[11499],"product_tag":[12743],"class_list":{"0":"post-55993","1":"product","2":"type-product","3":"status-publish","4":"has-post-thumbnail","6":"product_cat-arbustos-y-arboles","7":"product_tag-callicarpa","8":"pa_99-hauteurapproximativeapres1-1-00-a-1-50-m","9":"pa_couleurautomnaledufeuillage-amarillo","10":"pa_couleurautomnaledufeuillage-rosa","11":"pa_couleurdesfleurs-blanca","12":"pa_couleurdesfruits-rosa-es","13":"pa_couleurnormaledufeuillage-verde","14":"pa_exigencesenhumidite-promedio","15":"pa_expositionspossibles-sombra-parcial-evitar-el-sol-de-12-a-17-horas","16":"pa_hauteurlivree-80-a-100-cm-es","17":"pa_interetauprintemps-follaje","18":"pa_interetenautomne-follaje","19":"pa_interetenautomne-frutas","20":"pa_interetenete-flores","21":"pa_interetenete-follaje","22":"pa_naturedufeuillage-caduco","23":"pa_naturesdesolpossibles-ligero","24":"pa_naturesdesolpossibles-normal-es","25":"pa_periodedefloraison-verano","26":"pa_periodedetaille-enero","27":"pa_periodedetaille-febrero","28":"pa_phdusolacceptable-acido-menos-de-6_5","29":"pa_phdusolacceptable-calcareo-mas-de-7_5","30":"pa_phdusolacceptable-neutro-entre-6_5-y-7_5","31":"pa_portgraphisme-arbustivo-es","32":"pa_resistanceaufroidrusticite-resistente-por-debajo-de-menos-20-c","33":"pa_tailledepot-maceta-de-4-litros","34":"pa_utilisationpossible-arriate","35":"pa_utilisationpossible-cerca-viva","36":"pa_utilisationpossible-contenedor-o-olla","38":"first","39":"instock","40":"taxable","41":"shipping-taxable","42":"purchasable","43":"product-type-variable"},"supplier_id":null,"supplier_sku":"","barcode":null,"atum_controlled":true,"out_stock_date":null,"out_stock_threshold":null,"inheritable":true,"inbound_stock":0,"stock_on_hold":0,"sold_today":0,"sales_last_days":0,"reserved_stock":0,"customer_returns":0,"warehouse_damage":0,"lost_in_post":0,"other_logs":0,"out_stock_days":null,"lost_sales":0,"has_location":false,"update_date":"2026-04-26T12:53:17","atum_locations":[],"atum_stock_status":"instock","restock_status":false,"low_stock_amount":"","sales_update_date":"2026-04-24T14:39:02","calc_backorders":null,"yoast_head":"<!-- This site is optimized with the Yoast SEO Premium plugin v27.4 (Yoast SEO v27.4) - https:\/\/yoast.com\/product\/yoast-seo-premium-wordpress\/ -->\n<title>CALLICARPA kwangtungensis - Baya hermosa de China<\/title>\n<meta name=\"description\" content=\"El CALLICARPA kwangtungensis es un arbusto ornamental con bayas violetas brillantes. El follaje del callicarpo de China se colorea maravillosamente en oto\u00f1o.\" \/>\n<meta name=\"robots\" content=\"index, follow, max-snippet:-1, max-image-preview:large, max-video-preview:-1\" \/>\n<link rel=\"canonical\" href=\"https:\/\/www.vallonchene.fr\/es\/producto\/callicarpa-kwangtungensis\/\" \/>\n<meta property=\"og:locale\" content=\"es_ES\" \/>\n<meta property=\"og:type\" content=\"article\" \/>\n<meta property=\"og:title\" content=\"CALLICARPA kwangtungensis\" \/>\n<meta property=\"og:description\" content=\"El CALLICARPA kwangtungensis es un arbusto ornamental con bayas violetas brillantes. El follaje del callicarpo de China se colorea maravillosamente en oto\u00f1o.\" \/>\n<meta property=\"og:url\" content=\"https:\/\/www.vallonchene.fr\/es\/producto\/callicarpa-kwangtungensis\/\" \/>\n<meta property=\"og:site_name\" content=\"Vallonch\u00eane\" \/>\n<meta property=\"article:publisher\" content=\"https:\/\/www.facebook.com\/vallonchene.fr\" \/>\n<meta property=\"article:modified_time\" content=\"2025-11-27T09:31:18+00:00\" \/>\n<meta property=\"og:image\" content=\"https:\/\/www.vallonchene.fr\/wp-content\/uploads\/2025\/11\/IMG_20251125_131421.webp\" \/>\n\t<meta property=\"og:image:width\" content=\"1024\" \/>\n\t<meta property=\"og:image:height\" content=\"1024\" \/>\n\t<meta property=\"og:image:type\" content=\"image\/webp\" \/>\n<meta name=\"twitter:card\" content=\"summary_large_image\" \/>\n<meta name=\"twitter:label1\" content=\"Disponibilidad\" \/>\n\t<meta name=\"twitter:data1\" content=\"En stock\" \/>\n<script type=\"application\/ld+json\" class=\"yoast-schema-graph\">{\"@context\":\"https:\\\/\\\/schema.org\",\"@graph\":[{\"@type\":\"WebPage\",\"@id\":\"https:\\\/\\\/www.vallonchene.fr\\\/es\\\/producto\\\/callicarpa-kwangtungensis\\\/\",\"url\":\"https:\\\/\\\/www.vallonchene.fr\\\/es\\\/producto\\\/callicarpa-kwangtungensis\\\/\",\"name\":\"CALLICARPA kwangtungensis - Baya hermosa de China\",\"isPartOf\":{\"@id\":\"https:\\\/\\\/www.vallonchene.fr\\\/es\\\/#website\"},\"primaryImageOfPage\":{\"@id\":\"https:\\\/\\\/www.vallonchene.fr\\\/es\\\/producto\\\/callicarpa-kwangtungensis\\\/#primaryimage\"},\"image\":{\"@id\":\"https:\\\/\\\/www.vallonchene.fr\\\/es\\\/producto\\\/callicarpa-kwangtungensis\\\/#primaryimage\"},\"thumbnailUrl\":\"https:\\\/\\\/www.vallonchene.fr\\\/wp-content\\\/uploads\\\/2025\\\/11\\\/IMG_20251125_131421.webp\",\"datePublished\":\"2025-11-26T10:29:30+00:00\",\"dateModified\":\"2025-11-27T09:31:18+00:00\",\"description\":\"El CALLICARPA kwangtungensis es un arbusto ornamental con bayas violetas brillantes. El follaje del callicarpo de China se colorea maravillosamente en oto\u00f1o.\",\"breadcrumb\":{\"@id\":\"https:\\\/\\\/www.vallonchene.fr\\\/es\\\/producto\\\/callicarpa-kwangtungensis\\\/#breadcrumb\"},\"inLanguage\":\"es\",\"potentialAction\":[{\"@type\":\"ReadAction\",\"target\":[\"https:\\\/\\\/www.vallonchene.fr\\\/es\\\/producto\\\/callicarpa-kwangtungensis\\\/\"]}]},{\"@type\":\"ImageObject\",\"inLanguage\":\"es\",\"@id\":\"https:\\\/\\\/www.vallonchene.fr\\\/es\\\/producto\\\/callicarpa-kwangtungensis\\\/#primaryimage\",\"url\":\"https:\\\/\\\/www.vallonchene.fr\\\/wp-content\\\/uploads\\\/2025\\\/11\\\/IMG_20251125_131421.webp\",\"contentUrl\":\"https:\\\/\\\/www.vallonchene.fr\\\/wp-content\\\/uploads\\\/2025\\\/11\\\/IMG_20251125_131421.webp\",\"width\":1024,\"height\":1024,\"caption\":\"Botones florales del CALLICARPA kwangtungensis en oto\u00f1o\"},{\"@type\":\"BreadcrumbList\",\"@id\":\"https:\\\/\\\/www.vallonchene.fr\\\/es\\\/producto\\\/callicarpa-kwangtungensis\\\/#breadcrumb\",\"itemListElement\":[{\"@type\":\"ListItem\",\"position\":1,\"name\":\"Home\",\"item\":\"https:\\\/\\\/www.vallonchene.fr\\\/es\\\/\"},{\"@type\":\"ListItem\",\"position\":2,\"name\":\"Tienda\",\"item\":\"https:\\\/\\\/www.vallonchene.fr\\\/tienda\\\/\"},{\"@type\":\"ListItem\",\"position\":3,\"name\":\"Venta en linea\",\"item\":\"https:\\\/\\\/www.vallonchene.fr\\\/es\\\/categoria-producto\\\/venta-en-linea\\\/\"},{\"@type\":\"ListItem\",\"position\":4,\"name\":\"Vivero\",\"item\":\"https:\\\/\\\/www.vallonchene.fr\\\/es\\\/categoria-producto\\\/venta-en-linea\\\/vivero\\\/\"},{\"@type\":\"ListItem\",\"position\":5,\"name\":\"Arbustos y \u00e1rboles\",\"item\":\"https:\\\/\\\/www.vallonchene.fr\\\/es\\\/categoria-producto\\\/venta-en-linea\\\/vivero\\\/arbustos-y-arboles\\\/\"},{\"@type\":\"ListItem\",\"position\":6,\"name\":\"CALLICARPA kwangtungensis\"}]},{\"@type\":\"WebSite\",\"@id\":\"https:\\\/\\\/www.vallonchene.fr\\\/es\\\/#website\",\"url\":\"https:\\\/\\\/www.vallonchene.fr\\\/es\\\/\",\"name\":\"Vallonch\u00eane\",\"description\":\"El vivero donde la calidad tiene sus ra\u00edces \u2013 Tel.: +33 (0)2.35.90.02.02\",\"publisher\":{\"@id\":\"https:\\\/\\\/www.vallonchene.fr\\\/es\\\/#organization\"},\"potentialAction\":[{\"@type\":\"SearchAction\",\"target\":{\"@type\":\"EntryPoint\",\"urlTemplate\":\"https:\\\/\\\/www.vallonchene.fr\\\/es\\\/?s={search_term_string}\"},\"query-input\":{\"@type\":\"PropertyValueSpecification\",\"valueRequired\":true,\"valueName\":\"search_term_string\"}}],\"inLanguage\":\"es\"},{\"@type\":\"Organization\",\"@id\":\"https:\\\/\\\/www.vallonchene.fr\\\/es\\\/#organization\",\"name\":\"VALLONCHENE\",\"url\":\"https:\\\/\\\/www.vallonchene.fr\\\/es\\\/\",\"logo\":{\"@type\":\"ImageObject\",\"inLanguage\":\"es\",\"@id\":\"https:\\\/\\\/www.vallonchene.fr\\\/es\\\/#\\\/schema\\\/logo\\\/image\\\/\",\"url\":\"https:\\\/\\\/www.vallonchene.fr\\\/wp-content\\\/uploads\\\/2023\\\/03\\\/Logo-Vallonchene-site-et-R_hauteur_100.png\",\"contentUrl\":\"https:\\\/\\\/www.vallonchene.fr\\\/wp-content\\\/uploads\\\/2023\\\/03\\\/Logo-Vallonchene-site-et-R_hauteur_100.png\",\"width\":221,\"height\":100,\"caption\":\"VALLONCHENE\"},\"image\":{\"@id\":\"https:\\\/\\\/www.vallonchene.fr\\\/es\\\/#\\\/schema\\\/logo\\\/image\\\/\"},\"sameAs\":[\"https:\\\/\\\/www.facebook.com\\\/vallonchene.fr\",\"https:\\\/\\\/www.instagram.com\\\/vallonchene\\\/\",\"https:\\\/\\\/www.pinterest.fr\\\/vallonchene\\\/\"],\"taxID\":\"49454502300017\",\"hasMerchantReturnPolicy\":{\"@type\":\"MerchantReturnPolicy\",\"merchantReturnLink\":\"https:\\\/\\\/www.vallonchene.fr\\\/remboursements_retours\\\/\"}}]}<\/script>\n<meta property=\"og:availability\" content=\"instock\" \/>\n<meta property=\"product:availability\" content=\"instock\" \/>\n<meta property=\"product:condition\" content=\"new\" \/>\n<!-- \/ Yoast SEO Premium plugin. -->","yoast_head_json":{"title":"CALLICARPA kwangtungensis - Baya hermosa de China","description":"El CALLICARPA kwangtungensis es un arbusto ornamental con bayas violetas brillantes. El follaje del callicarpo de China se colorea maravillosamente en oto\u00f1o.","robots":{"index":"index","follow":"follow","max-snippet":"max-snippet:-1","max-image-preview":"max-image-preview:large","max-video-preview":"max-video-preview:-1"},"canonical":"https:\/\/www.vallonchene.fr\/es\/producto\/callicarpa-kwangtungensis\/","og_locale":"es_ES","og_type":"article","og_title":"CALLICARPA kwangtungensis","og_description":"El CALLICARPA kwangtungensis es un arbusto ornamental con bayas violetas brillantes. El follaje del callicarpo de China se colorea maravillosamente en oto\u00f1o.","og_url":"https:\/\/www.vallonchene.fr\/es\/producto\/callicarpa-kwangtungensis\/","og_site_name":"Vallonch\u00eane","article_publisher":"https:\/\/www.facebook.com\/vallonchene.fr","article_modified_time":"2025-11-27T09:31:18+00:00","og_image":[{"width":1024,"height":1024,"url":"https:\/\/www.vallonchene.fr\/wp-content\/uploads\/2025\/11\/IMG_20251125_131421.webp","type":"image\/webp"}],"twitter_card":"summary_large_image","twitter_misc":{"Disponibilidad":"En stock"},"schema":{"@context":"https:\/\/schema.org","@graph":[{"@type":"WebPage","@id":"https:\/\/www.vallonchene.fr\/es\/producto\/callicarpa-kwangtungensis\/","url":"https:\/\/www.vallonchene.fr\/es\/producto\/callicarpa-kwangtungensis\/","name":"CALLICARPA kwangtungensis - Baya hermosa de China","isPartOf":{"@id":"https:\/\/www.vallonchene.fr\/es\/#website"},"primaryImageOfPage":{"@id":"https:\/\/www.vallonchene.fr\/es\/producto\/callicarpa-kwangtungensis\/#primaryimage"},"image":{"@id":"https:\/\/www.vallonchene.fr\/es\/producto\/callicarpa-kwangtungensis\/#primaryimage"},"thumbnailUrl":"https:\/\/www.vallonchene.fr\/wp-content\/uploads\/2025\/11\/IMG_20251125_131421.webp","datePublished":"2025-11-26T10:29:30+00:00","dateModified":"2025-11-27T09:31:18+00:00","description":"El CALLICARPA kwangtungensis es un arbusto ornamental con bayas violetas brillantes. El follaje del callicarpo de China se colorea maravillosamente en oto\u00f1o.","breadcrumb":{"@id":"https:\/\/www.vallonchene.fr\/es\/producto\/callicarpa-kwangtungensis\/#breadcrumb"},"inLanguage":"es","potentialAction":[{"@type":"ReadAction","target":["https:\/\/www.vallonchene.fr\/es\/producto\/callicarpa-kwangtungensis\/"]}]},{"@type":"ImageObject","inLanguage":"es","@id":"https:\/\/www.vallonchene.fr\/es\/producto\/callicarpa-kwangtungensis\/#primaryimage","url":"https:\/\/www.vallonchene.fr\/wp-content\/uploads\/2025\/11\/IMG_20251125_131421.webp","contentUrl":"https:\/\/www.vallonchene.fr\/wp-content\/uploads\/2025\/11\/IMG_20251125_131421.webp","width":1024,"height":1024,"caption":"Botones florales del CALLICARPA kwangtungensis en oto\u00f1o"},{"@type":"BreadcrumbList","@id":"https:\/\/www.vallonchene.fr\/es\/producto\/callicarpa-kwangtungensis\/#breadcrumb","itemListElement":[{"@type":"ListItem","position":1,"name":"Home","item":"https:\/\/www.vallonchene.fr\/es\/"},{"@type":"ListItem","position":2,"name":"Tienda","item":"https:\/\/www.vallonchene.fr\/tienda\/"},{"@type":"ListItem","position":3,"name":"Venta en linea","item":"https:\/\/www.vallonchene.fr\/es\/categoria-producto\/venta-en-linea\/"},{"@type":"ListItem","position":4,"name":"Vivero","item":"https:\/\/www.vallonchene.fr\/es\/categoria-producto\/venta-en-linea\/vivero\/"},{"@type":"ListItem","position":5,"name":"Arbustos y \u00e1rboles","item":"https:\/\/www.vallonchene.fr\/es\/categoria-producto\/venta-en-linea\/vivero\/arbustos-y-arboles\/"},{"@type":"ListItem","position":6,"name":"CALLICARPA kwangtungensis"}]},{"@type":"WebSite","@id":"https:\/\/www.vallonchene.fr\/es\/#website","url":"https:\/\/www.vallonchene.fr\/es\/","name":"Vallonch\u00eane","description":"El vivero donde la calidad tiene sus ra\u00edces \u2013 Tel.: +33 (0)2.35.90.02.02","publisher":{"@id":"https:\/\/www.vallonchene.fr\/es\/#organization"},"potentialAction":[{"@type":"SearchAction","target":{"@type":"EntryPoint","urlTemplate":"https:\/\/www.vallonchene.fr\/es\/?s={search_term_string}"},"query-input":{"@type":"PropertyValueSpecification","valueRequired":true,"valueName":"search_term_string"}}],"inLanguage":"es"},{"@type":"Organization","@id":"https:\/\/www.vallonchene.fr\/es\/#organization","name":"VALLONCHENE","url":"https:\/\/www.vallonchene.fr\/es\/","logo":{"@type":"ImageObject","inLanguage":"es","@id":"https:\/\/www.vallonchene.fr\/es\/#\/schema\/logo\/image\/","url":"https:\/\/www.vallonchene.fr\/wp-content\/uploads\/2023\/03\/Logo-Vallonchene-site-et-R_hauteur_100.png","contentUrl":"https:\/\/www.vallonchene.fr\/wp-content\/uploads\/2023\/03\/Logo-Vallonchene-site-et-R_hauteur_100.png","width":221,"height":100,"caption":"VALLONCHENE"},"image":{"@id":"https:\/\/www.vallonchene.fr\/es\/#\/schema\/logo\/image\/"},"sameAs":["https:\/\/www.facebook.com\/vallonchene.fr","https:\/\/www.instagram.com\/vallonchene\/","https:\/\/www.pinterest.fr\/vallonchene\/"],"taxID":"49454502300017","hasMerchantReturnPolicy":{"@type":"MerchantReturnPolicy","merchantReturnLink":"https:\/\/www.vallonchene.fr\/remboursements_retours\/"}}]},"og_availability":"instock","product_availability":"instock","product_condition":"new"},"_links":{"self":[{"href":"https:\/\/www.vallonchene.fr\/es\/wp-json\/wp\/v2\/product\/55993","targetHints":{"allow":["GET"]}}],"collection":[{"href":"https:\/\/www.vallonchene.fr\/es\/wp-json\/wp\/v2\/product"}],"about":[{"href":"https:\/\/www.vallonchene.fr\/es\/wp-json\/wp\/v2\/types\/product"}],"replies":[{"embeddable":true,"href":"https:\/\/www.vallonchene.fr\/es\/wp-json\/wp\/v2\/comments?post=55993"}],"wp:featuredmedia":[{"embeddable":true,"href":"https:\/\/www.vallonchene.fr\/es\/wp-json\/wp\/v2\/media\/55989"}],"wp:attachment":[{"href":"https:\/\/www.vallonchene.fr\/es\/wp-json\/wp\/v2\/media?parent=55993"}],"wp:term":[{"taxonomy":"product_brand","embeddable":true,"href":"https:\/\/www.vallonchene.fr\/es\/wp-json\/wp\/v2\/product_brand?post=55993"},{"taxonomy":"product_cat","embeddable":true,"href":"https:\/\/www.vallonchene.fr\/es\/wp-json\/wp\/v2\/product_cat?post=55993"},{"taxonomy":"product_tag","embeddable":true,"href":"https:\/\/www.vallonchene.fr\/es\/wp-json\/wp\/v2\/product_tag?post=55993"}],"curies":[{"name":"wp","href":"https:\/\/api.w.org\/{rel}","templated":true}]}}