{"id":55642,"date":"2021-08-31T11:31:47","date_gmt":"2021-08-31T11:31:47","guid":{"rendered":"https:\/\/www.vallonchene.fr\/produit\/quercus-x-hispanica-waasland-select\/"},"modified":"2025-11-05T16:16:19","modified_gmt":"2025-11-05T15:16:19","slug":"quercus-x-hispanica-waasland-select","status":"publish","type":"product","link":"https:\/\/www.vallonchene.fr\/es\/producto\/quercus-x-hispanica-waasland-select\/","title":{"rendered":"QUERCUS x hispanica &#8216;Waasland Select&#8217;"},"content":{"rendered":"<h2>La Planta<\/h2>\n<p>El <strong>QUERCUS x hispanica &#8216;Waasland Select&#8217;<\/strong> (sin. Q. hispanica &#8216;Waasland&#8217;), tambi\u00e9n llamado <strong>roble espa\u00f1ol<\/strong>, es un magn\u00edfico roble perenne.<\/p>\n<p>Su hermoso <strong>follaje, verde oscuro por encima y blanco por debajo<\/strong> (ver foto), se distingue claramente de los dem\u00e1s robles.<\/p>\n<p>En efecto, se trata de un <strong>cruce entre el roble cerris (QUERCUS cerris) y el alcornoque (QUERCUS suber)<\/strong>, seleccionado en la regi\u00f3n de Waasland, en B\u00e9lgica.<\/p>\n<p>Adem\u00e1s, este roble espa\u00f1ol es <strong>conocido por su resiliencia y su capacidad para tolerar los suelos calc\u00e1reos<\/strong>.<\/p>\n<p><strong>Crece lentamente<\/strong> y, por lo tanto, <strong>alcanza una altura muy reducida<\/strong> en comparaci\u00f3n con otros robles como el QUERCUS robur. Por ejemplo, el ejemplar del <strong><a href=\"https:\/\/jardins.vallonchene.fr\">Jard\u00edn de Vallonch\u00eane<\/a><\/strong> mide aproximadamente 5 metros de altura despu\u00e9s de unos veinte a\u00f1os (ver foto). <\/p>\n<p>Finalmente, por su car\u00e1cter perenne, constituye un elemento importante en la composici\u00f3n de jardines donde las plantas persistentes son escasas.<\/p>\n<h2>\u00bfC\u00f3mo plantar y cuidar el QUERCUS x hispanica &#8216;Waasland Select&#8217;?<\/h2>\n<h3>La Plantaci\u00f3n<\/h3>\n<p>Aunque el roble de Waasland es conocido por su resiliencia, tenga en cuenta los siguientes puntos:<\/p>\n<ol>\n<li>El\u00edjale un lugar <strong>a pleno sol o en semisombra<\/strong>, ya sea como ejemplar <strong>aislado o dentro de un macizo<\/strong>.<\/li>\n<li>La tierra puede ser <strong>ligera, normal o pesada<\/strong>, con un <strong>pH \u00e1cido, neutro o calc\u00e1reo<\/strong>.<\/li>\n<li>El lugar puede ser <strong>fresco a h\u00famedo, medio o seco<\/strong>.<\/li>\n<li><a href=\"https:\/\/www.vallonchene.fr\/comment-planter-et-entretenir-des-vegetaux\/comment-planter-et-entretenir-arbres-arbustes-et-coniferes\/\" target=\"_blank\" rel=\"noreferrer noopener\"><strong>Para una buena preparaci\u00f3n del hoyo de plantaci\u00f3n, hemos dise\u00f1ado instrucciones espec\u00edficas disponibles aqu\u00ed<\/strong><\/a>.<\/li>\n<\/ol>\n<h3>El cuidado<br \/><\/h3>\n<p>Durante los dos primeros a\u00f1os despu\u00e9s de la plantaci\u00f3n, asegure un riego regular durante los per\u00edodos secos para garantizar una buena recuperaci\u00f3n. <a href=\"https:\/\/www.vallonchene.fr\/comment-bien-arroser-le-jardin-et-economiser-leau\/\"><strong>Lea tambi\u00e9n nuestros consejos sobre c\u00f3mo regar correctamente y ahorrar agua aqu\u00ed<\/strong><\/a>. <\/p>\n<p>Sin necesidad de un mantenimiento especial, este roble tolera muy bien la poda. Puede realizarse en marzo, antes de la aparici\u00f3n de los nuevos brotes. <\/p>\n<h2>Historia y Origen<\/h2>\n<p>La especie <em>QUERCUS x hispanica<\/em> es un h\u00edbrido natural entre <em>QUERCUS cerris<\/em> (roble cerris) y <em>QUERCUS suber<\/em> (alcornoque). Este cruce probablemente se realiz\u00f3 en regiones del sur de Europa donde ambas especies est\u00e1n presentes. Este h\u00edbrido fue descrito por primera vez por Jean-Baptiste Lanmark en 1785, basado en un esp\u00e9cimen del Jard\u00edn Real de Trianon (procedente de Gibraltar).  <\/p>\n<p>El cultivar QUERCUS x hispanica &#8216;Waasland Select&#8217; fue nombrado en honor a la regi\u00f3n de Waasland en B\u00e9lgica, donde fue <strong>seleccionado por su rusticidad excepcional durante los inviernos rigurosos, su follaje perenne, sus cualidades ornamentales y su capacidad para crecer en suelos calc\u00e1reos<\/strong>. Esto lo convierte en una planta especialmente adecuada para los paisajes y jardines del norte de Europa. <\/p>\n","protected":false},"excerpt":{"rendered":"<p>Este <b>roble perenne<\/b> es una hibridaci\u00f3n entre el roble cerris y el alcornoque. El <b>QUERCUS x hispanica &#8216;Waasland Select&#8217;<\/b> es perfectamente resistente al fr\u00edo. <\/p>\n","protected":false},"featured_media":55639,"comment_status":"open","ping_status":"closed","template":"","meta":[],"product_brand":[],"product_cat":[11499],"product_tag":[11848,12720,12719],"class_list":{"0":"post-55642","1":"product","2":"type-product","3":"status-publish","4":"has-post-thumbnail","6":"product_cat-arbustos-y-arboles","7":"product_tag-quercus-es","8":"product_tag-quercus-hispanica","9":"product_tag-roble-perenne","10":"pa_99-hauteurapproximativeapres1-3-a-5-m","11":"pa_couleurdufeuillage-verde","12":"pa_exigencesenhumidite-moderadamente-humedo-a-humedo","13":"pa_exigencesenhumidite-promedio","14":"pa_exigencesenhumidite-seco","15":"pa_expositionspossibles-pleno-sol-de-12-a-17-min","16":"pa_expositionspossibles-sombra-parcial-evitar-el-sol-de-12-a-17-horas","17":"pa_hauteurlivree-10-a-15-cm-es","18":"pa_hauteurlivree-100-a-125-cm","19":"pa_hauteurlivree-125-a-150-cm-es","20":"pa_hauteurlivree-150-a-175-cm-es","21":"pa_hauteurlivree-175-a-200-cm-es","22":"pa_hauteurlivree-20-a-25-cm-es","23":"pa_hauteurlivree-25-a-30-cm-es","24":"pa_hauteurlivree-250-a-300-cm-es","25":"pa_hauteurlivree-30-a-40-cm-es","26":"pa_hauteurlivree-40-a-50-cm-es","27":"pa_hauteurlivree-50-a-60-cm-es","28":"pa_hauteurlivree-60-a-80-cm-es","29":"pa_hauteurlivree-70-a-80-cm-es","30":"pa_hauteurlivree-80-a-100-cm-es","31":"pa_hauteurlivree-80-cm-en-tallo","32":"pa_interetauprintemps-follaje","33":"pa_interetenautomne-follaje","34":"pa_interetenete-follaje","35":"pa_interetenhiver-follaje","36":"pa_naturedufeuillage-siempreverde","37":"pa_naturesdesolpossibles-ligero","38":"pa_naturesdesolpossibles-normal-es","39":"pa_naturesdesolpossibles-pesado","40":"pa_periodedefloraison-primavera","41":"pa_periodedetaille-marzo","42":"pa_phdusolacceptable-acido-menos-de-6_5","43":"pa_phdusolacceptable-calcareo-mas-de-7_5","44":"pa_phdusolacceptable-neutro-entre-6_5-y-7_5","45":"pa_portgraphisme-globoso","46":"pa_resistanceaufroidrusticite-resistente-por-debajo-de-menos-20-c","47":"pa_tailledepot-maceta-de-1-litro","48":"pa_tailledepot-maceta-de-1_5-litros","49":"pa_tailledepot-maceta-de-10-litros","50":"pa_tailledepot-maceta-de-15-litros","51":"pa_tailledepot-maceta-de-2-litros","52":"pa_tailledepot-maceta-de-20-litros","53":"pa_tailledepot-maceta-de-3-litros","54":"pa_tailledepot-maceta-de-4-litros","55":"pa_tailledepot-maceta-de-40-litros","56":"pa_tailledepot-maceta-de-5-litros","57":"pa_tailledepot-maceta-de-7_5-litros","58":"pa_utilisationpossible-aislado","59":"pa_utilisationpossible-arriate","61":"first","62":"instock","63":"taxable","64":"shipping-taxable","65":"purchasable","66":"product-type-variable","67":"has-default-attributes"},"supplier_id":null,"supplier_sku":"","barcode":null,"atum_controlled":true,"out_stock_date":null,"out_stock_threshold":null,"inheritable":true,"inbound_stock":0,"stock_on_hold":0,"sold_today":0,"sales_last_days":0,"reserved_stock":0,"customer_returns":null,"warehouse_damage":null,"lost_in_post":null,"other_logs":null,"out_stock_days":null,"lost_sales":0,"has_location":false,"update_date":"2026-03-11T15:13:50","atum_locations":[],"atum_stock_status":"instock","restock_status":false,"low_stock_amount":"","sales_update_date":null,"calc_backorders":null,"yoast_head":"<!-- This site is optimized with the Yoast SEO Premium plugin v27.5 (Yoast SEO v27.5) - https:\/\/yoast.com\/product\/yoast-seo-premium-wordpress\/ -->\n<title>QUERCUS x hispanica &#039;Waasland Select&#039; - roble espa\u00f1ol<\/title>\n<meta name=\"description\" content=\"Este roble perenne es una hibridaci\u00f3n entre el roble cerris y el alcornoque. El QUERCUS x hispanica &#039;Waasland Select&#039; es muy resistente al fr\u00edo.\" \/>\n<meta name=\"robots\" content=\"index, follow, max-snippet:-1, max-image-preview:large, max-video-preview:-1\" \/>\n<link rel=\"canonical\" href=\"https:\/\/www.vallonchene.fr\/es\/producto\/quercus-x-hispanica-waasland-select\/\" \/>\n<meta property=\"og:locale\" content=\"es_ES\" \/>\n<meta property=\"og:type\" content=\"article\" \/>\n<meta property=\"og:title\" content=\"QUERCUS x hispanica &#039;Waasland Select&#039;\" \/>\n<meta property=\"og:description\" content=\"Este roble perenne es una hibridaci\u00f3n entre el roble cerris y el alcornoque. El QUERCUS x hispanica &#039;Waasland Select&#039; es muy resistente al fr\u00edo.\" \/>\n<meta property=\"og:url\" content=\"https:\/\/www.vallonchene.fr\/es\/producto\/quercus-x-hispanica-waasland-select\/\" \/>\n<meta property=\"og:site_name\" content=\"Vallonch\u00eane\" \/>\n<meta property=\"article:publisher\" content=\"https:\/\/www.facebook.com\/vallonchene.fr\" \/>\n<meta property=\"article:modified_time\" content=\"2025-11-05T15:16:19+00:00\" \/>\n<meta property=\"og:image\" content=\"https:\/\/www.vallonchene.fr\/wp-content\/uploads\/2025\/11\/IMG_20251105_104332.webp\" \/>\n\t<meta property=\"og:image:width\" content=\"1200\" \/>\n\t<meta property=\"og:image:height\" content=\"1200\" \/>\n\t<meta property=\"og:image:type\" content=\"image\/webp\" \/>\n<meta name=\"twitter:card\" content=\"summary_large_image\" \/>\n<meta name=\"twitter:label1\" content=\"Disponibilidad\" \/>\n\t<meta name=\"twitter:data1\" content=\"En stock\" \/>\n<script type=\"application\/ld+json\" class=\"yoast-schema-graph\">{\"@context\":\"https:\\\/\\\/schema.org\",\"@graph\":[{\"@type\":\"WebPage\",\"@id\":\"https:\\\/\\\/www.vallonchene.fr\\\/es\\\/producto\\\/quercus-x-hispanica-waasland-select\\\/\",\"url\":\"https:\\\/\\\/www.vallonchene.fr\\\/es\\\/producto\\\/quercus-x-hispanica-waasland-select\\\/\",\"name\":\"QUERCUS x hispanica 'Waasland Select' - roble espa\u00f1ol\",\"isPartOf\":{\"@id\":\"https:\\\/\\\/www.vallonchene.fr\\\/es\\\/#website\"},\"primaryImageOfPage\":{\"@id\":\"https:\\\/\\\/www.vallonchene.fr\\\/es\\\/producto\\\/quercus-x-hispanica-waasland-select\\\/#primaryimage\"},\"image\":{\"@id\":\"https:\\\/\\\/www.vallonchene.fr\\\/es\\\/producto\\\/quercus-x-hispanica-waasland-select\\\/#primaryimage\"},\"thumbnailUrl\":\"https:\\\/\\\/www.vallonchene.fr\\\/wp-content\\\/uploads\\\/2025\\\/11\\\/IMG_20251105_104332.webp\",\"datePublished\":\"2021-08-31T11:31:47+00:00\",\"dateModified\":\"2025-11-05T15:16:19+00:00\",\"description\":\"Este roble perenne es una hibridaci\u00f3n entre el roble cerris y el alcornoque. El QUERCUS x hispanica 'Waasland Select' es muy resistente al fr\u00edo.\",\"breadcrumb\":{\"@id\":\"https:\\\/\\\/www.vallonchene.fr\\\/es\\\/producto\\\/quercus-x-hispanica-waasland-select\\\/#breadcrumb\"},\"inLanguage\":\"es\",\"potentialAction\":[{\"@type\":\"ReadAction\",\"target\":[\"https:\\\/\\\/www.vallonchene.fr\\\/es\\\/producto\\\/quercus-x-hispanica-waasland-select\\\/\"]}]},{\"@type\":\"ImageObject\",\"inLanguage\":\"es\",\"@id\":\"https:\\\/\\\/www.vallonchene.fr\\\/es\\\/producto\\\/quercus-x-hispanica-waasland-select\\\/#primaryimage\",\"url\":\"https:\\\/\\\/www.vallonchene.fr\\\/wp-content\\\/uploads\\\/2025\\\/11\\\/IMG_20251105_104332.webp\",\"contentUrl\":\"https:\\\/\\\/www.vallonchene.fr\\\/wp-content\\\/uploads\\\/2025\\\/11\\\/IMG_20251105_104332.webp\",\"width\":1200,\"height\":1200,\"caption\":\"Primer plano del follaje del QUERCUS x hispanica 'Waasland Select', con el haz verde y el env\u00e9s blanco\"},{\"@type\":\"BreadcrumbList\",\"@id\":\"https:\\\/\\\/www.vallonchene.fr\\\/es\\\/producto\\\/quercus-x-hispanica-waasland-select\\\/#breadcrumb\",\"itemListElement\":[{\"@type\":\"ListItem\",\"position\":1,\"name\":\"Home\",\"item\":\"https:\\\/\\\/www.vallonchene.fr\\\/es\\\/\"},{\"@type\":\"ListItem\",\"position\":2,\"name\":\"Tienda\",\"item\":\"https:\\\/\\\/www.vallonchene.fr\\\/tienda\\\/\"},{\"@type\":\"ListItem\",\"position\":3,\"name\":\"Venta en linea\",\"item\":\"https:\\\/\\\/www.vallonchene.fr\\\/es\\\/categoria-producto\\\/venta-en-linea\\\/\"},{\"@type\":\"ListItem\",\"position\":4,\"name\":\"Vivero\",\"item\":\"https:\\\/\\\/www.vallonchene.fr\\\/es\\\/categoria-producto\\\/venta-en-linea\\\/vivero\\\/\"},{\"@type\":\"ListItem\",\"position\":5,\"name\":\"Arbustos y \u00e1rboles\",\"item\":\"https:\\\/\\\/www.vallonchene.fr\\\/es\\\/categoria-producto\\\/venta-en-linea\\\/vivero\\\/arbustos-y-arboles\\\/\"},{\"@type\":\"ListItem\",\"position\":6,\"name\":\"QUERCUS x hispanica &#8216;Waasland Select&#8217;\"}]},{\"@type\":\"WebSite\",\"@id\":\"https:\\\/\\\/www.vallonchene.fr\\\/es\\\/#website\",\"url\":\"https:\\\/\\\/www.vallonchene.fr\\\/es\\\/\",\"name\":\"Vallonch\u00eane\",\"description\":\"El vivero donde la calidad tiene sus ra\u00edces \u2013 Tel.: +33 (0)2.35.90.02.02\",\"publisher\":{\"@id\":\"https:\\\/\\\/www.vallonchene.fr\\\/es\\\/#organization\"},\"potentialAction\":[{\"@type\":\"SearchAction\",\"target\":{\"@type\":\"EntryPoint\",\"urlTemplate\":\"https:\\\/\\\/www.vallonchene.fr\\\/es\\\/?s={search_term_string}\"},\"query-input\":{\"@type\":\"PropertyValueSpecification\",\"valueRequired\":true,\"valueName\":\"search_term_string\"}}],\"inLanguage\":\"es\"},{\"@type\":\"Organization\",\"@id\":\"https:\\\/\\\/www.vallonchene.fr\\\/es\\\/#organization\",\"name\":\"VALLONCHENE\",\"url\":\"https:\\\/\\\/www.vallonchene.fr\\\/es\\\/\",\"logo\":{\"@type\":\"ImageObject\",\"inLanguage\":\"es\",\"@id\":\"https:\\\/\\\/www.vallonchene.fr\\\/es\\\/#\\\/schema\\\/logo\\\/image\\\/\",\"url\":\"https:\\\/\\\/www.vallonchene.fr\\\/wp-content\\\/uploads\\\/2023\\\/03\\\/Logo-Vallonchene-site-et-R_hauteur_100.png\",\"contentUrl\":\"https:\\\/\\\/www.vallonchene.fr\\\/wp-content\\\/uploads\\\/2023\\\/03\\\/Logo-Vallonchene-site-et-R_hauteur_100.png\",\"width\":221,\"height\":100,\"caption\":\"VALLONCHENE\"},\"image\":{\"@id\":\"https:\\\/\\\/www.vallonchene.fr\\\/es\\\/#\\\/schema\\\/logo\\\/image\\\/\"},\"sameAs\":[\"https:\\\/\\\/www.facebook.com\\\/vallonchene.fr\",\"https:\\\/\\\/www.instagram.com\\\/vallonchene\\\/\",\"https:\\\/\\\/www.pinterest.fr\\\/vallonchene\\\/\"],\"taxID\":\"49454502300017\",\"hasMerchantReturnPolicy\":{\"@type\":\"MerchantReturnPolicy\",\"merchantReturnLink\":\"https:\\\/\\\/www.vallonchene.fr\\\/remboursements_retours\\\/\"}}]}<\/script>\n<meta property=\"og:availability\" content=\"instock\" \/>\n<meta property=\"product:availability\" content=\"instock\" \/>\n<meta property=\"product:retailer_item_id\" content=\"13757\" \/>\n<meta property=\"product:condition\" content=\"new\" \/>\n<!-- \/ Yoast SEO Premium plugin. -->","yoast_head_json":{"title":"QUERCUS x hispanica 'Waasland Select' - roble espa\u00f1ol","description":"Este roble perenne es una hibridaci\u00f3n entre el roble cerris y el alcornoque. El QUERCUS x hispanica 'Waasland Select' es muy resistente al fr\u00edo.","robots":{"index":"index","follow":"follow","max-snippet":"max-snippet:-1","max-image-preview":"max-image-preview:large","max-video-preview":"max-video-preview:-1"},"canonical":"https:\/\/www.vallonchene.fr\/es\/producto\/quercus-x-hispanica-waasland-select\/","og_locale":"es_ES","og_type":"article","og_title":"QUERCUS x hispanica 'Waasland Select'","og_description":"Este roble perenne es una hibridaci\u00f3n entre el roble cerris y el alcornoque. El QUERCUS x hispanica 'Waasland Select' es muy resistente al fr\u00edo.","og_url":"https:\/\/www.vallonchene.fr\/es\/producto\/quercus-x-hispanica-waasland-select\/","og_site_name":"Vallonch\u00eane","article_publisher":"https:\/\/www.facebook.com\/vallonchene.fr","article_modified_time":"2025-11-05T15:16:19+00:00","og_image":[{"width":1200,"height":1200,"url":"https:\/\/www.vallonchene.fr\/wp-content\/uploads\/2025\/11\/IMG_20251105_104332.webp","type":"image\/webp"}],"twitter_card":"summary_large_image","twitter_misc":{"Disponibilidad":"En stock"},"schema":{"@context":"https:\/\/schema.org","@graph":[{"@type":"WebPage","@id":"https:\/\/www.vallonchene.fr\/es\/producto\/quercus-x-hispanica-waasland-select\/","url":"https:\/\/www.vallonchene.fr\/es\/producto\/quercus-x-hispanica-waasland-select\/","name":"QUERCUS x hispanica 'Waasland Select' - roble espa\u00f1ol","isPartOf":{"@id":"https:\/\/www.vallonchene.fr\/es\/#website"},"primaryImageOfPage":{"@id":"https:\/\/www.vallonchene.fr\/es\/producto\/quercus-x-hispanica-waasland-select\/#primaryimage"},"image":{"@id":"https:\/\/www.vallonchene.fr\/es\/producto\/quercus-x-hispanica-waasland-select\/#primaryimage"},"thumbnailUrl":"https:\/\/www.vallonchene.fr\/wp-content\/uploads\/2025\/11\/IMG_20251105_104332.webp","datePublished":"2021-08-31T11:31:47+00:00","dateModified":"2025-11-05T15:16:19+00:00","description":"Este roble perenne es una hibridaci\u00f3n entre el roble cerris y el alcornoque. El QUERCUS x hispanica 'Waasland Select' es muy resistente al fr\u00edo.","breadcrumb":{"@id":"https:\/\/www.vallonchene.fr\/es\/producto\/quercus-x-hispanica-waasland-select\/#breadcrumb"},"inLanguage":"es","potentialAction":[{"@type":"ReadAction","target":["https:\/\/www.vallonchene.fr\/es\/producto\/quercus-x-hispanica-waasland-select\/"]}]},{"@type":"ImageObject","inLanguage":"es","@id":"https:\/\/www.vallonchene.fr\/es\/producto\/quercus-x-hispanica-waasland-select\/#primaryimage","url":"https:\/\/www.vallonchene.fr\/wp-content\/uploads\/2025\/11\/IMG_20251105_104332.webp","contentUrl":"https:\/\/www.vallonchene.fr\/wp-content\/uploads\/2025\/11\/IMG_20251105_104332.webp","width":1200,"height":1200,"caption":"Primer plano del follaje del QUERCUS x hispanica 'Waasland Select', con el haz verde y el env\u00e9s blanco"},{"@type":"BreadcrumbList","@id":"https:\/\/www.vallonchene.fr\/es\/producto\/quercus-x-hispanica-waasland-select\/#breadcrumb","itemListElement":[{"@type":"ListItem","position":1,"name":"Home","item":"https:\/\/www.vallonchene.fr\/es\/"},{"@type":"ListItem","position":2,"name":"Tienda","item":"https:\/\/www.vallonchene.fr\/tienda\/"},{"@type":"ListItem","position":3,"name":"Venta en linea","item":"https:\/\/www.vallonchene.fr\/es\/categoria-producto\/venta-en-linea\/"},{"@type":"ListItem","position":4,"name":"Vivero","item":"https:\/\/www.vallonchene.fr\/es\/categoria-producto\/venta-en-linea\/vivero\/"},{"@type":"ListItem","position":5,"name":"Arbustos y \u00e1rboles","item":"https:\/\/www.vallonchene.fr\/es\/categoria-producto\/venta-en-linea\/vivero\/arbustos-y-arboles\/"},{"@type":"ListItem","position":6,"name":"QUERCUS x hispanica &#8216;Waasland Select&#8217;"}]},{"@type":"WebSite","@id":"https:\/\/www.vallonchene.fr\/es\/#website","url":"https:\/\/www.vallonchene.fr\/es\/","name":"Vallonch\u00eane","description":"El vivero donde la calidad tiene sus ra\u00edces \u2013 Tel.: +33 (0)2.35.90.02.02","publisher":{"@id":"https:\/\/www.vallonchene.fr\/es\/#organization"},"potentialAction":[{"@type":"SearchAction","target":{"@type":"EntryPoint","urlTemplate":"https:\/\/www.vallonchene.fr\/es\/?s={search_term_string}"},"query-input":{"@type":"PropertyValueSpecification","valueRequired":true,"valueName":"search_term_string"}}],"inLanguage":"es"},{"@type":"Organization","@id":"https:\/\/www.vallonchene.fr\/es\/#organization","name":"VALLONCHENE","url":"https:\/\/www.vallonchene.fr\/es\/","logo":{"@type":"ImageObject","inLanguage":"es","@id":"https:\/\/www.vallonchene.fr\/es\/#\/schema\/logo\/image\/","url":"https:\/\/www.vallonchene.fr\/wp-content\/uploads\/2023\/03\/Logo-Vallonchene-site-et-R_hauteur_100.png","contentUrl":"https:\/\/www.vallonchene.fr\/wp-content\/uploads\/2023\/03\/Logo-Vallonchene-site-et-R_hauteur_100.png","width":221,"height":100,"caption":"VALLONCHENE"},"image":{"@id":"https:\/\/www.vallonchene.fr\/es\/#\/schema\/logo\/image\/"},"sameAs":["https:\/\/www.facebook.com\/vallonchene.fr","https:\/\/www.instagram.com\/vallonchene\/","https:\/\/www.pinterest.fr\/vallonchene\/"],"taxID":"49454502300017","hasMerchantReturnPolicy":{"@type":"MerchantReturnPolicy","merchantReturnLink":"https:\/\/www.vallonchene.fr\/remboursements_retours\/"}}]},"og_availability":"instock","product_availability":"instock","product_retailer_item_id":"13757","product_condition":"new"},"_links":{"self":[{"href":"https:\/\/www.vallonchene.fr\/es\/wp-json\/wp\/v2\/product\/55642","targetHints":{"allow":["GET"]}}],"collection":[{"href":"https:\/\/www.vallonchene.fr\/es\/wp-json\/wp\/v2\/product"}],"about":[{"href":"https:\/\/www.vallonchene.fr\/es\/wp-json\/wp\/v2\/types\/product"}],"replies":[{"embeddable":true,"href":"https:\/\/www.vallonchene.fr\/es\/wp-json\/wp\/v2\/comments?post=55642"}],"wp:featuredmedia":[{"embeddable":true,"href":"https:\/\/www.vallonchene.fr\/es\/wp-json\/wp\/v2\/media\/55639"}],"wp:attachment":[{"href":"https:\/\/www.vallonchene.fr\/es\/wp-json\/wp\/v2\/media?parent=55642"}],"wp:term":[{"taxonomy":"product_brand","embeddable":true,"href":"https:\/\/www.vallonchene.fr\/es\/wp-json\/wp\/v2\/product_brand?post=55642"},{"taxonomy":"product_cat","embeddable":true,"href":"https:\/\/www.vallonchene.fr\/es\/wp-json\/wp\/v2\/product_cat?post=55642"},{"taxonomy":"product_tag","embeddable":true,"href":"https:\/\/www.vallonchene.fr\/es\/wp-json\/wp\/v2\/product_tag?post=55642"}],"curies":[{"name":"wp","href":"https:\/\/api.w.org\/{rel}","templated":true}]}}