{"id":54042,"date":"2021-08-31T11:04:38","date_gmt":"2021-08-31T11:04:38","guid":{"rendered":"https:\/\/www.vallonchene.fr\/produit\/ginkgo-biloba-mariken\/"},"modified":"2026-03-08T12:14:24","modified_gmt":"2026-03-08T11:14:24","slug":"ginkgo-biloba-mariken","status":"publish","type":"product","link":"https:\/\/www.vallonchene.fr\/es\/producto\/ginkgo-biloba-mariken\/","title":{"rendered":"GINKGO biloba &#8216;Mariken&#8217;"},"content":{"rendered":"<h2>La Planta<\/h2>\n<p>El <strong>GINKGO biloba &#8216;Mariken&#8217;<strong> es un <strong>\u00e1rbol de cuarenta escudos en miniatura<\/strong>. A diferencia de sus ancestros, bastante erguidos, solo crece unos pocos cent\u00edmetros al a\u00f1o en una <strong>forma globular y compacta<\/strong>. Sin embargo, este mini \u00e1rbol es igualmente <strong>resistente, incluyendo enfermedades y contaminaci\u00f3n<\/strong>.<\/p>\n<p>Adem\u00e1s, las hojas verdes son de tama\u00f1o normal, pero <strong>muy densas<\/strong>. Se tornan de color amarillo intenso en oto\u00f1o.<\/p>\n<p>Considerando su tama\u00f1o extremadamente reducido, por supuesto, esta planta es <strong>apta para cualquier tama\u00f1o de jard\u00edn<\/strong>, incluso los m\u00e1s peque\u00f1os. Tambi\u00e9n <strong>se cultiva muy bien en maceta<\/strong> en una terraza o en un patio.<\/p>\n<p>Obviamente, los aficionados al bons\u00e1i estar\u00e1n encantados, ya que este <strong>f\u00f3sil viviente de la prehistoria<\/strong> se presta perfectamente a este arte muy delicado.<\/p>\n<p>Para ver todos los GINKGO actualmente disponibles a la venta, <strong><a href=\"https:\/\/www.vallonchene.fr\/es\/?s=ginkgo&amp;post_type=product&amp;dgwt_wcas=1&amp;lang=es&amp;filter_stock_status=instock\">haga clic aqu\u00ed<\/a><\/strong>.<\/p>\n<h2>\u00bfC\u00f3mo plantar y cuidar el GINKGO biloba &#8216;Mariken&#8217;?<\/h2>\n<h3>Plantaci\u00f3n<\/h3>\n<p>A pesar de que se trata de una planta poco exigente, respete los siguientes puntos:<\/p>\n<ol>\n<li>El lugar de plantaci\u00f3n puede ser <strong>a pleno sol, a la sombra o a semisombra<\/strong>. No importa la exposici\u00f3n, esta planta se desarrolla sin dificultades.<\/li>\n<li>Tolerar\u00e1 un <strong>suelo ligero, normal o pesado<\/strong> con un <strong>pH \u00e1cido, neutro o calc\u00e1reo<\/strong>.<\/li>\n<li>Elija un <strong>lugar h\u00famedo, moderadamente h\u00famedo o seco<\/strong>.<\/li>\n<li>Para una buena preparaci\u00f3n del hoyo de plantaci\u00f3n, hemos dise\u00f1ado <strong><a href=\"https:\/\/www.vallonchene.fr\/comment-planter-et-entretenir-des-vegetaux\/comment-planter-et-entretenir-arbres-arbustes-et-coniferes\/\" target=\"_blank\" rel=\"noreferrer noopener\">instrucciones espec\u00edficas disponibles aqu\u00ed<\/a><\/strong>.<\/li>\n<\/ol>\n<h3>Cuidado<\/h3>\n<p>Este mini \u00e1rbol no requiere ning\u00fan cuidado particular. No obstante, siga el riego durante los per\u00edodos secos durante los dos primeros a\u00f1os hasta que la planta se establezca correctamente. Lea tambi\u00e9n <strong><a href=\"https:\/\/www.vallonchene.fr\/comment-bien-arroser-le-jardin-et-economiser-leau\/\">nuestros consejos sobre c\u00f3mo regar bien y ahorrar agua aqu\u00ed<\/a><\/strong>.<\/p>\n<p>Si quiere podar la planta, h\u00e1galo en marzo antes del nuevo brote.<\/p>\n<h2>Historia y Origen<\/h2>\n<p>Los GINKGO biloba representan una l\u00ednea de \u00e1rboles que apareci\u00f3 hace m\u00e1s de 270 millones de a\u00f1os, mucho antes que los dinosaurios. Ha sobrevivido a las glaciaciones y a los cambios geol\u00f3gicos. Estos \u00e1rboles fueron cultivados en los templos budistas.<\/p>\n<p>Lo que hace que esta especie sea fascinante es tambi\u00e9n su resiliencia: sobrevivi\u00f3 al bombardeo de Hiroshima y se convirti\u00f3 as\u00ed en un s\u00edmbolo de paz y longevidad.<\/p>\n<p>La forma en miniatura GINGKO biloba &#8216;Mariken&#8217; fue descubierta en los Pa\u00edses Bajos alrededor de 1990, en la ciudad de Nimega. Se distingue por sus cualidades ornamentales particulares.<\/p>\n","protected":false},"excerpt":{"rendered":"<p class=\"ai-optimize-27\">Este <strong>\u00e1rbol de las cuarenta escudos<\/strong> es una forma enana y globosa. El <strong>GINKGO biloba &#8216;Mariken&#8217;<\/strong> tiene un follaje muy denso. Es perfectamente r\u00fastico y adecuado para peque\u00f1os jardines, rocallas y bons\u00e1is. Es una planta macho.<\/p>\n","protected":false},"featured_media":54036,"comment_status":"open","ping_status":"closed","template":"","meta":[],"product_brand":[],"product_cat":[11502],"product_tag":[12596,12595,12594],"class_list":{"0":"post-54042","1":"product","2":"type-product","3":"status-publish","4":"has-post-thumbnail","6":"product_cat-coniferas","7":"product_tag-arbol-de-los-cuarenta-escudos","8":"product_tag-ginkgo-es","9":"product_tag-ginkgo-biloba-es","10":"pa_99-hauteurapproximativeapres1-50-a-100-cm","11":"pa_couleurdufeuillage-verde","12":"pa_exigencesenhumidite-moderadamente-humedo-a-humedo","13":"pa_exigencesenhumidite-promedio","14":"pa_exigencesenhumidite-seco","15":"pa_expositionspossibles-pleno-sol-de-12-a-17-min","16":"pa_expositionspossibles-sombra-sin-sol-directo","17":"pa_expositionspossibles-sombra-parcial-evitar-el-sol-de-12-a-17-horas","18":"pa_hauteurlivree-30-a-40-cm-es","19":"pa_hauteurlivree-40-a-50-cm-es","20":"pa_interetauprintemps-brotes-jovenes","21":"pa_interetauprintemps-follaje","22":"pa_interetauprintemps-habitus","23":"pa_interetenautomne-follaje","24":"pa_interetenautomne-habitus","25":"pa_interetenete-follaje","26":"pa_interetenete-habitus","27":"pa_interetenhiver-habitus","28":"pa_naturedufeuillage-caduco","29":"pa_naturesdesolpossibles-ligero","30":"pa_naturesdesolpossibles-normal-es","31":"pa_naturesdesolpossibles-pesado","32":"pa_particularites-adecuado-para-bonsai","33":"pa_particularites-habitus","34":"pa_periodedetaille-marzo","35":"pa_phdusolacceptable-acido-menos-de-6_5","36":"pa_phdusolacceptable-calcareo-mas-de-7_5","37":"pa_phdusolacceptable-neutro-entre-6_5-y-7_5","38":"pa_portgraphisme-globoso","39":"pa_resistanceaufroidrusticite-resistente-por-debajo-de-menos-20-c","40":"pa_tailledepot-maceta-de-3-litros","41":"pa_utilisationpossible-arriate","42":"pa_utilisationpossible-contenedor-o-olla","44":"first","45":"instock","46":"taxable","47":"shipping-taxable","48":"purchasable","49":"product-type-variable"},"supplier_id":null,"supplier_sku":"","barcode":null,"atum_controlled":true,"out_stock_date":"2024-09-27 08:15:39","out_stock_threshold":null,"inheritable":true,"inbound_stock":0,"stock_on_hold":0,"sold_today":0,"sales_last_days":0,"reserved_stock":0,"customer_returns":0,"warehouse_damage":0,"lost_in_post":0,"other_logs":0,"out_stock_days":394,"lost_sales":0,"has_location":false,"update_date":"2025-10-26T09:52:30","atum_locations":[],"atum_stock_status":"instock","restock_status":false,"low_stock_amount":"","sales_update_date":"2025-09-22T08:34:55","calc_backorders":null,"yoast_head":"<!-- This site is optimized with the Yoast SEO Premium plugin v27.5 (Yoast SEO v27.5) - https:\/\/yoast.com\/product\/yoast-seo-premium-wordpress\/ -->\n<title>GINKGO biloba &#039;Mariken&#039; - \u00e1rbol de los cuarenta escudos en miniatura<\/title>\n<meta name=\"description\" content=\"Este \u00e1rbol de los cuarenta escudos es una forma enana y globosa. El GINKGO biloba &#039;Mariken&#039; tiene un follaje verde que se vuelve amarillo intenso en oto\u00f1o.\" \/>\n<meta name=\"robots\" content=\"index, follow, max-snippet:-1, max-image-preview:large, max-video-preview:-1\" \/>\n<link rel=\"canonical\" href=\"https:\/\/www.vallonchene.fr\/es\/producto\/ginkgo-biloba-mariken\/\" \/>\n<meta property=\"og:locale\" content=\"es_ES\" \/>\n<meta property=\"og:type\" content=\"article\" \/>\n<meta property=\"og:title\" content=\"GINKGO biloba &#039;Mariken&#039;\" \/>\n<meta property=\"og:description\" content=\"Este \u00e1rbol de los cuarenta escudos es una forma enana y globosa. El GINKGO biloba &#039;Mariken&#039; tiene un follaje verde que se vuelve amarillo intenso en oto\u00f1o.\" \/>\n<meta property=\"og:url\" content=\"https:\/\/www.vallonchene.fr\/es\/producto\/ginkgo-biloba-mariken\/\" \/>\n<meta property=\"og:site_name\" content=\"Vallonch\u00eane\" \/>\n<meta property=\"article:publisher\" content=\"https:\/\/www.facebook.com\/vallonchene.fr\" \/>\n<meta property=\"article:modified_time\" content=\"2026-03-08T11:14:24+00:00\" \/>\n<meta property=\"og:image\" content=\"https:\/\/www.vallonchene.fr\/wp-content\/uploads\/2025\/06\/IMG_20250611_101043.webp\" \/>\n\t<meta property=\"og:image:width\" content=\"1200\" \/>\n\t<meta property=\"og:image:height\" content=\"1200\" \/>\n\t<meta property=\"og:image:type\" content=\"image\/webp\" \/>\n<meta name=\"twitter:card\" content=\"summary_large_image\" \/>\n<meta name=\"twitter:label1\" content=\"Disponibilidad\" \/>\n\t<meta name=\"twitter:data1\" content=\"En stock\" \/>\n<script type=\"application\/ld+json\" class=\"yoast-schema-graph\">{\"@context\":\"https:\\\/\\\/schema.org\",\"@graph\":[{\"@type\":\"WebPage\",\"@id\":\"https:\\\/\\\/www.vallonchene.fr\\\/es\\\/producto\\\/ginkgo-biloba-mariken\\\/\",\"url\":\"https:\\\/\\\/www.vallonchene.fr\\\/es\\\/producto\\\/ginkgo-biloba-mariken\\\/\",\"name\":\"GINKGO biloba 'Mariken' - \u00e1rbol de los cuarenta escudos en miniatura\",\"isPartOf\":{\"@id\":\"https:\\\/\\\/www.vallonchene.fr\\\/es\\\/#website\"},\"primaryImageOfPage\":{\"@id\":\"https:\\\/\\\/www.vallonchene.fr\\\/es\\\/producto\\\/ginkgo-biloba-mariken\\\/#primaryimage\"},\"image\":{\"@id\":\"https:\\\/\\\/www.vallonchene.fr\\\/es\\\/producto\\\/ginkgo-biloba-mariken\\\/#primaryimage\"},\"thumbnailUrl\":\"https:\\\/\\\/www.vallonchene.fr\\\/wp-content\\\/uploads\\\/2025\\\/06\\\/IMG_20250611_101043.webp\",\"datePublished\":\"2021-08-31T11:04:38+00:00\",\"dateModified\":\"2026-03-08T11:14:24+00:00\",\"description\":\"Este \u00e1rbol de los cuarenta escudos es una forma enana y globosa. El GINKGO biloba 'Mariken' tiene un follaje verde que se vuelve amarillo intenso en oto\u00f1o.\",\"breadcrumb\":{\"@id\":\"https:\\\/\\\/www.vallonchene.fr\\\/es\\\/producto\\\/ginkgo-biloba-mariken\\\/#breadcrumb\"},\"inLanguage\":\"es\",\"potentialAction\":[{\"@type\":\"ReadAction\",\"target\":[\"https:\\\/\\\/www.vallonchene.fr\\\/es\\\/producto\\\/ginkgo-biloba-mariken\\\/\"]}]},{\"@type\":\"ImageObject\",\"inLanguage\":\"es\",\"@id\":\"https:\\\/\\\/www.vallonchene.fr\\\/es\\\/producto\\\/ginkgo-biloba-mariken\\\/#primaryimage\",\"url\":\"https:\\\/\\\/www.vallonchene.fr\\\/wp-content\\\/uploads\\\/2025\\\/06\\\/IMG_20250611_101043.webp\",\"contentUrl\":\"https:\\\/\\\/www.vallonchene.fr\\\/wp-content\\\/uploads\\\/2025\\\/06\\\/IMG_20250611_101043.webp\",\"width\":1200,\"height\":1200,\"caption\":\"Vista cenital de las hojas de GINKGO biloba 'Mariken'\"},{\"@type\":\"BreadcrumbList\",\"@id\":\"https:\\\/\\\/www.vallonchene.fr\\\/es\\\/producto\\\/ginkgo-biloba-mariken\\\/#breadcrumb\",\"itemListElement\":[{\"@type\":\"ListItem\",\"position\":1,\"name\":\"Home\",\"item\":\"https:\\\/\\\/www.vallonchene.fr\\\/es\\\/\"},{\"@type\":\"ListItem\",\"position\":2,\"name\":\"Tienda\",\"item\":\"https:\\\/\\\/www.vallonchene.fr\\\/tienda\\\/\"},{\"@type\":\"ListItem\",\"position\":3,\"name\":\"Venta en linea\",\"item\":\"https:\\\/\\\/www.vallonchene.fr\\\/es\\\/categoria-producto\\\/venta-en-linea\\\/\"},{\"@type\":\"ListItem\",\"position\":4,\"name\":\"Vivero\",\"item\":\"https:\\\/\\\/www.vallonchene.fr\\\/es\\\/categoria-producto\\\/venta-en-linea\\\/vivero\\\/\"},{\"@type\":\"ListItem\",\"position\":5,\"name\":\"Coniferas\",\"item\":\"https:\\\/\\\/www.vallonchene.fr\\\/es\\\/categoria-producto\\\/venta-en-linea\\\/vivero\\\/coniferas\\\/\"},{\"@type\":\"ListItem\",\"position\":6,\"name\":\"GINKGO biloba &lsquo;Mariken&rsquo;\"}]},{\"@type\":\"WebSite\",\"@id\":\"https:\\\/\\\/www.vallonchene.fr\\\/es\\\/#website\",\"url\":\"https:\\\/\\\/www.vallonchene.fr\\\/es\\\/\",\"name\":\"Vallonch\u00eane\",\"description\":\"El vivero donde la calidad tiene sus ra\u00edces \u2013 Tel.: +33 (0)2.35.90.02.02\",\"publisher\":{\"@id\":\"https:\\\/\\\/www.vallonchene.fr\\\/es\\\/#organization\"},\"potentialAction\":[{\"@type\":\"SearchAction\",\"target\":{\"@type\":\"EntryPoint\",\"urlTemplate\":\"https:\\\/\\\/www.vallonchene.fr\\\/es\\\/?s={search_term_string}\"},\"query-input\":{\"@type\":\"PropertyValueSpecification\",\"valueRequired\":true,\"valueName\":\"search_term_string\"}}],\"inLanguage\":\"es\"},{\"@type\":\"Organization\",\"@id\":\"https:\\\/\\\/www.vallonchene.fr\\\/es\\\/#organization\",\"name\":\"VALLONCHENE\",\"url\":\"https:\\\/\\\/www.vallonchene.fr\\\/es\\\/\",\"logo\":{\"@type\":\"ImageObject\",\"inLanguage\":\"es\",\"@id\":\"https:\\\/\\\/www.vallonchene.fr\\\/es\\\/#\\\/schema\\\/logo\\\/image\\\/\",\"url\":\"https:\\\/\\\/www.vallonchene.fr\\\/wp-content\\\/uploads\\\/2023\\\/03\\\/Logo-Vallonchene-site-et-R_hauteur_100.png\",\"contentUrl\":\"https:\\\/\\\/www.vallonchene.fr\\\/wp-content\\\/uploads\\\/2023\\\/03\\\/Logo-Vallonchene-site-et-R_hauteur_100.png\",\"width\":221,\"height\":100,\"caption\":\"VALLONCHENE\"},\"image\":{\"@id\":\"https:\\\/\\\/www.vallonchene.fr\\\/es\\\/#\\\/schema\\\/logo\\\/image\\\/\"},\"sameAs\":[\"https:\\\/\\\/www.facebook.com\\\/vallonchene.fr\",\"https:\\\/\\\/www.instagram.com\\\/vallonchene\\\/\",\"https:\\\/\\\/www.pinterest.fr\\\/vallonchene\\\/\"],\"taxID\":\"49454502300017\",\"hasMerchantReturnPolicy\":{\"@type\":\"MerchantReturnPolicy\",\"merchantReturnLink\":\"https:\\\/\\\/www.vallonchene.fr\\\/remboursements_retours\\\/\"}}]}<\/script>\n<meta property=\"og:availability\" content=\"instock\" \/>\n<meta property=\"product:availability\" content=\"instock\" \/>\n<meta property=\"product:retailer_item_id\" content=\"82961\" \/>\n<meta property=\"product:condition\" content=\"new\" \/>\n<!-- \/ Yoast SEO Premium plugin. -->","yoast_head_json":{"title":"GINKGO biloba 'Mariken' - \u00e1rbol de los cuarenta escudos en miniatura","description":"Este \u00e1rbol de los cuarenta escudos es una forma enana y globosa. El GINKGO biloba 'Mariken' tiene un follaje verde que se vuelve amarillo intenso en oto\u00f1o.","robots":{"index":"index","follow":"follow","max-snippet":"max-snippet:-1","max-image-preview":"max-image-preview:large","max-video-preview":"max-video-preview:-1"},"canonical":"https:\/\/www.vallonchene.fr\/es\/producto\/ginkgo-biloba-mariken\/","og_locale":"es_ES","og_type":"article","og_title":"GINKGO biloba 'Mariken'","og_description":"Este \u00e1rbol de los cuarenta escudos es una forma enana y globosa. El GINKGO biloba 'Mariken' tiene un follaje verde que se vuelve amarillo intenso en oto\u00f1o.","og_url":"https:\/\/www.vallonchene.fr\/es\/producto\/ginkgo-biloba-mariken\/","og_site_name":"Vallonch\u00eane","article_publisher":"https:\/\/www.facebook.com\/vallonchene.fr","article_modified_time":"2026-03-08T11:14:24+00:00","og_image":[{"width":1200,"height":1200,"url":"https:\/\/www.vallonchene.fr\/wp-content\/uploads\/2025\/06\/IMG_20250611_101043.webp","type":"image\/webp"}],"twitter_card":"summary_large_image","twitter_misc":{"Disponibilidad":"En stock"},"schema":{"@context":"https:\/\/schema.org","@graph":[{"@type":"WebPage","@id":"https:\/\/www.vallonchene.fr\/es\/producto\/ginkgo-biloba-mariken\/","url":"https:\/\/www.vallonchene.fr\/es\/producto\/ginkgo-biloba-mariken\/","name":"GINKGO biloba 'Mariken' - \u00e1rbol de los cuarenta escudos en miniatura","isPartOf":{"@id":"https:\/\/www.vallonchene.fr\/es\/#website"},"primaryImageOfPage":{"@id":"https:\/\/www.vallonchene.fr\/es\/producto\/ginkgo-biloba-mariken\/#primaryimage"},"image":{"@id":"https:\/\/www.vallonchene.fr\/es\/producto\/ginkgo-biloba-mariken\/#primaryimage"},"thumbnailUrl":"https:\/\/www.vallonchene.fr\/wp-content\/uploads\/2025\/06\/IMG_20250611_101043.webp","datePublished":"2021-08-31T11:04:38+00:00","dateModified":"2026-03-08T11:14:24+00:00","description":"Este \u00e1rbol de los cuarenta escudos es una forma enana y globosa. El GINKGO biloba 'Mariken' tiene un follaje verde que se vuelve amarillo intenso en oto\u00f1o.","breadcrumb":{"@id":"https:\/\/www.vallonchene.fr\/es\/producto\/ginkgo-biloba-mariken\/#breadcrumb"},"inLanguage":"es","potentialAction":[{"@type":"ReadAction","target":["https:\/\/www.vallonchene.fr\/es\/producto\/ginkgo-biloba-mariken\/"]}]},{"@type":"ImageObject","inLanguage":"es","@id":"https:\/\/www.vallonchene.fr\/es\/producto\/ginkgo-biloba-mariken\/#primaryimage","url":"https:\/\/www.vallonchene.fr\/wp-content\/uploads\/2025\/06\/IMG_20250611_101043.webp","contentUrl":"https:\/\/www.vallonchene.fr\/wp-content\/uploads\/2025\/06\/IMG_20250611_101043.webp","width":1200,"height":1200,"caption":"Vista cenital de las hojas de GINKGO biloba 'Mariken'"},{"@type":"BreadcrumbList","@id":"https:\/\/www.vallonchene.fr\/es\/producto\/ginkgo-biloba-mariken\/#breadcrumb","itemListElement":[{"@type":"ListItem","position":1,"name":"Home","item":"https:\/\/www.vallonchene.fr\/es\/"},{"@type":"ListItem","position":2,"name":"Tienda","item":"https:\/\/www.vallonchene.fr\/tienda\/"},{"@type":"ListItem","position":3,"name":"Venta en linea","item":"https:\/\/www.vallonchene.fr\/es\/categoria-producto\/venta-en-linea\/"},{"@type":"ListItem","position":4,"name":"Vivero","item":"https:\/\/www.vallonchene.fr\/es\/categoria-producto\/venta-en-linea\/vivero\/"},{"@type":"ListItem","position":5,"name":"Coniferas","item":"https:\/\/www.vallonchene.fr\/es\/categoria-producto\/venta-en-linea\/vivero\/coniferas\/"},{"@type":"ListItem","position":6,"name":"GINKGO biloba &lsquo;Mariken&rsquo;"}]},{"@type":"WebSite","@id":"https:\/\/www.vallonchene.fr\/es\/#website","url":"https:\/\/www.vallonchene.fr\/es\/","name":"Vallonch\u00eane","description":"El vivero donde la calidad tiene sus ra\u00edces \u2013 Tel.: +33 (0)2.35.90.02.02","publisher":{"@id":"https:\/\/www.vallonchene.fr\/es\/#organization"},"potentialAction":[{"@type":"SearchAction","target":{"@type":"EntryPoint","urlTemplate":"https:\/\/www.vallonchene.fr\/es\/?s={search_term_string}"},"query-input":{"@type":"PropertyValueSpecification","valueRequired":true,"valueName":"search_term_string"}}],"inLanguage":"es"},{"@type":"Organization","@id":"https:\/\/www.vallonchene.fr\/es\/#organization","name":"VALLONCHENE","url":"https:\/\/www.vallonchene.fr\/es\/","logo":{"@type":"ImageObject","inLanguage":"es","@id":"https:\/\/www.vallonchene.fr\/es\/#\/schema\/logo\/image\/","url":"https:\/\/www.vallonchene.fr\/wp-content\/uploads\/2023\/03\/Logo-Vallonchene-site-et-R_hauteur_100.png","contentUrl":"https:\/\/www.vallonchene.fr\/wp-content\/uploads\/2023\/03\/Logo-Vallonchene-site-et-R_hauteur_100.png","width":221,"height":100,"caption":"VALLONCHENE"},"image":{"@id":"https:\/\/www.vallonchene.fr\/es\/#\/schema\/logo\/image\/"},"sameAs":["https:\/\/www.facebook.com\/vallonchene.fr","https:\/\/www.instagram.com\/vallonchene\/","https:\/\/www.pinterest.fr\/vallonchene\/"],"taxID":"49454502300017","hasMerchantReturnPolicy":{"@type":"MerchantReturnPolicy","merchantReturnLink":"https:\/\/www.vallonchene.fr\/remboursements_retours\/"}}]},"og_availability":"instock","product_availability":"instock","product_retailer_item_id":"82961","product_condition":"new"},"_links":{"self":[{"href":"https:\/\/www.vallonchene.fr\/es\/wp-json\/wp\/v2\/product\/54042","targetHints":{"allow":["GET"]}}],"collection":[{"href":"https:\/\/www.vallonchene.fr\/es\/wp-json\/wp\/v2\/product"}],"about":[{"href":"https:\/\/www.vallonchene.fr\/es\/wp-json\/wp\/v2\/types\/product"}],"replies":[{"embeddable":true,"href":"https:\/\/www.vallonchene.fr\/es\/wp-json\/wp\/v2\/comments?post=54042"}],"wp:featuredmedia":[{"embeddable":true,"href":"https:\/\/www.vallonchene.fr\/es\/wp-json\/wp\/v2\/media\/54036"}],"wp:attachment":[{"href":"https:\/\/www.vallonchene.fr\/es\/wp-json\/wp\/v2\/media?parent=54042"}],"wp:term":[{"taxonomy":"product_brand","embeddable":true,"href":"https:\/\/www.vallonchene.fr\/es\/wp-json\/wp\/v2\/product_brand?post=54042"},{"taxonomy":"product_cat","embeddable":true,"href":"https:\/\/www.vallonchene.fr\/es\/wp-json\/wp\/v2\/product_cat?post=54042"},{"taxonomy":"product_tag","embeddable":true,"href":"https:\/\/www.vallonchene.fr\/es\/wp-json\/wp\/v2\/product_tag?post=54042"}],"curies":[{"name":"wp","href":"https:\/\/api.w.org\/{rel}","templated":true}]}}