{"id":53775,"date":"2021-08-31T11:12:40","date_gmt":"2021-08-31T11:12:40","guid":{"rendered":"https:\/\/www.vallonchene.fr\/produit\/juglans-regia-purpurea\/"},"modified":"2025-08-31T14:46:44","modified_gmt":"2025-08-31T12:46:44","slug":"juglans-regia-purpurea","status":"publish","type":"product","link":"https:\/\/www.vallonchene.fr\/es\/producto\/juglans-regia-purpurea\/","title":{"rendered":"JUGLANS regia &#8216;Purpurea&#8217;"},"content":{"rendered":"<h2>La Planta<\/h2>\n<p>El <strong>JUGLANS regia &#8216;Purpurea&#8217;<\/strong>, com\u00fanmente llamado <strong>nogal p\u00farpura<\/strong>, desarrolla, como su nombre lo sugiere, un <strong>magn\u00edfico follaje de color p\u00farpura<\/strong>. En primavera, este es m\u00e1s claro, mientras que en verano los tonos son m\u00e1s oscuros (ver fotos). <\/p>\n<p>Se trata de un <strong>peque\u00f1o nogal con un crecimiento m\u00e1s lento<\/strong> que el de la especie original. Por ello, es <strong>perfectamente adecuado para jardines de tama\u00f1o reducido<\/strong>. <\/p>\n<p>Adem\u00e1s, las flores aparecen en mayo y tienen un <strong>tono marr\u00f3n rojizo<\/strong>. Pueden producirse <strong>frutos<\/strong>, pero son menos numerosos que en el nogal com\u00fan. <\/p>\n<p>Para consultar todos los JUGLANS actualmente disponibles para la venta, <strong><a href=\"https:\/\/www.vallonchene.fr\/es\/?s=juglans&amp;post_type=product&amp;dgwt_wcas=1&amp;lang=fr&amp;filter_stock_status=instock\">haga clic aqu\u00ed<\/a><\/strong>.<\/p>\n<h2>\u00bfC\u00f3mo plantar y cuidar el JUGLANS regia &#8216;Purpurea&#8217;?<\/h2>\n<h3>Plantaci\u00f3n <br \/><\/h3>\n<p>Para aprovechar plenamente este maravilloso peque\u00f1o \u00e1rbol, considere los siguientes puntos:<\/p>\n<ol>\n<li>Busquele un lugar a pleno sol. Puede ser en un macizo o de manera aislada. Cuanto m\u00e1s sol directo reciba durante el d\u00eda, mejor y m\u00e1s r\u00e1pido desarrollar\u00e1 su magn\u00edfico tono.  <\/li>\n<li>El suelo puede ser ligero, normal o pesado. Sin embargo, es preferible un suelo bien drenado.<\/li>\n<li>Acepta un suelo con un pH \u00e1cido, neutro o calc\u00e1reo.<\/li>\n<\/ol>\n<p>Para una buena preparaci\u00f3n del hoyo de plantaci\u00f3n, hemos dise\u00f1ado <a href=\"https:\/\/www.vallonchene.fr\/comment-planter-et-entretenir-des-vegetaux\/comment-planter-et-entretenir-arbres-arbustes-et-coniferes\/\" target=\"_blank\" rel=\"noreferrer noopener\"><strong>instrucciones espec\u00edficas disponibles aqu\u00ed<\/strong><\/a>.<\/p>\n<h3>Cuidado <br \/><\/h3>\n<p>Como con todas las plantas reci\u00e9n plantadas, siga un riego regular durante los dos primeros a\u00f1os, especialmente durante los per\u00edodos de sequ\u00eda. Le invitamos a consultar tambi\u00e9n <a href=\"https:\/\/www.vallonchene.fr\/comment-bien-arroser-le-jardin-et-economiser-leau\/\"><strong>nuestros consejos sobre c\u00f3mo regar correctamente y ahorrar agua aqu\u00ed<\/strong><\/a>.<\/p>\n<p>El JUGLANS regia &#8216;Purpurea&#8217; no requiere realmente mantenimiento. Adem\u00e1s, tampoco es sensible a enfermedades. <\/p>\n<p>Si necesita podarlo, h\u00e1galo en febrero antes del nuevo brote y aplique un cicatrizante.<\/p>\n<h2>Historia y Origen<\/h2>\n<p>La especie original <em>JUGLANS regia<\/em> proviene de Eurasia y, m\u00e1s concretamente, del centro y suroeste de Asia.<\/p>\n<p>El nogal com\u00fan ha sido cultivado durante milenios, con rastros hist\u00f3ricos que se remontan hasta siete mil a\u00f1os antes de Cristo. Los comerciantes griegos y romanos lo difundieron por toda Europa, llegando a Francia, Espa\u00f1a, Alemania e incluso Portugal. <\/p>\n<p>El cultivar <em>Purpurea<\/em> representa una selecci\u00f3n interesante por su aspecto decorativo, con un follaje de un tono p\u00farpura bastante excepcional. No obstante, su origen exacto es desconocido. Probablemente, sea una aparici\u00f3n espont\u00e1nea.  <\/p>\n<p>En resumen, el JUGLANS regia &#8216;Purpurea&#8217; es una planta extraordinaria que encantar\u00e1 a coleccionistas y jardineros aficionados con su hermoso follaje p\u00farpura. Aporta un hermoso toque de color a jardines de cualquier tama\u00f1o. <\/p>\n","protected":false},"excerpt":{"rendered":"<p>Este <strong>nogal<\/strong> es apreciado por su follaje p\u00farpura durante todo el a\u00f1o. El <strong>JUGLANS regia &#8216;Purpurea&#8217;<\/strong> tambi\u00e9n produce frutos de color p\u00farpura. Es perfectamente resistente.  <\/p>\n","protected":false},"featured_media":53772,"comment_status":"open","ping_status":"closed","template":"","meta":[],"product_brand":[],"product_cat":[11499],"product_tag":[12568,12569,12570],"class_list":{"0":"post-53775","1":"product","2":"type-product","3":"status-publish","4":"has-post-thumbnail","6":"product_cat-arbustos-y-arboles","7":"product_tag-juglans-es","8":"product_tag-juglans-regia-es","9":"product_tag-nogal","10":"pa_99-hauteurapproximativeapres1-3-a-5-m","11":"pa_couleurdesfruits-purpura","12":"pa_couleurdufeuillage-purpura","13":"pa_exigencesenhumidite-moderadamente-humedo-a-humedo","14":"pa_exigencesenhumidite-promedio","15":"pa_exigencesenhumidite-seco","16":"pa_expositionspossibles-pleno-sol-de-12-a-17-min","17":"pa_hauteurlivree-125-a-150-cm-es","18":"pa_hauteurlivree-20-a-30-cm-es","19":"pa_hauteurlivree-40-a-50-cm-es","20":"pa_hauteurlivree-70-a-80-cm-es","21":"pa_interetauprintemps-brotes-jovenes","22":"pa_interetauprintemps-follaje","23":"pa_interetauprintemps-habitus","24":"pa_interetenautomne-follaje","25":"pa_interetenautomne-frutas","26":"pa_interetenautomne-habitus","27":"pa_interetenete-follaje","28":"pa_interetenete-habitus","29":"pa_interetenhiver-habitus","30":"pa_naturedufeuillage-caduco","31":"pa_naturesdesolpossibles-ligero","32":"pa_naturesdesolpossibles-normal-es","33":"pa_naturesdesolpossibles-pesado","34":"pa_periodedefloraison-primavera","35":"pa_periodederecolte-octubre","36":"pa_periodedetaille-febrero","37":"pa_phdusolacceptable-acido-menos-de-6_5","38":"pa_phdusolacceptable-calcareo-mas-de-7_5","39":"pa_phdusolacceptable-neutro-entre-6_5-y-7_5","40":"pa_portgraphisme-globoso","41":"pa_resistanceaufroidrusticite-resistente-por-debajo-de-menos-20-c","42":"pa_tailledepot-maceta-de-2-litros","43":"pa_tailledepot-maceta-de-4-litros","44":"pa_tailledepot-maceta-de-5-litros","45":"pa_utilisationpossible-aislado","46":"pa_utilisationpossible-arriate","48":"first","49":"instock","50":"taxable","51":"shipping-taxable","52":"purchasable","53":"product-type-variable","54":"has-default-attributes"},"supplier_id":null,"supplier_sku":"","barcode":null,"atum_controlled":true,"out_stock_date":null,"out_stock_threshold":null,"inheritable":true,"inbound_stock":0,"stock_on_hold":0,"sold_today":0,"sales_last_days":0,"reserved_stock":0,"customer_returns":0,"warehouse_damage":0,"lost_in_post":0,"other_logs":0,"out_stock_days":null,"lost_sales":0,"has_location":false,"update_date":"2026-04-20T07:35:06","atum_locations":[],"atum_stock_status":"instock","restock_status":false,"low_stock_amount":"","sales_update_date":"2025-08-31T12:45:51","calc_backorders":null,"yoast_head":"<!-- This site is optimized with the Yoast SEO Premium plugin v27.4 (Yoast SEO v27.4) - https:\/\/yoast.com\/product\/yoast-seo-premium-wordpress\/ -->\n<title>JUGLANS regia &#039;Purpurea&#039; - nogal p\u00farpura<\/title>\n<meta name=\"description\" content=\"Este nogal es apreciado por su follaje p\u00farpura durante todo el a\u00f1o. El JUGLANS regia &#039;Purpurea&#039; tambi\u00e9n produce frutos de color p\u00farpura. Es perfectamente resistente.\" \/>\n<meta name=\"robots\" content=\"index, follow, max-snippet:-1, max-image-preview:large, max-video-preview:-1\" \/>\n<link rel=\"canonical\" href=\"https:\/\/www.vallonchene.fr\/es\/producto\/juglans-regia-purpurea\/\" \/>\n<meta property=\"og:locale\" content=\"es_ES\" \/>\n<meta property=\"og:type\" content=\"article\" \/>\n<meta property=\"og:title\" content=\"JUGLANS regia &#039;Purpurea&#039;\" \/>\n<meta property=\"og:description\" content=\"Este nogal es apreciado por su follaje p\u00farpura durante todo el a\u00f1o. El JUGLANS regia &#039;Purpurea&#039; tambi\u00e9n produce frutos de color p\u00farpura. Es perfectamente resistente.\" \/>\n<meta property=\"og:url\" content=\"https:\/\/www.vallonchene.fr\/es\/producto\/juglans-regia-purpurea\/\" \/>\n<meta property=\"og:site_name\" content=\"Vallonch\u00eane\" \/>\n<meta property=\"article:publisher\" content=\"https:\/\/www.facebook.com\/vallonchene.fr\" \/>\n<meta property=\"article:modified_time\" content=\"2025-08-31T12:46:44+00:00\" \/>\n<meta property=\"og:image\" content=\"https:\/\/www.vallonchene.fr\/wp-content\/uploads\/2025\/05\/JUGLANS-regia-Purpurea.webp\" \/>\n\t<meta property=\"og:image:width\" content=\"1200\" \/>\n\t<meta property=\"og:image:height\" content=\"1200\" \/>\n\t<meta property=\"og:image:type\" content=\"image\/webp\" \/>\n<meta name=\"twitter:card\" content=\"summary_large_image\" \/>\n<meta name=\"twitter:label1\" content=\"Disponibilidad\" \/>\n\t<meta name=\"twitter:data1\" content=\"En stock\" \/>\n<script type=\"application\/ld+json\" class=\"yoast-schema-graph\">{\"@context\":\"https:\\\/\\\/schema.org\",\"@graph\":[{\"@type\":\"WebPage\",\"@id\":\"https:\\\/\\\/www.vallonchene.fr\\\/es\\\/producto\\\/juglans-regia-purpurea\\\/\",\"url\":\"https:\\\/\\\/www.vallonchene.fr\\\/es\\\/producto\\\/juglans-regia-purpurea\\\/\",\"name\":\"JUGLANS regia 'Purpurea' - nogal p\u00farpura\",\"isPartOf\":{\"@id\":\"https:\\\/\\\/www.vallonchene.fr\\\/es\\\/#website\"},\"primaryImageOfPage\":{\"@id\":\"https:\\\/\\\/www.vallonchene.fr\\\/es\\\/producto\\\/juglans-regia-purpurea\\\/#primaryimage\"},\"image\":{\"@id\":\"https:\\\/\\\/www.vallonchene.fr\\\/es\\\/producto\\\/juglans-regia-purpurea\\\/#primaryimage\"},\"thumbnailUrl\":\"https:\\\/\\\/www.vallonchene.fr\\\/wp-content\\\/uploads\\\/2025\\\/05\\\/JUGLANS-regia-Purpurea.webp\",\"datePublished\":\"2021-08-31T11:12:40+00:00\",\"dateModified\":\"2025-08-31T12:46:44+00:00\",\"description\":\"Este nogal es apreciado por su follaje p\u00farpura durante todo el a\u00f1o. El JUGLANS regia 'Purpurea' tambi\u00e9n produce frutos de color p\u00farpura. Es perfectamente resistente.\",\"breadcrumb\":{\"@id\":\"https:\\\/\\\/www.vallonchene.fr\\\/es\\\/producto\\\/juglans-regia-purpurea\\\/#breadcrumb\"},\"inLanguage\":\"es\",\"potentialAction\":[{\"@type\":\"ReadAction\",\"target\":[\"https:\\\/\\\/www.vallonchene.fr\\\/es\\\/producto\\\/juglans-regia-purpurea\\\/\"]}]},{\"@type\":\"ImageObject\",\"inLanguage\":\"es\",\"@id\":\"https:\\\/\\\/www.vallonchene.fr\\\/es\\\/producto\\\/juglans-regia-purpurea\\\/#primaryimage\",\"url\":\"https:\\\/\\\/www.vallonchene.fr\\\/wp-content\\\/uploads\\\/2025\\\/05\\\/JUGLANS-regia-Purpurea.webp\",\"contentUrl\":\"https:\\\/\\\/www.vallonchene.fr\\\/wp-content\\\/uploads\\\/2025\\\/05\\\/JUGLANS-regia-Purpurea.webp\",\"width\":1200,\"height\":1200,\"caption\":\"Follaje p\u00farpura del JUGLANS regia 'Purpurea'\"},{\"@type\":\"BreadcrumbList\",\"@id\":\"https:\\\/\\\/www.vallonchene.fr\\\/es\\\/producto\\\/juglans-regia-purpurea\\\/#breadcrumb\",\"itemListElement\":[{\"@type\":\"ListItem\",\"position\":1,\"name\":\"Home\",\"item\":\"https:\\\/\\\/www.vallonchene.fr\\\/es\\\/\"},{\"@type\":\"ListItem\",\"position\":2,\"name\":\"Tienda\",\"item\":\"https:\\\/\\\/www.vallonchene.fr\\\/tienda\\\/\"},{\"@type\":\"ListItem\",\"position\":3,\"name\":\"Venta en linea\",\"item\":\"https:\\\/\\\/www.vallonchene.fr\\\/es\\\/categoria-producto\\\/venta-en-linea\\\/\"},{\"@type\":\"ListItem\",\"position\":4,\"name\":\"Vivero\",\"item\":\"https:\\\/\\\/www.vallonchene.fr\\\/es\\\/categoria-producto\\\/venta-en-linea\\\/vivero\\\/\"},{\"@type\":\"ListItem\",\"position\":5,\"name\":\"Arbustos y \u00e1rboles\",\"item\":\"https:\\\/\\\/www.vallonchene.fr\\\/es\\\/categoria-producto\\\/venta-en-linea\\\/vivero\\\/arbustos-y-arboles\\\/\"},{\"@type\":\"ListItem\",\"position\":6,\"name\":\"JUGLANS regia &#8216;Purpurea&#8217;\"}]},{\"@type\":\"WebSite\",\"@id\":\"https:\\\/\\\/www.vallonchene.fr\\\/es\\\/#website\",\"url\":\"https:\\\/\\\/www.vallonchene.fr\\\/es\\\/\",\"name\":\"Vallonch\u00eane\",\"description\":\"El vivero donde la calidad tiene sus ra\u00edces \u2013 Tel.: +33 (0)2.35.90.02.02\",\"publisher\":{\"@id\":\"https:\\\/\\\/www.vallonchene.fr\\\/es\\\/#organization\"},\"potentialAction\":[{\"@type\":\"SearchAction\",\"target\":{\"@type\":\"EntryPoint\",\"urlTemplate\":\"https:\\\/\\\/www.vallonchene.fr\\\/es\\\/?s={search_term_string}\"},\"query-input\":{\"@type\":\"PropertyValueSpecification\",\"valueRequired\":true,\"valueName\":\"search_term_string\"}}],\"inLanguage\":\"es\"},{\"@type\":\"Organization\",\"@id\":\"https:\\\/\\\/www.vallonchene.fr\\\/es\\\/#organization\",\"name\":\"VALLONCHENE\",\"url\":\"https:\\\/\\\/www.vallonchene.fr\\\/es\\\/\",\"logo\":{\"@type\":\"ImageObject\",\"inLanguage\":\"es\",\"@id\":\"https:\\\/\\\/www.vallonchene.fr\\\/es\\\/#\\\/schema\\\/logo\\\/image\\\/\",\"url\":\"https:\\\/\\\/www.vallonchene.fr\\\/wp-content\\\/uploads\\\/2023\\\/03\\\/Logo-Vallonchene-site-et-R_hauteur_100.png\",\"contentUrl\":\"https:\\\/\\\/www.vallonchene.fr\\\/wp-content\\\/uploads\\\/2023\\\/03\\\/Logo-Vallonchene-site-et-R_hauteur_100.png\",\"width\":221,\"height\":100,\"caption\":\"VALLONCHENE\"},\"image\":{\"@id\":\"https:\\\/\\\/www.vallonchene.fr\\\/es\\\/#\\\/schema\\\/logo\\\/image\\\/\"},\"sameAs\":[\"https:\\\/\\\/www.facebook.com\\\/vallonchene.fr\",\"https:\\\/\\\/www.instagram.com\\\/vallonchene\\\/\",\"https:\\\/\\\/www.pinterest.fr\\\/vallonchene\\\/\"],\"taxID\":\"49454502300017\",\"hasMerchantReturnPolicy\":{\"@type\":\"MerchantReturnPolicy\",\"merchantReturnLink\":\"https:\\\/\\\/www.vallonchene.fr\\\/remboursements_retours\\\/\"}}]}<\/script>\n<meta property=\"og:availability\" content=\"instock\" \/>\n<meta property=\"product:availability\" content=\"instock\" \/>\n<meta property=\"product:retailer_item_id\" content=\"76991\" \/>\n<meta property=\"product:condition\" content=\"new\" \/>\n<!-- \/ Yoast SEO Premium plugin. -->","yoast_head_json":{"title":"JUGLANS regia 'Purpurea' - nogal p\u00farpura","description":"Este nogal es apreciado por su follaje p\u00farpura durante todo el a\u00f1o. El JUGLANS regia 'Purpurea' tambi\u00e9n produce frutos de color p\u00farpura. Es perfectamente resistente.","robots":{"index":"index","follow":"follow","max-snippet":"max-snippet:-1","max-image-preview":"max-image-preview:large","max-video-preview":"max-video-preview:-1"},"canonical":"https:\/\/www.vallonchene.fr\/es\/producto\/juglans-regia-purpurea\/","og_locale":"es_ES","og_type":"article","og_title":"JUGLANS regia 'Purpurea'","og_description":"Este nogal es apreciado por su follaje p\u00farpura durante todo el a\u00f1o. El JUGLANS regia 'Purpurea' tambi\u00e9n produce frutos de color p\u00farpura. Es perfectamente resistente.","og_url":"https:\/\/www.vallonchene.fr\/es\/producto\/juglans-regia-purpurea\/","og_site_name":"Vallonch\u00eane","article_publisher":"https:\/\/www.facebook.com\/vallonchene.fr","article_modified_time":"2025-08-31T12:46:44+00:00","og_image":[{"width":1200,"height":1200,"url":"https:\/\/www.vallonchene.fr\/wp-content\/uploads\/2025\/05\/JUGLANS-regia-Purpurea.webp","type":"image\/webp"}],"twitter_card":"summary_large_image","twitter_misc":{"Disponibilidad":"En stock"},"schema":{"@context":"https:\/\/schema.org","@graph":[{"@type":"WebPage","@id":"https:\/\/www.vallonchene.fr\/es\/producto\/juglans-regia-purpurea\/","url":"https:\/\/www.vallonchene.fr\/es\/producto\/juglans-regia-purpurea\/","name":"JUGLANS regia 'Purpurea' - nogal p\u00farpura","isPartOf":{"@id":"https:\/\/www.vallonchene.fr\/es\/#website"},"primaryImageOfPage":{"@id":"https:\/\/www.vallonchene.fr\/es\/producto\/juglans-regia-purpurea\/#primaryimage"},"image":{"@id":"https:\/\/www.vallonchene.fr\/es\/producto\/juglans-regia-purpurea\/#primaryimage"},"thumbnailUrl":"https:\/\/www.vallonchene.fr\/wp-content\/uploads\/2025\/05\/JUGLANS-regia-Purpurea.webp","datePublished":"2021-08-31T11:12:40+00:00","dateModified":"2025-08-31T12:46:44+00:00","description":"Este nogal es apreciado por su follaje p\u00farpura durante todo el a\u00f1o. El JUGLANS regia 'Purpurea' tambi\u00e9n produce frutos de color p\u00farpura. Es perfectamente resistente.","breadcrumb":{"@id":"https:\/\/www.vallonchene.fr\/es\/producto\/juglans-regia-purpurea\/#breadcrumb"},"inLanguage":"es","potentialAction":[{"@type":"ReadAction","target":["https:\/\/www.vallonchene.fr\/es\/producto\/juglans-regia-purpurea\/"]}]},{"@type":"ImageObject","inLanguage":"es","@id":"https:\/\/www.vallonchene.fr\/es\/producto\/juglans-regia-purpurea\/#primaryimage","url":"https:\/\/www.vallonchene.fr\/wp-content\/uploads\/2025\/05\/JUGLANS-regia-Purpurea.webp","contentUrl":"https:\/\/www.vallonchene.fr\/wp-content\/uploads\/2025\/05\/JUGLANS-regia-Purpurea.webp","width":1200,"height":1200,"caption":"Follaje p\u00farpura del JUGLANS regia 'Purpurea'"},{"@type":"BreadcrumbList","@id":"https:\/\/www.vallonchene.fr\/es\/producto\/juglans-regia-purpurea\/#breadcrumb","itemListElement":[{"@type":"ListItem","position":1,"name":"Home","item":"https:\/\/www.vallonchene.fr\/es\/"},{"@type":"ListItem","position":2,"name":"Tienda","item":"https:\/\/www.vallonchene.fr\/tienda\/"},{"@type":"ListItem","position":3,"name":"Venta en linea","item":"https:\/\/www.vallonchene.fr\/es\/categoria-producto\/venta-en-linea\/"},{"@type":"ListItem","position":4,"name":"Vivero","item":"https:\/\/www.vallonchene.fr\/es\/categoria-producto\/venta-en-linea\/vivero\/"},{"@type":"ListItem","position":5,"name":"Arbustos y \u00e1rboles","item":"https:\/\/www.vallonchene.fr\/es\/categoria-producto\/venta-en-linea\/vivero\/arbustos-y-arboles\/"},{"@type":"ListItem","position":6,"name":"JUGLANS regia &#8216;Purpurea&#8217;"}]},{"@type":"WebSite","@id":"https:\/\/www.vallonchene.fr\/es\/#website","url":"https:\/\/www.vallonchene.fr\/es\/","name":"Vallonch\u00eane","description":"El vivero donde la calidad tiene sus ra\u00edces \u2013 Tel.: +33 (0)2.35.90.02.02","publisher":{"@id":"https:\/\/www.vallonchene.fr\/es\/#organization"},"potentialAction":[{"@type":"SearchAction","target":{"@type":"EntryPoint","urlTemplate":"https:\/\/www.vallonchene.fr\/es\/?s={search_term_string}"},"query-input":{"@type":"PropertyValueSpecification","valueRequired":true,"valueName":"search_term_string"}}],"inLanguage":"es"},{"@type":"Organization","@id":"https:\/\/www.vallonchene.fr\/es\/#organization","name":"VALLONCHENE","url":"https:\/\/www.vallonchene.fr\/es\/","logo":{"@type":"ImageObject","inLanguage":"es","@id":"https:\/\/www.vallonchene.fr\/es\/#\/schema\/logo\/image\/","url":"https:\/\/www.vallonchene.fr\/wp-content\/uploads\/2023\/03\/Logo-Vallonchene-site-et-R_hauteur_100.png","contentUrl":"https:\/\/www.vallonchene.fr\/wp-content\/uploads\/2023\/03\/Logo-Vallonchene-site-et-R_hauteur_100.png","width":221,"height":100,"caption":"VALLONCHENE"},"image":{"@id":"https:\/\/www.vallonchene.fr\/es\/#\/schema\/logo\/image\/"},"sameAs":["https:\/\/www.facebook.com\/vallonchene.fr","https:\/\/www.instagram.com\/vallonchene\/","https:\/\/www.pinterest.fr\/vallonchene\/"],"taxID":"49454502300017","hasMerchantReturnPolicy":{"@type":"MerchantReturnPolicy","merchantReturnLink":"https:\/\/www.vallonchene.fr\/remboursements_retours\/"}}]},"og_availability":"instock","product_availability":"instock","product_retailer_item_id":"76991","product_condition":"new"},"_links":{"self":[{"href":"https:\/\/www.vallonchene.fr\/es\/wp-json\/wp\/v2\/product\/53775","targetHints":{"allow":["GET"]}}],"collection":[{"href":"https:\/\/www.vallonchene.fr\/es\/wp-json\/wp\/v2\/product"}],"about":[{"href":"https:\/\/www.vallonchene.fr\/es\/wp-json\/wp\/v2\/types\/product"}],"replies":[{"embeddable":true,"href":"https:\/\/www.vallonchene.fr\/es\/wp-json\/wp\/v2\/comments?post=53775"}],"wp:featuredmedia":[{"embeddable":true,"href":"https:\/\/www.vallonchene.fr\/es\/wp-json\/wp\/v2\/media\/53772"}],"wp:attachment":[{"href":"https:\/\/www.vallonchene.fr\/es\/wp-json\/wp\/v2\/media?parent=53775"}],"wp:term":[{"taxonomy":"product_brand","embeddable":true,"href":"https:\/\/www.vallonchene.fr\/es\/wp-json\/wp\/v2\/product_brand?post=53775"},{"taxonomy":"product_cat","embeddable":true,"href":"https:\/\/www.vallonchene.fr\/es\/wp-json\/wp\/v2\/product_cat?post=53775"},{"taxonomy":"product_tag","embeddable":true,"href":"https:\/\/www.vallonchene.fr\/es\/wp-json\/wp\/v2\/product_tag?post=53775"}],"curies":[{"name":"wp","href":"https:\/\/api.w.org\/{rel}","templated":true}]}}