{"id":53595,"date":"2021-08-31T10:42:02","date_gmt":"2021-08-31T10:42:02","guid":{"rendered":"https:\/\/www.vallonchene.fr\/produit\/acer-negundo-kellys-gold\/"},"modified":"2021-08-31T10:42:02","modified_gmt":"2021-08-31T09:42:02","slug":"acer-negundo-kellys-gold","status":"publish","type":"product","link":"https:\/\/www.vallonchene.fr\/es\/producto\/acer-negundo-kellys-gold\/","title":{"rendered":"ACER negundo &#8216;Kelly&#8217;s Gold&#8217;"},"content":{"rendered":"<h2>La Planta<\/h2>\n<p><strong>ACER negunda &#8216;Kelly&#8217;s Gold&#8217;<\/strong> es un <strong>arce de hojas de fresno<\/strong> que desarrolla <strong>flores masculinas en la madera desnuda<\/strong> a principios de primavera. Estas est\u00e1n formadas por <strong>racimos de hilos colgantes<\/strong>. Es un fen\u00f3meno bastante singular que le otorga un aspecto muy particular (ver fotos).  <\/p>\n<p>A continuaci\u00f3n, aparece el <strong>follaje de un amarillo brillante<\/strong> que se mantendr\u00e1 as\u00ed durante todo el verano para iluminar el jard\u00edn.<\/p>\n<p>Luego, en oto\u00f1o, ese mismo follaje se torna de un amarillo a\u00fan m\u00e1s claro para intensificar el espect\u00e1culo.<\/p>\n<p>Finalmente, en invierno, el <strong>dise\u00f1o redondeado y ligero<\/strong> con ramas aireadas constituye un elemento estructural importante.<\/p>\n<p>A pesar de que se trata de un <strong>\u00e1rbol bastante peque\u00f1o<\/strong>, es una planta que <strong>crece relativamente r\u00e1pido<\/strong>. Esto es bastante notable para un \u00e1rbol peque\u00f1o. <\/p>\n<h2>\u00bfC\u00f3mo plantar y cuidar el ACER negundo &#8216;Kelly&#8217;s Gold&#8217;?<\/h2>\n<h3>Plantaci\u00f3n <br \/><\/h3>\n<p>A pesar de que se trata de una planta realmente f\u00e1cil de cultivar, considere los siguientes puntos para aprovechar al m\u00e1ximo las ventajas de este arce de hojas de fresno:<\/p>\n<ol>\n<li>Encuentre un lugar a pleno sol, preferiblemente protegido de los vientos fuertes. El pleno sol es necesario para lograr un color intenso. <\/li>\n<li>El suelo puede ser ligero, normal o pesado.<\/li>\n<li>El lugar puede ser fresco a h\u00famedo, medio o seco con un pH \u00e1cido, neutro o calc\u00e1reo.<\/li>\n<\/ol>\n<p>Para una buena preparaci\u00f3n del hoyo de plantaci\u00f3n, hemos dise\u00f1ado <a href=\"https:\/\/www.vallonchene.fr\/comment-planter-et-entretenir-des-vegetaux\/comment-planter-et-entretenir-arbres-arbustes-et-coniferes\/\" target=\"_blank\" rel=\"noreferrer noopener\"><strong>instrucciones espec\u00edficas disponibles aqu\u00ed<\/strong><\/a>.<\/p>\n<h3>Cuidado <br \/><\/h3>\n<p>Garantice durante los dos primeros a\u00f1os un riego regular, especialmente durante los per\u00edodos de sequ\u00eda, para facilitar un buen establecimiento. Le invitamos a consultar tambi\u00e9n <a href=\"https:\/\/www.vallonchene.fr\/comment-bien-arroser-le-jardin-et-economiser-leau\/\"><strong>nuestros consejos sobre c\u00f3mo regar correctamente y ahorrar agua aqu\u00ed<\/strong><\/a>.<\/p>\n<p>Adem\u00e1s, puede podar la planta en enero y febrero (antes de la floraci\u00f3n) si resulta necesario. Por otra parte, este peque\u00f1o \u00e1rbol es ideal para la poda en transparencia, lo que resalta a\u00fan m\u00e1s su dise\u00f1o y el fen\u00f3meno de floraci\u00f3n mencionado anteriormente. <\/p>\n<h2>Historia y Origen<\/h2>\n<p>La especie ACER negundo proviene de Am\u00e9rica del Norte. Su h\u00e1bitat natural se extiende desde Canad\u00e1 hasta Honduras. Sin embargo, el arce de hojas de fresno tambi\u00e9n se ha popularizado en otros continentes del mundo.  <\/p>\n<p>La variedad ACER negunda &#8216;Kelly&#8217;s Gold&#8217; fue desarrollada y cultivada por su follaje muy amarillo. Es mucho menos com\u00fan, incluso rara. Su capacidad de crecimiento relativamente r\u00e1pido la convierte en una excelente planta para generar sombra.  <\/p>\n<p>Para concluir, el A. negundo &#8216;Kelly&#8217;s Gold&#8217; forma parte de las plantas robustas. Aporta un toque de luz y sigue siendo una planta f\u00e1cil de cultivar.  <\/p>\n","protected":false},"excerpt":{"rendered":"<p>Este <strong>arce de hojas de fresno<\/strong> es una variante con follaje amarillo. En primavera, el <strong>ACER negundo &#8216;Kelly&#8217;s Gold&#8217;<\/strong> desarrolla hermosos racimos florales colgantes sobre la madera desnuda. <\/p>\n","protected":false},"featured_media":53589,"comment_status":"open","ping_status":"closed","template":"","meta":[],"product_brand":[],"product_cat":[11499],"product_tag":[11855,12558,12559],"class_list":{"0":"post-53595","1":"product","2":"type-product","3":"status-publish","4":"has-post-thumbnail","6":"product_cat-arbustos-y-arboles","7":"product_tag-acer-es","8":"product_tag-acer-negundo-es","9":"product_tag-arce-de-hojas-de-fresno","10":"pa_99-hauteurapproximativeapres1-2-a-3-m","11":"pa_couleurdufeuillage-amarilla","12":"pa_exigencesenhumidite-moderadamente-humedo-a-humedo","13":"pa_exigencesenhumidite-promedio","14":"pa_exigencesenhumidite-seco","15":"pa_expositionspossibles-pleno-sol-de-12-a-17-min","16":"pa_hauteurlivree-100-a-125-cm","17":"pa_hauteurlivree-125-a-150-cm-es","18":"pa_hauteurlivree-150-a-175-cm-es","19":"pa_hauteurlivree-175-a-200-cm-es","20":"pa_hauteurlivree-30-a-40-cm-es","21":"pa_hauteurlivree-300-a-350-cm-es","22":"pa_hauteurlivree-60-a-80-cm-es","23":"pa_interetauprintemps-flores","24":"pa_interetauprintemps-follaje","25":"pa_interetenautomne-follaje","26":"pa_interetenete-follaje","27":"pa_interetenhiver-habitus","28":"pa_naturedufeuillage-caduco","29":"pa_naturesdesolpossibles-ligero","30":"pa_naturesdesolpossibles-normal-es","31":"pa_naturesdesolpossibles-pesado","32":"pa_periodedefloraison-primavera","33":"pa_periodedetaille-enero","34":"pa_periodedetaille-febrero","35":"pa_phdusolacceptable-acido-menos-de-6_5","36":"pa_phdusolacceptable-calcareo-mas-de-7_5","37":"pa_phdusolacceptable-neutro-entre-6_5-y-7_5","38":"pa_portgraphisme-globoso","39":"pa_resistanceaufroidrusticite-resistente-por-debajo-de-menos-20-c","40":"pa_tailledepot-maceta-de-10-litros","41":"pa_tailledepot-maceta-de-3-litros","42":"pa_tailledepot-maceta-de-30-litros","43":"pa_tailledepot-maceta-de-7_5-litros","44":"pa_utilisationpossible-aislado","45":"pa_utilisationpossible-arriate","47":"first","48":"instock","49":"taxable","50":"shipping-taxable","51":"purchasable","52":"product-type-variable","53":"has-default-attributes"},"supplier_id":null,"supplier_sku":"","barcode":null,"atum_controlled":true,"out_stock_date":null,"out_stock_threshold":null,"inheritable":true,"inbound_stock":null,"stock_on_hold":0,"sold_today":0,"sales_last_days":0,"reserved_stock":0,"customer_returns":null,"warehouse_damage":null,"lost_in_post":null,"other_logs":null,"out_stock_days":null,"lost_sales":0,"has_location":false,"update_date":"2025-12-01T10:02:14","atum_locations":[],"atum_stock_status":"instock","restock_status":false,"low_stock_amount":"","sales_update_date":null,"calc_backorders":null,"yoast_head":"<!-- This site is optimized with the Yoast SEO Premium plugin v27.4 (Yoast SEO v27.4) - https:\/\/yoast.com\/product\/yoast-seo-premium-wordpress\/ -->\n<title>ACER negundo &#039;Kelly&#039;s Gold&#039;<\/title>\n<meta name=\"description\" content=\"Este arce de hojas de fresno es una variante con follaje amarillo. En primavera, el ACER negundo &#039;Kelly&#039;s Gold&#039; desarrolla hermosos racimos florales.\" \/>\n<meta name=\"robots\" content=\"index, follow, max-snippet:-1, max-image-preview:large, max-video-preview:-1\" \/>\n<link rel=\"canonical\" href=\"https:\/\/www.vallonchene.fr\/es\/producto\/acer-negundo-kellys-gold\/\" \/>\n<meta property=\"og:locale\" content=\"es_ES\" \/>\n<meta property=\"og:type\" content=\"article\" \/>\n<meta property=\"og:title\" content=\"ACER negundo &#039;Kelly&#039;s Gold&#039;\" \/>\n<meta property=\"og:description\" content=\"Este arce de hojas de fresno es una variante con follaje amarillo. En primavera, el ACER negundo &#039;Kelly&#039;s Gold&#039; desarrolla hermosos racimos florales.\" \/>\n<meta property=\"og:url\" content=\"https:\/\/www.vallonchene.fr\/es\/producto\/acer-negundo-kellys-gold\/\" \/>\n<meta property=\"og:site_name\" content=\"Vallonch\u00eane\" \/>\n<meta property=\"article:publisher\" content=\"https:\/\/www.facebook.com\/vallonchene.fr\" \/>\n<meta property=\"og:image\" content=\"https:\/\/www.vallonchene.fr\/wp-content\/uploads\/2025\/04\/ACER-negundo-Kellys-Gold.webp\" \/>\n\t<meta property=\"og:image:width\" content=\"1200\" \/>\n\t<meta property=\"og:image:height\" content=\"1200\" \/>\n\t<meta property=\"og:image:type\" content=\"image\/webp\" \/>\n<meta name=\"twitter:card\" content=\"summary_large_image\" \/>\n<meta name=\"twitter:label1\" content=\"Disponibilidad\" \/>\n\t<meta name=\"twitter:data1\" content=\"En stock\" \/>\n<script type=\"application\/ld+json\" class=\"yoast-schema-graph\">{\"@context\":\"https:\\\/\\\/schema.org\",\"@graph\":[{\"@type\":\"WebPage\",\"@id\":\"https:\\\/\\\/www.vallonchene.fr\\\/es\\\/producto\\\/acer-negundo-kellys-gold\\\/\",\"url\":\"https:\\\/\\\/www.vallonchene.fr\\\/es\\\/producto\\\/acer-negundo-kellys-gold\\\/\",\"name\":\"ACER negundo 'Kelly's Gold'\",\"isPartOf\":{\"@id\":\"https:\\\/\\\/www.vallonchene.fr\\\/es\\\/#website\"},\"primaryImageOfPage\":{\"@id\":\"https:\\\/\\\/www.vallonchene.fr\\\/es\\\/producto\\\/acer-negundo-kellys-gold\\\/#primaryimage\"},\"image\":{\"@id\":\"https:\\\/\\\/www.vallonchene.fr\\\/es\\\/producto\\\/acer-negundo-kellys-gold\\\/#primaryimage\"},\"thumbnailUrl\":\"https:\\\/\\\/www.vallonchene.fr\\\/wp-content\\\/uploads\\\/2025\\\/04\\\/ACER-negundo-Kellys-Gold_01.webp\",\"datePublished\":\"2021-08-31T10:42:02+00:00\",\"description\":\"Este arce de hojas de fresno es una variante con follaje amarillo. En primavera, el ACER negundo 'Kelly's Gold' desarrolla hermosos racimos florales.\",\"breadcrumb\":{\"@id\":\"https:\\\/\\\/www.vallonchene.fr\\\/es\\\/producto\\\/acer-negundo-kellys-gold\\\/#breadcrumb\"},\"inLanguage\":\"es\",\"potentialAction\":[{\"@type\":\"ReadAction\",\"target\":[\"https:\\\/\\\/www.vallonchene.fr\\\/es\\\/producto\\\/acer-negundo-kellys-gold\\\/\"]}]},{\"@type\":\"ImageObject\",\"inLanguage\":\"es\",\"@id\":\"https:\\\/\\\/www.vallonchene.fr\\\/es\\\/producto\\\/acer-negundo-kellys-gold\\\/#primaryimage\",\"url\":\"https:\\\/\\\/www.vallonchene.fr\\\/wp-content\\\/uploads\\\/2025\\\/04\\\/ACER-negundo-Kellys-Gold_01.webp\",\"contentUrl\":\"https:\\\/\\\/www.vallonchene.fr\\\/wp-content\\\/uploads\\\/2025\\\/04\\\/ACER-negundo-Kellys-Gold_01.webp\",\"width\":1200,\"height\":1200,\"caption\":\"Un ACER negundo 'Kelly's Gold' de aproximadamente 25 a\u00f1os a principios de primavera en el Jard\u00edn de Vallonch\u00eane.\"},{\"@type\":\"BreadcrumbList\",\"@id\":\"https:\\\/\\\/www.vallonchene.fr\\\/es\\\/producto\\\/acer-negundo-kellys-gold\\\/#breadcrumb\",\"itemListElement\":[{\"@type\":\"ListItem\",\"position\":1,\"name\":\"Home\",\"item\":\"https:\\\/\\\/www.vallonchene.fr\\\/es\\\/\"},{\"@type\":\"ListItem\",\"position\":2,\"name\":\"Tienda\",\"item\":\"https:\\\/\\\/www.vallonchene.fr\\\/tienda\\\/\"},{\"@type\":\"ListItem\",\"position\":3,\"name\":\"ACER negundo &#8216;Kelly&#8217;s Gold&#8217;\"}]},{\"@type\":\"WebSite\",\"@id\":\"https:\\\/\\\/www.vallonchene.fr\\\/es\\\/#website\",\"url\":\"https:\\\/\\\/www.vallonchene.fr\\\/es\\\/\",\"name\":\"Vallonch\u00eane\",\"description\":\"El vivero donde la calidad tiene sus ra\u00edces \u2013 Tel.: +33 (0)2.35.90.02.02\",\"publisher\":{\"@id\":\"https:\\\/\\\/www.vallonchene.fr\\\/es\\\/#organization\"},\"potentialAction\":[{\"@type\":\"SearchAction\",\"target\":{\"@type\":\"EntryPoint\",\"urlTemplate\":\"https:\\\/\\\/www.vallonchene.fr\\\/es\\\/?s={search_term_string}\"},\"query-input\":{\"@type\":\"PropertyValueSpecification\",\"valueRequired\":true,\"valueName\":\"search_term_string\"}}],\"inLanguage\":\"es\"},{\"@type\":\"Organization\",\"@id\":\"https:\\\/\\\/www.vallonchene.fr\\\/es\\\/#organization\",\"name\":\"VALLONCHENE\",\"url\":\"https:\\\/\\\/www.vallonchene.fr\\\/es\\\/\",\"logo\":{\"@type\":\"ImageObject\",\"inLanguage\":\"es\",\"@id\":\"https:\\\/\\\/www.vallonchene.fr\\\/es\\\/#\\\/schema\\\/logo\\\/image\\\/\",\"url\":\"https:\\\/\\\/www.vallonchene.fr\\\/wp-content\\\/uploads\\\/2023\\\/03\\\/Logo-Vallonchene-site-et-R_hauteur_100.png\",\"contentUrl\":\"https:\\\/\\\/www.vallonchene.fr\\\/wp-content\\\/uploads\\\/2023\\\/03\\\/Logo-Vallonchene-site-et-R_hauteur_100.png\",\"width\":221,\"height\":100,\"caption\":\"VALLONCHENE\"},\"image\":{\"@id\":\"https:\\\/\\\/www.vallonchene.fr\\\/es\\\/#\\\/schema\\\/logo\\\/image\\\/\"},\"sameAs\":[\"https:\\\/\\\/www.facebook.com\\\/vallonchene.fr\",\"https:\\\/\\\/www.instagram.com\\\/vallonchene\\\/\",\"https:\\\/\\\/www.pinterest.fr\\\/vallonchene\\\/\"],\"taxID\":\"49454502300017\",\"hasMerchantReturnPolicy\":{\"@type\":\"MerchantReturnPolicy\",\"merchantReturnLink\":\"https:\\\/\\\/www.vallonchene.fr\\\/remboursements_retours\\\/\"}}]}<\/script>\n<meta property=\"og:availability\" content=\"instock\" \/>\n<meta property=\"product:availability\" content=\"instock\" \/>\n<meta property=\"product:retailer_item_id\" content=\"54312\" \/>\n<meta property=\"product:condition\" content=\"new\" \/>\n<!-- \/ Yoast SEO Premium plugin. -->","yoast_head_json":{"title":"ACER negundo 'Kelly's Gold'","description":"Este arce de hojas de fresno es una variante con follaje amarillo. En primavera, el ACER negundo 'Kelly's Gold' desarrolla hermosos racimos florales.","robots":{"index":"index","follow":"follow","max-snippet":"max-snippet:-1","max-image-preview":"max-image-preview:large","max-video-preview":"max-video-preview:-1"},"canonical":"https:\/\/www.vallonchene.fr\/es\/producto\/acer-negundo-kellys-gold\/","og_locale":"es_ES","og_type":"article","og_title":"ACER negundo 'Kelly's Gold'","og_description":"Este arce de hojas de fresno es una variante con follaje amarillo. En primavera, el ACER negundo 'Kelly's Gold' desarrolla hermosos racimos florales.","og_url":"https:\/\/www.vallonchene.fr\/es\/producto\/acer-negundo-kellys-gold\/","og_site_name":"Vallonch\u00eane","article_publisher":"https:\/\/www.facebook.com\/vallonchene.fr","og_image":[{"width":1200,"height":1200,"url":"https:\/\/www.vallonchene.fr\/wp-content\/uploads\/2025\/04\/ACER-negundo-Kellys-Gold.webp","type":"image\/webp"}],"twitter_card":"summary_large_image","twitter_misc":{"Disponibilidad":"En stock"},"schema":{"@context":"https:\/\/schema.org","@graph":[{"@type":"WebPage","@id":"https:\/\/www.vallonchene.fr\/es\/producto\/acer-negundo-kellys-gold\/","url":"https:\/\/www.vallonchene.fr\/es\/producto\/acer-negundo-kellys-gold\/","name":"ACER negundo 'Kelly's Gold'","isPartOf":{"@id":"https:\/\/www.vallonchene.fr\/es\/#website"},"primaryImageOfPage":{"@id":"https:\/\/www.vallonchene.fr\/es\/producto\/acer-negundo-kellys-gold\/#primaryimage"},"image":{"@id":"https:\/\/www.vallonchene.fr\/es\/producto\/acer-negundo-kellys-gold\/#primaryimage"},"thumbnailUrl":"https:\/\/www.vallonchene.fr\/wp-content\/uploads\/2025\/04\/ACER-negundo-Kellys-Gold_01.webp","datePublished":"2021-08-31T10:42:02+00:00","description":"Este arce de hojas de fresno es una variante con follaje amarillo. En primavera, el ACER negundo 'Kelly's Gold' desarrolla hermosos racimos florales.","breadcrumb":{"@id":"https:\/\/www.vallonchene.fr\/es\/producto\/acer-negundo-kellys-gold\/#breadcrumb"},"inLanguage":"es","potentialAction":[{"@type":"ReadAction","target":["https:\/\/www.vallonchene.fr\/es\/producto\/acer-negundo-kellys-gold\/"]}]},{"@type":"ImageObject","inLanguage":"es","@id":"https:\/\/www.vallonchene.fr\/es\/producto\/acer-negundo-kellys-gold\/#primaryimage","url":"https:\/\/www.vallonchene.fr\/wp-content\/uploads\/2025\/04\/ACER-negundo-Kellys-Gold_01.webp","contentUrl":"https:\/\/www.vallonchene.fr\/wp-content\/uploads\/2025\/04\/ACER-negundo-Kellys-Gold_01.webp","width":1200,"height":1200,"caption":"Un ACER negundo 'Kelly's Gold' de aproximadamente 25 a\u00f1os a principios de primavera en el Jard\u00edn de Vallonch\u00eane."},{"@type":"BreadcrumbList","@id":"https:\/\/www.vallonchene.fr\/es\/producto\/acer-negundo-kellys-gold\/#breadcrumb","itemListElement":[{"@type":"ListItem","position":1,"name":"Home","item":"https:\/\/www.vallonchene.fr\/es\/"},{"@type":"ListItem","position":2,"name":"Tienda","item":"https:\/\/www.vallonchene.fr\/tienda\/"},{"@type":"ListItem","position":3,"name":"ACER negundo &#8216;Kelly&#8217;s Gold&#8217;"}]},{"@type":"WebSite","@id":"https:\/\/www.vallonchene.fr\/es\/#website","url":"https:\/\/www.vallonchene.fr\/es\/","name":"Vallonch\u00eane","description":"El vivero donde la calidad tiene sus ra\u00edces \u2013 Tel.: +33 (0)2.35.90.02.02","publisher":{"@id":"https:\/\/www.vallonchene.fr\/es\/#organization"},"potentialAction":[{"@type":"SearchAction","target":{"@type":"EntryPoint","urlTemplate":"https:\/\/www.vallonchene.fr\/es\/?s={search_term_string}"},"query-input":{"@type":"PropertyValueSpecification","valueRequired":true,"valueName":"search_term_string"}}],"inLanguage":"es"},{"@type":"Organization","@id":"https:\/\/www.vallonchene.fr\/es\/#organization","name":"VALLONCHENE","url":"https:\/\/www.vallonchene.fr\/es\/","logo":{"@type":"ImageObject","inLanguage":"es","@id":"https:\/\/www.vallonchene.fr\/es\/#\/schema\/logo\/image\/","url":"https:\/\/www.vallonchene.fr\/wp-content\/uploads\/2023\/03\/Logo-Vallonchene-site-et-R_hauteur_100.png","contentUrl":"https:\/\/www.vallonchene.fr\/wp-content\/uploads\/2023\/03\/Logo-Vallonchene-site-et-R_hauteur_100.png","width":221,"height":100,"caption":"VALLONCHENE"},"image":{"@id":"https:\/\/www.vallonchene.fr\/es\/#\/schema\/logo\/image\/"},"sameAs":["https:\/\/www.facebook.com\/vallonchene.fr","https:\/\/www.instagram.com\/vallonchene\/","https:\/\/www.pinterest.fr\/vallonchene\/"],"taxID":"49454502300017","hasMerchantReturnPolicy":{"@type":"MerchantReturnPolicy","merchantReturnLink":"https:\/\/www.vallonchene.fr\/remboursements_retours\/"}}]},"og_availability":"instock","product_availability":"instock","product_retailer_item_id":"54312","product_condition":"new"},"_links":{"self":[{"href":"https:\/\/www.vallonchene.fr\/es\/wp-json\/wp\/v2\/product\/53595","targetHints":{"allow":["GET"]}}],"collection":[{"href":"https:\/\/www.vallonchene.fr\/es\/wp-json\/wp\/v2\/product"}],"about":[{"href":"https:\/\/www.vallonchene.fr\/es\/wp-json\/wp\/v2\/types\/product"}],"replies":[{"embeddable":true,"href":"https:\/\/www.vallonchene.fr\/es\/wp-json\/wp\/v2\/comments?post=53595"}],"wp:featuredmedia":[{"embeddable":true,"href":"https:\/\/www.vallonchene.fr\/es\/wp-json\/wp\/v2\/media\/53589"}],"wp:attachment":[{"href":"https:\/\/www.vallonchene.fr\/es\/wp-json\/wp\/v2\/media?parent=53595"}],"wp:term":[{"taxonomy":"product_brand","embeddable":true,"href":"https:\/\/www.vallonchene.fr\/es\/wp-json\/wp\/v2\/product_brand?post=53595"},{"taxonomy":"product_cat","embeddable":true,"href":"https:\/\/www.vallonchene.fr\/es\/wp-json\/wp\/v2\/product_cat?post=53595"},{"taxonomy":"product_tag","embeddable":true,"href":"https:\/\/www.vallonchene.fr\/es\/wp-json\/wp\/v2\/product_tag?post=53595"}],"curies":[{"name":"wp","href":"https:\/\/api.w.org\/{rel}","templated":true}]}}