{"id":52962,"date":"2021-08-31T10:49:15","date_gmt":"2021-08-31T10:49:15","guid":{"rendered":"https:\/\/www.vallonchene.fr\/produit\/cercidiphyllum-japonicum\/"},"modified":"2021-08-31T10:49:15","modified_gmt":"2021-08-31T09:49:15","slug":"cercidiphyllum-japonicum","status":"publish","type":"product","link":"https:\/\/www.vallonchene.fr\/es\/producto\/cercidiphyllum-japonicum\/","title":{"rendered":"CERCIDIPHYLLUM japonicum"},"content":{"rendered":"<p>El <strong>CERCIDIPHYLLUM japonicum<\/strong> es un \u00e1rbol maravilloso por muchas razones. Su <strong>follaje verde y casi redondo con pec\u00edolos rojos<\/strong> (ver foto) es simplemente espectacular.<br \/>\nAdem\u00e1s, su <strong>silueta es bastante elegante<\/strong> gracias a sus ramas muy finas. Este aspecto elegante se mantiene incluso en invierno, cuando pierde su follaje.<br \/>\nAunque a veces se menciona que este \u00e1rbol puede alcanzar entre 10 y 45 metros de altura, es importante saber que crece muy lentamente y no superar\u00e1 los 6 metros en Europa despu\u00e9s de veinte a\u00f1os.<br \/>\nPor \u00faltimo, el espect\u00e1culo alcanza su punto \u00e1lgido en oto\u00f1o. En ese momento, el follaje comienza a mostrar colores llamativos como verde, amarillo, naranja y rojo. Observe las fotos anteriores. Cuando las hojas se sequen, comprender\u00e1 su nombre <strong>katsura<\/strong>, ya que <strong>exhalar\u00e1 un agradable perfume a caramelo<\/strong> en su jard\u00edn.      <\/p>\n<p>Para ver los dem\u00e1s katsura disponibles actualmente para la venta, <strong><a href=\"https:\/\/www.vallonchene.fr\/?s=cercidiphyllum%20japonicum&amp;post_type=product&amp;dgwt_wcas=1&amp;lang=fr&amp;filter_stock_status=instock\" target=\"_blank\" rel=\"noopener\">por favor haga clic aqu\u00ed<\/a><\/strong>.<\/p>\n<h2>C\u00f3mo plantar el CERCIDIPHYLLUM japonicum<\/h2>\n<p>Plante el katsura <strong>a pleno sol o en semisombra<\/strong>, ya sea en un <strong>macizo<\/strong> o como \u00e1rbol <strong>aislado<\/strong>. Prefiere los lugares <strong>h\u00famedos, e incluso empapados<\/strong>.<br \/>\nEl suelo puede ser <strong>ligero, normal o pesado<\/strong>, con un <strong>pH \u00e1cido, neutro o calc\u00e1reo<\/strong>. <\/p>\n<p>En caso de necesidad, puede <strong>podar el katsura en febrero o marzo<\/strong>, antes de que aparezcan los nuevos brotes.<\/p>\n<p>Esta planta es <strong>perfectamente resistente al fr\u00edo<\/strong>, incluso a temperaturas inferiores a -20 \u00b0C.<\/p>\n<p>Para una preparaci\u00f3n \u00f3ptima del contenedor o del hoyo de plantaci\u00f3n, hemos elaborado unas <a href=\"https:\/\/www.vallonchene.fr\/comment-planter-et-entretenir-des-vegetaux\/\" target=\"_blank\" rel=\"noreferrer noopener\"><strong>instrucciones detalladas que puede consultar aqu\u00ed<\/strong><\/a>. Le invitamos a consultar tambi\u00e9n <a href=\"https:\/\/www.vallonchene.fr\/comment-bien-arroser-le-jardin-et-economiser-leau\/\"><strong>nuestros consejos sobre c\u00f3mo regar correctamente y ahorrar agua aqu\u00ed<\/strong><\/a>.<\/p>\n<h2>Historia y Origen<\/h2>\n<p>La especie CERCIDIPHYLLUM japonicum se clasifica como \u00ab<strong>amenazada<\/strong>\u00bb en <strong><a href=\"https:\/\/fr.wikipedia.org\/wiki\/Chine\" target=\"_blank\" rel=\"noopener\">China<\/a><\/strong>. Sin embargo, si se incluyen las poblaciones japonesas, se considera de \u00ab<strong>preocupaci\u00f3n menor<\/strong>\u00bb. Su h\u00e1bitat natural tambi\u00e9n se encuentra en estos dos pa\u00edses.  <\/p>\n<p>Antiguamente, los katsura en China eran llamados \u00abCERCIDIPHYLLUM japonicum var. sinense\u00bb. Sin embargo, hoy en d\u00eda se consideran como una misma especie.  <\/p>\n<p>El C. japonicum es un \u00e1rbol ornamental muy apreciado en <strong><a href=\"https:\/\/fr.wikipedia.org\/wiki\/Japon\" target=\"_blank\" rel=\"noopener\">Jap\u00f3n<\/a><\/strong> y en muchos otros pa\u00edses, especialmente por su follaje inusual, su elegante dise\u00f1o y el perfume a caramelo que desprende en oto\u00f1o.<\/p>\n<p>Esta especie es <strong><a href=\"https:\/\/fr.wikipedia.org\/wiki\/Dio%C3%AFque\" target=\"_blank\" rel=\"noopener\">dioica<\/a><\/strong> (con individuos unisexuales distintos) y tambi\u00e9n es <strong>conocida por su resistencia a los par\u00e1sitos<\/strong>.<\/p>\n<p>Los japoneses los aprovechan para la producci\u00f3n de <strong>madera de construcci\u00f3n<\/strong>. Adem\u00e1s, debido a su dureza, se utiliza para la fabricaci\u00f3n de <strong><a href=\"https:\/\/fr.wikipedia.org\/wiki\/Goban\" target=\"_blank\" rel=\"noopener\">goban<\/a><\/strong> (tableros para jugar al <strong><a href=\"https:\/\/fr.wikipedia.org\/wiki\/Jeu_de_go\" target=\"_blank\" rel=\"noopener\">go<\/a><\/strong>). <\/p>\n<p>&nbsp;<\/p>\n<p>&nbsp;<\/p>\n","protected":false},"excerpt":{"rendered":"<p>El <strong>katsura<\/strong> es un \u00e1rbol peque\u00f1o. El <strong>CERCIDIPHYLLUM japonicum<\/strong> tolera muy bien los terrenos muy h\u00famedos. En oto\u00f1o, su follaje seco desprende un intenso aroma a caramelo que perfuma el jard\u00edn.  <\/p>\n","protected":false},"featured_media":52963,"comment_status":"open","ping_status":"closed","template":"","meta":[],"product_brand":[],"product_cat":[11499],"product_tag":[12397,12396,12395],"class_list":{"0":"post-52962","1":"product","2":"type-product","3":"status-publish","4":"has-post-thumbnail","6":"product_cat-arbustos-y-arboles","7":"product_tag-arbol-de-caramelo","8":"product_tag-cercidiphyllum-japonicum-es","9":"product_tag-katsura-es","10":"pa_99-hauteurapproximativeapres1-3-a-5-m","11":"pa_couleurdufeuillage-verde","12":"pa_exigencesenhumidite-moderadamente-humedo-a-humedo","13":"pa_exigencesenhumidite-mojado","14":"pa_exigencesenhumidite-promedio","15":"pa_exigencesenhumidite-seco","16":"pa_expositionspossibles-pleno-sol-de-12-a-17-min","17":"pa_expositionspossibles-sombra-parcial-evitar-el-sol-de-12-a-17-horas","18":"pa_hauteurlivree-100-a-125-cm","19":"pa_hauteurlivree-150-a-175-cm-es","20":"pa_hauteurlivree-175-a-200-cm-es","21":"pa_hauteurlivree-40-a-60-cm-es","22":"pa_hauteurlivree-50-a-60-cm-es","23":"pa_hauteurlivree-80-a-100-cm-es","24":"pa_interetauprintemps-follaje","25":"pa_interetauprintemps-habitus","26":"pa_interetenautomne-aroma","27":"pa_interetenautomne-follaje","28":"pa_interetenautomne-habitus","29":"pa_interetenete-follaje","30":"pa_interetenete-habitus","31":"pa_interetenhiver-habitus","32":"pa_naturedufeuillage-caduco","33":"pa_naturesdesolpossibles-ligero","34":"pa_naturesdesolpossibles-normal-es","35":"pa_naturesdesolpossibles-pesado","36":"pa_particularites-fragrante","37":"pa_periodedetaille-febrero","38":"pa_periodedetaille-marzo","39":"pa_phdusolacceptable-acido-menos-de-6_5","40":"pa_phdusolacceptable-calcareo-mas-de-7_5","41":"pa_phdusolacceptable-neutro-entre-6_5-y-7_5","42":"pa_portgraphisme-fastigiado","43":"pa_portgraphisme-globoso","44":"pa_resistanceaufroidrusticite-resistente-por-debajo-de-menos-20-c","45":"pa_tailledepot-maceta-de-10-litros","46":"pa_tailledepot-maceta-de-15-litros","47":"pa_tailledepot-maceta-de-2-litros","48":"pa_tailledepot-maceta-de-3-litros","49":"pa_tailledepot-maceta-de-5-litros","50":"pa_tailledepot-maceta-de-9-cm-es","51":"pa_utilisationpossible-aislado","52":"pa_utilisationpossible-arriate","54":"first","55":"instock","56":"taxable","57":"shipping-taxable","58":"purchasable","59":"product-type-variable","60":"has-default-attributes"},"supplier_id":null,"supplier_sku":"","barcode":null,"atum_controlled":true,"out_stock_date":null,"out_stock_threshold":null,"inheritable":true,"inbound_stock":0,"stock_on_hold":0,"sold_today":0,"sales_last_days":0,"reserved_stock":0,"customer_returns":0,"warehouse_damage":0,"lost_in_post":0,"other_logs":0,"out_stock_days":null,"lost_sales":0,"has_location":false,"update_date":"2026-01-02T10:28:19","atum_locations":[],"atum_stock_status":"instock","restock_status":false,"low_stock_amount":"","sales_update_date":"2024-12-20T15:27:04","calc_backorders":null,"yoast_head":"<!-- This site is optimized with the Yoast SEO Premium plugin v27.5 (Yoast SEO v27.5) - https:\/\/yoast.com\/product\/yoast-seo-premium-wordpress\/ -->\n<title>CERCIDIPHYLLUM japonicum - katsura<\/title>\n<meta name=\"description\" content=\"El katsura es un \u00e1rbol peque\u00f1o. El CERCIDIPHYLLUM japonicum tolera muy bien los terrenos muy h\u00famedos. En oto\u00f1o, emana un perfume a caramelo.\" \/>\n<meta name=\"robots\" content=\"index, follow, max-snippet:-1, max-image-preview:large, max-video-preview:-1\" \/>\n<link rel=\"canonical\" href=\"https:\/\/www.vallonchene.fr\/es\/producto\/cercidiphyllum-japonicum\/\" \/>\n<meta property=\"og:locale\" content=\"es_ES\" \/>\n<meta property=\"og:type\" content=\"article\" \/>\n<meta property=\"og:title\" content=\"CERCIDIPHYLLUM japonicum\" \/>\n<meta property=\"og:description\" content=\"El katsura es un \u00e1rbol peque\u00f1o. El CERCIDIPHYLLUM japonicum tolera muy bien los terrenos muy h\u00famedos. En oto\u00f1o, emana un perfume a caramelo.\" \/>\n<meta property=\"og:url\" content=\"https:\/\/www.vallonchene.fr\/es\/producto\/cercidiphyllum-japonicum\/\" \/>\n<meta property=\"og:site_name\" content=\"Vallonch\u00eane\" \/>\n<meta property=\"article:publisher\" content=\"https:\/\/www.facebook.com\/vallonchene.fr\" \/>\n<meta property=\"og:image\" content=\"https:\/\/www.vallonchene.fr\/wp-content\/uploads\/2023\/09\/CERCIDIPHYLLUM-japonicum-Rotfuchs_01.webp\" \/>\n\t<meta property=\"og:image:width\" content=\"1200\" \/>\n\t<meta property=\"og:image:height\" content=\"1200\" \/>\n\t<meta property=\"og:image:type\" content=\"image\/webp\" \/>\n<meta name=\"twitter:card\" content=\"summary_large_image\" \/>\n<meta name=\"twitter:label1\" content=\"Disponibilidad\" \/>\n\t<meta name=\"twitter:data1\" content=\"En stock\" \/>\n<script type=\"application\/ld+json\" class=\"yoast-schema-graph\">{\"@context\":\"https:\\\/\\\/schema.org\",\"@graph\":[{\"@type\":\"WebPage\",\"@id\":\"https:\\\/\\\/www.vallonchene.fr\\\/es\\\/producto\\\/cercidiphyllum-japonicum\\\/\",\"url\":\"https:\\\/\\\/www.vallonchene.fr\\\/es\\\/producto\\\/cercidiphyllum-japonicum\\\/\",\"name\":\"CERCIDIPHYLLUM japonicum - katsura\",\"isPartOf\":{\"@id\":\"https:\\\/\\\/www.vallonchene.fr\\\/es\\\/#website\"},\"primaryImageOfPage\":{\"@id\":\"https:\\\/\\\/www.vallonchene.fr\\\/es\\\/producto\\\/cercidiphyllum-japonicum\\\/#primaryimage\"},\"image\":{\"@id\":\"https:\\\/\\\/www.vallonchene.fr\\\/es\\\/producto\\\/cercidiphyllum-japonicum\\\/#primaryimage\"},\"thumbnailUrl\":\"https:\\\/\\\/www.vallonchene.fr\\\/wp-content\\\/uploads\\\/2023\\\/09\\\/CERCIDIPHYLLUM-japonicum-Rotfuchs_01.webp\",\"datePublished\":\"2021-08-31T10:49:15+00:00\",\"description\":\"El katsura es un \u00e1rbol peque\u00f1o. El CERCIDIPHYLLUM japonicum tolera muy bien los terrenos muy h\u00famedos. En oto\u00f1o, emana un perfume a caramelo.\",\"breadcrumb\":{\"@id\":\"https:\\\/\\\/www.vallonchene.fr\\\/es\\\/producto\\\/cercidiphyllum-japonicum\\\/#breadcrumb\"},\"inLanguage\":\"es\",\"potentialAction\":[{\"@type\":\"ReadAction\",\"target\":[\"https:\\\/\\\/www.vallonchene.fr\\\/es\\\/producto\\\/cercidiphyllum-japonicum\\\/\"]}]},{\"@type\":\"ImageObject\",\"inLanguage\":\"es\",\"@id\":\"https:\\\/\\\/www.vallonchene.fr\\\/es\\\/producto\\\/cercidiphyllum-japonicum\\\/#primaryimage\",\"url\":\"https:\\\/\\\/www.vallonchene.fr\\\/wp-content\\\/uploads\\\/2023\\\/09\\\/CERCIDIPHYLLUM-japonicum-Rotfuchs_01.webp\",\"contentUrl\":\"https:\\\/\\\/www.vallonchene.fr\\\/wp-content\\\/uploads\\\/2023\\\/09\\\/CERCIDIPHYLLUM-japonicum-Rotfuchs_01.webp\",\"width\":1200,\"height\":1200,\"caption\":\"Feuillage automnal en jaune, orange et vert du CERCIDIPHYLLUM japonicum\"},{\"@type\":\"BreadcrumbList\",\"@id\":\"https:\\\/\\\/www.vallonchene.fr\\\/es\\\/producto\\\/cercidiphyllum-japonicum\\\/#breadcrumb\",\"itemListElement\":[{\"@type\":\"ListItem\",\"position\":1,\"name\":\"Home\",\"item\":\"https:\\\/\\\/www.vallonchene.fr\\\/es\\\/\"},{\"@type\":\"ListItem\",\"position\":2,\"name\":\"Tienda\",\"item\":\"https:\\\/\\\/www.vallonchene.fr\\\/tienda\\\/\"},{\"@type\":\"ListItem\",\"position\":3,\"name\":\"CERCIDIPHYLLUM japonicum\"}]},{\"@type\":\"WebSite\",\"@id\":\"https:\\\/\\\/www.vallonchene.fr\\\/es\\\/#website\",\"url\":\"https:\\\/\\\/www.vallonchene.fr\\\/es\\\/\",\"name\":\"Vallonch\u00eane\",\"description\":\"El vivero donde la calidad tiene sus ra\u00edces \u2013 Tel.: +33 (0)2.35.90.02.02\",\"publisher\":{\"@id\":\"https:\\\/\\\/www.vallonchene.fr\\\/es\\\/#organization\"},\"potentialAction\":[{\"@type\":\"SearchAction\",\"target\":{\"@type\":\"EntryPoint\",\"urlTemplate\":\"https:\\\/\\\/www.vallonchene.fr\\\/es\\\/?s={search_term_string}\"},\"query-input\":{\"@type\":\"PropertyValueSpecification\",\"valueRequired\":true,\"valueName\":\"search_term_string\"}}],\"inLanguage\":\"es\"},{\"@type\":\"Organization\",\"@id\":\"https:\\\/\\\/www.vallonchene.fr\\\/es\\\/#organization\",\"name\":\"VALLONCHENE\",\"url\":\"https:\\\/\\\/www.vallonchene.fr\\\/es\\\/\",\"logo\":{\"@type\":\"ImageObject\",\"inLanguage\":\"es\",\"@id\":\"https:\\\/\\\/www.vallonchene.fr\\\/es\\\/#\\\/schema\\\/logo\\\/image\\\/\",\"url\":\"https:\\\/\\\/www.vallonchene.fr\\\/wp-content\\\/uploads\\\/2023\\\/03\\\/Logo-Vallonchene-site-et-R_hauteur_100.png\",\"contentUrl\":\"https:\\\/\\\/www.vallonchene.fr\\\/wp-content\\\/uploads\\\/2023\\\/03\\\/Logo-Vallonchene-site-et-R_hauteur_100.png\",\"width\":221,\"height\":100,\"caption\":\"VALLONCHENE\"},\"image\":{\"@id\":\"https:\\\/\\\/www.vallonchene.fr\\\/es\\\/#\\\/schema\\\/logo\\\/image\\\/\"},\"sameAs\":[\"https:\\\/\\\/www.facebook.com\\\/vallonchene.fr\",\"https:\\\/\\\/www.instagram.com\\\/vallonchene\\\/\",\"https:\\\/\\\/www.pinterest.fr\\\/vallonchene\\\/\"],\"taxID\":\"49454502300017\",\"hasMerchantReturnPolicy\":{\"@type\":\"MerchantReturnPolicy\",\"merchantReturnLink\":\"https:\\\/\\\/www.vallonchene.fr\\\/remboursements_retours\\\/\"}}]}<\/script>\n<meta property=\"og:availability\" content=\"instock\" \/>\n<meta property=\"product:availability\" content=\"instock\" \/>\n<meta property=\"product:retailer_item_id\" content=\"25427\" \/>\n<meta property=\"product:condition\" content=\"new\" \/>\n<!-- \/ Yoast SEO Premium plugin. -->","yoast_head_json":{"title":"CERCIDIPHYLLUM japonicum - katsura","description":"El katsura es un \u00e1rbol peque\u00f1o. El CERCIDIPHYLLUM japonicum tolera muy bien los terrenos muy h\u00famedos. En oto\u00f1o, emana un perfume a caramelo.","robots":{"index":"index","follow":"follow","max-snippet":"max-snippet:-1","max-image-preview":"max-image-preview:large","max-video-preview":"max-video-preview:-1"},"canonical":"https:\/\/www.vallonchene.fr\/es\/producto\/cercidiphyllum-japonicum\/","og_locale":"es_ES","og_type":"article","og_title":"CERCIDIPHYLLUM japonicum","og_description":"El katsura es un \u00e1rbol peque\u00f1o. El CERCIDIPHYLLUM japonicum tolera muy bien los terrenos muy h\u00famedos. En oto\u00f1o, emana un perfume a caramelo.","og_url":"https:\/\/www.vallonchene.fr\/es\/producto\/cercidiphyllum-japonicum\/","og_site_name":"Vallonch\u00eane","article_publisher":"https:\/\/www.facebook.com\/vallonchene.fr","og_image":[{"width":1200,"height":1200,"url":"https:\/\/www.vallonchene.fr\/wp-content\/uploads\/2023\/09\/CERCIDIPHYLLUM-japonicum-Rotfuchs_01.webp","type":"image\/webp"}],"twitter_card":"summary_large_image","twitter_misc":{"Disponibilidad":"En stock"},"schema":{"@context":"https:\/\/schema.org","@graph":[{"@type":"WebPage","@id":"https:\/\/www.vallonchene.fr\/es\/producto\/cercidiphyllum-japonicum\/","url":"https:\/\/www.vallonchene.fr\/es\/producto\/cercidiphyllum-japonicum\/","name":"CERCIDIPHYLLUM japonicum - katsura","isPartOf":{"@id":"https:\/\/www.vallonchene.fr\/es\/#website"},"primaryImageOfPage":{"@id":"https:\/\/www.vallonchene.fr\/es\/producto\/cercidiphyllum-japonicum\/#primaryimage"},"image":{"@id":"https:\/\/www.vallonchene.fr\/es\/producto\/cercidiphyllum-japonicum\/#primaryimage"},"thumbnailUrl":"https:\/\/www.vallonchene.fr\/wp-content\/uploads\/2023\/09\/CERCIDIPHYLLUM-japonicum-Rotfuchs_01.webp","datePublished":"2021-08-31T10:49:15+00:00","description":"El katsura es un \u00e1rbol peque\u00f1o. El CERCIDIPHYLLUM japonicum tolera muy bien los terrenos muy h\u00famedos. En oto\u00f1o, emana un perfume a caramelo.","breadcrumb":{"@id":"https:\/\/www.vallonchene.fr\/es\/producto\/cercidiphyllum-japonicum\/#breadcrumb"},"inLanguage":"es","potentialAction":[{"@type":"ReadAction","target":["https:\/\/www.vallonchene.fr\/es\/producto\/cercidiphyllum-japonicum\/"]}]},{"@type":"ImageObject","inLanguage":"es","@id":"https:\/\/www.vallonchene.fr\/es\/producto\/cercidiphyllum-japonicum\/#primaryimage","url":"https:\/\/www.vallonchene.fr\/wp-content\/uploads\/2023\/09\/CERCIDIPHYLLUM-japonicum-Rotfuchs_01.webp","contentUrl":"https:\/\/www.vallonchene.fr\/wp-content\/uploads\/2023\/09\/CERCIDIPHYLLUM-japonicum-Rotfuchs_01.webp","width":1200,"height":1200,"caption":"Feuillage automnal en jaune, orange et vert du CERCIDIPHYLLUM japonicum"},{"@type":"BreadcrumbList","@id":"https:\/\/www.vallonchene.fr\/es\/producto\/cercidiphyllum-japonicum\/#breadcrumb","itemListElement":[{"@type":"ListItem","position":1,"name":"Home","item":"https:\/\/www.vallonchene.fr\/es\/"},{"@type":"ListItem","position":2,"name":"Tienda","item":"https:\/\/www.vallonchene.fr\/tienda\/"},{"@type":"ListItem","position":3,"name":"CERCIDIPHYLLUM japonicum"}]},{"@type":"WebSite","@id":"https:\/\/www.vallonchene.fr\/es\/#website","url":"https:\/\/www.vallonchene.fr\/es\/","name":"Vallonch\u00eane","description":"El vivero donde la calidad tiene sus ra\u00edces \u2013 Tel.: +33 (0)2.35.90.02.02","publisher":{"@id":"https:\/\/www.vallonchene.fr\/es\/#organization"},"potentialAction":[{"@type":"SearchAction","target":{"@type":"EntryPoint","urlTemplate":"https:\/\/www.vallonchene.fr\/es\/?s={search_term_string}"},"query-input":{"@type":"PropertyValueSpecification","valueRequired":true,"valueName":"search_term_string"}}],"inLanguage":"es"},{"@type":"Organization","@id":"https:\/\/www.vallonchene.fr\/es\/#organization","name":"VALLONCHENE","url":"https:\/\/www.vallonchene.fr\/es\/","logo":{"@type":"ImageObject","inLanguage":"es","@id":"https:\/\/www.vallonchene.fr\/es\/#\/schema\/logo\/image\/","url":"https:\/\/www.vallonchene.fr\/wp-content\/uploads\/2023\/03\/Logo-Vallonchene-site-et-R_hauteur_100.png","contentUrl":"https:\/\/www.vallonchene.fr\/wp-content\/uploads\/2023\/03\/Logo-Vallonchene-site-et-R_hauteur_100.png","width":221,"height":100,"caption":"VALLONCHENE"},"image":{"@id":"https:\/\/www.vallonchene.fr\/es\/#\/schema\/logo\/image\/"},"sameAs":["https:\/\/www.facebook.com\/vallonchene.fr","https:\/\/www.instagram.com\/vallonchene\/","https:\/\/www.pinterest.fr\/vallonchene\/"],"taxID":"49454502300017","hasMerchantReturnPolicy":{"@type":"MerchantReturnPolicy","merchantReturnLink":"https:\/\/www.vallonchene.fr\/remboursements_retours\/"}}]},"og_availability":"instock","product_availability":"instock","product_retailer_item_id":"25427","product_condition":"new"},"_links":{"self":[{"href":"https:\/\/www.vallonchene.fr\/es\/wp-json\/wp\/v2\/product\/52962","targetHints":{"allow":["GET"]}}],"collection":[{"href":"https:\/\/www.vallonchene.fr\/es\/wp-json\/wp\/v2\/product"}],"about":[{"href":"https:\/\/www.vallonchene.fr\/es\/wp-json\/wp\/v2\/types\/product"}],"replies":[{"embeddable":true,"href":"https:\/\/www.vallonchene.fr\/es\/wp-json\/wp\/v2\/comments?post=52962"}],"wp:featuredmedia":[{"embeddable":true,"href":"https:\/\/www.vallonchene.fr\/es\/wp-json\/wp\/v2\/media\/52963"}],"wp:attachment":[{"href":"https:\/\/www.vallonchene.fr\/es\/wp-json\/wp\/v2\/media?parent=52962"}],"wp:term":[{"taxonomy":"product_brand","embeddable":true,"href":"https:\/\/www.vallonchene.fr\/es\/wp-json\/wp\/v2\/product_brand?post=52962"},{"taxonomy":"product_cat","embeddable":true,"href":"https:\/\/www.vallonchene.fr\/es\/wp-json\/wp\/v2\/product_cat?post=52962"},{"taxonomy":"product_tag","embeddable":true,"href":"https:\/\/www.vallonchene.fr\/es\/wp-json\/wp\/v2\/product_tag?post=52962"}],"curies":[{"name":"wp","href":"https:\/\/api.w.org\/{rel}","templated":true}]}}