{"id":52456,"date":"2021-08-31T11:43:49","date_gmt":"2021-08-31T11:43:49","guid":{"rendered":"https:\/\/www.vallonchene.fr\/produit\/xanthocyparis-nootkatensis-golden-waterfall\/"},"modified":"2021-08-31T11:43:49","modified_gmt":"2021-08-31T10:43:49","slug":"xanthocyparis-nootkatensis-golden-waterfall","status":"publish","type":"product","link":"https:\/\/www.vallonchene.fr\/es\/producto\/xanthocyparis-nootkatensis-golden-waterfall\/","title":{"rendered":"XANTHOCYPARIS nootkatensis &#8216;Golden Waterfall&#8217;"},"content":{"rendered":"","protected":false},"excerpt":{"rendered":"<p>Este <strong>cipr\u00e9s de Nootka<\/strong> (<strong>cipr\u00e9s de Nutka<\/strong>) tiene un follaje dorado. El <strong>XANTHOCYPARIS nootkatensis &#8216;Golden Waterfall&#8217;<\/strong> tiene un dise\u00f1o llor\u00f3n. Es perfectamente resistente.   <\/p>\n","protected":false},"featured_media":52457,"comment_status":"open","ping_status":"closed","template":"","meta":[],"product_brand":[],"product_cat":[11502],"product_tag":[11985,12306,12308,11987,11986,12307,12309],"class_list":{"0":"post-52456","1":"product","2":"type-product","3":"status-publish","4":"has-post-thumbnail","6":"product_cat-coniferas","7":"product_tag-cipres-de-nutca","8":"product_tag-cipres-de-nutka","9":"product_tag-golden-waterfall-es","10":"product_tag-xanthocyparis-es","11":"product_tag-xanthocyparis-nootkatensis-es","12":"product_tag-xanthocyparis-nootkatensis-golde-es","13":"product_tag-xanthocyparis-nootkatensis-golden-waterfall-es","14":"pa_99-hauteurapproximativeapres1-3-a-5-m","15":"pa_couleurdufeuillage-amarilla","16":"pa_exigencesenhumidite-moderadamente-humedo-a-humedo","17":"pa_exigencesenhumidite-promedio","18":"pa_exigencesenhumidite-seco","19":"pa_expositionspossibles-pleno-sol-de-12-a-17-min","20":"pa_hauteurlivree-125-a-150-cm-es","21":"pa_hauteurlivree-175-a-200-cm-es","22":"pa_hauteurlivree-60-a-80-cm-es","23":"pa_interetauprintemps-follaje","24":"pa_interetauprintemps-habitus","25":"pa_interetenautomne-follaje","26":"pa_interetenautomne-habitus","27":"pa_interetenete-follaje","28":"pa_interetenete-habitus","29":"pa_interetenhiver-follaje","30":"pa_interetenhiver-habitus","31":"pa_naturedufeuillage-siempreverde","32":"pa_naturesdesolpossibles-ligero","33":"pa_naturesdesolpossibles-normal-es","34":"pa_naturesdesolpossibles-pesado","35":"pa_particularites-habitus","36":"pa_periodedetaille-febrero","37":"pa_periodedetaille-marzo","38":"pa_phdusolacceptable-acido-menos-de-6_5","39":"pa_phdusolacceptable-calcareo-mas-de-7_5","40":"pa_phdusolacceptable-neutro-entre-6_5-y-7_5","41":"pa_portgraphisme-conico","42":"pa_portgraphisme-lloron","43":"pa_resistanceaufroidrusticite-resistente-por-debajo-de-menos-20-c","44":"pa_tailledepot-maceta-de-10-litros","45":"pa_tailledepot-maceta-de-15-litros","46":"pa_tailledepot-maceta-de-20-litros","47":"pa_tailledepot-maceta-de-4-litros","48":"pa_utilisationpossible-aislado","49":"pa_utilisationpossible-arriate","51":"first","52":"instock","53":"taxable","54":"shipping-taxable","55":"purchasable","56":"product-type-variable","57":"has-default-attributes"},"supplier_id":null,"supplier_sku":"","barcode":null,"atum_controlled":true,"out_stock_date":null,"out_stock_threshold":null,"inheritable":true,"inbound_stock":0,"stock_on_hold":0,"sold_today":0,"sales_last_days":0,"reserved_stock":0,"customer_returns":0,"warehouse_damage":0,"lost_in_post":0,"other_logs":0,"out_stock_days":null,"lost_sales":0,"has_location":false,"update_date":"2025-12-07T15:28:31","atum_locations":[],"atum_stock_status":"outofstock","restock_status":false,"low_stock_amount":"","sales_update_date":"2025-03-08T09:59:16","calc_backorders":null,"yoast_head":"<!-- This site is optimized with the Yoast SEO Premium plugin v27.5 (Yoast SEO v27.5) - https:\/\/yoast.com\/product\/yoast-seo-premium-wordpress\/ -->\n<title>XANTHOCYPARIS nootkatensis &#039;Golden Waterfall&#039; - cipr\u00e9s de Nootka<\/title>\n<meta name=\"description\" content=\"Este cipr\u00e9s de Nootka (cipr\u00e9s de Nutka) tiene un follaje dorado. El XANTHOCYPARIS nootkatensis &#039;Golden Waterfall&#039; tiene un dise\u00f1o llor\u00f3n.\" \/>\n<meta name=\"robots\" content=\"index, follow, max-snippet:-1, max-image-preview:large, max-video-preview:-1\" \/>\n<link rel=\"canonical\" href=\"https:\/\/www.vallonchene.fr\/es\/producto\/xanthocyparis-nootkatensis-golden-waterfall\/\" \/>\n<meta property=\"og:locale\" content=\"es_ES\" \/>\n<meta property=\"og:type\" content=\"article\" \/>\n<meta property=\"og:title\" content=\"XANTHOCYPARIS nootkatensis &#039;Golden Waterfall&#039;\" \/>\n<meta property=\"og:description\" content=\"Este cipr\u00e9s de Nootka (cipr\u00e9s de Nutka) tiene un follaje dorado. El XANTHOCYPARIS nootkatensis &#039;Golden Waterfall&#039; tiene un dise\u00f1o llor\u00f3n.\" \/>\n<meta property=\"og:url\" content=\"https:\/\/www.vallonchene.fr\/es\/producto\/xanthocyparis-nootkatensis-golden-waterfall\/\" \/>\n<meta property=\"og:site_name\" content=\"Vallonch\u00eane\" \/>\n<meta property=\"article:publisher\" content=\"https:\/\/www.facebook.com\/vallonchene.fr\" \/>\n<meta property=\"og:image\" content=\"https:\/\/www.vallonchene.fr\/wp-content\/uploads\/2021\/08\/3916-597-XANTHOCYPARIS-nootkatensis-Golden-Waterfall-en-Novembre.jpg\" \/>\n\t<meta property=\"og:image:width\" content=\"1600\" \/>\n\t<meta property=\"og:image:height\" content=\"1600\" \/>\n\t<meta property=\"og:image:type\" content=\"image\/jpeg\" \/>\n<meta name=\"twitter:card\" content=\"summary_large_image\" \/>\n<meta name=\"twitter:label1\" content=\"Disponibilidad\" \/>\n\t<meta name=\"twitter:data1\" content=\"En stock\" \/>\n<script type=\"application\/ld+json\" class=\"yoast-schema-graph\">{\"@context\":\"https:\\\/\\\/schema.org\",\"@graph\":[{\"@type\":\"WebPage\",\"@id\":\"https:\\\/\\\/www.vallonchene.fr\\\/es\\\/producto\\\/xanthocyparis-nootkatensis-golden-waterfall\\\/\",\"url\":\"https:\\\/\\\/www.vallonchene.fr\\\/es\\\/producto\\\/xanthocyparis-nootkatensis-golden-waterfall\\\/\",\"name\":\"XANTHOCYPARIS nootkatensis 'Golden Waterfall' - cipr\u00e9s de Nootka\",\"isPartOf\":{\"@id\":\"https:\\\/\\\/www.vallonchene.fr\\\/es\\\/#website\"},\"primaryImageOfPage\":{\"@id\":\"https:\\\/\\\/www.vallonchene.fr\\\/es\\\/producto\\\/xanthocyparis-nootkatensis-golden-waterfall\\\/#primaryimage\"},\"image\":{\"@id\":\"https:\\\/\\\/www.vallonchene.fr\\\/es\\\/producto\\\/xanthocyparis-nootkatensis-golden-waterfall\\\/#primaryimage\"},\"thumbnailUrl\":\"https:\\\/\\\/www.vallonchene.fr\\\/wp-content\\\/uploads\\\/2021\\\/08\\\/3916-597-XANTHOCYPARIS-nootkatensis-Golden-Waterfall-en-Novembre.jpg\",\"datePublished\":\"2021-08-31T11:43:49+00:00\",\"description\":\"Este cipr\u00e9s de Nootka (cipr\u00e9s de Nutka) tiene un follaje dorado. El XANTHOCYPARIS nootkatensis 'Golden Waterfall' tiene un dise\u00f1o llor\u00f3n.\",\"breadcrumb\":{\"@id\":\"https:\\\/\\\/www.vallonchene.fr\\\/es\\\/producto\\\/xanthocyparis-nootkatensis-golden-waterfall\\\/#breadcrumb\"},\"inLanguage\":\"es\",\"potentialAction\":[{\"@type\":\"ReadAction\",\"target\":[\"https:\\\/\\\/www.vallonchene.fr\\\/es\\\/producto\\\/xanthocyparis-nootkatensis-golden-waterfall\\\/\"]}]},{\"@type\":\"ImageObject\",\"inLanguage\":\"es\",\"@id\":\"https:\\\/\\\/www.vallonchene.fr\\\/es\\\/producto\\\/xanthocyparis-nootkatensis-golden-waterfall\\\/#primaryimage\",\"url\":\"https:\\\/\\\/www.vallonchene.fr\\\/wp-content\\\/uploads\\\/2021\\\/08\\\/3916-597-XANTHOCYPARIS-nootkatensis-Golden-Waterfall-en-Novembre.jpg\",\"contentUrl\":\"https:\\\/\\\/www.vallonchene.fr\\\/wp-content\\\/uploads\\\/2021\\\/08\\\/3916-597-XANTHOCYPARIS-nootkatensis-Golden-Waterfall-en-Novembre.jpg\",\"width\":1600,\"height\":1600},{\"@type\":\"BreadcrumbList\",\"@id\":\"https:\\\/\\\/www.vallonchene.fr\\\/es\\\/producto\\\/xanthocyparis-nootkatensis-golden-waterfall\\\/#breadcrumb\",\"itemListElement\":[{\"@type\":\"ListItem\",\"position\":1,\"name\":\"Home\",\"item\":\"https:\\\/\\\/www.vallonchene.fr\\\/es\\\/\"},{\"@type\":\"ListItem\",\"position\":2,\"name\":\"Tienda\",\"item\":\"https:\\\/\\\/www.vallonchene.fr\\\/tienda\\\/\"},{\"@type\":\"ListItem\",\"position\":3,\"name\":\"XANTHOCYPARIS nootkatensis &#8216;Golden Waterfall&#8217;\"}]},{\"@type\":\"WebSite\",\"@id\":\"https:\\\/\\\/www.vallonchene.fr\\\/es\\\/#website\",\"url\":\"https:\\\/\\\/www.vallonchene.fr\\\/es\\\/\",\"name\":\"Vallonch\u00eane\",\"description\":\"El vivero donde la calidad tiene sus ra\u00edces \u2013 Tel.: +33 (0)2.35.90.02.02\",\"publisher\":{\"@id\":\"https:\\\/\\\/www.vallonchene.fr\\\/es\\\/#organization\"},\"potentialAction\":[{\"@type\":\"SearchAction\",\"target\":{\"@type\":\"EntryPoint\",\"urlTemplate\":\"https:\\\/\\\/www.vallonchene.fr\\\/es\\\/?s={search_term_string}\"},\"query-input\":{\"@type\":\"PropertyValueSpecification\",\"valueRequired\":true,\"valueName\":\"search_term_string\"}}],\"inLanguage\":\"es\"},{\"@type\":\"Organization\",\"@id\":\"https:\\\/\\\/www.vallonchene.fr\\\/es\\\/#organization\",\"name\":\"VALLONCHENE\",\"url\":\"https:\\\/\\\/www.vallonchene.fr\\\/es\\\/\",\"logo\":{\"@type\":\"ImageObject\",\"inLanguage\":\"es\",\"@id\":\"https:\\\/\\\/www.vallonchene.fr\\\/es\\\/#\\\/schema\\\/logo\\\/image\\\/\",\"url\":\"https:\\\/\\\/www.vallonchene.fr\\\/wp-content\\\/uploads\\\/2023\\\/03\\\/Logo-Vallonchene-site-et-R_hauteur_100.png\",\"contentUrl\":\"https:\\\/\\\/www.vallonchene.fr\\\/wp-content\\\/uploads\\\/2023\\\/03\\\/Logo-Vallonchene-site-et-R_hauteur_100.png\",\"width\":221,\"height\":100,\"caption\":\"VALLONCHENE\"},\"image\":{\"@id\":\"https:\\\/\\\/www.vallonchene.fr\\\/es\\\/#\\\/schema\\\/logo\\\/image\\\/\"},\"sameAs\":[\"https:\\\/\\\/www.facebook.com\\\/vallonchene.fr\",\"https:\\\/\\\/www.instagram.com\\\/vallonchene\\\/\",\"https:\\\/\\\/www.pinterest.fr\\\/vallonchene\\\/\"],\"taxID\":\"49454502300017\",\"hasMerchantReturnPolicy\":{\"@type\":\"MerchantReturnPolicy\",\"merchantReturnLink\":\"https:\\\/\\\/www.vallonchene.fr\\\/remboursements_retours\\\/\"}}]}<\/script>\n<meta property=\"og:availability\" content=\"instock\" \/>\n<meta property=\"product:availability\" content=\"instock\" \/>\n<meta property=\"product:retailer_item_id\" content=\"14888\" \/>\n<meta property=\"product:condition\" content=\"new\" \/>\n<!-- \/ Yoast SEO Premium plugin. -->","yoast_head_json":{"title":"XANTHOCYPARIS nootkatensis 'Golden Waterfall' - cipr\u00e9s de Nootka","description":"Este cipr\u00e9s de Nootka (cipr\u00e9s de Nutka) tiene un follaje dorado. El XANTHOCYPARIS nootkatensis 'Golden Waterfall' tiene un dise\u00f1o llor\u00f3n.","robots":{"index":"index","follow":"follow","max-snippet":"max-snippet:-1","max-image-preview":"max-image-preview:large","max-video-preview":"max-video-preview:-1"},"canonical":"https:\/\/www.vallonchene.fr\/es\/producto\/xanthocyparis-nootkatensis-golden-waterfall\/","og_locale":"es_ES","og_type":"article","og_title":"XANTHOCYPARIS nootkatensis 'Golden Waterfall'","og_description":"Este cipr\u00e9s de Nootka (cipr\u00e9s de Nutka) tiene un follaje dorado. El XANTHOCYPARIS nootkatensis 'Golden Waterfall' tiene un dise\u00f1o llor\u00f3n.","og_url":"https:\/\/www.vallonchene.fr\/es\/producto\/xanthocyparis-nootkatensis-golden-waterfall\/","og_site_name":"Vallonch\u00eane","article_publisher":"https:\/\/www.facebook.com\/vallonchene.fr","og_image":[{"width":1600,"height":1600,"url":"https:\/\/www.vallonchene.fr\/wp-content\/uploads\/2021\/08\/3916-597-XANTHOCYPARIS-nootkatensis-Golden-Waterfall-en-Novembre.jpg","type":"image\/jpeg"}],"twitter_card":"summary_large_image","twitter_misc":{"Disponibilidad":"En stock"},"schema":{"@context":"https:\/\/schema.org","@graph":[{"@type":"WebPage","@id":"https:\/\/www.vallonchene.fr\/es\/producto\/xanthocyparis-nootkatensis-golden-waterfall\/","url":"https:\/\/www.vallonchene.fr\/es\/producto\/xanthocyparis-nootkatensis-golden-waterfall\/","name":"XANTHOCYPARIS nootkatensis 'Golden Waterfall' - cipr\u00e9s de Nootka","isPartOf":{"@id":"https:\/\/www.vallonchene.fr\/es\/#website"},"primaryImageOfPage":{"@id":"https:\/\/www.vallonchene.fr\/es\/producto\/xanthocyparis-nootkatensis-golden-waterfall\/#primaryimage"},"image":{"@id":"https:\/\/www.vallonchene.fr\/es\/producto\/xanthocyparis-nootkatensis-golden-waterfall\/#primaryimage"},"thumbnailUrl":"https:\/\/www.vallonchene.fr\/wp-content\/uploads\/2021\/08\/3916-597-XANTHOCYPARIS-nootkatensis-Golden-Waterfall-en-Novembre.jpg","datePublished":"2021-08-31T11:43:49+00:00","description":"Este cipr\u00e9s de Nootka (cipr\u00e9s de Nutka) tiene un follaje dorado. El XANTHOCYPARIS nootkatensis 'Golden Waterfall' tiene un dise\u00f1o llor\u00f3n.","breadcrumb":{"@id":"https:\/\/www.vallonchene.fr\/es\/producto\/xanthocyparis-nootkatensis-golden-waterfall\/#breadcrumb"},"inLanguage":"es","potentialAction":[{"@type":"ReadAction","target":["https:\/\/www.vallonchene.fr\/es\/producto\/xanthocyparis-nootkatensis-golden-waterfall\/"]}]},{"@type":"ImageObject","inLanguage":"es","@id":"https:\/\/www.vallonchene.fr\/es\/producto\/xanthocyparis-nootkatensis-golden-waterfall\/#primaryimage","url":"https:\/\/www.vallonchene.fr\/wp-content\/uploads\/2021\/08\/3916-597-XANTHOCYPARIS-nootkatensis-Golden-Waterfall-en-Novembre.jpg","contentUrl":"https:\/\/www.vallonchene.fr\/wp-content\/uploads\/2021\/08\/3916-597-XANTHOCYPARIS-nootkatensis-Golden-Waterfall-en-Novembre.jpg","width":1600,"height":1600},{"@type":"BreadcrumbList","@id":"https:\/\/www.vallonchene.fr\/es\/producto\/xanthocyparis-nootkatensis-golden-waterfall\/#breadcrumb","itemListElement":[{"@type":"ListItem","position":1,"name":"Home","item":"https:\/\/www.vallonchene.fr\/es\/"},{"@type":"ListItem","position":2,"name":"Tienda","item":"https:\/\/www.vallonchene.fr\/tienda\/"},{"@type":"ListItem","position":3,"name":"XANTHOCYPARIS nootkatensis &#8216;Golden Waterfall&#8217;"}]},{"@type":"WebSite","@id":"https:\/\/www.vallonchene.fr\/es\/#website","url":"https:\/\/www.vallonchene.fr\/es\/","name":"Vallonch\u00eane","description":"El vivero donde la calidad tiene sus ra\u00edces \u2013 Tel.: +33 (0)2.35.90.02.02","publisher":{"@id":"https:\/\/www.vallonchene.fr\/es\/#organization"},"potentialAction":[{"@type":"SearchAction","target":{"@type":"EntryPoint","urlTemplate":"https:\/\/www.vallonchene.fr\/es\/?s={search_term_string}"},"query-input":{"@type":"PropertyValueSpecification","valueRequired":true,"valueName":"search_term_string"}}],"inLanguage":"es"},{"@type":"Organization","@id":"https:\/\/www.vallonchene.fr\/es\/#organization","name":"VALLONCHENE","url":"https:\/\/www.vallonchene.fr\/es\/","logo":{"@type":"ImageObject","inLanguage":"es","@id":"https:\/\/www.vallonchene.fr\/es\/#\/schema\/logo\/image\/","url":"https:\/\/www.vallonchene.fr\/wp-content\/uploads\/2023\/03\/Logo-Vallonchene-site-et-R_hauteur_100.png","contentUrl":"https:\/\/www.vallonchene.fr\/wp-content\/uploads\/2023\/03\/Logo-Vallonchene-site-et-R_hauteur_100.png","width":221,"height":100,"caption":"VALLONCHENE"},"image":{"@id":"https:\/\/www.vallonchene.fr\/es\/#\/schema\/logo\/image\/"},"sameAs":["https:\/\/www.facebook.com\/vallonchene.fr","https:\/\/www.instagram.com\/vallonchene\/","https:\/\/www.pinterest.fr\/vallonchene\/"],"taxID":"49454502300017","hasMerchantReturnPolicy":{"@type":"MerchantReturnPolicy","merchantReturnLink":"https:\/\/www.vallonchene.fr\/remboursements_retours\/"}}]},"og_availability":"instock","product_availability":"instock","product_retailer_item_id":"14888","product_condition":"new"},"_links":{"self":[{"href":"https:\/\/www.vallonchene.fr\/es\/wp-json\/wp\/v2\/product\/52456","targetHints":{"allow":["GET"]}}],"collection":[{"href":"https:\/\/www.vallonchene.fr\/es\/wp-json\/wp\/v2\/product"}],"about":[{"href":"https:\/\/www.vallonchene.fr\/es\/wp-json\/wp\/v2\/types\/product"}],"replies":[{"embeddable":true,"href":"https:\/\/www.vallonchene.fr\/es\/wp-json\/wp\/v2\/comments?post=52456"}],"wp:featuredmedia":[{"embeddable":true,"href":"https:\/\/www.vallonchene.fr\/es\/wp-json\/wp\/v2\/media\/52457"}],"wp:attachment":[{"href":"https:\/\/www.vallonchene.fr\/es\/wp-json\/wp\/v2\/media?parent=52456"}],"wp:term":[{"taxonomy":"product_brand","embeddable":true,"href":"https:\/\/www.vallonchene.fr\/es\/wp-json\/wp\/v2\/product_brand?post=52456"},{"taxonomy":"product_cat","embeddable":true,"href":"https:\/\/www.vallonchene.fr\/es\/wp-json\/wp\/v2\/product_cat?post=52456"},{"taxonomy":"product_tag","embeddable":true,"href":"https:\/\/www.vallonchene.fr\/es\/wp-json\/wp\/v2\/product_tag?post=52456"}],"curies":[{"name":"wp","href":"https:\/\/api.w.org\/{rel}","templated":true}]}}