{"id":51971,"date":"2022-04-30T15:52:12","date_gmt":"2022-04-30T15:52:12","guid":{"rendered":"https:\/\/www.vallonchene.fr\/produit\/liriodendron-tulipifera-snow-bird-r\/"},"modified":"2024-12-26T08:51:17","modified_gmt":"2024-12-26T07:51:17","slug":"liriodendron-tulipifera-snow-bird-r","status":"publish","type":"product","link":"https:\/\/www.vallonchene.fr\/es\/producto\/liriodendron-tulipifera-snow-bird-r\/","title":{"rendered":"LIRIODENDRON tulipifera &#8216;Snow Bird&#8217; (R)"},"content":{"rendered":"","protected":false},"excerpt":{"rendered":"<p>Este <strong>tul\u00edpero de Virginia<\/strong> crece en forma columnar. El follaje de <strong>LIRIODENDRON tulipifera &#8216;Snow Bird<\/strong>&#8216; est\u00e1 abigarrado de verde y amarillo. <\/p>\n","protected":false},"featured_media":51972,"comment_status":"open","ping_status":"closed","template":"","meta":[],"product_brand":[],"product_cat":[11499],"product_tag":[12272,12271],"class_list":{"0":"post-51971","1":"product","2":"type-product","3":"status-publish","4":"has-post-thumbnail","6":"product_cat-arbustos-y-arboles","7":"product_tag-liriodendron-es","8":"product_tag-liriodendron-tulipifera-es","9":"pa_99-hauteurapproximativeapres1-3-a-5-m","10":"pa_couleurdesfleurs-amarilla","11":"pa_couleurdufeuillage-amarilla","12":"pa_couleurdufeuillage-variado","13":"pa_couleurdufeuillage-verde","14":"pa_exigencesenhumidite-moderadamente-humedo-a-humedo","15":"pa_exigencesenhumidite-promedio","16":"pa_expositionspossibles-pleno-sol-de-12-a-17-min","17":"pa_expositionspossibles-sombra-parcial-evitar-el-sol-de-12-a-17-horas","18":"pa_hauteurlivree-100-a-125-cm","19":"pa_hauteurlivree-125-a-150-cm-es","20":"pa_hauteurlivree-150-a-175-cm-es","21":"pa_hauteurlivree-175-a-200-cm-es","22":"pa_hauteurlivree-200-a-250-cm-es","23":"pa_hauteurlivree-25-a-30-cm-es","24":"pa_hauteurlivree-30-a-40-cm-es","25":"pa_hauteurlivree-350-a-400-cm-es","26":"pa_hauteurlivree-40-a-50-cm-es","27":"pa_hauteurlivree-40-a-60-cm-es","28":"pa_hauteurlivree-50-a-60-cm-es","29":"pa_hauteurlivree-60-a-80-cm-es","30":"pa_hauteurlivree-60-cm-en-tallo","31":"pa_hauteurlivree-70-a-80-cm-es","32":"pa_hauteurlivree-80-a-100-cm-es","33":"pa_interetauprintemps-flores","34":"pa_interetauprintemps-follaje","35":"pa_interetauprintemps-habitus","36":"pa_interetenautomne-follaje","37":"pa_interetenautomne-habitus","38":"pa_interetenete-follaje","39":"pa_interetenete-habitus","40":"pa_interetenhiver-habitus","41":"pa_naturedufeuillage-caduco","42":"pa_naturesdesolpossibles-ligero","43":"pa_naturesdesolpossibles-normal-es","44":"pa_periodedefloraison-primavera","45":"pa_periodedetaille-febrero","46":"pa_phdusolacceptable-acido-menos-de-6_5","47":"pa_phdusolacceptable-calcareo-mas-de-7_5","48":"pa_phdusolacceptable-neutro-entre-6_5-y-7_5","49":"pa_portgraphisme-fastigiado","50":"pa_resistanceaufroidrusticite-resistente-hasta-menos-20-c","51":"pa_tailledepot-cepellon","52":"pa_tailledepot-maceta-de-1-litro","53":"pa_tailledepot-maceta-de-10-litros","54":"pa_tailledepot-maceta-de-12-litros","55":"pa_tailledepot-maceta-de-15-litros","56":"pa_tailledepot-maceta-de-2-litros","57":"pa_tailledepot-maceta-de-20-litros","58":"pa_tailledepot-maceta-de-3-litros","59":"pa_tailledepot-maceta-de-30-litros","60":"pa_tailledepot-maceta-de-4-litros","61":"pa_tailledepot-maceta-de-40-litros","62":"pa_tailledepot-maceta-de-45-litros","63":"pa_tailledepot-maceta-de-5-litros","64":"pa_tailledepot-maceta-de-7_5-litros","65":"pa_tailledepot-planta-joven-en-maceta-de-1-litro","66":"pa_utilisationpossible-aislado","67":"pa_utilisationpossible-arriate","69":"first","70":"instock","71":"taxable","72":"shipping-taxable","73":"purchasable","74":"product-type-variable","75":"has-default-attributes"},"supplier_id":null,"supplier_sku":"","barcode":null,"atum_controlled":true,"out_stock_date":null,"out_stock_threshold":null,"inheritable":true,"inbound_stock":0,"stock_on_hold":0,"sold_today":0,"sales_last_days":0,"reserved_stock":0,"customer_returns":0,"warehouse_damage":0,"lost_in_post":0,"other_logs":0,"out_stock_days":null,"lost_sales":0,"has_location":false,"update_date":"2026-04-26T13:15:24","atum_locations":[],"atum_stock_status":"instock","restock_status":false,"low_stock_amount":"","sales_update_date":"2026-02-18T15:50:18","calc_backorders":null,"yoast_head":"<!-- This site is optimized with the Yoast SEO Premium plugin v27.4 (Yoast SEO v27.4) - https:\/\/yoast.com\/product\/yoast-seo-premium-wordpress\/ -->\n<title>LIRIODENDRON tulipifera &#039;Snow Bird&#039; (R) - tul\u00edpero de Virginia<\/title>\n<meta name=\"description\" content=\"Este tul\u00edpero de Virginia crece en forma columnar. El follaje de LIRIODENDRON tulipifera &#039;Snow Bird&#039; est\u00e1 abigarrado de verde y amarillo.\" \/>\n<meta name=\"robots\" content=\"index, follow, max-snippet:-1, max-image-preview:large, max-video-preview:-1\" \/>\n<link rel=\"canonical\" href=\"https:\/\/www.vallonchene.fr\/es\/producto\/liriodendron-tulipifera-snow-bird-r\/\" \/>\n<meta property=\"og:locale\" content=\"es_ES\" \/>\n<meta property=\"og:type\" content=\"article\" \/>\n<meta property=\"og:title\" content=\"LIRIODENDRON tulipifera &#039;Snow Bird&#039; (R)\" \/>\n<meta property=\"og:description\" content=\"Este tul\u00edpero de Virginia crece en forma columnar. El follaje de LIRIODENDRON tulipifera &#039;Snow Bird&#039; est\u00e1 abigarrado de verde y amarillo.\" \/>\n<meta property=\"og:url\" content=\"https:\/\/www.vallonchene.fr\/es\/producto\/liriodendron-tulipifera-snow-bird-r\/\" \/>\n<meta property=\"og:site_name\" content=\"Vallonch\u00eane\" \/>\n<meta property=\"article:publisher\" content=\"https:\/\/www.facebook.com\/vallonchene.fr\" \/>\n<meta property=\"article:modified_time\" content=\"2024-12-26T07:51:17+00:00\" \/>\n<meta property=\"og:image\" content=\"https:\/\/www.vallonchene.fr\/wp-content\/uploads\/2022\/04\/4359-33c-Feuillage-panache-de-jaune-et-vert-du-LIRIODENDRON-tulipifera-Snow-Bird.jpg\" \/>\n\t<meta property=\"og:image:width\" content=\"1600\" \/>\n\t<meta property=\"og:image:height\" content=\"1600\" \/>\n\t<meta property=\"og:image:type\" content=\"image\/jpeg\" \/>\n<meta name=\"twitter:card\" content=\"summary_large_image\" \/>\n<meta name=\"twitter:label1\" content=\"Disponibilidad\" \/>\n\t<meta name=\"twitter:data1\" content=\"En stock\" \/>\n<script type=\"application\/ld+json\" class=\"yoast-schema-graph\">{\"@context\":\"https:\\\/\\\/schema.org\",\"@graph\":[{\"@type\":\"WebPage\",\"@id\":\"https:\\\/\\\/www.vallonchene.fr\\\/es\\\/producto\\\/liriodendron-tulipifera-snow-bird-r\\\/\",\"url\":\"https:\\\/\\\/www.vallonchene.fr\\\/es\\\/producto\\\/liriodendron-tulipifera-snow-bird-r\\\/\",\"name\":\"LIRIODENDRON tulipifera 'Snow Bird' (R) - tul\u00edpero de Virginia\",\"isPartOf\":{\"@id\":\"https:\\\/\\\/www.vallonchene.fr\\\/es\\\/#website\"},\"primaryImageOfPage\":{\"@id\":\"https:\\\/\\\/www.vallonchene.fr\\\/es\\\/producto\\\/liriodendron-tulipifera-snow-bird-r\\\/#primaryimage\"},\"image\":{\"@id\":\"https:\\\/\\\/www.vallonchene.fr\\\/es\\\/producto\\\/liriodendron-tulipifera-snow-bird-r\\\/#primaryimage\"},\"thumbnailUrl\":\"https:\\\/\\\/www.vallonchene.fr\\\/wp-content\\\/uploads\\\/2022\\\/04\\\/4359-33c-Feuillage-panache-de-jaune-et-vert-du-LIRIODENDRON-tulipifera-Snow-Bird.jpg\",\"datePublished\":\"2022-04-30T15:52:12+00:00\",\"dateModified\":\"2024-12-26T07:51:17+00:00\",\"description\":\"Este tul\u00edpero de Virginia crece en forma columnar. El follaje de LIRIODENDRON tulipifera 'Snow Bird' est\u00e1 abigarrado de verde y amarillo.\",\"breadcrumb\":{\"@id\":\"https:\\\/\\\/www.vallonchene.fr\\\/es\\\/producto\\\/liriodendron-tulipifera-snow-bird-r\\\/#breadcrumb\"},\"inLanguage\":\"es\",\"potentialAction\":[{\"@type\":\"ReadAction\",\"target\":[\"https:\\\/\\\/www.vallonchene.fr\\\/es\\\/producto\\\/liriodendron-tulipifera-snow-bird-r\\\/\"]}]},{\"@type\":\"ImageObject\",\"inLanguage\":\"es\",\"@id\":\"https:\\\/\\\/www.vallonchene.fr\\\/es\\\/producto\\\/liriodendron-tulipifera-snow-bird-r\\\/#primaryimage\",\"url\":\"https:\\\/\\\/www.vallonchene.fr\\\/wp-content\\\/uploads\\\/2022\\\/04\\\/4359-33c-Feuillage-panache-de-jaune-et-vert-du-LIRIODENDRON-tulipifera-Snow-Bird.jpg\",\"contentUrl\":\"https:\\\/\\\/www.vallonchene.fr\\\/wp-content\\\/uploads\\\/2022\\\/04\\\/4359-33c-Feuillage-panache-de-jaune-et-vert-du-LIRIODENDRON-tulipifera-Snow-Bird.jpg\",\"width\":1600,\"height\":1600,\"caption\":\"Follaje abigarrado de color amarillo y verde de LIRIODENDRON tulipifera 'Snow Bird'\"},{\"@type\":\"BreadcrumbList\",\"@id\":\"https:\\\/\\\/www.vallonchene.fr\\\/es\\\/producto\\\/liriodendron-tulipifera-snow-bird-r\\\/#breadcrumb\",\"itemListElement\":[{\"@type\":\"ListItem\",\"position\":1,\"name\":\"Home\",\"item\":\"https:\\\/\\\/www.vallonchene.fr\\\/es\\\/\"},{\"@type\":\"ListItem\",\"position\":2,\"name\":\"Tienda\",\"item\":\"https:\\\/\\\/www.vallonchene.fr\\\/tienda\\\/\"},{\"@type\":\"ListItem\",\"position\":3,\"name\":\"Venta en linea\",\"item\":\"https:\\\/\\\/www.vallonchene.fr\\\/es\\\/categoria-producto\\\/venta-en-linea\\\/\"},{\"@type\":\"ListItem\",\"position\":4,\"name\":\"Vivero\",\"item\":\"https:\\\/\\\/www.vallonchene.fr\\\/es\\\/categoria-producto\\\/venta-en-linea\\\/vivero\\\/\"},{\"@type\":\"ListItem\",\"position\":5,\"name\":\"Arbustos y \u00e1rboles\",\"item\":\"https:\\\/\\\/www.vallonchene.fr\\\/es\\\/categoria-producto\\\/venta-en-linea\\\/vivero\\\/arbustos-y-arboles\\\/\"},{\"@type\":\"ListItem\",\"position\":6,\"name\":\"LIRIODENDRON tulipifera &#8216;Snow Bird&#8217; (R)\"}]},{\"@type\":\"WebSite\",\"@id\":\"https:\\\/\\\/www.vallonchene.fr\\\/es\\\/#website\",\"url\":\"https:\\\/\\\/www.vallonchene.fr\\\/es\\\/\",\"name\":\"Vallonch\u00eane\",\"description\":\"El vivero donde la calidad tiene sus ra\u00edces \u2013 Tel.: +33 (0)2.35.90.02.02\",\"publisher\":{\"@id\":\"https:\\\/\\\/www.vallonchene.fr\\\/es\\\/#organization\"},\"potentialAction\":[{\"@type\":\"SearchAction\",\"target\":{\"@type\":\"EntryPoint\",\"urlTemplate\":\"https:\\\/\\\/www.vallonchene.fr\\\/es\\\/?s={search_term_string}\"},\"query-input\":{\"@type\":\"PropertyValueSpecification\",\"valueRequired\":true,\"valueName\":\"search_term_string\"}}],\"inLanguage\":\"es\"},{\"@type\":\"Organization\",\"@id\":\"https:\\\/\\\/www.vallonchene.fr\\\/es\\\/#organization\",\"name\":\"VALLONCHENE\",\"url\":\"https:\\\/\\\/www.vallonchene.fr\\\/es\\\/\",\"logo\":{\"@type\":\"ImageObject\",\"inLanguage\":\"es\",\"@id\":\"https:\\\/\\\/www.vallonchene.fr\\\/es\\\/#\\\/schema\\\/logo\\\/image\\\/\",\"url\":\"https:\\\/\\\/www.vallonchene.fr\\\/wp-content\\\/uploads\\\/2023\\\/03\\\/Logo-Vallonchene-site-et-R_hauteur_100.png\",\"contentUrl\":\"https:\\\/\\\/www.vallonchene.fr\\\/wp-content\\\/uploads\\\/2023\\\/03\\\/Logo-Vallonchene-site-et-R_hauteur_100.png\",\"width\":221,\"height\":100,\"caption\":\"VALLONCHENE\"},\"image\":{\"@id\":\"https:\\\/\\\/www.vallonchene.fr\\\/es\\\/#\\\/schema\\\/logo\\\/image\\\/\"},\"sameAs\":[\"https:\\\/\\\/www.facebook.com\\\/vallonchene.fr\",\"https:\\\/\\\/www.instagram.com\\\/vallonchene\\\/\",\"https:\\\/\\\/www.pinterest.fr\\\/vallonchene\\\/\"],\"taxID\":\"49454502300017\",\"hasMerchantReturnPolicy\":{\"@type\":\"MerchantReturnPolicy\",\"merchantReturnLink\":\"https:\\\/\\\/www.vallonchene.fr\\\/remboursements_retours\\\/\"}}]}<\/script>\n<meta property=\"og:availability\" content=\"instock\" \/>\n<meta property=\"product:availability\" content=\"instock\" \/>\n<meta property=\"product:retailer_item_id\" content=\"39683\" \/>\n<meta property=\"product:condition\" content=\"new\" \/>\n<!-- \/ Yoast SEO Premium plugin. -->","yoast_head_json":{"title":"LIRIODENDRON tulipifera 'Snow Bird' (R) - tul\u00edpero de Virginia","description":"Este tul\u00edpero de Virginia crece en forma columnar. El follaje de LIRIODENDRON tulipifera 'Snow Bird' est\u00e1 abigarrado de verde y amarillo.","robots":{"index":"index","follow":"follow","max-snippet":"max-snippet:-1","max-image-preview":"max-image-preview:large","max-video-preview":"max-video-preview:-1"},"canonical":"https:\/\/www.vallonchene.fr\/es\/producto\/liriodendron-tulipifera-snow-bird-r\/","og_locale":"es_ES","og_type":"article","og_title":"LIRIODENDRON tulipifera 'Snow Bird' (R)","og_description":"Este tul\u00edpero de Virginia crece en forma columnar. El follaje de LIRIODENDRON tulipifera 'Snow Bird' est\u00e1 abigarrado de verde y amarillo.","og_url":"https:\/\/www.vallonchene.fr\/es\/producto\/liriodendron-tulipifera-snow-bird-r\/","og_site_name":"Vallonch\u00eane","article_publisher":"https:\/\/www.facebook.com\/vallonchene.fr","article_modified_time":"2024-12-26T07:51:17+00:00","og_image":[{"width":1600,"height":1600,"url":"https:\/\/www.vallonchene.fr\/wp-content\/uploads\/2022\/04\/4359-33c-Feuillage-panache-de-jaune-et-vert-du-LIRIODENDRON-tulipifera-Snow-Bird.jpg","type":"image\/jpeg"}],"twitter_card":"summary_large_image","twitter_misc":{"Disponibilidad":"En stock"},"schema":{"@context":"https:\/\/schema.org","@graph":[{"@type":"WebPage","@id":"https:\/\/www.vallonchene.fr\/es\/producto\/liriodendron-tulipifera-snow-bird-r\/","url":"https:\/\/www.vallonchene.fr\/es\/producto\/liriodendron-tulipifera-snow-bird-r\/","name":"LIRIODENDRON tulipifera 'Snow Bird' (R) - tul\u00edpero de Virginia","isPartOf":{"@id":"https:\/\/www.vallonchene.fr\/es\/#website"},"primaryImageOfPage":{"@id":"https:\/\/www.vallonchene.fr\/es\/producto\/liriodendron-tulipifera-snow-bird-r\/#primaryimage"},"image":{"@id":"https:\/\/www.vallonchene.fr\/es\/producto\/liriodendron-tulipifera-snow-bird-r\/#primaryimage"},"thumbnailUrl":"https:\/\/www.vallonchene.fr\/wp-content\/uploads\/2022\/04\/4359-33c-Feuillage-panache-de-jaune-et-vert-du-LIRIODENDRON-tulipifera-Snow-Bird.jpg","datePublished":"2022-04-30T15:52:12+00:00","dateModified":"2024-12-26T07:51:17+00:00","description":"Este tul\u00edpero de Virginia crece en forma columnar. El follaje de LIRIODENDRON tulipifera 'Snow Bird' est\u00e1 abigarrado de verde y amarillo.","breadcrumb":{"@id":"https:\/\/www.vallonchene.fr\/es\/producto\/liriodendron-tulipifera-snow-bird-r\/#breadcrumb"},"inLanguage":"es","potentialAction":[{"@type":"ReadAction","target":["https:\/\/www.vallonchene.fr\/es\/producto\/liriodendron-tulipifera-snow-bird-r\/"]}]},{"@type":"ImageObject","inLanguage":"es","@id":"https:\/\/www.vallonchene.fr\/es\/producto\/liriodendron-tulipifera-snow-bird-r\/#primaryimage","url":"https:\/\/www.vallonchene.fr\/wp-content\/uploads\/2022\/04\/4359-33c-Feuillage-panache-de-jaune-et-vert-du-LIRIODENDRON-tulipifera-Snow-Bird.jpg","contentUrl":"https:\/\/www.vallonchene.fr\/wp-content\/uploads\/2022\/04\/4359-33c-Feuillage-panache-de-jaune-et-vert-du-LIRIODENDRON-tulipifera-Snow-Bird.jpg","width":1600,"height":1600,"caption":"Follaje abigarrado de color amarillo y verde de LIRIODENDRON tulipifera 'Snow Bird'"},{"@type":"BreadcrumbList","@id":"https:\/\/www.vallonchene.fr\/es\/producto\/liriodendron-tulipifera-snow-bird-r\/#breadcrumb","itemListElement":[{"@type":"ListItem","position":1,"name":"Home","item":"https:\/\/www.vallonchene.fr\/es\/"},{"@type":"ListItem","position":2,"name":"Tienda","item":"https:\/\/www.vallonchene.fr\/tienda\/"},{"@type":"ListItem","position":3,"name":"Venta en linea","item":"https:\/\/www.vallonchene.fr\/es\/categoria-producto\/venta-en-linea\/"},{"@type":"ListItem","position":4,"name":"Vivero","item":"https:\/\/www.vallonchene.fr\/es\/categoria-producto\/venta-en-linea\/vivero\/"},{"@type":"ListItem","position":5,"name":"Arbustos y \u00e1rboles","item":"https:\/\/www.vallonchene.fr\/es\/categoria-producto\/venta-en-linea\/vivero\/arbustos-y-arboles\/"},{"@type":"ListItem","position":6,"name":"LIRIODENDRON tulipifera &#8216;Snow Bird&#8217; (R)"}]},{"@type":"WebSite","@id":"https:\/\/www.vallonchene.fr\/es\/#website","url":"https:\/\/www.vallonchene.fr\/es\/","name":"Vallonch\u00eane","description":"El vivero donde la calidad tiene sus ra\u00edces \u2013 Tel.: +33 (0)2.35.90.02.02","publisher":{"@id":"https:\/\/www.vallonchene.fr\/es\/#organization"},"potentialAction":[{"@type":"SearchAction","target":{"@type":"EntryPoint","urlTemplate":"https:\/\/www.vallonchene.fr\/es\/?s={search_term_string}"},"query-input":{"@type":"PropertyValueSpecification","valueRequired":true,"valueName":"search_term_string"}}],"inLanguage":"es"},{"@type":"Organization","@id":"https:\/\/www.vallonchene.fr\/es\/#organization","name":"VALLONCHENE","url":"https:\/\/www.vallonchene.fr\/es\/","logo":{"@type":"ImageObject","inLanguage":"es","@id":"https:\/\/www.vallonchene.fr\/es\/#\/schema\/logo\/image\/","url":"https:\/\/www.vallonchene.fr\/wp-content\/uploads\/2023\/03\/Logo-Vallonchene-site-et-R_hauteur_100.png","contentUrl":"https:\/\/www.vallonchene.fr\/wp-content\/uploads\/2023\/03\/Logo-Vallonchene-site-et-R_hauteur_100.png","width":221,"height":100,"caption":"VALLONCHENE"},"image":{"@id":"https:\/\/www.vallonchene.fr\/es\/#\/schema\/logo\/image\/"},"sameAs":["https:\/\/www.facebook.com\/vallonchene.fr","https:\/\/www.instagram.com\/vallonchene\/","https:\/\/www.pinterest.fr\/vallonchene\/"],"taxID":"49454502300017","hasMerchantReturnPolicy":{"@type":"MerchantReturnPolicy","merchantReturnLink":"https:\/\/www.vallonchene.fr\/remboursements_retours\/"}}]},"og_availability":"instock","product_availability":"instock","product_retailer_item_id":"39683","product_condition":"new"},"_links":{"self":[{"href":"https:\/\/www.vallonchene.fr\/es\/wp-json\/wp\/v2\/product\/51971","targetHints":{"allow":["GET"]}}],"collection":[{"href":"https:\/\/www.vallonchene.fr\/es\/wp-json\/wp\/v2\/product"}],"about":[{"href":"https:\/\/www.vallonchene.fr\/es\/wp-json\/wp\/v2\/types\/product"}],"replies":[{"embeddable":true,"href":"https:\/\/www.vallonchene.fr\/es\/wp-json\/wp\/v2\/comments?post=51971"}],"wp:featuredmedia":[{"embeddable":true,"href":"https:\/\/www.vallonchene.fr\/es\/wp-json\/wp\/v2\/media\/51972"}],"wp:attachment":[{"href":"https:\/\/www.vallonchene.fr\/es\/wp-json\/wp\/v2\/media?parent=51971"}],"wp:term":[{"taxonomy":"product_brand","embeddable":true,"href":"https:\/\/www.vallonchene.fr\/es\/wp-json\/wp\/v2\/product_brand?post=51971"},{"taxonomy":"product_cat","embeddable":true,"href":"https:\/\/www.vallonchene.fr\/es\/wp-json\/wp\/v2\/product_cat?post=51971"},{"taxonomy":"product_tag","embeddable":true,"href":"https:\/\/www.vallonchene.fr\/es\/wp-json\/wp\/v2\/product_tag?post=51971"}],"curies":[{"name":"wp","href":"https:\/\/api.w.org\/{rel}","templated":true}]}}