{"id":51862,"date":"2022-09-14T14:38:06","date_gmt":"2022-09-14T14:38:06","guid":{"rendered":"https:\/\/www.vallonchene.fr\/produit\/helleborus-x-orientalis-anemone-slaty-blue\/"},"modified":"2026-04-15T14:45:10","modified_gmt":"2026-04-15T12:45:10","slug":"helleborus-x-orientalis-anemone-slaty-blue","status":"publish","type":"product","link":"https:\/\/www.vallonchene.fr\/es\/producto\/helleborus-x-orientalis-anemone-slaty-blue\/","title":{"rendered":"HELLEBORUS x orientalis anemone &#8216;Slaty Blue&#8217;"},"content":{"rendered":"","protected":false},"excerpt":{"rendered":"<p>Este <strong>el\u00e9boro<\/strong> (<strong>rosa de Navidad<\/strong>) florece de color pizarra. Las flores de la an\u00e9mona <strong>HELLEBORUS x orientalis &#8216;Slaty Blue&#8217;<\/strong> tienen un coraz\u00f3n de an\u00e9mona. El color var\u00eda con la temperatura exterior dependiendo del a\u00f1o.  <\/p>\n","protected":false},"featured_media":51863,"comment_status":"open","ping_status":"closed","template":"","meta":[],"product_brand":[],"product_cat":[248],"product_tag":[2607,2592,6328],"class_list":{"0":"post-51862","1":"product","2":"type-product","3":"status-publish","4":"has-post-thumbnail","6":"product_cat-hellebores","7":"product_tag-hellebore","8":"product_tag-helleborus","9":"product_tag-rose-de-noel","10":"pa_tailledepot-pot-de-2-litres","12":"first","13":"outofstock","14":"taxable","15":"shipping-taxable","16":"purchasable","17":"product-type-variable","18":"has-default-attributes"},"supplier_id":null,"supplier_sku":"","barcode":null,"atum_controlled":true,"out_stock_date":null,"out_stock_threshold":null,"inheritable":true,"inbound_stock":0,"stock_on_hold":0,"sold_today":0,"sales_last_days":0,"reserved_stock":0,"customer_returns":0,"warehouse_damage":0,"lost_in_post":0,"other_logs":0,"out_stock_days":null,"lost_sales":0,"has_location":false,"update_date":"2026-04-23T12:18:22","atum_locations":[],"atum_stock_status":"instock","restock_status":false,"low_stock_amount":"","sales_update_date":"2026-04-15T12:43:50","calc_backorders":null,"yoast_head":"<!-- This site is optimized with the Yoast SEO Premium plugin v27.4 (Yoast SEO v27.4) - https:\/\/yoast.com\/product\/yoast-seo-premium-wordpress\/ -->\n<title>HELLEBORUS x orientalis anemone &#039;Slaty Blue&#039; - el\u00e9boro, rosa de Navidad<\/title>\n<meta name=\"description\" content=\"Este el\u00e9boro (rosa de Navidad) florece en color pizarra. Las flores de la an\u00e9mona HELLEBORUS x orientalis &#039;Slaty Blue&#039; tienen un coraz\u00f3n de an\u00e9mona.\" \/>\n<meta name=\"robots\" content=\"index, follow, max-snippet:-1, max-image-preview:large, max-video-preview:-1\" \/>\n<link rel=\"canonical\" href=\"https:\/\/www.vallonchene.fr\/es\/producto\/helleborus-x-orientalis-anemone-slaty-blue\/\" \/>\n<meta property=\"og:locale\" content=\"es_ES\" \/>\n<meta property=\"og:type\" content=\"article\" \/>\n<meta property=\"og:title\" content=\"HELLEBORUS x orientalis anemone &#039;Slaty Blue&#039;\" \/>\n<meta property=\"og:description\" content=\"Este el\u00e9boro (rosa de Navidad) florece en color pizarra. Las flores de la an\u00e9mona HELLEBORUS x orientalis &#039;Slaty Blue&#039; tienen un coraz\u00f3n de an\u00e9mona.\" \/>\n<meta property=\"og:url\" content=\"https:\/\/www.vallonchene.fr\/es\/producto\/helleborus-x-orientalis-anemone-slaty-blue\/\" \/>\n<meta property=\"og:site_name\" content=\"Vallonch\u00eane\" \/>\n<meta property=\"article:publisher\" content=\"https:\/\/www.facebook.com\/vallonchene.fr\" \/>\n<meta property=\"article:modified_time\" content=\"2026-04-15T12:45:10+00:00\" \/>\n<meta property=\"og:image\" content=\"https:\/\/www.vallonchene.fr\/wp-content\/uploads\/2022\/09\/4322-d56-HELLEBORUS-x-orientalis-anemone-Slaty-Blue-Hellebore-rose-de-Noel.jpg\" \/>\n\t<meta property=\"og:image:width\" content=\"800\" \/>\n\t<meta property=\"og:image:height\" content=\"800\" \/>\n\t<meta property=\"og:image:type\" content=\"image\/jpeg\" \/>\n<meta name=\"twitter:card\" content=\"summary_large_image\" \/>\n<meta name=\"twitter:label1\" content=\"Disponibilidad\" \/>\n\t<meta name=\"twitter:data1\" content=\"Agotado\" \/>\n<script type=\"application\/ld+json\" class=\"yoast-schema-graph\">{\"@context\":\"https:\\\/\\\/schema.org\",\"@graph\":[{\"@type\":\"WebPage\",\"@id\":\"https:\\\/\\\/www.vallonchene.fr\\\/es\\\/producto\\\/helleborus-x-orientalis-anemone-slaty-blue\\\/\",\"url\":\"https:\\\/\\\/www.vallonchene.fr\\\/es\\\/producto\\\/helleborus-x-orientalis-anemone-slaty-blue\\\/\",\"name\":\"HELLEBORUS x orientalis anemone 'Slaty Blue' - el\u00e9boro, rosa de Navidad\",\"isPartOf\":{\"@id\":\"https:\\\/\\\/www.vallonchene.fr\\\/es\\\/#website\"},\"primaryImageOfPage\":{\"@id\":\"https:\\\/\\\/www.vallonchene.fr\\\/es\\\/producto\\\/helleborus-x-orientalis-anemone-slaty-blue\\\/#primaryimage\"},\"image\":{\"@id\":\"https:\\\/\\\/www.vallonchene.fr\\\/es\\\/producto\\\/helleborus-x-orientalis-anemone-slaty-blue\\\/#primaryimage\"},\"thumbnailUrl\":\"https:\\\/\\\/www.vallonchene.fr\\\/wp-content\\\/uploads\\\/2022\\\/09\\\/4322-d56-HELLEBORUS-x-orientalis-anemone-Slaty-Blue-Hellebore-rose-de-Noel.jpg\",\"datePublished\":\"2022-09-14T14:38:06+00:00\",\"dateModified\":\"2026-04-15T12:45:10+00:00\",\"description\":\"Este el\u00e9boro (rosa de Navidad) florece en color pizarra. Las flores de la an\u00e9mona HELLEBORUS x orientalis 'Slaty Blue' tienen un coraz\u00f3n de an\u00e9mona.\",\"breadcrumb\":{\"@id\":\"https:\\\/\\\/www.vallonchene.fr\\\/es\\\/producto\\\/helleborus-x-orientalis-anemone-slaty-blue\\\/#breadcrumb\"},\"inLanguage\":\"es\",\"potentialAction\":[{\"@type\":\"ReadAction\",\"target\":[\"https:\\\/\\\/www.vallonchene.fr\\\/es\\\/producto\\\/helleborus-x-orientalis-anemone-slaty-blue\\\/\"]}]},{\"@type\":\"ImageObject\",\"inLanguage\":\"es\",\"@id\":\"https:\\\/\\\/www.vallonchene.fr\\\/es\\\/producto\\\/helleborus-x-orientalis-anemone-slaty-blue\\\/#primaryimage\",\"url\":\"https:\\\/\\\/www.vallonchene.fr\\\/wp-content\\\/uploads\\\/2022\\\/09\\\/4322-d56-HELLEBORUS-x-orientalis-anemone-Slaty-Blue-Hellebore-rose-de-Noel.jpg\",\"contentUrl\":\"https:\\\/\\\/www.vallonchene.fr\\\/wp-content\\\/uploads\\\/2022\\\/09\\\/4322-d56-HELLEBORUS-x-orientalis-anemone-Slaty-Blue-Hellebore-rose-de-Noel.jpg\",\"width\":800,\"height\":800,\"caption\":\"Flor de HELLEBORUS x orientalis 'Slaty Blue' (el\u00e9boro, rosa de Navidad)\"},{\"@type\":\"BreadcrumbList\",\"@id\":\"https:\\\/\\\/www.vallonchene.fr\\\/es\\\/producto\\\/helleborus-x-orientalis-anemone-slaty-blue\\\/#breadcrumb\",\"itemListElement\":[{\"@type\":\"ListItem\",\"position\":1,\"name\":\"Home\",\"item\":\"https:\\\/\\\/www.vallonchene.fr\\\/es\\\/\"},{\"@type\":\"ListItem\",\"position\":2,\"name\":\"Tienda\",\"item\":\"https:\\\/\\\/www.vallonchene.fr\\\/tienda\\\/\"},{\"@type\":\"ListItem\",\"position\":3,\"name\":\"HELLEBORUS x orientalis anemone &#8216;Slaty Blue&#8217;\"}]},{\"@type\":\"WebSite\",\"@id\":\"https:\\\/\\\/www.vallonchene.fr\\\/es\\\/#website\",\"url\":\"https:\\\/\\\/www.vallonchene.fr\\\/es\\\/\",\"name\":\"Vallonch\u00eane\",\"description\":\"El vivero donde la calidad tiene sus ra\u00edces \u2013 Tel.: +33 (0)2.35.90.02.02\",\"publisher\":{\"@id\":\"https:\\\/\\\/www.vallonchene.fr\\\/es\\\/#organization\"},\"potentialAction\":[{\"@type\":\"SearchAction\",\"target\":{\"@type\":\"EntryPoint\",\"urlTemplate\":\"https:\\\/\\\/www.vallonchene.fr\\\/es\\\/?s={search_term_string}\"},\"query-input\":{\"@type\":\"PropertyValueSpecification\",\"valueRequired\":true,\"valueName\":\"search_term_string\"}}],\"inLanguage\":\"es\"},{\"@type\":\"Organization\",\"@id\":\"https:\\\/\\\/www.vallonchene.fr\\\/es\\\/#organization\",\"name\":\"VALLONCHENE\",\"url\":\"https:\\\/\\\/www.vallonchene.fr\\\/es\\\/\",\"logo\":{\"@type\":\"ImageObject\",\"inLanguage\":\"es\",\"@id\":\"https:\\\/\\\/www.vallonchene.fr\\\/es\\\/#\\\/schema\\\/logo\\\/image\\\/\",\"url\":\"https:\\\/\\\/www.vallonchene.fr\\\/wp-content\\\/uploads\\\/2023\\\/03\\\/Logo-Vallonchene-site-et-R_hauteur_100.png\",\"contentUrl\":\"https:\\\/\\\/www.vallonchene.fr\\\/wp-content\\\/uploads\\\/2023\\\/03\\\/Logo-Vallonchene-site-et-R_hauteur_100.png\",\"width\":221,\"height\":100,\"caption\":\"VALLONCHENE\"},\"image\":{\"@id\":\"https:\\\/\\\/www.vallonchene.fr\\\/es\\\/#\\\/schema\\\/logo\\\/image\\\/\"},\"sameAs\":[\"https:\\\/\\\/www.facebook.com\\\/vallonchene.fr\",\"https:\\\/\\\/www.instagram.com\\\/vallonchene\\\/\",\"https:\\\/\\\/www.pinterest.fr\\\/vallonchene\\\/\"],\"taxID\":\"49454502300017\",\"hasMerchantReturnPolicy\":{\"@type\":\"MerchantReturnPolicy\",\"merchantReturnLink\":\"https:\\\/\\\/www.vallonchene.fr\\\/remboursements_retours\\\/\"}}]}<\/script>\n<meta property=\"og:availability\" content=\"out of stock\" \/>\n<meta property=\"product:availability\" content=\"out of stock\" \/>\n<meta property=\"product:retailer_item_id\" content=\"38128\" \/>\n<meta property=\"product:condition\" content=\"new\" \/>\n<!-- \/ Yoast SEO Premium plugin. -->","yoast_head_json":{"title":"HELLEBORUS x orientalis anemone 'Slaty Blue' - el\u00e9boro, rosa de Navidad","description":"Este el\u00e9boro (rosa de Navidad) florece en color pizarra. Las flores de la an\u00e9mona HELLEBORUS x orientalis 'Slaty Blue' tienen un coraz\u00f3n de an\u00e9mona.","robots":{"index":"index","follow":"follow","max-snippet":"max-snippet:-1","max-image-preview":"max-image-preview:large","max-video-preview":"max-video-preview:-1"},"canonical":"https:\/\/www.vallonchene.fr\/es\/producto\/helleborus-x-orientalis-anemone-slaty-blue\/","og_locale":"es_ES","og_type":"article","og_title":"HELLEBORUS x orientalis anemone 'Slaty Blue'","og_description":"Este el\u00e9boro (rosa de Navidad) florece en color pizarra. Las flores de la an\u00e9mona HELLEBORUS x orientalis 'Slaty Blue' tienen un coraz\u00f3n de an\u00e9mona.","og_url":"https:\/\/www.vallonchene.fr\/es\/producto\/helleborus-x-orientalis-anemone-slaty-blue\/","og_site_name":"Vallonch\u00eane","article_publisher":"https:\/\/www.facebook.com\/vallonchene.fr","article_modified_time":"2026-04-15T12:45:10+00:00","og_image":[{"width":800,"height":800,"url":"https:\/\/www.vallonchene.fr\/wp-content\/uploads\/2022\/09\/4322-d56-HELLEBORUS-x-orientalis-anemone-Slaty-Blue-Hellebore-rose-de-Noel.jpg","type":"image\/jpeg"}],"twitter_card":"summary_large_image","twitter_misc":{"Disponibilidad":"Agotado"},"schema":{"@context":"https:\/\/schema.org","@graph":[{"@type":"WebPage","@id":"https:\/\/www.vallonchene.fr\/es\/producto\/helleborus-x-orientalis-anemone-slaty-blue\/","url":"https:\/\/www.vallonchene.fr\/es\/producto\/helleborus-x-orientalis-anemone-slaty-blue\/","name":"HELLEBORUS x orientalis anemone 'Slaty Blue' - el\u00e9boro, rosa de Navidad","isPartOf":{"@id":"https:\/\/www.vallonchene.fr\/es\/#website"},"primaryImageOfPage":{"@id":"https:\/\/www.vallonchene.fr\/es\/producto\/helleborus-x-orientalis-anemone-slaty-blue\/#primaryimage"},"image":{"@id":"https:\/\/www.vallonchene.fr\/es\/producto\/helleborus-x-orientalis-anemone-slaty-blue\/#primaryimage"},"thumbnailUrl":"https:\/\/www.vallonchene.fr\/wp-content\/uploads\/2022\/09\/4322-d56-HELLEBORUS-x-orientalis-anemone-Slaty-Blue-Hellebore-rose-de-Noel.jpg","datePublished":"2022-09-14T14:38:06+00:00","dateModified":"2026-04-15T12:45:10+00:00","description":"Este el\u00e9boro (rosa de Navidad) florece en color pizarra. Las flores de la an\u00e9mona HELLEBORUS x orientalis 'Slaty Blue' tienen un coraz\u00f3n de an\u00e9mona.","breadcrumb":{"@id":"https:\/\/www.vallonchene.fr\/es\/producto\/helleborus-x-orientalis-anemone-slaty-blue\/#breadcrumb"},"inLanguage":"es","potentialAction":[{"@type":"ReadAction","target":["https:\/\/www.vallonchene.fr\/es\/producto\/helleborus-x-orientalis-anemone-slaty-blue\/"]}]},{"@type":"ImageObject","inLanguage":"es","@id":"https:\/\/www.vallonchene.fr\/es\/producto\/helleborus-x-orientalis-anemone-slaty-blue\/#primaryimage","url":"https:\/\/www.vallonchene.fr\/wp-content\/uploads\/2022\/09\/4322-d56-HELLEBORUS-x-orientalis-anemone-Slaty-Blue-Hellebore-rose-de-Noel.jpg","contentUrl":"https:\/\/www.vallonchene.fr\/wp-content\/uploads\/2022\/09\/4322-d56-HELLEBORUS-x-orientalis-anemone-Slaty-Blue-Hellebore-rose-de-Noel.jpg","width":800,"height":800,"caption":"Flor de HELLEBORUS x orientalis 'Slaty Blue' (el\u00e9boro, rosa de Navidad)"},{"@type":"BreadcrumbList","@id":"https:\/\/www.vallonchene.fr\/es\/producto\/helleborus-x-orientalis-anemone-slaty-blue\/#breadcrumb","itemListElement":[{"@type":"ListItem","position":1,"name":"Home","item":"https:\/\/www.vallonchene.fr\/es\/"},{"@type":"ListItem","position":2,"name":"Tienda","item":"https:\/\/www.vallonchene.fr\/tienda\/"},{"@type":"ListItem","position":3,"name":"HELLEBORUS x orientalis anemone &#8216;Slaty Blue&#8217;"}]},{"@type":"WebSite","@id":"https:\/\/www.vallonchene.fr\/es\/#website","url":"https:\/\/www.vallonchene.fr\/es\/","name":"Vallonch\u00eane","description":"El vivero donde la calidad tiene sus ra\u00edces \u2013 Tel.: +33 (0)2.35.90.02.02","publisher":{"@id":"https:\/\/www.vallonchene.fr\/es\/#organization"},"potentialAction":[{"@type":"SearchAction","target":{"@type":"EntryPoint","urlTemplate":"https:\/\/www.vallonchene.fr\/es\/?s={search_term_string}"},"query-input":{"@type":"PropertyValueSpecification","valueRequired":true,"valueName":"search_term_string"}}],"inLanguage":"es"},{"@type":"Organization","@id":"https:\/\/www.vallonchene.fr\/es\/#organization","name":"VALLONCHENE","url":"https:\/\/www.vallonchene.fr\/es\/","logo":{"@type":"ImageObject","inLanguage":"es","@id":"https:\/\/www.vallonchene.fr\/es\/#\/schema\/logo\/image\/","url":"https:\/\/www.vallonchene.fr\/wp-content\/uploads\/2023\/03\/Logo-Vallonchene-site-et-R_hauteur_100.png","contentUrl":"https:\/\/www.vallonchene.fr\/wp-content\/uploads\/2023\/03\/Logo-Vallonchene-site-et-R_hauteur_100.png","width":221,"height":100,"caption":"VALLONCHENE"},"image":{"@id":"https:\/\/www.vallonchene.fr\/es\/#\/schema\/logo\/image\/"},"sameAs":["https:\/\/www.facebook.com\/vallonchene.fr","https:\/\/www.instagram.com\/vallonchene\/","https:\/\/www.pinterest.fr\/vallonchene\/"],"taxID":"49454502300017","hasMerchantReturnPolicy":{"@type":"MerchantReturnPolicy","merchantReturnLink":"https:\/\/www.vallonchene.fr\/remboursements_retours\/"}}]},"og_availability":"out of stock","product_availability":"out of stock","product_retailer_item_id":"38128","product_condition":"new"},"_links":{"self":[{"href":"https:\/\/www.vallonchene.fr\/es\/wp-json\/wp\/v2\/product\/51862","targetHints":{"allow":["GET"]}}],"collection":[{"href":"https:\/\/www.vallonchene.fr\/es\/wp-json\/wp\/v2\/product"}],"about":[{"href":"https:\/\/www.vallonchene.fr\/es\/wp-json\/wp\/v2\/types\/product"}],"replies":[{"embeddable":true,"href":"https:\/\/www.vallonchene.fr\/es\/wp-json\/wp\/v2\/comments?post=51862"}],"wp:featuredmedia":[{"embeddable":true,"href":"https:\/\/www.vallonchene.fr\/es\/wp-json\/wp\/v2\/media\/51863"}],"wp:attachment":[{"href":"https:\/\/www.vallonchene.fr\/es\/wp-json\/wp\/v2\/media?parent=51862"}],"wp:term":[{"taxonomy":"product_brand","embeddable":true,"href":"https:\/\/www.vallonchene.fr\/es\/wp-json\/wp\/v2\/product_brand?post=51862"},{"taxonomy":"product_cat","embeddable":true,"href":"https:\/\/www.vallonchene.fr\/es\/wp-json\/wp\/v2\/product_cat?post=51862"},{"taxonomy":"product_tag","embeddable":true,"href":"https:\/\/www.vallonchene.fr\/es\/wp-json\/wp\/v2\/product_tag?post=51862"}],"curies":[{"name":"wp","href":"https:\/\/api.w.org\/{rel}","templated":true}]}}