{"id":51825,"date":"2022-09-17T15:29:07","date_gmt":"2022-09-17T15:29:07","guid":{"rendered":"https:\/\/www.vallonchene.fr\/produit\/glyptostrobus-pensilis\/"},"modified":"2026-01-22T18:46:30","modified_gmt":"2026-01-22T17:46:30","slug":"glyptostrobus-pensilis","status":"publish","type":"product","link":"https:\/\/www.vallonchene.fr\/es\/producto\/glyptostrobus-pensilis\/","title":{"rendered":"GLYPTOSTROBUS pensilis"},"content":{"rendered":"<h2>La Planta<\/h2>\n<p>El <strong>GLYPTOSTROBUS pensilis<\/strong> es una con\u00edfera extremadamente rara y muy apreciada por los coleccionistas. De hecho, est\u00e1 clasificada como \u00ab<strong>en peligro cr\u00edtico<\/strong>\u00ab. El <strong>cipr\u00e9s chino<\/strong> ha desaparecido casi por completo de su h\u00e1bitat natural. Esto se explica por la sobreexplotaci\u00f3n de su preciosa madera. En efecto, esta desprende un <strong>perfume<\/strong> y resiste bien a la descomposici\u00f3n.<br \/>\nAdem\u00e1s, esta con\u00edfera desarrolla <strong>conos ovales<\/strong>. Pertenece a las raras con\u00edferas que <strong>pierden su follaje en invierno<\/strong>.<br \/>\nAsimismo, al igual que los <strong><a href=\"https:\/\/www.vallonchene.fr\/?s=taxodium&amp;post_type=product&amp;dgwt_wcas=1&amp;lang=fr&amp;filter_stock_status=instock\">TAXODIUM<\/a><\/strong>, el cipr\u00e9s chino tambi\u00e9n desarrolla <strong><a href=\"https:\/\/fr.wikipedia.org\/wiki\/Pneumatophore\" target=\"_blank\" rel=\"noopener\">pneumat\u00f3foros<\/a><\/strong> al envejecer.<br \/>\nFinalmente, en oto\u00f1o, su <strong>follaje habitualmente verde<\/strong> adquiere <strong>tonos cobrizos muy luminosos<\/strong>.     <\/p>\n<h2>\u00bfC\u00f3mo plantar el GLYPTOSTROBUS pensilis? <br \/><\/h2>\n<p>Plante este \u00e1rbol en un <strong>lugar h\u00famedo<\/strong>, incluso <strong>muy h\u00famedo.<\/strong> No se le llama por nada el cipr\u00e9s chino de los pantanos.<br \/>\nLe gustar\u00e1 un lugar a <strong>media sombra<\/strong> o a <strong>pleno sol<\/strong> con un suelo ligero o normal y un pH \u00e1cido o neutro.<br \/>\nLuego, una vez bien establecido, resistir\u00e1 las temperaturas hasta -10\u00b0 C. <\/p>\n<p>Para una preparaci\u00f3n \u00f3ptima del contenedor o del hoyo de plantaci\u00f3n, hemos elaborado unas <a href=\"https:\/\/www.vallonchene.fr\/comment-planter-et-entretenir-des-vegetaux\/\" target=\"_blank\" rel=\"noreferrer noopener\"><strong>instrucciones detalladas que puede consultar aqu\u00ed<\/strong><\/a>. Le invitamos a consultar tambi\u00e9n <a href=\"https:\/\/www.vallonchene.fr\/comment-bien-arroser-le-jardin-et-economiser-leau\/\"><strong>nuestros consejos sobre c\u00f3mo regar correctamente y ahorrar agua aqu\u00ed<\/strong><\/a>.<\/p>\n<h2>Historia y Origen<\/h2>\n<p>El Glyptostrobus pensilis es la \u00fanica especie viviente del g\u00e9nero. Su h\u00e1bitat natural se encuentra en el sudeste tropical de China y, localmente, en el norte de Vietnam, as\u00ed como en el centro de Laos. El G. pensilis crece naturalmente en lugares h\u00famedos (pantanos), a orillas de r\u00edos y estanques. Su excelente sistema radicular contribuye a la estabilizaci\u00f3n de las orillas. Sus neumat\u00f3foros le permiten respirar incluso en periodos de inundaciones. Adem\u00e1s, la madera se utiliza para la construcci\u00f3n y la fabricaci\u00f3n de muebles. Por otra parte, se emplea en la construcci\u00f3n de puentes, dada su buena resistencia a la humedad. En 1812, los estadounidenses intentan cultivarlo para la explotaci\u00f3n forestal. En 1830, es el turno de los europeos. A principios del siglo XIX, diversos bot\u00e1nicos europeos describen el g\u00e9nero como <em>THUJA pensilis<\/em> (<a href=\"https:\/\/fr.wikipedia.org\/wiki\/Aylmer_Bourke_Lambert\" target=\"_blank\" rel=\"noopener\"><strong>Aylmer Bourke Lambert<\/strong><\/a>).<\/p>\n<p> <em>TAXODIUM japonicum var. heterophyllum <\/em> (<strong><a href=\"https:\/\/fr.wikipedia.org\/wiki\/Adolphe_Brongniart\" target=\"_blank\" rel=\"noopener\">Adolphe Brongniart<\/a><\/strong>). Tambi\u00e9n conocemos los sin\u00f3nimos <em>GLYPTOSTROBUS aquaticus<\/em>, <em>GLYPTOSTROBUS sinensis<\/em> o <em>GLYPTOSTROBUS lineatus<\/em>. <\/p>\n<p>&nbsp;<\/p>\n<p>&nbsp;<\/p>\n<p>&nbsp;<\/p>\n<p>&nbsp;<\/p>\n","protected":false},"excerpt":{"rendered":"<p>El <strong>cipr\u00e9s chino est\u00e1<\/strong> en peligro cr\u00edtico de extinci\u00f3n. <strong>GLYPTOSTROBUS pensilis<\/strong> tiene follaje caducifolio. Es parte de la subfamilia Taxodioideae.  <\/p>\n","protected":false},"featured_media":51826,"comment_status":"open","ping_status":"closed","template":"","meta":[],"product_brand":[],"product_cat":[11502],"product_tag":[12244],"class_list":{"0":"post-51825","1":"product","2":"type-product","3":"status-publish","4":"has-post-thumbnail","6":"product_cat-coniferas","7":"product_tag-glyptostrobus-es","8":"pa_99-hauteurapproximativeapres1-2-a-3-m","9":"pa_couleurdufeuillage-verde","10":"pa_expositionspossibles-pleno-sol-de-12-a-17-min","11":"pa_expositionspossibles-sombra-parcial-evitar-el-sol-de-12-a-17-horas","12":"pa_hauteurlivree-100-a-125-cm","13":"pa_hauteurlivree-125-a-150-cm-es","14":"pa_hauteurlivree-15-a-20-cm-es","15":"pa_hauteurlivree-150-a-175-cm-es","16":"pa_hauteurlivree-20-a-25-cm-es","17":"pa_hauteurlivree-200-a-250-cm-es","18":"pa_hauteurlivree-25-a-30-cm-es","19":"pa_hauteurlivree-30-a-35-cm-es","20":"pa_hauteurlivree-30-a-40-cm-es","21":"pa_hauteurlivree-40-a-50-cm-es","22":"pa_hauteurlivree-50-a-60-cm-es","23":"pa_hauteurlivree-60-a-80-cm-es","24":"pa_hauteurlivree-70-a-80-cm-es","25":"pa_hauteurlivree-80-a-100-cm-es","26":"pa_interetauprintemps-flores","27":"pa_interetauprintemps-follaje","28":"pa_interetenautomne-follaje","29":"pa_interetenete-follaje","30":"pa_interetenhiver-conos","31":"pa_interetenhiver-habitus","32":"pa_naturedufeuillage-caduco","33":"pa_naturesdesolpossibles-ligero","34":"pa_naturesdesolpossibles-normal-es","35":"pa_particularites-planta-en-peligro-de-extincion","36":"pa_periodedefloraison-primavera","37":"pa_phdusolacceptable-acido-menos-de-6_5","38":"pa_phdusolacceptable-neutro-entre-6_5-y-7_5","39":"pa_portgraphisme-erigido","40":"pa_resistanceaufroidrusticite-resistente-hasta-menos-10-c","41":"pa_tailledepot-maceta-de-1-litro","42":"pa_tailledepot-maceta-de-10-litros","43":"pa_tailledepot-maceta-de-12-litros","44":"pa_tailledepot-maceta-de-15-litros","45":"pa_tailledepot-maceta-de-2-litros","46":"pa_tailledepot-maceta-de-20-litros","47":"pa_tailledepot-maceta-de-25-litros","48":"pa_tailledepot-maceta-de-3-litros","49":"pa_tailledepot-maceta-de-4-litros","50":"pa_tailledepot-maceta-de-5-litros","51":"pa_tailledepot-maceta-de-7-cm-es","52":"pa_tailledepot-maceta-de-7_5-litros","53":"pa_utilisationpossible-aislado","54":"pa_utilisationpossible-arriate","56":"first","57":"instock","58":"taxable","59":"shipping-taxable","60":"purchasable","61":"product-type-variable","62":"has-default-attributes"},"supplier_id":null,"supplier_sku":"","barcode":null,"atum_controlled":true,"out_stock_date":null,"out_stock_threshold":null,"inheritable":true,"inbound_stock":0,"stock_on_hold":0,"sold_today":0,"sales_last_days":0,"reserved_stock":0,"customer_returns":0,"warehouse_damage":0,"lost_in_post":0,"other_logs":0,"out_stock_days":null,"lost_sales":0,"has_location":false,"update_date":"2026-01-26T09:21:01","atum_locations":[],"atum_stock_status":"instock","restock_status":false,"low_stock_amount":"","sales_update_date":"2025-07-23T15:50:37","calc_backorders":null,"yoast_head":"<!-- This site is optimized with the Yoast SEO Premium plugin v27.5 (Yoast SEO v27.5) - https:\/\/yoast.com\/product\/yoast-seo-premium-wordpress\/ -->\n<title>glyptostrobus pensilis - cipr\u00e9s chino<\/title>\n<meta name=\"description\" content=\"El cipr\u00e9s chino est\u00e1 en peligro cr\u00edtico de extinci\u00f3n. GLYPTOSTROBUS pensilis tiene follaje caducifolio. Es una especie en peligro cr\u00edtico de extinci\u00f3n.\" \/>\n<meta name=\"robots\" content=\"index, follow, max-snippet:-1, max-image-preview:large, max-video-preview:-1\" \/>\n<link rel=\"canonical\" href=\"https:\/\/www.vallonchene.fr\/es\/producto\/glyptostrobus-pensilis\/\" \/>\n<meta property=\"og:locale\" content=\"es_ES\" \/>\n<meta property=\"og:type\" content=\"article\" \/>\n<meta property=\"og:title\" content=\"GLYPTOSTROBUS pensilis\" \/>\n<meta property=\"og:description\" content=\"El cipr\u00e9s chino est\u00e1 en peligro cr\u00edtico de extinci\u00f3n. GLYPTOSTROBUS pensilis tiene follaje caducifolio. Es una especie en peligro cr\u00edtico de extinci\u00f3n.\" \/>\n<meta property=\"og:url\" content=\"https:\/\/www.vallonchene.fr\/es\/producto\/glyptostrobus-pensilis\/\" \/>\n<meta property=\"og:site_name\" content=\"Vallonch\u00eane\" \/>\n<meta property=\"article:publisher\" content=\"https:\/\/www.facebook.com\/vallonchene.fr\" \/>\n<meta property=\"article:modified_time\" content=\"2026-01-22T17:46:30+00:00\" \/>\n<meta property=\"og:image\" content=\"https:\/\/www.vallonchene.fr\/wp-content\/uploads\/2022\/09\/GLYPTOSTROBUS-pensilis.webp\" \/>\n\t<meta property=\"og:image:width\" content=\"1200\" \/>\n\t<meta property=\"og:image:height\" content=\"1200\" \/>\n\t<meta property=\"og:image:type\" content=\"image\/webp\" \/>\n<meta name=\"twitter:card\" content=\"summary_large_image\" \/>\n<meta name=\"twitter:label1\" content=\"Disponibilidad\" \/>\n\t<meta name=\"twitter:data1\" content=\"En stock\" \/>\n<script type=\"application\/ld+json\" class=\"yoast-schema-graph\">{\"@context\":\"https:\\\/\\\/schema.org\",\"@graph\":[{\"@type\":\"WebPage\",\"@id\":\"https:\\\/\\\/www.vallonchene.fr\\\/es\\\/producto\\\/glyptostrobus-pensilis\\\/\",\"url\":\"https:\\\/\\\/www.vallonchene.fr\\\/es\\\/producto\\\/glyptostrobus-pensilis\\\/\",\"name\":\"glyptostrobus pensilis - cipr\u00e9s chino\",\"isPartOf\":{\"@id\":\"https:\\\/\\\/www.vallonchene.fr\\\/es\\\/#website\"},\"primaryImageOfPage\":{\"@id\":\"https:\\\/\\\/www.vallonchene.fr\\\/es\\\/producto\\\/glyptostrobus-pensilis\\\/#primaryimage\"},\"image\":{\"@id\":\"https:\\\/\\\/www.vallonchene.fr\\\/es\\\/producto\\\/glyptostrobus-pensilis\\\/#primaryimage\"},\"thumbnailUrl\":\"https:\\\/\\\/www.vallonchene.fr\\\/wp-content\\\/uploads\\\/2022\\\/09\\\/GLYPTOSTROBUS-pensilis.webp\",\"datePublished\":\"2022-09-17T15:29:07+00:00\",\"dateModified\":\"2026-01-22T17:46:30+00:00\",\"description\":\"El cipr\u00e9s chino est\u00e1 en peligro cr\u00edtico de extinci\u00f3n. GLYPTOSTROBUS pensilis tiene follaje caducifolio. Es una especie en peligro cr\u00edtico de extinci\u00f3n.\",\"breadcrumb\":{\"@id\":\"https:\\\/\\\/www.vallonchene.fr\\\/es\\\/producto\\\/glyptostrobus-pensilis\\\/#breadcrumb\"},\"inLanguage\":\"es\",\"potentialAction\":[{\"@type\":\"ReadAction\",\"target\":[\"https:\\\/\\\/www.vallonchene.fr\\\/es\\\/producto\\\/glyptostrobus-pensilis\\\/\"]}]},{\"@type\":\"ImageObject\",\"inLanguage\":\"es\",\"@id\":\"https:\\\/\\\/www.vallonchene.fr\\\/es\\\/producto\\\/glyptostrobus-pensilis\\\/#primaryimage\",\"url\":\"https:\\\/\\\/www.vallonchene.fr\\\/wp-content\\\/uploads\\\/2022\\\/09\\\/GLYPTOSTROBUS-pensilis.webp\",\"contentUrl\":\"https:\\\/\\\/www.vallonchene.fr\\\/wp-content\\\/uploads\\\/2022\\\/09\\\/GLYPTOSTROBUS-pensilis.webp\",\"width\":1200,\"height\":1200,\"caption\":\"Ramas y follaje verde de GLYPTOSTROBUS pensilis\"},{\"@type\":\"BreadcrumbList\",\"@id\":\"https:\\\/\\\/www.vallonchene.fr\\\/es\\\/producto\\\/glyptostrobus-pensilis\\\/#breadcrumb\",\"itemListElement\":[{\"@type\":\"ListItem\",\"position\":1,\"name\":\"Home\",\"item\":\"https:\\\/\\\/www.vallonchene.fr\\\/es\\\/\"},{\"@type\":\"ListItem\",\"position\":2,\"name\":\"Tienda\",\"item\":\"https:\\\/\\\/www.vallonchene.fr\\\/tienda\\\/\"},{\"@type\":\"ListItem\",\"position\":3,\"name\":\"GLYPTOSTROBUS pensilis\"}]},{\"@type\":\"WebSite\",\"@id\":\"https:\\\/\\\/www.vallonchene.fr\\\/es\\\/#website\",\"url\":\"https:\\\/\\\/www.vallonchene.fr\\\/es\\\/\",\"name\":\"Vallonch\u00eane\",\"description\":\"El vivero donde la calidad tiene sus ra\u00edces \u2013 Tel.: +33 (0)2.35.90.02.02\",\"publisher\":{\"@id\":\"https:\\\/\\\/www.vallonchene.fr\\\/es\\\/#organization\"},\"potentialAction\":[{\"@type\":\"SearchAction\",\"target\":{\"@type\":\"EntryPoint\",\"urlTemplate\":\"https:\\\/\\\/www.vallonchene.fr\\\/es\\\/?s={search_term_string}\"},\"query-input\":{\"@type\":\"PropertyValueSpecification\",\"valueRequired\":true,\"valueName\":\"search_term_string\"}}],\"inLanguage\":\"es\"},{\"@type\":\"Organization\",\"@id\":\"https:\\\/\\\/www.vallonchene.fr\\\/es\\\/#organization\",\"name\":\"VALLONCHENE\",\"url\":\"https:\\\/\\\/www.vallonchene.fr\\\/es\\\/\",\"logo\":{\"@type\":\"ImageObject\",\"inLanguage\":\"es\",\"@id\":\"https:\\\/\\\/www.vallonchene.fr\\\/es\\\/#\\\/schema\\\/logo\\\/image\\\/\",\"url\":\"https:\\\/\\\/www.vallonchene.fr\\\/wp-content\\\/uploads\\\/2023\\\/03\\\/Logo-Vallonchene-site-et-R_hauteur_100.png\",\"contentUrl\":\"https:\\\/\\\/www.vallonchene.fr\\\/wp-content\\\/uploads\\\/2023\\\/03\\\/Logo-Vallonchene-site-et-R_hauteur_100.png\",\"width\":221,\"height\":100,\"caption\":\"VALLONCHENE\"},\"image\":{\"@id\":\"https:\\\/\\\/www.vallonchene.fr\\\/es\\\/#\\\/schema\\\/logo\\\/image\\\/\"},\"sameAs\":[\"https:\\\/\\\/www.facebook.com\\\/vallonchene.fr\",\"https:\\\/\\\/www.instagram.com\\\/vallonchene\\\/\",\"https:\\\/\\\/www.pinterest.fr\\\/vallonchene\\\/\"],\"taxID\":\"49454502300017\",\"hasMerchantReturnPolicy\":{\"@type\":\"MerchantReturnPolicy\",\"merchantReturnLink\":\"https:\\\/\\\/www.vallonchene.fr\\\/remboursements_retours\\\/\"}}]}<\/script>\n<meta property=\"og:availability\" content=\"instock\" \/>\n<meta property=\"product:availability\" content=\"instock\" \/>\n<meta property=\"product:retailer_item_id\" content=\"11163\" \/>\n<meta property=\"product:condition\" content=\"new\" \/>\n<!-- \/ Yoast SEO Premium plugin. -->","yoast_head_json":{"title":"glyptostrobus pensilis - cipr\u00e9s chino","description":"El cipr\u00e9s chino est\u00e1 en peligro cr\u00edtico de extinci\u00f3n. GLYPTOSTROBUS pensilis tiene follaje caducifolio. Es una especie en peligro cr\u00edtico de extinci\u00f3n.","robots":{"index":"index","follow":"follow","max-snippet":"max-snippet:-1","max-image-preview":"max-image-preview:large","max-video-preview":"max-video-preview:-1"},"canonical":"https:\/\/www.vallonchene.fr\/es\/producto\/glyptostrobus-pensilis\/","og_locale":"es_ES","og_type":"article","og_title":"GLYPTOSTROBUS pensilis","og_description":"El cipr\u00e9s chino est\u00e1 en peligro cr\u00edtico de extinci\u00f3n. GLYPTOSTROBUS pensilis tiene follaje caducifolio. Es una especie en peligro cr\u00edtico de extinci\u00f3n.","og_url":"https:\/\/www.vallonchene.fr\/es\/producto\/glyptostrobus-pensilis\/","og_site_name":"Vallonch\u00eane","article_publisher":"https:\/\/www.facebook.com\/vallonchene.fr","article_modified_time":"2026-01-22T17:46:30+00:00","og_image":[{"width":1200,"height":1200,"url":"https:\/\/www.vallonchene.fr\/wp-content\/uploads\/2022\/09\/GLYPTOSTROBUS-pensilis.webp","type":"image\/webp"}],"twitter_card":"summary_large_image","twitter_misc":{"Disponibilidad":"En stock"},"schema":{"@context":"https:\/\/schema.org","@graph":[{"@type":"WebPage","@id":"https:\/\/www.vallonchene.fr\/es\/producto\/glyptostrobus-pensilis\/","url":"https:\/\/www.vallonchene.fr\/es\/producto\/glyptostrobus-pensilis\/","name":"glyptostrobus pensilis - cipr\u00e9s chino","isPartOf":{"@id":"https:\/\/www.vallonchene.fr\/es\/#website"},"primaryImageOfPage":{"@id":"https:\/\/www.vallonchene.fr\/es\/producto\/glyptostrobus-pensilis\/#primaryimage"},"image":{"@id":"https:\/\/www.vallonchene.fr\/es\/producto\/glyptostrobus-pensilis\/#primaryimage"},"thumbnailUrl":"https:\/\/www.vallonchene.fr\/wp-content\/uploads\/2022\/09\/GLYPTOSTROBUS-pensilis.webp","datePublished":"2022-09-17T15:29:07+00:00","dateModified":"2026-01-22T17:46:30+00:00","description":"El cipr\u00e9s chino est\u00e1 en peligro cr\u00edtico de extinci\u00f3n. GLYPTOSTROBUS pensilis tiene follaje caducifolio. Es una especie en peligro cr\u00edtico de extinci\u00f3n.","breadcrumb":{"@id":"https:\/\/www.vallonchene.fr\/es\/producto\/glyptostrobus-pensilis\/#breadcrumb"},"inLanguage":"es","potentialAction":[{"@type":"ReadAction","target":["https:\/\/www.vallonchene.fr\/es\/producto\/glyptostrobus-pensilis\/"]}]},{"@type":"ImageObject","inLanguage":"es","@id":"https:\/\/www.vallonchene.fr\/es\/producto\/glyptostrobus-pensilis\/#primaryimage","url":"https:\/\/www.vallonchene.fr\/wp-content\/uploads\/2022\/09\/GLYPTOSTROBUS-pensilis.webp","contentUrl":"https:\/\/www.vallonchene.fr\/wp-content\/uploads\/2022\/09\/GLYPTOSTROBUS-pensilis.webp","width":1200,"height":1200,"caption":"Ramas y follaje verde de GLYPTOSTROBUS pensilis"},{"@type":"BreadcrumbList","@id":"https:\/\/www.vallonchene.fr\/es\/producto\/glyptostrobus-pensilis\/#breadcrumb","itemListElement":[{"@type":"ListItem","position":1,"name":"Home","item":"https:\/\/www.vallonchene.fr\/es\/"},{"@type":"ListItem","position":2,"name":"Tienda","item":"https:\/\/www.vallonchene.fr\/tienda\/"},{"@type":"ListItem","position":3,"name":"GLYPTOSTROBUS pensilis"}]},{"@type":"WebSite","@id":"https:\/\/www.vallonchene.fr\/es\/#website","url":"https:\/\/www.vallonchene.fr\/es\/","name":"Vallonch\u00eane","description":"El vivero donde la calidad tiene sus ra\u00edces \u2013 Tel.: +33 (0)2.35.90.02.02","publisher":{"@id":"https:\/\/www.vallonchene.fr\/es\/#organization"},"potentialAction":[{"@type":"SearchAction","target":{"@type":"EntryPoint","urlTemplate":"https:\/\/www.vallonchene.fr\/es\/?s={search_term_string}"},"query-input":{"@type":"PropertyValueSpecification","valueRequired":true,"valueName":"search_term_string"}}],"inLanguage":"es"},{"@type":"Organization","@id":"https:\/\/www.vallonchene.fr\/es\/#organization","name":"VALLONCHENE","url":"https:\/\/www.vallonchene.fr\/es\/","logo":{"@type":"ImageObject","inLanguage":"es","@id":"https:\/\/www.vallonchene.fr\/es\/#\/schema\/logo\/image\/","url":"https:\/\/www.vallonchene.fr\/wp-content\/uploads\/2023\/03\/Logo-Vallonchene-site-et-R_hauteur_100.png","contentUrl":"https:\/\/www.vallonchene.fr\/wp-content\/uploads\/2023\/03\/Logo-Vallonchene-site-et-R_hauteur_100.png","width":221,"height":100,"caption":"VALLONCHENE"},"image":{"@id":"https:\/\/www.vallonchene.fr\/es\/#\/schema\/logo\/image\/"},"sameAs":["https:\/\/www.facebook.com\/vallonchene.fr","https:\/\/www.instagram.com\/vallonchene\/","https:\/\/www.pinterest.fr\/vallonchene\/"],"taxID":"49454502300017","hasMerchantReturnPolicy":{"@type":"MerchantReturnPolicy","merchantReturnLink":"https:\/\/www.vallonchene.fr\/remboursements_retours\/"}}]},"og_availability":"instock","product_availability":"instock","product_retailer_item_id":"11163","product_condition":"new"},"_links":{"self":[{"href":"https:\/\/www.vallonchene.fr\/es\/wp-json\/wp\/v2\/product\/51825","targetHints":{"allow":["GET"]}}],"collection":[{"href":"https:\/\/www.vallonchene.fr\/es\/wp-json\/wp\/v2\/product"}],"about":[{"href":"https:\/\/www.vallonchene.fr\/es\/wp-json\/wp\/v2\/types\/product"}],"replies":[{"embeddable":true,"href":"https:\/\/www.vallonchene.fr\/es\/wp-json\/wp\/v2\/comments?post=51825"}],"wp:featuredmedia":[{"embeddable":true,"href":"https:\/\/www.vallonchene.fr\/es\/wp-json\/wp\/v2\/media\/51826"}],"wp:attachment":[{"href":"https:\/\/www.vallonchene.fr\/es\/wp-json\/wp\/v2\/media?parent=51825"}],"wp:term":[{"taxonomy":"product_brand","embeddable":true,"href":"https:\/\/www.vallonchene.fr\/es\/wp-json\/wp\/v2\/product_brand?post=51825"},{"taxonomy":"product_cat","embeddable":true,"href":"https:\/\/www.vallonchene.fr\/es\/wp-json\/wp\/v2\/product_cat?post=51825"},{"taxonomy":"product_tag","embeddable":true,"href":"https:\/\/www.vallonchene.fr\/es\/wp-json\/wp\/v2\/product_tag?post=51825"}],"curies":[{"name":"wp","href":"https:\/\/api.w.org\/{rel}","templated":true}]}}