{"id":51719,"date":"2023-09-14T14:55:36","date_gmt":"2023-09-14T14:55:36","guid":{"rendered":"https:\/\/www.vallonchene.fr\/produit\/alchornea-davidii\/"},"modified":"2025-04-09T10:22:34","modified_gmt":"2025-04-09T09:22:34","slug":"alchornea-davidii","status":"publish","type":"product","link":"https:\/\/www.vallonchene.fr\/es\/producto\/alchornea-davidii\/","title":{"rendered":"ALCHORNEA davidii"},"content":{"rendered":"<h2>La Planta<\/h2>\n<p>La <strong>ALCHORNEA davidii<\/strong>, tambi\u00e9n conocida como <strong>Alcornea de David<\/strong>, es una planta caduca que nos llega desde China.<\/p>\n<p>En primavera, desarrolla un <strong>follaje de un rojo brillante<\/strong>. Luego, avanzando hacia el verano, el <strong>follaje redondo y arrugado<\/strong> se vuelve verde. <\/p>\n<p>M\u00e1s tarde, en oto\u00f1o, las hojas adquieren un <strong>color amarillo, naranja y rojo<\/strong> para iluminar nuevamente el jard\u00edn.<\/p>\n<p>A pesar de sus or\u00edgenes ex\u00f3ticos, la Alcornea de David <strong>resiste temperaturas de hasta -20 \u00b0C<\/strong>. Sin embargo, durante los primeros a\u00f1os, la planta puede congelarse y reiniciar su crecimiento desde la base, lo cual es completamente normal. <\/p>\n<h2>\u00bfC\u00f3mo plantar y cuidar la ALCHORNEA davidii?<\/h2>\n<h3>Plantaci\u00f3n <br \/><\/h3>\n<p>Para aprovechar plenamente las cualidades de este maravilloso arbusto, siga los puntos siguientes:<\/p>\n<ol>\n<li>Encuentre un lugar protegido del viento, a pleno sol o en semisombra.<\/li>\n<li>La tierra debe ser ligera o normal.<\/li>\n<li>La planta tolera un pH \u00e1cido, neutro y calc\u00e1reo.<\/li>\n<li>Para una buena preparaci\u00f3n del hoyo de plantaci\u00f3n, hemos dise\u00f1ado <a href=\"https:\/\/www.vallonchene.fr\/comment-planter-et-entretenir-des-vegetaux\/comment-planter-et-entretenir-arbres-arbustes-et-coniferes\/\" target=\"_blank\" rel=\"noreferrer noopener\"><strong>instrucciones espec\u00edficas disponibles aqu\u00ed<\/strong><\/a>.<\/li>\n<\/ol>\n<h3>Cuidado <br \/><\/h3>\n<p>Como con cualquier planta reci\u00e9n plantada, aseg\u00farese de proporcionar un buen riego durante los per\u00edodos de sequ\u00eda durante los dos primeros a\u00f1os.<\/p>\n<p>Si en la etapa juvenil encuentra el fen\u00f3meno de heladas descrito anteriormente, elimine las ramas secas DESPU\u00c9S del brote. Esto evita la eliminaci\u00f3n de ramas intactas. <\/p>\n<p>Adem\u00e1s, la ALCHORNEA davidii es bastante sencilla y no requiere cuidados especiales.<\/p>\n<p>Le invitamos a consultar tambi\u00e9n <a href=\"https:\/\/www.vallonchene.fr\/comment-bien-arroser-le-jardin-et-economiser-leau\/\"><strong>nuestros consejos sobre c\u00f3mo regar correctamente y ahorrar agua aqu\u00ed<\/strong><\/a>.<\/p>\n<h2>Historia y Origen<\/h2>\n<p>La ALCHORNEA davidii debe su nombre al renombrado naturalista y recolector, <strong><a href=\"https:\/\/es.wikipedia.org\/wiki\/Armand_David\">Armand David<\/a><\/strong>.<\/p>\n<p>Los estudios sobre sus propiedades qu\u00edmicas y medicinales tambi\u00e9n han destacado su potencial terap\u00e9utico, especialmente en las tradiciones medicinales locales.<\/p>\n","protected":false},"excerpt":{"rendered":"<p><strong>ALCHORNEA davidii<\/strong> es un arbusto de follaje caducifolio. Los brotes de primavera son de color rosa brillante. Las hojas se vuelven anaranjadas y rojas en oto\u00f1o.  <\/p>\n","protected":false},"featured_media":53509,"comment_status":"open","ping_status":"closed","template":"","meta":[],"product_brand":[],"product_cat":[11499,11821],"product_tag":[12209],"class_list":{"0":"post-51719","1":"product","2":"type-product","3":"status-publish","4":"has-post-thumbnail","6":"product_cat-arbustos-y-arboles","7":"product_cat-plantas-raras-plantas-de-coleccion","8":"product_tag-alchornea-es","9":"pa_99-hauteurapproximativeapres1-1-00-a-1-50-m","10":"pa_couleurautomnaledufeuillage-amarillo","11":"pa_couleurautomnaledufeuillage-naranja","12":"pa_couleurautomnaledufeuillage-rojo","13":"pa_couleurdesfleurs-blanca","14":"pa_exigencesenhumidite-moderadamente-humedo-a-humedo","15":"pa_expositionspossibles-pleno-sol-de-12-a-17-min","16":"pa_expositionspossibles-sombra-parcial-evitar-el-sol-de-12-a-17-horas","17":"pa_hauteurlivree-40-a-50-cm-es","18":"pa_hauteurlivree-70-a-80-cm-es","19":"pa_interetauprintemps-brotes-jovenes","20":"pa_interetenautomne-follaje","21":"pa_interetenete-follaje","22":"pa_naturedufeuillage-caduco","23":"pa_naturesdesolpossibles-ligero","24":"pa_naturesdesolpossibles-normal-es","25":"pa_periodedefloraison-primavera","26":"pa_phdusolacceptable-acido-menos-de-6_5","27":"pa_phdusolacceptable-calcareo-mas-de-7_5","28":"pa_phdusolacceptable-neutro-entre-6_5-y-7_5","29":"pa_portgraphisme-arbustivo-es","30":"pa_resistanceaufroidrusticite-resistente-hasta-menos-20-c","31":"pa_tailledepot-maceta-de-4-litros","32":"pa_utilisationpossible-aislado","33":"pa_utilisationpossible-arriate","35":"first","36":"instock","37":"taxable","38":"shipping-taxable","39":"purchasable","40":"product-type-variable"},"supplier_id":null,"supplier_sku":"","barcode":null,"atum_controlled":true,"out_stock_date":null,"out_stock_threshold":null,"inheritable":true,"inbound_stock":0,"stock_on_hold":1,"sold_today":0,"sales_last_days":0,"reserved_stock":0,"customer_returns":0,"warehouse_damage":0,"lost_in_post":0,"other_logs":0,"out_stock_days":null,"lost_sales":0,"has_location":false,"update_date":"2026-04-26T12:53:18","atum_locations":[],"atum_stock_status":"instock","restock_status":false,"low_stock_amount":"","sales_update_date":"2025-04-09T07:53:55","calc_backorders":null,"yoast_head":"<!-- This site is optimized with the Yoast SEO Premium plugin v27.4 (Yoast SEO v27.4) - https:\/\/yoast.com\/product\/yoast-seo-premium-wordpress\/ -->\n<title>ALCHORNEA davidii - Alcornea de David<\/title>\n<meta name=\"description\" content=\"ALCHORNEA davidii es un arbusto de follaje caducifolio. Los brotes de primavera son de color rosa brillante. Las hojas se vuelven anaranjadas y rojas en oto\u00f1o.\" \/>\n<meta name=\"robots\" content=\"index, follow, max-snippet:-1, max-image-preview:large, max-video-preview:-1\" \/>\n<link rel=\"canonical\" href=\"https:\/\/www.vallonchene.fr\/es\/producto\/alchornea-davidii\/\" \/>\n<meta property=\"og:locale\" content=\"es_ES\" \/>\n<meta property=\"og:type\" content=\"article\" \/>\n<meta property=\"og:title\" content=\"ALCHORNEA davidii\" \/>\n<meta property=\"og:description\" content=\"ALCHORNEA davidii es un arbusto de follaje caducifolio. Los brotes de primavera son de color rosa brillante. Las hojas se vuelven anaranjadas y rojas en oto\u00f1o.\" \/>\n<meta property=\"og:url\" content=\"https:\/\/www.vallonchene.fr\/es\/producto\/alchornea-davidii\/\" \/>\n<meta property=\"og:site_name\" content=\"Vallonch\u00eane\" \/>\n<meta property=\"article:publisher\" content=\"https:\/\/www.facebook.com\/vallonchene.fr\" \/>\n<meta property=\"article:modified_time\" content=\"2025-04-09T09:22:34+00:00\" \/>\n<meta property=\"og:image\" content=\"https:\/\/www.vallonchene.fr\/wp-content\/uploads\/2025\/04\/ALCHORNEA-davidii_03.webp\" \/>\n\t<meta property=\"og:image:width\" content=\"1200\" \/>\n\t<meta property=\"og:image:height\" content=\"1200\" \/>\n\t<meta property=\"og:image:type\" content=\"image\/webp\" \/>\n<meta name=\"twitter:card\" content=\"summary_large_image\" \/>\n<meta name=\"twitter:label1\" content=\"Disponibilidad\" \/>\n\t<meta name=\"twitter:data1\" content=\"En stock\" \/>\n<script type=\"application\/ld+json\" class=\"yoast-schema-graph\">{\"@context\":\"https:\\\/\\\/schema.org\",\"@graph\":[{\"@type\":\"WebPage\",\"@id\":\"https:\\\/\\\/www.vallonchene.fr\\\/es\\\/producto\\\/alchornea-davidii\\\/\",\"url\":\"https:\\\/\\\/www.vallonchene.fr\\\/es\\\/producto\\\/alchornea-davidii\\\/\",\"name\":\"ALCHORNEA davidii - Alcornea de David\",\"isPartOf\":{\"@id\":\"https:\\\/\\\/www.vallonchene.fr\\\/es\\\/#website\"},\"primaryImageOfPage\":{\"@id\":\"https:\\\/\\\/www.vallonchene.fr\\\/es\\\/producto\\\/alchornea-davidii\\\/#primaryimage\"},\"image\":{\"@id\":\"https:\\\/\\\/www.vallonchene.fr\\\/es\\\/producto\\\/alchornea-davidii\\\/#primaryimage\"},\"thumbnailUrl\":\"https:\\\/\\\/www.vallonchene.fr\\\/wp-content\\\/uploads\\\/2025\\\/04\\\/ALCHORNEA-davidii_03.webp\",\"datePublished\":\"2023-09-14T14:55:36+00:00\",\"dateModified\":\"2025-04-09T09:22:34+00:00\",\"description\":\"ALCHORNEA davidii es un arbusto de follaje caducifolio. Los brotes de primavera son de color rosa brillante. Las hojas se vuelven anaranjadas y rojas en oto\u00f1o.\",\"breadcrumb\":{\"@id\":\"https:\\\/\\\/www.vallonchene.fr\\\/es\\\/producto\\\/alchornea-davidii\\\/#breadcrumb\"},\"inLanguage\":\"es\",\"potentialAction\":[{\"@type\":\"ReadAction\",\"target\":[\"https:\\\/\\\/www.vallonchene.fr\\\/es\\\/producto\\\/alchornea-davidii\\\/\"]}]},{\"@type\":\"ImageObject\",\"inLanguage\":\"es\",\"@id\":\"https:\\\/\\\/www.vallonchene.fr\\\/es\\\/producto\\\/alchornea-davidii\\\/#primaryimage\",\"url\":\"https:\\\/\\\/www.vallonchene.fr\\\/wp-content\\\/uploads\\\/2025\\\/04\\\/ALCHORNEA-davidii_03.webp\",\"contentUrl\":\"https:\\\/\\\/www.vallonchene.fr\\\/wp-content\\\/uploads\\\/2025\\\/04\\\/ALCHORNEA-davidii_03.webp\",\"width\":1200,\"height\":1200,\"caption\":\"Follaje rojo de ALCHORNEA davidii en primavera\"},{\"@type\":\"BreadcrumbList\",\"@id\":\"https:\\\/\\\/www.vallonchene.fr\\\/es\\\/producto\\\/alchornea-davidii\\\/#breadcrumb\",\"itemListElement\":[{\"@type\":\"ListItem\",\"position\":1,\"name\":\"Home\",\"item\":\"https:\\\/\\\/www.vallonchene.fr\\\/es\\\/\"},{\"@type\":\"ListItem\",\"position\":2,\"name\":\"Tienda\",\"item\":\"https:\\\/\\\/www.vallonchene.fr\\\/tienda\\\/\"},{\"@type\":\"ListItem\",\"position\":3,\"name\":\"Venta en linea\",\"item\":\"https:\\\/\\\/www.vallonchene.fr\\\/es\\\/categoria-producto\\\/venta-en-linea\\\/\"},{\"@type\":\"ListItem\",\"position\":4,\"name\":\"Vivero\",\"item\":\"https:\\\/\\\/www.vallonchene.fr\\\/es\\\/categoria-producto\\\/venta-en-linea\\\/vivero\\\/\"},{\"@type\":\"ListItem\",\"position\":5,\"name\":\"Arbustos y \u00e1rboles\",\"item\":\"https:\\\/\\\/www.vallonchene.fr\\\/es\\\/categoria-producto\\\/venta-en-linea\\\/vivero\\\/arbustos-y-arboles\\\/\"},{\"@type\":\"ListItem\",\"position\":6,\"name\":\"ALCHORNEA davidii\"}]},{\"@type\":\"WebSite\",\"@id\":\"https:\\\/\\\/www.vallonchene.fr\\\/es\\\/#website\",\"url\":\"https:\\\/\\\/www.vallonchene.fr\\\/es\\\/\",\"name\":\"Vallonch\u00eane\",\"description\":\"El vivero donde la calidad tiene sus ra\u00edces \u2013 Tel.: +33 (0)2.35.90.02.02\",\"publisher\":{\"@id\":\"https:\\\/\\\/www.vallonchene.fr\\\/es\\\/#organization\"},\"potentialAction\":[{\"@type\":\"SearchAction\",\"target\":{\"@type\":\"EntryPoint\",\"urlTemplate\":\"https:\\\/\\\/www.vallonchene.fr\\\/es\\\/?s={search_term_string}\"},\"query-input\":{\"@type\":\"PropertyValueSpecification\",\"valueRequired\":true,\"valueName\":\"search_term_string\"}}],\"inLanguage\":\"es\"},{\"@type\":\"Organization\",\"@id\":\"https:\\\/\\\/www.vallonchene.fr\\\/es\\\/#organization\",\"name\":\"VALLONCHENE\",\"url\":\"https:\\\/\\\/www.vallonchene.fr\\\/es\\\/\",\"logo\":{\"@type\":\"ImageObject\",\"inLanguage\":\"es\",\"@id\":\"https:\\\/\\\/www.vallonchene.fr\\\/es\\\/#\\\/schema\\\/logo\\\/image\\\/\",\"url\":\"https:\\\/\\\/www.vallonchene.fr\\\/wp-content\\\/uploads\\\/2023\\\/03\\\/Logo-Vallonchene-site-et-R_hauteur_100.png\",\"contentUrl\":\"https:\\\/\\\/www.vallonchene.fr\\\/wp-content\\\/uploads\\\/2023\\\/03\\\/Logo-Vallonchene-site-et-R_hauteur_100.png\",\"width\":221,\"height\":100,\"caption\":\"VALLONCHENE\"},\"image\":{\"@id\":\"https:\\\/\\\/www.vallonchene.fr\\\/es\\\/#\\\/schema\\\/logo\\\/image\\\/\"},\"sameAs\":[\"https:\\\/\\\/www.facebook.com\\\/vallonchene.fr\",\"https:\\\/\\\/www.instagram.com\\\/vallonchene\\\/\",\"https:\\\/\\\/www.pinterest.fr\\\/vallonchene\\\/\"],\"taxID\":\"49454502300017\",\"hasMerchantReturnPolicy\":{\"@type\":\"MerchantReturnPolicy\",\"merchantReturnLink\":\"https:\\\/\\\/www.vallonchene.fr\\\/remboursements_retours\\\/\"}}]}<\/script>\n<meta property=\"og:availability\" content=\"instock\" \/>\n<meta property=\"product:availability\" content=\"instock\" \/>\n<meta property=\"product:retailer_item_id\" content=\"18484\" \/>\n<meta property=\"product:condition\" content=\"new\" \/>\n<!-- \/ Yoast SEO Premium plugin. -->","yoast_head_json":{"title":"ALCHORNEA davidii - Alcornea de David","description":"ALCHORNEA davidii es un arbusto de follaje caducifolio. Los brotes de primavera son de color rosa brillante. Las hojas se vuelven anaranjadas y rojas en oto\u00f1o.","robots":{"index":"index","follow":"follow","max-snippet":"max-snippet:-1","max-image-preview":"max-image-preview:large","max-video-preview":"max-video-preview:-1"},"canonical":"https:\/\/www.vallonchene.fr\/es\/producto\/alchornea-davidii\/","og_locale":"es_ES","og_type":"article","og_title":"ALCHORNEA davidii","og_description":"ALCHORNEA davidii es un arbusto de follaje caducifolio. Los brotes de primavera son de color rosa brillante. Las hojas se vuelven anaranjadas y rojas en oto\u00f1o.","og_url":"https:\/\/www.vallonchene.fr\/es\/producto\/alchornea-davidii\/","og_site_name":"Vallonch\u00eane","article_publisher":"https:\/\/www.facebook.com\/vallonchene.fr","article_modified_time":"2025-04-09T09:22:34+00:00","og_image":[{"width":1200,"height":1200,"url":"https:\/\/www.vallonchene.fr\/wp-content\/uploads\/2025\/04\/ALCHORNEA-davidii_03.webp","type":"image\/webp"}],"twitter_card":"summary_large_image","twitter_misc":{"Disponibilidad":"En stock"},"schema":{"@context":"https:\/\/schema.org","@graph":[{"@type":"WebPage","@id":"https:\/\/www.vallonchene.fr\/es\/producto\/alchornea-davidii\/","url":"https:\/\/www.vallonchene.fr\/es\/producto\/alchornea-davidii\/","name":"ALCHORNEA davidii - Alcornea de David","isPartOf":{"@id":"https:\/\/www.vallonchene.fr\/es\/#website"},"primaryImageOfPage":{"@id":"https:\/\/www.vallonchene.fr\/es\/producto\/alchornea-davidii\/#primaryimage"},"image":{"@id":"https:\/\/www.vallonchene.fr\/es\/producto\/alchornea-davidii\/#primaryimage"},"thumbnailUrl":"https:\/\/www.vallonchene.fr\/wp-content\/uploads\/2025\/04\/ALCHORNEA-davidii_03.webp","datePublished":"2023-09-14T14:55:36+00:00","dateModified":"2025-04-09T09:22:34+00:00","description":"ALCHORNEA davidii es un arbusto de follaje caducifolio. Los brotes de primavera son de color rosa brillante. Las hojas se vuelven anaranjadas y rojas en oto\u00f1o.","breadcrumb":{"@id":"https:\/\/www.vallonchene.fr\/es\/producto\/alchornea-davidii\/#breadcrumb"},"inLanguage":"es","potentialAction":[{"@type":"ReadAction","target":["https:\/\/www.vallonchene.fr\/es\/producto\/alchornea-davidii\/"]}]},{"@type":"ImageObject","inLanguage":"es","@id":"https:\/\/www.vallonchene.fr\/es\/producto\/alchornea-davidii\/#primaryimage","url":"https:\/\/www.vallonchene.fr\/wp-content\/uploads\/2025\/04\/ALCHORNEA-davidii_03.webp","contentUrl":"https:\/\/www.vallonchene.fr\/wp-content\/uploads\/2025\/04\/ALCHORNEA-davidii_03.webp","width":1200,"height":1200,"caption":"Follaje rojo de ALCHORNEA davidii en primavera"},{"@type":"BreadcrumbList","@id":"https:\/\/www.vallonchene.fr\/es\/producto\/alchornea-davidii\/#breadcrumb","itemListElement":[{"@type":"ListItem","position":1,"name":"Home","item":"https:\/\/www.vallonchene.fr\/es\/"},{"@type":"ListItem","position":2,"name":"Tienda","item":"https:\/\/www.vallonchene.fr\/tienda\/"},{"@type":"ListItem","position":3,"name":"Venta en linea","item":"https:\/\/www.vallonchene.fr\/es\/categoria-producto\/venta-en-linea\/"},{"@type":"ListItem","position":4,"name":"Vivero","item":"https:\/\/www.vallonchene.fr\/es\/categoria-producto\/venta-en-linea\/vivero\/"},{"@type":"ListItem","position":5,"name":"Arbustos y \u00e1rboles","item":"https:\/\/www.vallonchene.fr\/es\/categoria-producto\/venta-en-linea\/vivero\/arbustos-y-arboles\/"},{"@type":"ListItem","position":6,"name":"ALCHORNEA davidii"}]},{"@type":"WebSite","@id":"https:\/\/www.vallonchene.fr\/es\/#website","url":"https:\/\/www.vallonchene.fr\/es\/","name":"Vallonch\u00eane","description":"El vivero donde la calidad tiene sus ra\u00edces \u2013 Tel.: +33 (0)2.35.90.02.02","publisher":{"@id":"https:\/\/www.vallonchene.fr\/es\/#organization"},"potentialAction":[{"@type":"SearchAction","target":{"@type":"EntryPoint","urlTemplate":"https:\/\/www.vallonchene.fr\/es\/?s={search_term_string}"},"query-input":{"@type":"PropertyValueSpecification","valueRequired":true,"valueName":"search_term_string"}}],"inLanguage":"es"},{"@type":"Organization","@id":"https:\/\/www.vallonchene.fr\/es\/#organization","name":"VALLONCHENE","url":"https:\/\/www.vallonchene.fr\/es\/","logo":{"@type":"ImageObject","inLanguage":"es","@id":"https:\/\/www.vallonchene.fr\/es\/#\/schema\/logo\/image\/","url":"https:\/\/www.vallonchene.fr\/wp-content\/uploads\/2023\/03\/Logo-Vallonchene-site-et-R_hauteur_100.png","contentUrl":"https:\/\/www.vallonchene.fr\/wp-content\/uploads\/2023\/03\/Logo-Vallonchene-site-et-R_hauteur_100.png","width":221,"height":100,"caption":"VALLONCHENE"},"image":{"@id":"https:\/\/www.vallonchene.fr\/es\/#\/schema\/logo\/image\/"},"sameAs":["https:\/\/www.facebook.com\/vallonchene.fr","https:\/\/www.instagram.com\/vallonchene\/","https:\/\/www.pinterest.fr\/vallonchene\/"],"taxID":"49454502300017","hasMerchantReturnPolicy":{"@type":"MerchantReturnPolicy","merchantReturnLink":"https:\/\/www.vallonchene.fr\/remboursements_retours\/"}}]},"og_availability":"instock","product_availability":"instock","product_retailer_item_id":"18484","product_condition":"new"},"_links":{"self":[{"href":"https:\/\/www.vallonchene.fr\/es\/wp-json\/wp\/v2\/product\/51719","targetHints":{"allow":["GET"]}}],"collection":[{"href":"https:\/\/www.vallonchene.fr\/es\/wp-json\/wp\/v2\/product"}],"about":[{"href":"https:\/\/www.vallonchene.fr\/es\/wp-json\/wp\/v2\/types\/product"}],"replies":[{"embeddable":true,"href":"https:\/\/www.vallonchene.fr\/es\/wp-json\/wp\/v2\/comments?post=51719"}],"wp:featuredmedia":[{"embeddable":true,"href":"https:\/\/www.vallonchene.fr\/es\/wp-json\/wp\/v2\/media\/53509"}],"wp:attachment":[{"href":"https:\/\/www.vallonchene.fr\/es\/wp-json\/wp\/v2\/media?parent=51719"}],"wp:term":[{"taxonomy":"product_brand","embeddable":true,"href":"https:\/\/www.vallonchene.fr\/es\/wp-json\/wp\/v2\/product_brand?post=51719"},{"taxonomy":"product_cat","embeddable":true,"href":"https:\/\/www.vallonchene.fr\/es\/wp-json\/wp\/v2\/product_cat?post=51719"},{"taxonomy":"product_tag","embeddable":true,"href":"https:\/\/www.vallonchene.fr\/es\/wp-json\/wp\/v2\/product_tag?post=51719"}],"curies":[{"name":"wp","href":"https:\/\/api.w.org\/{rel}","templated":true}]}}