{"id":51569,"date":"2023-09-23T15:22:49","date_gmt":"2023-09-23T15:22:49","guid":{"rendered":"https:\/\/www.vallonchene.fr\/produit\/cornus-kousa-samaritan-samzam\/"},"modified":"2023-09-23T15:22:49","modified_gmt":"2023-09-23T14:22:49","slug":"cornus-kousa-samaritan-samzam","status":"publish","type":"product","link":"https:\/\/www.vallonchene.fr\/es\/producto\/cornus-kousa-samaritan-samzam\/","title":{"rendered":"CORNUS kousa &#8216;Samaritan&#8217; (Samzam)"},"content":{"rendered":"<p>El <strong>CORNUS kousa &#8216;Samaritan&#8217;<\/strong>, a veces tambi\u00e9n llamado <strong>CORNUS kousa &#8216;Samzam&#8217;<\/strong> (sin\u00f3nimo), es un <strong>cornejo japon\u00e9s<\/strong>.<br \/>\nLas flores aparecen en primavera. Al principio, son <strong>verdes con un borde blanco<\/strong> y relativamente estrechas. Es una curiosidad. A madurez, se vuelven blancas con un tama\u00f1o tan ancho como largo, pero siempre puntiagudas.<br \/>\nLuego, en verano, se desarrollan los <strong>frutos rojos<\/strong>. Estos decoran este peque\u00f1o \u00e1rbol hasta el oto\u00f1o.<br \/>\nEn ese momento, las hojas, habitualmente verdes bordeadas de blanco, adquieren colores llamativos.     <\/p>\n","protected":false},"excerpt":{"rendered":"<p>Este <strong>cornejo japon\u00e9s<\/strong> no solo tiene follaje abigarrado (verde con bordes blancos). Las flores de <strong>CORNUS kousa &#8216;Samaritan&#8217;<\/strong> son verdes con bordes blancos. Luego la flor se vuelve blanca.  <\/p>\n","protected":false},"featured_media":51568,"comment_status":"open","ping_status":"closed","template":"","meta":[],"product_brand":[],"product_cat":[11499],"product_tag":[12164,12165],"class_list":{"0":"post-51569","1":"product","2":"type-product","3":"status-publish","4":"has-post-thumbnail","6":"product_cat-arbustos-y-arboles","7":"product_tag-cornus-es","8":"product_tag-cornus-kousa-es","9":"pa_99-hauteurapproximativeapres1-2-a-3-m","10":"pa_couleurautomnaledufeuillage-amarillo","11":"pa_couleurautomnaledufeuillage-naranja","12":"pa_couleurautomnaledufeuillage-rojo","13":"pa_couleurdesfleurs-blanca","14":"pa_couleurdesfleurs-verde","15":"pa_couleurdesfruits-roja","16":"pa_couleurnormaledufeuillage-blanco","17":"pa_couleurnormaledufeuillage-variado","18":"pa_couleurnormaledufeuillage-verde","19":"pa_exigencesenhumidite-moderadamente-humedo-a-humedo","20":"pa_exigencesenhumidite-promedio","21":"pa_expositionspossibles-sombra-parcial-evitar-el-sol-de-12-a-17-horas","22":"pa_hauteurlivree-50-a-60-cm-es","23":"pa_interetauprintemps-flores","24":"pa_interetauprintemps-follaje","25":"pa_interetauprintemps-habitus","26":"pa_interetenautomne-follaje","27":"pa_interetenautomne-frutas","28":"pa_interetenautomne-habitus","29":"pa_interetenete-follaje","30":"pa_interetenete-frutas","31":"pa_interetenete-habitus","32":"pa_interetenhiver-habitus","33":"pa_naturedufeuillage-caduco","34":"pa_naturesdesolpossibles-ligero","35":"pa_naturesdesolpossibles-normal-es","36":"pa_periodedefloraison-primavera","37":"pa_periodedetaille-enero","38":"pa_periodedetaille-febrero","39":"pa_phdusolacceptable-acido-menos-de-6_5","40":"pa_phdusolacceptable-neutro-entre-6_5-y-7_5","41":"pa_portgraphisme-en-niveles","42":"pa_resistanceaufroidrusticite-resistente-hasta-menos-20-c","43":"pa_tailledepot-maceta-de-4-litros","44":"pa_utilisationpossible-aislado","45":"pa_utilisationpossible-arriate","47":"first","48":"instock","49":"taxable","50":"shipping-taxable","51":"purchasable","52":"product-type-variable"},"supplier_id":null,"supplier_sku":"","barcode":null,"atum_controlled":true,"out_stock_date":null,"out_stock_threshold":null,"inheritable":true,"inbound_stock":0,"stock_on_hold":0,"sold_today":0,"sales_last_days":0,"reserved_stock":0,"customer_returns":0,"warehouse_damage":0,"lost_in_post":0,"other_logs":0,"out_stock_days":null,"lost_sales":0,"has_location":false,"update_date":"2026-02-06T13:40:40","atum_locations":[],"atum_stock_status":"instock","restock_status":false,"low_stock_amount":"","sales_update_date":"2025-12-03T15:32:58","calc_backorders":null,"yoast_head":"<!-- This site is optimized with the Yoast SEO Premium plugin v27.4 (Yoast SEO v27.4) - https:\/\/yoast.com\/product\/yoast-seo-premium-wordpress\/ -->\n<title>CORNUS kousa &#039;Samaritan&#039; (Samzam) - cornejo japon\u00e9s<\/title>\n<meta name=\"description\" content=\"Este cornejo japon\u00e9s no solo tiene follaje abigarrado (verde con bordes blancos). Las flores de CORNUS kousa &#039;Samaritan&#039; son verdes con bordes blancos.\" \/>\n<meta name=\"robots\" content=\"index, follow, max-snippet:-1, max-image-preview:large, max-video-preview:-1\" \/>\n<link rel=\"canonical\" href=\"https:\/\/www.vallonchene.fr\/es\/producto\/cornus-kousa-samaritan-samzam\/\" \/>\n<meta property=\"og:locale\" content=\"es_ES\" \/>\n<meta property=\"og:type\" content=\"article\" \/>\n<meta property=\"og:title\" content=\"CORNUS kousa &#039;Samaritan&#039; (Samzam)\" \/>\n<meta property=\"og:description\" content=\"Este cornejo japon\u00e9s no solo tiene follaje abigarrado (verde con bordes blancos). Las flores de CORNUS kousa &#039;Samaritan&#039; son verdes con bordes blancos.\" \/>\n<meta property=\"og:url\" content=\"https:\/\/www.vallonchene.fr\/es\/producto\/cornus-kousa-samaritan-samzam\/\" \/>\n<meta property=\"og:site_name\" content=\"Vallonch\u00eane\" \/>\n<meta property=\"article:publisher\" content=\"https:\/\/www.facebook.com\/vallonchene.fr\" \/>\n<meta property=\"og:image\" content=\"https:\/\/www.vallonchene.fr\/wp-content\/uploads\/2023\/09\/CORNUS-kousa-Samzam-Samaritan.webp\" \/>\n\t<meta property=\"og:image:width\" content=\"1200\" \/>\n\t<meta property=\"og:image:height\" content=\"1200\" \/>\n\t<meta property=\"og:image:type\" content=\"image\/webp\" \/>\n<meta name=\"twitter:card\" content=\"summary_large_image\" \/>\n<meta name=\"twitter:label1\" content=\"Disponibilidad\" \/>\n\t<meta name=\"twitter:data1\" content=\"En stock\" \/>\n<script type=\"application\/ld+json\" class=\"yoast-schema-graph\">{\"@context\":\"https:\\\/\\\/schema.org\",\"@graph\":[{\"@type\":\"WebPage\",\"@id\":\"https:\\\/\\\/www.vallonchene.fr\\\/es\\\/producto\\\/cornus-kousa-samaritan-samzam\\\/\",\"url\":\"https:\\\/\\\/www.vallonchene.fr\\\/es\\\/producto\\\/cornus-kousa-samaritan-samzam\\\/\",\"name\":\"CORNUS kousa 'Samaritan' (Samzam) - cornejo japon\u00e9s\",\"isPartOf\":{\"@id\":\"https:\\\/\\\/www.vallonchene.fr\\\/es\\\/#website\"},\"primaryImageOfPage\":{\"@id\":\"https:\\\/\\\/www.vallonchene.fr\\\/es\\\/producto\\\/cornus-kousa-samaritan-samzam\\\/#primaryimage\"},\"image\":{\"@id\":\"https:\\\/\\\/www.vallonchene.fr\\\/es\\\/producto\\\/cornus-kousa-samaritan-samzam\\\/#primaryimage\"},\"thumbnailUrl\":\"https:\\\/\\\/www.vallonchene.fr\\\/wp-content\\\/uploads\\\/2023\\\/09\\\/CORNUS-kousa-Samzam-Samaritan.webp\",\"datePublished\":\"2023-09-23T15:22:49+00:00\",\"description\":\"Este cornejo japon\u00e9s no solo tiene follaje abigarrado (verde con bordes blancos). Las flores de CORNUS kousa 'Samaritan' son verdes con bordes blancos.\",\"breadcrumb\":{\"@id\":\"https:\\\/\\\/www.vallonchene.fr\\\/es\\\/producto\\\/cornus-kousa-samaritan-samzam\\\/#breadcrumb\"},\"inLanguage\":\"es\",\"potentialAction\":[{\"@type\":\"ReadAction\",\"target\":[\"https:\\\/\\\/www.vallonchene.fr\\\/es\\\/producto\\\/cornus-kousa-samaritan-samzam\\\/\"]}]},{\"@type\":\"ImageObject\",\"inLanguage\":\"es\",\"@id\":\"https:\\\/\\\/www.vallonchene.fr\\\/es\\\/producto\\\/cornus-kousa-samaritan-samzam\\\/#primaryimage\",\"url\":\"https:\\\/\\\/www.vallonchene.fr\\\/wp-content\\\/uploads\\\/2023\\\/09\\\/CORNUS-kousa-Samzam-Samaritan.webp\",\"contentUrl\":\"https:\\\/\\\/www.vallonchene.fr\\\/wp-content\\\/uploads\\\/2023\\\/09\\\/CORNUS-kousa-Samzam-Samaritan.webp\",\"width\":1200,\"height\":1200,\"caption\":\"Follaje verde abigarrado con bordes blancos de CORNUS kousa 'Samaritan' (Samzam)\"},{\"@type\":\"BreadcrumbList\",\"@id\":\"https:\\\/\\\/www.vallonchene.fr\\\/es\\\/producto\\\/cornus-kousa-samaritan-samzam\\\/#breadcrumb\",\"itemListElement\":[{\"@type\":\"ListItem\",\"position\":1,\"name\":\"Home\",\"item\":\"https:\\\/\\\/www.vallonchene.fr\\\/es\\\/\"},{\"@type\":\"ListItem\",\"position\":2,\"name\":\"Tienda\",\"item\":\"https:\\\/\\\/www.vallonchene.fr\\\/tienda\\\/\"},{\"@type\":\"ListItem\",\"position\":3,\"name\":\"CORNUS kousa &#8216;Samaritan&#8217; (Samzam)\"}]},{\"@type\":\"WebSite\",\"@id\":\"https:\\\/\\\/www.vallonchene.fr\\\/es\\\/#website\",\"url\":\"https:\\\/\\\/www.vallonchene.fr\\\/es\\\/\",\"name\":\"Vallonch\u00eane\",\"description\":\"El vivero donde la calidad tiene sus ra\u00edces \u2013 Tel.: +33 (0)2.35.90.02.02\",\"publisher\":{\"@id\":\"https:\\\/\\\/www.vallonchene.fr\\\/es\\\/#organization\"},\"potentialAction\":[{\"@type\":\"SearchAction\",\"target\":{\"@type\":\"EntryPoint\",\"urlTemplate\":\"https:\\\/\\\/www.vallonchene.fr\\\/es\\\/?s={search_term_string}\"},\"query-input\":{\"@type\":\"PropertyValueSpecification\",\"valueRequired\":true,\"valueName\":\"search_term_string\"}}],\"inLanguage\":\"es\"},{\"@type\":\"Organization\",\"@id\":\"https:\\\/\\\/www.vallonchene.fr\\\/es\\\/#organization\",\"name\":\"VALLONCHENE\",\"url\":\"https:\\\/\\\/www.vallonchene.fr\\\/es\\\/\",\"logo\":{\"@type\":\"ImageObject\",\"inLanguage\":\"es\",\"@id\":\"https:\\\/\\\/www.vallonchene.fr\\\/es\\\/#\\\/schema\\\/logo\\\/image\\\/\",\"url\":\"https:\\\/\\\/www.vallonchene.fr\\\/wp-content\\\/uploads\\\/2023\\\/03\\\/Logo-Vallonchene-site-et-R_hauteur_100.png\",\"contentUrl\":\"https:\\\/\\\/www.vallonchene.fr\\\/wp-content\\\/uploads\\\/2023\\\/03\\\/Logo-Vallonchene-site-et-R_hauteur_100.png\",\"width\":221,\"height\":100,\"caption\":\"VALLONCHENE\"},\"image\":{\"@id\":\"https:\\\/\\\/www.vallonchene.fr\\\/es\\\/#\\\/schema\\\/logo\\\/image\\\/\"},\"sameAs\":[\"https:\\\/\\\/www.facebook.com\\\/vallonchene.fr\",\"https:\\\/\\\/www.instagram.com\\\/vallonchene\\\/\",\"https:\\\/\\\/www.pinterest.fr\\\/vallonchene\\\/\"],\"taxID\":\"49454502300017\",\"hasMerchantReturnPolicy\":{\"@type\":\"MerchantReturnPolicy\",\"merchantReturnLink\":\"https:\\\/\\\/www.vallonchene.fr\\\/remboursements_retours\\\/\"}}]}<\/script>\n<meta property=\"og:availability\" content=\"instock\" \/>\n<meta property=\"product:availability\" content=\"instock\" \/>\n<meta property=\"product:retailer_item_id\" content=\"13379\" \/>\n<meta property=\"product:condition\" content=\"new\" \/>\n<!-- \/ Yoast SEO Premium plugin. -->","yoast_head_json":{"title":"CORNUS kousa 'Samaritan' (Samzam) - cornejo japon\u00e9s","description":"Este cornejo japon\u00e9s no solo tiene follaje abigarrado (verde con bordes blancos). Las flores de CORNUS kousa 'Samaritan' son verdes con bordes blancos.","robots":{"index":"index","follow":"follow","max-snippet":"max-snippet:-1","max-image-preview":"max-image-preview:large","max-video-preview":"max-video-preview:-1"},"canonical":"https:\/\/www.vallonchene.fr\/es\/producto\/cornus-kousa-samaritan-samzam\/","og_locale":"es_ES","og_type":"article","og_title":"CORNUS kousa 'Samaritan' (Samzam)","og_description":"Este cornejo japon\u00e9s no solo tiene follaje abigarrado (verde con bordes blancos). Las flores de CORNUS kousa 'Samaritan' son verdes con bordes blancos.","og_url":"https:\/\/www.vallonchene.fr\/es\/producto\/cornus-kousa-samaritan-samzam\/","og_site_name":"Vallonch\u00eane","article_publisher":"https:\/\/www.facebook.com\/vallonchene.fr","og_image":[{"width":1200,"height":1200,"url":"https:\/\/www.vallonchene.fr\/wp-content\/uploads\/2023\/09\/CORNUS-kousa-Samzam-Samaritan.webp","type":"image\/webp"}],"twitter_card":"summary_large_image","twitter_misc":{"Disponibilidad":"En stock"},"schema":{"@context":"https:\/\/schema.org","@graph":[{"@type":"WebPage","@id":"https:\/\/www.vallonchene.fr\/es\/producto\/cornus-kousa-samaritan-samzam\/","url":"https:\/\/www.vallonchene.fr\/es\/producto\/cornus-kousa-samaritan-samzam\/","name":"CORNUS kousa 'Samaritan' (Samzam) - cornejo japon\u00e9s","isPartOf":{"@id":"https:\/\/www.vallonchene.fr\/es\/#website"},"primaryImageOfPage":{"@id":"https:\/\/www.vallonchene.fr\/es\/producto\/cornus-kousa-samaritan-samzam\/#primaryimage"},"image":{"@id":"https:\/\/www.vallonchene.fr\/es\/producto\/cornus-kousa-samaritan-samzam\/#primaryimage"},"thumbnailUrl":"https:\/\/www.vallonchene.fr\/wp-content\/uploads\/2023\/09\/CORNUS-kousa-Samzam-Samaritan.webp","datePublished":"2023-09-23T15:22:49+00:00","description":"Este cornejo japon\u00e9s no solo tiene follaje abigarrado (verde con bordes blancos). Las flores de CORNUS kousa 'Samaritan' son verdes con bordes blancos.","breadcrumb":{"@id":"https:\/\/www.vallonchene.fr\/es\/producto\/cornus-kousa-samaritan-samzam\/#breadcrumb"},"inLanguage":"es","potentialAction":[{"@type":"ReadAction","target":["https:\/\/www.vallonchene.fr\/es\/producto\/cornus-kousa-samaritan-samzam\/"]}]},{"@type":"ImageObject","inLanguage":"es","@id":"https:\/\/www.vallonchene.fr\/es\/producto\/cornus-kousa-samaritan-samzam\/#primaryimage","url":"https:\/\/www.vallonchene.fr\/wp-content\/uploads\/2023\/09\/CORNUS-kousa-Samzam-Samaritan.webp","contentUrl":"https:\/\/www.vallonchene.fr\/wp-content\/uploads\/2023\/09\/CORNUS-kousa-Samzam-Samaritan.webp","width":1200,"height":1200,"caption":"Follaje verde abigarrado con bordes blancos de CORNUS kousa 'Samaritan' (Samzam)"},{"@type":"BreadcrumbList","@id":"https:\/\/www.vallonchene.fr\/es\/producto\/cornus-kousa-samaritan-samzam\/#breadcrumb","itemListElement":[{"@type":"ListItem","position":1,"name":"Home","item":"https:\/\/www.vallonchene.fr\/es\/"},{"@type":"ListItem","position":2,"name":"Tienda","item":"https:\/\/www.vallonchene.fr\/tienda\/"},{"@type":"ListItem","position":3,"name":"CORNUS kousa &#8216;Samaritan&#8217; (Samzam)"}]},{"@type":"WebSite","@id":"https:\/\/www.vallonchene.fr\/es\/#website","url":"https:\/\/www.vallonchene.fr\/es\/","name":"Vallonch\u00eane","description":"El vivero donde la calidad tiene sus ra\u00edces \u2013 Tel.: +33 (0)2.35.90.02.02","publisher":{"@id":"https:\/\/www.vallonchene.fr\/es\/#organization"},"potentialAction":[{"@type":"SearchAction","target":{"@type":"EntryPoint","urlTemplate":"https:\/\/www.vallonchene.fr\/es\/?s={search_term_string}"},"query-input":{"@type":"PropertyValueSpecification","valueRequired":true,"valueName":"search_term_string"}}],"inLanguage":"es"},{"@type":"Organization","@id":"https:\/\/www.vallonchene.fr\/es\/#organization","name":"VALLONCHENE","url":"https:\/\/www.vallonchene.fr\/es\/","logo":{"@type":"ImageObject","inLanguage":"es","@id":"https:\/\/www.vallonchene.fr\/es\/#\/schema\/logo\/image\/","url":"https:\/\/www.vallonchene.fr\/wp-content\/uploads\/2023\/03\/Logo-Vallonchene-site-et-R_hauteur_100.png","contentUrl":"https:\/\/www.vallonchene.fr\/wp-content\/uploads\/2023\/03\/Logo-Vallonchene-site-et-R_hauteur_100.png","width":221,"height":100,"caption":"VALLONCHENE"},"image":{"@id":"https:\/\/www.vallonchene.fr\/es\/#\/schema\/logo\/image\/"},"sameAs":["https:\/\/www.facebook.com\/vallonchene.fr","https:\/\/www.instagram.com\/vallonchene\/","https:\/\/www.pinterest.fr\/vallonchene\/"],"taxID":"49454502300017","hasMerchantReturnPolicy":{"@type":"MerchantReturnPolicy","merchantReturnLink":"https:\/\/www.vallonchene.fr\/remboursements_retours\/"}}]},"og_availability":"instock","product_availability":"instock","product_retailer_item_id":"13379","product_condition":"new"},"_links":{"self":[{"href":"https:\/\/www.vallonchene.fr\/es\/wp-json\/wp\/v2\/product\/51569","targetHints":{"allow":["GET"]}}],"collection":[{"href":"https:\/\/www.vallonchene.fr\/es\/wp-json\/wp\/v2\/product"}],"about":[{"href":"https:\/\/www.vallonchene.fr\/es\/wp-json\/wp\/v2\/types\/product"}],"replies":[{"embeddable":true,"href":"https:\/\/www.vallonchene.fr\/es\/wp-json\/wp\/v2\/comments?post=51569"}],"wp:featuredmedia":[{"embeddable":true,"href":"https:\/\/www.vallonchene.fr\/es\/wp-json\/wp\/v2\/media\/51568"}],"wp:attachment":[{"href":"https:\/\/www.vallonchene.fr\/es\/wp-json\/wp\/v2\/media?parent=51569"}],"wp:term":[{"taxonomy":"product_brand","embeddable":true,"href":"https:\/\/www.vallonchene.fr\/es\/wp-json\/wp\/v2\/product_brand?post=51569"},{"taxonomy":"product_cat","embeddable":true,"href":"https:\/\/www.vallonchene.fr\/es\/wp-json\/wp\/v2\/product_cat?post=51569"},{"taxonomy":"product_tag","embeddable":true,"href":"https:\/\/www.vallonchene.fr\/es\/wp-json\/wp\/v2\/product_tag?post=51569"}],"curies":[{"name":"wp","href":"https:\/\/api.w.org\/{rel}","templated":true}]}}