{"id":51553,"date":"2023-11-01T14:35:13","date_gmt":"2023-11-01T13:35:13","guid":{"rendered":"https:\/\/www.vallonchene.fr\/produit\/stewartia-malacodendron-camelia-sedosa-stewartia-sedosa\/"},"modified":"2025-10-31T14:44:39","modified_gmt":"2025-10-31T13:44:39","slug":"stewartia-malacodendron-camelia-sedosa-stewartia-sedosa","status":"publish","type":"product","link":"https:\/\/www.vallonchene.fr\/es\/producto\/stewartia-malacodendron-camelia-sedosa-stewartia-sedosa\/","title":{"rendered":"STEWARTIA malacodendron"},"content":{"rendered":"<h2>La Planta<\/h2>\n<p>En primer lugar, el <strong>STEWARTIA malacodendron<\/strong> se distingue por sus cualidades excepcionales. De hecho, esta planta extremadamente rara produce <strong>flores de un blanco radiante<\/strong>, s\u00edmbolo de pureza y elegancia. <\/p>\n<p>Pero eso no es todo: la planta tambi\u00e9n se distingue por su <strong>corteza decorativa<\/strong>, una verdadera obra de arte natural que aporta car\u00e1cter incluso en invierno.<\/p>\n<p>Adem\u00e1s, <strong>su follaje se transforma en oto\u00f1o en un abanico de colores c\u00e1lidos y vibrantes<\/strong>, aportando un toque espectacular y cambiante a su jard\u00edn seg\u00fan las estaciones. Adem\u00e1s, su delicado follaje y su silueta armoniosa reflejan su car\u00e1cter refinado. As\u00ed, el STEWARTIA malacodendron a\u00f1ade un toque de sofisticaci\u00f3n y belleza atemporal.   <\/p>\n<p>La <strong>camelia sedosa<\/strong> (<strong>STEWARTIA sedosa<\/strong>) es oficialmente capaz de soportar temperaturas de hasta -12\u00b0C. Sin embargo, varios arboretos europeos han observado que puede resistir condiciones mucho m\u00e1s extremas, como fue el caso durante el invierno de 1985. <\/p>\n<p>Adem\u00e1s, esta planta, un verdadero tesoro de la naturaleza, encarna la elegancia vegetal y invita a cada uno a reconectarse con la naturaleza en todo su esplendor.<\/p>\n<h2>\u00bfC\u00f3mo plantar y cuidar el STEWARTIA malacodendron?<\/h2>\n<h3>La Plantaci\u00f3n<\/h3>\n<p>Para disfrutar plenamente del esplendor del STEWARTIA malacodendron, la elecci\u00f3n del lugar resulta fundamental.<\/p>\n<ol>\n<li>Para lograr un desarrollo pleno, la elecci\u00f3n del lugar es primordial. Primero, debe optar por un sitio que reciba una \u00f3ptima luz solar, con una exposici\u00f3n de pleno sol a media sombra. Sin embargo, prefiere la media sombra.  <\/li>\n<li>Debe proteger la planta de los vientos fuertes y favorecer la luminosidad necesaria para intensificar la coloraci\u00f3n oto\u00f1al de su follaje.<\/li>\n<li>Adem\u00e1s, el suelo debe estar bien drenado y enriquecido con nutrientes para permitir que su sistema radicular desarrolle toda su vitalidad.<\/li>\n<li>Para una buena preparaci\u00f3n del hoyo de plantaci\u00f3n, hemos dise\u00f1ado <a href=\"https:\/\/www.vallonchene.fr\/comment-planter-et-entretenir-des-vegetaux\/comment-planter-et-entretenir-arbres-arbustes-et-coniferes\/\" target=\"_blank\" rel=\"noreferrer noopener\"><strong>instrucciones espec\u00edficas disponibles aqu\u00ed<\/strong><\/a>.<\/li>\n<\/ol>\n<h3>El cuidado <br \/><\/h3>\n<ol>\n<li>Esta planta no requiere un mantenimiento particular, salvo un seguimiento del riego, especialmente durante los per\u00edodos secos en los dos primeros a\u00f1os.<\/li>\n<li>Eventualmente, puede podar esta peque\u00f1a maravilla en el mes de febrero, antes del nuevo brote.<\/li>\n<li>Evite la trasplantaci\u00f3n de un lugar a otro, ya que la planta no lo tolera muy bien.<\/li>\n<li>Le invitamos a consultar tambi\u00e9n <a href=\"https:\/\/www.vallonchene.fr\/comment-bien-arroser-le-jardin-et-economiser-leau\/\"><strong>nuestros consejos sobre c\u00f3mo regar correctamente y ahorrar agua aqu\u00ed<\/strong><\/a>.<\/li>\n<\/ol>\n<h2>Historia y Origen STEWARTIA malacodendron<\/h2>\n<p>Originario de Texas, el <strong>STEWARTIA malacodendron<\/strong> es raro en esa regi\u00f3n. Generalmente, se encuentra cerca de Burkeville, a lo largo de los r\u00edos y barrancos, en suelos bien drenados. <\/p>\n<p>Adem\u00e1s, las poblaciones se desarrollan en varios estados estadounidenses, especialmente en Arkansas, Georgia, Florida, Luisiana, as\u00ed como desde el sur de Alabama hasta el norte de Virginia.<\/p>\n<p>Es importante destacar que esta planta est\u00e1 clasificada como \u00aben peligro\u00bb en los estados de Arkansas y Florida.<\/p>\n<p>Adem\u00e1s, la camelia sedosa ha sido cultivada por los estadounidenses desde 1752.<\/p>\n<p>Finalmente, la Royal Horticultural Society (RHS) le ha reconocido con un m\u00e9rito, destacando as\u00ed su valor excepcional.<\/p>\n<p>&nbsp;<\/p>\n<div><\/div>\n","protected":false},"excerpt":{"rendered":"<p>La <strong>STEWARTIA malacodendron<\/strong>, tambi\u00e9n llamada <strong>camelia sedosa<\/strong> o <strong>stewartia sedosa<\/strong>, florece de color blanco. Su corteza es muy decorativa. En oto\u00f1o, su follaje adquiere hermosos colores rojos. Es una planta extremadamente rara.   <\/p>\n","protected":false},"featured_media":52653,"comment_status":"open","ping_status":"closed","template":"","meta":[],"product_brand":[],"product_cat":[11499,11821],"product_tag":[],"class_list":{"0":"post-51553","1":"product","2":"type-product","3":"status-publish","4":"has-post-thumbnail","6":"product_cat-arbustos-y-arboles","7":"product_cat-plantas-raras-plantas-de-coleccion","8":"pa_couleurautomnaledufeuillage-rojo","9":"pa_couleurdelecorce-cobriza","10":"pa_couleurdesfleurs-blanca","11":"pa_couleurnormaledufeuillage-verde","12":"pa_exigencesenhumidite-promedio","13":"pa_expositionspossibles-pleno-sol-de-12-a-17-min","14":"pa_expositionspossibles-sombra-parcial-evitar-el-sol-de-12-a-17-horas","15":"pa_hauteurlivree-100-a-125-cm","16":"pa_hauteurlivree-50-a-60-cm-es","17":"pa_hauteurlivree-80-a-100-cm-es","18":"pa_interetauprintemps-corteza","19":"pa_interetauprintemps-flores","20":"pa_interetauprintemps-follaje","21":"pa_interetenautomne-corteza","22":"pa_interetenautomne-follaje","23":"pa_interetenete-corteza","24":"pa_interetenete-follaje","25":"pa_interetenhiver-corteza","26":"pa_naturedufeuillage-caduco","27":"pa_naturesdesolpossibles-ligero","28":"pa_naturesdesolpossibles-normal-es","29":"pa_particularites-corteza-notable","30":"pa_periodedefloraison-primavera","31":"pa_periodedetaille-febrero","32":"pa_phdusolacceptable-acido-menos-de-6_5","33":"pa_phdusolacceptable-neutro-entre-6_5-y-7_5","34":"pa_portgraphisme-erigido","35":"pa_presentationdelecorce-liso","36":"pa_resistanceaufroidrusticite-resistente-hasta-menos-10-c","37":"pa_tailledepot-maceta-de-1_5-litros","38":"pa_tailledepot-maceta-de-5-litros","39":"pa_tailledepot-maceta-de-7_5-litros","40":"pa_utilisationpossible-aislado","41":"pa_utilisationpossible-arriate","43":"first","44":"outofstock","45":"taxable","46":"shipping-taxable","47":"purchasable","48":"product-type-variable"},"supplier_id":null,"supplier_sku":"","barcode":null,"atum_controlled":true,"out_stock_date":null,"out_stock_threshold":null,"inheritable":true,"inbound_stock":0,"stock_on_hold":0,"sold_today":0,"sales_last_days":0,"reserved_stock":0,"customer_returns":0,"warehouse_damage":0,"lost_in_post":0,"other_logs":0,"out_stock_days":null,"lost_sales":0,"has_location":false,"update_date":"2026-02-18T15:50:18","atum_locations":[],"atum_stock_status":"instock","restock_status":false,"low_stock_amount":"","sales_update_date":"2026-02-18T15:50:18","calc_backorders":null,"yoast_head":"<!-- This site is optimized with the Yoast SEO Premium plugin v27.5 (Yoast SEO v27.5) - https:\/\/yoast.com\/product\/yoast-seo-premium-wordpress\/ -->\n<title>STEWARTIA malacodendron - camelia sedosa, stewartia sedosa<\/title>\n<meta name=\"description\" content=\"El STEWARTIA malacodendron (camelia sedosa o stewartia sedosa) florece con flores blancas. Su corteza es muy decorativa. Su follaje se ti\u00f1e de colores en oto\u00f1o.\" \/>\n<meta name=\"robots\" content=\"index, follow, max-snippet:-1, max-image-preview:large, max-video-preview:-1\" \/>\n<link rel=\"canonical\" href=\"https:\/\/www.vallonchene.fr\/es\/producto\/stewartia-malacodendron-camelia-sedosa-stewartia-sedosa\/\" \/>\n<meta property=\"og:locale\" content=\"es_ES\" \/>\n<meta property=\"og:type\" content=\"article\" \/>\n<meta property=\"og:title\" content=\"STEWARTIA malacodendron\" \/>\n<meta property=\"og:description\" content=\"El STEWARTIA malacodendron (camelia sedosa o stewartia sedosa) florece con flores blancas. Su corteza es muy decorativa. Su follaje se ti\u00f1e de colores en oto\u00f1o.\" \/>\n<meta property=\"og:url\" content=\"https:\/\/www.vallonchene.fr\/es\/producto\/stewartia-malacodendron-camelia-sedosa-stewartia-sedosa\/\" \/>\n<meta property=\"og:site_name\" content=\"Vallonch\u00eane\" \/>\n<meta property=\"article:publisher\" content=\"https:\/\/www.facebook.com\/vallonchene.fr\" \/>\n<meta property=\"article:modified_time\" content=\"2025-10-31T13:44:39+00:00\" \/>\n<meta property=\"og:image\" content=\"https:\/\/www.vallonchene.fr\/wp-content\/uploads\/2025\/03\/Stewartia_malacodendron.jpg\" \/>\n\t<meta property=\"og:image:width\" content=\"1183\" \/>\n\t<meta property=\"og:image:height\" content=\"1000\" \/>\n\t<meta property=\"og:image:type\" content=\"image\/jpeg\" \/>\n<meta name=\"twitter:card\" content=\"summary_large_image\" \/>\n<meta name=\"twitter:label1\" content=\"Disponibilidad\" \/>\n\t<meta name=\"twitter:data1\" content=\"Agotado\" \/>\n<script type=\"application\/ld+json\" class=\"yoast-schema-graph\">{\"@context\":\"https:\\\/\\\/schema.org\",\"@graph\":[{\"@type\":\"WebPage\",\"@id\":\"https:\\\/\\\/www.vallonchene.fr\\\/es\\\/producto\\\/stewartia-malacodendron-camelia-sedosa-stewartia-sedosa\\\/\",\"url\":\"https:\\\/\\\/www.vallonchene.fr\\\/es\\\/producto\\\/stewartia-malacodendron-camelia-sedosa-stewartia-sedosa\\\/\",\"name\":\"STEWARTIA malacodendron - camelia sedosa, stewartia sedosa\",\"isPartOf\":{\"@id\":\"https:\\\/\\\/www.vallonchene.fr\\\/es\\\/#website\"},\"primaryImageOfPage\":{\"@id\":\"https:\\\/\\\/www.vallonchene.fr\\\/es\\\/producto\\\/stewartia-malacodendron-camelia-sedosa-stewartia-sedosa\\\/#primaryimage\"},\"image\":{\"@id\":\"https:\\\/\\\/www.vallonchene.fr\\\/es\\\/producto\\\/stewartia-malacodendron-camelia-sedosa-stewartia-sedosa\\\/#primaryimage\"},\"thumbnailUrl\":\"https:\\\/\\\/www.vallonchene.fr\\\/wp-content\\\/uploads\\\/2025\\\/03\\\/Stewartia_malacodendron.jpg\",\"datePublished\":\"2023-11-01T13:35:13+00:00\",\"dateModified\":\"2025-10-31T13:44:39+00:00\",\"description\":\"El STEWARTIA malacodendron (camelia sedosa o stewartia sedosa) florece con flores blancas. Su corteza es muy decorativa. Su follaje se ti\u00f1e de colores en oto\u00f1o.\",\"breadcrumb\":{\"@id\":\"https:\\\/\\\/www.vallonchene.fr\\\/es\\\/producto\\\/stewartia-malacodendron-camelia-sedosa-stewartia-sedosa\\\/#breadcrumb\"},\"inLanguage\":\"es\",\"potentialAction\":[{\"@type\":\"ReadAction\",\"target\":[\"https:\\\/\\\/www.vallonchene.fr\\\/es\\\/producto\\\/stewartia-malacodendron-camelia-sedosa-stewartia-sedosa\\\/\"]}]},{\"@type\":\"ImageObject\",\"inLanguage\":\"es\",\"@id\":\"https:\\\/\\\/www.vallonchene.fr\\\/es\\\/producto\\\/stewartia-malacodendron-camelia-sedosa-stewartia-sedosa\\\/#primaryimage\",\"url\":\"https:\\\/\\\/www.vallonchene.fr\\\/wp-content\\\/uploads\\\/2025\\\/03\\\/Stewartia_malacodendron.jpg\",\"contentUrl\":\"https:\\\/\\\/www.vallonchene.fr\\\/wp-content\\\/uploads\\\/2025\\\/03\\\/Stewartia_malacodendron.jpg\",\"width\":1183,\"height\":1000,\"caption\":\"Flores blancas de STEWARTIA malacodendron, por Melburnian, bajo licencia CC Atribuci\u00f3n Compartir Igual 3.0 Internacional\"},{\"@type\":\"BreadcrumbList\",\"@id\":\"https:\\\/\\\/www.vallonchene.fr\\\/es\\\/producto\\\/stewartia-malacodendron-camelia-sedosa-stewartia-sedosa\\\/#breadcrumb\",\"itemListElement\":[{\"@type\":\"ListItem\",\"position\":1,\"name\":\"Home\",\"item\":\"https:\\\/\\\/www.vallonchene.fr\\\/es\\\/\"},{\"@type\":\"ListItem\",\"position\":2,\"name\":\"Tienda\",\"item\":\"https:\\\/\\\/www.vallonchene.fr\\\/tienda\\\/\"},{\"@type\":\"ListItem\",\"position\":3,\"name\":\"Venta en linea\",\"item\":\"https:\\\/\\\/www.vallonchene.fr\\\/es\\\/categoria-producto\\\/venta-en-linea\\\/\"},{\"@type\":\"ListItem\",\"position\":4,\"name\":\"Vivero\",\"item\":\"https:\\\/\\\/www.vallonchene.fr\\\/es\\\/categoria-producto\\\/venta-en-linea\\\/vivero\\\/\"},{\"@type\":\"ListItem\",\"position\":5,\"name\":\"Plantas raras (plantas de colecci\u00f3n)\",\"item\":\"https:\\\/\\\/www.vallonchene.fr\\\/es\\\/categoria-producto\\\/venta-en-linea\\\/vivero\\\/plantas-raras-plantas-de-coleccion\\\/\"},{\"@type\":\"ListItem\",\"position\":6,\"name\":\"STEWARTIA malacodendron\"}]},{\"@type\":\"WebSite\",\"@id\":\"https:\\\/\\\/www.vallonchene.fr\\\/es\\\/#website\",\"url\":\"https:\\\/\\\/www.vallonchene.fr\\\/es\\\/\",\"name\":\"Vallonch\u00eane\",\"description\":\"El vivero donde la calidad tiene sus ra\u00edces \u2013 Tel.: +33 (0)2.35.90.02.02\",\"publisher\":{\"@id\":\"https:\\\/\\\/www.vallonchene.fr\\\/es\\\/#organization\"},\"potentialAction\":[{\"@type\":\"SearchAction\",\"target\":{\"@type\":\"EntryPoint\",\"urlTemplate\":\"https:\\\/\\\/www.vallonchene.fr\\\/es\\\/?s={search_term_string}\"},\"query-input\":{\"@type\":\"PropertyValueSpecification\",\"valueRequired\":true,\"valueName\":\"search_term_string\"}}],\"inLanguage\":\"es\"},{\"@type\":\"Organization\",\"@id\":\"https:\\\/\\\/www.vallonchene.fr\\\/es\\\/#organization\",\"name\":\"VALLONCHENE\",\"url\":\"https:\\\/\\\/www.vallonchene.fr\\\/es\\\/\",\"logo\":{\"@type\":\"ImageObject\",\"inLanguage\":\"es\",\"@id\":\"https:\\\/\\\/www.vallonchene.fr\\\/es\\\/#\\\/schema\\\/logo\\\/image\\\/\",\"url\":\"https:\\\/\\\/www.vallonchene.fr\\\/wp-content\\\/uploads\\\/2023\\\/03\\\/Logo-Vallonchene-site-et-R_hauteur_100.png\",\"contentUrl\":\"https:\\\/\\\/www.vallonchene.fr\\\/wp-content\\\/uploads\\\/2023\\\/03\\\/Logo-Vallonchene-site-et-R_hauteur_100.png\",\"width\":221,\"height\":100,\"caption\":\"VALLONCHENE\"},\"image\":{\"@id\":\"https:\\\/\\\/www.vallonchene.fr\\\/es\\\/#\\\/schema\\\/logo\\\/image\\\/\"},\"sameAs\":[\"https:\\\/\\\/www.facebook.com\\\/vallonchene.fr\",\"https:\\\/\\\/www.instagram.com\\\/vallonchene\\\/\",\"https:\\\/\\\/www.pinterest.fr\\\/vallonchene\\\/\"],\"taxID\":\"49454502300017\",\"hasMerchantReturnPolicy\":{\"@type\":\"MerchantReturnPolicy\",\"merchantReturnLink\":\"https:\\\/\\\/www.vallonchene.fr\\\/remboursements_retours\\\/\"}}]}<\/script>\n<meta property=\"og:availability\" content=\"out of stock\" \/>\n<meta property=\"product:availability\" content=\"out of stock\" \/>\n<meta property=\"product:retailer_item_id\" content=\"58496\" \/>\n<meta property=\"product:condition\" content=\"new\" \/>\n<!-- \/ Yoast SEO Premium plugin. -->","yoast_head_json":{"title":"STEWARTIA malacodendron - camelia sedosa, stewartia sedosa","description":"El STEWARTIA malacodendron (camelia sedosa o stewartia sedosa) florece con flores blancas. Su corteza es muy decorativa. Su follaje se ti\u00f1e de colores en oto\u00f1o.","robots":{"index":"index","follow":"follow","max-snippet":"max-snippet:-1","max-image-preview":"max-image-preview:large","max-video-preview":"max-video-preview:-1"},"canonical":"https:\/\/www.vallonchene.fr\/es\/producto\/stewartia-malacodendron-camelia-sedosa-stewartia-sedosa\/","og_locale":"es_ES","og_type":"article","og_title":"STEWARTIA malacodendron","og_description":"El STEWARTIA malacodendron (camelia sedosa o stewartia sedosa) florece con flores blancas. Su corteza es muy decorativa. Su follaje se ti\u00f1e de colores en oto\u00f1o.","og_url":"https:\/\/www.vallonchene.fr\/es\/producto\/stewartia-malacodendron-camelia-sedosa-stewartia-sedosa\/","og_site_name":"Vallonch\u00eane","article_publisher":"https:\/\/www.facebook.com\/vallonchene.fr","article_modified_time":"2025-10-31T13:44:39+00:00","og_image":[{"width":1183,"height":1000,"url":"https:\/\/www.vallonchene.fr\/wp-content\/uploads\/2025\/03\/Stewartia_malacodendron.jpg","type":"image\/jpeg"}],"twitter_card":"summary_large_image","twitter_misc":{"Disponibilidad":"Agotado"},"schema":{"@context":"https:\/\/schema.org","@graph":[{"@type":"WebPage","@id":"https:\/\/www.vallonchene.fr\/es\/producto\/stewartia-malacodendron-camelia-sedosa-stewartia-sedosa\/","url":"https:\/\/www.vallonchene.fr\/es\/producto\/stewartia-malacodendron-camelia-sedosa-stewartia-sedosa\/","name":"STEWARTIA malacodendron - camelia sedosa, stewartia sedosa","isPartOf":{"@id":"https:\/\/www.vallonchene.fr\/es\/#website"},"primaryImageOfPage":{"@id":"https:\/\/www.vallonchene.fr\/es\/producto\/stewartia-malacodendron-camelia-sedosa-stewartia-sedosa\/#primaryimage"},"image":{"@id":"https:\/\/www.vallonchene.fr\/es\/producto\/stewartia-malacodendron-camelia-sedosa-stewartia-sedosa\/#primaryimage"},"thumbnailUrl":"https:\/\/www.vallonchene.fr\/wp-content\/uploads\/2025\/03\/Stewartia_malacodendron.jpg","datePublished":"2023-11-01T13:35:13+00:00","dateModified":"2025-10-31T13:44:39+00:00","description":"El STEWARTIA malacodendron (camelia sedosa o stewartia sedosa) florece con flores blancas. Su corteza es muy decorativa. Su follaje se ti\u00f1e de colores en oto\u00f1o.","breadcrumb":{"@id":"https:\/\/www.vallonchene.fr\/es\/producto\/stewartia-malacodendron-camelia-sedosa-stewartia-sedosa\/#breadcrumb"},"inLanguage":"es","potentialAction":[{"@type":"ReadAction","target":["https:\/\/www.vallonchene.fr\/es\/producto\/stewartia-malacodendron-camelia-sedosa-stewartia-sedosa\/"]}]},{"@type":"ImageObject","inLanguage":"es","@id":"https:\/\/www.vallonchene.fr\/es\/producto\/stewartia-malacodendron-camelia-sedosa-stewartia-sedosa\/#primaryimage","url":"https:\/\/www.vallonchene.fr\/wp-content\/uploads\/2025\/03\/Stewartia_malacodendron.jpg","contentUrl":"https:\/\/www.vallonchene.fr\/wp-content\/uploads\/2025\/03\/Stewartia_malacodendron.jpg","width":1183,"height":1000,"caption":"Flores blancas de STEWARTIA malacodendron, por Melburnian, bajo licencia CC Atribuci\u00f3n Compartir Igual 3.0 Internacional"},{"@type":"BreadcrumbList","@id":"https:\/\/www.vallonchene.fr\/es\/producto\/stewartia-malacodendron-camelia-sedosa-stewartia-sedosa\/#breadcrumb","itemListElement":[{"@type":"ListItem","position":1,"name":"Home","item":"https:\/\/www.vallonchene.fr\/es\/"},{"@type":"ListItem","position":2,"name":"Tienda","item":"https:\/\/www.vallonchene.fr\/tienda\/"},{"@type":"ListItem","position":3,"name":"Venta en linea","item":"https:\/\/www.vallonchene.fr\/es\/categoria-producto\/venta-en-linea\/"},{"@type":"ListItem","position":4,"name":"Vivero","item":"https:\/\/www.vallonchene.fr\/es\/categoria-producto\/venta-en-linea\/vivero\/"},{"@type":"ListItem","position":5,"name":"Plantas raras (plantas de colecci\u00f3n)","item":"https:\/\/www.vallonchene.fr\/es\/categoria-producto\/venta-en-linea\/vivero\/plantas-raras-plantas-de-coleccion\/"},{"@type":"ListItem","position":6,"name":"STEWARTIA malacodendron"}]},{"@type":"WebSite","@id":"https:\/\/www.vallonchene.fr\/es\/#website","url":"https:\/\/www.vallonchene.fr\/es\/","name":"Vallonch\u00eane","description":"El vivero donde la calidad tiene sus ra\u00edces \u2013 Tel.: +33 (0)2.35.90.02.02","publisher":{"@id":"https:\/\/www.vallonchene.fr\/es\/#organization"},"potentialAction":[{"@type":"SearchAction","target":{"@type":"EntryPoint","urlTemplate":"https:\/\/www.vallonchene.fr\/es\/?s={search_term_string}"},"query-input":{"@type":"PropertyValueSpecification","valueRequired":true,"valueName":"search_term_string"}}],"inLanguage":"es"},{"@type":"Organization","@id":"https:\/\/www.vallonchene.fr\/es\/#organization","name":"VALLONCHENE","url":"https:\/\/www.vallonchene.fr\/es\/","logo":{"@type":"ImageObject","inLanguage":"es","@id":"https:\/\/www.vallonchene.fr\/es\/#\/schema\/logo\/image\/","url":"https:\/\/www.vallonchene.fr\/wp-content\/uploads\/2023\/03\/Logo-Vallonchene-site-et-R_hauteur_100.png","contentUrl":"https:\/\/www.vallonchene.fr\/wp-content\/uploads\/2023\/03\/Logo-Vallonchene-site-et-R_hauteur_100.png","width":221,"height":100,"caption":"VALLONCHENE"},"image":{"@id":"https:\/\/www.vallonchene.fr\/es\/#\/schema\/logo\/image\/"},"sameAs":["https:\/\/www.facebook.com\/vallonchene.fr","https:\/\/www.instagram.com\/vallonchene\/","https:\/\/www.pinterest.fr\/vallonchene\/"],"taxID":"49454502300017","hasMerchantReturnPolicy":{"@type":"MerchantReturnPolicy","merchantReturnLink":"https:\/\/www.vallonchene.fr\/remboursements_retours\/"}}]},"og_availability":"out of stock","product_availability":"out of stock","product_retailer_item_id":"58496","product_condition":"new"},"_links":{"self":[{"href":"https:\/\/www.vallonchene.fr\/es\/wp-json\/wp\/v2\/product\/51553","targetHints":{"allow":["GET"]}}],"collection":[{"href":"https:\/\/www.vallonchene.fr\/es\/wp-json\/wp\/v2\/product"}],"about":[{"href":"https:\/\/www.vallonchene.fr\/es\/wp-json\/wp\/v2\/types\/product"}],"replies":[{"embeddable":true,"href":"https:\/\/www.vallonchene.fr\/es\/wp-json\/wp\/v2\/comments?post=51553"}],"wp:featuredmedia":[{"embeddable":true,"href":"https:\/\/www.vallonchene.fr\/es\/wp-json\/wp\/v2\/media\/52653"}],"wp:attachment":[{"href":"https:\/\/www.vallonchene.fr\/es\/wp-json\/wp\/v2\/media?parent=51553"}],"wp:term":[{"taxonomy":"product_brand","embeddable":true,"href":"https:\/\/www.vallonchene.fr\/es\/wp-json\/wp\/v2\/product_brand?post=51553"},{"taxonomy":"product_cat","embeddable":true,"href":"https:\/\/www.vallonchene.fr\/es\/wp-json\/wp\/v2\/product_cat?post=51553"},{"taxonomy":"product_tag","embeddable":true,"href":"https:\/\/www.vallonchene.fr\/es\/wp-json\/wp\/v2\/product_tag?post=51553"}],"curies":[{"name":"wp","href":"https:\/\/api.w.org\/{rel}","templated":true}]}}