{"id":51433,"date":"2024-09-05T14:40:37","date_gmt":"2024-09-05T13:40:37","guid":{"rendered":"https:\/\/www.vallonchene.fr\/produit\/picea-smithiana-sunray\/"},"modified":"2024-09-05T14:40:37","modified_gmt":"2024-09-05T13:40:37","slug":"picea-smithiana-sunray","status":"publish","type":"product","link":"https:\/\/www.vallonchene.fr\/es\/producto\/picea-smithiana-sunray\/","title":{"rendered":"PICEA smithiana &#8216;Sunray&#8217;"},"content":{"rendered":"","protected":false},"excerpt":{"rendered":"<p>Esta <strong>p\u00edcea de Afganist\u00e1n<\/strong> tiene follaje amarillo durante todo el a\u00f1o. <strong>PICEA smithiana &#8216;Sunray&#8217;<\/strong> es un \u00e1rbol de crecimiento lento. Es una planta rara y enana.  <\/p>\n","protected":false},"featured_media":51434,"comment_status":"open","ping_status":"closed","template":"","meta":[],"product_brand":[],"product_cat":[11502],"product_tag":[],"class_list":{"0":"post-51433","1":"product","2":"type-product","3":"status-publish","4":"has-post-thumbnail","6":"product_cat-coniferas","7":"pa_99-hauteurapproximativeapres1-1-00-a-1-50-m","8":"pa_couleurdufeuillage-amarilla","9":"pa_exigencesenhumidite-promedio","10":"pa_exigencesenhumidite-seco","11":"pa_expositionspossibles-pleno-sol-de-12-a-17-min","12":"pa_hauteurlivree-40-a-50-cm-es","13":"pa_interetauprintemps-brotes-jovenes","14":"pa_interetauprintemps-follaje","15":"pa_interetauprintemps-habitus","16":"pa_interetenautomne-follaje","17":"pa_interetenautomne-habitus","18":"pa_interetenete-follaje","19":"pa_interetenete-habitus","20":"pa_interetenhiver-follaje","21":"pa_interetenhiver-habitus","22":"pa_naturedufeuillage-siempreverde","23":"pa_naturesdesolpossibles-ligero","24":"pa_naturesdesolpossibles-normal-es","25":"pa_periodedetaille-enero","26":"pa_periodedetaille-febrero","27":"pa_phdusolacceptable-acido-menos-de-6_5","28":"pa_phdusolacceptable-calcareo-mas-de-7_5","29":"pa_phdusolacceptable-neutro-entre-6_5-y-7_5","30":"pa_portgraphisme-conico","31":"pa_resistanceaufroidrusticite-resistente-por-debajo-de-menos-20-c","32":"pa_tailledepot-maceta-de-5-litros","33":"pa_utilisationpossible-arriate","34":"pa_utilisationpossible-contenedor-o-olla","36":"first","37":"outofstock","38":"taxable","39":"shipping-taxable","40":"purchasable","41":"product-type-variable"},"supplier_id":null,"supplier_sku":"","barcode":null,"atum_controlled":true,"out_stock_date":null,"out_stock_threshold":null,"inheritable":true,"inbound_stock":0,"stock_on_hold":0,"sold_today":0,"sales_last_days":0,"reserved_stock":0,"customer_returns":0,"warehouse_damage":0,"lost_in_post":0,"other_logs":0,"out_stock_days":null,"lost_sales":0,"has_location":false,"update_date":"2025-12-03T15:32:19","atum_locations":[],"atum_stock_status":"outofstock","restock_status":false,"low_stock_amount":"","sales_update_date":"2025-12-03T15:32:19","calc_backorders":null,"yoast_head":"<!-- This site is optimized with the Yoast SEO Premium plugin v27.4 (Yoast SEO v27.4) - https:\/\/yoast.com\/product\/yoast-seo-premium-wordpress\/ -->\n<title>PICEA smithiana &#039;Sunray&#039; - p\u00edcea de Afganist\u00e1n<\/title>\n<meta name=\"description\" content=\"Esta p\u00edcea de Afganist\u00e1n tiene follaje amarillo durante todo el a\u00f1o. PICEA smithiana &#039;Sunray&#039; es un \u00e1rbol de crecimiento lento. Es una planta rara y enana.\" \/>\n<meta name=\"robots\" content=\"index, follow, max-snippet:-1, max-image-preview:large, max-video-preview:-1\" \/>\n<link rel=\"canonical\" href=\"https:\/\/www.vallonchene.fr\/es\/producto\/picea-smithiana-sunray\/\" \/>\n<meta property=\"og:locale\" content=\"es_ES\" \/>\n<meta property=\"og:type\" content=\"article\" \/>\n<meta property=\"og:title\" content=\"PICEA smithiana &#039;Sunray&#039;\" \/>\n<meta property=\"og:description\" content=\"Esta p\u00edcea de Afganist\u00e1n tiene follaje amarillo durante todo el a\u00f1o. PICEA smithiana &#039;Sunray&#039; es un \u00e1rbol de crecimiento lento. Es una planta rara y enana.\" \/>\n<meta property=\"og:url\" content=\"https:\/\/www.vallonchene.fr\/es\/producto\/picea-smithiana-sunray\/\" \/>\n<meta property=\"og:site_name\" content=\"Vallonch\u00eane\" \/>\n<meta property=\"article:publisher\" content=\"https:\/\/www.facebook.com\/vallonchene.fr\" \/>\n<meta property=\"og:image\" content=\"https:\/\/www.vallonchene.fr\/wp-content\/uploads\/2024\/09\/PICEA-smithiana-Sunray_01.webp\" \/>\n\t<meta property=\"og:image:width\" content=\"1200\" \/>\n\t<meta property=\"og:image:height\" content=\"1200\" \/>\n\t<meta property=\"og:image:type\" content=\"image\/webp\" \/>\n<meta name=\"twitter:card\" content=\"summary_large_image\" \/>\n<meta name=\"twitter:label1\" content=\"Disponibilidad\" \/>\n\t<meta name=\"twitter:data1\" content=\"Agotado\" \/>\n<script type=\"application\/ld+json\" class=\"yoast-schema-graph\">{\"@context\":\"https:\\\/\\\/schema.org\",\"@graph\":[{\"@type\":\"WebPage\",\"@id\":\"https:\\\/\\\/www.vallonchene.fr\\\/es\\\/producto\\\/picea-smithiana-sunray\\\/\",\"url\":\"https:\\\/\\\/www.vallonchene.fr\\\/es\\\/producto\\\/picea-smithiana-sunray\\\/\",\"name\":\"PICEA smithiana 'Sunray' - p\u00edcea de Afganist\u00e1n\",\"isPartOf\":{\"@id\":\"https:\\\/\\\/www.vallonchene.fr\\\/es\\\/#website\"},\"primaryImageOfPage\":{\"@id\":\"https:\\\/\\\/www.vallonchene.fr\\\/es\\\/producto\\\/picea-smithiana-sunray\\\/#primaryimage\"},\"image\":{\"@id\":\"https:\\\/\\\/www.vallonchene.fr\\\/es\\\/producto\\\/picea-smithiana-sunray\\\/#primaryimage\"},\"thumbnailUrl\":\"https:\\\/\\\/www.vallonchene.fr\\\/wp-content\\\/uploads\\\/2024\\\/09\\\/PICEA-smithiana-Sunray_01.webp\",\"datePublished\":\"2024-09-05T13:40:37+00:00\",\"description\":\"Esta p\u00edcea de Afganist\u00e1n tiene follaje amarillo durante todo el a\u00f1o. PICEA smithiana 'Sunray' es un \u00e1rbol de crecimiento lento. Es una planta rara y enana.\",\"breadcrumb\":{\"@id\":\"https:\\\/\\\/www.vallonchene.fr\\\/es\\\/producto\\\/picea-smithiana-sunray\\\/#breadcrumb\"},\"inLanguage\":\"es\",\"potentialAction\":[{\"@type\":\"ReadAction\",\"target\":[\"https:\\\/\\\/www.vallonchene.fr\\\/es\\\/producto\\\/picea-smithiana-sunray\\\/\"]}]},{\"@type\":\"ImageObject\",\"inLanguage\":\"es\",\"@id\":\"https:\\\/\\\/www.vallonchene.fr\\\/es\\\/producto\\\/picea-smithiana-sunray\\\/#primaryimage\",\"url\":\"https:\\\/\\\/www.vallonchene.fr\\\/wp-content\\\/uploads\\\/2024\\\/09\\\/PICEA-smithiana-Sunray_01.webp\",\"contentUrl\":\"https:\\\/\\\/www.vallonchene.fr\\\/wp-content\\\/uploads\\\/2024\\\/09\\\/PICEA-smithiana-Sunray_01.webp\",\"width\":1200,\"height\":1200,\"caption\":\"Follaje amarillo de PICEA smithiana 'Sunray'\"},{\"@type\":\"BreadcrumbList\",\"@id\":\"https:\\\/\\\/www.vallonchene.fr\\\/es\\\/producto\\\/picea-smithiana-sunray\\\/#breadcrumb\",\"itemListElement\":[{\"@type\":\"ListItem\",\"position\":1,\"name\":\"Home\",\"item\":\"https:\\\/\\\/www.vallonchene.fr\\\/es\\\/\"},{\"@type\":\"ListItem\",\"position\":2,\"name\":\"Tienda\",\"item\":\"https:\\\/\\\/www.vallonchene.fr\\\/tienda\\\/\"},{\"@type\":\"ListItem\",\"position\":3,\"name\":\"PICEA smithiana &#8216;Sunray&#8217;\"}]},{\"@type\":\"WebSite\",\"@id\":\"https:\\\/\\\/www.vallonchene.fr\\\/es\\\/#website\",\"url\":\"https:\\\/\\\/www.vallonchene.fr\\\/es\\\/\",\"name\":\"Vallonch\u00eane\",\"description\":\"El vivero donde la calidad tiene sus ra\u00edces \u2013 Tel.: +33 (0)2.35.90.02.02\",\"publisher\":{\"@id\":\"https:\\\/\\\/www.vallonchene.fr\\\/es\\\/#organization\"},\"potentialAction\":[{\"@type\":\"SearchAction\",\"target\":{\"@type\":\"EntryPoint\",\"urlTemplate\":\"https:\\\/\\\/www.vallonchene.fr\\\/es\\\/?s={search_term_string}\"},\"query-input\":{\"@type\":\"PropertyValueSpecification\",\"valueRequired\":true,\"valueName\":\"search_term_string\"}}],\"inLanguage\":\"es\"},{\"@type\":\"Organization\",\"@id\":\"https:\\\/\\\/www.vallonchene.fr\\\/es\\\/#organization\",\"name\":\"VALLONCHENE\",\"url\":\"https:\\\/\\\/www.vallonchene.fr\\\/es\\\/\",\"logo\":{\"@type\":\"ImageObject\",\"inLanguage\":\"es\",\"@id\":\"https:\\\/\\\/www.vallonchene.fr\\\/es\\\/#\\\/schema\\\/logo\\\/image\\\/\",\"url\":\"https:\\\/\\\/www.vallonchene.fr\\\/wp-content\\\/uploads\\\/2023\\\/03\\\/Logo-Vallonchene-site-et-R_hauteur_100.png\",\"contentUrl\":\"https:\\\/\\\/www.vallonchene.fr\\\/wp-content\\\/uploads\\\/2023\\\/03\\\/Logo-Vallonchene-site-et-R_hauteur_100.png\",\"width\":221,\"height\":100,\"caption\":\"VALLONCHENE\"},\"image\":{\"@id\":\"https:\\\/\\\/www.vallonchene.fr\\\/es\\\/#\\\/schema\\\/logo\\\/image\\\/\"},\"sameAs\":[\"https:\\\/\\\/www.facebook.com\\\/vallonchene.fr\",\"https:\\\/\\\/www.instagram.com\\\/vallonchene\\\/\",\"https:\\\/\\\/www.pinterest.fr\\\/vallonchene\\\/\"],\"taxID\":\"49454502300017\",\"hasMerchantReturnPolicy\":{\"@type\":\"MerchantReturnPolicy\",\"merchantReturnLink\":\"https:\\\/\\\/www.vallonchene.fr\\\/remboursements_retours\\\/\"}}]}<\/script>\n<meta property=\"og:availability\" content=\"out of stock\" \/>\n<meta property=\"product:availability\" content=\"out of stock\" \/>\n<meta property=\"product:condition\" content=\"new\" \/>\n<!-- \/ Yoast SEO Premium plugin. -->","yoast_head_json":{"title":"PICEA smithiana 'Sunray' - p\u00edcea de Afganist\u00e1n","description":"Esta p\u00edcea de Afganist\u00e1n tiene follaje amarillo durante todo el a\u00f1o. PICEA smithiana 'Sunray' es un \u00e1rbol de crecimiento lento. Es una planta rara y enana.","robots":{"index":"index","follow":"follow","max-snippet":"max-snippet:-1","max-image-preview":"max-image-preview:large","max-video-preview":"max-video-preview:-1"},"canonical":"https:\/\/www.vallonchene.fr\/es\/producto\/picea-smithiana-sunray\/","og_locale":"es_ES","og_type":"article","og_title":"PICEA smithiana 'Sunray'","og_description":"Esta p\u00edcea de Afganist\u00e1n tiene follaje amarillo durante todo el a\u00f1o. PICEA smithiana 'Sunray' es un \u00e1rbol de crecimiento lento. Es una planta rara y enana.","og_url":"https:\/\/www.vallonchene.fr\/es\/producto\/picea-smithiana-sunray\/","og_site_name":"Vallonch\u00eane","article_publisher":"https:\/\/www.facebook.com\/vallonchene.fr","og_image":[{"width":1200,"height":1200,"url":"https:\/\/www.vallonchene.fr\/wp-content\/uploads\/2024\/09\/PICEA-smithiana-Sunray_01.webp","type":"image\/webp"}],"twitter_card":"summary_large_image","twitter_misc":{"Disponibilidad":"Agotado"},"schema":{"@context":"https:\/\/schema.org","@graph":[{"@type":"WebPage","@id":"https:\/\/www.vallonchene.fr\/es\/producto\/picea-smithiana-sunray\/","url":"https:\/\/www.vallonchene.fr\/es\/producto\/picea-smithiana-sunray\/","name":"PICEA smithiana 'Sunray' - p\u00edcea de Afganist\u00e1n","isPartOf":{"@id":"https:\/\/www.vallonchene.fr\/es\/#website"},"primaryImageOfPage":{"@id":"https:\/\/www.vallonchene.fr\/es\/producto\/picea-smithiana-sunray\/#primaryimage"},"image":{"@id":"https:\/\/www.vallonchene.fr\/es\/producto\/picea-smithiana-sunray\/#primaryimage"},"thumbnailUrl":"https:\/\/www.vallonchene.fr\/wp-content\/uploads\/2024\/09\/PICEA-smithiana-Sunray_01.webp","datePublished":"2024-09-05T13:40:37+00:00","description":"Esta p\u00edcea de Afganist\u00e1n tiene follaje amarillo durante todo el a\u00f1o. PICEA smithiana 'Sunray' es un \u00e1rbol de crecimiento lento. Es una planta rara y enana.","breadcrumb":{"@id":"https:\/\/www.vallonchene.fr\/es\/producto\/picea-smithiana-sunray\/#breadcrumb"},"inLanguage":"es","potentialAction":[{"@type":"ReadAction","target":["https:\/\/www.vallonchene.fr\/es\/producto\/picea-smithiana-sunray\/"]}]},{"@type":"ImageObject","inLanguage":"es","@id":"https:\/\/www.vallonchene.fr\/es\/producto\/picea-smithiana-sunray\/#primaryimage","url":"https:\/\/www.vallonchene.fr\/wp-content\/uploads\/2024\/09\/PICEA-smithiana-Sunray_01.webp","contentUrl":"https:\/\/www.vallonchene.fr\/wp-content\/uploads\/2024\/09\/PICEA-smithiana-Sunray_01.webp","width":1200,"height":1200,"caption":"Follaje amarillo de PICEA smithiana 'Sunray'"},{"@type":"BreadcrumbList","@id":"https:\/\/www.vallonchene.fr\/es\/producto\/picea-smithiana-sunray\/#breadcrumb","itemListElement":[{"@type":"ListItem","position":1,"name":"Home","item":"https:\/\/www.vallonchene.fr\/es\/"},{"@type":"ListItem","position":2,"name":"Tienda","item":"https:\/\/www.vallonchene.fr\/tienda\/"},{"@type":"ListItem","position":3,"name":"PICEA smithiana &#8216;Sunray&#8217;"}]},{"@type":"WebSite","@id":"https:\/\/www.vallonchene.fr\/es\/#website","url":"https:\/\/www.vallonchene.fr\/es\/","name":"Vallonch\u00eane","description":"El vivero donde la calidad tiene sus ra\u00edces \u2013 Tel.: +33 (0)2.35.90.02.02","publisher":{"@id":"https:\/\/www.vallonchene.fr\/es\/#organization"},"potentialAction":[{"@type":"SearchAction","target":{"@type":"EntryPoint","urlTemplate":"https:\/\/www.vallonchene.fr\/es\/?s={search_term_string}"},"query-input":{"@type":"PropertyValueSpecification","valueRequired":true,"valueName":"search_term_string"}}],"inLanguage":"es"},{"@type":"Organization","@id":"https:\/\/www.vallonchene.fr\/es\/#organization","name":"VALLONCHENE","url":"https:\/\/www.vallonchene.fr\/es\/","logo":{"@type":"ImageObject","inLanguage":"es","@id":"https:\/\/www.vallonchene.fr\/es\/#\/schema\/logo\/image\/","url":"https:\/\/www.vallonchene.fr\/wp-content\/uploads\/2023\/03\/Logo-Vallonchene-site-et-R_hauteur_100.png","contentUrl":"https:\/\/www.vallonchene.fr\/wp-content\/uploads\/2023\/03\/Logo-Vallonchene-site-et-R_hauteur_100.png","width":221,"height":100,"caption":"VALLONCHENE"},"image":{"@id":"https:\/\/www.vallonchene.fr\/es\/#\/schema\/logo\/image\/"},"sameAs":["https:\/\/www.facebook.com\/vallonchene.fr","https:\/\/www.instagram.com\/vallonchene\/","https:\/\/www.pinterest.fr\/vallonchene\/"],"taxID":"49454502300017","hasMerchantReturnPolicy":{"@type":"MerchantReturnPolicy","merchantReturnLink":"https:\/\/www.vallonchene.fr\/remboursements_retours\/"}}]},"og_availability":"out of stock","product_availability":"out of stock","product_condition":"new"},"_links":{"self":[{"href":"https:\/\/www.vallonchene.fr\/es\/wp-json\/wp\/v2\/product\/51433","targetHints":{"allow":["GET"]}}],"collection":[{"href":"https:\/\/www.vallonchene.fr\/es\/wp-json\/wp\/v2\/product"}],"about":[{"href":"https:\/\/www.vallonchene.fr\/es\/wp-json\/wp\/v2\/types\/product"}],"replies":[{"embeddable":true,"href":"https:\/\/www.vallonchene.fr\/es\/wp-json\/wp\/v2\/comments?post=51433"}],"wp:featuredmedia":[{"embeddable":true,"href":"https:\/\/www.vallonchene.fr\/es\/wp-json\/wp\/v2\/media\/51434"}],"wp:attachment":[{"href":"https:\/\/www.vallonchene.fr\/es\/wp-json\/wp\/v2\/media?parent=51433"}],"wp:term":[{"taxonomy":"product_brand","embeddable":true,"href":"https:\/\/www.vallonchene.fr\/es\/wp-json\/wp\/v2\/product_brand?post=51433"},{"taxonomy":"product_cat","embeddable":true,"href":"https:\/\/www.vallonchene.fr\/es\/wp-json\/wp\/v2\/product_cat?post=51433"},{"taxonomy":"product_tag","embeddable":true,"href":"https:\/\/www.vallonchene.fr\/es\/wp-json\/wp\/v2\/product_tag?post=51433"}],"curies":[{"name":"wp","href":"https:\/\/api.w.org\/{rel}","templated":true}]}}