{"id":51345,"date":"2021-08-31T11:42:01","date_gmt":"2021-08-31T11:42:01","guid":{"rendered":"https:\/\/www.vallonchene.fr\/produit\/tsuga-canadensis-gentsch-white\/"},"modified":"2021-08-31T11:42:01","modified_gmt":"2021-08-31T10:42:01","slug":"tsuga-canadensis-gentsch-white","status":"publish","type":"product","link":"https:\/\/www.vallonchene.fr\/es\/producto\/tsuga-canadensis-gentsch-white\/","title":{"rendered":"TSUGA canadensis &#8216;Gentsch White&#8217;"},"content":{"rendered":"<h2>La Planta<\/h2>\n<p><strong>TSUGA canadensis &#8216;Gentsch White&#8217;<\/strong> es una <strong>tsuga de Canad\u00e1<\/strong>. Tiene muchas cualidades: <\/p>\n<ul>\n<li>En primavera <strong>los brotes son claramente blancos<\/strong>. Esto es muy sorprendente y raro en el mundo vegetal. Luego iluminan el jard\u00edn.  <\/li>\n<li>Luego, estos brotes blancos <strong>se ti\u00f1en de blanco y verde<\/strong>. Esta variegaci\u00f3n se desvanece hacia el oto\u00f1o. <\/li>\n<li>A diferencia de la especie tipo, T. &#8216;Gentsch White&#8217; <strong>crece de forma m\u00e1s bien acampanada, casi arbustiva<\/strong> (ver foto).<\/li>\n<li>Su crecimiento muy lento le permite encontrar un lugar incluso en jardines peque\u00f1os.<\/li>\n<li>Su <strong>follaje peque\u00f1o, muy fino y persistente<\/strong> y su dise\u00f1o predestinan esta planta para Bons\u00e1i.<\/li>\n<\/ul>\n<p>Para descubrir nuestros otros TSUGA actualmente disponibles para la venta, <strong><a href=\"https:\/\/www.vallonchene.fr\/?s=tsuga&amp;post_type=product&amp;dgwt_wcas=1&amp;lang=fr&amp;filter_stock_status=instock\">haga clic aqu\u00ed<\/a><\/strong>.<\/p>\n<h2>\u00bfC\u00f3mo plantar y cuidar el TSUGA canadensis &#8216;Gentsch white &#8216;?<\/h2>\n<ol>\n<li>B\u00fascale un lugar, preferiblemente en <strong>sombra parcial<\/strong>, aunque tambi\u00e9n estar\u00e1 feliz a <strong>pleno sol<\/strong>.<\/li>\n<li>Esta peque\u00f1a con\u00edfera se puede <strong>plantar en una maceta, en un recipiente o en un macizo<\/strong>.<\/li>\n<li>Crece en <strong>suelo ligero, normal o pesado<\/strong> que puede ser <strong>h\u00famedo, moderadamente h\u00famedo o seco<\/strong>. Un <strong>pH \u00e1cido, neutro o calc\u00e1reo<\/strong> es adecuado. <\/li>\n<li> Preferiblemente, <strong>pode la planta en el mes de marzo antes del nuevo crecimiento<\/strong> (si es necesario).<\/li>\n<\/ol>\n<p>Para una preparaci\u00f3n \u00f3ptima del contenedor o del hoyo de plantaci\u00f3n, hemos elaborado unas <a href=\"https:\/\/www.vallonchene.fr\/comment-planter-et-entretenir-des-vegetaux\/\" target=\"_blank\" rel=\"noreferrer noopener\"><strong>instrucciones detalladas que puede consultar aqu\u00ed<\/strong><\/a>. Le invitamos a consultar tambi\u00e9n <a href=\"https:\/\/www.vallonchene.fr\/comment-bien-arroser-le-jardin-et-economiser-leau\/\"><strong>nuestros consejos sobre c\u00f3mo regar correctamente y ahorrar agua aqu\u00ed<\/strong><\/a>.<\/p>\n<h2>Historia y Origen<\/h2>\n<p>Los Tsuga canadensis provienen del norte de Am\u00e9rica. El territorio se extiende desde <strong><a href=\"\" target=\"\" rel=\"\">Minnesota<\/a><\/strong>, <strong><a href=\"\" target=\"\" rel=\"\">Georgia<\/a><\/strong> y <strong><a href=\"\" target=\"\" rel=\"\">Alabama<\/a><\/strong> hasta <strong><a href=\"\" target=\"\" rel=\"\">Nueva Escocia<\/a><\/strong> y el sur de <strong><a href=\"\" target=\"\" rel=\"\">Quebec<\/a><\/strong>. Se les clasifica como \u00abcasi amenazados\u00bb en su h\u00e1bitat natural. Los Tsuga viven muchos a\u00f1os. Los espec\u00edmenes m\u00e1s antiguos cuentan con m\u00e1s de 500 primaveras. Si bien la especie tipo puede alcanzar alturas de 30 metros, el Tsuga canadensis &#8216;Gentsch White&#8217; solo alcanzar\u00e1 una altura de 1,50 m despu\u00e9s de 10 a\u00f1os. Debido a su lento crecimiento, la altura adulta se ver\u00e1 muy reducida. Los brit\u00e1nicos introdujeron los primeros ejemplares en 1735. Adem\u00e1s, los alemanes los cultivan con frecuencia y tambi\u00e9n los utilizan en la industria forestal. La corteza de esta con\u00edfera contiene muchos taninos. Por este motivo, la industria del cuero la empleaba a gran escala. La madera se utiliza para construcciones y <strong><a href=\"\" target=\"\" rel=\"\">traviesas de ferrocarril<\/a><\/strong>.  <\/p>\n<p>&nbsp;<\/p>\n","protected":false},"excerpt":{"rendered":"<p>Esta <strong>tsuga de Canad\u00e1<\/strong> es una forma de crecimiento lento. El follaje de <strong>TSUGA canadensis &#8216;Gentsch White&#8217;<\/strong> est\u00e1 abigarrado con blanco y verde. Es excelente para jardines peque\u00f1os. FORMA MUY RARA.   <\/p>\n","protected":false},"featured_media":51324,"comment_status":"open","ping_status":"closed","template":"","meta":[],"product_brand":[],"product_cat":[11502,11821],"product_tag":[12128,12127,12129,12130],"class_list":{"0":"post-51345","1":"product","2":"type-product","3":"status-publish","4":"has-post-thumbnail","6":"product_cat-coniferas","7":"product_cat-plantas-raras-plantas-de-coleccion","8":"product_tag-tsuga-es","9":"product_tag-tsuga-canadensis-es","10":"product_tag-tsuga-de-canada","11":"product_tag-tsuga-oriental","12":"pa_99-hauteurapproximativeapres1-1_00-a-1_50-m","13":"pa_couleurdufeuillage-blanca","14":"pa_couleurdufeuillage-variado","15":"pa_couleurdufeuillage-verde","16":"pa_exigencesenhumidite-moderadamente-humedo-a-humedo","17":"pa_exigencesenhumidite-promedio","18":"pa_exigencesenhumidite-seco","19":"pa_expositionspossibles-pleno-sol-de-12-a-17-min","20":"pa_expositionspossibles-sombra-sin-sol-directo","21":"pa_expositionspossibles-sombra-parcial-evitar-el-sol-de-12-a-17-horas","22":"pa_hauteurlivree-100-a-125-cm","23":"pa_hauteurlivree-20-a-25-cm-es","24":"pa_hauteurlivree-20-a-30-cm-es","25":"pa_hauteurlivree-30-a-40-cm-es","26":"pa_hauteurlivree-50-a-60-cm-es","27":"pa_hauteurlivree-60-a-80-cm-es","28":"pa_hauteurlivree-80-a-100-cm-es","29":"pa_interetauprintemps-brotes-jovenes","30":"pa_interetauprintemps-follaje","31":"pa_interetauprintemps-habitus","32":"pa_interetenautomne-follaje","33":"pa_interetenautomne-habitus","34":"pa_interetenete-follaje","35":"pa_interetenete-habitus","36":"pa_interetenhiver-follaje","37":"pa_interetenhiver-habitus","38":"pa_naturedufeuillage-siempreverde","39":"pa_naturesdesolpossibles-ligero","40":"pa_naturesdesolpossibles-normal-es","41":"pa_naturesdesolpossibles-pesado","42":"pa_particularites-adecuado-para-bonsai","43":"pa_particularites-habitus","44":"pa_periodedetaille-marzo","45":"pa_phdusolacceptable-acido-menos-de-6_5","46":"pa_phdusolacceptable-calcareo-mas-de-7_5","47":"pa_phdusolacceptable-neutro-entre-6_5-y-7_5","48":"pa_portgraphisme-arbustivo-es","49":"pa_resistanceaufroidrusticite-resistente-por-debajo-de-menos-20-c","50":"pa_tailledepot-maceta-de-10-litros","51":"pa_tailledepot-maceta-de-3-litros","52":"pa_tailledepot-maceta-de-4-litros","53":"pa_tailledepot-maceta-de-5-litros","54":"pa_tailledepot-maceta-de-7_5-litros","55":"pa_utilisationpossible-arriate","56":"pa_utilisationpossible-contenedor-o-olla","58":"first","59":"instock","60":"taxable","61":"shipping-taxable","62":"purchasable","63":"product-type-variable","64":"has-default-attributes"},"supplier_id":null,"supplier_sku":"","barcode":null,"atum_controlled":true,"out_stock_date":null,"out_stock_threshold":null,"inheritable":true,"inbound_stock":0,"stock_on_hold":0,"sold_today":0,"sales_last_days":0,"reserved_stock":0,"customer_returns":0,"warehouse_damage":0,"lost_in_post":0,"other_logs":0,"out_stock_days":null,"lost_sales":0,"has_location":false,"update_date":"2026-03-04T13:39:52","atum_locations":[],"atum_stock_status":"instock","restock_status":false,"low_stock_amount":"","sales_update_date":"2024-07-11T11:56:01","calc_backorders":null,"yoast_head":"<!-- This site is optimized with the Yoast SEO Premium plugin v27.5 (Yoast SEO v27.5) - https:\/\/yoast.com\/product\/yoast-seo-premium-wordpress\/ -->\n<title>TSUGA canadensis &#039;Gentsch White&#039; - tsuga de Canad\u00e1<\/title>\n<meta name=\"description\" content=\"Esta tsuga de Canad\u00e1 crece muy lentamente. El follaje de TSUGA canadensis &#039;Gentsch White&#039; est\u00e1 abigarrado con blanco y verde. Esta es una FORMA MUY RARA.\" \/>\n<meta name=\"robots\" content=\"index, follow, max-snippet:-1, max-image-preview:large, max-video-preview:-1\" \/>\n<link rel=\"canonical\" href=\"https:\/\/www.vallonchene.fr\/es\/producto\/tsuga-canadensis-gentsch-white\/\" \/>\n<meta property=\"og:locale\" content=\"es_ES\" \/>\n<meta property=\"og:type\" content=\"article\" \/>\n<meta property=\"og:title\" content=\"TSUGA canadensis &#039;Gentsch White&#039;\" \/>\n<meta property=\"og:description\" content=\"Esta tsuga de Canad\u00e1 crece muy lentamente. El follaje de TSUGA canadensis &#039;Gentsch White&#039; est\u00e1 abigarrado con blanco y verde. Esta es una FORMA MUY RARA.\" \/>\n<meta property=\"og:url\" content=\"https:\/\/www.vallonchene.fr\/es\/producto\/tsuga-canadensis-gentsch-white\/\" \/>\n<meta property=\"og:site_name\" content=\"Vallonch\u00eane\" \/>\n<meta property=\"article:publisher\" content=\"https:\/\/www.facebook.com\/vallonchene.fr\" \/>\n<meta property=\"og:image\" content=\"https:\/\/www.vallonchene.fr\/wp-content\/uploads\/2024\/03\/TSUGA-canadensis-Gentsch-White_01.webp\" \/>\n\t<meta property=\"og:image:width\" content=\"1000\" \/>\n\t<meta property=\"og:image:height\" content=\"1000\" \/>\n\t<meta property=\"og:image:type\" content=\"image\/webp\" \/>\n<meta name=\"twitter:card\" content=\"summary_large_image\" \/>\n<meta name=\"twitter:label1\" content=\"Disponibilidad\" \/>\n\t<meta name=\"twitter:data1\" content=\"En stock\" \/>\n<script type=\"application\/ld+json\" class=\"yoast-schema-graph\">{\"@context\":\"https:\\\/\\\/schema.org\",\"@graph\":[{\"@type\":\"WebPage\",\"@id\":\"https:\\\/\\\/www.vallonchene.fr\\\/es\\\/producto\\\/tsuga-canadensis-gentsch-white\\\/\",\"url\":\"https:\\\/\\\/www.vallonchene.fr\\\/es\\\/producto\\\/tsuga-canadensis-gentsch-white\\\/\",\"name\":\"TSUGA canadensis 'Gentsch White' - tsuga de Canad\u00e1\",\"isPartOf\":{\"@id\":\"https:\\\/\\\/www.vallonchene.fr\\\/es\\\/#website\"},\"primaryImageOfPage\":{\"@id\":\"https:\\\/\\\/www.vallonchene.fr\\\/es\\\/producto\\\/tsuga-canadensis-gentsch-white\\\/#primaryimage\"},\"image\":{\"@id\":\"https:\\\/\\\/www.vallonchene.fr\\\/es\\\/producto\\\/tsuga-canadensis-gentsch-white\\\/#primaryimage\"},\"thumbnailUrl\":\"https:\\\/\\\/www.vallonchene.fr\\\/wp-content\\\/uploads\\\/2024\\\/03\\\/TSUGA-canadensis-Gentsch-White_01.webp\",\"datePublished\":\"2021-08-31T11:42:01+00:00\",\"description\":\"Esta tsuga de Canad\u00e1 crece muy lentamente. El follaje de TSUGA canadensis 'Gentsch White' est\u00e1 abigarrado con blanco y verde. Esta es una FORMA MUY RARA.\",\"breadcrumb\":{\"@id\":\"https:\\\/\\\/www.vallonchene.fr\\\/es\\\/producto\\\/tsuga-canadensis-gentsch-white\\\/#breadcrumb\"},\"inLanguage\":\"es\",\"potentialAction\":[{\"@type\":\"ReadAction\",\"target\":[\"https:\\\/\\\/www.vallonchene.fr\\\/es\\\/producto\\\/tsuga-canadensis-gentsch-white\\\/\"]}]},{\"@type\":\"ImageObject\",\"inLanguage\":\"es\",\"@id\":\"https:\\\/\\\/www.vallonchene.fr\\\/es\\\/producto\\\/tsuga-canadensis-gentsch-white\\\/#primaryimage\",\"url\":\"https:\\\/\\\/www.vallonchene.fr\\\/wp-content\\\/uploads\\\/2024\\\/03\\\/TSUGA-canadensis-Gentsch-White_01.webp\",\"contentUrl\":\"https:\\\/\\\/www.vallonchene.fr\\\/wp-content\\\/uploads\\\/2024\\\/03\\\/TSUGA-canadensis-Gentsch-White_01.webp\",\"width\":1000,\"height\":1000,\"caption\":\"Primer plano de los brotes blancos y el follaje verde de TSUGA canadensis 'Gentsch White'\"},{\"@type\":\"BreadcrumbList\",\"@id\":\"https:\\\/\\\/www.vallonchene.fr\\\/es\\\/producto\\\/tsuga-canadensis-gentsch-white\\\/#breadcrumb\",\"itemListElement\":[{\"@type\":\"ListItem\",\"position\":1,\"name\":\"Home\",\"item\":\"https:\\\/\\\/www.vallonchene.fr\\\/es\\\/\"},{\"@type\":\"ListItem\",\"position\":2,\"name\":\"Tienda\",\"item\":\"https:\\\/\\\/www.vallonchene.fr\\\/tienda\\\/\"},{\"@type\":\"ListItem\",\"position\":3,\"name\":\"TSUGA canadensis &#8216;Gentsch White&#8217;\"}]},{\"@type\":\"WebSite\",\"@id\":\"https:\\\/\\\/www.vallonchene.fr\\\/es\\\/#website\",\"url\":\"https:\\\/\\\/www.vallonchene.fr\\\/es\\\/\",\"name\":\"Vallonch\u00eane\",\"description\":\"El vivero donde la calidad tiene sus ra\u00edces \u2013 Tel.: +33 (0)2.35.90.02.02\",\"publisher\":{\"@id\":\"https:\\\/\\\/www.vallonchene.fr\\\/es\\\/#organization\"},\"potentialAction\":[{\"@type\":\"SearchAction\",\"target\":{\"@type\":\"EntryPoint\",\"urlTemplate\":\"https:\\\/\\\/www.vallonchene.fr\\\/es\\\/?s={search_term_string}\"},\"query-input\":{\"@type\":\"PropertyValueSpecification\",\"valueRequired\":true,\"valueName\":\"search_term_string\"}}],\"inLanguage\":\"es\"},{\"@type\":\"Organization\",\"@id\":\"https:\\\/\\\/www.vallonchene.fr\\\/es\\\/#organization\",\"name\":\"VALLONCHENE\",\"url\":\"https:\\\/\\\/www.vallonchene.fr\\\/es\\\/\",\"logo\":{\"@type\":\"ImageObject\",\"inLanguage\":\"es\",\"@id\":\"https:\\\/\\\/www.vallonchene.fr\\\/es\\\/#\\\/schema\\\/logo\\\/image\\\/\",\"url\":\"https:\\\/\\\/www.vallonchene.fr\\\/wp-content\\\/uploads\\\/2023\\\/03\\\/Logo-Vallonchene-site-et-R_hauteur_100.png\",\"contentUrl\":\"https:\\\/\\\/www.vallonchene.fr\\\/wp-content\\\/uploads\\\/2023\\\/03\\\/Logo-Vallonchene-site-et-R_hauteur_100.png\",\"width\":221,\"height\":100,\"caption\":\"VALLONCHENE\"},\"image\":{\"@id\":\"https:\\\/\\\/www.vallonchene.fr\\\/es\\\/#\\\/schema\\\/logo\\\/image\\\/\"},\"sameAs\":[\"https:\\\/\\\/www.facebook.com\\\/vallonchene.fr\",\"https:\\\/\\\/www.instagram.com\\\/vallonchene\\\/\",\"https:\\\/\\\/www.pinterest.fr\\\/vallonchene\\\/\"],\"taxID\":\"49454502300017\",\"hasMerchantReturnPolicy\":{\"@type\":\"MerchantReturnPolicy\",\"merchantReturnLink\":\"https:\\\/\\\/www.vallonchene.fr\\\/remboursements_retours\\\/\"}}]}<\/script>\n<meta property=\"og:availability\" content=\"instock\" \/>\n<meta property=\"product:availability\" content=\"instock\" \/>\n<meta property=\"product:retailer_item_id\" content=\"45857\" \/>\n<meta property=\"product:condition\" content=\"new\" \/>\n<!-- \/ Yoast SEO Premium plugin. -->","yoast_head_json":{"title":"TSUGA canadensis 'Gentsch White' - tsuga de Canad\u00e1","description":"Esta tsuga de Canad\u00e1 crece muy lentamente. El follaje de TSUGA canadensis 'Gentsch White' est\u00e1 abigarrado con blanco y verde. Esta es una FORMA MUY RARA.","robots":{"index":"index","follow":"follow","max-snippet":"max-snippet:-1","max-image-preview":"max-image-preview:large","max-video-preview":"max-video-preview:-1"},"canonical":"https:\/\/www.vallonchene.fr\/es\/producto\/tsuga-canadensis-gentsch-white\/","og_locale":"es_ES","og_type":"article","og_title":"TSUGA canadensis 'Gentsch White'","og_description":"Esta tsuga de Canad\u00e1 crece muy lentamente. El follaje de TSUGA canadensis 'Gentsch White' est\u00e1 abigarrado con blanco y verde. Esta es una FORMA MUY RARA.","og_url":"https:\/\/www.vallonchene.fr\/es\/producto\/tsuga-canadensis-gentsch-white\/","og_site_name":"Vallonch\u00eane","article_publisher":"https:\/\/www.facebook.com\/vallonchene.fr","og_image":[{"width":1000,"height":1000,"url":"https:\/\/www.vallonchene.fr\/wp-content\/uploads\/2024\/03\/TSUGA-canadensis-Gentsch-White_01.webp","type":"image\/webp"}],"twitter_card":"summary_large_image","twitter_misc":{"Disponibilidad":"En stock"},"schema":{"@context":"https:\/\/schema.org","@graph":[{"@type":"WebPage","@id":"https:\/\/www.vallonchene.fr\/es\/producto\/tsuga-canadensis-gentsch-white\/","url":"https:\/\/www.vallonchene.fr\/es\/producto\/tsuga-canadensis-gentsch-white\/","name":"TSUGA canadensis 'Gentsch White' - tsuga de Canad\u00e1","isPartOf":{"@id":"https:\/\/www.vallonchene.fr\/es\/#website"},"primaryImageOfPage":{"@id":"https:\/\/www.vallonchene.fr\/es\/producto\/tsuga-canadensis-gentsch-white\/#primaryimage"},"image":{"@id":"https:\/\/www.vallonchene.fr\/es\/producto\/tsuga-canadensis-gentsch-white\/#primaryimage"},"thumbnailUrl":"https:\/\/www.vallonchene.fr\/wp-content\/uploads\/2024\/03\/TSUGA-canadensis-Gentsch-White_01.webp","datePublished":"2021-08-31T11:42:01+00:00","description":"Esta tsuga de Canad\u00e1 crece muy lentamente. El follaje de TSUGA canadensis 'Gentsch White' est\u00e1 abigarrado con blanco y verde. Esta es una FORMA MUY RARA.","breadcrumb":{"@id":"https:\/\/www.vallonchene.fr\/es\/producto\/tsuga-canadensis-gentsch-white\/#breadcrumb"},"inLanguage":"es","potentialAction":[{"@type":"ReadAction","target":["https:\/\/www.vallonchene.fr\/es\/producto\/tsuga-canadensis-gentsch-white\/"]}]},{"@type":"ImageObject","inLanguage":"es","@id":"https:\/\/www.vallonchene.fr\/es\/producto\/tsuga-canadensis-gentsch-white\/#primaryimage","url":"https:\/\/www.vallonchene.fr\/wp-content\/uploads\/2024\/03\/TSUGA-canadensis-Gentsch-White_01.webp","contentUrl":"https:\/\/www.vallonchene.fr\/wp-content\/uploads\/2024\/03\/TSUGA-canadensis-Gentsch-White_01.webp","width":1000,"height":1000,"caption":"Primer plano de los brotes blancos y el follaje verde de TSUGA canadensis 'Gentsch White'"},{"@type":"BreadcrumbList","@id":"https:\/\/www.vallonchene.fr\/es\/producto\/tsuga-canadensis-gentsch-white\/#breadcrumb","itemListElement":[{"@type":"ListItem","position":1,"name":"Home","item":"https:\/\/www.vallonchene.fr\/es\/"},{"@type":"ListItem","position":2,"name":"Tienda","item":"https:\/\/www.vallonchene.fr\/tienda\/"},{"@type":"ListItem","position":3,"name":"TSUGA canadensis &#8216;Gentsch White&#8217;"}]},{"@type":"WebSite","@id":"https:\/\/www.vallonchene.fr\/es\/#website","url":"https:\/\/www.vallonchene.fr\/es\/","name":"Vallonch\u00eane","description":"El vivero donde la calidad tiene sus ra\u00edces \u2013 Tel.: +33 (0)2.35.90.02.02","publisher":{"@id":"https:\/\/www.vallonchene.fr\/es\/#organization"},"potentialAction":[{"@type":"SearchAction","target":{"@type":"EntryPoint","urlTemplate":"https:\/\/www.vallonchene.fr\/es\/?s={search_term_string}"},"query-input":{"@type":"PropertyValueSpecification","valueRequired":true,"valueName":"search_term_string"}}],"inLanguage":"es"},{"@type":"Organization","@id":"https:\/\/www.vallonchene.fr\/es\/#organization","name":"VALLONCHENE","url":"https:\/\/www.vallonchene.fr\/es\/","logo":{"@type":"ImageObject","inLanguage":"es","@id":"https:\/\/www.vallonchene.fr\/es\/#\/schema\/logo\/image\/","url":"https:\/\/www.vallonchene.fr\/wp-content\/uploads\/2023\/03\/Logo-Vallonchene-site-et-R_hauteur_100.png","contentUrl":"https:\/\/www.vallonchene.fr\/wp-content\/uploads\/2023\/03\/Logo-Vallonchene-site-et-R_hauteur_100.png","width":221,"height":100,"caption":"VALLONCHENE"},"image":{"@id":"https:\/\/www.vallonchene.fr\/es\/#\/schema\/logo\/image\/"},"sameAs":["https:\/\/www.facebook.com\/vallonchene.fr","https:\/\/www.instagram.com\/vallonchene\/","https:\/\/www.pinterest.fr\/vallonchene\/"],"taxID":"49454502300017","hasMerchantReturnPolicy":{"@type":"MerchantReturnPolicy","merchantReturnLink":"https:\/\/www.vallonchene.fr\/remboursements_retours\/"}}]},"og_availability":"instock","product_availability":"instock","product_retailer_item_id":"45857","product_condition":"new"},"_links":{"self":[{"href":"https:\/\/www.vallonchene.fr\/es\/wp-json\/wp\/v2\/product\/51345","targetHints":{"allow":["GET"]}}],"collection":[{"href":"https:\/\/www.vallonchene.fr\/es\/wp-json\/wp\/v2\/product"}],"about":[{"href":"https:\/\/www.vallonchene.fr\/es\/wp-json\/wp\/v2\/types\/product"}],"replies":[{"embeddable":true,"href":"https:\/\/www.vallonchene.fr\/es\/wp-json\/wp\/v2\/comments?post=51345"}],"wp:featuredmedia":[{"embeddable":true,"href":"https:\/\/www.vallonchene.fr\/es\/wp-json\/wp\/v2\/media\/51324"}],"wp:attachment":[{"href":"https:\/\/www.vallonchene.fr\/es\/wp-json\/wp\/v2\/media?parent=51345"}],"wp:term":[{"taxonomy":"product_brand","embeddable":true,"href":"https:\/\/www.vallonchene.fr\/es\/wp-json\/wp\/v2\/product_brand?post=51345"},{"taxonomy":"product_cat","embeddable":true,"href":"https:\/\/www.vallonchene.fr\/es\/wp-json\/wp\/v2\/product_cat?post=51345"},{"taxonomy":"product_tag","embeddable":true,"href":"https:\/\/www.vallonchene.fr\/es\/wp-json\/wp\/v2\/product_tag?post=51345"}],"curies":[{"name":"wp","href":"https:\/\/api.w.org\/{rel}","templated":true}]}}