{"id":51308,"date":"2021-08-31T11:37:50","date_gmt":"2021-08-31T11:37:50","guid":{"rendered":"https:\/\/www.vallonchene.fr\/produit\/sequoiadendron-giganteum-powder-blue\/"},"modified":"2026-03-05T10:11:13","modified_gmt":"2026-03-05T09:11:13","slug":"sequoiadendron-giganteum-powder-blue","status":"publish","type":"product","link":"https:\/\/www.vallonchene.fr\/es\/producto\/sequoiadendron-giganteum-powder-blue\/","title":{"rendered":"SEQUOIADENDRON giganteum &#8216;Powder Blue&#8217;"},"content":{"rendered":"<h2>La Planta<\/h2>\n<p>El <strong>SEQUOIADENDRON giganteum &#8216;Powder Blue&#8217;<\/strong> es probablemente la <strong>secoya gigante<\/strong> con el <strong>follaje m\u00e1s azul hasta ahora<\/strong>. El color es realmente <strong>muy luminoso<\/strong> (ver fotos). Es una variante muy rara. Es mucho m\u00e1s azul que el SEQUOIADENDRON giganteum &#8216;Glaucum&#8217; cl\u00e1sico.   <\/p>\n<p>A pesar de que se trata de una secoya gigante, <strong>este \u00e1rbol no superar\u00e1 los 3 metros de di\u00e1metro y los 8 metros de altura despu\u00e9s de unos veinte a\u00f1os<\/strong>. Por ello, se adapta muy bien tambi\u00e9n a los jardines de tama\u00f1o medio. <\/p>\n<p>Adem\u00e1s, su <strong>porte c\u00f3nico muy regular y su silueta esbelta<\/strong> lo convierten en un elemento estructural importante durante todo el a\u00f1o. Asimismo, ustedes pueden conservar las ramas de la base o eliminarlas para crear un nuevo espacio protegido bajo esta magn\u00edfica planta. <\/p>\n<p>Finalmente, esta secoya de <strong>crecimiento moderado<\/strong> dispone de un anclaje muy s\u00f3lido y la hace <strong>particularmente resistente al viento<\/strong>. Adem\u00e1s, es <strong>perfectamente r\u00fastica<\/strong>, ya que ha resistido temperaturas por debajo de -22 \u00b0C en el <strong><a href=\"https:\/\/jardin.vallonchene.fr\/es\/\">Jard\u00edn de Vallonch\u00eane<\/a><\/strong>. <\/p>\n<h2>Historia y Origen<\/h2>\n<p>El <em>SEQUOIADENDRON giganteum &#8216;Powder Blue&#8217;<\/em> fue seleccionado en el vivero Peacedale en Estados Unidos antes de 1999 porque se distingu\u00eda por su follaje de un azul intenso excepcional.<\/p>\n<p>La especie tipo <em>SEQUOIADENDRON giganteum<\/em> proviene de las monta\u00f1as de Sierra Nevada en California. Es la \u00fanica especie del g\u00e9nero y se considera el \u00e1rbol m\u00e1s grande del mundo en t\u00e9rminos de volumen. <\/p>\n<p>Fue solo hacia finales del siglo XX cuando los viveros comenzaron a seleccionar y desarrollar variantes particulares como el <em>S. giganteum &#8216;Glaucum&#8217;<\/em> o el <em>S. giganteum &#8216;Pendulum&#8217;<\/em>.<\/p>\n<h2>\u00bfC\u00f3mo plantar y cuidar el SEQUOIADENDRON giganteum &#8216;Powder Blue&#8217;?<\/h2>\n<h3>La Plantaci\u00f3n<\/h3>\n<p>Es una planta bastante sencilla de cultivar. Sin embargo, es importante tener en cuenta los siguientes puntos: <\/p>\n<ol>\n<li><strong>Elijan un lugar a pleno sol<\/strong>, ya que este es esencial para obtener la coloraci\u00f3n m\u00e1s intensa. Cuanto m\u00e1s sol directo reciba la planta, m\u00e1s intensa ser\u00e1 la tonalidad de su follaje. <\/li>\n<li>Teniendo en cuenta su escasa ocupaci\u00f3n en el suelo, esto puede ser <strong>en un macizo o de manera aislada<\/strong>.<\/li>\n<li>Este \u00e1rbol <strong>acepta un suelo ligero, normal, pesado e incluso muy pesado<\/strong>, lo cual es excepcional.<\/li>\n<li>La tierra puede ser <strong>fresca a h\u00fameda, medianamente h\u00fameda o seca<\/strong> con un <strong>pH \u00e1cido, neutro o calc\u00e1reo<\/strong>.<\/li>\n<li><a href=\"https:\/\/www.vallonchene.fr\/comment-planter-et-entretenir-des-vegetaux\/comment-planter-et-entretenir-arbres-arbustes-et-coniferes\/\" target=\"_blank\" rel=\"noreferrer noopener\"><strong>Para una buena preparaci\u00f3n del hoyo de plantaci\u00f3n, hemos dise\u00f1ado instrucciones espec\u00edficas disponibles aqu\u00ed<\/strong><\/a>.<\/li>\n<\/ol>\n<h3>El cuidado<br \/><\/h3>\n<p>Durante los dos primeros a\u00f1os, aseguren un riego regular durante los per\u00edodos secos para garantizar una buena recuperaci\u00f3n. Adem\u00e1s, si desean acelerar su crecimiento, tengan en cuenta que crecer\u00e1 mucho m\u00e1s r\u00e1pido si le dan abundante agua durante los per\u00edodos secos (incluso despu\u00e9s de los dos primeros a\u00f1os). <a href=\"https:\/\/www.vallonchene.fr\/comment-bien-arroser-le-jardin-et-economiser-leau\/\"><strong>Lean tambi\u00e9n nuestros consejos sobre c\u00f3mo regar bien y ahorrar agua aqu\u00ed. <\/strong><\/a>  <\/p>\n<p><strong>Las ramas de la base pueden permanecer en la planta, ya que se mantienen hermosas durante toda la vida de la planta.<\/strong> No obstante, ustedes tambi\u00e9n pueden quitar las ramas de la base para revelar su <strong>magn\u00edfico tronco<\/strong> y crear un nuevo espacio protegido del sol.<\/p>\n<p>&nbsp;<\/p>\n<p>&nbsp;<\/p>\n","protected":false},"excerpt":{"rendered":"<p>Esta <strong>secoya gigante<\/strong> es de un color extremadamente azul. <g id=\"gid_1\">SEQUOIADENDRON giganteum &#8216;Powder Blue&#8217;<\/g> es una planta muy resistente y duradera al viento. De crecimiento reducido, es adecuada para jardines de tama\u00f1o medio.  <\/p>\n","protected":false},"featured_media":56468,"comment_status":"open","ping_status":"closed","template":"","meta":[],"product_brand":[],"product_cat":[11502],"product_tag":[12115,12114,12113],"class_list":{"0":"post-51308","1":"product","2":"type-product","3":"status-publish","4":"has-post-thumbnail","6":"product_cat-coniferas","7":"product_tag-secoya-gigante-azul","8":"product_tag-sequoiadendron-es","9":"product_tag-sequoiadendron-giganteum-es","10":"pa_99-hauteurapproximativeapres1-3-a-5-m","11":"pa_couleurdufeuillage-azul","12":"pa_exigencesenhumidite-moderadamente-humedo-a-humedo","13":"pa_exigencesenhumidite-promedio","14":"pa_exigencesenhumidite-seco","15":"pa_expositionspossibles-pleno-sol-de-12-a-17-min","16":"pa_hauteurlivree-125-a-150-cm-es","17":"pa_hauteurlivree-150-a-175-cm-es","18":"pa_hauteurlivree-30-a-40-cm-es","19":"pa_hauteurlivree-40-a-50-cm-es","20":"pa_hauteurlivree-50-a-60-cm-es","21":"pa_hauteurlivree-80-a-100-cm-es","22":"pa_interetauprintemps-follaje","23":"pa_interetauprintemps-habitus","24":"pa_interetenautomne-follaje","25":"pa_interetenautomne-habitus","26":"pa_interetenete-follaje","27":"pa_interetenete-habitus","28":"pa_interetenhiver-follaje","29":"pa_interetenhiver-habitus","30":"pa_naturedufeuillage-siempreverde","31":"pa_naturesdesolpossibles-ligero","32":"pa_naturesdesolpossibles-muy-pesado","33":"pa_naturesdesolpossibles-normal-es","34":"pa_naturesdesolpossibles-pesado","35":"pa_particularites-habitus","36":"pa_periodedetaille-marzo","37":"pa_phdusolacceptable-acido-menos-de-6_5","38":"pa_phdusolacceptable-calcareo-mas-de-7_5","39":"pa_phdusolacceptable-neutro-entre-6_5-y-7_5","40":"pa_portgraphisme-conico","41":"pa_resistanceaufroidrusticite-resistente-por-debajo-de-menos-20-c","42":"pa_tailledepot-maceta-de-10-litros","43":"pa_tailledepot-maceta-de-3-litros","44":"pa_tailledepot-maceta-de-5-litros","45":"pa_tailledepot-maceta-de-7_5-litros","46":"pa_utilisationpossible-aislado","47":"pa_utilisationpossible-arriate","49":"first","50":"outofstock","51":"taxable","52":"shipping-taxable","53":"purchasable","54":"product-type-variable","55":"has-default-attributes"},"supplier_id":null,"supplier_sku":"","barcode":null,"atum_controlled":true,"out_stock_date":null,"out_stock_threshold":null,"inheritable":true,"inbound_stock":0,"stock_on_hold":0,"sold_today":0,"sales_last_days":0,"reserved_stock":0,"customer_returns":0,"warehouse_damage":0,"lost_in_post":0,"other_logs":0,"out_stock_days":null,"lost_sales":0,"has_location":false,"update_date":"2026-04-20T07:35:07","atum_locations":[],"atum_stock_status":"instock","restock_status":false,"low_stock_amount":"","sales_update_date":"2026-03-05T09:09:21","calc_backorders":null,"yoast_head":"<!-- This site is optimized with the Yoast SEO Premium plugin v27.5 (Yoast SEO v27.5) - https:\/\/yoast.com\/product\/yoast-seo-premium-wordpress\/ -->\n<title>SEQUOIADENDRON giganteum &#039;Powder Blue&#039; - secoya gigante<\/title>\n<meta name=\"description\" content=\"Esta secoya gigante es de un color extremadamente azul. SEQUOIADENDRON giganteum &#039;Powder Blue&#039; es una planta muy resistente y duradera al viento.\" \/>\n<meta name=\"robots\" content=\"index, follow, max-snippet:-1, max-image-preview:large, max-video-preview:-1\" \/>\n<link rel=\"canonical\" href=\"https:\/\/www.vallonchene.fr\/es\/producto\/sequoiadendron-giganteum-powder-blue\/\" \/>\n<meta property=\"og:locale\" content=\"es_ES\" \/>\n<meta property=\"og:type\" content=\"article\" \/>\n<meta property=\"og:title\" content=\"SEQUOIADENDRON giganteum &#039;Powder Blue&#039;\" \/>\n<meta property=\"og:description\" content=\"Esta secoya gigante es de un color extremadamente azul. SEQUOIADENDRON giganteum &#039;Powder Blue&#039; es una planta muy resistente y duradera al viento.\" \/>\n<meta property=\"og:url\" content=\"https:\/\/www.vallonchene.fr\/es\/producto\/sequoiadendron-giganteum-powder-blue\/\" \/>\n<meta property=\"og:site_name\" content=\"Vallonch\u00eane\" \/>\n<meta property=\"article:publisher\" content=\"https:\/\/www.facebook.com\/vallonchene.fr\" \/>\n<meta property=\"article:modified_time\" content=\"2026-03-05T09:11:13+00:00\" \/>\n<meta property=\"og:image\" content=\"https:\/\/www.vallonchene.fr\/wp-content\/uploads\/2025\/12\/SEQUOIADENDRON-giganteum-Powder-Blue.webp\" \/>\n\t<meta property=\"og:image:width\" content=\"1024\" \/>\n\t<meta property=\"og:image:height\" content=\"1024\" \/>\n\t<meta property=\"og:image:type\" content=\"image\/webp\" \/>\n<meta name=\"twitter:card\" content=\"summary_large_image\" \/>\n<meta name=\"twitter:label1\" content=\"Disponibilidad\" \/>\n\t<meta name=\"twitter:data1\" content=\"Agotado\" \/>\n<script type=\"application\/ld+json\" class=\"yoast-schema-graph\">{\"@context\":\"https:\\\/\\\/schema.org\",\"@graph\":[{\"@type\":\"WebPage\",\"@id\":\"https:\\\/\\\/www.vallonchene.fr\\\/es\\\/producto\\\/sequoiadendron-giganteum-powder-blue\\\/\",\"url\":\"https:\\\/\\\/www.vallonchene.fr\\\/es\\\/producto\\\/sequoiadendron-giganteum-powder-blue\\\/\",\"name\":\"SEQUOIADENDRON giganteum 'Powder Blue' - secoya gigante\",\"isPartOf\":{\"@id\":\"https:\\\/\\\/www.vallonchene.fr\\\/es\\\/#website\"},\"primaryImageOfPage\":{\"@id\":\"https:\\\/\\\/www.vallonchene.fr\\\/es\\\/producto\\\/sequoiadendron-giganteum-powder-blue\\\/#primaryimage\"},\"image\":{\"@id\":\"https:\\\/\\\/www.vallonchene.fr\\\/es\\\/producto\\\/sequoiadendron-giganteum-powder-blue\\\/#primaryimage\"},\"thumbnailUrl\":\"https:\\\/\\\/www.vallonchene.fr\\\/wp-content\\\/uploads\\\/2025\\\/12\\\/SEQUOIADENDRON-giganteum-Powder-Blue.webp\",\"datePublished\":\"2021-08-31T11:37:50+00:00\",\"dateModified\":\"2026-03-05T09:11:13+00:00\",\"description\":\"Esta secoya gigante es de un color extremadamente azul. SEQUOIADENDRON giganteum 'Powder Blue' es una planta muy resistente y duradera al viento.\",\"breadcrumb\":{\"@id\":\"https:\\\/\\\/www.vallonchene.fr\\\/es\\\/producto\\\/sequoiadendron-giganteum-powder-blue\\\/#breadcrumb\"},\"inLanguage\":\"es\",\"potentialAction\":[{\"@type\":\"ReadAction\",\"target\":[\"https:\\\/\\\/www.vallonchene.fr\\\/es\\\/producto\\\/sequoiadendron-giganteum-powder-blue\\\/\"]}]},{\"@type\":\"ImageObject\",\"inLanguage\":\"es\",\"@id\":\"https:\\\/\\\/www.vallonchene.fr\\\/es\\\/producto\\\/sequoiadendron-giganteum-powder-blue\\\/#primaryimage\",\"url\":\"https:\\\/\\\/www.vallonchene.fr\\\/wp-content\\\/uploads\\\/2025\\\/12\\\/SEQUOIADENDRON-giganteum-Powder-Blue.webp\",\"contentUrl\":\"https:\\\/\\\/www.vallonchene.fr\\\/wp-content\\\/uploads\\\/2025\\\/12\\\/SEQUOIADENDRON-giganteum-Powder-Blue.webp\",\"width\":1024,\"height\":1024,\"caption\":\"Un SEQUOIA giganteum 'Powder Blue' en azul gris\u00e1ceo\"},{\"@type\":\"BreadcrumbList\",\"@id\":\"https:\\\/\\\/www.vallonchene.fr\\\/es\\\/producto\\\/sequoiadendron-giganteum-powder-blue\\\/#breadcrumb\",\"itemListElement\":[{\"@type\":\"ListItem\",\"position\":1,\"name\":\"Home\",\"item\":\"https:\\\/\\\/www.vallonchene.fr\\\/es\\\/\"},{\"@type\":\"ListItem\",\"position\":2,\"name\":\"Tienda\",\"item\":\"https:\\\/\\\/www.vallonchene.fr\\\/tienda\\\/\"},{\"@type\":\"ListItem\",\"position\":3,\"name\":\"Venta en linea\",\"item\":\"https:\\\/\\\/www.vallonchene.fr\\\/es\\\/categoria-producto\\\/venta-en-linea\\\/\"},{\"@type\":\"ListItem\",\"position\":4,\"name\":\"Vivero\",\"item\":\"https:\\\/\\\/www.vallonchene.fr\\\/es\\\/categoria-producto\\\/venta-en-linea\\\/vivero\\\/\"},{\"@type\":\"ListItem\",\"position\":5,\"name\":\"Coniferas\",\"item\":\"https:\\\/\\\/www.vallonchene.fr\\\/es\\\/categoria-producto\\\/venta-en-linea\\\/vivero\\\/coniferas\\\/\"},{\"@type\":\"ListItem\",\"position\":6,\"name\":\"SEQUOIADENDRON giganteum &#8216;Powder Blue&#8217;\"}]},{\"@type\":\"WebSite\",\"@id\":\"https:\\\/\\\/www.vallonchene.fr\\\/es\\\/#website\",\"url\":\"https:\\\/\\\/www.vallonchene.fr\\\/es\\\/\",\"name\":\"Vallonch\u00eane\",\"description\":\"El vivero donde la calidad tiene sus ra\u00edces \u2013 Tel.: +33 (0)2.35.90.02.02\",\"publisher\":{\"@id\":\"https:\\\/\\\/www.vallonchene.fr\\\/es\\\/#organization\"},\"potentialAction\":[{\"@type\":\"SearchAction\",\"target\":{\"@type\":\"EntryPoint\",\"urlTemplate\":\"https:\\\/\\\/www.vallonchene.fr\\\/es\\\/?s={search_term_string}\"},\"query-input\":{\"@type\":\"PropertyValueSpecification\",\"valueRequired\":true,\"valueName\":\"search_term_string\"}}],\"inLanguage\":\"es\"},{\"@type\":\"Organization\",\"@id\":\"https:\\\/\\\/www.vallonchene.fr\\\/es\\\/#organization\",\"name\":\"VALLONCHENE\",\"url\":\"https:\\\/\\\/www.vallonchene.fr\\\/es\\\/\",\"logo\":{\"@type\":\"ImageObject\",\"inLanguage\":\"es\",\"@id\":\"https:\\\/\\\/www.vallonchene.fr\\\/es\\\/#\\\/schema\\\/logo\\\/image\\\/\",\"url\":\"https:\\\/\\\/www.vallonchene.fr\\\/wp-content\\\/uploads\\\/2023\\\/03\\\/Logo-Vallonchene-site-et-R_hauteur_100.png\",\"contentUrl\":\"https:\\\/\\\/www.vallonchene.fr\\\/wp-content\\\/uploads\\\/2023\\\/03\\\/Logo-Vallonchene-site-et-R_hauteur_100.png\",\"width\":221,\"height\":100,\"caption\":\"VALLONCHENE\"},\"image\":{\"@id\":\"https:\\\/\\\/www.vallonchene.fr\\\/es\\\/#\\\/schema\\\/logo\\\/image\\\/\"},\"sameAs\":[\"https:\\\/\\\/www.facebook.com\\\/vallonchene.fr\",\"https:\\\/\\\/www.instagram.com\\\/vallonchene\\\/\",\"https:\\\/\\\/www.pinterest.fr\\\/vallonchene\\\/\"],\"taxID\":\"49454502300017\",\"hasMerchantReturnPolicy\":{\"@type\":\"MerchantReturnPolicy\",\"merchantReturnLink\":\"https:\\\/\\\/www.vallonchene.fr\\\/remboursements_retours\\\/\"}}]}<\/script>\n<meta property=\"og:availability\" content=\"out of stock\" \/>\n<meta property=\"product:availability\" content=\"out of stock\" \/>\n<meta property=\"product:retailer_item_id\" content=\"66877\" \/>\n<meta property=\"product:condition\" content=\"new\" \/>\n<!-- \/ Yoast SEO Premium plugin. -->","yoast_head_json":{"title":"SEQUOIADENDRON giganteum 'Powder Blue' - secoya gigante","description":"Esta secoya gigante es de un color extremadamente azul. SEQUOIADENDRON giganteum 'Powder Blue' es una planta muy resistente y duradera al viento.","robots":{"index":"index","follow":"follow","max-snippet":"max-snippet:-1","max-image-preview":"max-image-preview:large","max-video-preview":"max-video-preview:-1"},"canonical":"https:\/\/www.vallonchene.fr\/es\/producto\/sequoiadendron-giganteum-powder-blue\/","og_locale":"es_ES","og_type":"article","og_title":"SEQUOIADENDRON giganteum 'Powder Blue'","og_description":"Esta secoya gigante es de un color extremadamente azul. SEQUOIADENDRON giganteum 'Powder Blue' es una planta muy resistente y duradera al viento.","og_url":"https:\/\/www.vallonchene.fr\/es\/producto\/sequoiadendron-giganteum-powder-blue\/","og_site_name":"Vallonch\u00eane","article_publisher":"https:\/\/www.facebook.com\/vallonchene.fr","article_modified_time":"2026-03-05T09:11:13+00:00","og_image":[{"width":1024,"height":1024,"url":"https:\/\/www.vallonchene.fr\/wp-content\/uploads\/2025\/12\/SEQUOIADENDRON-giganteum-Powder-Blue.webp","type":"image\/webp"}],"twitter_card":"summary_large_image","twitter_misc":{"Disponibilidad":"Agotado"},"schema":{"@context":"https:\/\/schema.org","@graph":[{"@type":"WebPage","@id":"https:\/\/www.vallonchene.fr\/es\/producto\/sequoiadendron-giganteum-powder-blue\/","url":"https:\/\/www.vallonchene.fr\/es\/producto\/sequoiadendron-giganteum-powder-blue\/","name":"SEQUOIADENDRON giganteum 'Powder Blue' - secoya gigante","isPartOf":{"@id":"https:\/\/www.vallonchene.fr\/es\/#website"},"primaryImageOfPage":{"@id":"https:\/\/www.vallonchene.fr\/es\/producto\/sequoiadendron-giganteum-powder-blue\/#primaryimage"},"image":{"@id":"https:\/\/www.vallonchene.fr\/es\/producto\/sequoiadendron-giganteum-powder-blue\/#primaryimage"},"thumbnailUrl":"https:\/\/www.vallonchene.fr\/wp-content\/uploads\/2025\/12\/SEQUOIADENDRON-giganteum-Powder-Blue.webp","datePublished":"2021-08-31T11:37:50+00:00","dateModified":"2026-03-05T09:11:13+00:00","description":"Esta secoya gigante es de un color extremadamente azul. SEQUOIADENDRON giganteum 'Powder Blue' es una planta muy resistente y duradera al viento.","breadcrumb":{"@id":"https:\/\/www.vallonchene.fr\/es\/producto\/sequoiadendron-giganteum-powder-blue\/#breadcrumb"},"inLanguage":"es","potentialAction":[{"@type":"ReadAction","target":["https:\/\/www.vallonchene.fr\/es\/producto\/sequoiadendron-giganteum-powder-blue\/"]}]},{"@type":"ImageObject","inLanguage":"es","@id":"https:\/\/www.vallonchene.fr\/es\/producto\/sequoiadendron-giganteum-powder-blue\/#primaryimage","url":"https:\/\/www.vallonchene.fr\/wp-content\/uploads\/2025\/12\/SEQUOIADENDRON-giganteum-Powder-Blue.webp","contentUrl":"https:\/\/www.vallonchene.fr\/wp-content\/uploads\/2025\/12\/SEQUOIADENDRON-giganteum-Powder-Blue.webp","width":1024,"height":1024,"caption":"Un SEQUOIA giganteum 'Powder Blue' en azul gris\u00e1ceo"},{"@type":"BreadcrumbList","@id":"https:\/\/www.vallonchene.fr\/es\/producto\/sequoiadendron-giganteum-powder-blue\/#breadcrumb","itemListElement":[{"@type":"ListItem","position":1,"name":"Home","item":"https:\/\/www.vallonchene.fr\/es\/"},{"@type":"ListItem","position":2,"name":"Tienda","item":"https:\/\/www.vallonchene.fr\/tienda\/"},{"@type":"ListItem","position":3,"name":"Venta en linea","item":"https:\/\/www.vallonchene.fr\/es\/categoria-producto\/venta-en-linea\/"},{"@type":"ListItem","position":4,"name":"Vivero","item":"https:\/\/www.vallonchene.fr\/es\/categoria-producto\/venta-en-linea\/vivero\/"},{"@type":"ListItem","position":5,"name":"Coniferas","item":"https:\/\/www.vallonchene.fr\/es\/categoria-producto\/venta-en-linea\/vivero\/coniferas\/"},{"@type":"ListItem","position":6,"name":"SEQUOIADENDRON giganteum &#8216;Powder Blue&#8217;"}]},{"@type":"WebSite","@id":"https:\/\/www.vallonchene.fr\/es\/#website","url":"https:\/\/www.vallonchene.fr\/es\/","name":"Vallonch\u00eane","description":"El vivero donde la calidad tiene sus ra\u00edces \u2013 Tel.: +33 (0)2.35.90.02.02","publisher":{"@id":"https:\/\/www.vallonchene.fr\/es\/#organization"},"potentialAction":[{"@type":"SearchAction","target":{"@type":"EntryPoint","urlTemplate":"https:\/\/www.vallonchene.fr\/es\/?s={search_term_string}"},"query-input":{"@type":"PropertyValueSpecification","valueRequired":true,"valueName":"search_term_string"}}],"inLanguage":"es"},{"@type":"Organization","@id":"https:\/\/www.vallonchene.fr\/es\/#organization","name":"VALLONCHENE","url":"https:\/\/www.vallonchene.fr\/es\/","logo":{"@type":"ImageObject","inLanguage":"es","@id":"https:\/\/www.vallonchene.fr\/es\/#\/schema\/logo\/image\/","url":"https:\/\/www.vallonchene.fr\/wp-content\/uploads\/2023\/03\/Logo-Vallonchene-site-et-R_hauteur_100.png","contentUrl":"https:\/\/www.vallonchene.fr\/wp-content\/uploads\/2023\/03\/Logo-Vallonchene-site-et-R_hauteur_100.png","width":221,"height":100,"caption":"VALLONCHENE"},"image":{"@id":"https:\/\/www.vallonchene.fr\/es\/#\/schema\/logo\/image\/"},"sameAs":["https:\/\/www.facebook.com\/vallonchene.fr","https:\/\/www.instagram.com\/vallonchene\/","https:\/\/www.pinterest.fr\/vallonchene\/"],"taxID":"49454502300017","hasMerchantReturnPolicy":{"@type":"MerchantReturnPolicy","merchantReturnLink":"https:\/\/www.vallonchene.fr\/remboursements_retours\/"}}]},"og_availability":"out of stock","product_availability":"out of stock","product_retailer_item_id":"66877","product_condition":"new"},"_links":{"self":[{"href":"https:\/\/www.vallonchene.fr\/es\/wp-json\/wp\/v2\/product\/51308","targetHints":{"allow":["GET"]}}],"collection":[{"href":"https:\/\/www.vallonchene.fr\/es\/wp-json\/wp\/v2\/product"}],"about":[{"href":"https:\/\/www.vallonchene.fr\/es\/wp-json\/wp\/v2\/types\/product"}],"replies":[{"embeddable":true,"href":"https:\/\/www.vallonchene.fr\/es\/wp-json\/wp\/v2\/comments?post=51308"}],"wp:featuredmedia":[{"embeddable":true,"href":"https:\/\/www.vallonchene.fr\/es\/wp-json\/wp\/v2\/media\/56468"}],"wp:attachment":[{"href":"https:\/\/www.vallonchene.fr\/es\/wp-json\/wp\/v2\/media?parent=51308"}],"wp:term":[{"taxonomy":"product_brand","embeddable":true,"href":"https:\/\/www.vallonchene.fr\/es\/wp-json\/wp\/v2\/product_brand?post=51308"},{"taxonomy":"product_cat","embeddable":true,"href":"https:\/\/www.vallonchene.fr\/es\/wp-json\/wp\/v2\/product_cat?post=51308"},{"taxonomy":"product_tag","embeddable":true,"href":"https:\/\/www.vallonchene.fr\/es\/wp-json\/wp\/v2\/product_tag?post=51308"}],"curies":[{"name":"wp","href":"https:\/\/api.w.org\/{rel}","templated":true}]}}