{"id":51265,"date":"2021-08-31T11:29:08","date_gmt":"2021-08-31T10:29:08","guid":{"rendered":"https:\/\/www.vallonchene.fr\/produit\/pinus-thunbergii-thunderhead\/"},"modified":"2025-09-15T09:47:20","modified_gmt":"2025-09-15T07:47:20","slug":"pinus-thunbergii-thunderhead","status":"publish","type":"product","link":"https:\/\/www.vallonchene.fr\/es\/producto\/pinus-thunbergii-thunderhead\/","title":{"rendered":"PINUS thunbergii &#8216;Thunderhead&#8217;"},"content":{"rendered":"<h2>La Planta<\/h2>\n<p>El <strong>PINUS thunbergii &#8216;Thunderhead&#8217;<\/strong> crece lentamente. Por esta raz\u00f3n, este <strong>pino japon\u00e9s de Thunberg<\/strong> no superar\u00e1 los 2 m despu\u00e9s de unos veinte a\u00f1os (vea el ejemplar en nuestra foto). Finalmente, <strong>se desarrolla tanto en altura como en anchura<\/strong>. Al envejecer, se parece casi a un osito con su forma redonda.<br \/>\nLas <strong>agujas de un verde oscuro<\/strong> se acumulan de manera <strong>muy densa<\/strong> alrededor de sus ramas.<br \/>\nLuego, a principios de primavera, las nuevas brotaciones comienzan a crecer. Estas se parecen a <strong>velas de un tono gris claro<\/strong>, incluso blanco y miden de <strong>10 a 15 cm<\/strong>. Destaca as\u00ed sobre las agujas verde oscuro bastante largas. Para ver todos los PINUS que ofrecemos actualmente a la venta, <strong><a href=\"https:\/\/www.vallonchene.fr\/?s=pinus&amp;post_type=product&amp;dgwt_wcas=1&amp;lang=fr&amp;filter_stock_status=instock\">por favor haga clic aqu\u00ed<\/a><\/strong>.     <\/p>\n<h2>\u00bfC\u00f3mo plantar el PINUS thunbergii &#8216;Thunderhead&#8217;?<\/h2>\n<p>Plante este pino negro japon\u00e9s en un lugar a <strong>pleno sol<\/strong> o <strong>semisombra<\/strong>. Se encontrar\u00e1 bien en un suelo <strong>ligero<\/strong>, <strong>normal<\/strong> o <strong>pesado<\/strong> con un <strong>pH \u00e1cido<\/strong>, <strong>neutro<\/strong> o <strong>calc\u00e1reo<\/strong>. El lugar puede ser <strong>medianamente h\u00famedo<\/strong> o <strong>seco<\/strong>.<br \/>\nDada su reducida envergadura, puede instalarlo en un <strong>macizo<\/strong>. Si lo mantiene en una <strong>maceta<\/strong>, su desarrollo ser\u00e1 a\u00fan menor.   <\/p>\n<p>Para una preparaci\u00f3n \u00f3ptima del contenedor o del hoyo de plantaci\u00f3n, hemos elaborado unas <a href=\"https:\/\/www.vallonchene.fr\/comment-planter-et-entretenir-des-vegetaux\/\" target=\"_blank\" rel=\"noreferrer noopener\"><strong>instrucciones detalladas que puede consultar aqu\u00ed<\/strong><\/a>. Le invitamos a consultar tambi\u00e9n <a href=\"https:\/\/www.vallonchene.fr\/comment-bien-arroser-le-jardin-et-economiser-leau\/\"><strong>nuestros consejos sobre c\u00f3mo regar correctamente y ahorrar agua aqu\u00ed<\/strong><\/a>.<\/p>\n<h2>Historia y Origen<\/h2>\n<p>La especie tipo <em>PINUS thunbergii<\/em> tiene su origen en las zonas costeras de <a href=\"https:\/\/fr.wikipedia.org\/wiki\/Japon\" target=\"_blank\" rel=\"noopener\"><strong>Jap\u00f3n<\/strong><\/a> y <a href=\"https:\/\/fr.wikipedia.org\/wiki\/Cor%C3%A9e_du_Sud\" target=\"_blank\" rel=\"noopener\"><strong>Corea del Sur<\/strong><\/a>. Se considera en peligro en su h\u00e1bitat natural. El <em>PINUS thunbergii &#8216;Thunderhead&#8217;<\/em> puede casi considerarse enano sabiendo que la especie tipo puede alcanzar una altura de 40 metros. Los <em>P. thunbergii<\/em> son muy resistentes a la contaminaci\u00f3n y a la sal. Por otra parte, en Jap\u00f3n, los <em>P. thunbergii<\/em> tambi\u00e9n se conducen en <a href=\"https:\/\/fr.wikipedia.org\/wiki\/Niwaki\" target=\"_blank\" rel=\"noopener\"><strong>Niwaki<\/strong><\/a> (\u00e1rbol en nubes). Forma parte de los sujetos cl\u00e1sicos para el <a href=\"https:\/\/fr.wikipedia.org\/wiki\/Bonsa%C3%AF\" target=\"_blank\" rel=\"noopener\"><strong>bons\u00e1i<\/strong><\/a>.<br \/>Adem\u00e1s, la madera se explota para la fabricaci\u00f3n de postes, traviesas de ferrocarril, cercas o incluso palets. Asimismo, las agujas se utilizan en Corea para la fabricaci\u00f3n de galletas y bebidas medicinales. Finalmente, el <em>P. thunbergii<\/em> es la segunda con\u00edfera m\u00e1s plantada en Jap\u00f3n despu\u00e9s del <em>CRYPTOMERIA japonica<\/em>. <\/p>\n","protected":false},"excerpt":{"rendered":"<p>Este <strong>pino japon\u00e9s de Thunberg<\/strong> tiene una forma densa y redondeada. <strong>PINUS thunbergii &#8216;Thunderhead&#8217;<\/strong> tiene un crecimiento lento y se adapta bien a jardines peque\u00f1os. El follaje es verde. Es f\u00e1cil de podar y es muy resistente.   <\/p>\n","protected":false},"featured_media":51263,"comment_status":"open","ping_status":"closed","template":"","meta":[],"product_brand":[],"product_cat":[11502],"product_tag":[12097,12034,12096],"class_list":{"0":"post-51265","1":"product","2":"type-product","3":"status-publish","4":"has-post-thumbnail","6":"product_cat-coniferas","7":"product_tag-pino-japones-de-thunberg","8":"product_tag-pinus-es","9":"product_tag-pinus-thunbergii-es","10":"pa_99-hauteurapproximativeapres1-1_00-a-1_50-m","11":"pa_couleurdufeuillage-verde","12":"pa_exigencesenhumidite-promedio","13":"pa_exigencesenhumidite-seco","14":"pa_expositionspossibles-pleno-sol-de-12-a-17-min","15":"pa_expositionspossibles-sombra-parcial-evitar-el-sol-de-12-a-17-horas","16":"pa_hauteurlivree-25-a-30-cm-es","17":"pa_hauteurlivree-30-a-40-cm-es","18":"pa_hauteurlivree-40-a-50-cm-es","19":"pa_hauteurlivree-50-a-60-cm-es","20":"pa_hauteurlivree-60-a-80-cm-es","21":"pa_hauteurlivree-70-a-80-cm-es","22":"pa_interetauprintemps-follaje","23":"pa_interetauprintemps-habitus","24":"pa_interetenautomne-follaje","25":"pa_interetenautomne-habitus","26":"pa_interetenete-follaje","27":"pa_interetenete-habitus","28":"pa_interetenhiver-follaje","29":"pa_interetenhiver-habitus","30":"pa_naturedufeuillage-siempreverde","31":"pa_naturesdesolpossibles-ligero","32":"pa_naturesdesolpossibles-normal-es","33":"pa_naturesdesolpossibles-pesado","34":"pa_particularites-adecuado-para-bonsai","35":"pa_particularites-habitus","36":"pa_periodedetaille-marzo","37":"pa_phdusolacceptable-acido-menos-de-6_5","38":"pa_phdusolacceptable-calcareo-mas-de-7_5","39":"pa_phdusolacceptable-neutro-entre-6_5-y-7_5","40":"pa_portgraphisme-globoso","41":"pa_resistanceaufroidrusticite-resistente-por-debajo-de-menos-20-c","42":"pa_tailledepot-maceta-de-15-litros","43":"pa_tailledepot-maceta-de-20-litros","44":"pa_tailledepot-maceta-de-4-litros","45":"pa_tailledepot-maceta-de-7_5-litros","46":"pa_utilisationpossible-arriate","47":"pa_utilisationpossible-contenedor-o-olla","49":"first","50":"instock","51":"taxable","52":"shipping-taxable","53":"purchasable","54":"product-type-variable"},"supplier_id":null,"supplier_sku":"","barcode":null,"atum_controlled":true,"out_stock_date":null,"out_stock_threshold":null,"inheritable":true,"inbound_stock":0,"stock_on_hold":0,"sold_today":0,"sales_last_days":0,"reserved_stock":0,"customer_returns":0,"warehouse_damage":0,"lost_in_post":0,"other_logs":0,"out_stock_days":null,"lost_sales":0,"has_location":false,"update_date":"2026-04-02T12:54:36","atum_locations":[],"atum_stock_status":"instock","restock_status":false,"low_stock_amount":"","sales_update_date":"2026-02-18T13:25:15","calc_backorders":null,"yoast_head":"<!-- This site is optimized with the Yoast SEO Premium plugin v27.5 (Yoast SEO v27.5) - https:\/\/yoast.com\/product\/yoast-seo-premium-wordpress\/ -->\n<title>PINUS thunbergii &#039;Thunderhead&#039; - pino japon\u00e9s de Thunberg<\/title>\n<meta name=\"description\" content=\"Este pino japon\u00e9s de Thunberg tiene una forma densa y redondeada. PINUS thunbergii &#039;Thunderhead&#039; tiene un crecimiento lento. El follaje es de color verde oscuro.\" \/>\n<meta name=\"robots\" content=\"index, follow, max-snippet:-1, max-image-preview:large, max-video-preview:-1\" \/>\n<link rel=\"canonical\" href=\"https:\/\/www.vallonchene.fr\/es\/producto\/pinus-thunbergii-thunderhead\/\" \/>\n<meta property=\"og:locale\" content=\"es_ES\" \/>\n<meta property=\"og:type\" content=\"article\" \/>\n<meta property=\"og:title\" content=\"PINUS thunbergii &#039;Thunderhead&#039;\" \/>\n<meta property=\"og:description\" content=\"Este pino japon\u00e9s de Thunberg tiene una forma densa y redondeada. PINUS thunbergii &#039;Thunderhead&#039; tiene un crecimiento lento. El follaje es de color verde oscuro.\" \/>\n<meta property=\"og:url\" content=\"https:\/\/www.vallonchene.fr\/es\/producto\/pinus-thunbergii-thunderhead\/\" \/>\n<meta property=\"og:site_name\" content=\"Vallonch\u00eane\" \/>\n<meta property=\"article:publisher\" content=\"https:\/\/www.facebook.com\/vallonchene.fr\" \/>\n<meta property=\"article:modified_time\" content=\"2025-09-15T07:47:20+00:00\" \/>\n<meta property=\"og:image\" content=\"https:\/\/www.vallonchene.fr\/wp-content\/uploads\/2023\/11\/PINUS-thunbergi-Thunderhead.webp\" \/>\n\t<meta property=\"og:image:width\" content=\"1200\" \/>\n\t<meta property=\"og:image:height\" content=\"1200\" \/>\n\t<meta property=\"og:image:type\" content=\"image\/webp\" \/>\n<meta name=\"twitter:card\" content=\"summary_large_image\" \/>\n<meta name=\"twitter:label1\" content=\"Disponibilidad\" \/>\n\t<meta name=\"twitter:data1\" content=\"En stock\" \/>\n<script type=\"application\/ld+json\" class=\"yoast-schema-graph\">{\"@context\":\"https:\\\/\\\/schema.org\",\"@graph\":[{\"@type\":\"WebPage\",\"@id\":\"https:\\\/\\\/www.vallonchene.fr\\\/es\\\/producto\\\/pinus-thunbergii-thunderhead\\\/\",\"url\":\"https:\\\/\\\/www.vallonchene.fr\\\/es\\\/producto\\\/pinus-thunbergii-thunderhead\\\/\",\"name\":\"PINUS thunbergii 'Thunderhead' - pino japon\u00e9s de Thunberg\",\"isPartOf\":{\"@id\":\"https:\\\/\\\/www.vallonchene.fr\\\/es\\\/#website\"},\"primaryImageOfPage\":{\"@id\":\"https:\\\/\\\/www.vallonchene.fr\\\/es\\\/producto\\\/pinus-thunbergii-thunderhead\\\/#primaryimage\"},\"image\":{\"@id\":\"https:\\\/\\\/www.vallonchene.fr\\\/es\\\/producto\\\/pinus-thunbergii-thunderhead\\\/#primaryimage\"},\"thumbnailUrl\":\"https:\\\/\\\/www.vallonchene.fr\\\/wp-content\\\/uploads\\\/2023\\\/11\\\/PINUS-thunbergi-Thunderhead.webp\",\"datePublished\":\"2021-08-31T10:29:08+00:00\",\"dateModified\":\"2025-09-15T07:47:20+00:00\",\"description\":\"Este pino japon\u00e9s de Thunberg tiene una forma densa y redondeada. PINUS thunbergii 'Thunderhead' tiene un crecimiento lento. El follaje es de color verde oscuro.\",\"breadcrumb\":{\"@id\":\"https:\\\/\\\/www.vallonchene.fr\\\/es\\\/producto\\\/pinus-thunbergii-thunderhead\\\/#breadcrumb\"},\"inLanguage\":\"es\",\"potentialAction\":[{\"@type\":\"ReadAction\",\"target\":[\"https:\\\/\\\/www.vallonchene.fr\\\/es\\\/producto\\\/pinus-thunbergii-thunderhead\\\/\"]}]},{\"@type\":\"ImageObject\",\"inLanguage\":\"es\",\"@id\":\"https:\\\/\\\/www.vallonchene.fr\\\/es\\\/producto\\\/pinus-thunbergii-thunderhead\\\/#primaryimage\",\"url\":\"https:\\\/\\\/www.vallonchene.fr\\\/wp-content\\\/uploads\\\/2023\\\/11\\\/PINUS-thunbergi-Thunderhead.webp\",\"contentUrl\":\"https:\\\/\\\/www.vallonchene.fr\\\/wp-content\\\/uploads\\\/2023\\\/11\\\/PINUS-thunbergi-Thunderhead.webp\",\"width\":1200,\"height\":1200,\"caption\":\"Un ejemplar de PINUS thunbergii 'Thunderhead' de veinte a\u00f1os en Vallonch\u00eane\"},{\"@type\":\"BreadcrumbList\",\"@id\":\"https:\\\/\\\/www.vallonchene.fr\\\/es\\\/producto\\\/pinus-thunbergii-thunderhead\\\/#breadcrumb\",\"itemListElement\":[{\"@type\":\"ListItem\",\"position\":1,\"name\":\"Home\",\"item\":\"https:\\\/\\\/www.vallonchene.fr\\\/es\\\/\"},{\"@type\":\"ListItem\",\"position\":2,\"name\":\"Tienda\",\"item\":\"https:\\\/\\\/www.vallonchene.fr\\\/tienda\\\/\"},{\"@type\":\"ListItem\",\"position\":3,\"name\":\"PINUS thunbergii &#8216;Thunderhead&#8217;\"}]},{\"@type\":\"WebSite\",\"@id\":\"https:\\\/\\\/www.vallonchene.fr\\\/es\\\/#website\",\"url\":\"https:\\\/\\\/www.vallonchene.fr\\\/es\\\/\",\"name\":\"Vallonch\u00eane\",\"description\":\"El vivero donde la calidad tiene sus ra\u00edces \u2013 Tel.: +33 (0)2.35.90.02.02\",\"publisher\":{\"@id\":\"https:\\\/\\\/www.vallonchene.fr\\\/es\\\/#organization\"},\"potentialAction\":[{\"@type\":\"SearchAction\",\"target\":{\"@type\":\"EntryPoint\",\"urlTemplate\":\"https:\\\/\\\/www.vallonchene.fr\\\/es\\\/?s={search_term_string}\"},\"query-input\":{\"@type\":\"PropertyValueSpecification\",\"valueRequired\":true,\"valueName\":\"search_term_string\"}}],\"inLanguage\":\"es\"},{\"@type\":\"Organization\",\"@id\":\"https:\\\/\\\/www.vallonchene.fr\\\/es\\\/#organization\",\"name\":\"VALLONCHENE\",\"url\":\"https:\\\/\\\/www.vallonchene.fr\\\/es\\\/\",\"logo\":{\"@type\":\"ImageObject\",\"inLanguage\":\"es\",\"@id\":\"https:\\\/\\\/www.vallonchene.fr\\\/es\\\/#\\\/schema\\\/logo\\\/image\\\/\",\"url\":\"https:\\\/\\\/www.vallonchene.fr\\\/wp-content\\\/uploads\\\/2023\\\/03\\\/Logo-Vallonchene-site-et-R_hauteur_100.png\",\"contentUrl\":\"https:\\\/\\\/www.vallonchene.fr\\\/wp-content\\\/uploads\\\/2023\\\/03\\\/Logo-Vallonchene-site-et-R_hauteur_100.png\",\"width\":221,\"height\":100,\"caption\":\"VALLONCHENE\"},\"image\":{\"@id\":\"https:\\\/\\\/www.vallonchene.fr\\\/es\\\/#\\\/schema\\\/logo\\\/image\\\/\"},\"sameAs\":[\"https:\\\/\\\/www.facebook.com\\\/vallonchene.fr\",\"https:\\\/\\\/www.instagram.com\\\/vallonchene\\\/\",\"https:\\\/\\\/www.pinterest.fr\\\/vallonchene\\\/\"],\"taxID\":\"49454502300017\",\"hasMerchantReturnPolicy\":{\"@type\":\"MerchantReturnPolicy\",\"merchantReturnLink\":\"https:\\\/\\\/www.vallonchene.fr\\\/remboursements_retours\\\/\"}}]}<\/script>\n<meta property=\"og:availability\" content=\"instock\" \/>\n<meta property=\"product:availability\" content=\"instock\" \/>\n<meta property=\"product:retailer_item_id\" content=\"97911\" \/>\n<meta property=\"product:condition\" content=\"new\" \/>\n<!-- \/ Yoast SEO Premium plugin. -->","yoast_head_json":{"title":"PINUS thunbergii 'Thunderhead' - pino japon\u00e9s de Thunberg","description":"Este pino japon\u00e9s de Thunberg tiene una forma densa y redondeada. PINUS thunbergii 'Thunderhead' tiene un crecimiento lento. El follaje es de color verde oscuro.","robots":{"index":"index","follow":"follow","max-snippet":"max-snippet:-1","max-image-preview":"max-image-preview:large","max-video-preview":"max-video-preview:-1"},"canonical":"https:\/\/www.vallonchene.fr\/es\/producto\/pinus-thunbergii-thunderhead\/","og_locale":"es_ES","og_type":"article","og_title":"PINUS thunbergii 'Thunderhead'","og_description":"Este pino japon\u00e9s de Thunberg tiene una forma densa y redondeada. PINUS thunbergii 'Thunderhead' tiene un crecimiento lento. El follaje es de color verde oscuro.","og_url":"https:\/\/www.vallonchene.fr\/es\/producto\/pinus-thunbergii-thunderhead\/","og_site_name":"Vallonch\u00eane","article_publisher":"https:\/\/www.facebook.com\/vallonchene.fr","article_modified_time":"2025-09-15T07:47:20+00:00","og_image":[{"width":1200,"height":1200,"url":"https:\/\/www.vallonchene.fr\/wp-content\/uploads\/2023\/11\/PINUS-thunbergi-Thunderhead.webp","type":"image\/webp"}],"twitter_card":"summary_large_image","twitter_misc":{"Disponibilidad":"En stock"},"schema":{"@context":"https:\/\/schema.org","@graph":[{"@type":"WebPage","@id":"https:\/\/www.vallonchene.fr\/es\/producto\/pinus-thunbergii-thunderhead\/","url":"https:\/\/www.vallonchene.fr\/es\/producto\/pinus-thunbergii-thunderhead\/","name":"PINUS thunbergii 'Thunderhead' - pino japon\u00e9s de Thunberg","isPartOf":{"@id":"https:\/\/www.vallonchene.fr\/es\/#website"},"primaryImageOfPage":{"@id":"https:\/\/www.vallonchene.fr\/es\/producto\/pinus-thunbergii-thunderhead\/#primaryimage"},"image":{"@id":"https:\/\/www.vallonchene.fr\/es\/producto\/pinus-thunbergii-thunderhead\/#primaryimage"},"thumbnailUrl":"https:\/\/www.vallonchene.fr\/wp-content\/uploads\/2023\/11\/PINUS-thunbergi-Thunderhead.webp","datePublished":"2021-08-31T10:29:08+00:00","dateModified":"2025-09-15T07:47:20+00:00","description":"Este pino japon\u00e9s de Thunberg tiene una forma densa y redondeada. PINUS thunbergii 'Thunderhead' tiene un crecimiento lento. El follaje es de color verde oscuro.","breadcrumb":{"@id":"https:\/\/www.vallonchene.fr\/es\/producto\/pinus-thunbergii-thunderhead\/#breadcrumb"},"inLanguage":"es","potentialAction":[{"@type":"ReadAction","target":["https:\/\/www.vallonchene.fr\/es\/producto\/pinus-thunbergii-thunderhead\/"]}]},{"@type":"ImageObject","inLanguage":"es","@id":"https:\/\/www.vallonchene.fr\/es\/producto\/pinus-thunbergii-thunderhead\/#primaryimage","url":"https:\/\/www.vallonchene.fr\/wp-content\/uploads\/2023\/11\/PINUS-thunbergi-Thunderhead.webp","contentUrl":"https:\/\/www.vallonchene.fr\/wp-content\/uploads\/2023\/11\/PINUS-thunbergi-Thunderhead.webp","width":1200,"height":1200,"caption":"Un ejemplar de PINUS thunbergii 'Thunderhead' de veinte a\u00f1os en Vallonch\u00eane"},{"@type":"BreadcrumbList","@id":"https:\/\/www.vallonchene.fr\/es\/producto\/pinus-thunbergii-thunderhead\/#breadcrumb","itemListElement":[{"@type":"ListItem","position":1,"name":"Home","item":"https:\/\/www.vallonchene.fr\/es\/"},{"@type":"ListItem","position":2,"name":"Tienda","item":"https:\/\/www.vallonchene.fr\/tienda\/"},{"@type":"ListItem","position":3,"name":"PINUS thunbergii &#8216;Thunderhead&#8217;"}]},{"@type":"WebSite","@id":"https:\/\/www.vallonchene.fr\/es\/#website","url":"https:\/\/www.vallonchene.fr\/es\/","name":"Vallonch\u00eane","description":"El vivero donde la calidad tiene sus ra\u00edces \u2013 Tel.: +33 (0)2.35.90.02.02","publisher":{"@id":"https:\/\/www.vallonchene.fr\/es\/#organization"},"potentialAction":[{"@type":"SearchAction","target":{"@type":"EntryPoint","urlTemplate":"https:\/\/www.vallonchene.fr\/es\/?s={search_term_string}"},"query-input":{"@type":"PropertyValueSpecification","valueRequired":true,"valueName":"search_term_string"}}],"inLanguage":"es"},{"@type":"Organization","@id":"https:\/\/www.vallonchene.fr\/es\/#organization","name":"VALLONCHENE","url":"https:\/\/www.vallonchene.fr\/es\/","logo":{"@type":"ImageObject","inLanguage":"es","@id":"https:\/\/www.vallonchene.fr\/es\/#\/schema\/logo\/image\/","url":"https:\/\/www.vallonchene.fr\/wp-content\/uploads\/2023\/03\/Logo-Vallonchene-site-et-R_hauteur_100.png","contentUrl":"https:\/\/www.vallonchene.fr\/wp-content\/uploads\/2023\/03\/Logo-Vallonchene-site-et-R_hauteur_100.png","width":221,"height":100,"caption":"VALLONCHENE"},"image":{"@id":"https:\/\/www.vallonchene.fr\/es\/#\/schema\/logo\/image\/"},"sameAs":["https:\/\/www.facebook.com\/vallonchene.fr","https:\/\/www.instagram.com\/vallonchene\/","https:\/\/www.pinterest.fr\/vallonchene\/"],"taxID":"49454502300017","hasMerchantReturnPolicy":{"@type":"MerchantReturnPolicy","merchantReturnLink":"https:\/\/www.vallonchene.fr\/remboursements_retours\/"}}]},"og_availability":"instock","product_availability":"instock","product_retailer_item_id":"97911","product_condition":"new"},"_links":{"self":[{"href":"https:\/\/www.vallonchene.fr\/es\/wp-json\/wp\/v2\/product\/51265","targetHints":{"allow":["GET"]}}],"collection":[{"href":"https:\/\/www.vallonchene.fr\/es\/wp-json\/wp\/v2\/product"}],"about":[{"href":"https:\/\/www.vallonchene.fr\/es\/wp-json\/wp\/v2\/types\/product"}],"replies":[{"embeddable":true,"href":"https:\/\/www.vallonchene.fr\/es\/wp-json\/wp\/v2\/comments?post=51265"}],"wp:featuredmedia":[{"embeddable":true,"href":"https:\/\/www.vallonchene.fr\/es\/wp-json\/wp\/v2\/media\/51263"}],"wp:attachment":[{"href":"https:\/\/www.vallonchene.fr\/es\/wp-json\/wp\/v2\/media?parent=51265"}],"wp:term":[{"taxonomy":"product_brand","embeddable":true,"href":"https:\/\/www.vallonchene.fr\/es\/wp-json\/wp\/v2\/product_brand?post=51265"},{"taxonomy":"product_cat","embeddable":true,"href":"https:\/\/www.vallonchene.fr\/es\/wp-json\/wp\/v2\/product_cat?post=51265"},{"taxonomy":"product_tag","embeddable":true,"href":"https:\/\/www.vallonchene.fr\/es\/wp-json\/wp\/v2\/product_tag?post=51265"}],"curies":[{"name":"wp","href":"https:\/\/api.w.org\/{rel}","templated":true}]}}