{"id":51224,"date":"2021-10-31T15:01:26","date_gmt":"2021-10-31T15:01:26","guid":{"rendered":"https:\/\/www.vallonchene.fr\/produit\/pinus-strobus-blue-clovers\/"},"modified":"2026-01-31T20:35:03","modified_gmt":"2026-01-31T19:35:03","slug":"pinus-strobus-blue-clovers","status":"publish","type":"product","link":"https:\/\/www.vallonchene.fr\/es\/producto\/pinus-strobus-blue-clovers\/","title":{"rendered":"PINUS strobus &#8216;Blue Clovers&#8217;"},"content":{"rendered":"<h2>La Planta<\/h2>\n<p>El <strong>PINUS strobus &#8216;Blue Clovers&#8217;<\/strong> sorprende por sus <strong>encantadoras agujas muy finas<\/strong> y de <strong>un azul bastante pronunciado<\/strong> en primavera. <strong>No pinchan<\/strong> y confieren a este pino de Weymouth una silueta particular. En oto\u00f1o, el color cambia a un tono m\u00e1s gris.  <\/p>\n<p>Adem\u00e1s, este pino <strong>crece mucho menos que la especie tipo<\/strong> y se desarrolla de forma bastante <strong>compacta y ovalada<\/strong>. Durante los primeros a\u00f1os muestra m\u00e1s vigor y luego se estabiliza para volverse m\u00e1s denso. <strong>Rara vez superar\u00e1 los 2 a 3 metros de altura<\/strong>.<br \/>\nPor supuesto, esta planta es <strong>adecuada para jardines peque\u00f1os<\/strong> e incluso se puede utilizar como <strong>ejemplar solitario<\/strong>.  <\/p>\n<h2>\u00bfC\u00f3mo plantar y cuidar PINUS strobus &#8216;Blue Clovers&#8217;?<\/h2>\n<h3>La Plantaci\u00f3n<\/h3>\n<p>Pour tirer pleinement profit de ce magnifique pin de Weymouth, consid\u00e9rez les points suivants :<\/p>\n<ol>\n<li>Busque un lugar <strong>a pleno sol o en semisombra<\/strong>. Sin embargo, tenga en cuenta que <strong>el color ser\u00e1 m\u00e1s intenso a pleno sol<\/strong>. <\/li>\n<li>Prefiera una <strong>tierra ligera o normal, pero bastante drenada<\/strong>. Evite en cualquier caso los lugares demasiado h\u00famedos. <\/li>\n<li>El pH puede ser <strong>\u00e1cido, neutro o calc\u00e1reo<\/strong>.<\/li>\n<li>Para una buena preparaci\u00f3n del hoyo de plantaci\u00f3n, hemos dise\u00f1ado <a href=\"https:\/\/www.vallonchene.fr\/comment-planter-et-entretenir-des-vegetaux\/comment-planter-et-entretenir-arbres-arbustes-et-coniferes\/\" target=\"_blank\" rel=\"noreferrer noopener\"><strong>instrucciones espec\u00edficas disponibles aqu\u00ed<\/strong><\/a>.<\/li>\n<\/ol>\n<h3>El cuidado<br data-mce-bogus=\"1\"><\/h3>\n<p>El PINUS strobus &#8216;Blue Clovers&#8217; es una planta de <strong>f\u00e1cil mantenimiento<\/strong>. Sin embargo, si siente la necesidad de podarla, h\u00e1galo en enero o febrero y sobre todo antes del nuevo brote para evitar el sangrado. <\/p>\n<p>Como con cualquier planta reci\u00e9n plantada, <strong>siga el riego durante los per\u00edodos secos durante los dos primeros a\u00f1os<\/strong>. Le invitamos a consultar tambi\u00e9n <a href=\"https:\/\/www.vallonchene.fr\/comment-bien-arroser-le-jardin-et-economiser-leau\/\"><strong>nuestros consejos sobre c\u00f3mo regar correctamente y ahorrar agua aqu\u00ed<\/strong><\/a>.<\/p>\n<h2>Historia y Origen<\/h2>\n<p>El PINUS strobus &#8216;Blue Clovers&#8217; es una variedad relativamente reciente y resulta de la selecci\u00f3n ornamental.<\/p>\n<p>La especie tipo, PINUS strobus, es end\u00e9mica del este de Am\u00e9rica del Norte. All\u00ed fue venerada por los pueblos ind\u00edgenas como \u00e1rbol de la paz y fue introducida en Inglaterra en 1605 por el capit\u00e1n George Weymouth. <\/p>\n<p>En los siglos XVIII y XIX, el PINUS strobus fue explotado industrialmente para madera de construcci\u00f3n y pasta de papel.<\/p>\n","protected":false},"excerpt":{"rendered":"<p>Este <strong>pino blanco japon\u00e9s<\/strong> es una selecci\u00f3n de Oreg\u00f3n. <strong>PINUS strobus &#8216;Blue Clovers&#8217;<\/strong> tiene un follaje extremadamente azul. <\/p>\n","protected":false},"featured_media":54837,"comment_status":"open","ping_status":"closed","template":"","meta":[],"product_brand":[],"product_cat":[11502],"product_tag":[],"class_list":{"0":"post-51224","1":"product","2":"type-product","3":"status-publish","4":"has-post-thumbnail","6":"product_cat-coniferas","7":"pa_99-hauteurapproximativeapres1-2-a-3-m","8":"pa_couleurdufeuillage-azul","9":"pa_exigencesenhumidite-promedio","10":"pa_exigencesenhumidite-seco","11":"pa_expositionspossibles-pleno-sol-de-12-a-17-min","12":"pa_hauteurlivree-100-a-125-cm","13":"pa_hauteurlivree-125-a-150-cm-es","14":"pa_hauteurlivree-30-a-40-cm-es","15":"pa_hauteurlivree-40-a-50-cm-es","16":"pa_hauteurlivree-60-a-80-cm-es","17":"pa_interetauprintemps-brotes-jovenes","18":"pa_interetauprintemps-follaje","19":"pa_interetauprintemps-habitus","20":"pa_interetenautomne-follaje","21":"pa_interetenautomne-habitus","22":"pa_interetenete-follaje","23":"pa_interetenete-habitus","24":"pa_interetenhiver-follaje","25":"pa_interetenhiver-habitus","26":"pa_naturedufeuillage-siempreverde","27":"pa_naturesdesolpossibles-ligero","28":"pa_naturesdesolpossibles-normal-es","29":"pa_periodedetaille-enero","30":"pa_periodedetaille-febrero","31":"pa_phdusolacceptable-acido-menos-de-6_5","32":"pa_phdusolacceptable-calcareo-mas-de-7_5","33":"pa_phdusolacceptable-neutro-entre-6_5-y-7_5","34":"pa_portgraphisme-conico","35":"pa_resistanceaufroidrusticite-resistente-por-debajo-de-menos-20-c","36":"pa_tailledepot-maceta-de-15-litros","37":"pa_tailledepot-maceta-de-4-litros","38":"pa_tailledepot-maceta-de-5-litros","39":"pa_utilisationpossible-aislado","40":"pa_utilisationpossible-arriate","41":"pa_utilisationpossible-contenedor-o-olla","43":"first","44":"instock","45":"taxable","46":"shipping-taxable","47":"purchasable","48":"product-type-variable","49":"has-default-attributes"},"supplier_id":null,"supplier_sku":"","barcode":null,"atum_controlled":true,"out_stock_date":null,"out_stock_threshold":null,"inheritable":true,"inbound_stock":0,"stock_on_hold":1,"sold_today":0,"sales_last_days":1,"reserved_stock":0,"customer_returns":0,"warehouse_damage":0,"lost_in_post":0,"other_logs":0,"out_stock_days":null,"lost_sales":0,"has_location":false,"update_date":"2026-04-20T07:35:06","atum_locations":[],"atum_stock_status":"instock","restock_status":false,"low_stock_amount":"","sales_update_date":"2026-02-18T13:25:14","calc_backorders":null,"yoast_head":"<!-- This site is optimized with the Yoast SEO Premium plugin v27.4 (Yoast SEO v27.4) - https:\/\/yoast.com\/product\/yoast-seo-premium-wordpress\/ -->\n<title>PINUS strobus &#039;Blue Clovers&#039; - pino blanco japon\u00e9s<\/title>\n<meta name=\"description\" content=\"Este pino blanco (pino de Weymouth, pino del Lord) es una selecci\u00f3n procedente de Oreg\u00f3n. El PINUS strobus &#039;Blue Clovers&#039; tiene un follaje extremadamente azul.\" \/>\n<meta name=\"robots\" content=\"index, follow, max-snippet:-1, max-image-preview:large, max-video-preview:-1\" \/>\n<link rel=\"canonical\" href=\"https:\/\/www.vallonchene.fr\/es\/producto\/pinus-strobus-blue-clovers\/\" \/>\n<meta property=\"og:locale\" content=\"es_ES\" \/>\n<meta property=\"og:type\" content=\"article\" \/>\n<meta property=\"og:title\" content=\"PINUS strobus &#039;Blue Clovers&#039;\" \/>\n<meta property=\"og:description\" content=\"Este pino blanco (pino de Weymouth, pino del Lord) es una selecci\u00f3n procedente de Oreg\u00f3n. El PINUS strobus &#039;Blue Clovers&#039; tiene un follaje extremadamente azul.\" \/>\n<meta property=\"og:url\" content=\"https:\/\/www.vallonchene.fr\/es\/producto\/pinus-strobus-blue-clovers\/\" \/>\n<meta property=\"og:site_name\" content=\"Vallonch\u00eane\" \/>\n<meta property=\"article:publisher\" content=\"https:\/\/www.facebook.com\/vallonchene.fr\" \/>\n<meta property=\"article:modified_time\" content=\"2026-01-31T19:35:03+00:00\" \/>\n<meta property=\"og:image\" content=\"https:\/\/www.vallonchene.fr\/wp-content\/uploads\/2021\/10\/4170-15c-Aiguilles-bleues-de-PINUS-strobus-Blue-Clovers.jpg\" \/>\n\t<meta property=\"og:image:width\" content=\"800\" \/>\n\t<meta property=\"og:image:height\" content=\"800\" \/>\n\t<meta property=\"og:image:type\" content=\"image\/jpeg\" \/>\n<meta name=\"twitter:card\" content=\"summary_large_image\" \/>\n<meta name=\"twitter:label1\" content=\"Disponibilidad\" \/>\n\t<meta name=\"twitter:data1\" content=\"En stock\" \/>\n<script type=\"application\/ld+json\" class=\"yoast-schema-graph\">{\"@context\":\"https:\\\/\\\/schema.org\",\"@graph\":[{\"@type\":\"WebPage\",\"@id\":\"https:\\\/\\\/www.vallonchene.fr\\\/es\\\/producto\\\/pinus-strobus-blue-clovers\\\/\",\"url\":\"https:\\\/\\\/www.vallonchene.fr\\\/es\\\/producto\\\/pinus-strobus-blue-clovers\\\/\",\"name\":\"PINUS strobus 'Blue Clovers' - pino blanco japon\u00e9s\",\"isPartOf\":{\"@id\":\"https:\\\/\\\/www.vallonchene.fr\\\/es\\\/#website\"},\"primaryImageOfPage\":{\"@id\":\"https:\\\/\\\/www.vallonchene.fr\\\/es\\\/producto\\\/pinus-strobus-blue-clovers\\\/#primaryimage\"},\"image\":{\"@id\":\"https:\\\/\\\/www.vallonchene.fr\\\/es\\\/producto\\\/pinus-strobus-blue-clovers\\\/#primaryimage\"},\"thumbnailUrl\":\"https:\\\/\\\/www.vallonchene.fr\\\/wp-content\\\/uploads\\\/2025\\\/09\\\/IMG_20211119_145020.jpg\",\"datePublished\":\"2021-10-31T15:01:26+00:00\",\"dateModified\":\"2026-01-31T19:35:03+00:00\",\"description\":\"Este pino blanco (pino de Weymouth, pino del Lord) es una selecci\u00f3n procedente de Oreg\u00f3n. El PINUS strobus 'Blue Clovers' tiene un follaje extremadamente azul.\",\"breadcrumb\":{\"@id\":\"https:\\\/\\\/www.vallonchene.fr\\\/es\\\/producto\\\/pinus-strobus-blue-clovers\\\/#breadcrumb\"},\"inLanguage\":\"es\",\"potentialAction\":[{\"@type\":\"ReadAction\",\"target\":[\"https:\\\/\\\/www.vallonchene.fr\\\/es\\\/producto\\\/pinus-strobus-blue-clovers\\\/\"]}]},{\"@type\":\"ImageObject\",\"inLanguage\":\"es\",\"@id\":\"https:\\\/\\\/www.vallonchene.fr\\\/es\\\/producto\\\/pinus-strobus-blue-clovers\\\/#primaryimage\",\"url\":\"https:\\\/\\\/www.vallonchene.fr\\\/wp-content\\\/uploads\\\/2025\\\/09\\\/IMG_20211119_145020.jpg\",\"contentUrl\":\"https:\\\/\\\/www.vallonchene.fr\\\/wp-content\\\/uploads\\\/2025\\\/09\\\/IMG_20211119_145020.jpg\",\"width\":1200,\"height\":1200,\"caption\":\"Ac\u00edculas azul gris\u00e1ceo del PINUS strobus 'Blue Clovers'\"},{\"@type\":\"BreadcrumbList\",\"@id\":\"https:\\\/\\\/www.vallonchene.fr\\\/es\\\/producto\\\/pinus-strobus-blue-clovers\\\/#breadcrumb\",\"itemListElement\":[{\"@type\":\"ListItem\",\"position\":1,\"name\":\"Home\",\"item\":\"https:\\\/\\\/www.vallonchene.fr\\\/es\\\/\"},{\"@type\":\"ListItem\",\"position\":2,\"name\":\"Tienda\",\"item\":\"https:\\\/\\\/www.vallonchene.fr\\\/tienda\\\/\"},{\"@type\":\"ListItem\",\"position\":3,\"name\":\"Venta en linea\",\"item\":\"https:\\\/\\\/www.vallonchene.fr\\\/es\\\/categoria-producto\\\/venta-en-linea\\\/\"},{\"@type\":\"ListItem\",\"position\":4,\"name\":\"Vivero\",\"item\":\"https:\\\/\\\/www.vallonchene.fr\\\/es\\\/categoria-producto\\\/venta-en-linea\\\/vivero\\\/\"},{\"@type\":\"ListItem\",\"position\":5,\"name\":\"Coniferas\",\"item\":\"https:\\\/\\\/www.vallonchene.fr\\\/es\\\/categoria-producto\\\/venta-en-linea\\\/vivero\\\/coniferas\\\/\"},{\"@type\":\"ListItem\",\"position\":6,\"name\":\"PINUS strobus &#8216;Blue Clovers&#8217;\"}]},{\"@type\":\"WebSite\",\"@id\":\"https:\\\/\\\/www.vallonchene.fr\\\/es\\\/#website\",\"url\":\"https:\\\/\\\/www.vallonchene.fr\\\/es\\\/\",\"name\":\"Vallonch\u00eane\",\"description\":\"El vivero donde la calidad tiene sus ra\u00edces \u2013 Tel.: +33 (0)2.35.90.02.02\",\"publisher\":{\"@id\":\"https:\\\/\\\/www.vallonchene.fr\\\/es\\\/#organization\"},\"potentialAction\":[{\"@type\":\"SearchAction\",\"target\":{\"@type\":\"EntryPoint\",\"urlTemplate\":\"https:\\\/\\\/www.vallonchene.fr\\\/es\\\/?s={search_term_string}\"},\"query-input\":{\"@type\":\"PropertyValueSpecification\",\"valueRequired\":true,\"valueName\":\"search_term_string\"}}],\"inLanguage\":\"es\"},{\"@type\":\"Organization\",\"@id\":\"https:\\\/\\\/www.vallonchene.fr\\\/es\\\/#organization\",\"name\":\"VALLONCHENE\",\"url\":\"https:\\\/\\\/www.vallonchene.fr\\\/es\\\/\",\"logo\":{\"@type\":\"ImageObject\",\"inLanguage\":\"es\",\"@id\":\"https:\\\/\\\/www.vallonchene.fr\\\/es\\\/#\\\/schema\\\/logo\\\/image\\\/\",\"url\":\"https:\\\/\\\/www.vallonchene.fr\\\/wp-content\\\/uploads\\\/2023\\\/03\\\/Logo-Vallonchene-site-et-R_hauteur_100.png\",\"contentUrl\":\"https:\\\/\\\/www.vallonchene.fr\\\/wp-content\\\/uploads\\\/2023\\\/03\\\/Logo-Vallonchene-site-et-R_hauteur_100.png\",\"width\":221,\"height\":100,\"caption\":\"VALLONCHENE\"},\"image\":{\"@id\":\"https:\\\/\\\/www.vallonchene.fr\\\/es\\\/#\\\/schema\\\/logo\\\/image\\\/\"},\"sameAs\":[\"https:\\\/\\\/www.facebook.com\\\/vallonchene.fr\",\"https:\\\/\\\/www.instagram.com\\\/vallonchene\\\/\",\"https:\\\/\\\/www.pinterest.fr\\\/vallonchene\\\/\"],\"taxID\":\"49454502300017\",\"hasMerchantReturnPolicy\":{\"@type\":\"MerchantReturnPolicy\",\"merchantReturnLink\":\"https:\\\/\\\/www.vallonchene.fr\\\/remboursements_retours\\\/\"}}]}<\/script>\n<meta property=\"og:availability\" content=\"instock\" \/>\n<meta property=\"product:availability\" content=\"instock\" \/>\n<meta property=\"product:retailer_item_id\" content=\"32622\" \/>\n<meta property=\"product:condition\" content=\"new\" \/>\n<!-- \/ Yoast SEO Premium plugin. -->","yoast_head_json":{"title":"PINUS strobus 'Blue Clovers' - pino blanco japon\u00e9s","description":"Este pino blanco (pino de Weymouth, pino del Lord) es una selecci\u00f3n procedente de Oreg\u00f3n. El PINUS strobus 'Blue Clovers' tiene un follaje extremadamente azul.","robots":{"index":"index","follow":"follow","max-snippet":"max-snippet:-1","max-image-preview":"max-image-preview:large","max-video-preview":"max-video-preview:-1"},"canonical":"https:\/\/www.vallonchene.fr\/es\/producto\/pinus-strobus-blue-clovers\/","og_locale":"es_ES","og_type":"article","og_title":"PINUS strobus 'Blue Clovers'","og_description":"Este pino blanco (pino de Weymouth, pino del Lord) es una selecci\u00f3n procedente de Oreg\u00f3n. El PINUS strobus 'Blue Clovers' tiene un follaje extremadamente azul.","og_url":"https:\/\/www.vallonchene.fr\/es\/producto\/pinus-strobus-blue-clovers\/","og_site_name":"Vallonch\u00eane","article_publisher":"https:\/\/www.facebook.com\/vallonchene.fr","article_modified_time":"2026-01-31T19:35:03+00:00","og_image":[{"width":800,"height":800,"url":"https:\/\/www.vallonchene.fr\/wp-content\/uploads\/2021\/10\/4170-15c-Aiguilles-bleues-de-PINUS-strobus-Blue-Clovers.jpg","type":"image\/jpeg"}],"twitter_card":"summary_large_image","twitter_misc":{"Disponibilidad":"En stock"},"schema":{"@context":"https:\/\/schema.org","@graph":[{"@type":"WebPage","@id":"https:\/\/www.vallonchene.fr\/es\/producto\/pinus-strobus-blue-clovers\/","url":"https:\/\/www.vallonchene.fr\/es\/producto\/pinus-strobus-blue-clovers\/","name":"PINUS strobus 'Blue Clovers' - pino blanco japon\u00e9s","isPartOf":{"@id":"https:\/\/www.vallonchene.fr\/es\/#website"},"primaryImageOfPage":{"@id":"https:\/\/www.vallonchene.fr\/es\/producto\/pinus-strobus-blue-clovers\/#primaryimage"},"image":{"@id":"https:\/\/www.vallonchene.fr\/es\/producto\/pinus-strobus-blue-clovers\/#primaryimage"},"thumbnailUrl":"https:\/\/www.vallonchene.fr\/wp-content\/uploads\/2025\/09\/IMG_20211119_145020.jpg","datePublished":"2021-10-31T15:01:26+00:00","dateModified":"2026-01-31T19:35:03+00:00","description":"Este pino blanco (pino de Weymouth, pino del Lord) es una selecci\u00f3n procedente de Oreg\u00f3n. El PINUS strobus 'Blue Clovers' tiene un follaje extremadamente azul.","breadcrumb":{"@id":"https:\/\/www.vallonchene.fr\/es\/producto\/pinus-strobus-blue-clovers\/#breadcrumb"},"inLanguage":"es","potentialAction":[{"@type":"ReadAction","target":["https:\/\/www.vallonchene.fr\/es\/producto\/pinus-strobus-blue-clovers\/"]}]},{"@type":"ImageObject","inLanguage":"es","@id":"https:\/\/www.vallonchene.fr\/es\/producto\/pinus-strobus-blue-clovers\/#primaryimage","url":"https:\/\/www.vallonchene.fr\/wp-content\/uploads\/2025\/09\/IMG_20211119_145020.jpg","contentUrl":"https:\/\/www.vallonchene.fr\/wp-content\/uploads\/2025\/09\/IMG_20211119_145020.jpg","width":1200,"height":1200,"caption":"Ac\u00edculas azul gris\u00e1ceo del PINUS strobus 'Blue Clovers'"},{"@type":"BreadcrumbList","@id":"https:\/\/www.vallonchene.fr\/es\/producto\/pinus-strobus-blue-clovers\/#breadcrumb","itemListElement":[{"@type":"ListItem","position":1,"name":"Home","item":"https:\/\/www.vallonchene.fr\/es\/"},{"@type":"ListItem","position":2,"name":"Tienda","item":"https:\/\/www.vallonchene.fr\/tienda\/"},{"@type":"ListItem","position":3,"name":"Venta en linea","item":"https:\/\/www.vallonchene.fr\/es\/categoria-producto\/venta-en-linea\/"},{"@type":"ListItem","position":4,"name":"Vivero","item":"https:\/\/www.vallonchene.fr\/es\/categoria-producto\/venta-en-linea\/vivero\/"},{"@type":"ListItem","position":5,"name":"Coniferas","item":"https:\/\/www.vallonchene.fr\/es\/categoria-producto\/venta-en-linea\/vivero\/coniferas\/"},{"@type":"ListItem","position":6,"name":"PINUS strobus &#8216;Blue Clovers&#8217;"}]},{"@type":"WebSite","@id":"https:\/\/www.vallonchene.fr\/es\/#website","url":"https:\/\/www.vallonchene.fr\/es\/","name":"Vallonch\u00eane","description":"El vivero donde la calidad tiene sus ra\u00edces \u2013 Tel.: +33 (0)2.35.90.02.02","publisher":{"@id":"https:\/\/www.vallonchene.fr\/es\/#organization"},"potentialAction":[{"@type":"SearchAction","target":{"@type":"EntryPoint","urlTemplate":"https:\/\/www.vallonchene.fr\/es\/?s={search_term_string}"},"query-input":{"@type":"PropertyValueSpecification","valueRequired":true,"valueName":"search_term_string"}}],"inLanguage":"es"},{"@type":"Organization","@id":"https:\/\/www.vallonchene.fr\/es\/#organization","name":"VALLONCHENE","url":"https:\/\/www.vallonchene.fr\/es\/","logo":{"@type":"ImageObject","inLanguage":"es","@id":"https:\/\/www.vallonchene.fr\/es\/#\/schema\/logo\/image\/","url":"https:\/\/www.vallonchene.fr\/wp-content\/uploads\/2023\/03\/Logo-Vallonchene-site-et-R_hauteur_100.png","contentUrl":"https:\/\/www.vallonchene.fr\/wp-content\/uploads\/2023\/03\/Logo-Vallonchene-site-et-R_hauteur_100.png","width":221,"height":100,"caption":"VALLONCHENE"},"image":{"@id":"https:\/\/www.vallonchene.fr\/es\/#\/schema\/logo\/image\/"},"sameAs":["https:\/\/www.facebook.com\/vallonchene.fr","https:\/\/www.instagram.com\/vallonchene\/","https:\/\/www.pinterest.fr\/vallonchene\/"],"taxID":"49454502300017","hasMerchantReturnPolicy":{"@type":"MerchantReturnPolicy","merchantReturnLink":"https:\/\/www.vallonchene.fr\/remboursements_retours\/"}}]},"og_availability":"instock","product_availability":"instock","product_retailer_item_id":"32622","product_condition":"new"},"_links":{"self":[{"href":"https:\/\/www.vallonchene.fr\/es\/wp-json\/wp\/v2\/product\/51224","targetHints":{"allow":["GET"]}}],"collection":[{"href":"https:\/\/www.vallonchene.fr\/es\/wp-json\/wp\/v2\/product"}],"about":[{"href":"https:\/\/www.vallonchene.fr\/es\/wp-json\/wp\/v2\/types\/product"}],"replies":[{"embeddable":true,"href":"https:\/\/www.vallonchene.fr\/es\/wp-json\/wp\/v2\/comments?post=51224"}],"wp:featuredmedia":[{"embeddable":true,"href":"https:\/\/www.vallonchene.fr\/es\/wp-json\/wp\/v2\/media\/54837"}],"wp:attachment":[{"href":"https:\/\/www.vallonchene.fr\/es\/wp-json\/wp\/v2\/media?parent=51224"}],"wp:term":[{"taxonomy":"product_brand","embeddable":true,"href":"https:\/\/www.vallonchene.fr\/es\/wp-json\/wp\/v2\/product_brand?post=51224"},{"taxonomy":"product_cat","embeddable":true,"href":"https:\/\/www.vallonchene.fr\/es\/wp-json\/wp\/v2\/product_cat?post=51224"},{"taxonomy":"product_tag","embeddable":true,"href":"https:\/\/www.vallonchene.fr\/es\/wp-json\/wp\/v2\/product_tag?post=51224"}],"curies":[{"name":"wp","href":"https:\/\/api.w.org\/{rel}","templated":true}]}}