{"id":51148,"date":"2021-10-30T15:53:49","date_gmt":"2021-10-30T15:53:49","guid":{"rendered":"https:\/\/www.vallonchene.fr\/produit\/cryptomeria-japonica-tomahawk\/"},"modified":"2021-10-30T15:53:49","modified_gmt":"2021-10-30T14:53:49","slug":"cryptomeria-japonica-tomahawk","status":"publish","type":"product","link":"https:\/\/www.vallonchene.fr\/es\/producto\/cryptomeria-japonica-tomahawk\/","title":{"rendered":"CRYPTOMERIA japonica &#8216;Tomahawk&#8217;"},"content":{"rendered":"<p>Este <strong>sugi (cedro japon\u00e9s)<\/strong> extraordinario desarrolla brotes bastante densos similares a las crestas de gallo. Esto confiere al <strong>CRYPTOMERIA japonica &#8216;Tomahawk&#8217;<\/strong> un aspecto muy curioso. As\u00ed, no se parece en nada a sus cong\u00e9neres.<br \/>\nEste \u00e1rbol es una <strong>planta enana<\/strong> o una <strong>mini-con\u00edfera<\/strong>. Por consiguiente, crece muy lentamente y alcanza una altura de solo 50 cm a 1 metro despu\u00e9s de una decena de a\u00f1os. Por esta raz\u00f3n, esta planta puede encontrar su lugar en cualquier tipo de jard\u00edn: peque\u00f1o, mediano o grande.<br \/>\nAdem\u00e1s, se presta muy bien al <strong>bons\u00e1i<\/strong>. Para ver todos los CRYPTOMERIA disponibles a la venta actualmente, <strong><a href=\"https:\/\/www.vallonchene.fr\/page\/1\/?s=cryptomeria&amp;post_type=product&amp;dgwt_wcas=1&amp;lang=fr&amp;filter_stock_status=instock\">por favor haga clic aqu\u00ed<\/a><\/strong>.    <\/p>\n<h2>\u00bfC\u00f3mo plantar el CRYPTOMERIA japonica &#8216;Tomahawk&#8217;? <br \/><\/h2>\n<p>Pl\u00e1ntelo a <strong>pleno sol<\/strong> o <strong>sombra parcial<\/strong> en un lugar <strong>fresco a h\u00famedo<\/strong>, <strong>promedio<\/strong> o <strong>seco<\/strong>.  El suelo debe ser <strong>ligero<\/strong> o <strong>normal<\/strong>, con un <strong>pH \u00e1cido<\/strong>, <strong>calc\u00e1reo<\/strong> o <strong>neutro<\/strong>.<br \/>\nAdem\u00e1s, esta mini-con\u00edfera ser\u00e1 feliz en una <strong>maceta<\/strong>, un <strong>macetero<\/strong> o un <strong>macizo<\/strong>.<br \/>\nNo teme al fr\u00edo, ya que <strong>resiste temperaturas inferiores a -20\u00b0C<\/strong>.<\/p>\n<p>Para una preparaci\u00f3n \u00f3ptima del contenedor o del hoyo de plantaci\u00f3n, hemos elaborado unas <a href=\"https:\/\/www.vallonchene.fr\/comment-planter-et-entretenir-des-vegetaux\/\" target=\"_blank\" rel=\"noreferrer noopener\"><strong>instrucciones detalladas que puede consultar aqu\u00ed<\/strong><\/a>. Le invitamos a consultar tambi\u00e9n <a href=\"https:\/\/www.vallonchene.fr\/comment-bien-arroser-le-jardin-et-economiser-leau\/\"><strong>nuestros consejos sobre c\u00f3mo regar correctamente y ahorrar agua aqu\u00ed<\/strong><\/a>.<\/p>\n<h2>Historia y Origen<\/h2>\n<p>En primer lugar, el <em>CRYPTOMERIA japonica<\/em> aparece por primera vez en 1781 bajo el nombre de <em>CUPRESSUS japonica<\/em>. M\u00e1s tarde, en 1839, se le identifica con el nombre que conocemos hoy en d\u00eda. Luego, los cedros del Jap\u00f3n encuentran su origen en Asia Oriental y m\u00e1s concretamente en Jap\u00f3n y China. Adem\u00e1s, tambi\u00e9n se encuentra la denominaci\u00f3n de&#8230; <\/p>\n<p>  <em>CRYPTOMERIA japonica var. sinensis <\/em> o incluso <em>CRYPTOMERIA fortunei<\/em>. Sin embargo, no difieren de las variedades naturales presentes en los bosques salvajes de Jap\u00f3n.<br \/>\nAn\u00e1lisis gen\u00e9ticos de los espec\u00edmenes en el <strong><a href=\"https:\/\/www.google.com\/url?sa=t&amp;rct=j&amp;q=&amp;esrc=s&amp;source=web&amp;cd=&amp;cad=rja&amp;uact=8&amp;ved=2ahUKEwiU8_3Y6OiCAxUBT6QEHbPkBN0QFnoECBUQAQ&amp;url=https%3A%2F%2Ffr.wikipedia.org%2Fwiki%2FMont_Taimu&amp;usg=AOvVaw1IWGvTXUPU750yVJg39jXk&amp;opi=89978449\">monte Taimu<\/a><\/strong> en China respaldan la hip\u00f3tesis de que se trata de una introducci\u00f3n. Adem\u00e1s, el CRYPTOMERIA fue introducido en las <strong><a href=\"https:\/\/fr.wikipedia.org\/wiki\/A%C3%A7ores\">Azores<\/a><\/strong> para la producci\u00f3n de madera a mediados del siglo XIX. Por \u00faltimo, la madera es muy perfumada, as\u00ed como resistente a las inclemencias del tiempo y a los insectos. F\u00e1cil de serrar y moldear, se utiliza para la fabricaci\u00f3n de muebles y la decoraci\u00f3n interior. Adem\u00e1s, esta madera es ligera, pero s\u00f3lida y resistente al agua. <\/p>\n<p>&nbsp;<\/p>\n<p>&nbsp;<\/p>\n","protected":false},"excerpt":{"rendered":"<p>Este <strong>sugi (cedro japon\u00e9s)<\/strong> desarrolla sus ramas en forma de abanico. <strong>CRYPTOMERIA japonica &#8216;Tomahawk&#8217;<\/strong> es una forma enana y muy compacta. <\/p>\n","protected":false},"featured_media":51146,"comment_status":"open","ping_status":"closed","template":"","meta":[],"product_brand":[],"product_cat":[11502,11821],"product_tag":[],"class_list":{"0":"post-51148","1":"product","2":"type-product","3":"status-publish","4":"has-post-thumbnail","6":"product_cat-coniferas","7":"product_cat-plantas-raras-plantas-de-coleccion","8":"pa_99-hauteurapproximativeapres1-50-a-100-cm","9":"pa_couleurdelecorce-cobriza","10":"pa_couleurdufeuillage-verde","11":"pa_exigencesenhumidite-moderadamente-humedo-a-humedo","12":"pa_exigencesenhumidite-promedio","13":"pa_exigencesenhumidite-seco","14":"pa_expositionspossibles-pleno-sol-de-12-a-17-min","15":"pa_expositionspossibles-sombra-parcial-evitar-el-sol-de-12-a-17-horas","16":"pa_hauteurlivree-20-a-25-cm-es","17":"pa_hauteurlivree-20-a-30-cm-es","18":"pa_hauteurlivree-25-a-30-cm-es","19":"pa_hauteurlivree-30-a-40-cm-es","20":"pa_hauteurlivree-40-a-50-cm-es","21":"pa_interetauprintemps-brotes-jovenes","22":"pa_interetauprintemps-follaje","23":"pa_interetauprintemps-habitus","24":"pa_interetenautomne-follaje","25":"pa_interetenautomne-habitus","26":"pa_interetenete-follaje","27":"pa_interetenete-habitus","28":"pa_interetenhiver-follaje","29":"pa_interetenhiver-habitus","30":"pa_naturedufeuillage-siempreverde","31":"pa_naturesdesolpossibles-ligero","32":"pa_naturesdesolpossibles-normal-es","33":"pa_particularites-adecuado-para-bonsai","34":"pa_phdusolacceptable-acido-menos-de-6_5","35":"pa_phdusolacceptable-calcareo-mas-de-7_5","36":"pa_phdusolacceptable-neutro-entre-6_5-y-7_5","37":"pa_portgraphisme-globoso","38":"pa_resistanceaufroidrusticite-resistente-hasta-menos-20-c","39":"pa_tailledepot-maceta-de-15-litros","40":"pa_tailledepot-maceta-de-4-litros","41":"pa_tailledepot-maceta-de-7_5-litros","42":"pa_utilisationpossible-arriate","43":"pa_utilisationpossible-contenedor-o-olla","45":"first","46":"instock","47":"taxable","48":"shipping-taxable","49":"purchasable","50":"product-type-variable"},"supplier_id":null,"supplier_sku":"","barcode":null,"atum_controlled":true,"out_stock_date":null,"out_stock_threshold":null,"inheritable":true,"inbound_stock":0,"stock_on_hold":0,"sold_today":0,"sales_last_days":0,"reserved_stock":0,"customer_returns":0,"warehouse_damage":0,"lost_in_post":0,"other_logs":0,"out_stock_days":null,"lost_sales":0,"has_location":false,"update_date":"2026-04-15T12:22:48","atum_locations":[],"atum_stock_status":"outofstock","restock_status":false,"low_stock_amount":"","sales_update_date":"2026-02-18T15:50:19","calc_backorders":null,"yoast_head":"<!-- This site is optimized with the Yoast SEO Premium plugin v27.5 (Yoast SEO v27.5) - https:\/\/yoast.com\/product\/yoast-seo-premium-wordpress\/ -->\n<title>CRYPTOMERIA japonica &#039;Tomahawk&#039; - sugi<\/title>\n<meta name=\"description\" content=\"Este sugi (cedro japon\u00e9s) desarrolla sus ramas en forma de abanico. CRYPTOMERIA japonica &#039;Tomahawk&#039; es una forma enana y muy compacta.\" \/>\n<meta name=\"robots\" content=\"index, follow, max-snippet:-1, max-image-preview:large, max-video-preview:-1\" \/>\n<link rel=\"canonical\" href=\"https:\/\/www.vallonchene.fr\/es\/producto\/cryptomeria-japonica-tomahawk\/\" \/>\n<meta property=\"og:locale\" content=\"es_ES\" \/>\n<meta property=\"og:type\" content=\"article\" \/>\n<meta property=\"og:title\" content=\"CRYPTOMERIA japonica &#039;Tomahawk&#039;\" \/>\n<meta property=\"og:description\" content=\"Este sugi (cedro japon\u00e9s) desarrolla sus ramas en forma de abanico. CRYPTOMERIA japonica &#039;Tomahawk&#039; es una forma enana y muy compacta.\" \/>\n<meta property=\"og:url\" content=\"https:\/\/www.vallonchene.fr\/es\/producto\/cryptomeria-japonica-tomahawk\/\" \/>\n<meta property=\"og:site_name\" content=\"Vallonch\u00eane\" \/>\n<meta property=\"article:publisher\" content=\"https:\/\/www.facebook.com\/vallonchene.fr\" \/>\n<meta property=\"og:image\" content=\"https:\/\/www.vallonchene.fr\/wp-content\/uploads\/2023\/11\/CRYPTOMERIA-japonica-Tomahawk_03.webp\" \/>\n\t<meta property=\"og:image:width\" content=\"1200\" \/>\n\t<meta property=\"og:image:height\" content=\"1200\" \/>\n\t<meta property=\"og:image:type\" content=\"image\/webp\" \/>\n<meta name=\"twitter:card\" content=\"summary_large_image\" \/>\n<meta name=\"twitter:label1\" content=\"Disponibilidad\" \/>\n\t<meta name=\"twitter:data1\" content=\"En stock\" \/>\n<script type=\"application\/ld+json\" class=\"yoast-schema-graph\">{\"@context\":\"https:\\\/\\\/schema.org\",\"@graph\":[{\"@type\":\"WebPage\",\"@id\":\"https:\\\/\\\/www.vallonchene.fr\\\/es\\\/producto\\\/cryptomeria-japonica-tomahawk\\\/\",\"url\":\"https:\\\/\\\/www.vallonchene.fr\\\/es\\\/producto\\\/cryptomeria-japonica-tomahawk\\\/\",\"name\":\"CRYPTOMERIA japonica 'Tomahawk' - sugi\",\"isPartOf\":{\"@id\":\"https:\\\/\\\/www.vallonchene.fr\\\/es\\\/#website\"},\"primaryImageOfPage\":{\"@id\":\"https:\\\/\\\/www.vallonchene.fr\\\/es\\\/producto\\\/cryptomeria-japonica-tomahawk\\\/#primaryimage\"},\"image\":{\"@id\":\"https:\\\/\\\/www.vallonchene.fr\\\/es\\\/producto\\\/cryptomeria-japonica-tomahawk\\\/#primaryimage\"},\"thumbnailUrl\":\"https:\\\/\\\/www.vallonchene.fr\\\/wp-content\\\/uploads\\\/2023\\\/11\\\/CRYPTOMERIA-japonica-Tomahawk_03.webp\",\"datePublished\":\"2021-10-30T15:53:49+00:00\",\"description\":\"Este sugi (cedro japon\u00e9s) desarrolla sus ramas en forma de abanico. CRYPTOMERIA japonica 'Tomahawk' es una forma enana y muy compacta.\",\"breadcrumb\":{\"@id\":\"https:\\\/\\\/www.vallonchene.fr\\\/es\\\/producto\\\/cryptomeria-japonica-tomahawk\\\/#breadcrumb\"},\"inLanguage\":\"es\",\"potentialAction\":[{\"@type\":\"ReadAction\",\"target\":[\"https:\\\/\\\/www.vallonchene.fr\\\/es\\\/producto\\\/cryptomeria-japonica-tomahawk\\\/\"]}]},{\"@type\":\"ImageObject\",\"inLanguage\":\"es\",\"@id\":\"https:\\\/\\\/www.vallonchene.fr\\\/es\\\/producto\\\/cryptomeria-japonica-tomahawk\\\/#primaryimage\",\"url\":\"https:\\\/\\\/www.vallonchene.fr\\\/wp-content\\\/uploads\\\/2023\\\/11\\\/CRYPTOMERIA-japonica-Tomahawk_03.webp\",\"contentUrl\":\"https:\\\/\\\/www.vallonchene.fr\\\/wp-content\\\/uploads\\\/2023\\\/11\\\/CRYPTOMERIA-japonica-Tomahawk_03.webp\",\"width\":1200,\"height\":1200,\"caption\":\"Follaje en forma de cresta de gallo de CRYPTOMERIA japonica 'Tomahawk'\"},{\"@type\":\"BreadcrumbList\",\"@id\":\"https:\\\/\\\/www.vallonchene.fr\\\/es\\\/producto\\\/cryptomeria-japonica-tomahawk\\\/#breadcrumb\",\"itemListElement\":[{\"@type\":\"ListItem\",\"position\":1,\"name\":\"Home\",\"item\":\"https:\\\/\\\/www.vallonchene.fr\\\/es\\\/\"},{\"@type\":\"ListItem\",\"position\":2,\"name\":\"Tienda\",\"item\":\"https:\\\/\\\/www.vallonchene.fr\\\/tienda\\\/\"},{\"@type\":\"ListItem\",\"position\":3,\"name\":\"CRYPTOMERIA japonica &#8216;Tomahawk&#8217;\"}]},{\"@type\":\"WebSite\",\"@id\":\"https:\\\/\\\/www.vallonchene.fr\\\/es\\\/#website\",\"url\":\"https:\\\/\\\/www.vallonchene.fr\\\/es\\\/\",\"name\":\"Vallonch\u00eane\",\"description\":\"El vivero donde la calidad tiene sus ra\u00edces \u2013 Tel.: +33 (0)2.35.90.02.02\",\"publisher\":{\"@id\":\"https:\\\/\\\/www.vallonchene.fr\\\/es\\\/#organization\"},\"potentialAction\":[{\"@type\":\"SearchAction\",\"target\":{\"@type\":\"EntryPoint\",\"urlTemplate\":\"https:\\\/\\\/www.vallonchene.fr\\\/es\\\/?s={search_term_string}\"},\"query-input\":{\"@type\":\"PropertyValueSpecification\",\"valueRequired\":true,\"valueName\":\"search_term_string\"}}],\"inLanguage\":\"es\"},{\"@type\":\"Organization\",\"@id\":\"https:\\\/\\\/www.vallonchene.fr\\\/es\\\/#organization\",\"name\":\"VALLONCHENE\",\"url\":\"https:\\\/\\\/www.vallonchene.fr\\\/es\\\/\",\"logo\":{\"@type\":\"ImageObject\",\"inLanguage\":\"es\",\"@id\":\"https:\\\/\\\/www.vallonchene.fr\\\/es\\\/#\\\/schema\\\/logo\\\/image\\\/\",\"url\":\"https:\\\/\\\/www.vallonchene.fr\\\/wp-content\\\/uploads\\\/2023\\\/03\\\/Logo-Vallonchene-site-et-R_hauteur_100.png\",\"contentUrl\":\"https:\\\/\\\/www.vallonchene.fr\\\/wp-content\\\/uploads\\\/2023\\\/03\\\/Logo-Vallonchene-site-et-R_hauteur_100.png\",\"width\":221,\"height\":100,\"caption\":\"VALLONCHENE\"},\"image\":{\"@id\":\"https:\\\/\\\/www.vallonchene.fr\\\/es\\\/#\\\/schema\\\/logo\\\/image\\\/\"},\"sameAs\":[\"https:\\\/\\\/www.facebook.com\\\/vallonchene.fr\",\"https:\\\/\\\/www.instagram.com\\\/vallonchene\\\/\",\"https:\\\/\\\/www.pinterest.fr\\\/vallonchene\\\/\"],\"taxID\":\"49454502300017\",\"hasMerchantReturnPolicy\":{\"@type\":\"MerchantReturnPolicy\",\"merchantReturnLink\":\"https:\\\/\\\/www.vallonchene.fr\\\/remboursements_retours\\\/\"}}]}<\/script>\n<meta property=\"og:availability\" content=\"instock\" \/>\n<meta property=\"product:availability\" content=\"instock\" \/>\n<meta property=\"product:retailer_item_id\" content=\"31113\" \/>\n<meta property=\"product:condition\" content=\"new\" \/>\n<!-- \/ Yoast SEO Premium plugin. -->","yoast_head_json":{"title":"CRYPTOMERIA japonica 'Tomahawk' - sugi","description":"Este sugi (cedro japon\u00e9s) desarrolla sus ramas en forma de abanico. CRYPTOMERIA japonica 'Tomahawk' es una forma enana y muy compacta.","robots":{"index":"index","follow":"follow","max-snippet":"max-snippet:-1","max-image-preview":"max-image-preview:large","max-video-preview":"max-video-preview:-1"},"canonical":"https:\/\/www.vallonchene.fr\/es\/producto\/cryptomeria-japonica-tomahawk\/","og_locale":"es_ES","og_type":"article","og_title":"CRYPTOMERIA japonica 'Tomahawk'","og_description":"Este sugi (cedro japon\u00e9s) desarrolla sus ramas en forma de abanico. CRYPTOMERIA japonica 'Tomahawk' es una forma enana y muy compacta.","og_url":"https:\/\/www.vallonchene.fr\/es\/producto\/cryptomeria-japonica-tomahawk\/","og_site_name":"Vallonch\u00eane","article_publisher":"https:\/\/www.facebook.com\/vallonchene.fr","og_image":[{"width":1200,"height":1200,"url":"https:\/\/www.vallonchene.fr\/wp-content\/uploads\/2023\/11\/CRYPTOMERIA-japonica-Tomahawk_03.webp","type":"image\/webp"}],"twitter_card":"summary_large_image","twitter_misc":{"Disponibilidad":"En stock"},"schema":{"@context":"https:\/\/schema.org","@graph":[{"@type":"WebPage","@id":"https:\/\/www.vallonchene.fr\/es\/producto\/cryptomeria-japonica-tomahawk\/","url":"https:\/\/www.vallonchene.fr\/es\/producto\/cryptomeria-japonica-tomahawk\/","name":"CRYPTOMERIA japonica 'Tomahawk' - sugi","isPartOf":{"@id":"https:\/\/www.vallonchene.fr\/es\/#website"},"primaryImageOfPage":{"@id":"https:\/\/www.vallonchene.fr\/es\/producto\/cryptomeria-japonica-tomahawk\/#primaryimage"},"image":{"@id":"https:\/\/www.vallonchene.fr\/es\/producto\/cryptomeria-japonica-tomahawk\/#primaryimage"},"thumbnailUrl":"https:\/\/www.vallonchene.fr\/wp-content\/uploads\/2023\/11\/CRYPTOMERIA-japonica-Tomahawk_03.webp","datePublished":"2021-10-30T15:53:49+00:00","description":"Este sugi (cedro japon\u00e9s) desarrolla sus ramas en forma de abanico. CRYPTOMERIA japonica 'Tomahawk' es una forma enana y muy compacta.","breadcrumb":{"@id":"https:\/\/www.vallonchene.fr\/es\/producto\/cryptomeria-japonica-tomahawk\/#breadcrumb"},"inLanguage":"es","potentialAction":[{"@type":"ReadAction","target":["https:\/\/www.vallonchene.fr\/es\/producto\/cryptomeria-japonica-tomahawk\/"]}]},{"@type":"ImageObject","inLanguage":"es","@id":"https:\/\/www.vallonchene.fr\/es\/producto\/cryptomeria-japonica-tomahawk\/#primaryimage","url":"https:\/\/www.vallonchene.fr\/wp-content\/uploads\/2023\/11\/CRYPTOMERIA-japonica-Tomahawk_03.webp","contentUrl":"https:\/\/www.vallonchene.fr\/wp-content\/uploads\/2023\/11\/CRYPTOMERIA-japonica-Tomahawk_03.webp","width":1200,"height":1200,"caption":"Follaje en forma de cresta de gallo de CRYPTOMERIA japonica 'Tomahawk'"},{"@type":"BreadcrumbList","@id":"https:\/\/www.vallonchene.fr\/es\/producto\/cryptomeria-japonica-tomahawk\/#breadcrumb","itemListElement":[{"@type":"ListItem","position":1,"name":"Home","item":"https:\/\/www.vallonchene.fr\/es\/"},{"@type":"ListItem","position":2,"name":"Tienda","item":"https:\/\/www.vallonchene.fr\/tienda\/"},{"@type":"ListItem","position":3,"name":"CRYPTOMERIA japonica &#8216;Tomahawk&#8217;"}]},{"@type":"WebSite","@id":"https:\/\/www.vallonchene.fr\/es\/#website","url":"https:\/\/www.vallonchene.fr\/es\/","name":"Vallonch\u00eane","description":"El vivero donde la calidad tiene sus ra\u00edces \u2013 Tel.: +33 (0)2.35.90.02.02","publisher":{"@id":"https:\/\/www.vallonchene.fr\/es\/#organization"},"potentialAction":[{"@type":"SearchAction","target":{"@type":"EntryPoint","urlTemplate":"https:\/\/www.vallonchene.fr\/es\/?s={search_term_string}"},"query-input":{"@type":"PropertyValueSpecification","valueRequired":true,"valueName":"search_term_string"}}],"inLanguage":"es"},{"@type":"Organization","@id":"https:\/\/www.vallonchene.fr\/es\/#organization","name":"VALLONCHENE","url":"https:\/\/www.vallonchene.fr\/es\/","logo":{"@type":"ImageObject","inLanguage":"es","@id":"https:\/\/www.vallonchene.fr\/es\/#\/schema\/logo\/image\/","url":"https:\/\/www.vallonchene.fr\/wp-content\/uploads\/2023\/03\/Logo-Vallonchene-site-et-R_hauteur_100.png","contentUrl":"https:\/\/www.vallonchene.fr\/wp-content\/uploads\/2023\/03\/Logo-Vallonchene-site-et-R_hauteur_100.png","width":221,"height":100,"caption":"VALLONCHENE"},"image":{"@id":"https:\/\/www.vallonchene.fr\/es\/#\/schema\/logo\/image\/"},"sameAs":["https:\/\/www.facebook.com\/vallonchene.fr","https:\/\/www.instagram.com\/vallonchene\/","https:\/\/www.pinterest.fr\/vallonchene\/"],"taxID":"49454502300017","hasMerchantReturnPolicy":{"@type":"MerchantReturnPolicy","merchantReturnLink":"https:\/\/www.vallonchene.fr\/remboursements_retours\/"}}]},"og_availability":"instock","product_availability":"instock","product_retailer_item_id":"31113","product_condition":"new"},"_links":{"self":[{"href":"https:\/\/www.vallonchene.fr\/es\/wp-json\/wp\/v2\/product\/51148","targetHints":{"allow":["GET"]}}],"collection":[{"href":"https:\/\/www.vallonchene.fr\/es\/wp-json\/wp\/v2\/product"}],"about":[{"href":"https:\/\/www.vallonchene.fr\/es\/wp-json\/wp\/v2\/types\/product"}],"replies":[{"embeddable":true,"href":"https:\/\/www.vallonchene.fr\/es\/wp-json\/wp\/v2\/comments?post=51148"}],"wp:featuredmedia":[{"embeddable":true,"href":"https:\/\/www.vallonchene.fr\/es\/wp-json\/wp\/v2\/media\/51146"}],"wp:attachment":[{"href":"https:\/\/www.vallonchene.fr\/es\/wp-json\/wp\/v2\/media?parent=51148"}],"wp:term":[{"taxonomy":"product_brand","embeddable":true,"href":"https:\/\/www.vallonchene.fr\/es\/wp-json\/wp\/v2\/product_brand?post=51148"},{"taxonomy":"product_cat","embeddable":true,"href":"https:\/\/www.vallonchene.fr\/es\/wp-json\/wp\/v2\/product_cat?post=51148"},{"taxonomy":"product_tag","embeddable":true,"href":"https:\/\/www.vallonchene.fr\/es\/wp-json\/wp\/v2\/product_tag?post=51148"}],"curies":[{"name":"wp","href":"https:\/\/api.w.org\/{rel}","templated":true}]}}