{"id":51134,"date":"2021-08-31T10:55:17","date_gmt":"2021-08-31T10:55:17","guid":{"rendered":"https:\/\/www.vallonchene.fr\/produit\/cryptomeria-japonica-little-champion\/"},"modified":"2026-03-15T16:45:30","modified_gmt":"2026-03-15T15:45:30","slug":"cryptomeria-japonica-little-champion","status":"publish","type":"product","link":"https:\/\/www.vallonchene.fr\/es\/producto\/cryptomeria-japonica-little-champion\/","title":{"rendered":"CRYPTOMERIA japonica &#8216;Little Champion&#8217;"},"content":{"rendered":"&#13;\n<p>El <strong>CRYPTOMERIA japonica &#8216;Little Champion&#8217;<\/strong> sorprende por su follaje y forma totalmente inusuales. De hecho, este <strong>sugi (cedro japon\u00e9s)<\/strong> es una planta enana, ya que crece muy lentamente y no superar\u00e1 el 1 m. Adem\u00e1s, esta con\u00edfera enana crece naturalmente en forma de bola. Desarrolla un follaje verde muy denso.    <br\/>Es una planta realmente at\u00edpica. Aportar\u00e1 un toque gr\u00e1fico a su jard\u00edn.  <br\/>Adem\u00e1s, este con\u00edfero es perfecto para el bons\u00e1i.<\/p>&#13;\n\r\n<p>Para ver otros CRYPTOMERIA disponibles, <a href=\"https:\/\/www.vallonchene.fr\/?s=CRYPTOMERIA&amp;post_type=product&amp;dgwt_wcas=1&amp;lang=fr&amp;filter_stock_status=instock\"><strong>haz clic aqu\u00ed<\/strong><\/a>.<\/p>\r\n&#13;\n<h2 id=\"h-comment-planter-le-cryptomeria-japonica-little-champion\" class=\"wp-block-heading has-x-large-font-size\">C\u00f3mo plantar el CRYPTOMERIA japonica &#8216;Little Champion&#8217;<\/h2>&#13;\n\r\n\r\n&#13;\n<p>Este con\u00edfero en miniatura se desarrolla muy bien tanto en maceta como en tierra. Encu\u00e9ntrale un lugar a pleno sol o semisombra. <\/p>&#13;\n\r\n\r\n&#13;\n<p>El suelo puede ser ligero, normal o pesado, con cualquier nivel de pH. Aunque este con\u00edfero enano resiste bien los suelos secos, prefiere los suelos frescos y h\u00famedos. <\/p>&#13;\n\r\n\r\n&#13;\n<p>Esta planta deleitar\u00e1 tanto a los jardineros principiantes como a los coleccionistas.<\/p>&#13;\n\r\n\r\n\r\n<p>Para una preparaci\u00f3n \u00f3ptima del contenedor o del hoyo de plantaci\u00f3n, hemos elaborado unas <a href=\"https:\/\/www.vallonchene.fr\/es\/como-plantar-y-mantener-plantas\/\" target=\"_blank\" rel=\"noreferrer noopener\"><strong>instrucciones detalladas que puede consultar aqu\u00ed<\/strong><\/a>.<\/p>\r\n&#13;\n<h2 id=\"h-histoire-et-origine\" class=\"wp-block-heading has-x-large-font-size\">Historia y Origen<\/h2>&#13;\n\r\n\r\n&#13;\n<p>La especie tipo CRYPTOMERIA japonica es originaria de Jap\u00f3n, donde tambi\u00e9n se le conoce como \u00abSugi\u00bb. Su nombre com\u00fan es igualmente <em>cedro japon\u00e9s<\/em>, que no debe confundirse con los cedros del Atlas. Adem\u00e1s, este con\u00edfero se cultiva en China desde hace tanto tiempo que los espec\u00edmenes all\u00ed han sido descritos como una especie diferente (CRYPTOMERIA japonica var. sinensis). Sin embargo, no difieren de las variedades encontradas en estado salvaje en Jap\u00f3n. Por otra parte, no se ha encontrado ninguna evidencia que demuestre que los CRYPTOMERIA japonica hayan existido en estado salvaje en China.    <\/p>&#13;\n\r\n\r\n&#13;\n<p>A mediados del siglo XIX, los portugueses introdujeron el CRYPTOMERIA en las <a href=\"https:\/\/fr.wikipedia.org\/wiki\/A%C3%A7ores\"><strong>Azores<\/strong><\/a> con el objetivo de producir madera. Hasta el d\u00eda de hoy, sigue siendo la especie m\u00e1s cultivada en el archipi\u00e9lago, representando el 60% de las plantaciones forestales. <\/p>&#13;\n\r\n\r\n&#13;\n<p>Se han encontrado f\u00f3siles de Cryptomeria de m\u00e1s de 34 millones de a\u00f1os en Kamchatka y otros de m\u00e1s de 5 millones de a\u00f1os en Alemania, cerca del Rin.<\/p>&#13;\n\r\n\r\n&#13;\n<p>La madera de CRYPTOMERIA desprende un intenso aroma y es muy resistente a las inclemencias del tiempo y a los insectos. Su baja densidad la convierte en una madera ideal para construcciones ligeras. <\/p>&#13;\n\r\n\r\n&#13;\n<p>Los CRYPTOMERIA se plantan cerca de los templos, algunos de los cuales tienen varios siglos de antig\u00fcedad. La famosa <a href=\"https:\/\/fr.wikipedia.org\/wiki\/Avenue_de_c%C3%A8dres_de_Nikk%C5%8D\"><strong>avenida de cedros de Nikko<\/strong><\/a>, con una longitud de 37 km, a\u00fan existe. <\/p>&#13;\n","protected":false},"excerpt":{"rendered":"<p>Este <strong>sugi (cedro japon\u00e9s)<\/strong> tiene una forma regular y redondeada. El <strong>CRYPTOMERIA japonica &#8216;Little Champion&#8217;<\/strong> tiene un crecimiento moderado a lento. Este con\u00edfero es especialmente adecuado para jardines peque\u00f1os.  <\/p>\n","protected":false},"featured_media":51135,"comment_status":"open","ping_status":"closed","template":"","meta":[],"product_brand":[],"product_cat":[11502],"product_tag":[11864,11863,11865],"class_list":{"0":"post-51134","1":"product","2":"type-product","3":"status-publish","4":"has-post-thumbnail","6":"product_cat-coniferas","7":"product_tag-cryptomeria-es","8":"product_tag-cryptomeria-japonica-es","9":"product_tag-sugi-es","10":"pa_99-hauteurapproximativeapres1-50-a-100-cm","11":"pa_couleurdufeuillage-verde","12":"pa_exigencesenhumidite-moderadamente-humedo-a-humedo","13":"pa_exigencesenhumidite-mojado","14":"pa_exigencesenhumidite-promedio","15":"pa_expositionspossibles-pleno-sol-de-12-a-17-min","16":"pa_expositionspossibles-sombra-parcial-evitar-el-sol-de-12-a-17-horas","17":"pa_hauteurlivree-100-a-125-cm","18":"pa_hauteurlivree-125-a-150-cm-es","19":"pa_hauteurlivree-15-a-20-cm-es","20":"pa_hauteurlivree-150-a-175-cm-es","21":"pa_hauteurlivree-175-a-200-cm-es","22":"pa_hauteurlivree-200-a-250-cm-es","23":"pa_hauteurlivree-25-a-30-cm-es","24":"pa_hauteurlivree-30-a-35-cm-es","25":"pa_hauteurlivree-30-a-40-cm-es","26":"pa_hauteurlivree-350-a-400-cm-es","27":"pa_hauteurlivree-40-a-50-cm-es","28":"pa_hauteurlivree-40-a-60-cm-es","29":"pa_hauteurlivree-50-a-60-cm-es","30":"pa_hauteurlivree-60-a-80-cm-es","31":"pa_hauteurlivree-60-cm-en-tallo","32":"pa_hauteurlivree-70-a-80-cm-es","33":"pa_hauteurlivree-80-a-100-cm-es","34":"pa_interetauprintemps-brotes-jovenes","35":"pa_interetauprintemps-follaje","36":"pa_interetauprintemps-habitus","37":"pa_interetenautomne-follaje","38":"pa_interetenautomne-habitus","39":"pa_interetenete-follaje","40":"pa_interetenete-habitus","41":"pa_interetenhiver-follaje","42":"pa_interetenhiver-habitus","43":"pa_naturedufeuillage-siempreverde","44":"pa_naturesdesolpossibles-ligero","45":"pa_naturesdesolpossibles-normal-es","46":"pa_naturesdesolpossibles-pesado","47":"pa_particularites-adecuado-para-bonsai","48":"pa_particularites-habitus","49":"pa_periodedetaille-marzo","50":"pa_phdusolacceptable-acido-menos-de-6_5","51":"pa_phdusolacceptable-calcareo-mas-de-7_5","52":"pa_phdusolacceptable-neutro-entre-6_5-y-7_5","53":"pa_portgraphisme-globoso","54":"pa_resistanceaufroidrusticite-resistente-por-debajo-de-menos-20-c","55":"pa_tailledepot-cepellon","56":"pa_tailledepot-maceta-de-1-litro","57":"pa_tailledepot-maceta-de-10-litros","58":"pa_tailledepot-maceta-de-12-litros","59":"pa_tailledepot-maceta-de-15-litros","60":"pa_tailledepot-maceta-de-2-litros","61":"pa_tailledepot-maceta-de-20-litros","62":"pa_tailledepot-maceta-de-25-litros","63":"pa_tailledepot-maceta-de-3-litros","64":"pa_tailledepot-maceta-de-30-litros","65":"pa_tailledepot-maceta-de-4-litros","66":"pa_tailledepot-maceta-de-40-litros","67":"pa_tailledepot-maceta-de-45-litros","68":"pa_tailledepot-maceta-de-5-litros","69":"pa_tailledepot-maceta-de-7_5-litros","70":"pa_tailledepot-planta-joven-en-maceta-de-1-litro","71":"pa_utilisationpossible-arriate","72":"pa_utilisationpossible-contenedor-o-olla","74":"first","75":"instock","76":"taxable","77":"shipping-taxable","78":"purchasable","79":"product-type-variable"},"supplier_id":null,"supplier_sku":"","barcode":null,"atum_controlled":true,"out_stock_date":null,"out_stock_threshold":null,"inheritable":true,"inbound_stock":0,"stock_on_hold":0,"sold_today":0,"sales_last_days":0,"reserved_stock":0,"customer_returns":0,"warehouse_damage":0,"lost_in_post":0,"other_logs":0,"out_stock_days":null,"lost_sales":0,"has_location":false,"update_date":"2026-04-05T12:28:07","atum_locations":[],"atum_stock_status":"instock","restock_status":false,"low_stock_amount":"","sales_update_date":"2025-10-01T13:51:30","calc_backorders":null,"yoast_head":"<!-- This site is optimized with the Yoast SEO Premium plugin v27.5 (Yoast SEO v27.5) - https:\/\/yoast.com\/product\/yoast-seo-premium-wordpress\/ -->\n<title>CRYPTOMERIA japonica &#039;Little Champion&#039; - sugi<\/title>\n<meta name=\"description\" content=\"Este cedro japon\u00e9s tiene un porte regular y redondeado. El CRYPTOMERIA japonica &#039;Little Champion&#039; tiene un crecimiento moderado a lento.\" \/>\n<meta name=\"robots\" content=\"index, follow, max-snippet:-1, max-image-preview:large, max-video-preview:-1\" \/>\n<link rel=\"canonical\" href=\"https:\/\/www.vallonchene.fr\/es\/producto\/cryptomeria-japonica-little-champion\/\" \/>\n<meta property=\"og:locale\" content=\"es_ES\" \/>\n<meta property=\"og:type\" content=\"article\" \/>\n<meta property=\"og:title\" content=\"CRYPTOMERIA japonica &#039;Little Champion&#039;\" \/>\n<meta property=\"og:description\" content=\"Este cedro japon\u00e9s tiene un porte regular y redondeado. El CRYPTOMERIA japonica &#039;Little Champion&#039; tiene un crecimiento moderado a lento.\" \/>\n<meta property=\"og:url\" content=\"https:\/\/www.vallonchene.fr\/es\/producto\/cryptomeria-japonica-little-champion\/\" \/>\n<meta property=\"og:site_name\" content=\"Vallonch\u00eane\" \/>\n<meta property=\"article:publisher\" content=\"https:\/\/www.facebook.com\/vallonchene.fr\" \/>\n<meta property=\"article:modified_time\" content=\"2026-03-15T15:45:30+00:00\" \/>\n<meta property=\"og:image\" content=\"https:\/\/www.vallonchene.fr\/wp-content\/uploads\/2023\/07\/CRYPTOMERIA-japonica-Little-Champion_01.webp\" \/>\n\t<meta property=\"og:image:width\" content=\"1200\" \/>\n\t<meta property=\"og:image:height\" content=\"1200\" \/>\n\t<meta property=\"og:image:type\" content=\"image\/webp\" \/>\n<meta name=\"twitter:card\" content=\"summary_large_image\" \/>\n<meta name=\"twitter:label1\" content=\"Disponibilidad\" \/>\n\t<meta name=\"twitter:data1\" content=\"En stock\" \/>\n<script type=\"application\/ld+json\" class=\"yoast-schema-graph\">{\"@context\":\"https:\\\/\\\/schema.org\",\"@graph\":[{\"@type\":\"WebPage\",\"@id\":\"https:\\\/\\\/www.vallonchene.fr\\\/es\\\/producto\\\/cryptomeria-japonica-little-champion\\\/\",\"url\":\"https:\\\/\\\/www.vallonchene.fr\\\/es\\\/producto\\\/cryptomeria-japonica-little-champion\\\/\",\"name\":\"CRYPTOMERIA japonica 'Little Champion' - sugi\",\"isPartOf\":{\"@id\":\"https:\\\/\\\/www.vallonchene.fr\\\/es\\\/#website\"},\"primaryImageOfPage\":{\"@id\":\"https:\\\/\\\/www.vallonchene.fr\\\/es\\\/producto\\\/cryptomeria-japonica-little-champion\\\/#primaryimage\"},\"image\":{\"@id\":\"https:\\\/\\\/www.vallonchene.fr\\\/es\\\/producto\\\/cryptomeria-japonica-little-champion\\\/#primaryimage\"},\"thumbnailUrl\":\"https:\\\/\\\/www.vallonchene.fr\\\/wp-content\\\/uploads\\\/2023\\\/07\\\/CRYPTOMERIA-japonica-Little-Champion_01.webp\",\"datePublished\":\"2021-08-31T10:55:17+00:00\",\"dateModified\":\"2026-03-15T15:45:30+00:00\",\"description\":\"Este cedro japon\u00e9s tiene un porte regular y redondeado. El CRYPTOMERIA japonica 'Little Champion' tiene un crecimiento moderado a lento.\",\"breadcrumb\":{\"@id\":\"https:\\\/\\\/www.vallonchene.fr\\\/es\\\/producto\\\/cryptomeria-japonica-little-champion\\\/#breadcrumb\"},\"inLanguage\":\"es\",\"potentialAction\":[{\"@type\":\"ReadAction\",\"target\":[\"https:\\\/\\\/www.vallonchene.fr\\\/es\\\/producto\\\/cryptomeria-japonica-little-champion\\\/\"]}]},{\"@type\":\"ImageObject\",\"inLanguage\":\"es\",\"@id\":\"https:\\\/\\\/www.vallonchene.fr\\\/es\\\/producto\\\/cryptomeria-japonica-little-champion\\\/#primaryimage\",\"url\":\"https:\\\/\\\/www.vallonchene.fr\\\/wp-content\\\/uploads\\\/2023\\\/07\\\/CRYPTOMERIA-japonica-Little-Champion_01.webp\",\"contentUrl\":\"https:\\\/\\\/www.vallonchene.fr\\\/wp-content\\\/uploads\\\/2023\\\/07\\\/CRYPTOMERIA-japonica-Little-Champion_01.webp\",\"width\":1200,\"height\":1200,\"caption\":\"Feuillage vert tr\u00e8s dense du CRYPTOMERIA japonica 'Little Champion'\"},{\"@type\":\"BreadcrumbList\",\"@id\":\"https:\\\/\\\/www.vallonchene.fr\\\/es\\\/producto\\\/cryptomeria-japonica-little-champion\\\/#breadcrumb\",\"itemListElement\":[{\"@type\":\"ListItem\",\"position\":1,\"name\":\"Home\",\"item\":\"https:\\\/\\\/www.vallonchene.fr\\\/es\\\/\"},{\"@type\":\"ListItem\",\"position\":2,\"name\":\"Tienda\",\"item\":\"https:\\\/\\\/www.vallonchene.fr\\\/tienda\\\/\"},{\"@type\":\"ListItem\",\"position\":3,\"name\":\"CRYPTOMERIA japonica &#8216;Little Champion&#8217;\"}]},{\"@type\":\"WebSite\",\"@id\":\"https:\\\/\\\/www.vallonchene.fr\\\/es\\\/#website\",\"url\":\"https:\\\/\\\/www.vallonchene.fr\\\/es\\\/\",\"name\":\"Vallonch\u00eane\",\"description\":\"El vivero donde la calidad tiene sus ra\u00edces \u2013 Tel.: +33 (0)2.35.90.02.02\",\"publisher\":{\"@id\":\"https:\\\/\\\/www.vallonchene.fr\\\/es\\\/#organization\"},\"potentialAction\":[{\"@type\":\"SearchAction\",\"target\":{\"@type\":\"EntryPoint\",\"urlTemplate\":\"https:\\\/\\\/www.vallonchene.fr\\\/es\\\/?s={search_term_string}\"},\"query-input\":{\"@type\":\"PropertyValueSpecification\",\"valueRequired\":true,\"valueName\":\"search_term_string\"}}],\"inLanguage\":\"es\"},{\"@type\":\"Organization\",\"@id\":\"https:\\\/\\\/www.vallonchene.fr\\\/es\\\/#organization\",\"name\":\"VALLONCHENE\",\"url\":\"https:\\\/\\\/www.vallonchene.fr\\\/es\\\/\",\"logo\":{\"@type\":\"ImageObject\",\"inLanguage\":\"es\",\"@id\":\"https:\\\/\\\/www.vallonchene.fr\\\/es\\\/#\\\/schema\\\/logo\\\/image\\\/\",\"url\":\"https:\\\/\\\/www.vallonchene.fr\\\/wp-content\\\/uploads\\\/2023\\\/03\\\/Logo-Vallonchene-site-et-R_hauteur_100.png\",\"contentUrl\":\"https:\\\/\\\/www.vallonchene.fr\\\/wp-content\\\/uploads\\\/2023\\\/03\\\/Logo-Vallonchene-site-et-R_hauteur_100.png\",\"width\":221,\"height\":100,\"caption\":\"VALLONCHENE\"},\"image\":{\"@id\":\"https:\\\/\\\/www.vallonchene.fr\\\/es\\\/#\\\/schema\\\/logo\\\/image\\\/\"},\"sameAs\":[\"https:\\\/\\\/www.facebook.com\\\/vallonchene.fr\",\"https:\\\/\\\/www.instagram.com\\\/vallonchene\\\/\",\"https:\\\/\\\/www.pinterest.fr\\\/vallonchene\\\/\"],\"taxID\":\"49454502300017\",\"hasMerchantReturnPolicy\":{\"@type\":\"MerchantReturnPolicy\",\"merchantReturnLink\":\"https:\\\/\\\/www.vallonchene.fr\\\/remboursements_retours\\\/\"}}]}<\/script>\n<meta property=\"og:availability\" content=\"instock\" \/>\n<meta property=\"product:availability\" content=\"instock\" \/>\n<meta property=\"product:retailer_item_id\" content=\"76111\" \/>\n<meta property=\"product:condition\" content=\"new\" \/>\n<!-- \/ Yoast SEO Premium plugin. -->","yoast_head_json":{"title":"CRYPTOMERIA japonica 'Little Champion' - sugi","description":"Este cedro japon\u00e9s tiene un porte regular y redondeado. El CRYPTOMERIA japonica 'Little Champion' tiene un crecimiento moderado a lento.","robots":{"index":"index","follow":"follow","max-snippet":"max-snippet:-1","max-image-preview":"max-image-preview:large","max-video-preview":"max-video-preview:-1"},"canonical":"https:\/\/www.vallonchene.fr\/es\/producto\/cryptomeria-japonica-little-champion\/","og_locale":"es_ES","og_type":"article","og_title":"CRYPTOMERIA japonica 'Little Champion'","og_description":"Este cedro japon\u00e9s tiene un porte regular y redondeado. El CRYPTOMERIA japonica 'Little Champion' tiene un crecimiento moderado a lento.","og_url":"https:\/\/www.vallonchene.fr\/es\/producto\/cryptomeria-japonica-little-champion\/","og_site_name":"Vallonch\u00eane","article_publisher":"https:\/\/www.facebook.com\/vallonchene.fr","article_modified_time":"2026-03-15T15:45:30+00:00","og_image":[{"width":1200,"height":1200,"url":"https:\/\/www.vallonchene.fr\/wp-content\/uploads\/2023\/07\/CRYPTOMERIA-japonica-Little-Champion_01.webp","type":"image\/webp"}],"twitter_card":"summary_large_image","twitter_misc":{"Disponibilidad":"En stock"},"schema":{"@context":"https:\/\/schema.org","@graph":[{"@type":"WebPage","@id":"https:\/\/www.vallonchene.fr\/es\/producto\/cryptomeria-japonica-little-champion\/","url":"https:\/\/www.vallonchene.fr\/es\/producto\/cryptomeria-japonica-little-champion\/","name":"CRYPTOMERIA japonica 'Little Champion' - sugi","isPartOf":{"@id":"https:\/\/www.vallonchene.fr\/es\/#website"},"primaryImageOfPage":{"@id":"https:\/\/www.vallonchene.fr\/es\/producto\/cryptomeria-japonica-little-champion\/#primaryimage"},"image":{"@id":"https:\/\/www.vallonchene.fr\/es\/producto\/cryptomeria-japonica-little-champion\/#primaryimage"},"thumbnailUrl":"https:\/\/www.vallonchene.fr\/wp-content\/uploads\/2023\/07\/CRYPTOMERIA-japonica-Little-Champion_01.webp","datePublished":"2021-08-31T10:55:17+00:00","dateModified":"2026-03-15T15:45:30+00:00","description":"Este cedro japon\u00e9s tiene un porte regular y redondeado. El CRYPTOMERIA japonica 'Little Champion' tiene un crecimiento moderado a lento.","breadcrumb":{"@id":"https:\/\/www.vallonchene.fr\/es\/producto\/cryptomeria-japonica-little-champion\/#breadcrumb"},"inLanguage":"es","potentialAction":[{"@type":"ReadAction","target":["https:\/\/www.vallonchene.fr\/es\/producto\/cryptomeria-japonica-little-champion\/"]}]},{"@type":"ImageObject","inLanguage":"es","@id":"https:\/\/www.vallonchene.fr\/es\/producto\/cryptomeria-japonica-little-champion\/#primaryimage","url":"https:\/\/www.vallonchene.fr\/wp-content\/uploads\/2023\/07\/CRYPTOMERIA-japonica-Little-Champion_01.webp","contentUrl":"https:\/\/www.vallonchene.fr\/wp-content\/uploads\/2023\/07\/CRYPTOMERIA-japonica-Little-Champion_01.webp","width":1200,"height":1200,"caption":"Feuillage vert tr\u00e8s dense du CRYPTOMERIA japonica 'Little Champion'"},{"@type":"BreadcrumbList","@id":"https:\/\/www.vallonchene.fr\/es\/producto\/cryptomeria-japonica-little-champion\/#breadcrumb","itemListElement":[{"@type":"ListItem","position":1,"name":"Home","item":"https:\/\/www.vallonchene.fr\/es\/"},{"@type":"ListItem","position":2,"name":"Tienda","item":"https:\/\/www.vallonchene.fr\/tienda\/"},{"@type":"ListItem","position":3,"name":"CRYPTOMERIA japonica &#8216;Little Champion&#8217;"}]},{"@type":"WebSite","@id":"https:\/\/www.vallonchene.fr\/es\/#website","url":"https:\/\/www.vallonchene.fr\/es\/","name":"Vallonch\u00eane","description":"El vivero donde la calidad tiene sus ra\u00edces \u2013 Tel.: +33 (0)2.35.90.02.02","publisher":{"@id":"https:\/\/www.vallonchene.fr\/es\/#organization"},"potentialAction":[{"@type":"SearchAction","target":{"@type":"EntryPoint","urlTemplate":"https:\/\/www.vallonchene.fr\/es\/?s={search_term_string}"},"query-input":{"@type":"PropertyValueSpecification","valueRequired":true,"valueName":"search_term_string"}}],"inLanguage":"es"},{"@type":"Organization","@id":"https:\/\/www.vallonchene.fr\/es\/#organization","name":"VALLONCHENE","url":"https:\/\/www.vallonchene.fr\/es\/","logo":{"@type":"ImageObject","inLanguage":"es","@id":"https:\/\/www.vallonchene.fr\/es\/#\/schema\/logo\/image\/","url":"https:\/\/www.vallonchene.fr\/wp-content\/uploads\/2023\/03\/Logo-Vallonchene-site-et-R_hauteur_100.png","contentUrl":"https:\/\/www.vallonchene.fr\/wp-content\/uploads\/2023\/03\/Logo-Vallonchene-site-et-R_hauteur_100.png","width":221,"height":100,"caption":"VALLONCHENE"},"image":{"@id":"https:\/\/www.vallonchene.fr\/es\/#\/schema\/logo\/image\/"},"sameAs":["https:\/\/www.facebook.com\/vallonchene.fr","https:\/\/www.instagram.com\/vallonchene\/","https:\/\/www.pinterest.fr\/vallonchene\/"],"taxID":"49454502300017","hasMerchantReturnPolicy":{"@type":"MerchantReturnPolicy","merchantReturnLink":"https:\/\/www.vallonchene.fr\/remboursements_retours\/"}}]},"og_availability":"instock","product_availability":"instock","product_retailer_item_id":"76111","product_condition":"new"},"_links":{"self":[{"href":"https:\/\/www.vallonchene.fr\/es\/wp-json\/wp\/v2\/product\/51134","targetHints":{"allow":["GET"]}}],"collection":[{"href":"https:\/\/www.vallonchene.fr\/es\/wp-json\/wp\/v2\/product"}],"about":[{"href":"https:\/\/www.vallonchene.fr\/es\/wp-json\/wp\/v2\/types\/product"}],"replies":[{"embeddable":true,"href":"https:\/\/www.vallonchene.fr\/es\/wp-json\/wp\/v2\/comments?post=51134"}],"wp:featuredmedia":[{"embeddable":true,"href":"https:\/\/www.vallonchene.fr\/es\/wp-json\/wp\/v2\/media\/51135"}],"wp:attachment":[{"href":"https:\/\/www.vallonchene.fr\/es\/wp-json\/wp\/v2\/media?parent=51134"}],"wp:term":[{"taxonomy":"product_brand","embeddable":true,"href":"https:\/\/www.vallonchene.fr\/es\/wp-json\/wp\/v2\/product_brand?post=51134"},{"taxonomy":"product_cat","embeddable":true,"href":"https:\/\/www.vallonchene.fr\/es\/wp-json\/wp\/v2\/product_cat?post=51134"},{"taxonomy":"product_tag","embeddable":true,"href":"https:\/\/www.vallonchene.fr\/es\/wp-json\/wp\/v2\/product_tag?post=51134"}],"curies":[{"name":"wp","href":"https:\/\/api.w.org\/{rel}","templated":true}]}}