{"id":51107,"date":"2021-08-31T10:50:21","date_gmt":"2021-08-31T10:50:21","guid":{"rendered":"https:\/\/www.vallonchene.fr\/produit\/chamaecyparis-lawsoniana-wissels-saguaro-falso-cipres-de-lawson\/"},"modified":"2026-01-27T09:53:51","modified_gmt":"2026-01-27T08:53:51","slug":"chamaecyparis-lawsoniana-wissels-saguaro-falso-cipres-de-lawson","status":"publish","type":"product","link":"https:\/\/www.vallonchene.fr\/es\/producto\/chamaecyparis-lawsoniana-wissels-saguaro-falso-cipres-de-lawson\/","title":{"rendered":"CHAMAECYPARIS lawsoniana &#8216;Wissel&#8217;s Saguaro&#8217;"},"content":{"rendered":"<h2>La Planta<\/h2>\n<p>El <strong>CHAMAECYPARIS lawsoniana &#8216;Wissel&#8217;s Saguaro&#8217;<\/strong> (<strong>cipr\u00e9s de Lawson<\/strong>) se encuentra entre las plantas excepcionales. De hecho, su <strong>porte extremadamente estrecho y muy vertical<\/strong> es una rareza en el mundo vegetal. Representar\u00e1 un <strong>elemento estructural importante<\/strong> en cualquier jard\u00edn.  <\/p>\n<p>Por ello, este con\u00edfero para conocedores tiene una <strong>superficie de suelo extremadamente reducida<\/strong> y <strong>crece mucho m\u00e1s lentamente<\/strong> que la especie tipo. Incluso los jardines m\u00e1s peque\u00f1os tendr\u00e1n espacio para este encantador cipr\u00e9s de Lawson. <\/p>\n<p>Adem\u00e1s, sus <strong>ramas laterales irregulares<\/strong> le otorgan un aspecto a\u00fan m\u00e1s distintivo. No obstante, tambi\u00e9n se puede guiar como una simple columna elimin\u00e1ndolas. <\/p>\n<p>Pro a\u00f1adidura, su <strong>follaje adquiere un tono azulado<\/strong>, lo que le confiere un atractivo adicional y aporta un matiz de color diferente en comparaci\u00f3n con las tonalidades verdes que suelen predominar en un jard\u00edn. <\/p>\n<p>Los aficionados al bons\u00e1i estar\u00e1n encantados de saber que esta planta se adapta perfectamente a su arte.<\/p>\n<p>Para ver todos los CHAMAECYPARIS actualmente disponibles a la venta, <strong><a href=\"https:\/\/www.vallonchene.fr\/es\/?s=chamaecyparis&amp;post_type=product&amp;dgwt_wcas=1&amp;lang=es&amp;filter_stock_status=instock\">haga clic aqu\u00ed<\/a><\/strong>.<\/p>\n<h2>\u00bfC\u00f3mo plantar y cuidar el CHAMAECYPARIS lawsoniana &#8216;Wissel&#8217;s Saguaro&#8217;?<\/h2>\n<h3>Plantaci\u00f3n <br \/><\/h3>\n<p>A pesar de que se trata de una planta de f\u00e1cil cultivo, tenga en cuenta los siguientes aspectos:<\/p>\n<ol>\n<li>Pl\u00e1ntelo en semisombra o a pleno sol. Cuanto m\u00e1s reciba la luz directa del sol, m\u00e1s azul ser\u00e1 su follaje. <\/li>\n<li>El lugar puede ser fresco a h\u00famedo, medio o seco con un pH \u00e1cido, neutro o calc\u00e1reo.<\/li>\n<li>El suelo puede ser ligero, normal o pesado.<\/li>\n<\/ol>\n<p>Para una buena preparaci\u00f3n del hoyo de plantaci\u00f3n, hemos dise\u00f1ado <a href=\"https:\/\/www.vallonchene.fr\/comment-planter-et-entretenir-des-vegetaux\/comment-planter-et-entretenir-arbres-arbustes-et-coniferes\/\" target=\"_blank\" rel=\"noreferrer noopener\"><strong>instrucciones espec\u00edficas disponibles aqu\u00ed<\/strong><\/a>.<\/p>\n<h3>Cuidado <br \/><\/h3>\n<p>Como ya se ha mencionado, es una planta f\u00e1cil de cultivar. No obstante, siga un riego regular durante los per\u00edodos secos en los dos primeros a\u00f1os hasta que se establezca correctamente.  Le invitamos a consultar tambi\u00e9n <a href=\"https:\/\/www.vallonchene.fr\/comment-bien-arroser-le-jardin-et-economiser-leau\/\"><strong>nuestros consejos sobre c\u00f3mo regar correctamente y ahorrar agua aqu\u00ed<\/strong><\/a>.<\/p>\n<p>Si desea podarlo, h\u00e1galo en febrero o marzo antes del nuevo crecimiento, especialmente si desea guiarlo como una columna, tal como se ha mencionado anteriormente.<\/p>\n<h2>Historia y Origen<\/h2>\n<p>El g\u00e9nero CHAMAECYPARIS lawsoniana, tambi\u00e9n conocido como cipr\u00e9s de Lawson, proviene de los bosques costeros h\u00famedos del noroeste de los Estados Unidos.<\/p>\n<p>Hacia 1885, apareci\u00f3 una forma particular en una estaci\u00f3n forestal en Tharandt, Alemania. En 1888, fue nombrada en honor a F. van der Wissel, un viverista de los Pa\u00edses Bajos, dando origen al cultivar original, conocido como &#8216;Wisselii&#8217;. <\/p>\n<p>M\u00e1s tarde, en los Pa\u00edses Bajos, surgi\u00f3 una mutaci\u00f3n (sport) a partir del cultivar &#8216;Wisselii&#8217;. Esta mutaci\u00f3n fue comercializada bajo el nombre de &#8216;Wissel&#8217;s Saguaro&#8217;, debido a su silueta escult\u00f3rica que evoca la forma de un saguaro, el ic\u00f3nico cactus del desierto estadounidense. <\/p>\n<p>En resumen, el CHAMAECYPARIS lawsoniana &#8216;Wissel&#8217;s Saguaro&#8217; es una planta estructural esencial para jardines de cualquier tama\u00f1o, que aporta un toque de color con su follaje azulado. Finalmente, esta planta deleitar\u00e1 tanto a los coleccionistas como a los aficionados al bons\u00e1i. <\/p>\n","protected":false},"excerpt":{"rendered":"<p>Este <strong>falso cipr\u00e9s de Lawson<\/strong> tiene un follaje verde azulado. La silueta del <strong>CHAMAECYPARIS lawsoniana &#8216;Wissel&#8217;s Saguaro&#8217;<\/strong> es muy estrecha con ramas irregulares. Aportar\u00e1 un toque muy especial a su jard\u00edn.  <\/p>\n","protected":false},"featured_media":53658,"comment_status":"open","ping_status":"closed","template":"","meta":[],"product_brand":[],"product_cat":[11502],"product_tag":[11963,11964,11965],"class_list":{"0":"post-51107","1":"product","2":"type-product","3":"status-publish","4":"has-post-thumbnail","6":"product_cat-coniferas","7":"product_tag-chamaecyparis-es","8":"product_tag-chamaecyparis-lawsoniana-es","9":"product_tag-falso-cipres-de-lawson","10":"pa_99-hauteurapproximativeapres1-1-00-a-1-50-m","11":"pa_couleurdufeuillage-azul","12":"pa_couleurdufeuillage-verde","13":"pa_exigencesenhumidite-moderadamente-humedo-a-humedo","14":"pa_exigencesenhumidite-promedio","15":"pa_exigencesenhumidite-seco","16":"pa_expositionspossibles-pleno-sol-de-12-a-17-min","17":"pa_expositionspossibles-sombra-parcial-evitar-el-sol-de-12-a-17-horas","18":"pa_hauteurlivree-100-a-125-cm","19":"pa_hauteurlivree-125-a-150-cm-es","20":"pa_hauteurlivree-15-a-20-cm-es","21":"pa_hauteurlivree-150-a-175-cm-es","22":"pa_hauteurlivree-20-a-25-cm-es","23":"pa_hauteurlivree-200-a-250-cm-es","24":"pa_hauteurlivree-25-a-30-cm-es","25":"pa_hauteurlivree-30-a-35-cm-es","26":"pa_hauteurlivree-30-a-40-cm-es","27":"pa_hauteurlivree-40-a-50-cm-es","28":"pa_hauteurlivree-40-a-60-cm-es","29":"pa_hauteurlivree-50-a-60-cm-es","30":"pa_hauteurlivree-60-a-80-cm-es","31":"pa_hauteurlivree-70-a-80-cm-es","32":"pa_hauteurlivree-80-a-100-cm-es","33":"pa_hauteurlivree-n-a-es","34":"pa_interetauprintemps-follaje","35":"pa_interetauprintemps-habitus","36":"pa_interetenautomne-follaje","37":"pa_interetenautomne-habitus","38":"pa_interetenete-follaje","39":"pa_interetenete-habitus","40":"pa_interetenhiver-follaje","41":"pa_interetenhiver-habitus","42":"pa_naturedufeuillage-siempreverde","43":"pa_naturesdesolpossibles-ligero","44":"pa_naturesdesolpossibles-normal-es","45":"pa_naturesdesolpossibles-pesado","46":"pa_particularites-adecuado-para-bonsai","47":"pa_particularites-habitus","48":"pa_periodedetaille-febrero","49":"pa_periodedetaille-marzo","50":"pa_phdusolacceptable-acido-menos-de-6_5","51":"pa_phdusolacceptable-calcareo-mas-de-7_5","52":"pa_phdusolacceptable-neutro-entre-6_5-y-7_5","53":"pa_portgraphisme-fastigiado","54":"pa_resistanceaufroidrusticite-resistente-por-debajo-de-menos-20-c","55":"pa_tailledepot-maceta-de-1-litro","56":"pa_tailledepot-maceta-de-10-litros","57":"pa_tailledepot-maceta-de-12-litros","58":"pa_tailledepot-maceta-de-15-litros","59":"pa_tailledepot-maceta-de-2-litros","60":"pa_tailledepot-maceta-de-20-litros","61":"pa_tailledepot-maceta-de-25-litros","62":"pa_tailledepot-maceta-de-3-litros","63":"pa_tailledepot-maceta-de-4-litros","64":"pa_tailledepot-maceta-de-5-litros","65":"pa_tailledepot-maceta-de-7-cm-es","66":"pa_tailledepot-maceta-de-7_5-litros","67":"pa_utilisationpossible-arriate","68":"pa_utilisationpossible-contenedor-o-olla","70":"first","71":"instock","72":"taxable","73":"shipping-taxable","74":"purchasable","75":"product-type-variable"},"supplier_id":null,"supplier_sku":"","barcode":null,"atum_controlled":true,"out_stock_date":null,"out_stock_threshold":null,"inheritable":true,"inbound_stock":0,"stock_on_hold":2,"sold_today":0,"sales_last_days":0,"reserved_stock":0,"customer_returns":0,"warehouse_damage":0,"lost_in_post":0,"other_logs":0,"out_stock_days":null,"lost_sales":0,"has_location":false,"update_date":"2026-04-17T12:26:15","atum_locations":[],"atum_stock_status":"instock","restock_status":false,"low_stock_amount":"","sales_update_date":"2026-01-27T08:53:18","calc_backorders":null,"yoast_head":"<!-- This site is optimized with the Yoast SEO Premium plugin v27.5 (Yoast SEO v27.5) - https:\/\/yoast.com\/product\/yoast-seo-premium-wordpress\/ -->\n<title>CHAMAECYPARIS lawsoniana &#039;Wissel&#039;s Saguaro&#039; - falso cipr\u00e9s de Lawson<\/title>\n<meta name=\"description\" content=\"El CHAMAECYPARIS lawsoniana &#039;Wissel&#039;s Saguaro&#039; tiene un follaje verde azulado. La silueta de este falso cipr\u00e9s de Lawson es muy estrecha con ramas irregulares.\" \/>\n<meta name=\"robots\" content=\"index, follow, max-snippet:-1, max-image-preview:large, max-video-preview:-1\" \/>\n<link rel=\"canonical\" href=\"https:\/\/www.vallonchene.fr\/es\/producto\/chamaecyparis-lawsoniana-wissels-saguaro-falso-cipres-de-lawson\/\" \/>\n<meta property=\"og:locale\" content=\"es_ES\" \/>\n<meta property=\"og:type\" content=\"article\" \/>\n<meta property=\"og:title\" content=\"CHAMAECYPARIS lawsoniana &#039;Wissel&#039;s Saguaro&#039;\" \/>\n<meta property=\"og:description\" content=\"El CHAMAECYPARIS lawsoniana &#039;Wissel&#039;s Saguaro&#039; tiene un follaje verde azulado. La silueta de este falso cipr\u00e9s de Lawson es muy estrecha con ramas irregulares.\" \/>\n<meta property=\"og:url\" content=\"https:\/\/www.vallonchene.fr\/es\/producto\/chamaecyparis-lawsoniana-wissels-saguaro-falso-cipres-de-lawson\/\" \/>\n<meta property=\"og:site_name\" content=\"Vallonch\u00eane\" \/>\n<meta property=\"article:publisher\" content=\"https:\/\/www.facebook.com\/vallonchene.fr\" \/>\n<meta property=\"article:modified_time\" content=\"2026-01-27T08:53:51+00:00\" \/>\n<meta property=\"og:image\" content=\"https:\/\/www.vallonchene.fr\/wp-content\/uploads\/2025\/04\/CHAMAECYPARIS-lawsoniana-Wissels-Saguaro_03.webp\" \/>\n\t<meta property=\"og:image:width\" content=\"1200\" \/>\n\t<meta property=\"og:image:height\" content=\"1200\" \/>\n\t<meta property=\"og:image:type\" content=\"image\/webp\" \/>\n<meta name=\"twitter:card\" content=\"summary_large_image\" \/>\n<meta name=\"twitter:label1\" content=\"Disponibilidad\" \/>\n\t<meta name=\"twitter:data1\" content=\"En stock\" \/>\n<script type=\"application\/ld+json\" class=\"yoast-schema-graph\">{\"@context\":\"https:\\\/\\\/schema.org\",\"@graph\":[{\"@type\":\"WebPage\",\"@id\":\"https:\\\/\\\/www.vallonchene.fr\\\/es\\\/producto\\\/chamaecyparis-lawsoniana-wissels-saguaro-falso-cipres-de-lawson\\\/\",\"url\":\"https:\\\/\\\/www.vallonchene.fr\\\/es\\\/producto\\\/chamaecyparis-lawsoniana-wissels-saguaro-falso-cipres-de-lawson\\\/\",\"name\":\"CHAMAECYPARIS lawsoniana 'Wissel's Saguaro' - falso cipr\u00e9s de Lawson\",\"isPartOf\":{\"@id\":\"https:\\\/\\\/www.vallonchene.fr\\\/es\\\/#website\"},\"primaryImageOfPage\":{\"@id\":\"https:\\\/\\\/www.vallonchene.fr\\\/es\\\/producto\\\/chamaecyparis-lawsoniana-wissels-saguaro-falso-cipres-de-lawson\\\/#primaryimage\"},\"image\":{\"@id\":\"https:\\\/\\\/www.vallonchene.fr\\\/es\\\/producto\\\/chamaecyparis-lawsoniana-wissels-saguaro-falso-cipres-de-lawson\\\/#primaryimage\"},\"thumbnailUrl\":\"https:\\\/\\\/www.vallonchene.fr\\\/wp-content\\\/uploads\\\/2025\\\/04\\\/CHAMAECYPARIS-lawsoniana-Wissels-Saguaro_03.webp\",\"datePublished\":\"2021-08-31T10:50:21+00:00\",\"dateModified\":\"2026-01-27T08:53:51+00:00\",\"description\":\"El CHAMAECYPARIS lawsoniana 'Wissel's Saguaro' tiene un follaje verde azulado. La silueta de este falso cipr\u00e9s de Lawson es muy estrecha con ramas irregulares.\",\"breadcrumb\":{\"@id\":\"https:\\\/\\\/www.vallonchene.fr\\\/es\\\/producto\\\/chamaecyparis-lawsoniana-wissels-saguaro-falso-cipres-de-lawson\\\/#breadcrumb\"},\"inLanguage\":\"es\",\"potentialAction\":[{\"@type\":\"ReadAction\",\"target\":[\"https:\\\/\\\/www.vallonchene.fr\\\/es\\\/producto\\\/chamaecyparis-lawsoniana-wissels-saguaro-falso-cipres-de-lawson\\\/\"]}]},{\"@type\":\"ImageObject\",\"inLanguage\":\"es\",\"@id\":\"https:\\\/\\\/www.vallonchene.fr\\\/es\\\/producto\\\/chamaecyparis-lawsoniana-wissels-saguaro-falso-cipres-de-lawson\\\/#primaryimage\",\"url\":\"https:\\\/\\\/www.vallonchene.fr\\\/wp-content\\\/uploads\\\/2025\\\/04\\\/CHAMAECYPARIS-lawsoniana-Wissels-Saguaro_03.webp\",\"contentUrl\":\"https:\\\/\\\/www.vallonchene.fr\\\/wp-content\\\/uploads\\\/2025\\\/04\\\/CHAMAECYPARIS-lawsoniana-Wissels-Saguaro_03.webp\",\"width\":1200,\"height\":1200,\"caption\":\"Forma de crecimiento extremadamente vertical de CHAMAECYPARIS lawsoniana 'Wissel's Saguaro'\"},{\"@type\":\"BreadcrumbList\",\"@id\":\"https:\\\/\\\/www.vallonchene.fr\\\/es\\\/producto\\\/chamaecyparis-lawsoniana-wissels-saguaro-falso-cipres-de-lawson\\\/#breadcrumb\",\"itemListElement\":[{\"@type\":\"ListItem\",\"position\":1,\"name\":\"Home\",\"item\":\"https:\\\/\\\/www.vallonchene.fr\\\/es\\\/\"},{\"@type\":\"ListItem\",\"position\":2,\"name\":\"Tienda\",\"item\":\"https:\\\/\\\/www.vallonchene.fr\\\/tienda\\\/\"},{\"@type\":\"ListItem\",\"position\":3,\"name\":\"Venta en linea\",\"item\":\"https:\\\/\\\/www.vallonchene.fr\\\/es\\\/categoria-producto\\\/venta-en-linea\\\/\"},{\"@type\":\"ListItem\",\"position\":4,\"name\":\"Vivero\",\"item\":\"https:\\\/\\\/www.vallonchene.fr\\\/es\\\/categoria-producto\\\/venta-en-linea\\\/vivero\\\/\"},{\"@type\":\"ListItem\",\"position\":5,\"name\":\"Coniferas\",\"item\":\"https:\\\/\\\/www.vallonchene.fr\\\/es\\\/categoria-producto\\\/venta-en-linea\\\/vivero\\\/coniferas\\\/\"},{\"@type\":\"ListItem\",\"position\":6,\"name\":\"CHAMAECYPARIS lawsoniana &#8216;Wissel&#8217;s Saguaro&#8217;\"}]},{\"@type\":\"WebSite\",\"@id\":\"https:\\\/\\\/www.vallonchene.fr\\\/es\\\/#website\",\"url\":\"https:\\\/\\\/www.vallonchene.fr\\\/es\\\/\",\"name\":\"Vallonch\u00eane\",\"description\":\"El vivero donde la calidad tiene sus ra\u00edces \u2013 Tel.: +33 (0)2.35.90.02.02\",\"publisher\":{\"@id\":\"https:\\\/\\\/www.vallonchene.fr\\\/es\\\/#organization\"},\"potentialAction\":[{\"@type\":\"SearchAction\",\"target\":{\"@type\":\"EntryPoint\",\"urlTemplate\":\"https:\\\/\\\/www.vallonchene.fr\\\/es\\\/?s={search_term_string}\"},\"query-input\":{\"@type\":\"PropertyValueSpecification\",\"valueRequired\":true,\"valueName\":\"search_term_string\"}}],\"inLanguage\":\"es\"},{\"@type\":\"Organization\",\"@id\":\"https:\\\/\\\/www.vallonchene.fr\\\/es\\\/#organization\",\"name\":\"VALLONCHENE\",\"url\":\"https:\\\/\\\/www.vallonchene.fr\\\/es\\\/\",\"logo\":{\"@type\":\"ImageObject\",\"inLanguage\":\"es\",\"@id\":\"https:\\\/\\\/www.vallonchene.fr\\\/es\\\/#\\\/schema\\\/logo\\\/image\\\/\",\"url\":\"https:\\\/\\\/www.vallonchene.fr\\\/wp-content\\\/uploads\\\/2023\\\/03\\\/Logo-Vallonchene-site-et-R_hauteur_100.png\",\"contentUrl\":\"https:\\\/\\\/www.vallonchene.fr\\\/wp-content\\\/uploads\\\/2023\\\/03\\\/Logo-Vallonchene-site-et-R_hauteur_100.png\",\"width\":221,\"height\":100,\"caption\":\"VALLONCHENE\"},\"image\":{\"@id\":\"https:\\\/\\\/www.vallonchene.fr\\\/es\\\/#\\\/schema\\\/logo\\\/image\\\/\"},\"sameAs\":[\"https:\\\/\\\/www.facebook.com\\\/vallonchene.fr\",\"https:\\\/\\\/www.instagram.com\\\/vallonchene\\\/\",\"https:\\\/\\\/www.pinterest.fr\\\/vallonchene\\\/\"],\"taxID\":\"49454502300017\",\"hasMerchantReturnPolicy\":{\"@type\":\"MerchantReturnPolicy\",\"merchantReturnLink\":\"https:\\\/\\\/www.vallonchene.fr\\\/remboursements_retours\\\/\"}}]}<\/script>\n<meta property=\"og:availability\" content=\"instock\" \/>\n<meta property=\"product:availability\" content=\"instock\" \/>\n<meta property=\"product:retailer_item_id\" content=\"75922\" \/>\n<meta property=\"product:condition\" content=\"new\" \/>\n<!-- \/ Yoast SEO Premium plugin. -->","yoast_head_json":{"title":"CHAMAECYPARIS lawsoniana 'Wissel's Saguaro' - falso cipr\u00e9s de Lawson","description":"El CHAMAECYPARIS lawsoniana 'Wissel's Saguaro' tiene un follaje verde azulado. La silueta de este falso cipr\u00e9s de Lawson es muy estrecha con ramas irregulares.","robots":{"index":"index","follow":"follow","max-snippet":"max-snippet:-1","max-image-preview":"max-image-preview:large","max-video-preview":"max-video-preview:-1"},"canonical":"https:\/\/www.vallonchene.fr\/es\/producto\/chamaecyparis-lawsoniana-wissels-saguaro-falso-cipres-de-lawson\/","og_locale":"es_ES","og_type":"article","og_title":"CHAMAECYPARIS lawsoniana 'Wissel's Saguaro'","og_description":"El CHAMAECYPARIS lawsoniana 'Wissel's Saguaro' tiene un follaje verde azulado. La silueta de este falso cipr\u00e9s de Lawson es muy estrecha con ramas irregulares.","og_url":"https:\/\/www.vallonchene.fr\/es\/producto\/chamaecyparis-lawsoniana-wissels-saguaro-falso-cipres-de-lawson\/","og_site_name":"Vallonch\u00eane","article_publisher":"https:\/\/www.facebook.com\/vallonchene.fr","article_modified_time":"2026-01-27T08:53:51+00:00","og_image":[{"width":1200,"height":1200,"url":"https:\/\/www.vallonchene.fr\/wp-content\/uploads\/2025\/04\/CHAMAECYPARIS-lawsoniana-Wissels-Saguaro_03.webp","type":"image\/webp"}],"twitter_card":"summary_large_image","twitter_misc":{"Disponibilidad":"En stock"},"schema":{"@context":"https:\/\/schema.org","@graph":[{"@type":"WebPage","@id":"https:\/\/www.vallonchene.fr\/es\/producto\/chamaecyparis-lawsoniana-wissels-saguaro-falso-cipres-de-lawson\/","url":"https:\/\/www.vallonchene.fr\/es\/producto\/chamaecyparis-lawsoniana-wissels-saguaro-falso-cipres-de-lawson\/","name":"CHAMAECYPARIS lawsoniana 'Wissel's Saguaro' - falso cipr\u00e9s de Lawson","isPartOf":{"@id":"https:\/\/www.vallonchene.fr\/es\/#website"},"primaryImageOfPage":{"@id":"https:\/\/www.vallonchene.fr\/es\/producto\/chamaecyparis-lawsoniana-wissels-saguaro-falso-cipres-de-lawson\/#primaryimage"},"image":{"@id":"https:\/\/www.vallonchene.fr\/es\/producto\/chamaecyparis-lawsoniana-wissels-saguaro-falso-cipres-de-lawson\/#primaryimage"},"thumbnailUrl":"https:\/\/www.vallonchene.fr\/wp-content\/uploads\/2025\/04\/CHAMAECYPARIS-lawsoniana-Wissels-Saguaro_03.webp","datePublished":"2021-08-31T10:50:21+00:00","dateModified":"2026-01-27T08:53:51+00:00","description":"El CHAMAECYPARIS lawsoniana 'Wissel's Saguaro' tiene un follaje verde azulado. La silueta de este falso cipr\u00e9s de Lawson es muy estrecha con ramas irregulares.","breadcrumb":{"@id":"https:\/\/www.vallonchene.fr\/es\/producto\/chamaecyparis-lawsoniana-wissels-saguaro-falso-cipres-de-lawson\/#breadcrumb"},"inLanguage":"es","potentialAction":[{"@type":"ReadAction","target":["https:\/\/www.vallonchene.fr\/es\/producto\/chamaecyparis-lawsoniana-wissels-saguaro-falso-cipres-de-lawson\/"]}]},{"@type":"ImageObject","inLanguage":"es","@id":"https:\/\/www.vallonchene.fr\/es\/producto\/chamaecyparis-lawsoniana-wissels-saguaro-falso-cipres-de-lawson\/#primaryimage","url":"https:\/\/www.vallonchene.fr\/wp-content\/uploads\/2025\/04\/CHAMAECYPARIS-lawsoniana-Wissels-Saguaro_03.webp","contentUrl":"https:\/\/www.vallonchene.fr\/wp-content\/uploads\/2025\/04\/CHAMAECYPARIS-lawsoniana-Wissels-Saguaro_03.webp","width":1200,"height":1200,"caption":"Forma de crecimiento extremadamente vertical de CHAMAECYPARIS lawsoniana 'Wissel's Saguaro'"},{"@type":"BreadcrumbList","@id":"https:\/\/www.vallonchene.fr\/es\/producto\/chamaecyparis-lawsoniana-wissels-saguaro-falso-cipres-de-lawson\/#breadcrumb","itemListElement":[{"@type":"ListItem","position":1,"name":"Home","item":"https:\/\/www.vallonchene.fr\/es\/"},{"@type":"ListItem","position":2,"name":"Tienda","item":"https:\/\/www.vallonchene.fr\/tienda\/"},{"@type":"ListItem","position":3,"name":"Venta en linea","item":"https:\/\/www.vallonchene.fr\/es\/categoria-producto\/venta-en-linea\/"},{"@type":"ListItem","position":4,"name":"Vivero","item":"https:\/\/www.vallonchene.fr\/es\/categoria-producto\/venta-en-linea\/vivero\/"},{"@type":"ListItem","position":5,"name":"Coniferas","item":"https:\/\/www.vallonchene.fr\/es\/categoria-producto\/venta-en-linea\/vivero\/coniferas\/"},{"@type":"ListItem","position":6,"name":"CHAMAECYPARIS lawsoniana &#8216;Wissel&#8217;s Saguaro&#8217;"}]},{"@type":"WebSite","@id":"https:\/\/www.vallonchene.fr\/es\/#website","url":"https:\/\/www.vallonchene.fr\/es\/","name":"Vallonch\u00eane","description":"El vivero donde la calidad tiene sus ra\u00edces \u2013 Tel.: +33 (0)2.35.90.02.02","publisher":{"@id":"https:\/\/www.vallonchene.fr\/es\/#organization"},"potentialAction":[{"@type":"SearchAction","target":{"@type":"EntryPoint","urlTemplate":"https:\/\/www.vallonchene.fr\/es\/?s={search_term_string}"},"query-input":{"@type":"PropertyValueSpecification","valueRequired":true,"valueName":"search_term_string"}}],"inLanguage":"es"},{"@type":"Organization","@id":"https:\/\/www.vallonchene.fr\/es\/#organization","name":"VALLONCHENE","url":"https:\/\/www.vallonchene.fr\/es\/","logo":{"@type":"ImageObject","inLanguage":"es","@id":"https:\/\/www.vallonchene.fr\/es\/#\/schema\/logo\/image\/","url":"https:\/\/www.vallonchene.fr\/wp-content\/uploads\/2023\/03\/Logo-Vallonchene-site-et-R_hauteur_100.png","contentUrl":"https:\/\/www.vallonchene.fr\/wp-content\/uploads\/2023\/03\/Logo-Vallonchene-site-et-R_hauteur_100.png","width":221,"height":100,"caption":"VALLONCHENE"},"image":{"@id":"https:\/\/www.vallonchene.fr\/es\/#\/schema\/logo\/image\/"},"sameAs":["https:\/\/www.facebook.com\/vallonchene.fr","https:\/\/www.instagram.com\/vallonchene\/","https:\/\/www.pinterest.fr\/vallonchene\/"],"taxID":"49454502300017","hasMerchantReturnPolicy":{"@type":"MerchantReturnPolicy","merchantReturnLink":"https:\/\/www.vallonchene.fr\/remboursements_retours\/"}}]},"og_availability":"instock","product_availability":"instock","product_retailer_item_id":"75922","product_condition":"new"},"_links":{"self":[{"href":"https:\/\/www.vallonchene.fr\/es\/wp-json\/wp\/v2\/product\/51107","targetHints":{"allow":["GET"]}}],"collection":[{"href":"https:\/\/www.vallonchene.fr\/es\/wp-json\/wp\/v2\/product"}],"about":[{"href":"https:\/\/www.vallonchene.fr\/es\/wp-json\/wp\/v2\/types\/product"}],"replies":[{"embeddable":true,"href":"https:\/\/www.vallonchene.fr\/es\/wp-json\/wp\/v2\/comments?post=51107"}],"wp:featuredmedia":[{"embeddable":true,"href":"https:\/\/www.vallonchene.fr\/es\/wp-json\/wp\/v2\/media\/53658"}],"wp:attachment":[{"href":"https:\/\/www.vallonchene.fr\/es\/wp-json\/wp\/v2\/media?parent=51107"}],"wp:term":[{"taxonomy":"product_brand","embeddable":true,"href":"https:\/\/www.vallonchene.fr\/es\/wp-json\/wp\/v2\/product_brand?post=51107"},{"taxonomy":"product_cat","embeddable":true,"href":"https:\/\/www.vallonchene.fr\/es\/wp-json\/wp\/v2\/product_cat?post=51107"},{"taxonomy":"product_tag","embeddable":true,"href":"https:\/\/www.vallonchene.fr\/es\/wp-json\/wp\/v2\/product_tag?post=51107"}],"curies":[{"name":"wp","href":"https:\/\/api.w.org\/{rel}","templated":true}]}}