{"id":51101,"date":"2022-11-24T14:57:46","date_gmt":"2022-11-24T14:57:46","guid":{"rendered":"https:\/\/www.vallonchene.fr\/produit\/chamaecyparis-lawsoniana-luna\/"},"modified":"2025-02-02T15:17:27","modified_gmt":"2025-02-02T14:17:27","slug":"chamaecyparis-lawsoniana-luna","status":"publish","type":"product","link":"https:\/\/www.vallonchene.fr\/es\/producto\/chamaecyparis-lawsoniana-luna\/","title":{"rendered":"CHAMAECYPARIS lawsoniana &#8216;Luna&#8217;"},"content":{"rendered":"<h2>La Planta<\/h2>\n<p> Primero, el <strong>CHAMAECYPARIS lawsoniana &#8216;Luna&#8217;<\/strong> es una maravilla de la naturaleza que aportar\u00e1 un punto de atracci\u00f3n a su jard\u00edn. Esta variedad excepcional de cipr\u00e9s de Lawson se distingue por sus <strong>brotes francamente blancos<\/strong> (ver foto). Luego, si tiene un rinc\u00f3n m\u00e1s oscuro, estos ser\u00e1n a\u00fan m\u00e1s blancos y iluminar\u00e1n ese lugar. Adem\u00e1s, el <strong>crecimiento de este con\u00edfero, que es m\u00e1s moderado<\/strong> que la especie t\u00edpica, es <strong>c\u00f3nico<\/strong>, <strong>compacto<\/strong> y tiene un <strong>follaje finamente texturizado<\/strong>. Finalmente, con su silueta graciosa y sus matices cambiantes a lo largo de las estaciones, el &#8216;Luna&#8217; atrae todas las miradas. As\u00ed, crea un punto focal irresistible en cualquier dise\u00f1o paisaj\u00edstico.     <\/p>\n<h2>\u00bfC\u00f3mo plantar y cuidar el CHAMAECYPARIS lawsoniana &#8216;Luna&#8217;?<\/h2>\n<h3>Plantaci\u00f3n <br \/><\/h3>\n<ol>\n<li>Para comenzar, elija un <strong>lugar soleado<\/strong> o <strong>parcialmente sombreado<\/strong> para aprovechar al m\u00e1ximo su Chamaecyparis lawsoniana &#8216;Luna&#8217;.<\/li>\n<li>Adem\u00e1s, el suelo debe estar <strong>bien drenado<\/strong>, ser <strong>ligeramente \u00e1cido<\/strong> a <strong>neutro<\/strong> y rico en materia org\u00e1nica.<\/li>\n<li>Para una buena preparaci\u00f3n del hoyo de plantaci\u00f3n, hemos dise\u00f1ado <a href=\"https:\/\/www.vallonchene.fr\/comment-planter-et-entretenir-des-vegetaux\/comment-planter-et-entretenir-arbres-arbustes-et-coniferes\/\" target=\"_blank\" rel=\"noreferrer noopener\"><strong>instrucciones espec\u00edficas disponibles aqu\u00ed<\/strong><\/a>.<\/li>\n<\/ol>\n<h3>Cuidado <br \/><\/h3>\n<ol>\n<li>Para mantener la belleza y la salud de su &#8216;Luna&#8217;, un <strong>riego regular es esencial, especialmente durante los primeros a\u00f1os<\/strong> despu\u00e9s de la plantaci\u00f3n.<\/li>\n<li>Aseg\u00farese de que el suelo se mantenga ligeramente h\u00famedo, pero evite el exceso de agua que puede provocar la pudrici\u00f3n de las ra\u00edces.<\/li>\n<li>Le invitamos a consultar tambi\u00e9n <a href=\"https:\/\/www.vallonchene.fr\/comment-bien-arroser-le-jardin-et-economiser-leau\/\"><strong>nuestros consejos sobre c\u00f3mo regar correctamente y ahorrar agua aqu\u00ed<\/strong><\/a>.<\/li>\n<\/ol>\n<h2>Historia y Origen<\/h2>\n<p> En cuanto a la historia, el CHAMAECYPARIS lawsoniana, com\u00fanmente llamado cipr\u00e9s de Lawson, es originario de los bosques costeros de Oreg\u00f3n y el norte de California en los Estados Unidos. En el siglo XIX, esta especie fue introducida en Europa y r\u00e1pidamente gan\u00f3 popularidad debido a su belleza y versatilidad. La variedad &#8216;Luna&#8217; es una selecci\u00f3n hort\u00edcola muy reciente cultivada por sus caracter\u00edsticas ornamentales superiores, en particular sus brotes francamente blancos. Sin duda, es una de las con\u00edferas m\u00e1s interesantes de los \u00faltimos a\u00f1os.   <\/p>\n","protected":false},"excerpt":{"rendered":"<p>El <strong>CHAMAECYPARIS lawsoniana &#8216;Luna&#8217;<\/strong> tiene las puntas blancas durante todo el a\u00f1o. Este <strong>falso cipr\u00e9s de Lawson<\/strong> es una con\u00edfera muy luminosa. <\/p>\n","protected":false},"featured_media":51094,"comment_status":"open","ping_status":"closed","template":"","meta":[],"product_brand":[],"product_cat":[11502,11821],"product_tag":[],"class_list":{"0":"post-51101","1":"product","2":"type-product","3":"status-publish","4":"has-post-thumbnail","6":"product_cat-coniferas","7":"product_cat-plantas-raras-plantas-de-coleccion","8":"pa_99-hauteurapproximativeapres1-2-a-3-m","9":"pa_couleurdufeuillage-blanca","10":"pa_couleurdufeuillage-verde","11":"pa_exigencesenhumidite-promedio","12":"pa_expositionspossibles-pleno-sol-de-12-a-17-min","13":"pa_expositionspossibles-sombra-parcial-evitar-el-sol-de-12-a-17-horas","14":"pa_hauteurlivree-100-a-125-cm","15":"pa_hauteurlivree-125-a-150-cm-es","16":"pa_hauteurlivree-60-a-80-cm-es","17":"pa_hauteurlivree-80-a-100-cm-es","18":"pa_interetauprintemps-follaje","19":"pa_interetauprintemps-habitus","20":"pa_interetenautomne-follaje","21":"pa_interetenautomne-habitus","22":"pa_interetenete-follaje","23":"pa_interetenete-habitus","24":"pa_interetenhiver-follaje","25":"pa_interetenhiver-habitus","26":"pa_naturedufeuillage-siempreverde","27":"pa_naturesdesolpossibles-ligero","28":"pa_naturesdesolpossibles-normal-es","29":"pa_periodedetaille-febrero","30":"pa_phdusolacceptable-acido-menos-de-6_5","31":"pa_phdusolacceptable-calcareo-mas-de-7_5","32":"pa_phdusolacceptable-neutro-entre-6_5-y-7_5","33":"pa_portgraphisme-conico","34":"pa_resistanceaufroidrusticite-resistente-por-debajo-de-menos-20-c","35":"pa_tailledepot-maceta-de-15-litros","36":"pa_tailledepot-maceta-de-5-litros","37":"pa_utilisationpossible-aislado","38":"pa_utilisationpossible-arriate","40":"first","41":"instock","42":"taxable","43":"shipping-taxable","44":"purchasable","45":"product-type-variable"},"supplier_id":null,"supplier_sku":"","barcode":null,"atum_controlled":true,"out_stock_date":null,"out_stock_threshold":null,"inheritable":true,"inbound_stock":0,"stock_on_hold":1,"sold_today":0,"sales_last_days":1,"reserved_stock":0,"customer_returns":0,"warehouse_damage":0,"lost_in_post":0,"other_logs":0,"out_stock_days":null,"lost_sales":0,"has_location":false,"update_date":"2026-04-14T10:07:04","atum_locations":[],"atum_stock_status":"instock","restock_status":false,"low_stock_amount":"","sales_update_date":"2026-02-18T15:50:18","calc_backorders":null,"yoast_head":"<!-- This site is optimized with the Yoast SEO Premium plugin v27.5 (Yoast SEO v27.5) - https:\/\/yoast.com\/product\/yoast-seo-premium-wordpress\/ -->\n<title>CHAMAECYPARIS lawsoniana &#039;Luna&#039; (falso cipr\u00e9s de Lawwson)<\/title>\n<meta name=\"description\" content=\"El CHAMAECYPARIS lawsoniana &#039;Luna&#039; tiene las puntas blancas durante todo el a\u00f1o. Este falso cipr\u00e9s de Lawson es una con\u00edfera muy luminosa.\" \/>\n<meta name=\"robots\" content=\"index, follow, max-snippet:-1, max-image-preview:large, max-video-preview:-1\" \/>\n<link rel=\"canonical\" href=\"https:\/\/www.vallonchene.fr\/es\/producto\/chamaecyparis-lawsoniana-luna\/\" \/>\n<meta property=\"og:locale\" content=\"es_ES\" \/>\n<meta property=\"og:type\" content=\"article\" \/>\n<meta property=\"og:title\" content=\"CHAMAECYPARIS lawsoniana &#039;Luna&#039;\" \/>\n<meta property=\"og:description\" content=\"El CHAMAECYPARIS lawsoniana &#039;Luna&#039; tiene las puntas blancas durante todo el a\u00f1o. Este falso cipr\u00e9s de Lawson es una con\u00edfera muy luminosa.\" \/>\n<meta property=\"og:url\" content=\"https:\/\/www.vallonchene.fr\/es\/producto\/chamaecyparis-lawsoniana-luna\/\" \/>\n<meta property=\"og:site_name\" content=\"Vallonch\u00eane\" \/>\n<meta property=\"article:publisher\" content=\"https:\/\/www.facebook.com\/vallonchene.fr\" \/>\n<meta property=\"article:modified_time\" content=\"2025-02-02T14:17:27+00:00\" \/>\n<meta property=\"og:image\" content=\"https:\/\/www.vallonchene.fr\/wp-content\/uploads\/2024\/10\/CHAMAECYPARIS-lawsoniana-Luna_02.webp\" \/>\n\t<meta property=\"og:image:width\" content=\"1200\" \/>\n\t<meta property=\"og:image:height\" content=\"1200\" \/>\n\t<meta property=\"og:image:type\" content=\"image\/webp\" \/>\n<meta name=\"twitter:card\" content=\"summary_large_image\" \/>\n<meta name=\"twitter:label1\" content=\"Disponibilidad\" \/>\n\t<meta name=\"twitter:data1\" content=\"En stock\" \/>\n<script type=\"application\/ld+json\" class=\"yoast-schema-graph\">{\"@context\":\"https:\\\/\\\/schema.org\",\"@graph\":[{\"@type\":\"WebPage\",\"@id\":\"https:\\\/\\\/www.vallonchene.fr\\\/es\\\/producto\\\/chamaecyparis-lawsoniana-luna\\\/\",\"url\":\"https:\\\/\\\/www.vallonchene.fr\\\/es\\\/producto\\\/chamaecyparis-lawsoniana-luna\\\/\",\"name\":\"CHAMAECYPARIS lawsoniana 'Luna' (falso cipr\u00e9s de Lawwson)\",\"isPartOf\":{\"@id\":\"https:\\\/\\\/www.vallonchene.fr\\\/es\\\/#website\"},\"primaryImageOfPage\":{\"@id\":\"https:\\\/\\\/www.vallonchene.fr\\\/es\\\/producto\\\/chamaecyparis-lawsoniana-luna\\\/#primaryimage\"},\"image\":{\"@id\":\"https:\\\/\\\/www.vallonchene.fr\\\/es\\\/producto\\\/chamaecyparis-lawsoniana-luna\\\/#primaryimage\"},\"thumbnailUrl\":\"https:\\\/\\\/www.vallonchene.fr\\\/wp-content\\\/uploads\\\/2024\\\/10\\\/CHAMAECYPARIS-lawsoniana-Luna_02.webp\",\"datePublished\":\"2022-11-24T14:57:46+00:00\",\"dateModified\":\"2025-02-02T14:17:27+00:00\",\"description\":\"El CHAMAECYPARIS lawsoniana 'Luna' tiene las puntas blancas durante todo el a\u00f1o. Este falso cipr\u00e9s de Lawson es una con\u00edfera muy luminosa.\",\"breadcrumb\":{\"@id\":\"https:\\\/\\\/www.vallonchene.fr\\\/es\\\/producto\\\/chamaecyparis-lawsoniana-luna\\\/#breadcrumb\"},\"inLanguage\":\"es\",\"potentialAction\":[{\"@type\":\"ReadAction\",\"target\":[\"https:\\\/\\\/www.vallonchene.fr\\\/es\\\/producto\\\/chamaecyparis-lawsoniana-luna\\\/\"]}]},{\"@type\":\"ImageObject\",\"inLanguage\":\"es\",\"@id\":\"https:\\\/\\\/www.vallonchene.fr\\\/es\\\/producto\\\/chamaecyparis-lawsoniana-luna\\\/#primaryimage\",\"url\":\"https:\\\/\\\/www.vallonchene.fr\\\/wp-content\\\/uploads\\\/2024\\\/10\\\/CHAMAECYPARIS-lawsoniana-Luna_02.webp\",\"contentUrl\":\"https:\\\/\\\/www.vallonchene.fr\\\/wp-content\\\/uploads\\\/2024\\\/10\\\/CHAMAECYPARIS-lawsoniana-Luna_02.webp\",\"width\":1200,\"height\":1200,\"caption\":\"Primer plano del follaje blanco del CHAMAECYPARIS lawsoniana 'Luna'\"},{\"@type\":\"BreadcrumbList\",\"@id\":\"https:\\\/\\\/www.vallonchene.fr\\\/es\\\/producto\\\/chamaecyparis-lawsoniana-luna\\\/#breadcrumb\",\"itemListElement\":[{\"@type\":\"ListItem\",\"position\":1,\"name\":\"Home\",\"item\":\"https:\\\/\\\/www.vallonchene.fr\\\/es\\\/\"},{\"@type\":\"ListItem\",\"position\":2,\"name\":\"Tienda\",\"item\":\"https:\\\/\\\/www.vallonchene.fr\\\/tienda\\\/\"},{\"@type\":\"ListItem\",\"position\":3,\"name\":\"Venta en linea\",\"item\":\"https:\\\/\\\/www.vallonchene.fr\\\/es\\\/categoria-producto\\\/venta-en-linea\\\/\"},{\"@type\":\"ListItem\",\"position\":4,\"name\":\"Vivero\",\"item\":\"https:\\\/\\\/www.vallonchene.fr\\\/es\\\/categoria-producto\\\/venta-en-linea\\\/vivero\\\/\"},{\"@type\":\"ListItem\",\"position\":5,\"name\":\"Coniferas\",\"item\":\"https:\\\/\\\/www.vallonchene.fr\\\/es\\\/categoria-producto\\\/venta-en-linea\\\/vivero\\\/coniferas\\\/\"},{\"@type\":\"ListItem\",\"position\":6,\"name\":\"CHAMAECYPARIS lawsoniana &lsquo;Luna&rsquo;\"}]},{\"@type\":\"WebSite\",\"@id\":\"https:\\\/\\\/www.vallonchene.fr\\\/es\\\/#website\",\"url\":\"https:\\\/\\\/www.vallonchene.fr\\\/es\\\/\",\"name\":\"Vallonch\u00eane\",\"description\":\"El vivero donde la calidad tiene sus ra\u00edces \u2013 Tel.: +33 (0)2.35.90.02.02\",\"publisher\":{\"@id\":\"https:\\\/\\\/www.vallonchene.fr\\\/es\\\/#organization\"},\"potentialAction\":[{\"@type\":\"SearchAction\",\"target\":{\"@type\":\"EntryPoint\",\"urlTemplate\":\"https:\\\/\\\/www.vallonchene.fr\\\/es\\\/?s={search_term_string}\"},\"query-input\":{\"@type\":\"PropertyValueSpecification\",\"valueRequired\":true,\"valueName\":\"search_term_string\"}}],\"inLanguage\":\"es\"},{\"@type\":\"Organization\",\"@id\":\"https:\\\/\\\/www.vallonchene.fr\\\/es\\\/#organization\",\"name\":\"VALLONCHENE\",\"url\":\"https:\\\/\\\/www.vallonchene.fr\\\/es\\\/\",\"logo\":{\"@type\":\"ImageObject\",\"inLanguage\":\"es\",\"@id\":\"https:\\\/\\\/www.vallonchene.fr\\\/es\\\/#\\\/schema\\\/logo\\\/image\\\/\",\"url\":\"https:\\\/\\\/www.vallonchene.fr\\\/wp-content\\\/uploads\\\/2023\\\/03\\\/Logo-Vallonchene-site-et-R_hauteur_100.png\",\"contentUrl\":\"https:\\\/\\\/www.vallonchene.fr\\\/wp-content\\\/uploads\\\/2023\\\/03\\\/Logo-Vallonchene-site-et-R_hauteur_100.png\",\"width\":221,\"height\":100,\"caption\":\"VALLONCHENE\"},\"image\":{\"@id\":\"https:\\\/\\\/www.vallonchene.fr\\\/es\\\/#\\\/schema\\\/logo\\\/image\\\/\"},\"sameAs\":[\"https:\\\/\\\/www.facebook.com\\\/vallonchene.fr\",\"https:\\\/\\\/www.instagram.com\\\/vallonchene\\\/\",\"https:\\\/\\\/www.pinterest.fr\\\/vallonchene\\\/\"],\"taxID\":\"49454502300017\",\"hasMerchantReturnPolicy\":{\"@type\":\"MerchantReturnPolicy\",\"merchantReturnLink\":\"https:\\\/\\\/www.vallonchene.fr\\\/remboursements_retours\\\/\"}}]}<\/script>\n<meta property=\"og:availability\" content=\"instock\" \/>\n<meta property=\"product:availability\" content=\"instock\" \/>\n<meta property=\"product:retailer_item_id\" content=\"94398\" \/>\n<meta property=\"product:condition\" content=\"new\" \/>\n<!-- \/ Yoast SEO Premium plugin. -->","yoast_head_json":{"title":"CHAMAECYPARIS lawsoniana 'Luna' (falso cipr\u00e9s de Lawwson)","description":"El CHAMAECYPARIS lawsoniana 'Luna' tiene las puntas blancas durante todo el a\u00f1o. Este falso cipr\u00e9s de Lawson es una con\u00edfera muy luminosa.","robots":{"index":"index","follow":"follow","max-snippet":"max-snippet:-1","max-image-preview":"max-image-preview:large","max-video-preview":"max-video-preview:-1"},"canonical":"https:\/\/www.vallonchene.fr\/es\/producto\/chamaecyparis-lawsoniana-luna\/","og_locale":"es_ES","og_type":"article","og_title":"CHAMAECYPARIS lawsoniana 'Luna'","og_description":"El CHAMAECYPARIS lawsoniana 'Luna' tiene las puntas blancas durante todo el a\u00f1o. Este falso cipr\u00e9s de Lawson es una con\u00edfera muy luminosa.","og_url":"https:\/\/www.vallonchene.fr\/es\/producto\/chamaecyparis-lawsoniana-luna\/","og_site_name":"Vallonch\u00eane","article_publisher":"https:\/\/www.facebook.com\/vallonchene.fr","article_modified_time":"2025-02-02T14:17:27+00:00","og_image":[{"width":1200,"height":1200,"url":"https:\/\/www.vallonchene.fr\/wp-content\/uploads\/2024\/10\/CHAMAECYPARIS-lawsoniana-Luna_02.webp","type":"image\/webp"}],"twitter_card":"summary_large_image","twitter_misc":{"Disponibilidad":"En stock"},"schema":{"@context":"https:\/\/schema.org","@graph":[{"@type":"WebPage","@id":"https:\/\/www.vallonchene.fr\/es\/producto\/chamaecyparis-lawsoniana-luna\/","url":"https:\/\/www.vallonchene.fr\/es\/producto\/chamaecyparis-lawsoniana-luna\/","name":"CHAMAECYPARIS lawsoniana 'Luna' (falso cipr\u00e9s de Lawwson)","isPartOf":{"@id":"https:\/\/www.vallonchene.fr\/es\/#website"},"primaryImageOfPage":{"@id":"https:\/\/www.vallonchene.fr\/es\/producto\/chamaecyparis-lawsoniana-luna\/#primaryimage"},"image":{"@id":"https:\/\/www.vallonchene.fr\/es\/producto\/chamaecyparis-lawsoniana-luna\/#primaryimage"},"thumbnailUrl":"https:\/\/www.vallonchene.fr\/wp-content\/uploads\/2024\/10\/CHAMAECYPARIS-lawsoniana-Luna_02.webp","datePublished":"2022-11-24T14:57:46+00:00","dateModified":"2025-02-02T14:17:27+00:00","description":"El CHAMAECYPARIS lawsoniana 'Luna' tiene las puntas blancas durante todo el a\u00f1o. Este falso cipr\u00e9s de Lawson es una con\u00edfera muy luminosa.","breadcrumb":{"@id":"https:\/\/www.vallonchene.fr\/es\/producto\/chamaecyparis-lawsoniana-luna\/#breadcrumb"},"inLanguage":"es","potentialAction":[{"@type":"ReadAction","target":["https:\/\/www.vallonchene.fr\/es\/producto\/chamaecyparis-lawsoniana-luna\/"]}]},{"@type":"ImageObject","inLanguage":"es","@id":"https:\/\/www.vallonchene.fr\/es\/producto\/chamaecyparis-lawsoniana-luna\/#primaryimage","url":"https:\/\/www.vallonchene.fr\/wp-content\/uploads\/2024\/10\/CHAMAECYPARIS-lawsoniana-Luna_02.webp","contentUrl":"https:\/\/www.vallonchene.fr\/wp-content\/uploads\/2024\/10\/CHAMAECYPARIS-lawsoniana-Luna_02.webp","width":1200,"height":1200,"caption":"Primer plano del follaje blanco del CHAMAECYPARIS lawsoniana 'Luna'"},{"@type":"BreadcrumbList","@id":"https:\/\/www.vallonchene.fr\/es\/producto\/chamaecyparis-lawsoniana-luna\/#breadcrumb","itemListElement":[{"@type":"ListItem","position":1,"name":"Home","item":"https:\/\/www.vallonchene.fr\/es\/"},{"@type":"ListItem","position":2,"name":"Tienda","item":"https:\/\/www.vallonchene.fr\/tienda\/"},{"@type":"ListItem","position":3,"name":"Venta en linea","item":"https:\/\/www.vallonchene.fr\/es\/categoria-producto\/venta-en-linea\/"},{"@type":"ListItem","position":4,"name":"Vivero","item":"https:\/\/www.vallonchene.fr\/es\/categoria-producto\/venta-en-linea\/vivero\/"},{"@type":"ListItem","position":5,"name":"Coniferas","item":"https:\/\/www.vallonchene.fr\/es\/categoria-producto\/venta-en-linea\/vivero\/coniferas\/"},{"@type":"ListItem","position":6,"name":"CHAMAECYPARIS lawsoniana &lsquo;Luna&rsquo;"}]},{"@type":"WebSite","@id":"https:\/\/www.vallonchene.fr\/es\/#website","url":"https:\/\/www.vallonchene.fr\/es\/","name":"Vallonch\u00eane","description":"El vivero donde la calidad tiene sus ra\u00edces \u2013 Tel.: +33 (0)2.35.90.02.02","publisher":{"@id":"https:\/\/www.vallonchene.fr\/es\/#organization"},"potentialAction":[{"@type":"SearchAction","target":{"@type":"EntryPoint","urlTemplate":"https:\/\/www.vallonchene.fr\/es\/?s={search_term_string}"},"query-input":{"@type":"PropertyValueSpecification","valueRequired":true,"valueName":"search_term_string"}}],"inLanguage":"es"},{"@type":"Organization","@id":"https:\/\/www.vallonchene.fr\/es\/#organization","name":"VALLONCHENE","url":"https:\/\/www.vallonchene.fr\/es\/","logo":{"@type":"ImageObject","inLanguage":"es","@id":"https:\/\/www.vallonchene.fr\/es\/#\/schema\/logo\/image\/","url":"https:\/\/www.vallonchene.fr\/wp-content\/uploads\/2023\/03\/Logo-Vallonchene-site-et-R_hauteur_100.png","contentUrl":"https:\/\/www.vallonchene.fr\/wp-content\/uploads\/2023\/03\/Logo-Vallonchene-site-et-R_hauteur_100.png","width":221,"height":100,"caption":"VALLONCHENE"},"image":{"@id":"https:\/\/www.vallonchene.fr\/es\/#\/schema\/logo\/image\/"},"sameAs":["https:\/\/www.facebook.com\/vallonchene.fr","https:\/\/www.instagram.com\/vallonchene\/","https:\/\/www.pinterest.fr\/vallonchene\/"],"taxID":"49454502300017","hasMerchantReturnPolicy":{"@type":"MerchantReturnPolicy","merchantReturnLink":"https:\/\/www.vallonchene.fr\/remboursements_retours\/"}}]},"og_availability":"instock","product_availability":"instock","product_retailer_item_id":"94398","product_condition":"new"},"_links":{"self":[{"href":"https:\/\/www.vallonchene.fr\/es\/wp-json\/wp\/v2\/product\/51101","targetHints":{"allow":["GET"]}}],"collection":[{"href":"https:\/\/www.vallonchene.fr\/es\/wp-json\/wp\/v2\/product"}],"about":[{"href":"https:\/\/www.vallonchene.fr\/es\/wp-json\/wp\/v2\/types\/product"}],"replies":[{"embeddable":true,"href":"https:\/\/www.vallonchene.fr\/es\/wp-json\/wp\/v2\/comments?post=51101"}],"wp:featuredmedia":[{"embeddable":true,"href":"https:\/\/www.vallonchene.fr\/es\/wp-json\/wp\/v2\/media\/51094"}],"wp:attachment":[{"href":"https:\/\/www.vallonchene.fr\/es\/wp-json\/wp\/v2\/media?parent=51101"}],"wp:term":[{"taxonomy":"product_brand","embeddable":true,"href":"https:\/\/www.vallonchene.fr\/es\/wp-json\/wp\/v2\/product_brand?post=51101"},{"taxonomy":"product_cat","embeddable":true,"href":"https:\/\/www.vallonchene.fr\/es\/wp-json\/wp\/v2\/product_cat?post=51101"},{"taxonomy":"product_tag","embeddable":true,"href":"https:\/\/www.vallonchene.fr\/es\/wp-json\/wp\/v2\/product_tag?post=51101"}],"curies":[{"name":"wp","href":"https:\/\/api.w.org\/{rel}","templated":true}]}}