{"id":51030,"date":"2021-08-31T10:47:23","date_gmt":"2021-08-31T10:47:23","guid":{"rendered":"https:\/\/www.vallonchene.fr\/produit\/calocedrus-decurrens-berrima-gold\/"},"modified":"2025-10-22T09:41:43","modified_gmt":"2025-10-22T07:41:43","slug":"calocedrus-decurrens-berrima-gold","status":"publish","type":"product","link":"https:\/\/www.vallonchene.fr\/es\/producto\/calocedrus-decurrens-berrima-gold\/","title":{"rendered":"CALOCEDRUS decurrens &#8216;Berrima Gold&#8217; <br>"},"content":{"rendered":"<p>El follaje de este <strong>libocedro de California<\/strong> es amarillo, pero el momento de gloria del <strong>CALOCEDRUS decurrens &#8216;Berrima Gold&#8217;<\/strong> es en invierno cuando su follaje se vuelve amarillo intenso. Se convierte en una verdadera atracci\u00f3n, transform\u00e1ndose en una fuente de luz durante esta estaci\u00f3n m\u00e1s oscura. Esta con\u00edfera perenne crece como un arbusto los primeros a\u00f1os para luego desarrollarse en columna. Crece muy lentamente. El calocedro es uno de los \u00e1rboles m\u00e1s tolerantes a los incendios forestales.    <\/p>\n","protected":false},"excerpt":{"rendered":"<p>Este <strong>libocedro de California<\/strong> tiene un follaje completamente amarillo. El <strong>CALOCEDRUS decurrens &#8216;Berrima Gold&#8217;<\/strong> crece en forma de columna y es muy resistente.  <\/p>\n","protected":false},"featured_media":51031,"comment_status":"open","ping_status":"closed","template":"","meta":[],"product_brand":[],"product_cat":[11502,11493],"product_tag":[11947,11945,11944,11946,11948],"class_list":{"0":"post-51030","1":"product","2":"type-product","3":"status-publish","4":"has-post-thumbnail","6":"product_cat-coniferas","7":"product_cat-venta-en-linea","8":"product_tag-berrima-gold-es","9":"product_tag-calocedrus-es","10":"product_tag-calocedrus-decurrens-es","11":"product_tag-calocedrus-decurrens-berrima-gol-es","12":"product_tag-calocedrus-decurrens-berrima-gold-es","13":"pa_couleurdufeuillage-amarilla","14":"pa_exigencesenhumidite-moderadamente-humedo-a-humedo","15":"pa_exigencesenhumidite-promedio","16":"pa_exigencesenhumidite-seco","17":"pa_expositionspossibles-pleno-sol-de-12-a-17-min","18":"pa_hauteurlivree-30-a-40-cm-es","19":"pa_hauteurlivree-40-a-50-cm-es","20":"pa_hauteurlivree-50-a-60-cm-es","21":"pa_hauteurlivree-60-a-80-cm-es","22":"pa_interetauprintemps-follaje","23":"pa_interetauprintemps-habitus","24":"pa_interetenautomne-follaje","25":"pa_interetenautomne-habitus","26":"pa_interetenete-follaje","27":"pa_interetenete-habitus","28":"pa_interetenhiver-follaje","29":"pa_interetenhiver-habitus","30":"pa_naturedufeuillage-siempreverde","31":"pa_naturesdesolpossibles-ligero","32":"pa_naturesdesolpossibles-normal-es","33":"pa_particularites-habitus","34":"pa_periodedetaille-marzo","35":"pa_phdusolacceptable-acido-menos-de-6_5","36":"pa_phdusolacceptable-calcareo-mas-de-7_5","37":"pa_phdusolacceptable-neutro-entre-6_5-y-7_5","38":"pa_portgraphisme-fastigiado","39":"pa_resistanceaufroidrusticite-resistente-por-debajo-de-menos-20-c","40":"pa_tailledepot-maceta-de-4-litros","41":"pa_tailledepot-maceta-de-7_5-litros","42":"pa_utilisationpossible-aislado","43":"pa_utilisationpossible-arriate","44":"pa_utilisationpossible-contenedor-o-olla","46":"first","47":"instock","48":"taxable","49":"shipping-taxable","50":"purchasable","51":"product-type-variable"},"supplier_id":null,"supplier_sku":"","barcode":null,"atum_controlled":true,"out_stock_date":null,"out_stock_threshold":null,"inheritable":true,"inbound_stock":0,"stock_on_hold":0,"sold_today":0,"sales_last_days":0,"reserved_stock":0,"customer_returns":0,"warehouse_damage":0,"lost_in_post":0,"other_logs":0,"out_stock_days":null,"lost_sales":0,"has_location":false,"update_date":"2025-12-11T15:35:27","atum_locations":[],"atum_stock_status":"instock","restock_status":false,"low_stock_amount":"","sales_update_date":"2025-10-22T07:41:10","calc_backorders":null,"yoast_head":"<!-- This site is optimized with the Yoast SEO Premium plugin v27.5 (Yoast SEO v27.5) - https:\/\/yoast.com\/product\/yoast-seo-premium-wordpress\/ -->\n<title>CALOCEDRUS decurrens &#039;Berrima Gold&#039; (libocedro de California)<\/title>\n<meta name=\"description\" content=\"Este libocedro de California tiene un follaje completamente amarillo. El CALOCEDRUS decurrens &#039;Berrima Gold&#039; crece en forma de columna y es muy resistente.\" \/>\n<meta name=\"robots\" content=\"index, follow, max-snippet:-1, max-image-preview:large, max-video-preview:-1\" \/>\n<link rel=\"canonical\" href=\"https:\/\/www.vallonchene.fr\/es\/producto\/calocedrus-decurrens-berrima-gold\/\" \/>\n<meta property=\"og:locale\" content=\"es_ES\" \/>\n<meta property=\"og:type\" content=\"article\" \/>\n<meta property=\"og:title\" content=\"CALOCEDRUS decurrens &#039;Berrima Gold&#039;\" \/>\n<meta property=\"og:description\" content=\"Este libocedro de California tiene un follaje completamente amarillo. El CALOCEDRUS decurrens &#039;Berrima Gold&#039; crece en forma de columna y es muy resistente.\" \/>\n<meta property=\"og:url\" content=\"https:\/\/www.vallonchene.fr\/es\/producto\/calocedrus-decurrens-berrima-gold\/\" \/>\n<meta property=\"og:site_name\" content=\"Vallonch\u00eane\" \/>\n<meta property=\"article:publisher\" content=\"https:\/\/www.facebook.com\/vallonchene.fr\" \/>\n<meta property=\"article:modified_time\" content=\"2025-10-22T07:41:43+00:00\" \/>\n<meta property=\"og:image\" content=\"https:\/\/www.vallonchene.fr\/wp-content\/uploads\/2021\/08\/691-696-Vue-rapprochee-du-CALOCEDRUS-decurrens-Berrima-Gold-en-Octobre.jpg\" \/>\n\t<meta property=\"og:image:width\" content=\"1600\" \/>\n\t<meta property=\"og:image:height\" content=\"1600\" \/>\n\t<meta property=\"og:image:type\" content=\"image\/jpeg\" \/>\n<meta name=\"twitter:card\" content=\"summary_large_image\" \/>\n<meta name=\"twitter:label1\" content=\"Disponibilidad\" \/>\n\t<meta name=\"twitter:data1\" content=\"En stock\" \/>\n<script type=\"application\/ld+json\" class=\"yoast-schema-graph\">{\"@context\":\"https:\\\/\\\/schema.org\",\"@graph\":[{\"@type\":\"WebPage\",\"@id\":\"https:\\\/\\\/www.vallonchene.fr\\\/es\\\/producto\\\/calocedrus-decurrens-berrima-gold\\\/\",\"url\":\"https:\\\/\\\/www.vallonchene.fr\\\/es\\\/producto\\\/calocedrus-decurrens-berrima-gold\\\/\",\"name\":\"CALOCEDRUS decurrens 'Berrima Gold' (libocedro de California)\",\"isPartOf\":{\"@id\":\"https:\\\/\\\/www.vallonchene.fr\\\/es\\\/#website\"},\"primaryImageOfPage\":{\"@id\":\"https:\\\/\\\/www.vallonchene.fr\\\/es\\\/producto\\\/calocedrus-decurrens-berrima-gold\\\/#primaryimage\"},\"image\":{\"@id\":\"https:\\\/\\\/www.vallonchene.fr\\\/es\\\/producto\\\/calocedrus-decurrens-berrima-gold\\\/#primaryimage\"},\"thumbnailUrl\":\"https:\\\/\\\/www.vallonchene.fr\\\/wp-content\\\/uploads\\\/2021\\\/08\\\/691-696-Vue-rapprochee-du-CALOCEDRUS-decurrens-Berrima-Gold-en-Octobre.jpg\",\"datePublished\":\"2021-08-31T10:47:23+00:00\",\"dateModified\":\"2025-10-22T07:41:43+00:00\",\"description\":\"Este libocedro de California tiene un follaje completamente amarillo. El CALOCEDRUS decurrens 'Berrima Gold' crece en forma de columna y es muy resistente.\",\"breadcrumb\":{\"@id\":\"https:\\\/\\\/www.vallonchene.fr\\\/es\\\/producto\\\/calocedrus-decurrens-berrima-gold\\\/#breadcrumb\"},\"inLanguage\":\"es\",\"potentialAction\":[{\"@type\":\"ReadAction\",\"target\":[\"https:\\\/\\\/www.vallonchene.fr\\\/es\\\/producto\\\/calocedrus-decurrens-berrima-gold\\\/\"]}]},{\"@type\":\"ImageObject\",\"inLanguage\":\"es\",\"@id\":\"https:\\\/\\\/www.vallonchene.fr\\\/es\\\/producto\\\/calocedrus-decurrens-berrima-gold\\\/#primaryimage\",\"url\":\"https:\\\/\\\/www.vallonchene.fr\\\/wp-content\\\/uploads\\\/2021\\\/08\\\/691-696-Vue-rapprochee-du-CALOCEDRUS-decurrens-Berrima-Gold-en-Octobre.jpg\",\"contentUrl\":\"https:\\\/\\\/www.vallonchene.fr\\\/wp-content\\\/uploads\\\/2021\\\/08\\\/691-696-Vue-rapprochee-du-CALOCEDRUS-decurrens-Berrima-Gold-en-Octobre.jpg\",\"width\":1600,\"height\":1600},{\"@type\":\"BreadcrumbList\",\"@id\":\"https:\\\/\\\/www.vallonchene.fr\\\/es\\\/producto\\\/calocedrus-decurrens-berrima-gold\\\/#breadcrumb\",\"itemListElement\":[{\"@type\":\"ListItem\",\"position\":1,\"name\":\"Home\",\"item\":\"https:\\\/\\\/www.vallonchene.fr\\\/es\\\/\"},{\"@type\":\"ListItem\",\"position\":2,\"name\":\"Tienda\",\"item\":\"https:\\\/\\\/www.vallonchene.fr\\\/tienda\\\/\"},{\"@type\":\"ListItem\",\"position\":3,\"name\":\"CALOCEDRUS decurrens &#8216;Berrima Gold&#8217;\"}]},{\"@type\":\"WebSite\",\"@id\":\"https:\\\/\\\/www.vallonchene.fr\\\/es\\\/#website\",\"url\":\"https:\\\/\\\/www.vallonchene.fr\\\/es\\\/\",\"name\":\"Vallonch\u00eane\",\"description\":\"El vivero donde la calidad tiene sus ra\u00edces \u2013 Tel.: +33 (0)2.35.90.02.02\",\"publisher\":{\"@id\":\"https:\\\/\\\/www.vallonchene.fr\\\/es\\\/#organization\"},\"potentialAction\":[{\"@type\":\"SearchAction\",\"target\":{\"@type\":\"EntryPoint\",\"urlTemplate\":\"https:\\\/\\\/www.vallonchene.fr\\\/es\\\/?s={search_term_string}\"},\"query-input\":{\"@type\":\"PropertyValueSpecification\",\"valueRequired\":true,\"valueName\":\"search_term_string\"}}],\"inLanguage\":\"es\"},{\"@type\":\"Organization\",\"@id\":\"https:\\\/\\\/www.vallonchene.fr\\\/es\\\/#organization\",\"name\":\"VALLONCHENE\",\"url\":\"https:\\\/\\\/www.vallonchene.fr\\\/es\\\/\",\"logo\":{\"@type\":\"ImageObject\",\"inLanguage\":\"es\",\"@id\":\"https:\\\/\\\/www.vallonchene.fr\\\/es\\\/#\\\/schema\\\/logo\\\/image\\\/\",\"url\":\"https:\\\/\\\/www.vallonchene.fr\\\/wp-content\\\/uploads\\\/2023\\\/03\\\/Logo-Vallonchene-site-et-R_hauteur_100.png\",\"contentUrl\":\"https:\\\/\\\/www.vallonchene.fr\\\/wp-content\\\/uploads\\\/2023\\\/03\\\/Logo-Vallonchene-site-et-R_hauteur_100.png\",\"width\":221,\"height\":100,\"caption\":\"VALLONCHENE\"},\"image\":{\"@id\":\"https:\\\/\\\/www.vallonchene.fr\\\/es\\\/#\\\/schema\\\/logo\\\/image\\\/\"},\"sameAs\":[\"https:\\\/\\\/www.facebook.com\\\/vallonchene.fr\",\"https:\\\/\\\/www.instagram.com\\\/vallonchene\\\/\",\"https:\\\/\\\/www.pinterest.fr\\\/vallonchene\\\/\"],\"taxID\":\"49454502300017\",\"hasMerchantReturnPolicy\":{\"@type\":\"MerchantReturnPolicy\",\"merchantReturnLink\":\"https:\\\/\\\/www.vallonchene.fr\\\/remboursements_retours\\\/\"}}]}<\/script>\n<meta property=\"og:availability\" content=\"instock\" \/>\n<meta property=\"product:availability\" content=\"instock\" \/>\n<meta property=\"product:retailer_item_id\" content=\"51348\" \/>\n<meta property=\"product:condition\" content=\"new\" \/>\n<!-- \/ Yoast SEO Premium plugin. -->","yoast_head_json":{"title":"CALOCEDRUS decurrens 'Berrima Gold' (libocedro de California)","description":"Este libocedro de California tiene un follaje completamente amarillo. El CALOCEDRUS decurrens 'Berrima Gold' crece en forma de columna y es muy resistente.","robots":{"index":"index","follow":"follow","max-snippet":"max-snippet:-1","max-image-preview":"max-image-preview:large","max-video-preview":"max-video-preview:-1"},"canonical":"https:\/\/www.vallonchene.fr\/es\/producto\/calocedrus-decurrens-berrima-gold\/","og_locale":"es_ES","og_type":"article","og_title":"CALOCEDRUS decurrens 'Berrima Gold'","og_description":"Este libocedro de California tiene un follaje completamente amarillo. El CALOCEDRUS decurrens 'Berrima Gold' crece en forma de columna y es muy resistente.","og_url":"https:\/\/www.vallonchene.fr\/es\/producto\/calocedrus-decurrens-berrima-gold\/","og_site_name":"Vallonch\u00eane","article_publisher":"https:\/\/www.facebook.com\/vallonchene.fr","article_modified_time":"2025-10-22T07:41:43+00:00","og_image":[{"width":1600,"height":1600,"url":"https:\/\/www.vallonchene.fr\/wp-content\/uploads\/2021\/08\/691-696-Vue-rapprochee-du-CALOCEDRUS-decurrens-Berrima-Gold-en-Octobre.jpg","type":"image\/jpeg"}],"twitter_card":"summary_large_image","twitter_misc":{"Disponibilidad":"En stock"},"schema":{"@context":"https:\/\/schema.org","@graph":[{"@type":"WebPage","@id":"https:\/\/www.vallonchene.fr\/es\/producto\/calocedrus-decurrens-berrima-gold\/","url":"https:\/\/www.vallonchene.fr\/es\/producto\/calocedrus-decurrens-berrima-gold\/","name":"CALOCEDRUS decurrens 'Berrima Gold' (libocedro de California)","isPartOf":{"@id":"https:\/\/www.vallonchene.fr\/es\/#website"},"primaryImageOfPage":{"@id":"https:\/\/www.vallonchene.fr\/es\/producto\/calocedrus-decurrens-berrima-gold\/#primaryimage"},"image":{"@id":"https:\/\/www.vallonchene.fr\/es\/producto\/calocedrus-decurrens-berrima-gold\/#primaryimage"},"thumbnailUrl":"https:\/\/www.vallonchene.fr\/wp-content\/uploads\/2021\/08\/691-696-Vue-rapprochee-du-CALOCEDRUS-decurrens-Berrima-Gold-en-Octobre.jpg","datePublished":"2021-08-31T10:47:23+00:00","dateModified":"2025-10-22T07:41:43+00:00","description":"Este libocedro de California tiene un follaje completamente amarillo. El CALOCEDRUS decurrens 'Berrima Gold' crece en forma de columna y es muy resistente.","breadcrumb":{"@id":"https:\/\/www.vallonchene.fr\/es\/producto\/calocedrus-decurrens-berrima-gold\/#breadcrumb"},"inLanguage":"es","potentialAction":[{"@type":"ReadAction","target":["https:\/\/www.vallonchene.fr\/es\/producto\/calocedrus-decurrens-berrima-gold\/"]}]},{"@type":"ImageObject","inLanguage":"es","@id":"https:\/\/www.vallonchene.fr\/es\/producto\/calocedrus-decurrens-berrima-gold\/#primaryimage","url":"https:\/\/www.vallonchene.fr\/wp-content\/uploads\/2021\/08\/691-696-Vue-rapprochee-du-CALOCEDRUS-decurrens-Berrima-Gold-en-Octobre.jpg","contentUrl":"https:\/\/www.vallonchene.fr\/wp-content\/uploads\/2021\/08\/691-696-Vue-rapprochee-du-CALOCEDRUS-decurrens-Berrima-Gold-en-Octobre.jpg","width":1600,"height":1600},{"@type":"BreadcrumbList","@id":"https:\/\/www.vallonchene.fr\/es\/producto\/calocedrus-decurrens-berrima-gold\/#breadcrumb","itemListElement":[{"@type":"ListItem","position":1,"name":"Home","item":"https:\/\/www.vallonchene.fr\/es\/"},{"@type":"ListItem","position":2,"name":"Tienda","item":"https:\/\/www.vallonchene.fr\/tienda\/"},{"@type":"ListItem","position":3,"name":"CALOCEDRUS decurrens &#8216;Berrima Gold&#8217;"}]},{"@type":"WebSite","@id":"https:\/\/www.vallonchene.fr\/es\/#website","url":"https:\/\/www.vallonchene.fr\/es\/","name":"Vallonch\u00eane","description":"El vivero donde la calidad tiene sus ra\u00edces \u2013 Tel.: +33 (0)2.35.90.02.02","publisher":{"@id":"https:\/\/www.vallonchene.fr\/es\/#organization"},"potentialAction":[{"@type":"SearchAction","target":{"@type":"EntryPoint","urlTemplate":"https:\/\/www.vallonchene.fr\/es\/?s={search_term_string}"},"query-input":{"@type":"PropertyValueSpecification","valueRequired":true,"valueName":"search_term_string"}}],"inLanguage":"es"},{"@type":"Organization","@id":"https:\/\/www.vallonchene.fr\/es\/#organization","name":"VALLONCHENE","url":"https:\/\/www.vallonchene.fr\/es\/","logo":{"@type":"ImageObject","inLanguage":"es","@id":"https:\/\/www.vallonchene.fr\/es\/#\/schema\/logo\/image\/","url":"https:\/\/www.vallonchene.fr\/wp-content\/uploads\/2023\/03\/Logo-Vallonchene-site-et-R_hauteur_100.png","contentUrl":"https:\/\/www.vallonchene.fr\/wp-content\/uploads\/2023\/03\/Logo-Vallonchene-site-et-R_hauteur_100.png","width":221,"height":100,"caption":"VALLONCHENE"},"image":{"@id":"https:\/\/www.vallonchene.fr\/es\/#\/schema\/logo\/image\/"},"sameAs":["https:\/\/www.facebook.com\/vallonchene.fr","https:\/\/www.instagram.com\/vallonchene\/","https:\/\/www.pinterest.fr\/vallonchene\/"],"taxID":"49454502300017","hasMerchantReturnPolicy":{"@type":"MerchantReturnPolicy","merchantReturnLink":"https:\/\/www.vallonchene.fr\/remboursements_retours\/"}}]},"og_availability":"instock","product_availability":"instock","product_retailer_item_id":"51348","product_condition":"new"},"_links":{"self":[{"href":"https:\/\/www.vallonchene.fr\/es\/wp-json\/wp\/v2\/product\/51030","targetHints":{"allow":["GET"]}}],"collection":[{"href":"https:\/\/www.vallonchene.fr\/es\/wp-json\/wp\/v2\/product"}],"about":[{"href":"https:\/\/www.vallonchene.fr\/es\/wp-json\/wp\/v2\/types\/product"}],"replies":[{"embeddable":true,"href":"https:\/\/www.vallonchene.fr\/es\/wp-json\/wp\/v2\/comments?post=51030"}],"wp:featuredmedia":[{"embeddable":true,"href":"https:\/\/www.vallonchene.fr\/es\/wp-json\/wp\/v2\/media\/51031"}],"wp:attachment":[{"href":"https:\/\/www.vallonchene.fr\/es\/wp-json\/wp\/v2\/media?parent=51030"}],"wp:term":[{"taxonomy":"product_brand","embeddable":true,"href":"https:\/\/www.vallonchene.fr\/es\/wp-json\/wp\/v2\/product_brand?post=51030"},{"taxonomy":"product_cat","embeddable":true,"href":"https:\/\/www.vallonchene.fr\/es\/wp-json\/wp\/v2\/product_cat?post=51030"},{"taxonomy":"product_tag","embeddable":true,"href":"https:\/\/www.vallonchene.fr\/es\/wp-json\/wp\/v2\/product_tag?post=51030"}],"curies":[{"name":"wp","href":"https:\/\/api.w.org\/{rel}","templated":true}]}}