{"id":50750,"date":"2024-05-09T07:48:29","date_gmt":"2024-05-09T07:48:29","guid":{"rendered":"https:\/\/www.vallonchene.fr\/produit\/larix-kaempferi-magic-gold\/"},"modified":"2024-12-11T11:24:57","modified_gmt":"2024-12-11T10:24:57","slug":"larix-kaempferi-magic-gold","status":"publish","type":"product","link":"https:\/\/www.vallonchene.fr\/es\/producto\/larix-kaempferi-magic-gold\/","title":{"rendered":"LARIX kaempferi &#8216;Magic Gold&#8217;"},"content":{"rendered":"<h2>LA PLANTA <br \/><\/h2>\n<p> El <strong>LARIX kaempferi &#8216;Magic Gold&#8217;<\/strong> es un <strong>alerce de Jap\u00f3n<\/strong> absolutamente fabuloso y extraordinario. Tan pronto como su <strong>follaje de un amarillo luminoso<\/strong> brota a principios de primavera, esta con\u00edfera de hoja caduca se ilumina como una verdadera antorcha. Se convierte as\u00ed en un verdadero pozo de luz en su jard\u00edn y lo seguir\u00e1 siendo hasta finales de verano. Este \u00e1rbol crece mucho m\u00e1s lentamente que la especie tipo y <strong>no superar\u00e1 los 2-3 metros antes de los 10 a\u00f1os<\/strong>. Luego, en oto\u00f1o, las hojas adquirir\u00e1n un <strong>hermoso color cobre<\/strong> antes de caer. Evidentemente, este \u00e1rbol excepcional <strong>resiste sin dificultad a temperaturas bajas (menos de -20 \u00b0C)<\/strong>. Para ver todos nuestros alerces actualmente disponibles a la venta, <strong><a href=\"https:\/\/www.vallonchene.fr\/?s=larix&amp;post_type=product&amp;dgwt_wcas=1&amp;lang=fr&amp;filter_stock_status=instock\">por favor haga clic aqu\u00ed<\/a><\/strong>.       <\/p>\n<h2>\u00bfC\u00f3mo plantar y cuidar el LARIX kaempferi &#8216;Magic Gold&#8217;? <br \/><\/h2>\n<h3>La plantaci\u00f3n<br \/><\/h3>\n<ol>\n<li>Plante este alerce del Jap\u00f3n a <strong>semisombra<\/strong> o a pleno sol. Puede cultivarse <strong>en maceta, contenedor, de manera aislada o en grupos<\/strong>. En maceta o contenedor, es fundamental un riego regular durante todo el tiempo que permanezca en estos recipientes.  <\/li>\n<li>En tierra, el lugar puede presentar condiciones de <strong>humedad, humedad media o sequedad<\/strong>.<\/li>\n<li>Seleccione un lugar con un <strong>suelo ligero, normal o pesado<\/strong> y un <strong>pH \u00e1cido, neutro o calc\u00e1reo<\/strong>.<\/li>\n<\/ol>\n<p> Para una preparaci\u00f3n \u00f3ptima del contenedor o del hoyo de plantaci\u00f3n, hemos elaborado unas <a href=\"https:\/\/www.vallonchene.fr\/comment-planter-et-entretenir-des-vegetaux\/\" target=\"_blank\" rel=\"noreferrer noopener\"><strong>instrucciones detalladas que puede consultar aqu\u00ed<\/strong><\/a>. <\/p>\n<h3>El cuidado <br \/><\/h3>\n<p> Esta con\u00edfera es una planta de <strong>f\u00e1cil cuidado<\/strong>. No es necesario protegerla del fr\u00edo en invierno. En caso de que plante un ejemplar m\u00e1s grande, considere instalar un tutor para proporcionarle una mayor estabilidad hasta que se enraice completamente. Si siente la necesidad de podarlo, h\u00e1galo <strong>en marzo y antes de que brote nuevamente<\/strong>.    Le invitamos a consultar tambi\u00e9n <a href=\"https:\/\/www.vallonchene.fr\/comment-bien-arroser-le-jardin-et-economiser-leau\/\"><strong>nuestros consejos sobre c\u00f3mo regar correctamente y ahorrar agua aqu\u00ed<\/strong><\/a>. <\/p>\n<h2>Historia y Origen<\/h2>\n<p> La especie tipo, LARIX kaempferi, se utiliza ampliamente en la industria forestal, no solo en el centro y norte de Jap\u00f3n, sino tambi\u00e9n en el norte de Europa, especialmente en Irlanda y Gran Breta\u00f1a. A diferencia de la madera de alerce originaria de Europa, la madera del L. kaempferi es menos resinosa. Adem\u00e1s, todas las variedades de LARIX kaempferi, incluyendo el LARIX kaempferi &#8216;Magic Gold&#8217;, se utilizan ampliamente en jardines ornamentales.<br \/>   Si bien que la especie tipo puede alcanzar alturas de 50 metros, este no ser\u00e1 el caso del L. kaempferi &#8216;Magic Gold&#8217;. Adem\u00e1s, los LARIX kaempferi desarrollan de manera curiosa ra\u00edces tanto en profundidad como en anchura. Esto les asegura una mayor estabilidad.   &nbsp;<\/p>\n<p>&nbsp;<\/p>\n","protected":false},"excerpt":{"rendered":"<p>Este <b>alerce de Jap\u00f3n<\/b> se distingue por su magn\u00edfico follaje dorado. El <b>LARIX kaempferi &#8216;Magic Gold&#8217;<\/b> crece a un ritmo m\u00e1s lento que la especie tipo. <\/p>\n","protected":false},"featured_media":50751,"comment_status":"open","ping_status":"closed","template":"","meta":[],"product_brand":[],"product_cat":[11502,11821],"product_tag":[11888,11886,11887,11889,11890],"class_list":{"0":"post-50750","1":"product","2":"type-product","3":"status-publish","4":"has-post-thumbnail","6":"product_cat-coniferas","7":"product_cat-plantas-raras-plantas-de-coleccion","8":"product_tag-alerce-de-japon","9":"product_tag-larix-es","10":"product_tag-larix-kaempferi-es","11":"product_tag-larix-kaempferi-magic-gold-es","12":"product_tag-magic-gold-es","13":"pa_couleurdufeuillage-amarilla","14":"pa_exigencesenhumidite-moderadamente-humedo-a-humedo","15":"pa_exigencesenhumidite-promedio","16":"pa_exigencesenhumidite-seco","17":"pa_expositionspossibles-pleno-sol-de-12-a-17-min","18":"pa_expositionspossibles-sombra-parcial-evitar-el-sol-de-12-a-17-horas","19":"pa_hauteurlivree-150-a-175-cm-es","20":"pa_hauteurlivree-80-a-100-cm-es","21":"pa_interetauprintemps-brotes-jovenes","22":"pa_interetauprintemps-follaje","23":"pa_interetauprintemps-habitus","24":"pa_interetenautomne-follaje","25":"pa_interetenautomne-habitus","26":"pa_interetenete-follaje","27":"pa_interetenete-habitus","28":"pa_interetenhiver-habitus","29":"pa_naturedufeuillage-caduco","30":"pa_naturesdesolpossibles-ligero","31":"pa_naturesdesolpossibles-normal-es","32":"pa_naturesdesolpossibles-pesado","33":"pa_phdusolacceptable-acido-menos-de-6_5","34":"pa_phdusolacceptable-calcareo-mas-de-7_5","35":"pa_phdusolacceptable-neutro-entre-6_5-y-7_5","36":"pa_portgraphisme-arbustivo-es","37":"pa_resistanceaufroidrusticite-resistente-por-debajo-de-menos-20-c","38":"pa_tailledepot-maceta-de-10-litros","39":"pa_tailledepot-maceta-de-3-litros","40":"pa_utilisationpossible-aislado","41":"pa_utilisationpossible-arriate","42":"pa_utilisationpossible-contenedor-o-olla","44":"first","45":"instock","46":"taxable","47":"shipping-taxable","48":"purchasable","49":"product-type-variable","50":"has-default-attributes"},"supplier_id":null,"supplier_sku":"","barcode":null,"atum_controlled":true,"out_stock_date":null,"out_stock_threshold":null,"inheritable":true,"inbound_stock":0,"stock_on_hold":0,"sold_today":0,"sales_last_days":0,"reserved_stock":0,"customer_returns":0,"warehouse_damage":0,"lost_in_post":0,"other_logs":0,"out_stock_days":null,"lost_sales":0,"has_location":false,"update_date":"2026-04-02T12:54:36","atum_locations":[],"atum_stock_status":"instock","restock_status":false,"low_stock_amount":"","sales_update_date":"2026-03-03T10:45:06","calc_backorders":null,"yoast_head":"<!-- This site is optimized with the Yoast SEO Premium plugin v27.5 (Yoast SEO v27.5) - https:\/\/yoast.com\/product\/yoast-seo-premium-wordpress\/ -->\n<title>LARIX kaempferi &#039;Magic Gold&#039; - alerce del Jap\u00f3n<\/title>\n<meta name=\"description\" content=\"Este alerce del Jap\u00f3n destaca por su magn\u00edfico follaje dorado. El LARIX kaempferi &#039;Magic Gold&#039; crece a un ritmo m\u00e1s lento que la especie tipo.\" \/>\n<meta name=\"robots\" content=\"index, follow, max-snippet:-1, max-image-preview:large, max-video-preview:-1\" \/>\n<link rel=\"canonical\" href=\"https:\/\/www.vallonchene.fr\/es\/producto\/larix-kaempferi-magic-gold\/\" \/>\n<meta property=\"og:locale\" content=\"es_ES\" \/>\n<meta property=\"og:type\" content=\"article\" \/>\n<meta property=\"og:title\" content=\"LARIX kaempferi &#039;Magic Gold&#039;\" \/>\n<meta property=\"og:description\" content=\"Este alerce del Jap\u00f3n destaca por su magn\u00edfico follaje dorado. El LARIX kaempferi &#039;Magic Gold&#039; crece a un ritmo m\u00e1s lento que la especie tipo.\" \/>\n<meta property=\"og:url\" content=\"https:\/\/www.vallonchene.fr\/es\/producto\/larix-kaempferi-magic-gold\/\" \/>\n<meta property=\"og:site_name\" content=\"Vallonch\u00eane\" \/>\n<meta property=\"article:publisher\" content=\"https:\/\/www.facebook.com\/vallonchene.fr\" \/>\n<meta property=\"article:modified_time\" content=\"2024-12-11T10:24:57+00:00\" \/>\n<meta property=\"og:image\" content=\"https:\/\/www.vallonchene.fr\/wp-content\/uploads\/2024\/05\/LARIX-kaempferi-Magic-Gold-d.webp\" \/>\n\t<meta property=\"og:image:width\" content=\"1024\" \/>\n\t<meta property=\"og:image:height\" content=\"1024\" \/>\n\t<meta property=\"og:image:type\" content=\"image\/webp\" \/>\n<meta name=\"twitter:card\" content=\"summary_large_image\" \/>\n<meta name=\"twitter:label1\" content=\"Disponibilidad\" \/>\n\t<meta name=\"twitter:data1\" content=\"En stock\" \/>\n<script type=\"application\/ld+json\" class=\"yoast-schema-graph\">{\"@context\":\"https:\\\/\\\/schema.org\",\"@graph\":[{\"@type\":\"WebPage\",\"@id\":\"https:\\\/\\\/www.vallonchene.fr\\\/es\\\/producto\\\/larix-kaempferi-magic-gold\\\/\",\"url\":\"https:\\\/\\\/www.vallonchene.fr\\\/es\\\/producto\\\/larix-kaempferi-magic-gold\\\/\",\"name\":\"LARIX kaempferi 'Magic Gold' - alerce del Jap\u00f3n\",\"isPartOf\":{\"@id\":\"https:\\\/\\\/www.vallonchene.fr\\\/es\\\/#website\"},\"primaryImageOfPage\":{\"@id\":\"https:\\\/\\\/www.vallonchene.fr\\\/es\\\/producto\\\/larix-kaempferi-magic-gold\\\/#primaryimage\"},\"image\":{\"@id\":\"https:\\\/\\\/www.vallonchene.fr\\\/es\\\/producto\\\/larix-kaempferi-magic-gold\\\/#primaryimage\"},\"thumbnailUrl\":\"https:\\\/\\\/www.vallonchene.fr\\\/wp-content\\\/uploads\\\/2024\\\/05\\\/LARIX-kaempferi-Magic-Gold-d.webp\",\"datePublished\":\"2024-05-09T07:48:29+00:00\",\"dateModified\":\"2024-12-11T10:24:57+00:00\",\"description\":\"Este alerce del Jap\u00f3n destaca por su magn\u00edfico follaje dorado. El LARIX kaempferi 'Magic Gold' crece a un ritmo m\u00e1s lento que la especie tipo.\",\"breadcrumb\":{\"@id\":\"https:\\\/\\\/www.vallonchene.fr\\\/es\\\/producto\\\/larix-kaempferi-magic-gold\\\/#breadcrumb\"},\"inLanguage\":\"es\",\"potentialAction\":[{\"@type\":\"ReadAction\",\"target\":[\"https:\\\/\\\/www.vallonchene.fr\\\/es\\\/producto\\\/larix-kaempferi-magic-gold\\\/\"]}]},{\"@type\":\"ImageObject\",\"inLanguage\":\"es\",\"@id\":\"https:\\\/\\\/www.vallonchene.fr\\\/es\\\/producto\\\/larix-kaempferi-magic-gold\\\/#primaryimage\",\"url\":\"https:\\\/\\\/www.vallonchene.fr\\\/wp-content\\\/uploads\\\/2024\\\/05\\\/LARIX-kaempferi-Magic-Gold-d.webp\",\"contentUrl\":\"https:\\\/\\\/www.vallonchene.fr\\\/wp-content\\\/uploads\\\/2024\\\/05\\\/LARIX-kaempferi-Magic-Gold-d.webp\",\"width\":1024,\"height\":1024,\"caption\":\"Follaje de un luminoso color amarillo del LARIX kaempferi 'Magic Gold'.\"},{\"@type\":\"BreadcrumbList\",\"@id\":\"https:\\\/\\\/www.vallonchene.fr\\\/es\\\/producto\\\/larix-kaempferi-magic-gold\\\/#breadcrumb\",\"itemListElement\":[{\"@type\":\"ListItem\",\"position\":1,\"name\":\"Home\",\"item\":\"https:\\\/\\\/www.vallonchene.fr\\\/es\\\/\"},{\"@type\":\"ListItem\",\"position\":2,\"name\":\"Tienda\",\"item\":\"https:\\\/\\\/www.vallonchene.fr\\\/tienda\\\/\"},{\"@type\":\"ListItem\",\"position\":3,\"name\":\"Venta en linea\",\"item\":\"https:\\\/\\\/www.vallonchene.fr\\\/es\\\/categoria-producto\\\/venta-en-linea\\\/\"},{\"@type\":\"ListItem\",\"position\":4,\"name\":\"Vivero\",\"item\":\"https:\\\/\\\/www.vallonchene.fr\\\/es\\\/categoria-producto\\\/venta-en-linea\\\/vivero\\\/\"},{\"@type\":\"ListItem\",\"position\":5,\"name\":\"Coniferas\",\"item\":\"https:\\\/\\\/www.vallonchene.fr\\\/es\\\/categoria-producto\\\/venta-en-linea\\\/vivero\\\/coniferas\\\/\"},{\"@type\":\"ListItem\",\"position\":6,\"name\":\"LARIX kaempferi &#8216;Magic Gold&#8217;\"}]},{\"@type\":\"WebSite\",\"@id\":\"https:\\\/\\\/www.vallonchene.fr\\\/es\\\/#website\",\"url\":\"https:\\\/\\\/www.vallonchene.fr\\\/es\\\/\",\"name\":\"Vallonch\u00eane\",\"description\":\"El vivero donde la calidad tiene sus ra\u00edces \u2013 Tel.: +33 (0)2.35.90.02.02\",\"publisher\":{\"@id\":\"https:\\\/\\\/www.vallonchene.fr\\\/es\\\/#organization\"},\"potentialAction\":[{\"@type\":\"SearchAction\",\"target\":{\"@type\":\"EntryPoint\",\"urlTemplate\":\"https:\\\/\\\/www.vallonchene.fr\\\/es\\\/?s={search_term_string}\"},\"query-input\":{\"@type\":\"PropertyValueSpecification\",\"valueRequired\":true,\"valueName\":\"search_term_string\"}}],\"inLanguage\":\"es\"},{\"@type\":\"Organization\",\"@id\":\"https:\\\/\\\/www.vallonchene.fr\\\/es\\\/#organization\",\"name\":\"VALLONCHENE\",\"url\":\"https:\\\/\\\/www.vallonchene.fr\\\/es\\\/\",\"logo\":{\"@type\":\"ImageObject\",\"inLanguage\":\"es\",\"@id\":\"https:\\\/\\\/www.vallonchene.fr\\\/es\\\/#\\\/schema\\\/logo\\\/image\\\/\",\"url\":\"https:\\\/\\\/www.vallonchene.fr\\\/wp-content\\\/uploads\\\/2023\\\/03\\\/Logo-Vallonchene-site-et-R_hauteur_100.png\",\"contentUrl\":\"https:\\\/\\\/www.vallonchene.fr\\\/wp-content\\\/uploads\\\/2023\\\/03\\\/Logo-Vallonchene-site-et-R_hauteur_100.png\",\"width\":221,\"height\":100,\"caption\":\"VALLONCHENE\"},\"image\":{\"@id\":\"https:\\\/\\\/www.vallonchene.fr\\\/es\\\/#\\\/schema\\\/logo\\\/image\\\/\"},\"sameAs\":[\"https:\\\/\\\/www.facebook.com\\\/vallonchene.fr\",\"https:\\\/\\\/www.instagram.com\\\/vallonchene\\\/\",\"https:\\\/\\\/www.pinterest.fr\\\/vallonchene\\\/\"],\"taxID\":\"49454502300017\",\"hasMerchantReturnPolicy\":{\"@type\":\"MerchantReturnPolicy\",\"merchantReturnLink\":\"https:\\\/\\\/www.vallonchene.fr\\\/remboursements_retours\\\/\"}}]}<\/script>\n<meta property=\"og:availability\" content=\"instock\" \/>\n<meta property=\"product:availability\" content=\"instock\" \/>\n<meta property=\"product:retailer_item_id\" content=\"79434\" \/>\n<meta property=\"product:condition\" content=\"new\" \/>\n<!-- \/ Yoast SEO Premium plugin. -->","yoast_head_json":{"title":"LARIX kaempferi 'Magic Gold' - alerce del Jap\u00f3n","description":"Este alerce del Jap\u00f3n destaca por su magn\u00edfico follaje dorado. El LARIX kaempferi 'Magic Gold' crece a un ritmo m\u00e1s lento que la especie tipo.","robots":{"index":"index","follow":"follow","max-snippet":"max-snippet:-1","max-image-preview":"max-image-preview:large","max-video-preview":"max-video-preview:-1"},"canonical":"https:\/\/www.vallonchene.fr\/es\/producto\/larix-kaempferi-magic-gold\/","og_locale":"es_ES","og_type":"article","og_title":"LARIX kaempferi 'Magic Gold'","og_description":"Este alerce del Jap\u00f3n destaca por su magn\u00edfico follaje dorado. El LARIX kaempferi 'Magic Gold' crece a un ritmo m\u00e1s lento que la especie tipo.","og_url":"https:\/\/www.vallonchene.fr\/es\/producto\/larix-kaempferi-magic-gold\/","og_site_name":"Vallonch\u00eane","article_publisher":"https:\/\/www.facebook.com\/vallonchene.fr","article_modified_time":"2024-12-11T10:24:57+00:00","og_image":[{"width":1024,"height":1024,"url":"https:\/\/www.vallonchene.fr\/wp-content\/uploads\/2024\/05\/LARIX-kaempferi-Magic-Gold-d.webp","type":"image\/webp"}],"twitter_card":"summary_large_image","twitter_misc":{"Disponibilidad":"En stock"},"schema":{"@context":"https:\/\/schema.org","@graph":[{"@type":"WebPage","@id":"https:\/\/www.vallonchene.fr\/es\/producto\/larix-kaempferi-magic-gold\/","url":"https:\/\/www.vallonchene.fr\/es\/producto\/larix-kaempferi-magic-gold\/","name":"LARIX kaempferi 'Magic Gold' - alerce del Jap\u00f3n","isPartOf":{"@id":"https:\/\/www.vallonchene.fr\/es\/#website"},"primaryImageOfPage":{"@id":"https:\/\/www.vallonchene.fr\/es\/producto\/larix-kaempferi-magic-gold\/#primaryimage"},"image":{"@id":"https:\/\/www.vallonchene.fr\/es\/producto\/larix-kaempferi-magic-gold\/#primaryimage"},"thumbnailUrl":"https:\/\/www.vallonchene.fr\/wp-content\/uploads\/2024\/05\/LARIX-kaempferi-Magic-Gold-d.webp","datePublished":"2024-05-09T07:48:29+00:00","dateModified":"2024-12-11T10:24:57+00:00","description":"Este alerce del Jap\u00f3n destaca por su magn\u00edfico follaje dorado. El LARIX kaempferi 'Magic Gold' crece a un ritmo m\u00e1s lento que la especie tipo.","breadcrumb":{"@id":"https:\/\/www.vallonchene.fr\/es\/producto\/larix-kaempferi-magic-gold\/#breadcrumb"},"inLanguage":"es","potentialAction":[{"@type":"ReadAction","target":["https:\/\/www.vallonchene.fr\/es\/producto\/larix-kaempferi-magic-gold\/"]}]},{"@type":"ImageObject","inLanguage":"es","@id":"https:\/\/www.vallonchene.fr\/es\/producto\/larix-kaempferi-magic-gold\/#primaryimage","url":"https:\/\/www.vallonchene.fr\/wp-content\/uploads\/2024\/05\/LARIX-kaempferi-Magic-Gold-d.webp","contentUrl":"https:\/\/www.vallonchene.fr\/wp-content\/uploads\/2024\/05\/LARIX-kaempferi-Magic-Gold-d.webp","width":1024,"height":1024,"caption":"Follaje de un luminoso color amarillo del LARIX kaempferi 'Magic Gold'."},{"@type":"BreadcrumbList","@id":"https:\/\/www.vallonchene.fr\/es\/producto\/larix-kaempferi-magic-gold\/#breadcrumb","itemListElement":[{"@type":"ListItem","position":1,"name":"Home","item":"https:\/\/www.vallonchene.fr\/es\/"},{"@type":"ListItem","position":2,"name":"Tienda","item":"https:\/\/www.vallonchene.fr\/tienda\/"},{"@type":"ListItem","position":3,"name":"Venta en linea","item":"https:\/\/www.vallonchene.fr\/es\/categoria-producto\/venta-en-linea\/"},{"@type":"ListItem","position":4,"name":"Vivero","item":"https:\/\/www.vallonchene.fr\/es\/categoria-producto\/venta-en-linea\/vivero\/"},{"@type":"ListItem","position":5,"name":"Coniferas","item":"https:\/\/www.vallonchene.fr\/es\/categoria-producto\/venta-en-linea\/vivero\/coniferas\/"},{"@type":"ListItem","position":6,"name":"LARIX kaempferi &#8216;Magic Gold&#8217;"}]},{"@type":"WebSite","@id":"https:\/\/www.vallonchene.fr\/es\/#website","url":"https:\/\/www.vallonchene.fr\/es\/","name":"Vallonch\u00eane","description":"El vivero donde la calidad tiene sus ra\u00edces \u2013 Tel.: +33 (0)2.35.90.02.02","publisher":{"@id":"https:\/\/www.vallonchene.fr\/es\/#organization"},"potentialAction":[{"@type":"SearchAction","target":{"@type":"EntryPoint","urlTemplate":"https:\/\/www.vallonchene.fr\/es\/?s={search_term_string}"},"query-input":{"@type":"PropertyValueSpecification","valueRequired":true,"valueName":"search_term_string"}}],"inLanguage":"es"},{"@type":"Organization","@id":"https:\/\/www.vallonchene.fr\/es\/#organization","name":"VALLONCHENE","url":"https:\/\/www.vallonchene.fr\/es\/","logo":{"@type":"ImageObject","inLanguage":"es","@id":"https:\/\/www.vallonchene.fr\/es\/#\/schema\/logo\/image\/","url":"https:\/\/www.vallonchene.fr\/wp-content\/uploads\/2023\/03\/Logo-Vallonchene-site-et-R_hauteur_100.png","contentUrl":"https:\/\/www.vallonchene.fr\/wp-content\/uploads\/2023\/03\/Logo-Vallonchene-site-et-R_hauteur_100.png","width":221,"height":100,"caption":"VALLONCHENE"},"image":{"@id":"https:\/\/www.vallonchene.fr\/es\/#\/schema\/logo\/image\/"},"sameAs":["https:\/\/www.facebook.com\/vallonchene.fr","https:\/\/www.instagram.com\/vallonchene\/","https:\/\/www.pinterest.fr\/vallonchene\/"],"taxID":"49454502300017","hasMerchantReturnPolicy":{"@type":"MerchantReturnPolicy","merchantReturnLink":"https:\/\/www.vallonchene.fr\/remboursements_retours\/"}}]},"og_availability":"instock","product_availability":"instock","product_retailer_item_id":"79434","product_condition":"new"},"_links":{"self":[{"href":"https:\/\/www.vallonchene.fr\/es\/wp-json\/wp\/v2\/product\/50750","targetHints":{"allow":["GET"]}}],"collection":[{"href":"https:\/\/www.vallonchene.fr\/es\/wp-json\/wp\/v2\/product"}],"about":[{"href":"https:\/\/www.vallonchene.fr\/es\/wp-json\/wp\/v2\/types\/product"}],"replies":[{"embeddable":true,"href":"https:\/\/www.vallonchene.fr\/es\/wp-json\/wp\/v2\/comments?post=50750"}],"wp:featuredmedia":[{"embeddable":true,"href":"https:\/\/www.vallonchene.fr\/es\/wp-json\/wp\/v2\/media\/50751"}],"wp:attachment":[{"href":"https:\/\/www.vallonchene.fr\/es\/wp-json\/wp\/v2\/media?parent=50750"}],"wp:term":[{"taxonomy":"product_brand","embeddable":true,"href":"https:\/\/www.vallonchene.fr\/es\/wp-json\/wp\/v2\/product_brand?post=50750"},{"taxonomy":"product_cat","embeddable":true,"href":"https:\/\/www.vallonchene.fr\/es\/wp-json\/wp\/v2\/product_cat?post=50750"},{"taxonomy":"product_tag","embeddable":true,"href":"https:\/\/www.vallonchene.fr\/es\/wp-json\/wp\/v2\/product_tag?post=50750"}],"curies":[{"name":"wp","href":"https:\/\/api.w.org\/{rel}","templated":true}]}}