{"id":50695,"date":"2021-09-15T17:52:09","date_gmt":"2021-09-15T17:52:09","guid":{"rendered":"https:\/\/www.vallonchene.fr\/produit\/robinia-pseudoacacia-twisty-baby\/"},"modified":"2021-09-15T17:52:09","modified_gmt":"2021-09-15T16:52:09","slug":"robinia-pseudoacacia-twisty-baby","status":"publish","type":"product","link":"https:\/\/www.vallonchene.fr\/es\/producto\/robinia-pseudoacacia-twisty-baby\/","title":{"rendered":"ROBINIA pseudoacacia &#8216;Twisty Baby&#8217;"},"content":{"rendered":"<h2>La Planta<\/h2>\n<p data-sourcepos=\"3:1-3:77\">\u00bfBusca un \u00e1rbol tan decorativo como resistente para su jard\u00edn? \u00a1No busque m\u00e1s all\u00e1 de la <strong>ROBINIA pseudoacacia &#8216;Twisty Baby&#8217;<\/strong>! Esta verdadera joya hort\u00edcola, de reciente descubrimiento, no dejar\u00e1 de llamar la atenci\u00f3n.<br \/>\nEn efecto, esta <strong>falsa acacia<\/strong> se distingue por su <strong>follaje rizado de una gran delicadeza<\/strong>, de un verde tierno que se adorna con matices dorados en oto\u00f1o. Esta particularidad le confiere una <strong>ligereza a\u00e9rea<\/strong> y una <strong>textura suave<\/strong> que invita a la contemplaci\u00f3n.<br \/>\nPero el verdadero atractivo de este \u00e1rbol reside en <strong>su tronco y sus ramas de madera retorcida<\/strong>. Crean un <strong>dise\u00f1o visual impactante y absolutamente original<\/strong>. Esta caracter\u00edstica se acent\u00faa cuando se poda para crear una estructura transparente.      Esto le confiere al \u00e1rbol una <strong>dimensi\u00f3n art\u00edstica<\/strong> que no dejar\u00e1 de cautivar su atenci\u00f3n.<br \/>\nTanto en verano, cuando sus <strong>perfumadas flores blancas<\/strong> se despliegan en gr\u00e1ciles racimos, como en invierno, cuando sus ramas desnudas revelan la complejidad de su estructura, esta falsa acacia <strong>conserva un encanto inalterable<\/strong>.<br \/>\nGracias a su <strong>lento crecimiento<\/strong>, este \u00e1rbol <strong>se integra perfectamente en jardines peque\u00f1os<\/strong>. Requiere un cuidado m\u00ednimo. Adem\u00e1s, demuestra ser <strong>notablemente resistente al fr\u00edo y a la sequ\u00eda<\/strong> (una vez bien establecido). Esto lo convierte en una elecci\u00f3n ideal para climas dif\u00edciles.<br \/>\nPara garantizarle un efecto visual desde los primeros a\u00f1os, nuestras plantas de R. pseudoacacia &#8216;Twisty Baby&#8217; est\u00e1n <strong>injertadas sobre un peque\u00f1o tallo<\/strong>.<br \/>\nEste \u00e1rbol excepcional <strong>embellecer\u00e1 su jard\u00edn<\/strong> y le proporcionar\u00e1 una <strong>fuente de deleite<\/strong> durante todo el a\u00f1o.   <\/p>\n<h2 data-sourcepos=\"3:1-3:77\">\u00bfC\u00f3mo plantar y cuidar la ROBINIA pseudoacacia &#8216;Twisty Baby&#8217;? <br \/><\/h2>\n<h3>Plantaci\u00f3n <br \/><\/h3>\n<p>Esta falsa acacia se adapta a diversos entornos, lo que le otorga una gran versatilidad a la hora de ubicarlo en su jard\u00edn.<\/p>\n<p data-sourcepos=\"5:1-5:29\"><strong>\u00a1En tierra o en maceta, usted decide!<\/strong><\/p>\n<p data-sourcepos=\"7:1-7:97\">Este \u00e1rbol excepcional puede desarrollarse tanto <strong>en tierra<\/strong>, ya sea en grupos o de forma individual, como <strong>en maceta o contenedor<\/strong>, lo que le permite adaptarse a cualquier espacio.  <\/p>\n<p data-sourcepos=\"9:1-9:54\"><strong>\u00a1Sol o semisombra, usted elige!<\/strong><\/p>\n<p data-sourcepos=\"11:1-11:201\">La ROBINIA pseudoacacia &#8216;Twisty Baby&#8217; prefiere los <strong>lugares soleados<\/strong>, pero tambi\u00e9n tolera la <strong>semisombra<\/strong>. \u00a1\u00dabelo donde m\u00e1s le guste! <\/p>\n<p data-sourcepos=\"13:1-13:61\"><strong>\u00a1Suelo h\u00famedo, seco o intermedio? \u00a1No es un problema para \u00e9l!<\/strong><\/p>\n<p data-sourcepos=\"15:1-15:27\">Ya sea que su suelo sea <strong>h\u00famedo, moderadamente h\u00famedo o seco<\/strong>, el Robinia pseudoacacia &#8216;Twisty Baby&#8217; se adaptar\u00e1 sin problemas. Adem\u00e1s, no es exigente en cuanto al <strong>pH<\/strong>, ya que tolera suelos \u00e1cidos, neutros o calc\u00e1reos. <\/p>\n<p data-sourcepos=\"17:1-17:53\"><strong>\u00a1Suelo ligero, normal o pesado? \u00a1Sin problema!<\/strong><\/p>\n<p data-sourcepos=\"19:1-19:196\">La naturaleza adaptable del Robinia pseudoacacia &#8216;Twisty Baby&#8217; le permite crecer en suelos de <strong>diversas texturas<\/strong>. Ya sea <strong>ligero, normal o pesado<\/strong>, este \u00e1rbol se desarrollar\u00e1 sin problemas. <\/p>\n<p data-sourcepos=\"19:1-19:196\">Para una preparaci\u00f3n \u00f3ptima del contenedor o del hoyo de plantaci\u00f3n, hemos elaborado unas <a href=\"https:\/\/www.vallonchene.fr\/comment-planter-et-entretenir-des-vegetaux\/\" target=\"_blank\" rel=\"noreferrer noopener\"><strong>instrucciones detalladas que puede consultar aqu\u00ed<\/strong><\/a>.<\/p>\n<h3 data-sourcepos=\"19:1-19:196\">Cuidado <br \/><\/h3>\n<p>Este \u00e1rbol requiere muy pocos cuidados para brindarle a\u00f1os de belleza. Una <strong>simple poda de limpieza<\/strong> en marzo, antes de que brote, es suficiente para realzar su forma naturalmente armoniosa y mantener su atractivo visual. Para optimizar el riego de su Robinia pseudoacacia &#8216;Twisty Baby&#8217; y <strong>reducir el consumo de agua<\/strong>, le invitamos a consultar <a href=\"https:\/\/www.vallonchene.fr\/comment-bien-arroser-le-jardin-et-economiser-leau\/\"><strong>nuestros consejos espec\u00edficos aqu\u00ed<\/strong><\/a>. Encontrar\u00e1 valiosos consejos para regar su \u00e1rbol de manera eficiente y respetuosa con el medio ambiente. <\/p>\n<h2>Historia y Origen<\/h2>\n<p data-sourcepos=\"3:1-3:66\">La R. pseudoacacia &#8216;Twisty Baby&#8217;, tambi\u00e9n conocido como <strong>falsa acacia enana tortuosa<\/strong>, es una variedad hort\u00edcola reciente del ROBINIA pseudoacacia, un \u00e1rbol originario de Am\u00e9rica del Norte.<\/p>\n<p data-sourcepos=\"5:1-5:27\"><strong>Una creaci\u00f3n estadounidense<\/strong><\/p>\n<p data-sourcepos=\"7:1-7:61\">La historia de l R. pseudoacacia &#8216;Twisty Baby&#8217; comienza en <strong>1996<\/strong> en Estados Unidos. Fue en ese a\u00f1o cuando un horticultor estadounidense descubri\u00f3 un robinier con una <strong>mutaci\u00f3n gen\u00e9tica<\/strong> \u00fanica: sus ramas y tronco crec\u00edan de manera <strong>retorcida y sinuosa<\/strong>. <\/p>\n<p data-sourcepos=\"9:1-9:229\"><strong>Intrigu\u00e9 par cette particularit\u00e9<\/strong>, l&#8217;horticulteur a d\u00e9cid\u00e9 de <strong>greffer cette mutation<\/strong> sur un porte-greffe afin de la reproduire et de cr\u00e9er une nouvelle vari\u00e9t\u00e9. Le &#8216;Twisty Baby&#8217; est ainsi n\u00e9. <\/p>\n<p data-sourcepos=\"11:1-11:37\"><strong>Una introducci\u00f3n r\u00e1pida a Europa<br \/><\/strong><\/p>\n<p data-sourcepos=\"13:1-13:106\">Desde su creaci\u00f3n, el Robinia pseudoacacia &#8216;Twisty Baby&#8217; ha despertado un <strong>gran inter\u00e9s<\/strong> entre los coleccionistas de plantas ornamentales.<\/p>\n","protected":false},"excerpt":{"rendered":"<p>Esta <strong>falsa acacia<\/strong> es una planta llorona magn\u00edfica. La <strong>ROBINIA pseudoacacia &#8216;Twisty Baby&#8217;<\/strong> tiene un follaje rizado y una madera tortuosa. <\/p>\n","protected":false},"featured_media":50696,"comment_status":"open","ping_status":"closed","template":"","meta":[],"product_brand":[],"product_cat":[11499],"product_tag":[11872,11873,11870,11869,11871],"class_list":{"0":"post-50695","1":"product","2":"type-product","3":"status-publish","4":"has-post-thumbnail","6":"product_cat-arbustos-y-arboles","7":"product_tag-falsa-acacia","8":"product_tag-falsa-acacia-es","9":"product_tag-pseudoacacia-es","10":"product_tag-robinia-es","11":"product_tag-twisty-baby-es","12":"pa_99-hauteurapproximativeapres1-2-a-3-m","13":"pa_couleurdesfleurs-blanca","14":"pa_couleurdufeuillage-verde","15":"pa_exigencesenhumidite-moderadamente-humedo-a-humedo","16":"pa_exigencesenhumidite-promedio","17":"pa_exigencesenhumidite-seco","18":"pa_expositionspossibles-pleno-sol-de-12-a-17-min","19":"pa_expositionspossibles-sombra-sin-sol-directo","20":"pa_expositionspossibles-sombra-parcial-evitar-el-sol-de-12-a-17-horas","21":"pa_hauteurlivree-100-a-125-cm","22":"pa_hauteurlivree-40-a-50-cm-es","23":"pa_hauteurlivree-50-a-60-cm-es","24":"pa_hauteurlivree-60-a-80-cm-es","25":"pa_hauteurlivree-60-cm-en-tallo","26":"pa_hauteurlivree-70-a-80-cm-es","27":"pa_hauteurlivree-80-a-100-cm-es","28":"pa_interetauprintemps-brotes-jovenes","29":"pa_interetauprintemps-flores","30":"pa_interetauprintemps-follaje","31":"pa_interetauprintemps-habitus","32":"pa_interetenautomne-follaje","33":"pa_interetenautomne-habitus","34":"pa_interetenete-follaje","35":"pa_interetenete-habitus","36":"pa_interetenhiver-corteza","37":"pa_interetenhiver-habitus","38":"pa_naturedufeuillage-caduco","39":"pa_naturesdesolpossibles-ligero","40":"pa_naturesdesolpossibles-normal-es","41":"pa_naturesdesolpossibles-pesado","42":"pa_particularites-adecuado-para-bonsai","43":"pa_particularites-habitus","44":"pa_particularites-madera-retorcida","45":"pa_periodedefloraison-primavera","46":"pa_periodedetaille-marzo","47":"pa_phdusolacceptable-acido-menos-de-6_5","48":"pa_phdusolacceptable-calcareo-mas-de-7_5","49":"pa_phdusolacceptable-neutro-entre-6_5-y-7_5","50":"pa_portgraphisme-lloron","51":"pa_resistanceaufroidrusticite-resistente-por-debajo-de-menos-20-c","52":"pa_tailledepot-maceta-de-1-litro","53":"pa_tailledepot-maceta-de-2-litros","54":"pa_tailledepot-maceta-de-3-litros","55":"pa_tailledepot-maceta-de-4-litros","56":"pa_tailledepot-maceta-de-5-litros","57":"pa_tailledepot-maceta-de-7_5-litros","58":"pa_utilisationpossible-aislado","59":"pa_utilisationpossible-arriate","60":"pa_utilisationpossible-contenedor-o-olla","62":"first","63":"instock","64":"taxable","65":"shipping-taxable","66":"purchasable","67":"product-type-variable","68":"has-default-attributes"},"supplier_id":null,"supplier_sku":"","barcode":null,"atum_controlled":true,"out_stock_date":null,"out_stock_threshold":null,"inheritable":true,"inbound_stock":0,"stock_on_hold":0,"sold_today":0,"sales_last_days":0,"reserved_stock":0,"customer_returns":0,"warehouse_damage":0,"lost_in_post":0,"other_logs":0,"out_stock_days":null,"lost_sales":0,"has_location":false,"update_date":"2026-04-15T12:21:36","atum_locations":[],"atum_stock_status":"instock","restock_status":false,"low_stock_amount":"","sales_update_date":"2026-02-18T15:50:19","calc_backorders":null,"yoast_head":"<!-- This site is optimized with the Yoast SEO Premium plugin v27.5 (Yoast SEO v27.5) - https:\/\/yoast.com\/product\/yoast-seo-premium-wordpress\/ -->\n<title>ROBINIA pseudoacacia &#039;Twisty Baby&#039; - falsa acacia<\/title>\n<meta name=\"description\" content=\"Esta falsa acacia es un \u00e1rbol llor\u00f3n magn\u00edfico. La ROBINIA pseudoacacia &#039;Twisty Baby&#039; presenta un follaje rizado y una madera retorcida.\" \/>\n<meta name=\"robots\" content=\"index, follow, max-snippet:-1, max-image-preview:large, max-video-preview:-1\" \/>\n<link rel=\"canonical\" href=\"https:\/\/www.vallonchene.fr\/es\/producto\/robinia-pseudoacacia-twisty-baby\/\" \/>\n<meta property=\"og:locale\" content=\"es_ES\" \/>\n<meta property=\"og:type\" content=\"article\" \/>\n<meta property=\"og:title\" content=\"ROBINIA pseudoacacia &#039;Twisty Baby&#039;\" \/>\n<meta property=\"og:description\" content=\"Esta falsa acacia es un \u00e1rbol llor\u00f3n magn\u00edfico. La ROBINIA pseudoacacia &#039;Twisty Baby&#039; presenta un follaje rizado y una madera retorcida.\" \/>\n<meta property=\"og:url\" content=\"https:\/\/www.vallonchene.fr\/es\/producto\/robinia-pseudoacacia-twisty-baby\/\" \/>\n<meta property=\"og:site_name\" content=\"Vallonch\u00eane\" \/>\n<meta property=\"article:publisher\" content=\"https:\/\/www.facebook.com\/vallonchene.fr\" \/>\n<meta property=\"og:image\" content=\"https:\/\/www.vallonchene.fr\/wp-content\/uploads\/2024\/06\/ROBINIA-pseudoacacia-Twisty-Baby_02.webp\" \/>\n\t<meta property=\"og:image:width\" content=\"1024\" \/>\n\t<meta property=\"og:image:height\" content=\"1024\" \/>\n\t<meta property=\"og:image:type\" content=\"image\/webp\" \/>\n<meta name=\"twitter:card\" content=\"summary_large_image\" \/>\n<meta name=\"twitter:label1\" content=\"Disponibilidad\" \/>\n\t<meta name=\"twitter:data1\" content=\"En stock\" \/>\n<script type=\"application\/ld+json\" class=\"yoast-schema-graph\">{\"@context\":\"https:\\\/\\\/schema.org\",\"@graph\":[{\"@type\":\"WebPage\",\"@id\":\"https:\\\/\\\/www.vallonchene.fr\\\/es\\\/producto\\\/robinia-pseudoacacia-twisty-baby\\\/\",\"url\":\"https:\\\/\\\/www.vallonchene.fr\\\/es\\\/producto\\\/robinia-pseudoacacia-twisty-baby\\\/\",\"name\":\"ROBINIA pseudoacacia 'Twisty Baby' - falsa acacia\",\"isPartOf\":{\"@id\":\"https:\\\/\\\/www.vallonchene.fr\\\/es\\\/#website\"},\"primaryImageOfPage\":{\"@id\":\"https:\\\/\\\/www.vallonchene.fr\\\/es\\\/producto\\\/robinia-pseudoacacia-twisty-baby\\\/#primaryimage\"},\"image\":{\"@id\":\"https:\\\/\\\/www.vallonchene.fr\\\/es\\\/producto\\\/robinia-pseudoacacia-twisty-baby\\\/#primaryimage\"},\"thumbnailUrl\":\"https:\\\/\\\/www.vallonchene.fr\\\/wp-content\\\/uploads\\\/2024\\\/06\\\/ROBINIA-pseudoacacia-Twisty-Baby_02.webp\",\"datePublished\":\"2021-09-15T17:52:09+00:00\",\"description\":\"Esta falsa acacia es un \u00e1rbol llor\u00f3n magn\u00edfico. La ROBINIA pseudoacacia 'Twisty Baby' presenta un follaje rizado y una madera retorcida.\",\"breadcrumb\":{\"@id\":\"https:\\\/\\\/www.vallonchene.fr\\\/es\\\/producto\\\/robinia-pseudoacacia-twisty-baby\\\/#breadcrumb\"},\"inLanguage\":\"es\",\"potentialAction\":[{\"@type\":\"ReadAction\",\"target\":[\"https:\\\/\\\/www.vallonchene.fr\\\/es\\\/producto\\\/robinia-pseudoacacia-twisty-baby\\\/\"]}]},{\"@type\":\"ImageObject\",\"inLanguage\":\"es\",\"@id\":\"https:\\\/\\\/www.vallonchene.fr\\\/es\\\/producto\\\/robinia-pseudoacacia-twisty-baby\\\/#primaryimage\",\"url\":\"https:\\\/\\\/www.vallonchene.fr\\\/wp-content\\\/uploads\\\/2024\\\/06\\\/ROBINIA-pseudoacacia-Twisty-Baby_02.webp\",\"contentUrl\":\"https:\\\/\\\/www.vallonchene.fr\\\/wp-content\\\/uploads\\\/2024\\\/06\\\/ROBINIA-pseudoacacia-Twisty-Baby_02.webp\",\"width\":1024,\"height\":1024,\"caption\":\"Un majestueux exemplaire du ROBINIA pseudoacacia 'Twisty Baby' dans le Jardin de Valerianes\"},{\"@type\":\"BreadcrumbList\",\"@id\":\"https:\\\/\\\/www.vallonchene.fr\\\/es\\\/producto\\\/robinia-pseudoacacia-twisty-baby\\\/#breadcrumb\",\"itemListElement\":[{\"@type\":\"ListItem\",\"position\":1,\"name\":\"Home\",\"item\":\"https:\\\/\\\/www.vallonchene.fr\\\/es\\\/\"},{\"@type\":\"ListItem\",\"position\":2,\"name\":\"Tienda\",\"item\":\"https:\\\/\\\/www.vallonchene.fr\\\/tienda\\\/\"},{\"@type\":\"ListItem\",\"position\":3,\"name\":\"Venta en linea\",\"item\":\"https:\\\/\\\/www.vallonchene.fr\\\/es\\\/categoria-producto\\\/venta-en-linea\\\/\"},{\"@type\":\"ListItem\",\"position\":4,\"name\":\"Vivero\",\"item\":\"https:\\\/\\\/www.vallonchene.fr\\\/es\\\/categoria-producto\\\/venta-en-linea\\\/vivero\\\/\"},{\"@type\":\"ListItem\",\"position\":5,\"name\":\"Arbustos y \u00e1rboles\",\"item\":\"https:\\\/\\\/www.vallonchene.fr\\\/es\\\/categoria-producto\\\/venta-en-linea\\\/vivero\\\/arbustos-y-arboles\\\/\"},{\"@type\":\"ListItem\",\"position\":6,\"name\":\"ROBINIA pseudoacacia &#8216;Twisty Baby&#8217;\"}]},{\"@type\":\"WebSite\",\"@id\":\"https:\\\/\\\/www.vallonchene.fr\\\/es\\\/#website\",\"url\":\"https:\\\/\\\/www.vallonchene.fr\\\/es\\\/\",\"name\":\"Vallonch\u00eane\",\"description\":\"El vivero donde la calidad tiene sus ra\u00edces \u2013 Tel.: +33 (0)2.35.90.02.02\",\"publisher\":{\"@id\":\"https:\\\/\\\/www.vallonchene.fr\\\/es\\\/#organization\"},\"potentialAction\":[{\"@type\":\"SearchAction\",\"target\":{\"@type\":\"EntryPoint\",\"urlTemplate\":\"https:\\\/\\\/www.vallonchene.fr\\\/es\\\/?s={search_term_string}\"},\"query-input\":{\"@type\":\"PropertyValueSpecification\",\"valueRequired\":true,\"valueName\":\"search_term_string\"}}],\"inLanguage\":\"es\"},{\"@type\":\"Organization\",\"@id\":\"https:\\\/\\\/www.vallonchene.fr\\\/es\\\/#organization\",\"name\":\"VALLONCHENE\",\"url\":\"https:\\\/\\\/www.vallonchene.fr\\\/es\\\/\",\"logo\":{\"@type\":\"ImageObject\",\"inLanguage\":\"es\",\"@id\":\"https:\\\/\\\/www.vallonchene.fr\\\/es\\\/#\\\/schema\\\/logo\\\/image\\\/\",\"url\":\"https:\\\/\\\/www.vallonchene.fr\\\/wp-content\\\/uploads\\\/2023\\\/03\\\/Logo-Vallonchene-site-et-R_hauteur_100.png\",\"contentUrl\":\"https:\\\/\\\/www.vallonchene.fr\\\/wp-content\\\/uploads\\\/2023\\\/03\\\/Logo-Vallonchene-site-et-R_hauteur_100.png\",\"width\":221,\"height\":100,\"caption\":\"VALLONCHENE\"},\"image\":{\"@id\":\"https:\\\/\\\/www.vallonchene.fr\\\/es\\\/#\\\/schema\\\/logo\\\/image\\\/\"},\"sameAs\":[\"https:\\\/\\\/www.facebook.com\\\/vallonchene.fr\",\"https:\\\/\\\/www.instagram.com\\\/vallonchene\\\/\",\"https:\\\/\\\/www.pinterest.fr\\\/vallonchene\\\/\"],\"taxID\":\"49454502300017\",\"hasMerchantReturnPolicy\":{\"@type\":\"MerchantReturnPolicy\",\"merchantReturnLink\":\"https:\\\/\\\/www.vallonchene.fr\\\/remboursements_retours\\\/\"}}]}<\/script>\n<meta property=\"og:availability\" content=\"instock\" \/>\n<meta property=\"product:availability\" content=\"instock\" \/>\n<meta property=\"product:retailer_item_id\" content=\"29875\" \/>\n<meta property=\"product:condition\" content=\"new\" \/>\n<!-- \/ Yoast SEO Premium plugin. -->","yoast_head_json":{"title":"ROBINIA pseudoacacia 'Twisty Baby' - falsa acacia","description":"Esta falsa acacia es un \u00e1rbol llor\u00f3n magn\u00edfico. La ROBINIA pseudoacacia 'Twisty Baby' presenta un follaje rizado y una madera retorcida.","robots":{"index":"index","follow":"follow","max-snippet":"max-snippet:-1","max-image-preview":"max-image-preview:large","max-video-preview":"max-video-preview:-1"},"canonical":"https:\/\/www.vallonchene.fr\/es\/producto\/robinia-pseudoacacia-twisty-baby\/","og_locale":"es_ES","og_type":"article","og_title":"ROBINIA pseudoacacia 'Twisty Baby'","og_description":"Esta falsa acacia es un \u00e1rbol llor\u00f3n magn\u00edfico. La ROBINIA pseudoacacia 'Twisty Baby' presenta un follaje rizado y una madera retorcida.","og_url":"https:\/\/www.vallonchene.fr\/es\/producto\/robinia-pseudoacacia-twisty-baby\/","og_site_name":"Vallonch\u00eane","article_publisher":"https:\/\/www.facebook.com\/vallonchene.fr","og_image":[{"width":1024,"height":1024,"url":"https:\/\/www.vallonchene.fr\/wp-content\/uploads\/2024\/06\/ROBINIA-pseudoacacia-Twisty-Baby_02.webp","type":"image\/webp"}],"twitter_card":"summary_large_image","twitter_misc":{"Disponibilidad":"En stock"},"schema":{"@context":"https:\/\/schema.org","@graph":[{"@type":"WebPage","@id":"https:\/\/www.vallonchene.fr\/es\/producto\/robinia-pseudoacacia-twisty-baby\/","url":"https:\/\/www.vallonchene.fr\/es\/producto\/robinia-pseudoacacia-twisty-baby\/","name":"ROBINIA pseudoacacia 'Twisty Baby' - falsa acacia","isPartOf":{"@id":"https:\/\/www.vallonchene.fr\/es\/#website"},"primaryImageOfPage":{"@id":"https:\/\/www.vallonchene.fr\/es\/producto\/robinia-pseudoacacia-twisty-baby\/#primaryimage"},"image":{"@id":"https:\/\/www.vallonchene.fr\/es\/producto\/robinia-pseudoacacia-twisty-baby\/#primaryimage"},"thumbnailUrl":"https:\/\/www.vallonchene.fr\/wp-content\/uploads\/2024\/06\/ROBINIA-pseudoacacia-Twisty-Baby_02.webp","datePublished":"2021-09-15T17:52:09+00:00","description":"Esta falsa acacia es un \u00e1rbol llor\u00f3n magn\u00edfico. La ROBINIA pseudoacacia 'Twisty Baby' presenta un follaje rizado y una madera retorcida.","breadcrumb":{"@id":"https:\/\/www.vallonchene.fr\/es\/producto\/robinia-pseudoacacia-twisty-baby\/#breadcrumb"},"inLanguage":"es","potentialAction":[{"@type":"ReadAction","target":["https:\/\/www.vallonchene.fr\/es\/producto\/robinia-pseudoacacia-twisty-baby\/"]}]},{"@type":"ImageObject","inLanguage":"es","@id":"https:\/\/www.vallonchene.fr\/es\/producto\/robinia-pseudoacacia-twisty-baby\/#primaryimage","url":"https:\/\/www.vallonchene.fr\/wp-content\/uploads\/2024\/06\/ROBINIA-pseudoacacia-Twisty-Baby_02.webp","contentUrl":"https:\/\/www.vallonchene.fr\/wp-content\/uploads\/2024\/06\/ROBINIA-pseudoacacia-Twisty-Baby_02.webp","width":1024,"height":1024,"caption":"Un majestueux exemplaire du ROBINIA pseudoacacia 'Twisty Baby' dans le Jardin de Valerianes"},{"@type":"BreadcrumbList","@id":"https:\/\/www.vallonchene.fr\/es\/producto\/robinia-pseudoacacia-twisty-baby\/#breadcrumb","itemListElement":[{"@type":"ListItem","position":1,"name":"Home","item":"https:\/\/www.vallonchene.fr\/es\/"},{"@type":"ListItem","position":2,"name":"Tienda","item":"https:\/\/www.vallonchene.fr\/tienda\/"},{"@type":"ListItem","position":3,"name":"Venta en linea","item":"https:\/\/www.vallonchene.fr\/es\/categoria-producto\/venta-en-linea\/"},{"@type":"ListItem","position":4,"name":"Vivero","item":"https:\/\/www.vallonchene.fr\/es\/categoria-producto\/venta-en-linea\/vivero\/"},{"@type":"ListItem","position":5,"name":"Arbustos y \u00e1rboles","item":"https:\/\/www.vallonchene.fr\/es\/categoria-producto\/venta-en-linea\/vivero\/arbustos-y-arboles\/"},{"@type":"ListItem","position":6,"name":"ROBINIA pseudoacacia &#8216;Twisty Baby&#8217;"}]},{"@type":"WebSite","@id":"https:\/\/www.vallonchene.fr\/es\/#website","url":"https:\/\/www.vallonchene.fr\/es\/","name":"Vallonch\u00eane","description":"El vivero donde la calidad tiene sus ra\u00edces \u2013 Tel.: +33 (0)2.35.90.02.02","publisher":{"@id":"https:\/\/www.vallonchene.fr\/es\/#organization"},"potentialAction":[{"@type":"SearchAction","target":{"@type":"EntryPoint","urlTemplate":"https:\/\/www.vallonchene.fr\/es\/?s={search_term_string}"},"query-input":{"@type":"PropertyValueSpecification","valueRequired":true,"valueName":"search_term_string"}}],"inLanguage":"es"},{"@type":"Organization","@id":"https:\/\/www.vallonchene.fr\/es\/#organization","name":"VALLONCHENE","url":"https:\/\/www.vallonchene.fr\/es\/","logo":{"@type":"ImageObject","inLanguage":"es","@id":"https:\/\/www.vallonchene.fr\/es\/#\/schema\/logo\/image\/","url":"https:\/\/www.vallonchene.fr\/wp-content\/uploads\/2023\/03\/Logo-Vallonchene-site-et-R_hauteur_100.png","contentUrl":"https:\/\/www.vallonchene.fr\/wp-content\/uploads\/2023\/03\/Logo-Vallonchene-site-et-R_hauteur_100.png","width":221,"height":100,"caption":"VALLONCHENE"},"image":{"@id":"https:\/\/www.vallonchene.fr\/es\/#\/schema\/logo\/image\/"},"sameAs":["https:\/\/www.facebook.com\/vallonchene.fr","https:\/\/www.instagram.com\/vallonchene\/","https:\/\/www.pinterest.fr\/vallonchene\/"],"taxID":"49454502300017","hasMerchantReturnPolicy":{"@type":"MerchantReturnPolicy","merchantReturnLink":"https:\/\/www.vallonchene.fr\/remboursements_retours\/"}}]},"og_availability":"instock","product_availability":"instock","product_retailer_item_id":"29875","product_condition":"new"},"_links":{"self":[{"href":"https:\/\/www.vallonchene.fr\/es\/wp-json\/wp\/v2\/product\/50695","targetHints":{"allow":["GET"]}}],"collection":[{"href":"https:\/\/www.vallonchene.fr\/es\/wp-json\/wp\/v2\/product"}],"about":[{"href":"https:\/\/www.vallonchene.fr\/es\/wp-json\/wp\/v2\/types\/product"}],"replies":[{"embeddable":true,"href":"https:\/\/www.vallonchene.fr\/es\/wp-json\/wp\/v2\/comments?post=50695"}],"wp:featuredmedia":[{"embeddable":true,"href":"https:\/\/www.vallonchene.fr\/es\/wp-json\/wp\/v2\/media\/50696"}],"wp:attachment":[{"href":"https:\/\/www.vallonchene.fr\/es\/wp-json\/wp\/v2\/media?parent=50695"}],"wp:term":[{"taxonomy":"product_brand","embeddable":true,"href":"https:\/\/www.vallonchene.fr\/es\/wp-json\/wp\/v2\/product_brand?post=50695"},{"taxonomy":"product_cat","embeddable":true,"href":"https:\/\/www.vallonchene.fr\/es\/wp-json\/wp\/v2\/product_cat?post=50695"},{"taxonomy":"product_tag","embeddable":true,"href":"https:\/\/www.vallonchene.fr\/es\/wp-json\/wp\/v2\/product_tag?post=50695"}],"curies":[{"name":"wp","href":"https:\/\/api.w.org\/{rel}","templated":true}]}}